{"id":717,"date":"2018-05-07T16:06:48","date_gmt":"2018-05-07T14:06:48","guid":{"rendered":"https:\/\/web.umons.ac.be\/droit\/?page_id=717"},"modified":"2018-05-09T15:39:25","modified_gmt":"2018-05-09T13:39:25","slug":"reforme-des-institutions","status":"publish","type":"page","link":"https:\/\/web.umons.ac.be\/droit\/fr\/lecole-de-droit-bouge\/initiatives-pedagogiques\/laboratoire-democratique\/les-propositions\/reforme-des-institutions\/","title":{"rendered":"R\u00e9forme des institutions"},"content":{"rendered":"<p>Souvent, la complexit\u00e9 du syst\u00e8me institutionnel belge d\u00e9courage\u00a0 les r\u00e9flexions sur son \u00e9tat d\u00e9mocratique. Les \u00e9tudiant.e.s\u00a0 de l\u2019Ecole de droit ne se sont pas d\u00e9courag\u00e9s\u00a0pour autant !\u00a0 7 propositions s\u2019attaquent \u00e0 la r\u00e9forme des institutions en soufflant sur elles un vent de fra\u00eecheur\u00a0!<\/p>\n<start-cask-shortcode-wrapper><end-cask-shortcode-wrapper>\n","protected":false},"excerpt":{"rendered":"<p>Souvent, la complexit\u00e9 du syst\u00e8me institutionnel belge d\u00e9courage\u00a0 les r\u00e9flexions sur son \u00e9tat d\u00e9mocratique. Les \u00e9tudiant.e.s\u00a0 de l\u2019Ecole de droit ne se sont pas d\u00e9courag\u00e9s\u00a0pour autant !\u00a0 7 propositions s\u2019attaquent \u00e0 la r\u00e9forme des institutions en soufflant sur elles un vent de fra\u00eecheur\u00a0!<\/p>\n","protected":false},"author":2,"featured_media":0,"parent":709,"menu_order":4,"comment_status":"closed","ping_status":"closed","template":"","meta":{"footnotes":""},"class_list":["post-717","page","type-page","status-publish","hentry"],"yoast_head":"<!-- This site is optimized with the Yoast SEO plugin v27.2 - https:\/\/yoast.com\/product\/yoast-seo-wordpress\/ -->\n<title>R\u00e9forme des institutions - Ecole \/ DROIT<\/title>\n<meta name=\"robots\" content=\"index, follow, max-snippet:-1, max-image-preview:large, max-video-preview:-1\" \/>\n<link rel=\"canonical\" href=\"https:\/\/web.umons.ac.be\/droit\/fr\/lecole-de-droit-bouge\/initiatives-pedagogiques\/laboratoire-democratique\/les-propositions\/reforme-des-institutions\/\" \/>\n<meta property=\"og:locale\" content=\"fr_FR\" \/>\n<meta property=\"og:type\" content=\"article\" \/>\n<meta property=\"og:title\" content=\"R\u00e9forme des institutions - Ecole \/ DROIT\" \/>\n<meta property=\"og:description\" content=\"Souvent, la complexit\u00e9 du syst\u00e8me institutionnel belge d\u00e9courage\u00a0 les r\u00e9flexions sur son \u00e9tat d\u00e9mocratique. Les \u00e9tudiant.e.s\u00a0 de l\u2019Ecole de droit ne se sont pas d\u00e9courag\u00e9s\u00a0pour autant !\u00a0 7 propositions s\u2019attaquent \u00e0 la r\u00e9forme des institutions en soufflant sur elles un vent de fra\u00eecheur\u00a0!\" \/>\n<meta property=\"og:url\" content=\"https:\/\/web.umons.ac.be\/droit\/fr\/lecole-de-droit-bouge\/initiatives-pedagogiques\/laboratoire-democratique\/les-propositions\/reforme-des-institutions\/\" \/>\n<meta property=\"og:site_name\" content=\"Ecole \/ DROIT\" \/>\n<meta property=\"article:modified_time\" content=\"2018-05-09T13:39:25+00:00\" \/>\n<meta name=\"twitter:card\" content=\"summary_large_image\" \/>\n<script type=\"application\/ld+json\" class=\"yoast-schema-graph\">{\"@context\":\"https:\/\/schema.org\",\"@graph\":[{\"@type\":\"WebPage\",\"@id\":\"https:\/\/web.umons.ac.be\/droit\/fr\/lecole-de-droit-bouge\/initiatives-pedagogiques\/laboratoire-democratique\/les-propositions\/reforme-des-institutions\/\",\"url\":\"https:\/\/web.umons.ac.be\/droit\/fr\/lecole-de-droit-bouge\/initiatives-pedagogiques\/laboratoire-democratique\/les-propositions\/reforme-des-institutions\/\",\"name\":\"R\u00e9forme des institutions - Ecole \/ DROIT\",\"isPartOf\":{\"@id\":\"https:\/\/web.umons.ac.be\/droit\/#website\"},\"datePublished\":\"2018-05-07T14:06:48+00:00\",\"dateModified\":\"2018-05-09T13:39:25+00:00\",\"breadcrumb\":{\"@id\":\"https:\/\/web.umons.ac.be\/droit\/fr\/lecole-de-droit-bouge\/initiatives-pedagogiques\/laboratoire-democratique\/les-propositions\/reforme-des-institutions\/#breadcrumb\"},\"inLanguage\":\"fr-FR\",\"potentialAction\":[{\"@type\":\"ReadAction\",\"target\":[\"https:\/\/web.umons.ac.be\/droit\/fr\/lecole-de-droit-bouge\/initiatives-pedagogiques\/laboratoire-democratique\/les-propositions\/reforme-des-institutions\/\"]}]},{\"@type\":\"BreadcrumbList\",\"@id\":\"https:\/\/web.umons.ac.be\/droit\/fr\/lecole-de-droit-bouge\/initiatives-pedagogiques\/laboratoire-democratique\/les-propositions\/reforme-des-institutions\/#breadcrumb\",\"itemListElement\":[{\"@type\":\"ListItem\",\"position\":1,\"name\":\"Accueil\",\"item\":\"https:\/\/web.umons.ac.be\/droit\/\"},{\"@type\":\"ListItem\",\"position\":2,\"name\":\"L\u2019\u00c9cole de Droit bouge !\",\"item\":\"https:\/\/web.umons.ac.be\/droit\/fr\/lecole-de-droit-bouge\/\"},{\"@type\":\"ListItem\",\"position\":3,\"name\":\"Initiatives p\u00e9dagogiques\",\"item\":\"https:\/\/web.umons.ac.be\/droit\/fr\/lecole-de-droit-bouge\/initiatives-pedagogiques\/\"},{\"@type\":\"ListItem\",\"position\":4,\"name\":\"Laboratoire d\u00e9mocratique\",\"item\":\"https:\/\/web.umons.ac.be\/droit\/fr\/lecole-de-droit-bouge\/initiatives-pedagogiques\/laboratoire-democratique\/\"},{\"@type\":\"ListItem\",\"position\":5,\"name\":\"Les propositions\",\"item\":\"https:\/\/web.umons.ac.be\/droit\/fr\/lecole-de-droit-bouge\/initiatives-pedagogiques\/laboratoire-democratique\/les-propositions\/\"},{\"@type\":\"ListItem\",\"position\":6,\"name\":\"R\u00e9forme des institutions\"}]},{\"@type\":\"WebSite\",\"@id\":\"https:\/\/web.umons.ac.be\/droit\/#website\",\"url\":\"https:\/\/web.umons.ac.be\/droit\/\",\"name\":\"Ecole \/ DROIT\",\"description\":\"hgqdfjkghqdfjk\",\"potentialAction\":[{\"@type\":\"SearchAction\",\"target\":{\"@type\":\"EntryPoint\",\"urlTemplate\":\"https:\/\/web.umons.ac.be\/droit\/?s={search_term_string}\"},\"query-input\":{\"@type\":\"PropertyValueSpecification\",\"valueRequired\":true,\"valueName\":\"search_term_string\"}}],\"inLanguage\":\"fr-FR\"}]}<\/script>\n<!-- \/ Yoast SEO plugin. -->","yoast_head_json":{"title":"R\u00e9forme des institutions - Ecole \/ DROIT","robots":{"index":"index","follow":"follow","max-snippet":"max-snippet:-1","max-image-preview":"max-image-preview:large","max-video-preview":"max-video-preview:-1"},"canonical":"https:\/\/web.umons.ac.be\/droit\/fr\/lecole-de-droit-bouge\/initiatives-pedagogiques\/laboratoire-democratique\/les-propositions\/reforme-des-institutions\/","og_locale":"fr_FR","og_type":"article","og_title":"R\u00e9forme des institutions - Ecole \/ DROIT","og_description":"Souvent, la complexit\u00e9 du syst\u00e8me institutionnel belge d\u00e9courage\u00a0 les r\u00e9flexions sur son \u00e9tat d\u00e9mocratique. Les \u00e9tudiant.e.s\u00a0 de l\u2019Ecole de droit ne se sont pas d\u00e9courag\u00e9s\u00a0pour autant !\u00a0 7 propositions s\u2019attaquent \u00e0 la r\u00e9forme des institutions en soufflant sur elles un vent de fra\u00eecheur\u00a0!","og_url":"https:\/\/web.umons.ac.be\/droit\/fr\/lecole-de-droit-bouge\/initiatives-pedagogiques\/laboratoire-democratique\/les-propositions\/reforme-des-institutions\/","og_site_name":"Ecole \/ DROIT","article_modified_time":"2018-05-09T13:39:25+00:00","twitter_card":"summary_large_image","schema":{"@context":"https:\/\/schema.org","@graph":[{"@type":"WebPage","@id":"https:\/\/web.umons.ac.be\/droit\/fr\/lecole-de-droit-bouge\/initiatives-pedagogiques\/laboratoire-democratique\/les-propositions\/reforme-des-institutions\/","url":"https:\/\/web.umons.ac.be\/droit\/fr\/lecole-de-droit-bouge\/initiatives-pedagogiques\/laboratoire-democratique\/les-propositions\/reforme-des-institutions\/","name":"R\u00e9forme des institutions - Ecole \/ DROIT","isPartOf":{"@id":"https:\/\/web.umons.ac.be\/droit\/#website"},"datePublished":"2018-05-07T14:06:48+00:00","dateModified":"2018-05-09T13:39:25+00:00","breadcrumb":{"@id":"https:\/\/web.umons.ac.be\/droit\/fr\/lecole-de-droit-bouge\/initiatives-pedagogiques\/laboratoire-democratique\/les-propositions\/reforme-des-institutions\/#breadcrumb"},"inLanguage":"fr-FR","potentialAction":[{"@type":"ReadAction","target":["https:\/\/web.umons.ac.be\/droit\/fr\/lecole-de-droit-bouge\/initiatives-pedagogiques\/laboratoire-democratique\/les-propositions\/reforme-des-institutions\/"]}]},{"@type":"BreadcrumbList","@id":"https:\/\/web.umons.ac.be\/droit\/fr\/lecole-de-droit-bouge\/initiatives-pedagogiques\/laboratoire-democratique\/les-propositions\/reforme-des-institutions\/#breadcrumb","itemListElement":[{"@type":"ListItem","position":1,"name":"Accueil","item":"https:\/\/web.umons.ac.be\/droit\/"},{"@type":"ListItem","position":2,"name":"L\u2019\u00c9cole de Droit bouge !","item":"https:\/\/web.umons.ac.be\/droit\/fr\/lecole-de-droit-bouge\/"},{"@type":"ListItem","position":3,"name":"Initiatives p\u00e9dagogiques","item":"https:\/\/web.umons.ac.be\/droit\/fr\/lecole-de-droit-bouge\/initiatives-pedagogiques\/"},{"@type":"ListItem","position":4,"name":"Laboratoire d\u00e9mocratique","item":"https:\/\/web.umons.ac.be\/droit\/fr\/lecole-de-droit-bouge\/initiatives-pedagogiques\/laboratoire-democratique\/"},{"@type":"ListItem","position":5,"name":"Les propositions","item":"https:\/\/web.umons.ac.be\/droit\/fr\/lecole-de-droit-bouge\/initiatives-pedagogiques\/laboratoire-democratique\/les-propositions\/"},{"@type":"ListItem","position":6,"name":"R\u00e9forme des institutions"}]},{"@type":"WebSite","@id":"https:\/\/web.umons.ac.be\/droit\/#website","url":"https:\/\/web.umons.ac.be\/droit\/","name":"Ecole \/ DROIT","description":"hgqdfjkghqdfjk","potentialAction":[{"@type":"SearchAction","target":{"@type":"EntryPoint","urlTemplate":"https:\/\/web.umons.ac.be\/droit\/?s={search_term_string}"},"query-input":{"@type":"PropertyValueSpecification","valueRequired":true,"valueName":"search_term_string"}}],"inLanguage":"fr-FR"}]}},"lang":"fr","translations":{"fr":717},"pll_sync_post":[],"_links":{"self":[{"href":"https:\/\/web.umons.ac.be\/droit\/wp-json\/wp\/v2\/pages\/717","targetHints":{"allow":["GET"]}}],"collection":[{"href":"https:\/\/web.umons.ac.be\/droit\/wp-json\/wp\/v2\/pages"}],"about":[{"href":"https:\/\/web.umons.ac.be\/droit\/wp-json\/wp\/v2\/types\/page"}],"author":[{"embeddable":true,"href":"https:\/\/web.umons.ac.be\/droit\/wp-json\/wp\/v2\/users\/2"}],"replies":[{"embeddable":true,"href":"https:\/\/web.umons.ac.be\/droit\/wp-json\/wp\/v2\/comments?post=717"}],"version-history":[{"count":2,"href":"https:\/\/web.umons.ac.be\/droit\/wp-json\/wp\/v2\/pages\/717\/revisions"}],"predecessor-version":[{"id":755,"href":"https:\/\/web.umons.ac.be\/droit\/wp-json\/wp\/v2\/pages\/717\/revisions\/755"}],"up":[{"embeddable":true,"href":"https:\/\/web.umons.ac.be\/droit\/wp-json\/wp\/v2\/pages\/709"}],"wp:attachment":[{"href":"https:\/\/web.umons.ac.be\/droit\/wp-json\/wp\/v2\/media?parent=717"}],"curies":[{"name":"wp","href":"https:\/\/api.w.org\/{rel}","templated":true}]}}