{"id":861,"date":"2018-09-13T14:10:43","date_gmt":"2018-09-13T12:10:43","guid":{"rendered":"https:\/\/web.umons.ac.be\/droit\/?page_id=861"},"modified":"2018-09-14T15:33:39","modified_gmt":"2018-09-14T13:33:39","slug":"game-of-thrones-en-hainaut","status":"publish","type":"page","link":"https:\/\/web.umons.ac.be\/droit\/fr\/lecole-de-droit-bouge\/initiatives-pedagogiques\/game-of-thrones-en-hainaut\/","title":{"rendered":"Game of Thrones en Hainaut"},"content":{"rendered":"<p>En d\u00e9but d\u2019ann\u00e9e, les \u00e9tudiants de premi\u00e8re ann\u00e9e de l\u2019Ecole de Droit sont soumis \u00e0 un test : \u00e0 partir de photos, quel(s) personnage(s) historique(s) reconnaissent-ils ?<\/p>\n<p>Ils ont reconnu tout de suite Sansa Stark, h\u00e9ro\u00efne de la s\u00e9rie Game of Thrones. Mais pas Marie de Bourgogne, qui a accord\u00e9 aux Hennuyers en 1477 le Grand Privil\u00e8ge dont un des rares exemplaires est conserv\u00e9 aux Archives de Mons.<\/p>\n<p>Ils ont identifi\u00e9 Brienne de Thorn, chevali\u00e8re-lige de la s\u00e9rie Game of Thrones. Mais pas toujours Christine de Lalaing, d\u00e9fenderesse h\u00e9ro\u00efque de la ville de Tournai lors du si\u00e8ge par les troupes espagnoles en 1581.<\/p>\n<p>Pourquoi connaissons-nous mieux des acteurs hollywoodiens plut\u00f4t que les acteurs de notre pass\u00e9 ? Pourquoi se passionner pour Game of Thrones, et pas pour notre propre histoire ?<\/p>\n<p>A partir de ces interrogations, les \u00e9tudiants battent les routes du Hainaut \u00e0 la recherche des vestiges du pass\u00e9 qu\u2019ils c\u00f4toient au quotidien sans plus les voir. Ils partent \u00e0 la rencontre de ces h\u00e9ro\u00efnes et h\u00e9ros du pass\u00e9 qui ont forg\u00e9 notre histoire.<\/p>\n<p>Sur la base de leurs recherches, ils r\u00e9alisent leur premier travail \u00e9crit universitaire dans le cadre de leur cours en Histoire du Droit de premi\u00e8re ann\u00e9e de Bachelier en Droit. Sur ce site, ils pr\u00e9sentent les r\u00e9sultats de ce retour aux sources afin d\u2019en faire profiter la cit\u00e9.<\/p>\n<p>Pour peu qu\u2019on y (re)plonge le regard, l\u2019histoire du Hainaut est aussi passionnante qu\u2019une s\u00e9rie t\u00e9l\u00e9vis\u00e9e \u00e0 gros budget. Pour peu qu\u2019on s\u2019y attarde, nos vestiges rec\u00e8lent des tr\u00e9sors \u00e9blouissants. Pour peu qu\u2019on les suive pas \u00e0 pas, nos personnages historiques sont des formidables h\u00e9ros et h\u00e9ro\u00efnes, dignes de toutes les fictions.<\/p>\n<p>&nbsp;<\/p>\n<p>\u2026 Suivez les guides !<\/p>\n<p><iframe loading=\"lazy\" title=\"Game of Thrones en Hainaut\" width=\"500\" height=\"281\" src=\"https:\/\/www.youtube.com\/embed\/DmjoN9l2--E?feature=oembed\" frameborder=\"0\" allow=\"accelerometer; autoplay; clipboard-write; encrypted-media; gyroscope; picture-in-picture; web-share\" referrerpolicy=\"strict-origin-when-cross-origin\" allowfullscreen><\/iframe><\/p>\n<hr \/>\n<p><em>Projet d\u00e9velopp\u00e9 dans le cadre du cours d\u2019Histoire du Droit, 1\u00e8re ann\u00e9e du Bachelier en Droit : Anne-Emmanuelle Bourgaux (prof.), Lena Goessens (comm.), Margot Celli, H\u00e9l\u00e8ne Duffuler-Vialle, Chlo\u00e9 Leroy, Cl\u00e9ment Million, Aurore Joncret (ass.)<\/em><\/p>\n<hr \/>\n<p>\u00ab Game of Thrones en Hainaut \u00bb a contribu\u00e9 \u00e0 l\u2019obtention par l\u2019Ecole de Droit du <a href=\"https:\/\/web.umons.ac.be\/droit\/fr\/2018\/03\/27\/coup-double-lecole-de-droit-prix-conseil-de-lenseignement-2e-place-prix-de-linnovation-pedagogique\/\">2i\u00e8me Prix de l\u2019innovation p\u00e9dagogique<\/a> d\u00e9cern\u00e9 par l\u2019UMONS en 2018.<\/p>\n<p>&nbsp;<\/p>\n","protected":false},"excerpt":{"rendered":"<p>En d\u00e9but d\u2019ann\u00e9e, les \u00e9tudiants de premi\u00e8re ann\u00e9e de l\u2019Ecole de Droit sont soumis \u00e0 un test : \u00e0 partir de photos, quel(s) personnage(s) historique(s) reconnaissent-ils ? Ils ont reconnu tout de suite Sansa Stark, h\u00e9ro\u00efne de la s\u00e9rie Game of Thrones. Mais pas Marie de Bourgogne, qui a accord\u00e9 aux Hennuyers en 1477 le [&hellip;]<\/p>\n","protected":false},"author":2,"featured_media":0,"parent":701,"menu_order":2,"comment_status":"closed","ping_status":"closed","template":"","meta":{"footnotes":""},"class_list":["post-861","page","type-page","status-publish","hentry"],"yoast_head":"<!-- This site is optimized with the Yoast SEO plugin v27.2 - https:\/\/yoast.com\/product\/yoast-seo-wordpress\/ -->\n<title>Game of Thrones en Hainaut - Ecole \/ DROIT<\/title>\n<meta name=\"robots\" content=\"index, follow, max-snippet:-1, max-image-preview:large, max-video-preview:-1\" \/>\n<link rel=\"canonical\" href=\"https:\/\/web.umons.ac.be\/droit\/fr\/lecole-de-droit-bouge\/initiatives-pedagogiques\/game-of-thrones-en-hainaut\/\" \/>\n<meta property=\"og:locale\" content=\"fr_FR\" \/>\n<meta property=\"og:type\" content=\"article\" \/>\n<meta property=\"og:title\" content=\"Game of Thrones en Hainaut - Ecole \/ DROIT\" \/>\n<meta property=\"og:description\" content=\"En d\u00e9but d\u2019ann\u00e9e, les \u00e9tudiants de premi\u00e8re ann\u00e9e de l\u2019Ecole de Droit sont soumis \u00e0 un test : \u00e0 partir de photos, quel(s) personnage(s) historique(s) reconnaissent-ils ? Ils ont reconnu tout de suite Sansa Stark, h\u00e9ro\u00efne de la s\u00e9rie Game of Thrones. Mais pas Marie de Bourgogne, qui a accord\u00e9 aux Hennuyers en 1477 le [&hellip;]\" \/>\n<meta property=\"og:url\" content=\"https:\/\/web.umons.ac.be\/droit\/fr\/lecole-de-droit-bouge\/initiatives-pedagogiques\/game-of-thrones-en-hainaut\/\" \/>\n<meta property=\"og:site_name\" content=\"Ecole \/ DROIT\" \/>\n<meta property=\"article:modified_time\" content=\"2018-09-14T13:33:39+00:00\" \/>\n<meta name=\"twitter:card\" content=\"summary_large_image\" \/>\n<meta name=\"twitter:label1\" content=\"Dur\u00e9e de lecture estim\u00e9e\" \/>\n\t<meta name=\"twitter:data1\" content=\"2 minutes\" \/>\n<script type=\"application\/ld+json\" class=\"yoast-schema-graph\">{\"@context\":\"https:\/\/schema.org\",\"@graph\":[{\"@type\":\"WebPage\",\"@id\":\"https:\/\/web.umons.ac.be\/droit\/fr\/lecole-de-droit-bouge\/initiatives-pedagogiques\/game-of-thrones-en-hainaut\/\",\"url\":\"https:\/\/web.umons.ac.be\/droit\/fr\/lecole-de-droit-bouge\/initiatives-pedagogiques\/game-of-thrones-en-hainaut\/\",\"name\":\"Game of Thrones en Hainaut - Ecole \/ DROIT\",\"isPartOf\":{\"@id\":\"https:\/\/web.umons.ac.be\/droit\/#website\"},\"datePublished\":\"2018-09-13T12:10:43+00:00\",\"dateModified\":\"2018-09-14T13:33:39+00:00\",\"breadcrumb\":{\"@id\":\"https:\/\/web.umons.ac.be\/droit\/fr\/lecole-de-droit-bouge\/initiatives-pedagogiques\/game-of-thrones-en-hainaut\/#breadcrumb\"},\"inLanguage\":\"fr-FR\",\"potentialAction\":[{\"@type\":\"ReadAction\",\"target\":[\"https:\/\/web.umons.ac.be\/droit\/fr\/lecole-de-droit-bouge\/initiatives-pedagogiques\/game-of-thrones-en-hainaut\/\"]}]},{\"@type\":\"BreadcrumbList\",\"@id\":\"https:\/\/web.umons.ac.be\/droit\/fr\/lecole-de-droit-bouge\/initiatives-pedagogiques\/game-of-thrones-en-hainaut\/#breadcrumb\",\"itemListElement\":[{\"@type\":\"ListItem\",\"position\":1,\"name\":\"Accueil\",\"item\":\"https:\/\/web.umons.ac.be\/droit\/\"},{\"@type\":\"ListItem\",\"position\":2,\"name\":\"L\u2019\u00c9cole de Droit bouge !\",\"item\":\"https:\/\/web.umons.ac.be\/droit\/fr\/lecole-de-droit-bouge\/\"},{\"@type\":\"ListItem\",\"position\":3,\"name\":\"Initiatives p\u00e9dagogiques\",\"item\":\"https:\/\/web.umons.ac.be\/droit\/fr\/lecole-de-droit-bouge\/initiatives-pedagogiques\/\"},{\"@type\":\"ListItem\",\"position\":4,\"name\":\"Game of Thrones en Hainaut\"}]},{\"@type\":\"WebSite\",\"@id\":\"https:\/\/web.umons.ac.be\/droit\/#website\",\"url\":\"https:\/\/web.umons.ac.be\/droit\/\",\"name\":\"Ecole \/ DROIT\",\"description\":\"hgqdfjkghqdfjk\",\"potentialAction\":[{\"@type\":\"SearchAction\",\"target\":{\"@type\":\"EntryPoint\",\"urlTemplate\":\"https:\/\/web.umons.ac.be\/droit\/?s={search_term_string}\"},\"query-input\":{\"@type\":\"PropertyValueSpecification\",\"valueRequired\":true,\"valueName\":\"search_term_string\"}}],\"inLanguage\":\"fr-FR\"}]}<\/script>\n<!-- \/ Yoast SEO plugin. -->","yoast_head_json":{"title":"Game of Thrones en Hainaut - Ecole \/ DROIT","robots":{"index":"index","follow":"follow","max-snippet":"max-snippet:-1","max-image-preview":"max-image-preview:large","max-video-preview":"max-video-preview:-1"},"canonical":"https:\/\/web.umons.ac.be\/droit\/fr\/lecole-de-droit-bouge\/initiatives-pedagogiques\/game-of-thrones-en-hainaut\/","og_locale":"fr_FR","og_type":"article","og_title":"Game of Thrones en Hainaut - Ecole \/ DROIT","og_description":"En d\u00e9but d\u2019ann\u00e9e, les \u00e9tudiants de premi\u00e8re ann\u00e9e de l\u2019Ecole de Droit sont soumis \u00e0 un test : \u00e0 partir de photos, quel(s) personnage(s) historique(s) reconnaissent-ils ? Ils ont reconnu tout de suite Sansa Stark, h\u00e9ro\u00efne de la s\u00e9rie Game of Thrones. Mais pas Marie de Bourgogne, qui a accord\u00e9 aux Hennuyers en 1477 le [&hellip;]","og_url":"https:\/\/web.umons.ac.be\/droit\/fr\/lecole-de-droit-bouge\/initiatives-pedagogiques\/game-of-thrones-en-hainaut\/","og_site_name":"Ecole \/ DROIT","article_modified_time":"2018-09-14T13:33:39+00:00","twitter_card":"summary_large_image","twitter_misc":{"Dur\u00e9e de lecture estim\u00e9e":"2 minutes"},"schema":{"@context":"https:\/\/schema.org","@graph":[{"@type":"WebPage","@id":"https:\/\/web.umons.ac.be\/droit\/fr\/lecole-de-droit-bouge\/initiatives-pedagogiques\/game-of-thrones-en-hainaut\/","url":"https:\/\/web.umons.ac.be\/droit\/fr\/lecole-de-droit-bouge\/initiatives-pedagogiques\/game-of-thrones-en-hainaut\/","name":"Game of Thrones en Hainaut - Ecole \/ DROIT","isPartOf":{"@id":"https:\/\/web.umons.ac.be\/droit\/#website"},"datePublished":"2018-09-13T12:10:43+00:00","dateModified":"2018-09-14T13:33:39+00:00","breadcrumb":{"@id":"https:\/\/web.umons.ac.be\/droit\/fr\/lecole-de-droit-bouge\/initiatives-pedagogiques\/game-of-thrones-en-hainaut\/#breadcrumb"},"inLanguage":"fr-FR","potentialAction":[{"@type":"ReadAction","target":["https:\/\/web.umons.ac.be\/droit\/fr\/lecole-de-droit-bouge\/initiatives-pedagogiques\/game-of-thrones-en-hainaut\/"]}]},{"@type":"BreadcrumbList","@id":"https:\/\/web.umons.ac.be\/droit\/fr\/lecole-de-droit-bouge\/initiatives-pedagogiques\/game-of-thrones-en-hainaut\/#breadcrumb","itemListElement":[{"@type":"ListItem","position":1,"name":"Accueil","item":"https:\/\/web.umons.ac.be\/droit\/"},{"@type":"ListItem","position":2,"name":"L\u2019\u00c9cole de Droit bouge !","item":"https:\/\/web.umons.ac.be\/droit\/fr\/lecole-de-droit-bouge\/"},{"@type":"ListItem","position":3,"name":"Initiatives p\u00e9dagogiques","item":"https:\/\/web.umons.ac.be\/droit\/fr\/lecole-de-droit-bouge\/initiatives-pedagogiques\/"},{"@type":"ListItem","position":4,"name":"Game of Thrones en Hainaut"}]},{"@type":"WebSite","@id":"https:\/\/web.umons.ac.be\/droit\/#website","url":"https:\/\/web.umons.ac.be\/droit\/","name":"Ecole \/ DROIT","description":"hgqdfjkghqdfjk","potentialAction":[{"@type":"SearchAction","target":{"@type":"EntryPoint","urlTemplate":"https:\/\/web.umons.ac.be\/droit\/?s={search_term_string}"},"query-input":{"@type":"PropertyValueSpecification","valueRequired":true,"valueName":"search_term_string"}}],"inLanguage":"fr-FR"}]}},"lang":"fr","translations":{"fr":861},"pll_sync_post":[],"_links":{"self":[{"href":"https:\/\/web.umons.ac.be\/droit\/wp-json\/wp\/v2\/pages\/861","targetHints":{"allow":["GET"]}}],"collection":[{"href":"https:\/\/web.umons.ac.be\/droit\/wp-json\/wp\/v2\/pages"}],"about":[{"href":"https:\/\/web.umons.ac.be\/droit\/wp-json\/wp\/v2\/types\/page"}],"author":[{"embeddable":true,"href":"https:\/\/web.umons.ac.be\/droit\/wp-json\/wp\/v2\/users\/2"}],"replies":[{"embeddable":true,"href":"https:\/\/web.umons.ac.be\/droit\/wp-json\/wp\/v2\/comments?post=861"}],"version-history":[{"count":3,"href":"https:\/\/web.umons.ac.be\/droit\/wp-json\/wp\/v2\/pages\/861\/revisions"}],"predecessor-version":[{"id":867,"href":"https:\/\/web.umons.ac.be\/droit\/wp-json\/wp\/v2\/pages\/861\/revisions\/867"}],"up":[{"embeddable":true,"href":"https:\/\/web.umons.ac.be\/droit\/wp-json\/wp\/v2\/pages\/701"}],"wp:attachment":[{"href":"https:\/\/web.umons.ac.be\/droit\/wp-json\/wp\/v2\/media?parent=861"}],"curies":[{"name":"wp","href":"https:\/\/api.w.org\/{rel}","templated":true}]}}