{"id":915,"date":"2018-09-13T14:57:37","date_gmt":"2018-09-13T12:57:37","guid":{"rendered":"https:\/\/web.umons.ac.be\/droit\/?page_id=915"},"modified":"2018-09-17T09:14:39","modified_gmt":"2018-09-17T07:14:39","slug":"les-chateaux","status":"publish","type":"page","link":"https:\/\/web.umons.ac.be\/droit\/fr\/lecole-de-droit-bouge\/initiatives-pedagogiques\/game-of-thrones-en-hainaut\/saison-1\/les-chateaux\/","title":{"rendered":"Les ch\u00e2teaux"},"content":{"rendered":"<figure id=\"attachment_1091\" aria-describedby=\"caption-attachment-1091\" style=\"width: 1024px\" class=\"wp-caption aligncenter\"><a href=\"https:\/\/web.umons.ac.be\/app\/uploads\/sites\/7\/2018\/09\/Chateaux.jpg\"><img loading=\"lazy\" decoding=\"async\" class=\"size-large wp-image-1091\" src=\"https:\/\/web.umons.ac.be\/app\/uploads\/sites\/7\/2018\/09\/Chateaux-1024x487.jpg\" alt=\"\" width=\"1024\" height=\"487\" srcset=\"https:\/\/web.umons.ac.be\/app\/uploads\/sites\/7\/2018\/09\/Chateaux-1024x487.jpg 1024w, https:\/\/web.umons.ac.be\/app\/uploads\/sites\/7\/2018\/09\/Chateaux-300x143.jpg 300w, https:\/\/web.umons.ac.be\/app\/uploads\/sites\/7\/2018\/09\/Chateaux-768x366.jpg 768w, https:\/\/web.umons.ac.be\/app\/uploads\/sites\/7\/2018\/09\/Chateaux-1386x660.jpg 1386w, https:\/\/web.umons.ac.be\/app\/uploads\/sites\/7\/2018\/09\/Chateaux-30x14.jpg 30w, https:\/\/web.umons.ac.be\/app\/uploads\/sites\/7\/2018\/09\/Chateaux-60x29.jpg 60w, https:\/\/web.umons.ac.be\/app\/uploads\/sites\/7\/2018\/09\/Chateaux-360x171.jpg 360w, https:\/\/web.umons.ac.be\/app\/uploads\/sites\/7\/2018\/09\/Chateaux.jpg 1754w\" sizes=\"auto, (max-width: 1024px) 100vw, 1024px\" \/><\/a><figcaption id=\"caption-attachment-1091\" class=\"wp-caption-text\">L\u00e9gende<br \/>A gauche : Ch\u00e2teau Vivesaigues, R\u00e9gion du Conflans.<br \/>A droite : Ch\u00e2teau-fort, \u00c9caussinnes-Lalaing.<\/figcaption><\/figure>\n<p>&nbsp;<\/p>\n<p>Comme le Royaume des Cinq Couronnes de Game of Thrones, le Hainaut est une terre de ch\u00e2teaux. Forteresses montrant les crocs ou demeures de plaisance clignant de l\u2019\u0153il. Elanc\u00e9es vers les cieux ou alanguies dans les plaines. Superbement conserv\u00e9es ou malheureusement en ruine. Dans l\u2019histoire comme dans la s\u00e9rie, une constante : le ch\u00e2teau appartient \u00e0 celui qui gagne, au plus fort, \u00e0 l\u2019\u00e9lite. Les ch\u00e2teaux hennuyers sont donc les t\u00e9moins muets des rapports de force et de l\u2019\u00e9volution de la soci\u00e9t\u00e9 dans notre r\u00e9gion.<\/p>\n<p>Les \u00e9tudiants de l\u2019Ecole de Droit ont fait parler leurs pierres. Voici ce qu\u2019elles leur ont racont\u00e9\u2026<\/p>\n<hr \/>\n<start-cask-shortcode-wrapper><end-cask-shortcode-wrapper>\n","protected":false},"excerpt":{"rendered":"<p>&nbsp; Comme le Royaume des Cinq Couronnes de Game of Thrones, le Hainaut est une terre de ch\u00e2teaux. Forteresses montrant les crocs ou demeures de plaisance clignant de l\u2019\u0153il. Elanc\u00e9es vers les cieux ou alanguies dans les plaines. Superbement conserv\u00e9es ou malheureusement en ruine. Dans l\u2019histoire comme dans la s\u00e9rie, une constante : le ch\u00e2teau [&hellip;]<\/p>\n","protected":false},"author":2,"featured_media":0,"parent":868,"menu_order":2,"comment_status":"closed","ping_status":"closed","template":"","meta":{"footnotes":""},"class_list":["post-915","page","type-page","status-publish","hentry"],"yoast_head":"<!-- This site is optimized with the Yoast SEO plugin v27.2 - https:\/\/yoast.com\/product\/yoast-seo-wordpress\/ -->\n<title>Les ch\u00e2teaux - Ecole \/ DROIT<\/title>\n<meta name=\"robots\" content=\"index, follow, max-snippet:-1, max-image-preview:large, max-video-preview:-1\" \/>\n<link rel=\"canonical\" href=\"https:\/\/web.umons.ac.be\/droit\/fr\/lecole-de-droit-bouge\/initiatives-pedagogiques\/game-of-thrones-en-hainaut\/saison-1\/les-chateaux\/\" \/>\n<meta property=\"og:locale\" content=\"fr_FR\" \/>\n<meta property=\"og:type\" content=\"article\" \/>\n<meta property=\"og:title\" content=\"Les ch\u00e2teaux - Ecole \/ DROIT\" \/>\n<meta property=\"og:description\" content=\"&nbsp; Comme le Royaume des Cinq Couronnes de Game of Thrones, le Hainaut est une terre de ch\u00e2teaux. Forteresses montrant les crocs ou demeures de plaisance clignant de l\u2019\u0153il. Elanc\u00e9es vers les cieux ou alanguies dans les plaines. Superbement conserv\u00e9es ou malheureusement en ruine. Dans l\u2019histoire comme dans la s\u00e9rie, une constante : le ch\u00e2teau [&hellip;]\" \/>\n<meta property=\"og:url\" content=\"https:\/\/web.umons.ac.be\/droit\/fr\/lecole-de-droit-bouge\/initiatives-pedagogiques\/game-of-thrones-en-hainaut\/saison-1\/les-chateaux\/\" \/>\n<meta property=\"og:site_name\" content=\"Ecole \/ DROIT\" \/>\n<meta property=\"article:modified_time\" content=\"2018-09-17T07:14:39+00:00\" \/>\n<meta property=\"og:image\" content=\"https:\/\/web.umons.ac.be\/app\/uploads\/sites\/7\/2018\/09\/Chateaux-1024x487.jpg\" \/>\n<meta name=\"twitter:card\" content=\"summary_large_image\" \/>\n<meta name=\"twitter:label1\" content=\"Dur\u00e9e de lecture estim\u00e9e\" \/>\n\t<meta name=\"twitter:data1\" content=\"1 minute\" \/>\n<script type=\"application\/ld+json\" class=\"yoast-schema-graph\">{\"@context\":\"https:\/\/schema.org\",\"@graph\":[{\"@type\":\"WebPage\",\"@id\":\"https:\/\/web.umons.ac.be\/droit\/fr\/lecole-de-droit-bouge\/initiatives-pedagogiques\/game-of-thrones-en-hainaut\/saison-1\/les-chateaux\/\",\"url\":\"https:\/\/web.umons.ac.be\/droit\/fr\/lecole-de-droit-bouge\/initiatives-pedagogiques\/game-of-thrones-en-hainaut\/saison-1\/les-chateaux\/\",\"name\":\"Les ch\u00e2teaux - Ecole \/ DROIT\",\"isPartOf\":{\"@id\":\"https:\/\/web.umons.ac.be\/droit\/#website\"},\"primaryImageOfPage\":{\"@id\":\"https:\/\/web.umons.ac.be\/droit\/fr\/lecole-de-droit-bouge\/initiatives-pedagogiques\/game-of-thrones-en-hainaut\/saison-1\/les-chateaux\/#primaryimage\"},\"image\":{\"@id\":\"https:\/\/web.umons.ac.be\/droit\/fr\/lecole-de-droit-bouge\/initiatives-pedagogiques\/game-of-thrones-en-hainaut\/saison-1\/les-chateaux\/#primaryimage\"},\"thumbnailUrl\":\"https:\/\/web.umons.ac.be\/app\/uploads\/sites\/7\/2018\/09\/Chateaux-1024x487.jpg\",\"datePublished\":\"2018-09-13T12:57:37+00:00\",\"dateModified\":\"2018-09-17T07:14:39+00:00\",\"breadcrumb\":{\"@id\":\"https:\/\/web.umons.ac.be\/droit\/fr\/lecole-de-droit-bouge\/initiatives-pedagogiques\/game-of-thrones-en-hainaut\/saison-1\/les-chateaux\/#breadcrumb\"},\"inLanguage\":\"fr-FR\",\"potentialAction\":[{\"@type\":\"ReadAction\",\"target\":[\"https:\/\/web.umons.ac.be\/droit\/fr\/lecole-de-droit-bouge\/initiatives-pedagogiques\/game-of-thrones-en-hainaut\/saison-1\/les-chateaux\/\"]}]},{\"@type\":\"ImageObject\",\"inLanguage\":\"fr-FR\",\"@id\":\"https:\/\/web.umons.ac.be\/droit\/fr\/lecole-de-droit-bouge\/initiatives-pedagogiques\/game-of-thrones-en-hainaut\/saison-1\/les-chateaux\/#primaryimage\",\"url\":\"https:\/\/web.umons.ac.be\/app\/uploads\/sites\/7\/2018\/09\/Chateaux-1024x487.jpg\",\"contentUrl\":\"https:\/\/web.umons.ac.be\/app\/uploads\/sites\/7\/2018\/09\/Chateaux-1024x487.jpg\"},{\"@type\":\"BreadcrumbList\",\"@id\":\"https:\/\/web.umons.ac.be\/droit\/fr\/lecole-de-droit-bouge\/initiatives-pedagogiques\/game-of-thrones-en-hainaut\/saison-1\/les-chateaux\/#breadcrumb\",\"itemListElement\":[{\"@type\":\"ListItem\",\"position\":1,\"name\":\"Accueil\",\"item\":\"https:\/\/web.umons.ac.be\/droit\/\"},{\"@type\":\"ListItem\",\"position\":2,\"name\":\"L\u2019\u00c9cole de Droit bouge !\",\"item\":\"https:\/\/web.umons.ac.be\/droit\/fr\/lecole-de-droit-bouge\/\"},{\"@type\":\"ListItem\",\"position\":3,\"name\":\"Initiatives p\u00e9dagogiques\",\"item\":\"https:\/\/web.umons.ac.be\/droit\/fr\/lecole-de-droit-bouge\/initiatives-pedagogiques\/\"},{\"@type\":\"ListItem\",\"position\":4,\"name\":\"Game of Thrones en Hainaut\",\"item\":\"https:\/\/web.umons.ac.be\/droit\/fr\/lecole-de-droit-bouge\/initiatives-pedagogiques\/game-of-thrones-en-hainaut\/\"},{\"@type\":\"ListItem\",\"position\":5,\"name\":\"Saison 1\",\"item\":\"https:\/\/web.umons.ac.be\/droit\/fr\/lecole-de-droit-bouge\/initiatives-pedagogiques\/game-of-thrones-en-hainaut\/saison-1\/\"},{\"@type\":\"ListItem\",\"position\":6,\"name\":\"Les ch\u00e2teaux\"}]},{\"@type\":\"WebSite\",\"@id\":\"https:\/\/web.umons.ac.be\/droit\/#website\",\"url\":\"https:\/\/web.umons.ac.be\/droit\/\",\"name\":\"Ecole \/ DROIT\",\"description\":\"hgqdfjkghqdfjk\",\"potentialAction\":[{\"@type\":\"SearchAction\",\"target\":{\"@type\":\"EntryPoint\",\"urlTemplate\":\"https:\/\/web.umons.ac.be\/droit\/?s={search_term_string}\"},\"query-input\":{\"@type\":\"PropertyValueSpecification\",\"valueRequired\":true,\"valueName\":\"search_term_string\"}}],\"inLanguage\":\"fr-FR\"}]}<\/script>\n<!-- \/ Yoast SEO plugin. -->","yoast_head_json":{"title":"Les ch\u00e2teaux - Ecole \/ DROIT","robots":{"index":"index","follow":"follow","max-snippet":"max-snippet:-1","max-image-preview":"max-image-preview:large","max-video-preview":"max-video-preview:-1"},"canonical":"https:\/\/web.umons.ac.be\/droit\/fr\/lecole-de-droit-bouge\/initiatives-pedagogiques\/game-of-thrones-en-hainaut\/saison-1\/les-chateaux\/","og_locale":"fr_FR","og_type":"article","og_title":"Les ch\u00e2teaux - Ecole \/ DROIT","og_description":"&nbsp; Comme le Royaume des Cinq Couronnes de Game of Thrones, le Hainaut est une terre de ch\u00e2teaux. Forteresses montrant les crocs ou demeures de plaisance clignant de l\u2019\u0153il. Elanc\u00e9es vers les cieux ou alanguies dans les plaines. Superbement conserv\u00e9es ou malheureusement en ruine. Dans l\u2019histoire comme dans la s\u00e9rie, une constante : le ch\u00e2teau [&hellip;]","og_url":"https:\/\/web.umons.ac.be\/droit\/fr\/lecole-de-droit-bouge\/initiatives-pedagogiques\/game-of-thrones-en-hainaut\/saison-1\/les-chateaux\/","og_site_name":"Ecole \/ DROIT","article_modified_time":"2018-09-17T07:14:39+00:00","og_image":[{"url":"https:\/\/web.umons.ac.be\/app\/uploads\/sites\/7\/2018\/09\/Chateaux-1024x487.jpg","type":"","width":"","height":""}],"twitter_card":"summary_large_image","twitter_misc":{"Dur\u00e9e de lecture estim\u00e9e":"1 minute"},"schema":{"@context":"https:\/\/schema.org","@graph":[{"@type":"WebPage","@id":"https:\/\/web.umons.ac.be\/droit\/fr\/lecole-de-droit-bouge\/initiatives-pedagogiques\/game-of-thrones-en-hainaut\/saison-1\/les-chateaux\/","url":"https:\/\/web.umons.ac.be\/droit\/fr\/lecole-de-droit-bouge\/initiatives-pedagogiques\/game-of-thrones-en-hainaut\/saison-1\/les-chateaux\/","name":"Les ch\u00e2teaux - Ecole \/ DROIT","isPartOf":{"@id":"https:\/\/web.umons.ac.be\/droit\/#website"},"primaryImageOfPage":{"@id":"https:\/\/web.umons.ac.be\/droit\/fr\/lecole-de-droit-bouge\/initiatives-pedagogiques\/game-of-thrones-en-hainaut\/saison-1\/les-chateaux\/#primaryimage"},"image":{"@id":"https:\/\/web.umons.ac.be\/droit\/fr\/lecole-de-droit-bouge\/initiatives-pedagogiques\/game-of-thrones-en-hainaut\/saison-1\/les-chateaux\/#primaryimage"},"thumbnailUrl":"https:\/\/web.umons.ac.be\/app\/uploads\/sites\/7\/2018\/09\/Chateaux-1024x487.jpg","datePublished":"2018-09-13T12:57:37+00:00","dateModified":"2018-09-17T07:14:39+00:00","breadcrumb":{"@id":"https:\/\/web.umons.ac.be\/droit\/fr\/lecole-de-droit-bouge\/initiatives-pedagogiques\/game-of-thrones-en-hainaut\/saison-1\/les-chateaux\/#breadcrumb"},"inLanguage":"fr-FR","potentialAction":[{"@type":"ReadAction","target":["https:\/\/web.umons.ac.be\/droit\/fr\/lecole-de-droit-bouge\/initiatives-pedagogiques\/game-of-thrones-en-hainaut\/saison-1\/les-chateaux\/"]}]},{"@type":"ImageObject","inLanguage":"fr-FR","@id":"https:\/\/web.umons.ac.be\/droit\/fr\/lecole-de-droit-bouge\/initiatives-pedagogiques\/game-of-thrones-en-hainaut\/saison-1\/les-chateaux\/#primaryimage","url":"https:\/\/web.umons.ac.be\/app\/uploads\/sites\/7\/2018\/09\/Chateaux-1024x487.jpg","contentUrl":"https:\/\/web.umons.ac.be\/app\/uploads\/sites\/7\/2018\/09\/Chateaux-1024x487.jpg"},{"@type":"BreadcrumbList","@id":"https:\/\/web.umons.ac.be\/droit\/fr\/lecole-de-droit-bouge\/initiatives-pedagogiques\/game-of-thrones-en-hainaut\/saison-1\/les-chateaux\/#breadcrumb","itemListElement":[{"@type":"ListItem","position":1,"name":"Accueil","item":"https:\/\/web.umons.ac.be\/droit\/"},{"@type":"ListItem","position":2,"name":"L\u2019\u00c9cole de Droit bouge !","item":"https:\/\/web.umons.ac.be\/droit\/fr\/lecole-de-droit-bouge\/"},{"@type":"ListItem","position":3,"name":"Initiatives p\u00e9dagogiques","item":"https:\/\/web.umons.ac.be\/droit\/fr\/lecole-de-droit-bouge\/initiatives-pedagogiques\/"},{"@type":"ListItem","position":4,"name":"Game of Thrones en Hainaut","item":"https:\/\/web.umons.ac.be\/droit\/fr\/lecole-de-droit-bouge\/initiatives-pedagogiques\/game-of-thrones-en-hainaut\/"},{"@type":"ListItem","position":5,"name":"Saison 1","item":"https:\/\/web.umons.ac.be\/droit\/fr\/lecole-de-droit-bouge\/initiatives-pedagogiques\/game-of-thrones-en-hainaut\/saison-1\/"},{"@type":"ListItem","position":6,"name":"Les ch\u00e2teaux"}]},{"@type":"WebSite","@id":"https:\/\/web.umons.ac.be\/droit\/#website","url":"https:\/\/web.umons.ac.be\/droit\/","name":"Ecole \/ DROIT","description":"hgqdfjkghqdfjk","potentialAction":[{"@type":"SearchAction","target":{"@type":"EntryPoint","urlTemplate":"https:\/\/web.umons.ac.be\/droit\/?s={search_term_string}"},"query-input":{"@type":"PropertyValueSpecification","valueRequired":true,"valueName":"search_term_string"}}],"inLanguage":"fr-FR"}]}},"lang":"fr","translations":{"fr":915},"pll_sync_post":[],"_links":{"self":[{"href":"https:\/\/web.umons.ac.be\/droit\/wp-json\/wp\/v2\/pages\/915","targetHints":{"allow":["GET"]}}],"collection":[{"href":"https:\/\/web.umons.ac.be\/droit\/wp-json\/wp\/v2\/pages"}],"about":[{"href":"https:\/\/web.umons.ac.be\/droit\/wp-json\/wp\/v2\/types\/page"}],"author":[{"embeddable":true,"href":"https:\/\/web.umons.ac.be\/droit\/wp-json\/wp\/v2\/users\/2"}],"replies":[{"embeddable":true,"href":"https:\/\/web.umons.ac.be\/droit\/wp-json\/wp\/v2\/comments?post=915"}],"version-history":[{"count":5,"href":"https:\/\/web.umons.ac.be\/droit\/wp-json\/wp\/v2\/pages\/915\/revisions"}],"predecessor-version":[{"id":1092,"href":"https:\/\/web.umons.ac.be\/droit\/wp-json\/wp\/v2\/pages\/915\/revisions\/1092"}],"up":[{"embeddable":true,"href":"https:\/\/web.umons.ac.be\/droit\/wp-json\/wp\/v2\/pages\/868"}],"wp:attachment":[{"href":"https:\/\/web.umons.ac.be\/droit\/wp-json\/wp\/v2\/media?parent=915"}],"curies":[{"name":"wp","href":"https:\/\/api.w.org\/{rel}","templated":true}]}}