{"id":924,"date":"2018-09-13T15:07:53","date_gmt":"2018-09-13T13:07:53","guid":{"rendered":"https:\/\/web.umons.ac.be\/droit\/?page_id=924"},"modified":"2018-09-17T09:17:41","modified_gmt":"2018-09-17T07:17:41","slug":"les-abbayes","status":"publish","type":"page","link":"https:\/\/web.umons.ac.be\/droit\/fr\/lecole-de-droit-bouge\/initiatives-pedagogiques\/game-of-thrones-en-hainaut\/saison-1\/les-abbayes\/","title":{"rendered":"Les abbayes"},"content":{"rendered":"<figure id=\"attachment_1093\" aria-describedby=\"caption-attachment-1093\" style=\"width: 1024px\" class=\"wp-caption aligncenter\"><a href=\"https:\/\/web.umons.ac.be\/app\/uploads\/sites\/7\/2018\/09\/Abbayes.jpg\"><img loading=\"lazy\" decoding=\"async\" class=\"size-large wp-image-1093\" src=\"https:\/\/web.umons.ac.be\/app\/uploads\/sites\/7\/2018\/09\/Abbayes-1024x487.jpg\" alt=\"\" width=\"1024\" height=\"487\" srcset=\"https:\/\/web.umons.ac.be\/app\/uploads\/sites\/7\/2018\/09\/Abbayes-1024x487.jpg 1024w, https:\/\/web.umons.ac.be\/app\/uploads\/sites\/7\/2018\/09\/Abbayes-300x143.jpg 300w, https:\/\/web.umons.ac.be\/app\/uploads\/sites\/7\/2018\/09\/Abbayes-768x365.jpg 768w, https:\/\/web.umons.ac.be\/app\/uploads\/sites\/7\/2018\/09\/Abbayes-1389x660.jpg 1389w, https:\/\/web.umons.ac.be\/app\/uploads\/sites\/7\/2018\/09\/Abbayes-30x14.jpg 30w, https:\/\/web.umons.ac.be\/app\/uploads\/sites\/7\/2018\/09\/Abbayes-60x29.jpg 60w, https:\/\/web.umons.ac.be\/app\/uploads\/sites\/7\/2018\/09\/Abbayes-360x171.jpg 360w, https:\/\/web.umons.ac.be\/app\/uploads\/sites\/7\/2018\/09\/Abbayes.jpg 1763w\" sizes=\"auto, (max-width: 1024px) 100vw, 1024px\" \/><\/a><figcaption id=\"caption-attachment-1093\" class=\"wp-caption-text\">L\u00e9gende :<br \/>A gauche : Lieu de couronnement de Rob Stark, R\u00e9gion du Conflans.<br \/>A droite : Abbaye d\u2019Aulne, Landelies.<\/figcaption><\/figure>\n<p>&nbsp;<\/p>\n<p>Dans la s\u00e9rie Game of Thrones, les ruines m\u00e9lancoliques d\u2019anciennes abbayes se dessinent \u00e0 l\u2019horizon et se tordent dans la nature environnante. Certains \u00e9pisodes ont-ils \u00e9t\u00e9 tourn\u00e9s aux bords de la belle Abbaye d\u2019Aulne ou de la troublante Abbaye de Cambron ? En Hainaut, terre fertile et strat\u00e9gique, les abbayes ont \u00e9t\u00e9 nombreuses, riches et puissantes.<\/p>\n<p>Que disent-elles de notre histoire et de l\u2019\u00e9volution des institutions ?<\/p>\n<p>Pour le d\u00e9couvrir, c\u2019est par ici\u2026<\/p>\n<start-cask-shortcode-wrapper><end-cask-shortcode-wrapper>\n","protected":false},"excerpt":{"rendered":"<p>&nbsp; Dans la s\u00e9rie Game of Thrones, les ruines m\u00e9lancoliques d\u2019anciennes abbayes se dessinent \u00e0 l\u2019horizon et se tordent dans la nature environnante. Certains \u00e9pisodes ont-ils \u00e9t\u00e9 tourn\u00e9s aux bords de la belle Abbaye d\u2019Aulne ou de la troublante Abbaye de Cambron ? En Hainaut, terre fertile et strat\u00e9gique, les abbayes ont \u00e9t\u00e9 nombreuses, riches [&hellip;]<\/p>\n","protected":false},"author":2,"featured_media":0,"parent":868,"menu_order":3,"comment_status":"closed","ping_status":"closed","template":"","meta":{"footnotes":""},"class_list":["post-924","page","type-page","status-publish","hentry"],"yoast_head":"<!-- This site is optimized with the Yoast SEO plugin v27.2 - https:\/\/yoast.com\/product\/yoast-seo-wordpress\/ -->\n<title>Les abbayes - Ecole \/ DROIT<\/title>\n<meta name=\"robots\" content=\"index, follow, max-snippet:-1, max-image-preview:large, max-video-preview:-1\" \/>\n<link rel=\"canonical\" href=\"https:\/\/web.umons.ac.be\/droit\/fr\/lecole-de-droit-bouge\/initiatives-pedagogiques\/game-of-thrones-en-hainaut\/saison-1\/les-abbayes\/\" \/>\n<meta property=\"og:locale\" content=\"fr_FR\" \/>\n<meta property=\"og:type\" content=\"article\" \/>\n<meta property=\"og:title\" content=\"Les abbayes - Ecole \/ DROIT\" \/>\n<meta property=\"og:description\" content=\"&nbsp; Dans la s\u00e9rie Game of Thrones, les ruines m\u00e9lancoliques d\u2019anciennes abbayes se dessinent \u00e0 l\u2019horizon et se tordent dans la nature environnante. Certains \u00e9pisodes ont-ils \u00e9t\u00e9 tourn\u00e9s aux bords de la belle Abbaye d\u2019Aulne ou de la troublante Abbaye de Cambron ? En Hainaut, terre fertile et strat\u00e9gique, les abbayes ont \u00e9t\u00e9 nombreuses, riches [&hellip;]\" \/>\n<meta property=\"og:url\" content=\"https:\/\/web.umons.ac.be\/droit\/fr\/lecole-de-droit-bouge\/initiatives-pedagogiques\/game-of-thrones-en-hainaut\/saison-1\/les-abbayes\/\" \/>\n<meta property=\"og:site_name\" content=\"Ecole \/ DROIT\" \/>\n<meta property=\"article:modified_time\" content=\"2018-09-17T07:17:41+00:00\" \/>\n<meta property=\"og:image\" content=\"https:\/\/web.umons.ac.be\/app\/uploads\/sites\/7\/2018\/09\/Abbayes-1024x487.jpg\" \/>\n<meta name=\"twitter:card\" content=\"summary_large_image\" \/>\n<meta name=\"twitter:label1\" content=\"Dur\u00e9e de lecture estim\u00e9e\" \/>\n\t<meta name=\"twitter:data1\" content=\"1 minute\" \/>\n<script type=\"application\/ld+json\" class=\"yoast-schema-graph\">{\"@context\":\"https:\/\/schema.org\",\"@graph\":[{\"@type\":\"WebPage\",\"@id\":\"https:\/\/web.umons.ac.be\/droit\/fr\/lecole-de-droit-bouge\/initiatives-pedagogiques\/game-of-thrones-en-hainaut\/saison-1\/les-abbayes\/\",\"url\":\"https:\/\/web.umons.ac.be\/droit\/fr\/lecole-de-droit-bouge\/initiatives-pedagogiques\/game-of-thrones-en-hainaut\/saison-1\/les-abbayes\/\",\"name\":\"Les abbayes - Ecole \/ DROIT\",\"isPartOf\":{\"@id\":\"https:\/\/web.umons.ac.be\/droit\/#website\"},\"primaryImageOfPage\":{\"@id\":\"https:\/\/web.umons.ac.be\/droit\/fr\/lecole-de-droit-bouge\/initiatives-pedagogiques\/game-of-thrones-en-hainaut\/saison-1\/les-abbayes\/#primaryimage\"},\"image\":{\"@id\":\"https:\/\/web.umons.ac.be\/droit\/fr\/lecole-de-droit-bouge\/initiatives-pedagogiques\/game-of-thrones-en-hainaut\/saison-1\/les-abbayes\/#primaryimage\"},\"thumbnailUrl\":\"https:\/\/web.umons.ac.be\/app\/uploads\/sites\/7\/2018\/09\/Abbayes-1024x487.jpg\",\"datePublished\":\"2018-09-13T13:07:53+00:00\",\"dateModified\":\"2018-09-17T07:17:41+00:00\",\"breadcrumb\":{\"@id\":\"https:\/\/web.umons.ac.be\/droit\/fr\/lecole-de-droit-bouge\/initiatives-pedagogiques\/game-of-thrones-en-hainaut\/saison-1\/les-abbayes\/#breadcrumb\"},\"inLanguage\":\"fr-FR\",\"potentialAction\":[{\"@type\":\"ReadAction\",\"target\":[\"https:\/\/web.umons.ac.be\/droit\/fr\/lecole-de-droit-bouge\/initiatives-pedagogiques\/game-of-thrones-en-hainaut\/saison-1\/les-abbayes\/\"]}]},{\"@type\":\"ImageObject\",\"inLanguage\":\"fr-FR\",\"@id\":\"https:\/\/web.umons.ac.be\/droit\/fr\/lecole-de-droit-bouge\/initiatives-pedagogiques\/game-of-thrones-en-hainaut\/saison-1\/les-abbayes\/#primaryimage\",\"url\":\"https:\/\/web.umons.ac.be\/app\/uploads\/sites\/7\/2018\/09\/Abbayes-1024x487.jpg\",\"contentUrl\":\"https:\/\/web.umons.ac.be\/app\/uploads\/sites\/7\/2018\/09\/Abbayes-1024x487.jpg\"},{\"@type\":\"BreadcrumbList\",\"@id\":\"https:\/\/web.umons.ac.be\/droit\/fr\/lecole-de-droit-bouge\/initiatives-pedagogiques\/game-of-thrones-en-hainaut\/saison-1\/les-abbayes\/#breadcrumb\",\"itemListElement\":[{\"@type\":\"ListItem\",\"position\":1,\"name\":\"Accueil\",\"item\":\"https:\/\/web.umons.ac.be\/droit\/\"},{\"@type\":\"ListItem\",\"position\":2,\"name\":\"L\u2019\u00c9cole de Droit bouge !\",\"item\":\"https:\/\/web.umons.ac.be\/droit\/fr\/lecole-de-droit-bouge\/\"},{\"@type\":\"ListItem\",\"position\":3,\"name\":\"Initiatives p\u00e9dagogiques\",\"item\":\"https:\/\/web.umons.ac.be\/droit\/fr\/lecole-de-droit-bouge\/initiatives-pedagogiques\/\"},{\"@type\":\"ListItem\",\"position\":4,\"name\":\"Game of Thrones en Hainaut\",\"item\":\"https:\/\/web.umons.ac.be\/droit\/fr\/lecole-de-droit-bouge\/initiatives-pedagogiques\/game-of-thrones-en-hainaut\/\"},{\"@type\":\"ListItem\",\"position\":5,\"name\":\"Saison 1\",\"item\":\"https:\/\/web.umons.ac.be\/droit\/fr\/lecole-de-droit-bouge\/initiatives-pedagogiques\/game-of-thrones-en-hainaut\/saison-1\/\"},{\"@type\":\"ListItem\",\"position\":6,\"name\":\"Les abbayes\"}]},{\"@type\":\"WebSite\",\"@id\":\"https:\/\/web.umons.ac.be\/droit\/#website\",\"url\":\"https:\/\/web.umons.ac.be\/droit\/\",\"name\":\"Ecole \/ DROIT\",\"description\":\"hgqdfjkghqdfjk\",\"potentialAction\":[{\"@type\":\"SearchAction\",\"target\":{\"@type\":\"EntryPoint\",\"urlTemplate\":\"https:\/\/web.umons.ac.be\/droit\/?s={search_term_string}\"},\"query-input\":{\"@type\":\"PropertyValueSpecification\",\"valueRequired\":true,\"valueName\":\"search_term_string\"}}],\"inLanguage\":\"fr-FR\"}]}<\/script>\n<!-- \/ Yoast SEO plugin. -->","yoast_head_json":{"title":"Les abbayes - Ecole \/ DROIT","robots":{"index":"index","follow":"follow","max-snippet":"max-snippet:-1","max-image-preview":"max-image-preview:large","max-video-preview":"max-video-preview:-1"},"canonical":"https:\/\/web.umons.ac.be\/droit\/fr\/lecole-de-droit-bouge\/initiatives-pedagogiques\/game-of-thrones-en-hainaut\/saison-1\/les-abbayes\/","og_locale":"fr_FR","og_type":"article","og_title":"Les abbayes - Ecole \/ DROIT","og_description":"&nbsp; Dans la s\u00e9rie Game of Thrones, les ruines m\u00e9lancoliques d\u2019anciennes abbayes se dessinent \u00e0 l\u2019horizon et se tordent dans la nature environnante. Certains \u00e9pisodes ont-ils \u00e9t\u00e9 tourn\u00e9s aux bords de la belle Abbaye d\u2019Aulne ou de la troublante Abbaye de Cambron ? En Hainaut, terre fertile et strat\u00e9gique, les abbayes ont \u00e9t\u00e9 nombreuses, riches [&hellip;]","og_url":"https:\/\/web.umons.ac.be\/droit\/fr\/lecole-de-droit-bouge\/initiatives-pedagogiques\/game-of-thrones-en-hainaut\/saison-1\/les-abbayes\/","og_site_name":"Ecole \/ DROIT","article_modified_time":"2018-09-17T07:17:41+00:00","og_image":[{"url":"https:\/\/web.umons.ac.be\/app\/uploads\/sites\/7\/2018\/09\/Abbayes-1024x487.jpg","type":"","width":"","height":""}],"twitter_card":"summary_large_image","twitter_misc":{"Dur\u00e9e de lecture estim\u00e9e":"1 minute"},"schema":{"@context":"https:\/\/schema.org","@graph":[{"@type":"WebPage","@id":"https:\/\/web.umons.ac.be\/droit\/fr\/lecole-de-droit-bouge\/initiatives-pedagogiques\/game-of-thrones-en-hainaut\/saison-1\/les-abbayes\/","url":"https:\/\/web.umons.ac.be\/droit\/fr\/lecole-de-droit-bouge\/initiatives-pedagogiques\/game-of-thrones-en-hainaut\/saison-1\/les-abbayes\/","name":"Les abbayes - Ecole \/ DROIT","isPartOf":{"@id":"https:\/\/web.umons.ac.be\/droit\/#website"},"primaryImageOfPage":{"@id":"https:\/\/web.umons.ac.be\/droit\/fr\/lecole-de-droit-bouge\/initiatives-pedagogiques\/game-of-thrones-en-hainaut\/saison-1\/les-abbayes\/#primaryimage"},"image":{"@id":"https:\/\/web.umons.ac.be\/droit\/fr\/lecole-de-droit-bouge\/initiatives-pedagogiques\/game-of-thrones-en-hainaut\/saison-1\/les-abbayes\/#primaryimage"},"thumbnailUrl":"https:\/\/web.umons.ac.be\/app\/uploads\/sites\/7\/2018\/09\/Abbayes-1024x487.jpg","datePublished":"2018-09-13T13:07:53+00:00","dateModified":"2018-09-17T07:17:41+00:00","breadcrumb":{"@id":"https:\/\/web.umons.ac.be\/droit\/fr\/lecole-de-droit-bouge\/initiatives-pedagogiques\/game-of-thrones-en-hainaut\/saison-1\/les-abbayes\/#breadcrumb"},"inLanguage":"fr-FR","potentialAction":[{"@type":"ReadAction","target":["https:\/\/web.umons.ac.be\/droit\/fr\/lecole-de-droit-bouge\/initiatives-pedagogiques\/game-of-thrones-en-hainaut\/saison-1\/les-abbayes\/"]}]},{"@type":"ImageObject","inLanguage":"fr-FR","@id":"https:\/\/web.umons.ac.be\/droit\/fr\/lecole-de-droit-bouge\/initiatives-pedagogiques\/game-of-thrones-en-hainaut\/saison-1\/les-abbayes\/#primaryimage","url":"https:\/\/web.umons.ac.be\/app\/uploads\/sites\/7\/2018\/09\/Abbayes-1024x487.jpg","contentUrl":"https:\/\/web.umons.ac.be\/app\/uploads\/sites\/7\/2018\/09\/Abbayes-1024x487.jpg"},{"@type":"BreadcrumbList","@id":"https:\/\/web.umons.ac.be\/droit\/fr\/lecole-de-droit-bouge\/initiatives-pedagogiques\/game-of-thrones-en-hainaut\/saison-1\/les-abbayes\/#breadcrumb","itemListElement":[{"@type":"ListItem","position":1,"name":"Accueil","item":"https:\/\/web.umons.ac.be\/droit\/"},{"@type":"ListItem","position":2,"name":"L\u2019\u00c9cole de Droit bouge !","item":"https:\/\/web.umons.ac.be\/droit\/fr\/lecole-de-droit-bouge\/"},{"@type":"ListItem","position":3,"name":"Initiatives p\u00e9dagogiques","item":"https:\/\/web.umons.ac.be\/droit\/fr\/lecole-de-droit-bouge\/initiatives-pedagogiques\/"},{"@type":"ListItem","position":4,"name":"Game of Thrones en Hainaut","item":"https:\/\/web.umons.ac.be\/droit\/fr\/lecole-de-droit-bouge\/initiatives-pedagogiques\/game-of-thrones-en-hainaut\/"},{"@type":"ListItem","position":5,"name":"Saison 1","item":"https:\/\/web.umons.ac.be\/droit\/fr\/lecole-de-droit-bouge\/initiatives-pedagogiques\/game-of-thrones-en-hainaut\/saison-1\/"},{"@type":"ListItem","position":6,"name":"Les abbayes"}]},{"@type":"WebSite","@id":"https:\/\/web.umons.ac.be\/droit\/#website","url":"https:\/\/web.umons.ac.be\/droit\/","name":"Ecole \/ DROIT","description":"hgqdfjkghqdfjk","potentialAction":[{"@type":"SearchAction","target":{"@type":"EntryPoint","urlTemplate":"https:\/\/web.umons.ac.be\/droit\/?s={search_term_string}"},"query-input":{"@type":"PropertyValueSpecification","valueRequired":true,"valueName":"search_term_string"}}],"inLanguage":"fr-FR"}]}},"lang":"fr","translations":{"fr":924},"pll_sync_post":[],"_links":{"self":[{"href":"https:\/\/web.umons.ac.be\/droit\/wp-json\/wp\/v2\/pages\/924","targetHints":{"allow":["GET"]}}],"collection":[{"href":"https:\/\/web.umons.ac.be\/droit\/wp-json\/wp\/v2\/pages"}],"about":[{"href":"https:\/\/web.umons.ac.be\/droit\/wp-json\/wp\/v2\/types\/page"}],"author":[{"embeddable":true,"href":"https:\/\/web.umons.ac.be\/droit\/wp-json\/wp\/v2\/users\/2"}],"replies":[{"embeddable":true,"href":"https:\/\/web.umons.ac.be\/droit\/wp-json\/wp\/v2\/comments?post=924"}],"version-history":[{"count":4,"href":"https:\/\/web.umons.ac.be\/droit\/wp-json\/wp\/v2\/pages\/924\/revisions"}],"predecessor-version":[{"id":1094,"href":"https:\/\/web.umons.ac.be\/droit\/wp-json\/wp\/v2\/pages\/924\/revisions\/1094"}],"up":[{"embeddable":true,"href":"https:\/\/web.umons.ac.be\/droit\/wp-json\/wp\/v2\/pages\/868"}],"wp:attachment":[{"href":"https:\/\/web.umons.ac.be\/droit\/wp-json\/wp\/v2\/media?parent=924"}],"curies":[{"name":"wp","href":"https:\/\/api.w.org\/{rel}","templated":true}]}}