{"id":953,"date":"2018-09-13T16:00:49","date_gmt":"2018-09-13T14:00:49","guid":{"rendered":"https:\/\/web.umons.ac.be\/droit\/?page_id=953"},"modified":"2018-09-17T09:21:38","modified_gmt":"2018-09-17T07:21:38","slug":"les-sorcieres-et-les-saintes","status":"publish","type":"page","link":"https:\/\/web.umons.ac.be\/droit\/fr\/lecole-de-droit-bouge\/initiatives-pedagogiques\/game-of-thrones-en-hainaut\/saison-1\/les-sorcieres-et-les-saintes\/","title":{"rendered":"Les sorci\u00e8res et les saintes"},"content":{"rendered":"<figure id=\"attachment_1097\" aria-describedby=\"caption-attachment-1097\" style=\"width: 1024px\" class=\"wp-caption aligncenter\"><a href=\"https:\/\/web.umons.ac.be\/app\/uploads\/sites\/7\/2018\/09\/Sorci\u00e8res-et-saintes.jpg\"><img loading=\"lazy\" decoding=\"async\" class=\"size-large wp-image-1097\" src=\"https:\/\/web.umons.ac.be\/app\/uploads\/sites\/7\/2018\/09\/Sorci\u00e8res-et-saintes-1024x486.jpg\" alt=\"\" width=\"1024\" height=\"486\" srcset=\"https:\/\/web.umons.ac.be\/app\/uploads\/sites\/7\/2018\/09\/Sorci\u00e8res-et-saintes-1024x486.jpg 1024w, https:\/\/web.umons.ac.be\/app\/uploads\/sites\/7\/2018\/09\/Sorci\u00e8res-et-saintes-300x143.jpg 300w, https:\/\/web.umons.ac.be\/app\/uploads\/sites\/7\/2018\/09\/Sorci\u00e8res-et-saintes-768x365.jpg 768w, https:\/\/web.umons.ac.be\/app\/uploads\/sites\/7\/2018\/09\/Sorci\u00e8res-et-saintes-1389x660.jpg 1389w, https:\/\/web.umons.ac.be\/app\/uploads\/sites\/7\/2018\/09\/Sorci\u00e8res-et-saintes-30x14.jpg 30w, https:\/\/web.umons.ac.be\/app\/uploads\/sites\/7\/2018\/09\/Sorci\u00e8res-et-saintes-60x29.jpg 60w, https:\/\/web.umons.ac.be\/app\/uploads\/sites\/7\/2018\/09\/Sorci\u00e8res-et-saintes-360x171.jpg 360w, https:\/\/web.umons.ac.be\/app\/uploads\/sites\/7\/2018\/09\/Sorci\u00e8res-et-saintes.jpg 1762w\" sizes=\"auto, (max-width: 1024px) 100vw, 1024px\" \/><\/a><figcaption id=\"caption-attachment-1097\" class=\"wp-caption-text\">L\u00e9gende :<br \/>A gauche : Ex\u00e9cution de Shireen par la Pr\u00eatresse Rouge M\u00e9lisandre, Ch\u00e2teau Noir.<br \/>A droite : Ex\u00e9cution d\u2019un sorcier en 1611, Lille.<\/figcaption><\/figure>\n<p>&nbsp;<\/p>\n<p>Comme dans la s\u00e9rie Game of Thrones, le Hainaut a connu le b\u00fbcher. Qui se souvient des nombreux sorciers et surtout sorci\u00e8res br\u00fbl\u00e9s sur la Grand-Place de Mons ? De l\u2019autre c\u00f4t\u00e9 de l\u2019\u00e9chiquier, les saintes \u00e9chappent aux flammes. Mais dans l\u2019adoration comme dans la diabolisation, elles t\u00e9moignent aussi du manich\u00e9isme et de l\u2019intol\u00e9rance qui caract\u00e9risent une soci\u00e9t\u00e9 domin\u00e9e par la religion. Et de la difficult\u00e9, pour les femmes, d\u2019y trouver place.<\/p>\n<start-cask-shortcode-wrapper><end-cask-shortcode-wrapper>\n","protected":false},"excerpt":{"rendered":"<p>&nbsp; Comme dans la s\u00e9rie Game of Thrones, le Hainaut a connu le b\u00fbcher. Qui se souvient des nombreux sorciers et surtout sorci\u00e8res br\u00fbl\u00e9s sur la Grand-Place de Mons ? De l\u2019autre c\u00f4t\u00e9 de l\u2019\u00e9chiquier, les saintes \u00e9chappent aux flammes. Mais dans l\u2019adoration comme dans la diabolisation, elles t\u00e9moignent aussi du manich\u00e9isme et de l\u2019intol\u00e9rance [&hellip;]<\/p>\n","protected":false},"author":2,"featured_media":0,"parent":868,"menu_order":5,"comment_status":"closed","ping_status":"closed","template":"","meta":{"footnotes":""},"class_list":["post-953","page","type-page","status-publish","hentry"],"yoast_head":"<!-- This site is optimized with the Yoast SEO plugin v27.2 - https:\/\/yoast.com\/product\/yoast-seo-wordpress\/ -->\n<title>Les sorci\u00e8res et les saintes - Ecole \/ DROIT<\/title>\n<meta name=\"robots\" content=\"index, follow, max-snippet:-1, max-image-preview:large, max-video-preview:-1\" \/>\n<link rel=\"canonical\" href=\"https:\/\/web.umons.ac.be\/droit\/fr\/lecole-de-droit-bouge\/initiatives-pedagogiques\/game-of-thrones-en-hainaut\/saison-1\/les-sorcieres-et-les-saintes\/\" \/>\n<meta property=\"og:locale\" content=\"fr_FR\" \/>\n<meta property=\"og:type\" content=\"article\" \/>\n<meta property=\"og:title\" content=\"Les sorci\u00e8res et les saintes - Ecole \/ DROIT\" \/>\n<meta property=\"og:description\" content=\"&nbsp; Comme dans la s\u00e9rie Game of Thrones, le Hainaut a connu le b\u00fbcher. Qui se souvient des nombreux sorciers et surtout sorci\u00e8res br\u00fbl\u00e9s sur la Grand-Place de Mons ? De l\u2019autre c\u00f4t\u00e9 de l\u2019\u00e9chiquier, les saintes \u00e9chappent aux flammes. Mais dans l\u2019adoration comme dans la diabolisation, elles t\u00e9moignent aussi du manich\u00e9isme et de l\u2019intol\u00e9rance [&hellip;]\" \/>\n<meta property=\"og:url\" content=\"https:\/\/web.umons.ac.be\/droit\/fr\/lecole-de-droit-bouge\/initiatives-pedagogiques\/game-of-thrones-en-hainaut\/saison-1\/les-sorcieres-et-les-saintes\/\" \/>\n<meta property=\"og:site_name\" content=\"Ecole \/ DROIT\" \/>\n<meta property=\"article:modified_time\" content=\"2018-09-17T07:21:38+00:00\" \/>\n<meta property=\"og:image\" content=\"https:\/\/web.umons.ac.be\/app\/uploads\/sites\/7\/2018\/09\/Sorci\u00e8res-et-saintes-1024x486.jpg\" \/>\n<meta name=\"twitter:card\" content=\"summary_large_image\" \/>\n<meta name=\"twitter:label1\" content=\"Dur\u00e9e de lecture estim\u00e9e\" \/>\n\t<meta name=\"twitter:data1\" content=\"1 minute\" \/>\n<script type=\"application\/ld+json\" class=\"yoast-schema-graph\">{\"@context\":\"https:\/\/schema.org\",\"@graph\":[{\"@type\":\"WebPage\",\"@id\":\"https:\/\/web.umons.ac.be\/droit\/fr\/lecole-de-droit-bouge\/initiatives-pedagogiques\/game-of-thrones-en-hainaut\/saison-1\/les-sorcieres-et-les-saintes\/\",\"url\":\"https:\/\/web.umons.ac.be\/droit\/fr\/lecole-de-droit-bouge\/initiatives-pedagogiques\/game-of-thrones-en-hainaut\/saison-1\/les-sorcieres-et-les-saintes\/\",\"name\":\"Les sorci\u00e8res et les saintes - Ecole \/ DROIT\",\"isPartOf\":{\"@id\":\"https:\/\/web.umons.ac.be\/droit\/#website\"},\"datePublished\":\"2018-09-13T14:00:49+00:00\",\"dateModified\":\"2018-09-17T07:21:38+00:00\",\"breadcrumb\":{\"@id\":\"https:\/\/web.umons.ac.be\/droit\/fr\/lecole-de-droit-bouge\/initiatives-pedagogiques\/game-of-thrones-en-hainaut\/saison-1\/les-sorcieres-et-les-saintes\/#breadcrumb\"},\"inLanguage\":\"fr-FR\",\"potentialAction\":[{\"@type\":\"ReadAction\",\"target\":[\"https:\/\/web.umons.ac.be\/droit\/fr\/lecole-de-droit-bouge\/initiatives-pedagogiques\/game-of-thrones-en-hainaut\/saison-1\/les-sorcieres-et-les-saintes\/\"]}]},{\"@type\":\"BreadcrumbList\",\"@id\":\"https:\/\/web.umons.ac.be\/droit\/fr\/lecole-de-droit-bouge\/initiatives-pedagogiques\/game-of-thrones-en-hainaut\/saison-1\/les-sorcieres-et-les-saintes\/#breadcrumb\",\"itemListElement\":[{\"@type\":\"ListItem\",\"position\":1,\"name\":\"Accueil\",\"item\":\"https:\/\/web.umons.ac.be\/droit\/\"},{\"@type\":\"ListItem\",\"position\":2,\"name\":\"L\u2019\u00c9cole de Droit bouge !\",\"item\":\"https:\/\/web.umons.ac.be\/droit\/fr\/lecole-de-droit-bouge\/\"},{\"@type\":\"ListItem\",\"position\":3,\"name\":\"Initiatives p\u00e9dagogiques\",\"item\":\"https:\/\/web.umons.ac.be\/droit\/fr\/lecole-de-droit-bouge\/initiatives-pedagogiques\/\"},{\"@type\":\"ListItem\",\"position\":4,\"name\":\"Game of Thrones en Hainaut\",\"item\":\"https:\/\/web.umons.ac.be\/droit\/fr\/lecole-de-droit-bouge\/initiatives-pedagogiques\/game-of-thrones-en-hainaut\/\"},{\"@type\":\"ListItem\",\"position\":5,\"name\":\"Saison 1\",\"item\":\"https:\/\/web.umons.ac.be\/droit\/fr\/lecole-de-droit-bouge\/initiatives-pedagogiques\/game-of-thrones-en-hainaut\/saison-1\/\"},{\"@type\":\"ListItem\",\"position\":6,\"name\":\"Les sorci\u00e8res et les saintes\"}]},{\"@type\":\"WebSite\",\"@id\":\"https:\/\/web.umons.ac.be\/droit\/#website\",\"url\":\"https:\/\/web.umons.ac.be\/droit\/\",\"name\":\"Ecole \/ DROIT\",\"description\":\"hgqdfjkghqdfjk\",\"potentialAction\":[{\"@type\":\"SearchAction\",\"target\":{\"@type\":\"EntryPoint\",\"urlTemplate\":\"https:\/\/web.umons.ac.be\/droit\/?s={search_term_string}\"},\"query-input\":{\"@type\":\"PropertyValueSpecification\",\"valueRequired\":true,\"valueName\":\"search_term_string\"}}],\"inLanguage\":\"fr-FR\"}]}<\/script>\n<!-- \/ Yoast SEO plugin. -->","yoast_head_json":{"title":"Les sorci\u00e8res et les saintes - Ecole \/ DROIT","robots":{"index":"index","follow":"follow","max-snippet":"max-snippet:-1","max-image-preview":"max-image-preview:large","max-video-preview":"max-video-preview:-1"},"canonical":"https:\/\/web.umons.ac.be\/droit\/fr\/lecole-de-droit-bouge\/initiatives-pedagogiques\/game-of-thrones-en-hainaut\/saison-1\/les-sorcieres-et-les-saintes\/","og_locale":"fr_FR","og_type":"article","og_title":"Les sorci\u00e8res et les saintes - Ecole \/ DROIT","og_description":"&nbsp; Comme dans la s\u00e9rie Game of Thrones, le Hainaut a connu le b\u00fbcher. Qui se souvient des nombreux sorciers et surtout sorci\u00e8res br\u00fbl\u00e9s sur la Grand-Place de Mons ? De l\u2019autre c\u00f4t\u00e9 de l\u2019\u00e9chiquier, les saintes \u00e9chappent aux flammes. Mais dans l\u2019adoration comme dans la diabolisation, elles t\u00e9moignent aussi du manich\u00e9isme et de l\u2019intol\u00e9rance [&hellip;]","og_url":"https:\/\/web.umons.ac.be\/droit\/fr\/lecole-de-droit-bouge\/initiatives-pedagogiques\/game-of-thrones-en-hainaut\/saison-1\/les-sorcieres-et-les-saintes\/","og_site_name":"Ecole \/ DROIT","article_modified_time":"2018-09-17T07:21:38+00:00","og_image":[{"url":"https:\/\/web.umons.ac.be\/app\/uploads\/sites\/7\/2018\/09\/Sorci\u00e8res-et-saintes-1024x486.jpg","type":"","width":"","height":""}],"twitter_card":"summary_large_image","twitter_misc":{"Dur\u00e9e de lecture estim\u00e9e":"1 minute"},"schema":{"@context":"https:\/\/schema.org","@graph":[{"@type":"WebPage","@id":"https:\/\/web.umons.ac.be\/droit\/fr\/lecole-de-droit-bouge\/initiatives-pedagogiques\/game-of-thrones-en-hainaut\/saison-1\/les-sorcieres-et-les-saintes\/","url":"https:\/\/web.umons.ac.be\/droit\/fr\/lecole-de-droit-bouge\/initiatives-pedagogiques\/game-of-thrones-en-hainaut\/saison-1\/les-sorcieres-et-les-saintes\/","name":"Les sorci\u00e8res et les saintes - Ecole \/ DROIT","isPartOf":{"@id":"https:\/\/web.umons.ac.be\/droit\/#website"},"datePublished":"2018-09-13T14:00:49+00:00","dateModified":"2018-09-17T07:21:38+00:00","breadcrumb":{"@id":"https:\/\/web.umons.ac.be\/droit\/fr\/lecole-de-droit-bouge\/initiatives-pedagogiques\/game-of-thrones-en-hainaut\/saison-1\/les-sorcieres-et-les-saintes\/#breadcrumb"},"inLanguage":"fr-FR","potentialAction":[{"@type":"ReadAction","target":["https:\/\/web.umons.ac.be\/droit\/fr\/lecole-de-droit-bouge\/initiatives-pedagogiques\/game-of-thrones-en-hainaut\/saison-1\/les-sorcieres-et-les-saintes\/"]}]},{"@type":"BreadcrumbList","@id":"https:\/\/web.umons.ac.be\/droit\/fr\/lecole-de-droit-bouge\/initiatives-pedagogiques\/game-of-thrones-en-hainaut\/saison-1\/les-sorcieres-et-les-saintes\/#breadcrumb","itemListElement":[{"@type":"ListItem","position":1,"name":"Accueil","item":"https:\/\/web.umons.ac.be\/droit\/"},{"@type":"ListItem","position":2,"name":"L\u2019\u00c9cole de Droit bouge !","item":"https:\/\/web.umons.ac.be\/droit\/fr\/lecole-de-droit-bouge\/"},{"@type":"ListItem","position":3,"name":"Initiatives p\u00e9dagogiques","item":"https:\/\/web.umons.ac.be\/droit\/fr\/lecole-de-droit-bouge\/initiatives-pedagogiques\/"},{"@type":"ListItem","position":4,"name":"Game of Thrones en Hainaut","item":"https:\/\/web.umons.ac.be\/droit\/fr\/lecole-de-droit-bouge\/initiatives-pedagogiques\/game-of-thrones-en-hainaut\/"},{"@type":"ListItem","position":5,"name":"Saison 1","item":"https:\/\/web.umons.ac.be\/droit\/fr\/lecole-de-droit-bouge\/initiatives-pedagogiques\/game-of-thrones-en-hainaut\/saison-1\/"},{"@type":"ListItem","position":6,"name":"Les sorci\u00e8res et les saintes"}]},{"@type":"WebSite","@id":"https:\/\/web.umons.ac.be\/droit\/#website","url":"https:\/\/web.umons.ac.be\/droit\/","name":"Ecole \/ DROIT","description":"hgqdfjkghqdfjk","potentialAction":[{"@type":"SearchAction","target":{"@type":"EntryPoint","urlTemplate":"https:\/\/web.umons.ac.be\/droit\/?s={search_term_string}"},"query-input":{"@type":"PropertyValueSpecification","valueRequired":true,"valueName":"search_term_string"}}],"inLanguage":"fr-FR"}]}},"lang":"fr","translations":{"fr":953},"pll_sync_post":[],"_links":{"self":[{"href":"https:\/\/web.umons.ac.be\/droit\/wp-json\/wp\/v2\/pages\/953","targetHints":{"allow":["GET"]}}],"collection":[{"href":"https:\/\/web.umons.ac.be\/droit\/wp-json\/wp\/v2\/pages"}],"about":[{"href":"https:\/\/web.umons.ac.be\/droit\/wp-json\/wp\/v2\/types\/page"}],"author":[{"embeddable":true,"href":"https:\/\/web.umons.ac.be\/droit\/wp-json\/wp\/v2\/users\/2"}],"replies":[{"embeddable":true,"href":"https:\/\/web.umons.ac.be\/droit\/wp-json\/wp\/v2\/comments?post=953"}],"version-history":[{"count":3,"href":"https:\/\/web.umons.ac.be\/droit\/wp-json\/wp\/v2\/pages\/953\/revisions"}],"predecessor-version":[{"id":1098,"href":"https:\/\/web.umons.ac.be\/droit\/wp-json\/wp\/v2\/pages\/953\/revisions\/1098"}],"up":[{"embeddable":true,"href":"https:\/\/web.umons.ac.be\/droit\/wp-json\/wp\/v2\/pages\/868"}],"wp:attachment":[{"href":"https:\/\/web.umons.ac.be\/droit\/wp-json\/wp\/v2\/media?parent=953"}],"curies":[{"name":"wp","href":"https:\/\/api.w.org\/{rel}","templated":true}]}}