{"id":980,"date":"2018-09-13T16:49:04","date_gmt":"2018-09-13T14:49:04","guid":{"rendered":"https:\/\/web.umons.ac.be\/droit\/?page_id=980"},"modified":"2018-09-17T09:41:05","modified_gmt":"2018-09-17T07:41:05","slug":"les-reines-des-temps-jadis","status":"publish","type":"page","link":"https:\/\/web.umons.ac.be\/droit\/fr\/lecole-de-droit-bouge\/initiatives-pedagogiques\/game-of-thrones-en-hainaut\/saison-2\/les-reines-des-temps-jadis\/","title":{"rendered":"Les Reines des Temps Jadis"},"content":{"rendered":"<figure id=\"attachment_1099\" aria-describedby=\"caption-attachment-1099\" style=\"width: 1024px\" class=\"wp-caption aligncenter\"><a href=\"https:\/\/web.umons.ac.be\/app\/uploads\/sites\/7\/2018\/09\/les-reines.jpg\"><img loading=\"lazy\" decoding=\"async\" class=\"size-large wp-image-1099\" src=\"https:\/\/web.umons.ac.be\/app\/uploads\/sites\/7\/2018\/09\/les-reines-1024x602.jpg\" alt=\"\" width=\"1024\" height=\"602\" srcset=\"https:\/\/web.umons.ac.be\/app\/uploads\/sites\/7\/2018\/09\/les-reines-1024x602.jpg 1024w, https:\/\/web.umons.ac.be\/app\/uploads\/sites\/7\/2018\/09\/les-reines-300x176.jpg 300w, https:\/\/web.umons.ac.be\/app\/uploads\/sites\/7\/2018\/09\/les-reines-768x451.jpg 768w, https:\/\/web.umons.ac.be\/app\/uploads\/sites\/7\/2018\/09\/les-reines-1123x660.jpg 1123w, https:\/\/web.umons.ac.be\/app\/uploads\/sites\/7\/2018\/09\/les-reines-30x18.jpg 30w, https:\/\/web.umons.ac.be\/app\/uploads\/sites\/7\/2018\/09\/les-reines-60x35.jpg 60w, https:\/\/web.umons.ac.be\/app\/uploads\/sites\/7\/2018\/09\/les-reines-360x212.jpg 360w, https:\/\/web.umons.ac.be\/app\/uploads\/sites\/7\/2018\/09\/les-reines.jpg 1407w\" sizes=\"auto, (max-width: 1024px) 100vw, 1024px\" \/><\/a><figcaption id=\"caption-attachment-1099\" class=\"wp-caption-text\">A gauche : Fr\u00e9d\u00e9gonde, Reine de Neustrie, Tombeau de Saint-Denis (VI\u00e8me si\u00e8cle)<br \/>A droite : Cirse\u00ef, Reine des Sept Couronnes, Westeros (Game of Thrones)<\/figcaption><\/figure>\n<p>&nbsp;<\/p>\n<p>Les Reines franques des \u00e9poques m\u00e9rovingienne (V-VIII\u00e8mes si\u00e8cles) et carolingienne (VIII-X\u00e8mes si\u00e8cles) semblent avoir inspir\u00e9 la s\u00e9rie Game of Thrones. \u00a0Souvent, elles sont issues de tribus \u00e9trang\u00e8res dont les Francs veulent s\u2019assurer l\u2019alliance. Toujours, elles se retrouvent au centre d\u2019app\u00e9tits et de conflits cr\u00e9\u00e9s par la r\u00e8gle successorale franque de partage \u00e9quitable du pouvoir entre les fils. Mais quand la minorit\u00e9 de leur(s) fils leur en laisse l\u2019occasion, elles assument la r\u00e9gence avec d\u00e9termination et talent. Et quand il s\u2019agit de d\u00e9fendre leur pouvoir, elles peuvent (aussi) se transformer en tigresse. En ce d\u00e9but de christianisation, la diversit\u00e9 et l\u2019extravagance de ces destins f\u00e9minins dessinent en clair-obscur combien la religion va, par la suite, normer le statut des femmes. De la pieuse Clotilde \u00e0 la sulfureuse Fr\u00e9d\u00e9gonde, accus\u00e9e d\u2019assassinat. De la chute brutale de Brunehaut, deux fois reine puis tortur\u00e9e et ex\u00e9cut\u00e9e, \u00e0 l\u2019ascension fulgurante de Bathilde, ancienne esclave devenue reine. Les Reines des temps jadis n\u2019ont rien \u00e0 envier \u00e0 Cirsei \u2026<\/p>\n<start-cask-shortcode-wrapper><end-cask-shortcode-wrapper>\n","protected":false},"excerpt":{"rendered":"<p>&nbsp; Les Reines franques des \u00e9poques m\u00e9rovingienne (V-VIII\u00e8mes si\u00e8cles) et carolingienne (VIII-X\u00e8mes si\u00e8cles) semblent avoir inspir\u00e9 la s\u00e9rie Game of Thrones. \u00a0Souvent, elles sont issues de tribus \u00e9trang\u00e8res dont les Francs veulent s\u2019assurer l\u2019alliance. Toujours, elles se retrouvent au centre d\u2019app\u00e9tits et de conflits cr\u00e9\u00e9s par la r\u00e8gle successorale franque de partage \u00e9quitable du pouvoir [&hellip;]<\/p>\n","protected":false},"author":2,"featured_media":0,"parent":975,"menu_order":1,"comment_status":"closed","ping_status":"closed","template":"","meta":{"footnotes":""},"class_list":["post-980","page","type-page","status-publish","hentry"],"yoast_head":"<!-- This site is optimized with the Yoast SEO plugin v27.2 - https:\/\/yoast.com\/product\/yoast-seo-wordpress\/ -->\n<title>Les Reines des Temps Jadis - Ecole \/ DROIT<\/title>\n<meta name=\"robots\" content=\"index, follow, max-snippet:-1, max-image-preview:large, max-video-preview:-1\" \/>\n<link rel=\"canonical\" href=\"https:\/\/web.umons.ac.be\/droit\/fr\/lecole-de-droit-bouge\/initiatives-pedagogiques\/game-of-thrones-en-hainaut\/saison-2\/les-reines-des-temps-jadis\/\" \/>\n<meta property=\"og:locale\" content=\"fr_FR\" \/>\n<meta property=\"og:type\" content=\"article\" \/>\n<meta property=\"og:title\" content=\"Les Reines des Temps Jadis - Ecole \/ DROIT\" \/>\n<meta property=\"og:description\" content=\"&nbsp; Les Reines franques des \u00e9poques m\u00e9rovingienne (V-VIII\u00e8mes si\u00e8cles) et carolingienne (VIII-X\u00e8mes si\u00e8cles) semblent avoir inspir\u00e9 la s\u00e9rie Game of Thrones. \u00a0Souvent, elles sont issues de tribus \u00e9trang\u00e8res dont les Francs veulent s\u2019assurer l\u2019alliance. Toujours, elles se retrouvent au centre d\u2019app\u00e9tits et de conflits cr\u00e9\u00e9s par la r\u00e8gle successorale franque de partage \u00e9quitable du pouvoir [&hellip;]\" \/>\n<meta property=\"og:url\" content=\"https:\/\/web.umons.ac.be\/droit\/fr\/lecole-de-droit-bouge\/initiatives-pedagogiques\/game-of-thrones-en-hainaut\/saison-2\/les-reines-des-temps-jadis\/\" \/>\n<meta property=\"og:site_name\" content=\"Ecole \/ DROIT\" \/>\n<meta property=\"article:modified_time\" content=\"2018-09-17T07:41:05+00:00\" \/>\n<meta property=\"og:image\" content=\"https:\/\/web.umons.ac.be\/app\/uploads\/sites\/7\/2018\/09\/les-reines-1024x602.jpg\" \/>\n<meta name=\"twitter:card\" content=\"summary_large_image\" \/>\n<meta name=\"twitter:label1\" content=\"Dur\u00e9e de lecture estim\u00e9e\" \/>\n\t<meta name=\"twitter:data1\" content=\"1 minute\" \/>\n<script type=\"application\/ld+json\" class=\"yoast-schema-graph\">{\"@context\":\"https:\/\/schema.org\",\"@graph\":[{\"@type\":\"WebPage\",\"@id\":\"https:\/\/web.umons.ac.be\/droit\/fr\/lecole-de-droit-bouge\/initiatives-pedagogiques\/game-of-thrones-en-hainaut\/saison-2\/les-reines-des-temps-jadis\/\",\"url\":\"https:\/\/web.umons.ac.be\/droit\/fr\/lecole-de-droit-bouge\/initiatives-pedagogiques\/game-of-thrones-en-hainaut\/saison-2\/les-reines-des-temps-jadis\/\",\"name\":\"Les Reines des Temps Jadis - Ecole \/ DROIT\",\"isPartOf\":{\"@id\":\"https:\/\/web.umons.ac.be\/droit\/#website\"},\"primaryImageOfPage\":{\"@id\":\"https:\/\/web.umons.ac.be\/droit\/fr\/lecole-de-droit-bouge\/initiatives-pedagogiques\/game-of-thrones-en-hainaut\/saison-2\/les-reines-des-temps-jadis\/#primaryimage\"},\"image\":{\"@id\":\"https:\/\/web.umons.ac.be\/droit\/fr\/lecole-de-droit-bouge\/initiatives-pedagogiques\/game-of-thrones-en-hainaut\/saison-2\/les-reines-des-temps-jadis\/#primaryimage\"},\"thumbnailUrl\":\"https:\/\/web.umons.ac.be\/app\/uploads\/sites\/7\/2018\/09\/les-reines-1024x602.jpg\",\"datePublished\":\"2018-09-13T14:49:04+00:00\",\"dateModified\":\"2018-09-17T07:41:05+00:00\",\"breadcrumb\":{\"@id\":\"https:\/\/web.umons.ac.be\/droit\/fr\/lecole-de-droit-bouge\/initiatives-pedagogiques\/game-of-thrones-en-hainaut\/saison-2\/les-reines-des-temps-jadis\/#breadcrumb\"},\"inLanguage\":\"fr-FR\",\"potentialAction\":[{\"@type\":\"ReadAction\",\"target\":[\"https:\/\/web.umons.ac.be\/droit\/fr\/lecole-de-droit-bouge\/initiatives-pedagogiques\/game-of-thrones-en-hainaut\/saison-2\/les-reines-des-temps-jadis\/\"]}]},{\"@type\":\"ImageObject\",\"inLanguage\":\"fr-FR\",\"@id\":\"https:\/\/web.umons.ac.be\/droit\/fr\/lecole-de-droit-bouge\/initiatives-pedagogiques\/game-of-thrones-en-hainaut\/saison-2\/les-reines-des-temps-jadis\/#primaryimage\",\"url\":\"https:\/\/web.umons.ac.be\/app\/uploads\/sites\/7\/2018\/09\/les-reines-1024x602.jpg\",\"contentUrl\":\"https:\/\/web.umons.ac.be\/app\/uploads\/sites\/7\/2018\/09\/les-reines-1024x602.jpg\"},{\"@type\":\"BreadcrumbList\",\"@id\":\"https:\/\/web.umons.ac.be\/droit\/fr\/lecole-de-droit-bouge\/initiatives-pedagogiques\/game-of-thrones-en-hainaut\/saison-2\/les-reines-des-temps-jadis\/#breadcrumb\",\"itemListElement\":[{\"@type\":\"ListItem\",\"position\":1,\"name\":\"Accueil\",\"item\":\"https:\/\/web.umons.ac.be\/droit\/\"},{\"@type\":\"ListItem\",\"position\":2,\"name\":\"L\u2019\u00c9cole de Droit bouge !\",\"item\":\"https:\/\/web.umons.ac.be\/droit\/fr\/lecole-de-droit-bouge\/\"},{\"@type\":\"ListItem\",\"position\":3,\"name\":\"Initiatives p\u00e9dagogiques\",\"item\":\"https:\/\/web.umons.ac.be\/droit\/fr\/lecole-de-droit-bouge\/initiatives-pedagogiques\/\"},{\"@type\":\"ListItem\",\"position\":4,\"name\":\"Game of Thrones en Hainaut\",\"item\":\"https:\/\/web.umons.ac.be\/droit\/fr\/lecole-de-droit-bouge\/initiatives-pedagogiques\/game-of-thrones-en-hainaut\/\"},{\"@type\":\"ListItem\",\"position\":5,\"name\":\"Saison 2\",\"item\":\"https:\/\/web.umons.ac.be\/droit\/fr\/lecole-de-droit-bouge\/initiatives-pedagogiques\/game-of-thrones-en-hainaut\/saison-2\/\"},{\"@type\":\"ListItem\",\"position\":6,\"name\":\"Les Reines des Temps Jadis\"}]},{\"@type\":\"WebSite\",\"@id\":\"https:\/\/web.umons.ac.be\/droit\/#website\",\"url\":\"https:\/\/web.umons.ac.be\/droit\/\",\"name\":\"Ecole \/ DROIT\",\"description\":\"hgqdfjkghqdfjk\",\"potentialAction\":[{\"@type\":\"SearchAction\",\"target\":{\"@type\":\"EntryPoint\",\"urlTemplate\":\"https:\/\/web.umons.ac.be\/droit\/?s={search_term_string}\"},\"query-input\":{\"@type\":\"PropertyValueSpecification\",\"valueRequired\":true,\"valueName\":\"search_term_string\"}}],\"inLanguage\":\"fr-FR\"}]}<\/script>\n<!-- \/ Yoast SEO plugin. -->","yoast_head_json":{"title":"Les Reines des Temps Jadis - Ecole \/ DROIT","robots":{"index":"index","follow":"follow","max-snippet":"max-snippet:-1","max-image-preview":"max-image-preview:large","max-video-preview":"max-video-preview:-1"},"canonical":"https:\/\/web.umons.ac.be\/droit\/fr\/lecole-de-droit-bouge\/initiatives-pedagogiques\/game-of-thrones-en-hainaut\/saison-2\/les-reines-des-temps-jadis\/","og_locale":"fr_FR","og_type":"article","og_title":"Les Reines des Temps Jadis - Ecole \/ DROIT","og_description":"&nbsp; Les Reines franques des \u00e9poques m\u00e9rovingienne (V-VIII\u00e8mes si\u00e8cles) et carolingienne (VIII-X\u00e8mes si\u00e8cles) semblent avoir inspir\u00e9 la s\u00e9rie Game of Thrones. \u00a0Souvent, elles sont issues de tribus \u00e9trang\u00e8res dont les Francs veulent s\u2019assurer l\u2019alliance. Toujours, elles se retrouvent au centre d\u2019app\u00e9tits et de conflits cr\u00e9\u00e9s par la r\u00e8gle successorale franque de partage \u00e9quitable du pouvoir [&hellip;]","og_url":"https:\/\/web.umons.ac.be\/droit\/fr\/lecole-de-droit-bouge\/initiatives-pedagogiques\/game-of-thrones-en-hainaut\/saison-2\/les-reines-des-temps-jadis\/","og_site_name":"Ecole \/ DROIT","article_modified_time":"2018-09-17T07:41:05+00:00","og_image":[{"url":"https:\/\/web.umons.ac.be\/app\/uploads\/sites\/7\/2018\/09\/les-reines-1024x602.jpg","type":"","width":"","height":""}],"twitter_card":"summary_large_image","twitter_misc":{"Dur\u00e9e de lecture estim\u00e9e":"1 minute"},"schema":{"@context":"https:\/\/schema.org","@graph":[{"@type":"WebPage","@id":"https:\/\/web.umons.ac.be\/droit\/fr\/lecole-de-droit-bouge\/initiatives-pedagogiques\/game-of-thrones-en-hainaut\/saison-2\/les-reines-des-temps-jadis\/","url":"https:\/\/web.umons.ac.be\/droit\/fr\/lecole-de-droit-bouge\/initiatives-pedagogiques\/game-of-thrones-en-hainaut\/saison-2\/les-reines-des-temps-jadis\/","name":"Les Reines des Temps Jadis - Ecole \/ DROIT","isPartOf":{"@id":"https:\/\/web.umons.ac.be\/droit\/#website"},"primaryImageOfPage":{"@id":"https:\/\/web.umons.ac.be\/droit\/fr\/lecole-de-droit-bouge\/initiatives-pedagogiques\/game-of-thrones-en-hainaut\/saison-2\/les-reines-des-temps-jadis\/#primaryimage"},"image":{"@id":"https:\/\/web.umons.ac.be\/droit\/fr\/lecole-de-droit-bouge\/initiatives-pedagogiques\/game-of-thrones-en-hainaut\/saison-2\/les-reines-des-temps-jadis\/#primaryimage"},"thumbnailUrl":"https:\/\/web.umons.ac.be\/app\/uploads\/sites\/7\/2018\/09\/les-reines-1024x602.jpg","datePublished":"2018-09-13T14:49:04+00:00","dateModified":"2018-09-17T07:41:05+00:00","breadcrumb":{"@id":"https:\/\/web.umons.ac.be\/droit\/fr\/lecole-de-droit-bouge\/initiatives-pedagogiques\/game-of-thrones-en-hainaut\/saison-2\/les-reines-des-temps-jadis\/#breadcrumb"},"inLanguage":"fr-FR","potentialAction":[{"@type":"ReadAction","target":["https:\/\/web.umons.ac.be\/droit\/fr\/lecole-de-droit-bouge\/initiatives-pedagogiques\/game-of-thrones-en-hainaut\/saison-2\/les-reines-des-temps-jadis\/"]}]},{"@type":"ImageObject","inLanguage":"fr-FR","@id":"https:\/\/web.umons.ac.be\/droit\/fr\/lecole-de-droit-bouge\/initiatives-pedagogiques\/game-of-thrones-en-hainaut\/saison-2\/les-reines-des-temps-jadis\/#primaryimage","url":"https:\/\/web.umons.ac.be\/app\/uploads\/sites\/7\/2018\/09\/les-reines-1024x602.jpg","contentUrl":"https:\/\/web.umons.ac.be\/app\/uploads\/sites\/7\/2018\/09\/les-reines-1024x602.jpg"},{"@type":"BreadcrumbList","@id":"https:\/\/web.umons.ac.be\/droit\/fr\/lecole-de-droit-bouge\/initiatives-pedagogiques\/game-of-thrones-en-hainaut\/saison-2\/les-reines-des-temps-jadis\/#breadcrumb","itemListElement":[{"@type":"ListItem","position":1,"name":"Accueil","item":"https:\/\/web.umons.ac.be\/droit\/"},{"@type":"ListItem","position":2,"name":"L\u2019\u00c9cole de Droit bouge !","item":"https:\/\/web.umons.ac.be\/droit\/fr\/lecole-de-droit-bouge\/"},{"@type":"ListItem","position":3,"name":"Initiatives p\u00e9dagogiques","item":"https:\/\/web.umons.ac.be\/droit\/fr\/lecole-de-droit-bouge\/initiatives-pedagogiques\/"},{"@type":"ListItem","position":4,"name":"Game of Thrones en Hainaut","item":"https:\/\/web.umons.ac.be\/droit\/fr\/lecole-de-droit-bouge\/initiatives-pedagogiques\/game-of-thrones-en-hainaut\/"},{"@type":"ListItem","position":5,"name":"Saison 2","item":"https:\/\/web.umons.ac.be\/droit\/fr\/lecole-de-droit-bouge\/initiatives-pedagogiques\/game-of-thrones-en-hainaut\/saison-2\/"},{"@type":"ListItem","position":6,"name":"Les Reines des Temps Jadis"}]},{"@type":"WebSite","@id":"https:\/\/web.umons.ac.be\/droit\/#website","url":"https:\/\/web.umons.ac.be\/droit\/","name":"Ecole \/ DROIT","description":"hgqdfjkghqdfjk","potentialAction":[{"@type":"SearchAction","target":{"@type":"EntryPoint","urlTemplate":"https:\/\/web.umons.ac.be\/droit\/?s={search_term_string}"},"query-input":{"@type":"PropertyValueSpecification","valueRequired":true,"valueName":"search_term_string"}}],"inLanguage":"fr-FR"}]}},"lang":"fr","translations":{"fr":980},"pll_sync_post":[],"_links":{"self":[{"href":"https:\/\/web.umons.ac.be\/droit\/wp-json\/wp\/v2\/pages\/980","targetHints":{"allow":["GET"]}}],"collection":[{"href":"https:\/\/web.umons.ac.be\/droit\/wp-json\/wp\/v2\/pages"}],"about":[{"href":"https:\/\/web.umons.ac.be\/droit\/wp-json\/wp\/v2\/types\/page"}],"author":[{"embeddable":true,"href":"https:\/\/web.umons.ac.be\/droit\/wp-json\/wp\/v2\/users\/2"}],"replies":[{"embeddable":true,"href":"https:\/\/web.umons.ac.be\/droit\/wp-json\/wp\/v2\/comments?post=980"}],"version-history":[{"count":4,"href":"https:\/\/web.umons.ac.be\/droit\/wp-json\/wp\/v2\/pages\/980\/revisions"}],"predecessor-version":[{"id":1100,"href":"https:\/\/web.umons.ac.be\/droit\/wp-json\/wp\/v2\/pages\/980\/revisions\/1100"}],"up":[{"embeddable":true,"href":"https:\/\/web.umons.ac.be\/droit\/wp-json\/wp\/v2\/pages\/975"}],"wp:attachment":[{"href":"https:\/\/web.umons.ac.be\/droit\/wp-json\/wp\/v2\/media?parent=980"}],"curies":[{"name":"wp","href":"https:\/\/api.w.org\/{rel}","templated":true}]}}