{"id":15,"date":"2021-12-01T13:11:28","date_gmt":"2021-12-01T12:11:28","guid":{"rendered":"https:\/\/web.umons.ac.be\/eco\/activites-de-recherche\/"},"modified":"2021-12-01T13:31:12","modified_gmt":"2021-12-01T12:31:12","slug":"activites-de-recherche","status":"publish","type":"page","link":"https:\/\/web.umons.ac.be\/eco\/activites-de-recherche\/","title":{"rendered":"Activit\u00e9s de recherche"},"content":{"rendered":"<p>Au plan scientifique, deux grands domaines de recherche sont actuellement trait\u00e9s par le service :<\/p>\n<ul>\n<li>Approche micro\u00e9conom\u00e9trique appliqu\u00e9e \u00e0 diff\u00e9rents probl\u00e8mes touchant l\u2019\u00e9conomie du travail et l\u2019\u00e9conomie du personnel<\/li>\n<li>Approche qualitative des pratiques en mati\u00e8re de gestion des ressources humaines<\/li>\n<\/ul>\n<p>En ce qui concerne l\u2019approche micro\u00e9conom\u00e9trique, les th\u00e8mes analys\u00e9s pour l\u2019heure concernent l\u2019influence de pratiques de gestion des ressources humaines (pratiques salariales, formation, contrats de travail, \u00e9ducation de la main d\u2019\u0153uvre, pratiques relevant de la responsabilit\u00e9 sociale des entreprises) sur des variables de performance (productivit\u00e9, absent\u00e9isme, salaire, emploi, dynamique d\u2019emploi) des firmes.<\/p>\n<p>Dans l\u2019approche qualitative, l\u2019approche critique des discours sur les pratiques de gestion des ressources humaines en entreprise et les logiques d&rsquo;action et processus de changement en entreprise sont analys\u00e9s. Des recherches sont \u00e9galement men\u00e9es pour analyser l\u2019impact de la responsabilit\u00e9 sociale de l\u2019entreprise sur les r\u00f4les et pratiques de la fonction RH.<\/p>\n<hr \/>\n<p>Notre service est, par ailleurs rattach\u00e9 \u00e0 un institut de recherche de l\u2019UMONS :<\/p>\n<start-cask-shortcode-wrapper>\t\t<div class=\"associated-institutes content-block scheme-fweg\">\n\t\t\t<ul class=\"institutes-list\">\n\t\t\t\t\t\t\t\t\t\t<li>\n\t\t\t\t\t\t\t<a href=\"https:\/\/web.umons.ac.be\/soci_e_ter\" title=\"Acc\u00e9der au site web de : Institut \/ Soci&amp;ter\" class=\"associated-institute\">\n\t\t\t\t\t\t\t\t<img loading=\"lazy\" decoding=\"async\" width=\"1\" height=\"1\" src=\"https:\/\/web.umons.ac.be\/app\/uploads\/sites\/33\/2021\/11\/Societer-FR.svg\" class=\"attachment-thumbnail size-thumbnail\" alt=\"\" \/>\t\t\t\t\t\t\t<\/a>\t\t\t\n\t\t\t\t\t\t<\/li>\n\t\t\t\t\t\t\t<\/ul>\n\t\t<\/div>\n <end-cask-shortcode-wrapper>\n","protected":false},"excerpt":{"rendered":"<p>Au plan scientifique, deux grands domaines de recherche sont actuellement trait\u00e9s par le service : Approche micro\u00e9conom\u00e9trique appliqu\u00e9e \u00e0 diff\u00e9rents probl\u00e8mes touchant l\u2019\u00e9conomie du travail et l\u2019\u00e9conomie du personnel Approche qualitative des pratiques en mati\u00e8re de gestion des ressources humaines En ce qui concerne l\u2019approche micro\u00e9conom\u00e9trique, les th\u00e8mes analys\u00e9s pour l\u2019heure concernent l\u2019influence de pratiques [&hellip;]<\/p>\n","protected":false},"author":4,"featured_media":0,"parent":0,"menu_order":0,"comment_status":"closed","ping_status":"closed","template":"","meta":{"footnotes":""},"class_list":["post-15","page","type-page","status-publish","hentry"],"yoast_head":"<!-- This site is optimized with the Yoast SEO plugin v27.2 - https:\/\/yoast.com\/product\/yoast-seo-wordpress\/ -->\n<title>Activit\u00e9s de recherche - Service \/ FWEG - Economie<\/title>\n<meta name=\"robots\" content=\"index, follow, max-snippet:-1, max-image-preview:large, max-video-preview:-1\" \/>\n<link rel=\"canonical\" href=\"https:\/\/web.umons.ac.be\/eco\/activites-de-recherche\/\" \/>\n<meta property=\"og:locale\" content=\"fr_FR\" \/>\n<meta property=\"og:type\" content=\"article\" \/>\n<meta property=\"og:title\" content=\"Activit\u00e9s de recherche - Service \/ FWEG - Economie\" \/>\n<meta property=\"og:description\" content=\"Au plan scientifique, deux grands domaines de recherche sont actuellement trait\u00e9s par le service : Approche micro\u00e9conom\u00e9trique appliqu\u00e9e \u00e0 diff\u00e9rents probl\u00e8mes touchant l\u2019\u00e9conomie du travail et l\u2019\u00e9conomie du personnel Approche qualitative des pratiques en mati\u00e8re de gestion des ressources humaines En ce qui concerne l\u2019approche micro\u00e9conom\u00e9trique, les th\u00e8mes analys\u00e9s pour l\u2019heure concernent l\u2019influence de pratiques [&hellip;]\" \/>\n<meta property=\"og:url\" content=\"https:\/\/web.umons.ac.be\/eco\/activites-de-recherche\/\" \/>\n<meta property=\"og:site_name\" content=\"Service \/ FWEG - Economie\" \/>\n<meta property=\"article:modified_time\" content=\"2021-12-01T12:31:12+00:00\" \/>\n<meta name=\"twitter:card\" content=\"summary_large_image\" \/>\n<meta name=\"twitter:label1\" content=\"Dur\u00e9e de lecture estim\u00e9e\" \/>\n\t<meta name=\"twitter:data1\" content=\"1 minute\" \/>\n<script type=\"application\/ld+json\" class=\"yoast-schema-graph\">{\"@context\":\"https:\/\/schema.org\",\"@graph\":[{\"@type\":\"WebPage\",\"@id\":\"https:\/\/web.umons.ac.be\/eco\/activites-de-recherche\/\",\"url\":\"https:\/\/web.umons.ac.be\/eco\/activites-de-recherche\/\",\"name\":\"Activit\u00e9s de recherche - Service \/ FWEG - Economie\",\"isPartOf\":{\"@id\":\"https:\/\/web.umons.ac.be\/eco\/#website\"},\"datePublished\":\"2021-12-01T12:11:28+00:00\",\"dateModified\":\"2021-12-01T12:31:12+00:00\",\"breadcrumb\":{\"@id\":\"https:\/\/web.umons.ac.be\/eco\/activites-de-recherche\/#breadcrumb\"},\"inLanguage\":\"fr-FR\",\"potentialAction\":[{\"@type\":\"ReadAction\",\"target\":[\"https:\/\/web.umons.ac.be\/eco\/activites-de-recherche\/\"]}]},{\"@type\":\"BreadcrumbList\",\"@id\":\"https:\/\/web.umons.ac.be\/eco\/activites-de-recherche\/#breadcrumb\",\"itemListElement\":[{\"@type\":\"ListItem\",\"position\":1,\"name\":\"Home\",\"item\":\"https:\/\/web.umons.ac.be\/eco\/\"},{\"@type\":\"ListItem\",\"position\":2,\"name\":\"Activit\u00e9s de recherche\"}]},{\"@type\":\"WebSite\",\"@id\":\"https:\/\/web.umons.ac.be\/eco\/#website\",\"url\":\"https:\/\/web.umons.ac.be\/eco\/\",\"name\":\"Service \/ FWEG - Economie\",\"description\":\"\",\"potentialAction\":[{\"@type\":\"SearchAction\",\"target\":{\"@type\":\"EntryPoint\",\"urlTemplate\":\"https:\/\/web.umons.ac.be\/eco\/?s={search_term_string}\"},\"query-input\":{\"@type\":\"PropertyValueSpecification\",\"valueRequired\":true,\"valueName\":\"search_term_string\"}}],\"inLanguage\":\"fr-FR\"}]}<\/script>\n<!-- \/ Yoast SEO plugin. -->","yoast_head_json":{"title":"Activit\u00e9s de recherche - Service \/ FWEG - Economie","robots":{"index":"index","follow":"follow","max-snippet":"max-snippet:-1","max-image-preview":"max-image-preview:large","max-video-preview":"max-video-preview:-1"},"canonical":"https:\/\/web.umons.ac.be\/eco\/activites-de-recherche\/","og_locale":"fr_FR","og_type":"article","og_title":"Activit\u00e9s de recherche - Service \/ FWEG - Economie","og_description":"Au plan scientifique, deux grands domaines de recherche sont actuellement trait\u00e9s par le service : Approche micro\u00e9conom\u00e9trique appliqu\u00e9e \u00e0 diff\u00e9rents probl\u00e8mes touchant l\u2019\u00e9conomie du travail et l\u2019\u00e9conomie du personnel Approche qualitative des pratiques en mati\u00e8re de gestion des ressources humaines En ce qui concerne l\u2019approche micro\u00e9conom\u00e9trique, les th\u00e8mes analys\u00e9s pour l\u2019heure concernent l\u2019influence de pratiques [&hellip;]","og_url":"https:\/\/web.umons.ac.be\/eco\/activites-de-recherche\/","og_site_name":"Service \/ FWEG - Economie","article_modified_time":"2021-12-01T12:31:12+00:00","twitter_card":"summary_large_image","twitter_misc":{"Dur\u00e9e de lecture estim\u00e9e":"1 minute"},"schema":{"@context":"https:\/\/schema.org","@graph":[{"@type":"WebPage","@id":"https:\/\/web.umons.ac.be\/eco\/activites-de-recherche\/","url":"https:\/\/web.umons.ac.be\/eco\/activites-de-recherche\/","name":"Activit\u00e9s de recherche - Service \/ FWEG - Economie","isPartOf":{"@id":"https:\/\/web.umons.ac.be\/eco\/#website"},"datePublished":"2021-12-01T12:11:28+00:00","dateModified":"2021-12-01T12:31:12+00:00","breadcrumb":{"@id":"https:\/\/web.umons.ac.be\/eco\/activites-de-recherche\/#breadcrumb"},"inLanguage":"fr-FR","potentialAction":[{"@type":"ReadAction","target":["https:\/\/web.umons.ac.be\/eco\/activites-de-recherche\/"]}]},{"@type":"BreadcrumbList","@id":"https:\/\/web.umons.ac.be\/eco\/activites-de-recherche\/#breadcrumb","itemListElement":[{"@type":"ListItem","position":1,"name":"Home","item":"https:\/\/web.umons.ac.be\/eco\/"},{"@type":"ListItem","position":2,"name":"Activit\u00e9s de recherche"}]},{"@type":"WebSite","@id":"https:\/\/web.umons.ac.be\/eco\/#website","url":"https:\/\/web.umons.ac.be\/eco\/","name":"Service \/ FWEG - Economie","description":"","potentialAction":[{"@type":"SearchAction","target":{"@type":"EntryPoint","urlTemplate":"https:\/\/web.umons.ac.be\/eco\/?s={search_term_string}"},"query-input":{"@type":"PropertyValueSpecification","valueRequired":true,"valueName":"search_term_string"}}],"inLanguage":"fr-FR"}]}},"lang":"fr","translations":{"fr":15,"en":17},"pll_sync_post":[],"_links":{"self":[{"href":"https:\/\/web.umons.ac.be\/eco\/wp-json\/wp\/v2\/pages\/15","targetHints":{"allow":["GET"]}}],"collection":[{"href":"https:\/\/web.umons.ac.be\/eco\/wp-json\/wp\/v2\/pages"}],"about":[{"href":"https:\/\/web.umons.ac.be\/eco\/wp-json\/wp\/v2\/types\/page"}],"author":[{"embeddable":true,"href":"https:\/\/web.umons.ac.be\/eco\/wp-json\/wp\/v2\/users\/4"}],"replies":[{"embeddable":true,"href":"https:\/\/web.umons.ac.be\/eco\/wp-json\/wp\/v2\/comments?post=15"}],"version-history":[{"count":1,"href":"https:\/\/web.umons.ac.be\/eco\/wp-json\/wp\/v2\/pages\/15\/revisions"}],"predecessor-version":[{"id":47,"href":"https:\/\/web.umons.ac.be\/eco\/wp-json\/wp\/v2\/pages\/15\/revisions\/47"}],"wp:attachment":[{"href":"https:\/\/web.umons.ac.be\/eco\/wp-json\/wp\/v2\/media?parent=15"}],"curies":[{"name":"wp","href":"https:\/\/api.w.org\/{rel}","templated":true}]}}