{"id":15,"date":"2021-11-03T14:47:14","date_gmt":"2021-11-03T13:47:14","guid":{"rendered":"https:\/\/web.umons.ac.be\/econ\/activites-de-recherche\/"},"modified":"2021-11-03T15:06:12","modified_gmt":"2021-11-03T14:06:12","slug":"activites-de-recherche","status":"publish","type":"page","link":"https:\/\/web.umons.ac.be\/econ\/activites-de-recherche\/","title":{"rendered":"Activit\u00e9s de recherche"},"content":{"rendered":"<p>Le plancton, constitu\u00e9 du phyto- du zoo- et du bacterio\/virioplancton, est \u00e0 la base de la cha\u00eene trophique de beaucoup d&rsquo;\u00e9cosyst\u00e8mes marins. Le phytoplancton, repr\u00e9sent\u00e9 par les organismes photoautotrophes du plancton, est le producteur primaire principal des oc\u00e9ans. Le zooplancton, constitu\u00e9 d&rsquo;organismes h\u00e9t\u00e9rotrophes, a lui, un r\u00f4le de charni\u00e8re dans les \u00e9cosyst\u00e8mes aquatiques. Le zooplancton transf\u00e8re l&rsquo;\u00e9nergie et la mati\u00e8re synth\u00e9tis\u00e9e par le phytoplancton vers les niveaux trophiques sup\u00e9rieurs dans la cha\u00eene alimentaire. De nombreux organismes planctoniques jouent, en r\u00e9alit\u00e9, simultan\u00e9ment plusieurs r\u00f4les dans la cha\u00eene trophique: ils sont mixotrophes.<\/p>\n<p>Tant le zooplancton que le phytoplancton sont de bons indicateurs de changements globaux. En effet, ils r\u00e9pondent \u00e0 des modifications du milieu tr\u00e8s rapidement par des variations d&rsquo;abondance et\/ou de composition sp\u00e9cifique et de biomasse. De plus, le phytoplancton est capable de former des blooms (multiplication rapide et exponentielle) parfois toxiques qui par anoxie du milieu la nuit, ou par synth\u00e8se de toxines peut avoir un impact n\u00e9gatif sur l&rsquo;ensemble de l&rsquo;\u00e9cosyst\u00e8me. Pour toutes ces raisons, ces communaut\u00e9s tr\u00e8s dynamiques sont abondamment \u00e9tudi\u00e9es et fournissent des informations pr\u00e9cieuses sur le fonctionnement des oc\u00e9ans.<\/p>\n<p>Actuellement, les organismes qui composent le plancton sont encore fr\u00e9quemment mesur\u00e9s et compt\u00e9s manuellement sous microscope par des taxonomistes sp\u00e9cialis\u00e9s. L&rsquo;analyse compl\u00e8te d&rsquo;un \u00e9chantillon peut durer de 1 \u00e0 3 jours en fonction du d\u00e9tail taxonomique souhait\u00e9 et limite d\u00e8s lors le nombre d&rsquo;\u00e9chantillons pouvant \u00eatre analys\u00e9s dans un d\u00e9lais raisonnable. Cette m\u00e9thode manuelle n&rsquo;est donc pas adapt\u00e9e \u00e0 une r\u00e9solution spatiale et temporelle \u00e9lev\u00e9e, seule \u00e0 m\u00eame de mettre en \u00e9vidence les variations planctoniques dans ces communaut\u00e9 tr\u00e8s dynamiques, distribu\u00e9es en patchs.<\/p>\n<p>Depuis les ann\u00e9es 1980, l&rsquo;analyse d&rsquo;image coupl\u00e9e \u00e0 la classification supervis\u00e9e est utilis\u00e9e pour automatiser (au moins partiellement) et acc\u00e9l\u00e9rer le traitement des \u00e9chantillons. Au d\u00e9part d&rsquo;images de plancton, diff\u00e9rents param\u00e8tres sont mesur\u00e9s et utilis\u00e9s par des m\u00e9thodes de classification supervis\u00e9e pour d\u00e9terminer de mani\u00e8re automatique le groupe taxonomique de chaque particule imag\u00e9e.<\/p>\n<p>Au laboratoire d&rsquo;\u00c9cologie num\u00e9rique, nous d\u00e9veloppons un logiciel appel\u00e9 Zoo\/PhytoImage destin\u00e9 \u00e0 l&rsquo;\u00e9laboration de s\u00e9ries spatio-temporelles de plancton en automatisant les processus de traitement des \u00e9chantillons. Ce logiciel open source permet d&rsquo;analyser diverses sortes d&rsquo;images num\u00e9riques de plancton, et de mesurer, d\u00e9nombrer et classer les diff\u00e9rents organismes planctoniques fix\u00e9s \u00ab\u00a0num\u00e9riquement\u00a0\u00bb sur ces images. Il calcule, ensuite, des variables d&rsquo;importance \u00e9cologique comme les abondances, les biomasses et les spectres de taille par groupe taxonomique ou pour l&rsquo;ensemble de l&rsquo;\u00e9chantillon.<\/p>\n<p>Nos publications scientifiques relatives \u00e0 ce th\u00e8me de recherche sont r\u00e9f\u00e9renc\u00e9es dans la base de donn\u00e9es institutionnelle DI-Fusion UMONS.<\/p>\n<hr \/>\n<p>&nbsp;<\/p>\n","protected":false},"excerpt":{"rendered":"<p>Le plancton, constitu\u00e9 du phyto- du zoo- et du bacterio\/virioplancton, est \u00e0 la base de la cha\u00eene trophique de beaucoup d&rsquo;\u00e9cosyst\u00e8mes marins. Le phytoplancton, repr\u00e9sent\u00e9 par les organismes photoautotrophes du plancton, est le producteur primaire principal des oc\u00e9ans. Le zooplancton, constitu\u00e9 d&rsquo;organismes h\u00e9t\u00e9rotrophes, a lui, un r\u00f4le de charni\u00e8re dans les \u00e9cosyst\u00e8mes aquatiques. Le zooplancton [&hellip;]<\/p>\n","protected":false},"author":4,"featured_media":0,"parent":0,"menu_order":0,"comment_status":"closed","ping_status":"closed","template":"","meta":{"footnotes":""},"class_list":["post-15","page","type-page","status-publish","hentry"],"yoast_head":"<!-- This site is optimized with the Yoast SEO plugin v27.2 - https:\/\/yoast.com\/product\/yoast-seo-wordpress\/ -->\n<title>Activit\u00e9s de recherche - Service \/ FS - \u00c9cologie num\u00e9rique<\/title>\n<meta name=\"robots\" content=\"index, follow, max-snippet:-1, max-image-preview:large, max-video-preview:-1\" \/>\n<link rel=\"canonical\" href=\"https:\/\/web.umons.ac.be\/econ\/activites-de-recherche\/\" \/>\n<meta property=\"og:locale\" content=\"fr_FR\" \/>\n<meta property=\"og:type\" content=\"article\" \/>\n<meta property=\"og:title\" content=\"Activit\u00e9s de recherche - Service \/ FS - \u00c9cologie num\u00e9rique\" \/>\n<meta property=\"og:description\" content=\"Le plancton, constitu\u00e9 du phyto- du zoo- et du bacterio\/virioplancton, est \u00e0 la base de la cha\u00eene trophique de beaucoup d&rsquo;\u00e9cosyst\u00e8mes marins. Le phytoplancton, repr\u00e9sent\u00e9 par les organismes photoautotrophes du plancton, est le producteur primaire principal des oc\u00e9ans. Le zooplancton, constitu\u00e9 d&rsquo;organismes h\u00e9t\u00e9rotrophes, a lui, un r\u00f4le de charni\u00e8re dans les \u00e9cosyst\u00e8mes aquatiques. Le zooplancton [&hellip;]\" \/>\n<meta property=\"og:url\" content=\"https:\/\/web.umons.ac.be\/econ\/activites-de-recherche\/\" \/>\n<meta property=\"og:site_name\" content=\"Service \/ FS - \u00c9cologie num\u00e9rique\" \/>\n<meta property=\"article:modified_time\" content=\"2021-11-03T14:06:12+00:00\" \/>\n<meta name=\"twitter:card\" content=\"summary_large_image\" \/>\n<meta name=\"twitter:label1\" content=\"Dur\u00e9e de lecture estim\u00e9e\" \/>\n\t<meta name=\"twitter:data1\" content=\"2 minutes\" \/>\n<script type=\"application\/ld+json\" class=\"yoast-schema-graph\">{\"@context\":\"https:\/\/schema.org\",\"@graph\":[{\"@type\":\"WebPage\",\"@id\":\"https:\/\/web.umons.ac.be\/econ\/activites-de-recherche\/\",\"url\":\"https:\/\/web.umons.ac.be\/econ\/activites-de-recherche\/\",\"name\":\"Activit\u00e9s de recherche - Service \/ FS - \u00c9cologie num\u00e9rique\",\"isPartOf\":{\"@id\":\"https:\/\/web.umons.ac.be\/econ\/#website\"},\"datePublished\":\"2021-11-03T13:47:14+00:00\",\"dateModified\":\"2021-11-03T14:06:12+00:00\",\"breadcrumb\":{\"@id\":\"https:\/\/web.umons.ac.be\/econ\/activites-de-recherche\/#breadcrumb\"},\"inLanguage\":\"fr-FR\",\"potentialAction\":[{\"@type\":\"ReadAction\",\"target\":[\"https:\/\/web.umons.ac.be\/econ\/activites-de-recherche\/\"]}]},{\"@type\":\"BreadcrumbList\",\"@id\":\"https:\/\/web.umons.ac.be\/econ\/activites-de-recherche\/#breadcrumb\",\"itemListElement\":[{\"@type\":\"ListItem\",\"position\":1,\"name\":\"Home\",\"item\":\"https:\/\/web.umons.ac.be\/econ\/\"},{\"@type\":\"ListItem\",\"position\":2,\"name\":\"Activit\u00e9s de recherche\"}]},{\"@type\":\"WebSite\",\"@id\":\"https:\/\/web.umons.ac.be\/econ\/#website\",\"url\":\"https:\/\/web.umons.ac.be\/econ\/\",\"name\":\"Service \/ FS - \u00c9cologie num\u00e9rique\",\"description\":\"\",\"potentialAction\":[{\"@type\":\"SearchAction\",\"target\":{\"@type\":\"EntryPoint\",\"urlTemplate\":\"https:\/\/web.umons.ac.be\/econ\/?s={search_term_string}\"},\"query-input\":{\"@type\":\"PropertyValueSpecification\",\"valueRequired\":true,\"valueName\":\"search_term_string\"}}],\"inLanguage\":\"fr-FR\"}]}<\/script>\n<!-- \/ Yoast SEO plugin. -->","yoast_head_json":{"title":"Activit\u00e9s de recherche - Service \/ FS - \u00c9cologie num\u00e9rique","robots":{"index":"index","follow":"follow","max-snippet":"max-snippet:-1","max-image-preview":"max-image-preview:large","max-video-preview":"max-video-preview:-1"},"canonical":"https:\/\/web.umons.ac.be\/econ\/activites-de-recherche\/","og_locale":"fr_FR","og_type":"article","og_title":"Activit\u00e9s de recherche - Service \/ FS - \u00c9cologie num\u00e9rique","og_description":"Le plancton, constitu\u00e9 du phyto- du zoo- et du bacterio\/virioplancton, est \u00e0 la base de la cha\u00eene trophique de beaucoup d&rsquo;\u00e9cosyst\u00e8mes marins. Le phytoplancton, repr\u00e9sent\u00e9 par les organismes photoautotrophes du plancton, est le producteur primaire principal des oc\u00e9ans. Le zooplancton, constitu\u00e9 d&rsquo;organismes h\u00e9t\u00e9rotrophes, a lui, un r\u00f4le de charni\u00e8re dans les \u00e9cosyst\u00e8mes aquatiques. Le zooplancton [&hellip;]","og_url":"https:\/\/web.umons.ac.be\/econ\/activites-de-recherche\/","og_site_name":"Service \/ FS - \u00c9cologie num\u00e9rique","article_modified_time":"2021-11-03T14:06:12+00:00","twitter_card":"summary_large_image","twitter_misc":{"Dur\u00e9e de lecture estim\u00e9e":"2 minutes"},"schema":{"@context":"https:\/\/schema.org","@graph":[{"@type":"WebPage","@id":"https:\/\/web.umons.ac.be\/econ\/activites-de-recherche\/","url":"https:\/\/web.umons.ac.be\/econ\/activites-de-recherche\/","name":"Activit\u00e9s de recherche - Service \/ FS - \u00c9cologie num\u00e9rique","isPartOf":{"@id":"https:\/\/web.umons.ac.be\/econ\/#website"},"datePublished":"2021-11-03T13:47:14+00:00","dateModified":"2021-11-03T14:06:12+00:00","breadcrumb":{"@id":"https:\/\/web.umons.ac.be\/econ\/activites-de-recherche\/#breadcrumb"},"inLanguage":"fr-FR","potentialAction":[{"@type":"ReadAction","target":["https:\/\/web.umons.ac.be\/econ\/activites-de-recherche\/"]}]},{"@type":"BreadcrumbList","@id":"https:\/\/web.umons.ac.be\/econ\/activites-de-recherche\/#breadcrumb","itemListElement":[{"@type":"ListItem","position":1,"name":"Home","item":"https:\/\/web.umons.ac.be\/econ\/"},{"@type":"ListItem","position":2,"name":"Activit\u00e9s de recherche"}]},{"@type":"WebSite","@id":"https:\/\/web.umons.ac.be\/econ\/#website","url":"https:\/\/web.umons.ac.be\/econ\/","name":"Service \/ FS - \u00c9cologie num\u00e9rique","description":"","potentialAction":[{"@type":"SearchAction","target":{"@type":"EntryPoint","urlTemplate":"https:\/\/web.umons.ac.be\/econ\/?s={search_term_string}"},"query-input":{"@type":"PropertyValueSpecification","valueRequired":true,"valueName":"search_term_string"}}],"inLanguage":"fr-FR"}]}},"lang":"fr","translations":{"fr":15,"en":17},"pll_sync_post":[],"_links":{"self":[{"href":"https:\/\/web.umons.ac.be\/econ\/wp-json\/wp\/v2\/pages\/15","targetHints":{"allow":["GET"]}}],"collection":[{"href":"https:\/\/web.umons.ac.be\/econ\/wp-json\/wp\/v2\/pages"}],"about":[{"href":"https:\/\/web.umons.ac.be\/econ\/wp-json\/wp\/v2\/types\/page"}],"author":[{"embeddable":true,"href":"https:\/\/web.umons.ac.be\/econ\/wp-json\/wp\/v2\/users\/4"}],"replies":[{"embeddable":true,"href":"https:\/\/web.umons.ac.be\/econ\/wp-json\/wp\/v2\/comments?post=15"}],"version-history":[{"count":1,"href":"https:\/\/web.umons.ac.be\/econ\/wp-json\/wp\/v2\/pages\/15\/revisions"}],"predecessor-version":[{"id":48,"href":"https:\/\/web.umons.ac.be\/econ\/wp-json\/wp\/v2\/pages\/15\/revisions\/48"}],"wp:attachment":[{"href":"https:\/\/web.umons.ac.be\/econ\/wp-json\/wp\/v2\/media?parent=15"}],"curies":[{"name":"wp","href":"https:\/\/api.w.org\/{rel}","templated":true}]}}