{"id":1167,"date":"2024-04-08T16:24:57","date_gmt":"2024-04-08T14:24:57","guid":{"rendered":"https:\/\/web.umons.ac.be\/efe\/?page_id=1167"},"modified":"2024-10-22T15:07:57","modified_gmt":"2024-10-22T13:07:57","slug":"reforme-de-la-formation-initiale-des-enseignants","status":"publish","type":"page","link":"https:\/\/web.umons.ac.be\/efe\/fr\/reforme-de-la-formation-initiale-des-enseignants\/","title":{"rendered":"R\u00e9forme de la Formation Initiale des Enseignants"},"content":{"rendered":"<h3><strong>Un nouveau d\u00e9cret pour un nouvelle formation initiale des enseignants.<\/strong><\/h3>\n<p>Le <a href=\"https:\/\/web.umons.ac.be\/efe\/fr\/la-reforme-en-bref__trashed\/textes-legaux\/\">D\u00e9cret<\/a> \u00ab <strong>R\u00e9forme de la Formation Initiale des Enseignants<\/strong> \u00bb, vot\u00e9 le 7 f\u00e9vrier 2019, a \u00e9t\u00e9 modifi\u00e9 par un nouveau D\u00e9cret qui est entr\u00e9 en vigueur en d\u00e9cembre 2021.<\/p>\n<p>Mise en \u0153uvre progressivement depuis l\u2019ann\u00e9e acad\u00e9mique 2023-2024, la r\u00e9forme vise \u00e0 proposer une formation \u00e0 la hauteur de l\u2019exigence de la mission des enseignants et \u00e0 revaloriser cette profession. Elle concerne\u00a0:<\/p>\n<ul>\n<li>l\u2019enseignement maternel, primaire et secondaire ordinaire ou sp\u00e9cialis\u00e9 de plein exercice<\/li>\n<li>l\u2019enseignement secondaire de promotion sociale<\/li>\n<li>l\u2019enseignement secondaire artistique \u00e0 horaire r\u00e9duit \u2013 l\u2019enseignement en alternance<\/li>\n<li>la formation des enseignants<\/li>\n<\/ul>\n<p>Elle engage les diff\u00e9rents op\u00e9rateurs (Universit\u00e9s, Hautes \u00c9coles, \u00c9coles sup\u00e9rieures des Arts) \u00e0 collaborer dans le cadre de <a href=\"https:\/\/go-prof.be\/\"><strong>codipl\u00f4mations<\/strong><\/a>, qui permettent d\u2019offrir des formations enrichies des expertises respectives.<\/p>\n<p>&nbsp;<\/p>\n<h3><strong>Les principaux objectifs de la r\u00e9forme<\/strong><\/h3>\n<ul>\n<li>Mieux pr\u00e9parer les futurs enseignants et enseignantes \u00e0 <strong>l\u2019h\u00e9t\u00e9rog\u00e9n\u00e9it\u00e9 du public scolaire<\/strong>, aux attentes de la soci\u00e9t\u00e9, \u00e0 la complexit\u00e9 croissante du savoir, \u00e0 la modification du rapport des \u00e9l\u00e8ves \u00e0 l\u2019autorit\u00e9\u2026<\/li>\n<li><strong>Revaloriser la profession<\/strong> et favoriser une identit\u00e9 commune du m\u00e9tier d\u2019enseignant.<\/li>\n<li>Renforcer les comp\u00e9tences, notamment dans la <strong>ma\u00eetrise de la langue<\/strong> et des <strong>contenus disciplinaires<\/strong>, le d\u00e9veloppement de l\u2019esprit critique, l\u2019int\u00e9gration des outils p\u00e9dagogiques ad\u00e9quats, la d\u00e9tection des troubles de l\u2019apprentissage, la <strong>pr\u00e9vention du harc\u00e8lement<\/strong> li\u00e9 entre autres \u00e0 l\u2019usage des r\u00e9seaux sociaux.<\/li>\n<li>Mieux pr\u00e9parer les enseignants \u00e0 la r\u00e9alit\u00e9 du terrain avec <strong>l\u2019organisation de stages<\/strong> pr\u00e9vus tout au long de la formation, en commen\u00e7ant par des stages d\u2019observation pour aboutir en derni\u00e8re ann\u00e9e d\u2019\u00e9tudes \u00e0 un stage pratique de longue dur\u00e9e (4 mois).<\/li>\n<li>D\u00e9velopper l\u2019exp\u00e9rimentation de <strong>m\u00e9thodes p\u00e9dagogiques innovantes<\/strong>.<\/li>\n<li>D\u00e9velopper la <strong>recherche en sciences de l\u2019\u00e9ducation et enseignement<\/strong>, et plus particuli\u00e8rement en didactique des disciplines.<\/li>\n<li><strong>Augmenter l\u2019attractivit\u00e9 des fili\u00e8res de formation<\/strong> aux m\u00e9tiers de l\u2019enseignement.<\/li>\n<\/ul>\n","protected":false},"excerpt":{"rendered":"<p>Un nouveau d\u00e9cret pour un nouvelle formation initiale des enseignants. Le D\u00e9cret \u00ab R\u00e9forme de la Formation Initiale des Enseignants \u00bb, vot\u00e9 le 7 f\u00e9vrier 2019, a \u00e9t\u00e9 modifi\u00e9 par un nouveau D\u00e9cret qui est entr\u00e9 en vigueur en d\u00e9cembre 2021. Mise en \u0153uvre progressivement depuis l\u2019ann\u00e9e acad\u00e9mique 2023-2024, la r\u00e9forme vise \u00e0 proposer une [&hellip;]<\/p>\n","protected":false},"author":2,"featured_media":0,"parent":0,"menu_order":0,"comment_status":"closed","ping_status":"closed","template":"","meta":{"footnotes":""},"class_list":["post-1167","page","type-page","status-publish","hentry"],"yoast_head":"<!-- This site is optimized with the Yoast SEO plugin v27.2 - https:\/\/yoast.com\/product\/yoast-seo-wordpress\/ -->\n<title>R\u00e9forme de la Formation Initiale des Enseignants - Ecole \/ EFE<\/title>\n<meta name=\"description\" content=\"La R\u00e9forme de la Formation Initiale des Enseignants vise \u00e0 proposer une formation \u00e0 la hauteur de l\u2019exigence de la mission des enseignants.\" \/>\n<meta name=\"robots\" content=\"index, follow, max-snippet:-1, max-image-preview:large, max-video-preview:-1\" \/>\n<link rel=\"canonical\" href=\"https:\/\/web.umons.ac.be\/efe\/fr\/reforme-de-la-formation-initiale-des-enseignants\/\" \/>\n<meta property=\"og:locale\" content=\"fr_FR\" \/>\n<meta property=\"og:type\" content=\"article\" \/>\n<meta property=\"og:title\" content=\"R\u00e9forme de la Formation Initiale des Enseignants - Ecole \/ EFE\" \/>\n<meta property=\"og:description\" content=\"La R\u00e9forme de la Formation Initiale des Enseignants vise \u00e0 proposer une formation \u00e0 la hauteur de l\u2019exigence de la mission des enseignants.\" \/>\n<meta property=\"og:url\" content=\"https:\/\/web.umons.ac.be\/efe\/fr\/reforme-de-la-formation-initiale-des-enseignants\/\" \/>\n<meta property=\"og:site_name\" content=\"Ecole \/ EFE\" \/>\n<meta property=\"article:modified_time\" content=\"2024-10-22T13:07:57+00:00\" \/>\n<meta name=\"twitter:card\" content=\"summary_large_image\" \/>\n<meta name=\"twitter:label1\" content=\"Dur\u00e9e de lecture estim\u00e9e\" \/>\n\t<meta name=\"twitter:data1\" content=\"2 minutes\" \/>\n<script type=\"application\/ld+json\" class=\"yoast-schema-graph\">{\"@context\":\"https:\/\/schema.org\",\"@graph\":[{\"@type\":\"WebPage\",\"@id\":\"https:\/\/web.umons.ac.be\/efe\/fr\/reforme-de-la-formation-initiale-des-enseignants\/\",\"url\":\"https:\/\/web.umons.ac.be\/efe\/fr\/reforme-de-la-formation-initiale-des-enseignants\/\",\"name\":\"R\u00e9forme de la Formation Initiale des Enseignants - Ecole \/ EFE\",\"isPartOf\":{\"@id\":\"https:\/\/web.umons.ac.be\/efe\/#website\"},\"datePublished\":\"2024-04-08T14:24:57+00:00\",\"dateModified\":\"2024-10-22T13:07:57+00:00\",\"description\":\"La R\u00e9forme de la Formation Initiale des Enseignants vise \u00e0 proposer une formation \u00e0 la hauteur de l\u2019exigence de la mission des enseignants.\",\"breadcrumb\":{\"@id\":\"https:\/\/web.umons.ac.be\/efe\/fr\/reforme-de-la-formation-initiale-des-enseignants\/#breadcrumb\"},\"inLanguage\":\"fr-FR\",\"potentialAction\":[{\"@type\":\"ReadAction\",\"target\":[\"https:\/\/web.umons.ac.be\/efe\/fr\/reforme-de-la-formation-initiale-des-enseignants\/\"]}]},{\"@type\":\"BreadcrumbList\",\"@id\":\"https:\/\/web.umons.ac.be\/efe\/fr\/reforme-de-la-formation-initiale-des-enseignants\/#breadcrumb\",\"itemListElement\":[{\"@type\":\"ListItem\",\"position\":1,\"name\":\"Accueil\",\"item\":\"https:\/\/web.umons.ac.be\/efe\/fr\/\"},{\"@type\":\"ListItem\",\"position\":2,\"name\":\"R\u00e9forme de la Formation Initiale des Enseignants\"}]},{\"@type\":\"WebSite\",\"@id\":\"https:\/\/web.umons.ac.be\/efe\/#website\",\"url\":\"https:\/\/web.umons.ac.be\/efe\/\",\"name\":\"Ecole \/ EFE\",\"description\":\"hgqdfjkghqdfjk\",\"potentialAction\":[{\"@type\":\"SearchAction\",\"target\":{\"@type\":\"EntryPoint\",\"urlTemplate\":\"https:\/\/web.umons.ac.be\/efe\/?s={search_term_string}\"},\"query-input\":{\"@type\":\"PropertyValueSpecification\",\"valueRequired\":true,\"valueName\":\"search_term_string\"}}],\"inLanguage\":\"fr-FR\"}]}<\/script>\n<!-- \/ Yoast SEO plugin. -->","yoast_head_json":{"title":"R\u00e9forme de la Formation Initiale des Enseignants - Ecole \/ EFE","description":"La R\u00e9forme de la Formation Initiale des Enseignants vise \u00e0 proposer une formation \u00e0 la hauteur de l\u2019exigence de la mission des enseignants.","robots":{"index":"index","follow":"follow","max-snippet":"max-snippet:-1","max-image-preview":"max-image-preview:large","max-video-preview":"max-video-preview:-1"},"canonical":"https:\/\/web.umons.ac.be\/efe\/fr\/reforme-de-la-formation-initiale-des-enseignants\/","og_locale":"fr_FR","og_type":"article","og_title":"R\u00e9forme de la Formation Initiale des Enseignants - Ecole \/ EFE","og_description":"La R\u00e9forme de la Formation Initiale des Enseignants vise \u00e0 proposer une formation \u00e0 la hauteur de l\u2019exigence de la mission des enseignants.","og_url":"https:\/\/web.umons.ac.be\/efe\/fr\/reforme-de-la-formation-initiale-des-enseignants\/","og_site_name":"Ecole \/ EFE","article_modified_time":"2024-10-22T13:07:57+00:00","twitter_card":"summary_large_image","twitter_misc":{"Dur\u00e9e de lecture estim\u00e9e":"2 minutes"},"schema":{"@context":"https:\/\/schema.org","@graph":[{"@type":"WebPage","@id":"https:\/\/web.umons.ac.be\/efe\/fr\/reforme-de-la-formation-initiale-des-enseignants\/","url":"https:\/\/web.umons.ac.be\/efe\/fr\/reforme-de-la-formation-initiale-des-enseignants\/","name":"R\u00e9forme de la Formation Initiale des Enseignants - Ecole \/ EFE","isPartOf":{"@id":"https:\/\/web.umons.ac.be\/efe\/#website"},"datePublished":"2024-04-08T14:24:57+00:00","dateModified":"2024-10-22T13:07:57+00:00","description":"La R\u00e9forme de la Formation Initiale des Enseignants vise \u00e0 proposer une formation \u00e0 la hauteur de l\u2019exigence de la mission des enseignants.","breadcrumb":{"@id":"https:\/\/web.umons.ac.be\/efe\/fr\/reforme-de-la-formation-initiale-des-enseignants\/#breadcrumb"},"inLanguage":"fr-FR","potentialAction":[{"@type":"ReadAction","target":["https:\/\/web.umons.ac.be\/efe\/fr\/reforme-de-la-formation-initiale-des-enseignants\/"]}]},{"@type":"BreadcrumbList","@id":"https:\/\/web.umons.ac.be\/efe\/fr\/reforme-de-la-formation-initiale-des-enseignants\/#breadcrumb","itemListElement":[{"@type":"ListItem","position":1,"name":"Accueil","item":"https:\/\/web.umons.ac.be\/efe\/fr\/"},{"@type":"ListItem","position":2,"name":"R\u00e9forme de la Formation Initiale des Enseignants"}]},{"@type":"WebSite","@id":"https:\/\/web.umons.ac.be\/efe\/#website","url":"https:\/\/web.umons.ac.be\/efe\/","name":"Ecole \/ EFE","description":"hgqdfjkghqdfjk","potentialAction":[{"@type":"SearchAction","target":{"@type":"EntryPoint","urlTemplate":"https:\/\/web.umons.ac.be\/efe\/?s={search_term_string}"},"query-input":{"@type":"PropertyValueSpecification","valueRequired":true,"valueName":"search_term_string"}}],"inLanguage":"fr-FR"}]}},"lang":"fr","translations":{"fr":1167},"pll_sync_post":[],"_links":{"self":[{"href":"https:\/\/web.umons.ac.be\/efe\/wp-json\/wp\/v2\/pages\/1167","targetHints":{"allow":["GET"]}}],"collection":[{"href":"https:\/\/web.umons.ac.be\/efe\/wp-json\/wp\/v2\/pages"}],"about":[{"href":"https:\/\/web.umons.ac.be\/efe\/wp-json\/wp\/v2\/types\/page"}],"author":[{"embeddable":true,"href":"https:\/\/web.umons.ac.be\/efe\/wp-json\/wp\/v2\/users\/2"}],"replies":[{"embeddable":true,"href":"https:\/\/web.umons.ac.be\/efe\/wp-json\/wp\/v2\/comments?post=1167"}],"version-history":[{"count":3,"href":"https:\/\/web.umons.ac.be\/efe\/wp-json\/wp\/v2\/pages\/1167\/revisions"}],"predecessor-version":[{"id":1428,"href":"https:\/\/web.umons.ac.be\/efe\/wp-json\/wp\/v2\/pages\/1167\/revisions\/1428"}],"wp:attachment":[{"href":"https:\/\/web.umons.ac.be\/efe\/wp-json\/wp\/v2\/media?parent=1167"}],"curies":[{"name":"wp","href":"https:\/\/api.w.org\/{rel}","templated":true}]}}