{"id":1169,"date":"2024-04-08T16:25:24","date_gmt":"2024-04-08T14:25:24","guid":{"rendered":"https:\/\/web.umons.ac.be\/efe\/?page_id=1169"},"modified":"2024-10-08T09:42:11","modified_gmt":"2024-10-08T07:42:11","slug":"devenir-enseignant-dans-lobligatoire","status":"publish","type":"page","link":"https:\/\/web.umons.ac.be\/efe\/fr\/devenir-enseignant-dans-lobligatoire\/","title":{"rendered":"Devenir enseignant dans l\u2019obligatoire"},"content":{"rendered":"<h4><strong>Je suis en rh\u00e9to, je souhaite devenir enseignant en maternelle, primaire, secondaire inf\u00e9rieur<\/strong><\/h4>\n<p>Je m\u2019inscris \u00e0 un Bachelier en enseignement section 1, 2 ou 3 en haute \u00e9cole (\u00e9tablissement r\u00e9f\u00e9rent) puis je poursuis avec un Master en enseignement section 1, 2 ou 3 (\u00e9galement en haute \u00e9cole).<\/p>\n<p>Ces formations sont organis\u00e9es en codipl\u00f4mation avec l\u2019UMONS, qui dispensera une partie des enseignements d\u00e8s la premi\u00e8re ann\u00e9e.<\/p>\n<p>Le consortium GOProf ! r\u00e9unit la Haute Ecole en Hainaut (<a href=\"https:\/\/www.heh.be\/\">HEH<\/a>), la Haute Ecole Provinciale en Hainaut Condorcet (<a href=\"https:\/\/www.condorcet.be\/\">HEPHC<\/a>), la Haute Ecole Albert Jacquard (<a href=\"https:\/\/www.heaj.be\/fr\/\">HEAJ<\/a>) et l\u2019<a href=\"https:\/\/web.umons.ac.be\/fr\/\">UMONS<\/a>.<\/p>\n<p><a href=\"https:\/\/web.umons.ac.be\/efe\/fr\/en-maternelle-primaire-secondaire-inferieur\/\">Plus d\u2019informations ici<\/a><\/p>\n<p>&nbsp;<\/p>\n<h4><strong>Je suis en rh\u00e9to, je souhaite devenir enseignant en secondaire sup\u00e9rieur<\/strong><\/h4>\n<ul>\n<li>Je m\u2019inscris \u00e0 un bachelier disciplinaire que je poursuis avec un Master en enseignement section 4 s\u2019il existe dans ma discipline (qui remplacera d\u00e8s 2025 le master \u00e0 finalit\u00e9 didactique)<\/li>\n<li>Je m\u2019inscris \u00e0 un bachelier disciplinaire que je poursuis avec un master disciplinaire (finalit\u00e9 sp\u00e9cialis\u00e9e ou approfondie). Je m\u2019inscris ensuite au Master en enseignement section 5 (qui remplacera d\u00e8s 2025 l\u2019Agr\u00e9gation de l\u2019Enseignement Secondaire Sup\u00e9rieur).<\/li>\n<\/ul>\n<p><img loading=\"lazy\" decoding=\"async\" class=\"alignnone wp-image-1381 size-large\" src=\"https:\/\/web.umons.ac.be\/app\/uploads\/sites\/42\/2024\/10\/Sections-4-5-fond-gris-e1728046580298-1024x292.png\" alt=\"\" width=\"1024\" height=\"292\" srcset=\"https:\/\/web.umons.ac.be\/app\/uploads\/sites\/42\/2024\/10\/Sections-4-5-fond-gris-e1728046580298-1024x292.png 1024w, https:\/\/web.umons.ac.be\/app\/uploads\/sites\/42\/2024\/10\/Sections-4-5-fond-gris-e1728046580298-300x85.png 300w, https:\/\/web.umons.ac.be\/app\/uploads\/sites\/42\/2024\/10\/Sections-4-5-fond-gris-e1728046580298-768x219.png 768w, https:\/\/web.umons.ac.be\/app\/uploads\/sites\/42\/2024\/10\/Sections-4-5-fond-gris-e1728046580298-1536x437.png 1536w, https:\/\/web.umons.ac.be\/app\/uploads\/sites\/42\/2024\/10\/Sections-4-5-fond-gris-e1728046580298-1600x456.png 1600w, https:\/\/web.umons.ac.be\/app\/uploads\/sites\/42\/2024\/10\/Sections-4-5-fond-gris-e1728046580298-30x9.png 30w, https:\/\/web.umons.ac.be\/app\/uploads\/sites\/42\/2024\/10\/Sections-4-5-fond-gris-e1728046580298-60x17.png 60w, https:\/\/web.umons.ac.be\/app\/uploads\/sites\/42\/2024\/10\/Sections-4-5-fond-gris-e1728046580298-360x103.png 360w, https:\/\/web.umons.ac.be\/app\/uploads\/sites\/42\/2024\/10\/Sections-4-5-fond-gris-e1728046580298.png 1826w\" sizes=\"auto, (max-width: 1024px) 100vw, 1024px\" \/><\/p>\n<p>&nbsp;<\/p>\n<p><a href=\"https:\/\/web.umons.ac.be\/efe\/fr\/en-secondaire-superieur\/\">Plus d\u2019informations ici<\/a><\/p>\n<p>&nbsp;<\/p>\n","protected":false},"excerpt":{"rendered":"<p>Je suis en rh\u00e9to, je souhaite devenir enseignant en maternelle, primaire, secondaire inf\u00e9rieur Je m\u2019inscris \u00e0 un Bachelier en enseignement section 1, 2 ou 3 en haute \u00e9cole (\u00e9tablissement r\u00e9f\u00e9rent) puis je poursuis avec un Master en enseignement section 1, 2 ou 3 (\u00e9galement en haute \u00e9cole). Ces formations sont organis\u00e9es en codipl\u00f4mation avec l\u2019UMONS, [&hellip;]<\/p>\n","protected":false},"author":2,"featured_media":0,"parent":0,"menu_order":0,"comment_status":"closed","ping_status":"closed","template":"","meta":{"footnotes":""},"class_list":["post-1169","page","type-page","status-publish","hentry"],"yoast_head":"<!-- This site is optimized with the Yoast SEO plugin v27.2 - https:\/\/yoast.com\/product\/yoast-seo-wordpress\/ -->\n<title>Devenir enseignant dans l\u2019obligatoire - Ecole \/ EFE<\/title>\n<meta name=\"description\" content=\"Retrouvez toutes les informations pour devenir enseignant dans l&#039;enseignement obligatoire (maternel, primaire, secondaire).\" \/>\n<meta name=\"robots\" content=\"index, follow, max-snippet:-1, max-image-preview:large, max-video-preview:-1\" \/>\n<link rel=\"canonical\" href=\"https:\/\/web.umons.ac.be\/efe\/fr\/devenir-enseignant-dans-lobligatoire\/\" \/>\n<meta property=\"og:locale\" content=\"fr_FR\" \/>\n<meta property=\"og:type\" content=\"article\" \/>\n<meta property=\"og:title\" content=\"Devenir enseignant dans l\u2019obligatoire - Ecole \/ EFE\" \/>\n<meta property=\"og:description\" content=\"Retrouvez toutes les informations pour devenir enseignant dans l&#039;enseignement obligatoire (maternel, primaire, secondaire).\" \/>\n<meta property=\"og:url\" content=\"https:\/\/web.umons.ac.be\/efe\/fr\/devenir-enseignant-dans-lobligatoire\/\" \/>\n<meta property=\"og:site_name\" content=\"Ecole \/ EFE\" \/>\n<meta property=\"article:modified_time\" content=\"2024-10-08T07:42:11+00:00\" \/>\n<meta property=\"og:image\" content=\"https:\/\/web.umons.ac.be\/app\/uploads\/sites\/42\/2024\/10\/Sections-4-5-fond-gris-e1728046580298-1024x292.png\" \/>\n<meta name=\"twitter:card\" content=\"summary_large_image\" \/>\n<meta name=\"twitter:label1\" content=\"Dur\u00e9e de lecture estim\u00e9e\" \/>\n\t<meta name=\"twitter:data1\" content=\"2 minutes\" \/>\n<script type=\"application\/ld+json\" class=\"yoast-schema-graph\">{\"@context\":\"https:\/\/schema.org\",\"@graph\":[{\"@type\":\"WebPage\",\"@id\":\"https:\/\/web.umons.ac.be\/efe\/fr\/devenir-enseignant-dans-lobligatoire\/\",\"url\":\"https:\/\/web.umons.ac.be\/efe\/fr\/devenir-enseignant-dans-lobligatoire\/\",\"name\":\"Devenir enseignant dans l\u2019obligatoire - Ecole \/ EFE\",\"isPartOf\":{\"@id\":\"https:\/\/web.umons.ac.be\/efe\/#website\"},\"primaryImageOfPage\":{\"@id\":\"https:\/\/web.umons.ac.be\/efe\/fr\/devenir-enseignant-dans-lobligatoire\/#primaryimage\"},\"image\":{\"@id\":\"https:\/\/web.umons.ac.be\/efe\/fr\/devenir-enseignant-dans-lobligatoire\/#primaryimage\"},\"thumbnailUrl\":\"https:\/\/web.umons.ac.be\/app\/uploads\/sites\/42\/2024\/10\/Sections-4-5-fond-gris-e1728046580298-1024x292.png\",\"datePublished\":\"2024-04-08T14:25:24+00:00\",\"dateModified\":\"2024-10-08T07:42:11+00:00\",\"description\":\"Retrouvez toutes les informations pour devenir enseignant dans l'enseignement obligatoire (maternel, primaire, secondaire).\",\"breadcrumb\":{\"@id\":\"https:\/\/web.umons.ac.be\/efe\/fr\/devenir-enseignant-dans-lobligatoire\/#breadcrumb\"},\"inLanguage\":\"fr-FR\",\"potentialAction\":[{\"@type\":\"ReadAction\",\"target\":[\"https:\/\/web.umons.ac.be\/efe\/fr\/devenir-enseignant-dans-lobligatoire\/\"]}]},{\"@type\":\"ImageObject\",\"inLanguage\":\"fr-FR\",\"@id\":\"https:\/\/web.umons.ac.be\/efe\/fr\/devenir-enseignant-dans-lobligatoire\/#primaryimage\",\"url\":\"https:\/\/web.umons.ac.be\/app\/uploads\/sites\/42\/2024\/10\/Sections-4-5-fond-gris-e1728046580298-1024x292.png\",\"contentUrl\":\"https:\/\/web.umons.ac.be\/app\/uploads\/sites\/42\/2024\/10\/Sections-4-5-fond-gris-e1728046580298-1024x292.png\"},{\"@type\":\"BreadcrumbList\",\"@id\":\"https:\/\/web.umons.ac.be\/efe\/fr\/devenir-enseignant-dans-lobligatoire\/#breadcrumb\",\"itemListElement\":[{\"@type\":\"ListItem\",\"position\":1,\"name\":\"Accueil\",\"item\":\"https:\/\/web.umons.ac.be\/efe\/fr\/\"},{\"@type\":\"ListItem\",\"position\":2,\"name\":\"Devenir enseignant dans l\u2019obligatoire\"}]},{\"@type\":\"WebSite\",\"@id\":\"https:\/\/web.umons.ac.be\/efe\/#website\",\"url\":\"https:\/\/web.umons.ac.be\/efe\/\",\"name\":\"Ecole \/ EFE\",\"description\":\"hgqdfjkghqdfjk\",\"potentialAction\":[{\"@type\":\"SearchAction\",\"target\":{\"@type\":\"EntryPoint\",\"urlTemplate\":\"https:\/\/web.umons.ac.be\/efe\/?s={search_term_string}\"},\"query-input\":{\"@type\":\"PropertyValueSpecification\",\"valueRequired\":true,\"valueName\":\"search_term_string\"}}],\"inLanguage\":\"fr-FR\"}]}<\/script>\n<!-- \/ Yoast SEO plugin. -->","yoast_head_json":{"title":"Devenir enseignant dans l\u2019obligatoire - Ecole \/ EFE","description":"Retrouvez toutes les informations pour devenir enseignant dans l'enseignement obligatoire (maternel, primaire, secondaire).","robots":{"index":"index","follow":"follow","max-snippet":"max-snippet:-1","max-image-preview":"max-image-preview:large","max-video-preview":"max-video-preview:-1"},"canonical":"https:\/\/web.umons.ac.be\/efe\/fr\/devenir-enseignant-dans-lobligatoire\/","og_locale":"fr_FR","og_type":"article","og_title":"Devenir enseignant dans l\u2019obligatoire - Ecole \/ EFE","og_description":"Retrouvez toutes les informations pour devenir enseignant dans l'enseignement obligatoire (maternel, primaire, secondaire).","og_url":"https:\/\/web.umons.ac.be\/efe\/fr\/devenir-enseignant-dans-lobligatoire\/","og_site_name":"Ecole \/ EFE","article_modified_time":"2024-10-08T07:42:11+00:00","og_image":[{"url":"https:\/\/web.umons.ac.be\/app\/uploads\/sites\/42\/2024\/10\/Sections-4-5-fond-gris-e1728046580298-1024x292.png","type":"","width":"","height":""}],"twitter_card":"summary_large_image","twitter_misc":{"Dur\u00e9e de lecture estim\u00e9e":"2 minutes"},"schema":{"@context":"https:\/\/schema.org","@graph":[{"@type":"WebPage","@id":"https:\/\/web.umons.ac.be\/efe\/fr\/devenir-enseignant-dans-lobligatoire\/","url":"https:\/\/web.umons.ac.be\/efe\/fr\/devenir-enseignant-dans-lobligatoire\/","name":"Devenir enseignant dans l\u2019obligatoire - Ecole \/ EFE","isPartOf":{"@id":"https:\/\/web.umons.ac.be\/efe\/#website"},"primaryImageOfPage":{"@id":"https:\/\/web.umons.ac.be\/efe\/fr\/devenir-enseignant-dans-lobligatoire\/#primaryimage"},"image":{"@id":"https:\/\/web.umons.ac.be\/efe\/fr\/devenir-enseignant-dans-lobligatoire\/#primaryimage"},"thumbnailUrl":"https:\/\/web.umons.ac.be\/app\/uploads\/sites\/42\/2024\/10\/Sections-4-5-fond-gris-e1728046580298-1024x292.png","datePublished":"2024-04-08T14:25:24+00:00","dateModified":"2024-10-08T07:42:11+00:00","description":"Retrouvez toutes les informations pour devenir enseignant dans l'enseignement obligatoire (maternel, primaire, secondaire).","breadcrumb":{"@id":"https:\/\/web.umons.ac.be\/efe\/fr\/devenir-enseignant-dans-lobligatoire\/#breadcrumb"},"inLanguage":"fr-FR","potentialAction":[{"@type":"ReadAction","target":["https:\/\/web.umons.ac.be\/efe\/fr\/devenir-enseignant-dans-lobligatoire\/"]}]},{"@type":"ImageObject","inLanguage":"fr-FR","@id":"https:\/\/web.umons.ac.be\/efe\/fr\/devenir-enseignant-dans-lobligatoire\/#primaryimage","url":"https:\/\/web.umons.ac.be\/app\/uploads\/sites\/42\/2024\/10\/Sections-4-5-fond-gris-e1728046580298-1024x292.png","contentUrl":"https:\/\/web.umons.ac.be\/app\/uploads\/sites\/42\/2024\/10\/Sections-4-5-fond-gris-e1728046580298-1024x292.png"},{"@type":"BreadcrumbList","@id":"https:\/\/web.umons.ac.be\/efe\/fr\/devenir-enseignant-dans-lobligatoire\/#breadcrumb","itemListElement":[{"@type":"ListItem","position":1,"name":"Accueil","item":"https:\/\/web.umons.ac.be\/efe\/fr\/"},{"@type":"ListItem","position":2,"name":"Devenir enseignant dans l\u2019obligatoire"}]},{"@type":"WebSite","@id":"https:\/\/web.umons.ac.be\/efe\/#website","url":"https:\/\/web.umons.ac.be\/efe\/","name":"Ecole \/ EFE","description":"hgqdfjkghqdfjk","potentialAction":[{"@type":"SearchAction","target":{"@type":"EntryPoint","urlTemplate":"https:\/\/web.umons.ac.be\/efe\/?s={search_term_string}"},"query-input":{"@type":"PropertyValueSpecification","valueRequired":true,"valueName":"search_term_string"}}],"inLanguage":"fr-FR"}]}},"lang":"fr","translations":{"fr":1169},"pll_sync_post":[],"_links":{"self":[{"href":"https:\/\/web.umons.ac.be\/efe\/wp-json\/wp\/v2\/pages\/1169","targetHints":{"allow":["GET"]}}],"collection":[{"href":"https:\/\/web.umons.ac.be\/efe\/wp-json\/wp\/v2\/pages"}],"about":[{"href":"https:\/\/web.umons.ac.be\/efe\/wp-json\/wp\/v2\/types\/page"}],"author":[{"embeddable":true,"href":"https:\/\/web.umons.ac.be\/efe\/wp-json\/wp\/v2\/users\/2"}],"replies":[{"embeddable":true,"href":"https:\/\/web.umons.ac.be\/efe\/wp-json\/wp\/v2\/comments?post=1169"}],"version-history":[{"count":3,"href":"https:\/\/web.umons.ac.be\/efe\/wp-json\/wp\/v2\/pages\/1169\/revisions"}],"predecessor-version":[{"id":1408,"href":"https:\/\/web.umons.ac.be\/efe\/wp-json\/wp\/v2\/pages\/1169\/revisions\/1408"}],"wp:attachment":[{"href":"https:\/\/web.umons.ac.be\/efe\/wp-json\/wp\/v2\/media?parent=1169"}],"curies":[{"name":"wp","href":"https:\/\/api.w.org\/{rel}","templated":true}]}}