{"id":1171,"date":"2024-04-08T16:25:47","date_gmt":"2024-04-08T14:25:47","guid":{"rendered":"https:\/\/web.umons.ac.be\/efe\/?page_id=1171"},"modified":"2025-09-17T15:52:52","modified_gmt":"2025-09-17T13:52:52","slug":"devenir-enseignant-dans-le-superieur","status":"publish","type":"page","link":"https:\/\/web.umons.ac.be\/efe\/fr\/devenir-enseignant-dans-le-superieur\/","title":{"rendered":"Devenir enseignant dans le sup\u00e9rieur"},"content":{"rendered":"<p>Pour enseigner dans l&rsquo;<strong>enseignement sup\u00e9rieur<\/strong>, vous devez suivre l\u2019une de ces deux formations :<\/p>\n<ul>\n<li>le <a href=\"https:\/\/web.umons.ac.be\/efe\/fr\/master-de-specialisation-en-formation-denseignants\/\">Master de sp\u00e9cialisation en formation d\u2019enseignants<\/a> (MSFE)<\/li>\n<li>le <a href=\"https:\/\/web.umons.ac.be\/efe\/fr\/capaes\/\">Certificat d\u2019aptitude p\u00e9dagogique appropri\u00e9 \u00e0 l\u2019enseignement sup\u00e9rieur<\/a> (CAPAES).<\/li>\n<\/ul>\n<p>&nbsp;<\/p>\n<h4>MSFE ou CAPAES : comment choisir ?<\/h4>\n<p>L\u2019inscription au MSFE ou au CAPAES d\u00e9pend de votre <strong>situation professionnelle actuelle<\/strong> et de vos <strong>dipl\u00f4mes<\/strong>.<\/p>\n<p>Si<\/p>\n<ul>\n<li>Vous d\u00e9tenez un titre acad\u00e9mique autorisant votre recrutement dans une <strong>fonction de ma\u00eetre de formation pratique<\/strong>, de <strong>ma\u00eetre assistant<\/strong> ou de <strong>charg\u00e9 de cours<\/strong> dans une haute \u00e9cole ou de <strong>professeur<\/strong> de cours g\u00e9n\u00e9raux, de cours techniques, de cours de pratique professionnelle, de cours techniques et de pratique professionnelle, de cours de psychologie \u2013 p\u00e9dagogie \u2013 m\u00e9thodologie, de cours sp\u00e9ciaux, de philosophie dans l\u2019enseignement sup\u00e9rieur de promotion sociale.<\/li>\n<li>Vous <strong>exercez une de ces fonctions<\/strong> au moment de l\u2019inscription.<\/li>\n<\/ul>\n<p><strong>\u2192\u00a0Vous pouvez acc\u00e9der au CAPAES<\/strong><\/p>\n<p>&nbsp;<\/p>\n<p>Si<\/p>\n<ul>\n<li>Vous avez un <strong>Master\u00a0<\/strong>ou une <strong>exp\u00e9rience utile<\/strong> dans l&rsquo;enseignement sup\u00e9rieur.<\/li>\n<li>Vous \u00eates enseignant dans une cat\u00e9gorie p\u00e9dagogique qui aborde les mati\u00e8res li\u00e9es \u00e0 la didactique, \u00e0 la p\u00e9dagogie et \u00e0 la formation \u00e0 et par la pratique\u00a0<strong>OU<\/strong>\u00a0vous n\u2019\u00eates <strong>pas en fonction en haute \u00e9cole, ni en \u00e9cole de promotion sociale<\/strong>.<\/li>\n<\/ul>\n<p><strong>\u2192\u00a0Vous pouvez acc\u00e9der au MSFE<\/strong><\/p>\n<p>&nbsp;<\/p>\n<p>Les d\u00e9tenteurs de ce master de sp\u00e9cialisation seront automatiquement reconnus comme titulaires du CAPAES en hautes \u00e9coles et dans l\u2019enseignement sup\u00e9rieur de promotion sociale, conform\u00e9ment au d\u00e9cret du 17 juillet 2002.<\/p>\n<p>&nbsp;<\/p>\n<p>Pour toute question, nous vous invitons \u00e0 parcourir notre\u00a0<a href=\"https:\/\/web.umons.ac.be\/efe\/fr\/faq\/\">FAQ<\/a>.<\/p>\n","protected":false},"excerpt":{"rendered":"<p>Pour enseigner dans l&rsquo;enseignement sup\u00e9rieur, vous devez suivre l\u2019une de ces deux formations : le Master de sp\u00e9cialisation en formation d\u2019enseignants (MSFE) le Certificat d\u2019aptitude p\u00e9dagogique appropri\u00e9 \u00e0 l\u2019enseignement sup\u00e9rieur (CAPAES). &nbsp; MSFE ou CAPAES : comment choisir ? L\u2019inscription au MSFE ou au CAPAES d\u00e9pend de votre situation professionnelle actuelle et de vos dipl\u00f4mes. [&hellip;]<\/p>\n","protected":false},"author":2,"featured_media":0,"parent":0,"menu_order":0,"comment_status":"closed","ping_status":"closed","template":"","meta":{"footnotes":""},"class_list":["post-1171","page","type-page","status-publish","hentry"],"yoast_head":"<!-- This site is optimized with the Yoast SEO plugin v27.2 - https:\/\/yoast.com\/product\/yoast-seo-wordpress\/ -->\n<title>Devenir enseignant dans le sup\u00e9rieur - Ecole \/ EFE<\/title>\n<meta name=\"description\" content=\"Retrouvez les formations organis\u00e9es par l&#039;UMONS et toutes les informations pour devenir enseignant dans le sup\u00e9rieur.\" \/>\n<meta name=\"robots\" content=\"index, follow, max-snippet:-1, max-image-preview:large, max-video-preview:-1\" \/>\n<link rel=\"canonical\" href=\"https:\/\/web.umons.ac.be\/efe\/fr\/devenir-enseignant-dans-le-superieur\/\" \/>\n<meta property=\"og:locale\" content=\"fr_FR\" \/>\n<meta property=\"og:type\" content=\"article\" \/>\n<meta property=\"og:title\" content=\"Devenir enseignant dans le sup\u00e9rieur - Ecole \/ EFE\" \/>\n<meta property=\"og:description\" content=\"Retrouvez les formations organis\u00e9es par l&#039;UMONS et toutes les informations pour devenir enseignant dans le sup\u00e9rieur.\" \/>\n<meta property=\"og:url\" content=\"https:\/\/web.umons.ac.be\/efe\/fr\/devenir-enseignant-dans-le-superieur\/\" \/>\n<meta property=\"og:site_name\" content=\"Ecole \/ EFE\" \/>\n<meta property=\"article:modified_time\" content=\"2025-09-17T13:52:52+00:00\" \/>\n<meta name=\"twitter:card\" content=\"summary_large_image\" \/>\n<meta name=\"twitter:label1\" content=\"Dur\u00e9e de lecture estim\u00e9e\" \/>\n\t<meta name=\"twitter:data1\" content=\"2 minutes\" \/>\n<script type=\"application\/ld+json\" class=\"yoast-schema-graph\">{\"@context\":\"https:\/\/schema.org\",\"@graph\":[{\"@type\":\"WebPage\",\"@id\":\"https:\/\/web.umons.ac.be\/efe\/fr\/devenir-enseignant-dans-le-superieur\/\",\"url\":\"https:\/\/web.umons.ac.be\/efe\/fr\/devenir-enseignant-dans-le-superieur\/\",\"name\":\"Devenir enseignant dans le sup\u00e9rieur - Ecole \/ EFE\",\"isPartOf\":{\"@id\":\"https:\/\/web.umons.ac.be\/efe\/#website\"},\"datePublished\":\"2024-04-08T14:25:47+00:00\",\"dateModified\":\"2025-09-17T13:52:52+00:00\",\"description\":\"Retrouvez les formations organis\u00e9es par l'UMONS et toutes les informations pour devenir enseignant dans le sup\u00e9rieur.\",\"breadcrumb\":{\"@id\":\"https:\/\/web.umons.ac.be\/efe\/fr\/devenir-enseignant-dans-le-superieur\/#breadcrumb\"},\"inLanguage\":\"fr-FR\",\"potentialAction\":[{\"@type\":\"ReadAction\",\"target\":[\"https:\/\/web.umons.ac.be\/efe\/fr\/devenir-enseignant-dans-le-superieur\/\"]}]},{\"@type\":\"BreadcrumbList\",\"@id\":\"https:\/\/web.umons.ac.be\/efe\/fr\/devenir-enseignant-dans-le-superieur\/#breadcrumb\",\"itemListElement\":[{\"@type\":\"ListItem\",\"position\":1,\"name\":\"Accueil\",\"item\":\"https:\/\/web.umons.ac.be\/efe\/fr\/\"},{\"@type\":\"ListItem\",\"position\":2,\"name\":\"Devenir enseignant dans le sup\u00e9rieur\"}]},{\"@type\":\"WebSite\",\"@id\":\"https:\/\/web.umons.ac.be\/efe\/#website\",\"url\":\"https:\/\/web.umons.ac.be\/efe\/\",\"name\":\"Ecole \/ EFE\",\"description\":\"hgqdfjkghqdfjk\",\"potentialAction\":[{\"@type\":\"SearchAction\",\"target\":{\"@type\":\"EntryPoint\",\"urlTemplate\":\"https:\/\/web.umons.ac.be\/efe\/?s={search_term_string}\"},\"query-input\":{\"@type\":\"PropertyValueSpecification\",\"valueRequired\":true,\"valueName\":\"search_term_string\"}}],\"inLanguage\":\"fr-FR\"}]}<\/script>\n<!-- \/ Yoast SEO plugin. -->","yoast_head_json":{"title":"Devenir enseignant dans le sup\u00e9rieur - Ecole \/ EFE","description":"Retrouvez les formations organis\u00e9es par l'UMONS et toutes les informations pour devenir enseignant dans le sup\u00e9rieur.","robots":{"index":"index","follow":"follow","max-snippet":"max-snippet:-1","max-image-preview":"max-image-preview:large","max-video-preview":"max-video-preview:-1"},"canonical":"https:\/\/web.umons.ac.be\/efe\/fr\/devenir-enseignant-dans-le-superieur\/","og_locale":"fr_FR","og_type":"article","og_title":"Devenir enseignant dans le sup\u00e9rieur - Ecole \/ EFE","og_description":"Retrouvez les formations organis\u00e9es par l'UMONS et toutes les informations pour devenir enseignant dans le sup\u00e9rieur.","og_url":"https:\/\/web.umons.ac.be\/efe\/fr\/devenir-enseignant-dans-le-superieur\/","og_site_name":"Ecole \/ EFE","article_modified_time":"2025-09-17T13:52:52+00:00","twitter_card":"summary_large_image","twitter_misc":{"Dur\u00e9e de lecture estim\u00e9e":"2 minutes"},"schema":{"@context":"https:\/\/schema.org","@graph":[{"@type":"WebPage","@id":"https:\/\/web.umons.ac.be\/efe\/fr\/devenir-enseignant-dans-le-superieur\/","url":"https:\/\/web.umons.ac.be\/efe\/fr\/devenir-enseignant-dans-le-superieur\/","name":"Devenir enseignant dans le sup\u00e9rieur - Ecole \/ EFE","isPartOf":{"@id":"https:\/\/web.umons.ac.be\/efe\/#website"},"datePublished":"2024-04-08T14:25:47+00:00","dateModified":"2025-09-17T13:52:52+00:00","description":"Retrouvez les formations organis\u00e9es par l'UMONS et toutes les informations pour devenir enseignant dans le sup\u00e9rieur.","breadcrumb":{"@id":"https:\/\/web.umons.ac.be\/efe\/fr\/devenir-enseignant-dans-le-superieur\/#breadcrumb"},"inLanguage":"fr-FR","potentialAction":[{"@type":"ReadAction","target":["https:\/\/web.umons.ac.be\/efe\/fr\/devenir-enseignant-dans-le-superieur\/"]}]},{"@type":"BreadcrumbList","@id":"https:\/\/web.umons.ac.be\/efe\/fr\/devenir-enseignant-dans-le-superieur\/#breadcrumb","itemListElement":[{"@type":"ListItem","position":1,"name":"Accueil","item":"https:\/\/web.umons.ac.be\/efe\/fr\/"},{"@type":"ListItem","position":2,"name":"Devenir enseignant dans le sup\u00e9rieur"}]},{"@type":"WebSite","@id":"https:\/\/web.umons.ac.be\/efe\/#website","url":"https:\/\/web.umons.ac.be\/efe\/","name":"Ecole \/ EFE","description":"hgqdfjkghqdfjk","potentialAction":[{"@type":"SearchAction","target":{"@type":"EntryPoint","urlTemplate":"https:\/\/web.umons.ac.be\/efe\/?s={search_term_string}"},"query-input":{"@type":"PropertyValueSpecification","valueRequired":true,"valueName":"search_term_string"}}],"inLanguage":"fr-FR"}]}},"lang":"fr","translations":{"fr":1171},"pll_sync_post":[],"_links":{"self":[{"href":"https:\/\/web.umons.ac.be\/efe\/wp-json\/wp\/v2\/pages\/1171","targetHints":{"allow":["GET"]}}],"collection":[{"href":"https:\/\/web.umons.ac.be\/efe\/wp-json\/wp\/v2\/pages"}],"about":[{"href":"https:\/\/web.umons.ac.be\/efe\/wp-json\/wp\/v2\/types\/page"}],"author":[{"embeddable":true,"href":"https:\/\/web.umons.ac.be\/efe\/wp-json\/wp\/v2\/users\/2"}],"replies":[{"embeddable":true,"href":"https:\/\/web.umons.ac.be\/efe\/wp-json\/wp\/v2\/comments?post=1171"}],"version-history":[{"count":3,"href":"https:\/\/web.umons.ac.be\/efe\/wp-json\/wp\/v2\/pages\/1171\/revisions"}],"predecessor-version":[{"id":1678,"href":"https:\/\/web.umons.ac.be\/efe\/wp-json\/wp\/v2\/pages\/1171\/revisions\/1678"}],"wp:attachment":[{"href":"https:\/\/web.umons.ac.be\/efe\/wp-json\/wp\/v2\/media?parent=1171"}],"curies":[{"name":"wp","href":"https:\/\/api.w.org\/{rel}","templated":true}]}}