{"id":1611,"date":"2025-08-06T15:29:09","date_gmt":"2025-08-06T13:29:09","guid":{"rendered":"https:\/\/web.umons.ac.be\/efe\/?page_id=1611"},"modified":"2025-12-09T09:58:48","modified_gmt":"2025-12-09T08:58:48","slug":"certificat-encadrement-des-stages","status":"publish","type":"page","link":"https:\/\/web.umons.ac.be\/efe\/fr\/certificat-encadrement-des-stages\/","title":{"rendered":"Se former \u00e0 la fonction de ma\u00eetre de stage"},"content":{"rendered":"<h2>Vous souhaitez \u00e9voluer professionnellement ? Lancez-vous dans le certificat pour les ma\u00eetres de stage !<\/h2>\n<p>Le <strong>Certificat en encadrement de stage pour les enseignants en formation<\/strong> (CESEF) sera organis\u00e9 en codipl\u00f4mation avec nos Hautes Ecoles partenaires \u00e0 Mons, Ath, Tournai et Charleroi d\u00e8s l&rsquo;ann\u00e9e 2025-2026.<\/p>\n<h3>Objectifs de la formation<\/h3>\n<p>Ce certificat <strong>(gratuit)<\/strong> de 10 cr\u00e9dits vise \u00e0 :<\/p>\n<ul>\n<li>professionnaliser la fonction de maitre de stage dans le cadre de la RFIE ;<\/li>\n<li>offrir une formation sp\u00e9cifique, structur\u00e9e et certifiante \u00e0 destination des enseignants amen\u00e9s \u00e0 accueillir et accompagner des stagiaires ;<\/li>\n<li>soutenir un encadrement p\u00e9dagogique de qualit\u00e9, notamment dans le cadre des stages longs d\u00e9sormais int\u00e9gr\u00e9s dans les parcours de formation.<\/li>\n<\/ul>\n<p><span style=\"font-family: 'Helvetica Neue', Helvetica, Arial, sans-serif; font-size: 14px; font-style: normal; font-variant-ligatures: normal; font-variant-caps: normal; font-weight: 400;\">Il sera valorisable pour le <\/span><a style=\"font-family: 'Helvetica Neue', Helvetica, Arial, sans-serif; font-size: 14px; font-style: normal; font-variant-ligatures: normal; font-variant-caps: normal;\" href=\"https:\/\/web.umons.ac.be\/efe\/fr\/master-de-specialisation-en-formation-denseignants\/\">Master de sp\u00e9cialisation en formation d&rsquo;enseignants<\/a><span style=\"font-family: 'Helvetica Neue', Helvetica, Arial, sans-serif; font-size: 14px; font-style: normal; font-variant-ligatures: normal; font-variant-caps: normal; font-weight: 400;\">.<\/span><\/p>\n<p>Le D\u00e9cret stipule \u00e9galement que les \u00e9tablissements d\u00e9signeront de pr\u00e9f\u00e9rence comme maitre de stage les porteurs de ce certificat.<\/p>\n<h3 style=\"font-style: normal; font-variant-ligatures: normal; font-variant-caps: normal;\">Public cible<\/h3>\n<p style=\"font-style: normal; font-variant-ligatures: normal; font-variant-caps: normal; font-weight: 400; font-family: 'Helvetica Neue', Helvetica, Arial, sans-serif; font-size: 14px;\">Ce certificat est \u00e0 destination des enseignants et enseignantes en fonction dans l\u2019enseignement obligatoire, l\u2019ESAHR, l\u2019enseignement de promotion sociale ou aupr\u00e8s d\u2019organismes de formation (dans le domaine de l\u2019enseignement). Il est\u00a0<span style=\"font-weight: bold; font-size: 14px;\"><span style=\"text-decoration: underline;\">obligatoire<\/span>\u00a0<\/span>d&rsquo;\u00eatre en charge de l&rsquo;encadrement d&rsquo;un ou une stagiaire lors du suivi du certificat.<\/p>\n<p style=\"font-style: normal; font-variant-ligatures: normal; font-variant-caps: normal; font-weight: 400; font-family: 'Helvetica Neue', Helvetica, Arial, sans-serif; font-size: 14px;\"><span style=\"font-family: 'Helvetica Neue', Helvetica, Arial, sans-serif; font-size: 14px; font-style: normal; font-variant-ligatures: normal; font-variant-caps: normal; font-weight: 400; color: #5f686b;\">Les enseignants pourraient, avec l&rsquo;accord du pouvoir organisateur, valoriser cette formation dans le cadre des six demi-jours de formation obligatoire de formation en cours de carri\u00e8re.<\/span><\/p>\n<h3 style=\"font-style: normal; font-variant-ligatures: normal; font-variant-caps: normal;\">Organisation<\/h3>\n<p style=\"font-style: normal; font-variant-ligatures: normal; font-variant-caps: normal; font-weight: 400; font-family: 'Helvetica Neue', Helvetica, Arial, sans-serif; font-size: 14px;\"><span style=\"font-family: 'Helvetica Neue', Helvetica, Arial, sans-serif; font-size: 14px; font-style: normal; font-variant-ligatures: normal; font-variant-caps: normal; font-weight: 400;\">La formation se d\u00e9roule normalement sur une ann\u00e9e mais, pour des motifs d\u2019organisation professionnelle, une demande d\u2019all\u00e8gement peut \u00eatre introduite aupr\u00e8s du secr\u00e9tariat.<\/span><\/p>\n<p style=\"font-style: normal; font-variant-ligatures: normal; font-variant-caps: normal; font-weight: 400; font-family: 'Helvetica Neue', Helvetica, Arial, sans-serif; font-size: 14px;\"><strong>Les 10 cr\u00e9dits seront organis\u00e9s en trois volets :<\/strong><\/p>\n<ul>\n<li><span style=\"color: #78b4b2;\"><strong><span style=\"text-decoration: underline;\">VOLET 1 : FORMATION TH\u00c9ORIQUE<\/span><\/strong><\/span><\/li>\n<\/ul>\n<p><b>Cours : <\/b>Devenir maitre de stage : construire son identit\u00e9 et son expertise professionnelles (<strong>3 cr\u00e9dits<\/strong>) &amp; <span style=\"font-size: 14px;\">Observer et \u00e9valuer pour mieux accompagner : pratiques r\u00e9flexives et r\u00e9troactions formatives (<\/span><strong style=\"font-size: 14px;\">3 cr\u00e9dits<\/strong><span style=\"font-size: 14px;\">)<\/span><\/p>\n<p>\ud83d\udcc5 10 jours de cours (5 mercredis apr\u00e8s-midi et 5 samedis) + 32h \u00ab\u00a0hybrides\u00a0\u00bb <span style=\"font-family: 'Helvetica Neue', Helvetica, Arial, sans-serif; font-size: 14px; font-style: normal; font-variant-ligatures: normal; font-variant-caps: normal; font-weight: 400;\">(TP, travail sur plateforme, conf\u00e9rence, lectures, webinaire, suivi individuel, travaux de groupe\u2026)<\/span><\/p>\n<hr \/>\n<ul>\n<li><span style=\"color: #78b4b2;\"><strong><span style=\"text-decoration: underline;\">VOLET 2 : ACCOMPAGNEMENT D&rsquo;UN OU D&rsquo;UNE STAGIAIRE<\/span><\/strong><\/span><\/li>\n<\/ul>\n<p><strong>Cours :<\/strong> Retour sur ses pratiques : co-encadrer un stagiaire dans une dynamique collaborative (<strong>2 cr\u00e9dits<\/strong>)<\/p>\n<p>\ud83d\udcc5 1 soir\u00e9e de cours + suivi individuel<\/p>\n<hr \/>\n<ul>\n<li><span style=\"text-decoration: underline; color: #78b4b2;\"><strong>VOLET 3 : PORTFOLIO<\/strong><\/span><\/li>\n<\/ul>\n<p><strong>Cours :<\/strong> Tracer son parcours r\u00e9flexif : portfolio et accompagnement en situation professionnelle (<strong style=\"font-size: 14px;\">2 cr\u00e9dits<\/strong><span style=\"font-size: 14px;\">)<\/span><\/p>\n<p>\ud83d\udcc5 1 soir\u00e9e de cours + suivi individuel<\/p>\n<p><img loading=\"lazy\" decoding=\"async\" class=\"alignleft wp-image-1711 size-large\" src=\"https:\/\/web.umons.ac.be\/app\/uploads\/sites\/42\/2025\/11\/Horaires-CESEF-Internet-V2-1024x768.png\" alt=\"Horaires du certificat en encadrement de stage\" width=\"1024\" height=\"768\" srcset=\"https:\/\/web.umons.ac.be\/app\/uploads\/sites\/42\/2025\/11\/Horaires-CESEF-Internet-V2-1024x768.png 1024w, https:\/\/web.umons.ac.be\/app\/uploads\/sites\/42\/2025\/11\/Horaires-CESEF-Internet-V2-300x225.png 300w, https:\/\/web.umons.ac.be\/app\/uploads\/sites\/42\/2025\/11\/Horaires-CESEF-Internet-V2-768x576.png 768w, https:\/\/web.umons.ac.be\/app\/uploads\/sites\/42\/2025\/11\/Horaires-CESEF-Internet-V2-1536x1152.png 1536w, https:\/\/web.umons.ac.be\/app\/uploads\/sites\/42\/2025\/11\/Horaires-CESEF-Internet-V2-880x660.png 880w, https:\/\/web.umons.ac.be\/app\/uploads\/sites\/42\/2025\/11\/Horaires-CESEF-Internet-V2-30x23.png 30w, https:\/\/web.umons.ac.be\/app\/uploads\/sites\/42\/2025\/11\/Horaires-CESEF-Internet-V2-60x45.png 60w, https:\/\/web.umons.ac.be\/app\/uploads\/sites\/42\/2025\/11\/Horaires-CESEF-Internet-V2-360x270.png 360w, https:\/\/web.umons.ac.be\/app\/uploads\/sites\/42\/2025\/11\/Horaires-CESEF-Internet-V2.png 2000w\" sizes=\"auto, (max-width: 1024px) 100vw, 1024px\" \/><\/p>\n<p>&nbsp;<\/p>\n<h3>Inscription<\/h3>\n<p>Pour vous inscrire \u00e0 la formation, merci de compl\u00e9ter et d&rsquo;envoyer le formulaire suivant \u00e0 <span style=\"text-decoration: underline;\">formation.continue@umons.ac.be<\/span> ainsi que les documents demand\u00e9s :<\/p>\n<ul>\n<li>Une copie recto\/verso de votre carte d&rsquo;identit\u00e9<\/li>\n<li>La copie du \/ de vos dipl\u00f4me(s)<\/li>\n<li>Un document de la direction attestant que vous accueillerez un ou une stagiaire dans votre classe cette ann\u00e9e.<\/li>\n<\/ul>\n<div class=\"file-attachment\">\n<p><a href=\"https:\/\/web.umons.ac.be\/app\/uploads\/sites\/42\/2025\/09\/Formulaire-CU-EFE-2025-2026.docx\">Formulaire CU EFE 2025-2026<\/a><\/p>\n<\/div>\n<p><span style=\"font-family: 'Helvetica Neue', Helvetica, Arial, sans-serif; font-size: 14px; font-style: normal; font-variant-ligatures: normal; font-variant-caps: normal; font-weight: 400;\">Vous avez jusqu&rsquo;au\u00a0<\/span><span style=\"font-style: normal; font-variant-ligatures: normal; font-variant-caps: normal; font-weight: bold; font-family: 'Helvetica Neue', Helvetica, Arial, sans-serif; font-size: 14px;\">vendredi 19 d\u00e9cembre<\/span><span style=\"font-family: 'Helvetica Neue', Helvetica, Arial, sans-serif; font-size: 14px; font-style: normal; font-variant-ligatures: normal; font-variant-caps: normal; font-weight: 400;\">\u00a0au plus tard pour introduire une demande d\u2019inscription pour les sites d&rsquo;<span style=\"text-decoration: underline;\">Ath<\/span> et de <span style=\"text-decoration: underline;\">Charleroi<\/span>.<\/span><\/p>\n<p><span style=\"color: #bb0032;\"><strong>Il n&rsquo;est plus possible de vous inscrire pour l&rsquo;ann\u00e9e 2025-2026 sur les sites de Mons et de Tournai.\u00a0<\/strong><\/span><\/p>\n<p>&nbsp;<\/p>\n<h3>Nos partenaires<\/h3>\n<ul>\n<li><a href=\"https:\/\/www.heaj.be\/fr\/\">HEAJ<\/a><\/li>\n<li><a href=\"https:\/\/www.heh.be\/\">HEH<\/a><\/li>\n<li><a href=\"https:\/\/www.condorcet.be\/\">HEPhC<\/a><\/li>\n<li><a href=\"https:\/\/www.ulb.be\/\">ULB<\/a><\/li>\n<\/ul>\n<p class=\"cvGsUA direction-ltr align-start para-style-body\">\n","protected":false},"excerpt":{"rendered":"<p>Vous souhaitez \u00e9voluer professionnellement ? Lancez-vous dans le certificat pour les ma\u00eetres de stage ! Le Certificat en encadrement de stage pour les enseignants en formation (CESEF) sera organis\u00e9 en codipl\u00f4mation avec nos Hautes Ecoles partenaires \u00e0 Mons, Ath, Tournai et Charleroi d\u00e8s l&rsquo;ann\u00e9e 2025-2026. Objectifs de la formation Ce certificat (gratuit) de 10 cr\u00e9dits [&hellip;]<\/p>\n","protected":false},"author":1,"featured_media":0,"parent":0,"menu_order":0,"comment_status":"closed","ping_status":"closed","template":"","meta":{"footnotes":""},"class_list":["post-1611","page","type-page","status-publish","hentry"],"yoast_head":"<!-- This site is optimized with the Yoast SEO plugin v27.2 - https:\/\/yoast.com\/product\/yoast-seo-wordpress\/ -->\n<title>Se former \u00e0 la fonction de ma\u00eetre de stage - Ecole \/ EFE<\/title>\n<meta name=\"description\" content=\"Formez-vous \u00e0 la fonction de ma\u00eetre de stage : le certificat en encadrement de stage pour les enseignants en formation (CESEF) d\u00e8s 2025-2026.\" \/>\n<meta name=\"robots\" content=\"index, follow, max-snippet:-1, max-image-preview:large, max-video-preview:-1\" \/>\n<link rel=\"canonical\" href=\"https:\/\/web.umons.ac.be\/efe\/fr\/certificat-encadrement-des-stages\/\" \/>\n<meta property=\"og:locale\" content=\"fr_FR\" \/>\n<meta property=\"og:type\" content=\"article\" \/>\n<meta property=\"og:title\" content=\"Se former \u00e0 la fonction de ma\u00eetre de stage - Ecole \/ EFE\" \/>\n<meta property=\"og:description\" content=\"Formez-vous \u00e0 la fonction de ma\u00eetre de stage : le certificat en encadrement de stage pour les enseignants en formation (CESEF) d\u00e8s 2025-2026.\" \/>\n<meta property=\"og:url\" content=\"https:\/\/web.umons.ac.be\/efe\/fr\/certificat-encadrement-des-stages\/\" \/>\n<meta property=\"og:site_name\" content=\"Ecole \/ EFE\" \/>\n<meta property=\"article:modified_time\" content=\"2025-12-09T08:58:48+00:00\" \/>\n<meta property=\"og:image\" content=\"https:\/\/web.umons.ac.be\/app\/uploads\/sites\/42\/2025\/11\/Horaires-CESEF-Internet-V2.png\" \/>\n\t<meta property=\"og:image:width\" content=\"2000\" \/>\n\t<meta property=\"og:image:height\" content=\"1500\" \/>\n\t<meta property=\"og:image:type\" content=\"image\/png\" \/>\n<meta name=\"twitter:card\" content=\"summary_large_image\" \/>\n<meta name=\"twitter:label1\" content=\"Dur\u00e9e de lecture estim\u00e9e\" \/>\n\t<meta name=\"twitter:data1\" content=\"3 minutes\" \/>\n<script type=\"application\/ld+json\" class=\"yoast-schema-graph\">{\"@context\":\"https:\/\/schema.org\",\"@graph\":[{\"@type\":\"WebPage\",\"@id\":\"https:\/\/web.umons.ac.be\/efe\/fr\/certificat-encadrement-des-stages\/\",\"url\":\"https:\/\/web.umons.ac.be\/efe\/fr\/certificat-encadrement-des-stages\/\",\"name\":\"Se former \u00e0 la fonction de ma\u00eetre de stage - Ecole \/ EFE\",\"isPartOf\":{\"@id\":\"https:\/\/web.umons.ac.be\/efe\/#website\"},\"primaryImageOfPage\":{\"@id\":\"https:\/\/web.umons.ac.be\/efe\/fr\/certificat-encadrement-des-stages\/#primaryimage\"},\"image\":{\"@id\":\"https:\/\/web.umons.ac.be\/efe\/fr\/certificat-encadrement-des-stages\/#primaryimage\"},\"thumbnailUrl\":\"https:\/\/web.umons.ac.be\/app\/uploads\/sites\/42\/2025\/11\/Horaires-CESEF-Internet-V2-1024x768.png\",\"datePublished\":\"2025-08-06T13:29:09+00:00\",\"dateModified\":\"2025-12-09T08:58:48+00:00\",\"description\":\"Formez-vous \u00e0 la fonction de ma\u00eetre de stage : le certificat en encadrement de stage pour les enseignants en formation (CESEF) d\u00e8s 2025-2026.\",\"breadcrumb\":{\"@id\":\"https:\/\/web.umons.ac.be\/efe\/fr\/certificat-encadrement-des-stages\/#breadcrumb\"},\"inLanguage\":\"fr-FR\",\"potentialAction\":[{\"@type\":\"ReadAction\",\"target\":[\"https:\/\/web.umons.ac.be\/efe\/fr\/certificat-encadrement-des-stages\/\"]}]},{\"@type\":\"ImageObject\",\"inLanguage\":\"fr-FR\",\"@id\":\"https:\/\/web.umons.ac.be\/efe\/fr\/certificat-encadrement-des-stages\/#primaryimage\",\"url\":\"https:\/\/web.umons.ac.be\/app\/uploads\/sites\/42\/2025\/11\/Horaires-CESEF-Internet-V2-1024x768.png\",\"contentUrl\":\"https:\/\/web.umons.ac.be\/app\/uploads\/sites\/42\/2025\/11\/Horaires-CESEF-Internet-V2-1024x768.png\"},{\"@type\":\"BreadcrumbList\",\"@id\":\"https:\/\/web.umons.ac.be\/efe\/fr\/certificat-encadrement-des-stages\/#breadcrumb\",\"itemListElement\":[{\"@type\":\"ListItem\",\"position\":1,\"name\":\"Accueil\",\"item\":\"https:\/\/web.umons.ac.be\/efe\/fr\/\"},{\"@type\":\"ListItem\",\"position\":2,\"name\":\"Se former \u00e0 la fonction de ma\u00eetre de stage\"}]},{\"@type\":\"WebSite\",\"@id\":\"https:\/\/web.umons.ac.be\/efe\/#website\",\"url\":\"https:\/\/web.umons.ac.be\/efe\/\",\"name\":\"Ecole \/ EFE\",\"description\":\"hgqdfjkghqdfjk\",\"potentialAction\":[{\"@type\":\"SearchAction\",\"target\":{\"@type\":\"EntryPoint\",\"urlTemplate\":\"https:\/\/web.umons.ac.be\/efe\/?s={search_term_string}\"},\"query-input\":{\"@type\":\"PropertyValueSpecification\",\"valueRequired\":true,\"valueName\":\"search_term_string\"}}],\"inLanguage\":\"fr-FR\"}]}<\/script>\n<!-- \/ Yoast SEO plugin. -->","yoast_head_json":{"title":"Se former \u00e0 la fonction de ma\u00eetre de stage - Ecole \/ EFE","description":"Formez-vous \u00e0 la fonction de ma\u00eetre de stage : le certificat en encadrement de stage pour les enseignants en formation (CESEF) d\u00e8s 2025-2026.","robots":{"index":"index","follow":"follow","max-snippet":"max-snippet:-1","max-image-preview":"max-image-preview:large","max-video-preview":"max-video-preview:-1"},"canonical":"https:\/\/web.umons.ac.be\/efe\/fr\/certificat-encadrement-des-stages\/","og_locale":"fr_FR","og_type":"article","og_title":"Se former \u00e0 la fonction de ma\u00eetre de stage - Ecole \/ EFE","og_description":"Formez-vous \u00e0 la fonction de ma\u00eetre de stage : le certificat en encadrement de stage pour les enseignants en formation (CESEF) d\u00e8s 2025-2026.","og_url":"https:\/\/web.umons.ac.be\/efe\/fr\/certificat-encadrement-des-stages\/","og_site_name":"Ecole \/ EFE","article_modified_time":"2025-12-09T08:58:48+00:00","og_image":[{"width":2000,"height":1500,"url":"https:\/\/web.umons.ac.be\/app\/uploads\/sites\/42\/2025\/11\/Horaires-CESEF-Internet-V2.png","type":"image\/png"}],"twitter_card":"summary_large_image","twitter_misc":{"Dur\u00e9e de lecture estim\u00e9e":"3 minutes"},"schema":{"@context":"https:\/\/schema.org","@graph":[{"@type":"WebPage","@id":"https:\/\/web.umons.ac.be\/efe\/fr\/certificat-encadrement-des-stages\/","url":"https:\/\/web.umons.ac.be\/efe\/fr\/certificat-encadrement-des-stages\/","name":"Se former \u00e0 la fonction de ma\u00eetre de stage - Ecole \/ EFE","isPartOf":{"@id":"https:\/\/web.umons.ac.be\/efe\/#website"},"primaryImageOfPage":{"@id":"https:\/\/web.umons.ac.be\/efe\/fr\/certificat-encadrement-des-stages\/#primaryimage"},"image":{"@id":"https:\/\/web.umons.ac.be\/efe\/fr\/certificat-encadrement-des-stages\/#primaryimage"},"thumbnailUrl":"https:\/\/web.umons.ac.be\/app\/uploads\/sites\/42\/2025\/11\/Horaires-CESEF-Internet-V2-1024x768.png","datePublished":"2025-08-06T13:29:09+00:00","dateModified":"2025-12-09T08:58:48+00:00","description":"Formez-vous \u00e0 la fonction de ma\u00eetre de stage : le certificat en encadrement de stage pour les enseignants en formation (CESEF) d\u00e8s 2025-2026.","breadcrumb":{"@id":"https:\/\/web.umons.ac.be\/efe\/fr\/certificat-encadrement-des-stages\/#breadcrumb"},"inLanguage":"fr-FR","potentialAction":[{"@type":"ReadAction","target":["https:\/\/web.umons.ac.be\/efe\/fr\/certificat-encadrement-des-stages\/"]}]},{"@type":"ImageObject","inLanguage":"fr-FR","@id":"https:\/\/web.umons.ac.be\/efe\/fr\/certificat-encadrement-des-stages\/#primaryimage","url":"https:\/\/web.umons.ac.be\/app\/uploads\/sites\/42\/2025\/11\/Horaires-CESEF-Internet-V2-1024x768.png","contentUrl":"https:\/\/web.umons.ac.be\/app\/uploads\/sites\/42\/2025\/11\/Horaires-CESEF-Internet-V2-1024x768.png"},{"@type":"BreadcrumbList","@id":"https:\/\/web.umons.ac.be\/efe\/fr\/certificat-encadrement-des-stages\/#breadcrumb","itemListElement":[{"@type":"ListItem","position":1,"name":"Accueil","item":"https:\/\/web.umons.ac.be\/efe\/fr\/"},{"@type":"ListItem","position":2,"name":"Se former \u00e0 la fonction de ma\u00eetre de stage"}]},{"@type":"WebSite","@id":"https:\/\/web.umons.ac.be\/efe\/#website","url":"https:\/\/web.umons.ac.be\/efe\/","name":"Ecole \/ EFE","description":"hgqdfjkghqdfjk","potentialAction":[{"@type":"SearchAction","target":{"@type":"EntryPoint","urlTemplate":"https:\/\/web.umons.ac.be\/efe\/?s={search_term_string}"},"query-input":{"@type":"PropertyValueSpecification","valueRequired":true,"valueName":"search_term_string"}}],"inLanguage":"fr-FR"}]}},"lang":"fr","translations":{"fr":1611},"pll_sync_post":[],"_links":{"self":[{"href":"https:\/\/web.umons.ac.be\/efe\/wp-json\/wp\/v2\/pages\/1611","targetHints":{"allow":["GET"]}}],"collection":[{"href":"https:\/\/web.umons.ac.be\/efe\/wp-json\/wp\/v2\/pages"}],"about":[{"href":"https:\/\/web.umons.ac.be\/efe\/wp-json\/wp\/v2\/types\/page"}],"author":[{"embeddable":true,"href":"https:\/\/web.umons.ac.be\/efe\/wp-json\/wp\/v2\/users\/1"}],"replies":[{"embeddable":true,"href":"https:\/\/web.umons.ac.be\/efe\/wp-json\/wp\/v2\/comments?post=1611"}],"version-history":[{"count":4,"href":"https:\/\/web.umons.ac.be\/efe\/wp-json\/wp\/v2\/pages\/1611\/revisions"}],"predecessor-version":[{"id":1715,"href":"https:\/\/web.umons.ac.be\/efe\/wp-json\/wp\/v2\/pages\/1611\/revisions\/1715"}],"wp:attachment":[{"href":"https:\/\/web.umons.ac.be\/efe\/wp-json\/wp\/v2\/media?parent=1611"}],"curies":[{"name":"wp","href":"https:\/\/api.w.org\/{rel}","templated":true}]}}