{"id":266,"date":"2021-09-10T16:15:06","date_gmt":"2021-09-10T14:15:06","guid":{"rendered":"https:\/\/web.umons.ac.be\/efe\/?page_id=266"},"modified":"2024-10-04T15:07:17","modified_gmt":"2024-10-04T13:07:17","slug":"en-maternelle-primaire-secondaire-inferieur","status":"publish","type":"page","link":"https:\/\/web.umons.ac.be\/efe\/fr\/en-maternelle-primaire-secondaire-inferieur\/","title":{"rendered":"En maternelle, primaire, secondaire inf\u00e9rieur"},"content":{"rendered":"<h5>Formation en Haute Ecole<\/h5>\n<h2><strong>Devenir enseignant.e dans le maternel, le primaire ou le secondaire inf\u00e9rieur.<\/strong><\/h2>\n<p>Depuis l&rsquo;introduction de la R\u00e9forme de la Formation Initiale des Enseignants en septembre 2023, la formation pour devenir instituteur ou institutrice pr\u00e9scolaire et primaire, ainsi que pour devenir agr\u00e9g\u00e9.e de l&rsquo;enseignement secondaire inf\u00e9rieur (AESI), s&rsquo;\u00e9tale sur <strong>quatre ans<\/strong> <strong>: <\/strong><strong>trois ann\u00e9es en bachelier (180 cr\u00e9dits) suivies d&rsquo;une ann\u00e9e en master (60 cr\u00e9dits)<\/strong>. Ces formations s&rsquo;organisent dans le cadre de <a href=\"https:\/\/web.umons.ac.be\/efe\/fr\/codiplomation\/\">codipl\u00f4mation<\/a>. Les Hautes Ecoles sont r\u00e9f\u00e9rentes, l&rsquo;UMONS dispense une partie des enseignements <strong>d\u00e8s la premi\u00e8re ann\u00e9e<\/strong>.<\/p>\n<p>Il existe plusieurs sections, chacune permettant d&rsquo;enseigner \u00e0 un niveau sp\u00e9cifique :<\/p>\n<ul>\n<li><strong>Section 1<\/strong> : enseignement de la 1<sup>\u00e8re<\/sup> maternelle \u00e0 la 2<sup>\u00e8me<\/sup> primaire<\/li>\n<li><strong>Section 2<\/strong> : enseignement de la 3<sup>\u00e8me<\/sup> maternelle \u00e0 la 6<sup>\u00e8me<\/sup> primaire<\/li>\n<li><strong>Section 3<\/strong> : enseignement de la 5<sup>\u00e8me<\/sup> primaire \u00e0 la 3<sup>\u00e8me<\/sup> secondaire<\/li>\n<\/ul>\n<p><img loading=\"lazy\" decoding=\"async\" class=\"aligncenter wp-image-1089\" src=\"https:\/\/web.umons.ac.be\/app\/uploads\/sites\/42\/2023\/06\/Image2.png\" alt=\"Les \u00e9tudes pour devenir enseignant en maternelle, primaire et secondaire sont r\u00e9parties en 5 sections\" width=\"468\" height=\"189\" srcset=\"https:\/\/web.umons.ac.be\/app\/uploads\/sites\/42\/2023\/06\/Image2.png 386w, https:\/\/web.umons.ac.be\/app\/uploads\/sites\/42\/2023\/06\/Image2-300x121.png 300w, https:\/\/web.umons.ac.be\/app\/uploads\/sites\/42\/2023\/06\/Image2-30x12.png 30w, https:\/\/web.umons.ac.be\/app\/uploads\/sites\/42\/2023\/06\/Image2-60x24.png 60w, https:\/\/web.umons.ac.be\/app\/uploads\/sites\/42\/2023\/06\/Image2-360x145.png 360w\" sizes=\"auto, (max-width: 468px) 100vw, 468px\" \/><\/p>\n<p>Les sections 1 et 2 offrent un enseignement g\u00e9n\u00e9raliste. \u00c0 partir de la section 3, les futurs enseignants se sp\u00e9cialisent dans une discipline ou une famille de discipline.<\/p>\n<p>Tout enseignant des sections 1 \u00e0 3 aura le grade acad\u00e9mique de \u00ab Master en enseignement \u00bb + intitul\u00e9 de la section suivie (et pour la section 3, les disciplines suivies).<\/p>\n<p><span style=\"text-decoration: underline;\">Exemple<\/span> : Master en enseignement, section 3, fran\u00e7ais et langues anciennes<\/p>\n<h4><strong>Les forces de nos formations\u00a0:<\/strong><\/h4>\n<ul>\n<li>L\u2019Universit\u00e9 et les 3 Hautes Ecoles ont pr\u00e9par\u00e9 ensemble des programmes de formation adapt\u00e9s aux r\u00e9alit\u00e9s de terrain et aux probl\u00e9matiques de notre \u00e9poque (d\u00e9veloppement durable, inclusion, diff\u00e9renciation et accompagnement personnalis\u00e9, par exemple).<\/li>\n<li>Des enseignements sont partag\u00e9s entre les partenaires.<\/li>\n<li>L\u2019ensemble des cours est assur\u00e9 en pr\u00e9sentiel sur le site o\u00f9 l\u2019\u00e9tudiant est inscrit.<\/li>\n<\/ul>\n<p>L&rsquo;UMONS est partenaire pour l&rsquo;ensemble des formations suivantes :<\/p>\n<p><img loading=\"lazy\" decoding=\"async\" class=\"aligncenter wp-image-1382 size-large\" src=\"https:\/\/web.umons.ac.be\/app\/uploads\/sites\/42\/2024\/10\/Sections-1-3-cursus-fond-gris-e1728046347599-1024x761.png\" alt=\"\" width=\"1024\" height=\"761\" srcset=\"https:\/\/web.umons.ac.be\/app\/uploads\/sites\/42\/2024\/10\/Sections-1-3-cursus-fond-gris-e1728046347599-1024x761.png 1024w, https:\/\/web.umons.ac.be\/app\/uploads\/sites\/42\/2024\/10\/Sections-1-3-cursus-fond-gris-e1728046347599-300x223.png 300w, https:\/\/web.umons.ac.be\/app\/uploads\/sites\/42\/2024\/10\/Sections-1-3-cursus-fond-gris-e1728046347599-768x571.png 768w, https:\/\/web.umons.ac.be\/app\/uploads\/sites\/42\/2024\/10\/Sections-1-3-cursus-fond-gris-e1728046347599-1536x1141.png 1536w, https:\/\/web.umons.ac.be\/app\/uploads\/sites\/42\/2024\/10\/Sections-1-3-cursus-fond-gris-e1728046347599-888x660.png 888w, https:\/\/web.umons.ac.be\/app\/uploads\/sites\/42\/2024\/10\/Sections-1-3-cursus-fond-gris-e1728046347599-30x22.png 30w, https:\/\/web.umons.ac.be\/app\/uploads\/sites\/42\/2024\/10\/Sections-1-3-cursus-fond-gris-e1728046347599-60x45.png 60w, https:\/\/web.umons.ac.be\/app\/uploads\/sites\/42\/2024\/10\/Sections-1-3-cursus-fond-gris-e1728046347599-360x267.png 360w, https:\/\/web.umons.ac.be\/app\/uploads\/sites\/42\/2024\/10\/Sections-1-3-cursus-fond-gris-e1728046347599.png 2000w\" sizes=\"auto, (max-width: 1024px) 100vw, 1024px\" \/><\/p>\n<h4><strong>Hautes Ecoles r\u00e9f\u00e9rentes<\/strong><\/h4>\n<ul>\n<li><a href=\"https:\/\/www.heaj.be\/fr\/\"><strong>HEAJ<\/strong><\/a><\/li>\n<li><a href=\"https:\/\/www.heh.be\/\"><strong>HEH\u00a0<\/strong><\/a><\/li>\n<li><a href=\"https:\/\/www.condorcet.be\/\"><strong>HEPhC\u00a0<\/strong><\/a><\/li>\n<\/ul>\n","protected":false},"excerpt":{"rendered":"<p>Formation en Haute Ecole Devenir enseignant.e dans le maternel, le primaire ou le secondaire inf\u00e9rieur. Depuis l&rsquo;introduction de la R\u00e9forme de la Formation Initiale des Enseignants en septembre 2023, la formation pour devenir instituteur ou institutrice pr\u00e9scolaire et primaire, ainsi que pour devenir agr\u00e9g\u00e9.e de l&rsquo;enseignement secondaire inf\u00e9rieur (AESI), s&rsquo;\u00e9tale sur quatre ans : trois [&hellip;]<\/p>\n","protected":false},"author":2,"featured_media":0,"parent":0,"menu_order":0,"comment_status":"closed","ping_status":"closed","template":"","meta":{"footnotes":""},"class_list":["post-266","page","type-page","status-publish","hentry"],"yoast_head":"<!-- This site is optimized with the Yoast SEO plugin v27.2 - https:\/\/yoast.com\/product\/yoast-seo-wordpress\/ -->\n<title>En maternelle, primaire, secondaire inf\u00e9rieur - Ecole \/ EFE<\/title>\n<meta name=\"description\" content=\"La formation pour devenir enseignant en maternelle, primaire, secondaire inf\u00e9rieur s&#039;\u00e9tale sur 4 ans : 3 ans de bachelier et 1 an de Master.\" \/>\n<meta name=\"robots\" content=\"index, follow, max-snippet:-1, max-image-preview:large, max-video-preview:-1\" \/>\n<link rel=\"canonical\" href=\"https:\/\/web.umons.ac.be\/efe\/fr\/en-maternelle-primaire-secondaire-inferieur\/\" \/>\n<meta property=\"og:locale\" content=\"fr_FR\" \/>\n<meta property=\"og:type\" content=\"article\" \/>\n<meta property=\"og:title\" content=\"En maternelle, primaire, secondaire inf\u00e9rieur - Ecole \/ EFE\" \/>\n<meta property=\"og:description\" content=\"La formation pour devenir enseignant en maternelle, primaire, secondaire inf\u00e9rieur s&#039;\u00e9tale sur 4 ans : 3 ans de bachelier et 1 an de Master.\" \/>\n<meta property=\"og:url\" content=\"https:\/\/web.umons.ac.be\/efe\/fr\/en-maternelle-primaire-secondaire-inferieur\/\" \/>\n<meta property=\"og:site_name\" content=\"Ecole \/ EFE\" \/>\n<meta property=\"article:modified_time\" content=\"2024-10-04T13:07:17+00:00\" \/>\n<meta property=\"og:image\" content=\"https:\/\/web.umons.ac.be\/app\/uploads\/sites\/42\/2023\/06\/Image2.png\" \/>\n<meta name=\"twitter:card\" content=\"summary_large_image\" \/>\n<meta name=\"twitter:label1\" content=\"Dur\u00e9e de lecture estim\u00e9e\" \/>\n\t<meta name=\"twitter:data1\" content=\"2 minutes\" \/>\n<script type=\"application\/ld+json\" class=\"yoast-schema-graph\">{\"@context\":\"https:\/\/schema.org\",\"@graph\":[{\"@type\":\"WebPage\",\"@id\":\"https:\/\/web.umons.ac.be\/efe\/fr\/en-maternelle-primaire-secondaire-inferieur\/\",\"url\":\"https:\/\/web.umons.ac.be\/efe\/fr\/en-maternelle-primaire-secondaire-inferieur\/\",\"name\":\"En maternelle, primaire, secondaire inf\u00e9rieur - Ecole \/ EFE\",\"isPartOf\":{\"@id\":\"https:\/\/web.umons.ac.be\/efe\/#website\"},\"primaryImageOfPage\":{\"@id\":\"https:\/\/web.umons.ac.be\/efe\/fr\/en-maternelle-primaire-secondaire-inferieur\/#primaryimage\"},\"image\":{\"@id\":\"https:\/\/web.umons.ac.be\/efe\/fr\/en-maternelle-primaire-secondaire-inferieur\/#primaryimage\"},\"thumbnailUrl\":\"https:\/\/web.umons.ac.be\/app\/uploads\/sites\/42\/2023\/06\/Image2.png\",\"datePublished\":\"2021-09-10T14:15:06+00:00\",\"dateModified\":\"2024-10-04T13:07:17+00:00\",\"description\":\"La formation pour devenir enseignant en maternelle, primaire, secondaire inf\u00e9rieur s'\u00e9tale sur 4 ans : 3 ans de bachelier et 1 an de Master.\",\"breadcrumb\":{\"@id\":\"https:\/\/web.umons.ac.be\/efe\/fr\/en-maternelle-primaire-secondaire-inferieur\/#breadcrumb\"},\"inLanguage\":\"fr-FR\",\"potentialAction\":[{\"@type\":\"ReadAction\",\"target\":[\"https:\/\/web.umons.ac.be\/efe\/fr\/en-maternelle-primaire-secondaire-inferieur\/\"]}]},{\"@type\":\"ImageObject\",\"inLanguage\":\"fr-FR\",\"@id\":\"https:\/\/web.umons.ac.be\/efe\/fr\/en-maternelle-primaire-secondaire-inferieur\/#primaryimage\",\"url\":\"https:\/\/web.umons.ac.be\/app\/uploads\/sites\/42\/2023\/06\/Image2.png\",\"contentUrl\":\"https:\/\/web.umons.ac.be\/app\/uploads\/sites\/42\/2023\/06\/Image2.png\"},{\"@type\":\"BreadcrumbList\",\"@id\":\"https:\/\/web.umons.ac.be\/efe\/fr\/en-maternelle-primaire-secondaire-inferieur\/#breadcrumb\",\"itemListElement\":[{\"@type\":\"ListItem\",\"position\":1,\"name\":\"Accueil\",\"item\":\"https:\/\/web.umons.ac.be\/efe\/fr\/\"},{\"@type\":\"ListItem\",\"position\":2,\"name\":\"En maternelle, primaire, secondaire inf\u00e9rieur\"}]},{\"@type\":\"WebSite\",\"@id\":\"https:\/\/web.umons.ac.be\/efe\/#website\",\"url\":\"https:\/\/web.umons.ac.be\/efe\/\",\"name\":\"Ecole \/ EFE\",\"description\":\"hgqdfjkghqdfjk\",\"potentialAction\":[{\"@type\":\"SearchAction\",\"target\":{\"@type\":\"EntryPoint\",\"urlTemplate\":\"https:\/\/web.umons.ac.be\/efe\/?s={search_term_string}\"},\"query-input\":{\"@type\":\"PropertyValueSpecification\",\"valueRequired\":true,\"valueName\":\"search_term_string\"}}],\"inLanguage\":\"fr-FR\"}]}<\/script>\n<!-- \/ Yoast SEO plugin. -->","yoast_head_json":{"title":"En maternelle, primaire, secondaire inf\u00e9rieur - Ecole \/ EFE","description":"La formation pour devenir enseignant en maternelle, primaire, secondaire inf\u00e9rieur s'\u00e9tale sur 4 ans : 3 ans de bachelier et 1 an de Master.","robots":{"index":"index","follow":"follow","max-snippet":"max-snippet:-1","max-image-preview":"max-image-preview:large","max-video-preview":"max-video-preview:-1"},"canonical":"https:\/\/web.umons.ac.be\/efe\/fr\/en-maternelle-primaire-secondaire-inferieur\/","og_locale":"fr_FR","og_type":"article","og_title":"En maternelle, primaire, secondaire inf\u00e9rieur - Ecole \/ EFE","og_description":"La formation pour devenir enseignant en maternelle, primaire, secondaire inf\u00e9rieur s'\u00e9tale sur 4 ans : 3 ans de bachelier et 1 an de Master.","og_url":"https:\/\/web.umons.ac.be\/efe\/fr\/en-maternelle-primaire-secondaire-inferieur\/","og_site_name":"Ecole \/ EFE","article_modified_time":"2024-10-04T13:07:17+00:00","og_image":[{"url":"https:\/\/web.umons.ac.be\/app\/uploads\/sites\/42\/2023\/06\/Image2.png","type":"","width":"","height":""}],"twitter_card":"summary_large_image","twitter_misc":{"Dur\u00e9e de lecture estim\u00e9e":"2 minutes"},"schema":{"@context":"https:\/\/schema.org","@graph":[{"@type":"WebPage","@id":"https:\/\/web.umons.ac.be\/efe\/fr\/en-maternelle-primaire-secondaire-inferieur\/","url":"https:\/\/web.umons.ac.be\/efe\/fr\/en-maternelle-primaire-secondaire-inferieur\/","name":"En maternelle, primaire, secondaire inf\u00e9rieur - Ecole \/ EFE","isPartOf":{"@id":"https:\/\/web.umons.ac.be\/efe\/#website"},"primaryImageOfPage":{"@id":"https:\/\/web.umons.ac.be\/efe\/fr\/en-maternelle-primaire-secondaire-inferieur\/#primaryimage"},"image":{"@id":"https:\/\/web.umons.ac.be\/efe\/fr\/en-maternelle-primaire-secondaire-inferieur\/#primaryimage"},"thumbnailUrl":"https:\/\/web.umons.ac.be\/app\/uploads\/sites\/42\/2023\/06\/Image2.png","datePublished":"2021-09-10T14:15:06+00:00","dateModified":"2024-10-04T13:07:17+00:00","description":"La formation pour devenir enseignant en maternelle, primaire, secondaire inf\u00e9rieur s'\u00e9tale sur 4 ans : 3 ans de bachelier et 1 an de Master.","breadcrumb":{"@id":"https:\/\/web.umons.ac.be\/efe\/fr\/en-maternelle-primaire-secondaire-inferieur\/#breadcrumb"},"inLanguage":"fr-FR","potentialAction":[{"@type":"ReadAction","target":["https:\/\/web.umons.ac.be\/efe\/fr\/en-maternelle-primaire-secondaire-inferieur\/"]}]},{"@type":"ImageObject","inLanguage":"fr-FR","@id":"https:\/\/web.umons.ac.be\/efe\/fr\/en-maternelle-primaire-secondaire-inferieur\/#primaryimage","url":"https:\/\/web.umons.ac.be\/app\/uploads\/sites\/42\/2023\/06\/Image2.png","contentUrl":"https:\/\/web.umons.ac.be\/app\/uploads\/sites\/42\/2023\/06\/Image2.png"},{"@type":"BreadcrumbList","@id":"https:\/\/web.umons.ac.be\/efe\/fr\/en-maternelle-primaire-secondaire-inferieur\/#breadcrumb","itemListElement":[{"@type":"ListItem","position":1,"name":"Accueil","item":"https:\/\/web.umons.ac.be\/efe\/fr\/"},{"@type":"ListItem","position":2,"name":"En maternelle, primaire, secondaire inf\u00e9rieur"}]},{"@type":"WebSite","@id":"https:\/\/web.umons.ac.be\/efe\/#website","url":"https:\/\/web.umons.ac.be\/efe\/","name":"Ecole \/ EFE","description":"hgqdfjkghqdfjk","potentialAction":[{"@type":"SearchAction","target":{"@type":"EntryPoint","urlTemplate":"https:\/\/web.umons.ac.be\/efe\/?s={search_term_string}"},"query-input":{"@type":"PropertyValueSpecification","valueRequired":true,"valueName":"search_term_string"}}],"inLanguage":"fr-FR"}]}},"lang":"fr","translations":{"fr":266},"pll_sync_post":[],"_links":{"self":[{"href":"https:\/\/web.umons.ac.be\/efe\/wp-json\/wp\/v2\/pages\/266","targetHints":{"allow":["GET"]}}],"collection":[{"href":"https:\/\/web.umons.ac.be\/efe\/wp-json\/wp\/v2\/pages"}],"about":[{"href":"https:\/\/web.umons.ac.be\/efe\/wp-json\/wp\/v2\/types\/page"}],"author":[{"embeddable":true,"href":"https:\/\/web.umons.ac.be\/efe\/wp-json\/wp\/v2\/users\/2"}],"replies":[{"embeddable":true,"href":"https:\/\/web.umons.ac.be\/efe\/wp-json\/wp\/v2\/comments?post=266"}],"version-history":[{"count":3,"href":"https:\/\/web.umons.ac.be\/efe\/wp-json\/wp\/v2\/pages\/266\/revisions"}],"predecessor-version":[{"id":1395,"href":"https:\/\/web.umons.ac.be\/efe\/wp-json\/wp\/v2\/pages\/266\/revisions\/1395"}],"wp:attachment":[{"href":"https:\/\/web.umons.ac.be\/efe\/wp-json\/wp\/v2\/media?parent=266"}],"curies":[{"name":"wp","href":"https:\/\/api.w.org\/{rel}","templated":true}]}}