{"id":272,"date":"2021-09-10T16:25:26","date_gmt":"2021-09-10T14:25:26","guid":{"rendered":"https:\/\/web.umons.ac.be\/efe\/?page_id=272"},"modified":"2025-07-07T10:33:39","modified_gmt":"2025-07-07T08:33:39","slug":"en-secondaire-superieur","status":"publish","type":"page","link":"https:\/\/web.umons.ac.be\/efe\/fr\/en-secondaire-superieur\/","title":{"rendered":"En secondaire sup\u00e9rieur"},"content":{"rendered":"<h2>Devenir enseignant.e dans l\u2019enseignement secondaire sup\u00e9rieur<\/h2>\n<p>\u00c0 partir de l\u2019ann\u00e9e acad\u00e9mique 2025-2026, si vous souhaitez enseigner dans le secondaire sup\u00e9rieur (de la 4<sup>\u00e8me<\/sup> \u00e0 la 6<sup>\u00e8me<\/sup> secondaire), vous devrez suivre un <strong>Master en enseignement section 4<\/strong> ou un <strong>Master en enseignement section 5<\/strong>. Ces Masters s\u2019organisent dans le cadre de <a href=\"https:\/\/web.umons.ac.be\/efe\/fr\/codiplomation\/\"><u>codipl\u00f4mation<\/u><\/a> entre universit\u00e9s et hautes \u00e9coles. Les universit\u00e9s sont r\u00e9f\u00e9rentes.<\/p>\n<h2>Section 4 &#8211; Section 5 : Quelle diff\u00e9rence ?<\/h2>\n<ul>\n<li><strong>Le Master en enseignement Section 4<\/strong> (120 cr\u00e9dits) s\u2019\u00e9tend sur deux ann\u00e9es d\u2019\u00e9tude.\u00a0Cette formation est accessible apr\u00e8s l\u2019obtention d\u2019un bachelier disciplinaire de 180 cr\u00e9dits.<\/li>\n<li><strong>Le Master en enseignement Section 5 <\/strong>(60 cr\u00e9dits) remplace l\u2019AESS. Ce Master est accessible aux \u00e9tudiants ayant obtenu un Master disciplinaire de 120 ou 60 cr\u00e9dits.<\/li>\n<\/ul>\n<p><img loading=\"lazy\" decoding=\"async\" class=\"aligncenter wp-image-1381 size-large\" style=\"font-style: normal; font-variant-ligatures: normal; font-variant-caps: normal; font-weight: 400; font-family: 'Helvetica Neue', Helvetica, Arial, sans-serif; font-size: 14px;\" src=\"https:\/\/web.umons.ac.be\/app\/uploads\/sites\/42\/2024\/10\/Sections-4-5-fond-gris-e1728046580298-1024x292.png\" alt=\"\" width=\"1024\" height=\"292\" srcset=\"https:\/\/web.umons.ac.be\/app\/uploads\/sites\/42\/2024\/10\/Sections-4-5-fond-gris-e1728046580298-1024x292.png 1024w, https:\/\/web.umons.ac.be\/app\/uploads\/sites\/42\/2024\/10\/Sections-4-5-fond-gris-e1728046580298-300x85.png 300w, https:\/\/web.umons.ac.be\/app\/uploads\/sites\/42\/2024\/10\/Sections-4-5-fond-gris-e1728046580298-768x219.png 768w, https:\/\/web.umons.ac.be\/app\/uploads\/sites\/42\/2024\/10\/Sections-4-5-fond-gris-e1728046580298-1536x437.png 1536w, https:\/\/web.umons.ac.be\/app\/uploads\/sites\/42\/2024\/10\/Sections-4-5-fond-gris-e1728046580298-1600x456.png 1600w, https:\/\/web.umons.ac.be\/app\/uploads\/sites\/42\/2024\/10\/Sections-4-5-fond-gris-e1728046580298-30x9.png 30w, https:\/\/web.umons.ac.be\/app\/uploads\/sites\/42\/2024\/10\/Sections-4-5-fond-gris-e1728046580298-60x17.png 60w, https:\/\/web.umons.ac.be\/app\/uploads\/sites\/42\/2024\/10\/Sections-4-5-fond-gris-e1728046580298-360x103.png 360w, https:\/\/web.umons.ac.be\/app\/uploads\/sites\/42\/2024\/10\/Sections-4-5-fond-gris-e1728046580298.png 1826w\" sizes=\"auto, (max-width: 1024px) 100vw, 1024px\" \/><\/p>\n<h2>Notre programme<\/h2>\n<p>Le programme comprend pour les sections 4 et les sections 5\u00a0:<\/p>\n<ul>\n<li><strong>AXE PRATIQUE\u00a0: 25 cr\u00e9dits <\/strong>dont un stage de 20 cr\u00e9dits<\/li>\n<li><strong>AXE PEDAGOGIQUE\u00a0: 20 cr\u00e9dits <\/strong>dont un cours de didactique des disciplines de 12 cr\u00e9dits<\/li>\n<li><strong>AXE SCIENCES HUMAINES ET SOCIALES\u00a0: 15 cr\u00e9dits<\/strong><\/li>\n<\/ul>\n<p>Les \u00e9tudiants de Master en enseignement Section 4 auront en plus\u00a0:<\/p>\n<ul>\n<li><strong>AXE PRATIQUE<\/strong><strong>: 5 cr\u00e9dits suppl\u00e9mentaires<\/strong><\/li>\n<li><strong>AXE DISCIPLINAIRE\u00a0: 38 cr\u00e9dits.<\/strong> Ces cours sont sp\u00e9cifiques \u00e0 chaque discipline.<\/li>\n<li><strong>AXE RECHERCHE\u00a0: 17 cr\u00e9dits<\/strong> avec la r\u00e9alisation d\u2019un m\u00e9moire<\/li>\n<\/ul>\n<p><img loading=\"lazy\" decoding=\"async\" class=\"wp-image-1550 size-large alignleft\" src=\"https:\/\/web.umons.ac.be\/app\/uploads\/sites\/42\/2025\/03\/Programme-S4-S5-1024x410.png\" alt=\"\" width=\"1024\" height=\"410\" srcset=\"https:\/\/web.umons.ac.be\/app\/uploads\/sites\/42\/2025\/03\/Programme-S4-S5-1024x410.png 1024w, https:\/\/web.umons.ac.be\/app\/uploads\/sites\/42\/2025\/03\/Programme-S4-S5-300x120.png 300w, https:\/\/web.umons.ac.be\/app\/uploads\/sites\/42\/2025\/03\/Programme-S4-S5-768x307.png 768w, https:\/\/web.umons.ac.be\/app\/uploads\/sites\/42\/2025\/03\/Programme-S4-S5-1536x614.png 1536w, https:\/\/web.umons.ac.be\/app\/uploads\/sites\/42\/2025\/03\/Programme-S4-S5-1600x640.png 1600w, https:\/\/web.umons.ac.be\/app\/uploads\/sites\/42\/2025\/03\/Programme-S4-S5-30x12.png 30w, https:\/\/web.umons.ac.be\/app\/uploads\/sites\/42\/2025\/03\/Programme-S4-S5-60x24.png 60w, https:\/\/web.umons.ac.be\/app\/uploads\/sites\/42\/2025\/03\/Programme-S4-S5-360x144.png 360w, https:\/\/web.umons.ac.be\/app\/uploads\/sites\/42\/2025\/03\/Programme-S4-S5.png 2000w\" sizes=\"auto, (max-width: 1024px) 100vw, 1024px\" \/><\/p>\n<p>&nbsp;<\/p>\n<h2>Cursus organis\u00e9s \u00e0 l&rsquo;UMONS<\/h2>\n<p>Ces formations permettent de vous sp\u00e9cialiser dans une discipline.<\/p>\n<p><strong><u>Section 4\u00a0:<\/u><\/strong><\/p>\n<ul>\n<li><strong>Biologie\u00a0:<\/strong> <a href=\"https:\/\/web.umons.ac.be\/efe\/fr\/training\/m2-mebio4\/\"><u>Master en enseignement section 4\u00a0: Biologie<\/u><\/a><\/li>\n<li><strong>Chimie\u00a0:<\/strong> <a href=\"https:\/\/web.umons.ac.be\/efe\/fr\/training\/m2-mechi4\/\">Master en enseignement section 4\u00a0: Chimie<\/a><\/li>\n<li><strong>Math\u00e9matiques\u00a0:<\/strong> <a href=\"https:\/\/web.umons.ac.be\/efe\/fr\/training\/m2-memat4\/\">Master en enseignement section 4\u00a0: Math\u00e9matiques<\/a><\/li>\n<li><strong>Physique\u00a0:<\/strong> <a href=\"https:\/\/web.umons.ac.be\/efe\/fr\/training\/m2-mephy4\/\">Master en enseignement section 4\u00a0: Physique<\/a><\/li>\n<li><strong>Langues modernes, traduction et interpr\u00e9tation <\/strong>: <a href=\"https:\/\/web.umons.ac.be\/fti-eii\/fr\/formations\/m2-lmtis4\/\">Master en enseignement section 4\u00a0: Langues modernes, traduction et interpr\u00e9tation<\/a><\/li>\n<\/ul>\n<p><strong><u>Section 5\u00a0:<\/u><\/strong><\/p>\n<ul>\n<li><strong>Architecture\u00a0<\/strong>: <a href=\"https:\/\/web.umons.ac.be\/efe\/fr\/training\/m1-mearc5\/\">Master en enseignement section 5\u00a0: Architecture<\/a><\/li>\n<li><strong>Urbanisme\u00a0:<\/strong> <a href=\"https:\/\/web.umons.ac.be\/efe\/fr\/training\/m1-meurb5\/\">Master en enseignement section 5\u00a0: Urbanisme<\/a><\/li>\n<li><strong>Sciences biom\u00e9dicales\u00a0:<\/strong> <a href=\"https:\/\/web.umons.ac.be\/efe\/fr\/training\/m1-memd5\/\">Master en enseignement section 5\u00a0: Sciences biom\u00e9dicales<\/a><\/li>\n<li><strong>Sciences pharmaceutiques\u00a0:<\/strong> <a href=\"https:\/\/web.umons.ac.be\/efe\/fr\/training\/m1-mepha5\/\">Master en enseignement section 5\u00a0: Sciences pharmaceutiques<\/a><\/li>\n<li><strong>Sciences de l\u2019ing\u00e9nieur<\/strong>: <a href=\"https:\/\/web.umons.ac.be\/efe\/fr\/training\/m1-meing5\/\">Master en enseignement section 5\u00a0: Sciences de l\u2019ing\u00e9nieur<\/a><\/li>\n<li><strong>Sciences psychologiques et de l\u2019\u00e9ducation\u00a0:<\/strong> <a href=\"https:\/\/web.umons.ac.be\/efe\/fr\/training\/m1-mepsy5\/\">Master en enseignement section 5\u00a0: Sciences psychologiques et de l\u2019\u00e9ducation<\/a><\/li>\n<li><strong>Sciences \u00e9conomiques<\/strong>: <a href=\"https:\/\/web.umons.ac.be\/efe\/fr\/training\/m1-meeco5\/\">Master en enseignement section 5\u00a0: Sciences \u00e9conomiques<\/a><\/li>\n<li><strong>Sciences sociales\u00a0:<\/strong> <a href=\"https:\/\/web.umons.ac.be\/efe\/fr\/training\/m1-mesoc5\/\">Master en enseignement section 5\u00a0: Sciences sociales<\/a><\/li>\n<li><strong>Biologie\u00a0:<\/strong> <a href=\"https:\/\/web.umons.ac.be\/efe\/fr\/training\/m1-mebio5\/\">Master en enseignement section 5\u00a0: Biologie<\/a><\/li>\n<li><strong>Chimie\u00a0:<\/strong> <a href=\"https:\/\/web.umons.ac.be\/efe\/fr\/training\/m1-mechi5\/\">Master en enseignement section 5\u00a0: Chimie<\/a><\/li>\n<li><strong>Math\u00e9matiques\u00a0:<\/strong> <a href=\"https:\/\/web.umons.ac.be\/efe\/fr\/training\/m1-memat5\/\">Master en enseignement section 5\u00a0: Math\u00e9matiques<\/a><\/li>\n<li><strong>Physique<\/strong>: <a href=\"https:\/\/web.umons.ac.be\/efe\/fr\/training\/m1-mephy5\/\">Master en enseignement section 5\u00a0: Physique<\/a><\/li>\n<li><strong>Sciences informatiques\u00a0:<\/strong> <a href=\"https:\/\/web.umons.ac.be\/efe\/fr\/training\/m1-meinf5\/\">Master en enseignement section 5\u00a0: Sciences informatiques<\/a><\/li>\n<li><strong>Langues modernes, traduction et interpr\u00e9tation<\/strong>\u00a0: <a href=\"https:\/\/web.umons.ac.be\/fti-eii\/fr\/formations\/m1-lmtis5\/\">Master en enseignement section 5\u00a0: Langues modernes, traduction et interpr\u00e9tation<\/a><\/li>\n<\/ul>\n<h2>Acc\u00e8s aux formations<\/h2>\n<p>Vous \u00eates d\u00e9j\u00e0 titulaire d\u2019un dipl\u00f4me de l\u2019enseignement sup\u00e9rieur obtenu en Communaut\u00e9 fran\u00e7aise\u00a0? V\u00e9rifiez, gr\u00e2ce \u00e0 notre\u00a0<a href=\"https:\/\/web.umons.ac.be\/fr\/acces-aux-etudes-de-master\/\"><strong>outil de recherche<\/strong><\/a>, si votre dipl\u00f4me donne acc\u00e8s \u00e0 ce master et si oui, \u00e0 quelles conditions.<\/p>\n<p>Si vous \u00eates titulaire d\u2019un dipl\u00f4me hors Communaut\u00e9 fran\u00e7aise de Belgique ou si votre dipl\u00f4me n\u2019apparait pas dans l\u2019outil de recherche, veuillez contacter le secr\u00e9tariat (<a href=\"mailto:info.efe@umons.ac.be\">info.efe@umons.ac.be<\/a>) pour demander si vous avez acc\u00e8s \u00e0 la formation en envoyant une photocopie de votre dipl\u00f4me.<\/p>\n<start-cask-shortcode-wrapper>    <div class=\"accordion content-block scheme-efe\">\n                <div class=\"accordion-inner\">\n            <div class=\"accordion-bellow\">\n                <button class=\"accordion-bellow-toggle scheme-background-hover\" data-target=\"#accordion-content-686b85ba4370a\">\n                    <span class=\"icon umons-icon-chevron-down\" aria-hidden=\"true\"><\/span> Master en enseignement section 4 - Informations pratiques                <\/button>\n            <\/div>\n            <div id=\"accordion-content-686b85ba4370a\" class=\"accordion-content\">\n            \t<div class=\"inner editor-front\">\n            \t\t<ul>\n<li><strong>Organisation<\/strong><\/li>\n<\/ul>\n<p>Les Masters en enseignement section 4 sont organis\u00e9s \u00e0 <strong>Mons<\/strong> en cours du jour, avec quelques cours du tronc commun en horaire d\u00e9cal\u00e9 (en soir\u00e9e).<\/p>\n<ul>\n<li><strong>Inscriptions<\/strong><\/li>\n<\/ul>\n<p>Co\u00fbts de l&rsquo;inscription : 835\u20ac<\/p>\n<ul>\n<li><strong>Contact<\/strong><\/li>\n<\/ul>\n<p>Ecole de\u00a0<span style=\"font-family: 'Helvetica Neue', Helvetica, Arial, sans-serif; font-size: 14px; font-style: normal; font-variant-ligatures: normal; font-variant-caps: normal; font-weight: 400;\">Formation des Enseignants<\/span><\/p>\n<p><span style=\"font-family: 'Helvetica Neue', Helvetica, Arial, sans-serif; font-size: 14px; font-style: normal; font-variant-ligatures: normal; font-variant-caps: normal; font-weight: 400;\">17, Place Warocqu\u00e9 \u2013 7000 Mons<\/span><br \/>\n<a style=\"font-style: normal; font-variant-ligatures: normal; font-variant-caps: normal; font-family: 'Helvetica Neue', Helvetica, Arial, sans-serif; font-size: 14px;\" href=\"mailto:Info.EFE@umons.ac.be\">Info.EFE@umons.ac.be<\/a><br \/>\n<span style=\"font-family: 'Helvetica Neue', Helvetica, Arial, sans-serif; font-size: 14px; font-style: normal; font-variant-ligatures: normal; font-variant-caps: normal; font-weight: 400;\">T\u00e9l. : 0032 65 55 20 80<\/span><\/p>\n            \t<\/div>\n            <\/div>\n        <\/div>\n                <div class=\"accordion-inner\">\n            <div class=\"accordion-bellow\">\n                <button class=\"accordion-bellow-toggle scheme-background-hover\" data-target=\"#accordion-content-686b85ba539b7\">\n                    <span class=\"icon umons-icon-chevron-down\" aria-hidden=\"true\"><\/span> Master en enseignement section 5 - Informations pratiques                <\/button>\n            <\/div>\n            <div id=\"accordion-content-686b85ba539b7\" class=\"accordion-content\">\n            \t<div class=\"inner editor-front\">\n            \t\t<ul>\n<li><strong>Organisation<\/strong><\/li>\n<\/ul>\n<p>Les Masters en enseignement section 5 sont organis\u00e9s \u00e0 <strong>Mons<\/strong> en <strong>horaire d\u00e9cal\u00e9<\/strong> et le mercredi apr\u00e8s-midi. Aucun cours ne seront organis\u00e9s le vendredi soir et le samedi.<\/p>\n<ul>\n<li><strong>Inscription<\/strong><\/li>\n<\/ul>\n<p>Co\u00fbts de l\u2019inscription<strong>\u00a0<\/strong>: 835\u20ac<\/p>\n<ul>\n<li><strong>All\u00e8gement<\/strong><\/li>\n<\/ul>\n<p>Vous pouvez suivre la formation sur une ann\u00e9e mais il est possible de demander un all\u00e8gement des \u00e9tudes. Les conditions peuvent \u00eatre demand\u00e9es au secr\u00e9tariat de l\u2019Ecole de Formation des Enseignants.<\/p>\n<p>En cas d\u2019all\u00e8gement, les frais d\u2019inscription sont calcul\u00e9s au prorata des cr\u00e9dits du PAE (Programme annuel de l\u2019\u00e9tudiant) pour la premi\u00e8re ann\u00e9e (environ la moiti\u00e9 des frais), mais sont dus en totalit\u00e9 la deuxi\u00e8me ann\u00e9e, soit 835\u20ac.<\/p>\n<ul>\n<li><strong>Contact<\/strong><\/li>\n<\/ul>\n<p>Ecole de\u00a0<span style=\"font-family: 'Helvetica Neue', Helvetica, Arial, sans-serif; font-size: 14px; font-style: normal; font-variant-ligatures: normal; font-variant-caps: normal; font-weight: 400;\">Formation des Enseignants<\/span><\/p>\n<p><span style=\"font-family: 'Helvetica Neue', Helvetica, Arial, sans-serif; font-size: 14px; font-style: normal; font-variant-ligatures: normal; font-variant-caps: normal; font-weight: 400;\">17, Place Warocqu\u00e9 \u2013 7000 Mons<\/span><br \/>\n<a style=\"font-style: normal; font-variant-ligatures: normal; font-variant-caps: normal; font-family: 'Helvetica Neue', Helvetica, Arial, sans-serif; font-size: 14px;\" href=\"mailto:Info.EFE@umons.ac.be\">Info.EFE@umons.ac.be<\/a><br \/>\n<span style=\"font-family: 'Helvetica Neue', Helvetica, Arial, sans-serif; font-size: 14px; font-style: normal; font-variant-ligatures: normal; font-variant-caps: normal; font-weight: 400;\">T\u00e9l. : 0032 65 55 20 80<\/span><\/p>\n            \t<\/div>\n            <\/div>\n        <\/div>\n            <\/div>\n<end-cask-shortcode-wrapper>\n<p>&nbsp;<\/p>\n","protected":false},"excerpt":{"rendered":"<p>Devenir enseignant.e dans l\u2019enseignement secondaire sup\u00e9rieur \u00c0 partir de l\u2019ann\u00e9e acad\u00e9mique 2025-2026, si vous souhaitez enseigner dans le secondaire sup\u00e9rieur (de la 4\u00e8me \u00e0 la 6\u00e8me secondaire), vous devrez suivre un Master en enseignement section 4 ou un Master en enseignement section 5. Ces Masters s\u2019organisent dans le cadre de codipl\u00f4mation entre universit\u00e9s et hautes [&hellip;]<\/p>\n","protected":false},"author":2,"featured_media":0,"parent":0,"menu_order":0,"comment_status":"closed","ping_status":"closed","template":"","meta":{"footnotes":""},"class_list":["post-272","page","type-page","status-publish","hentry"],"yoast_head":"<!-- This site is optimized with the Yoast SEO plugin v27.2 - https:\/\/yoast.com\/product\/yoast-seo-wordpress\/ -->\n<title>En secondaire sup\u00e9rieur - Ecole \/ EFE<\/title>\n<meta name=\"description\" content=\"A partir de 2024-2025, pour enseigner dans le secondaire sup\u00e9rieur, il faudra \u00eatre titulaire d&#039;un Master en enseignement section 4 ou 5...\" \/>\n<meta name=\"robots\" content=\"index, follow, max-snippet:-1, max-image-preview:large, max-video-preview:-1\" \/>\n<link rel=\"canonical\" href=\"https:\/\/web.umons.ac.be\/efe\/fr\/en-secondaire-superieur\/\" \/>\n<meta property=\"og:locale\" content=\"fr_FR\" \/>\n<meta property=\"og:type\" content=\"article\" \/>\n<meta property=\"og:title\" content=\"En secondaire sup\u00e9rieur - Ecole \/ EFE\" \/>\n<meta property=\"og:description\" content=\"A partir de 2024-2025, pour enseigner dans le secondaire sup\u00e9rieur, il faudra \u00eatre titulaire d&#039;un Master en enseignement section 4 ou 5...\" \/>\n<meta property=\"og:url\" content=\"https:\/\/web.umons.ac.be\/efe\/fr\/en-secondaire-superieur\/\" \/>\n<meta property=\"og:site_name\" content=\"Ecole \/ EFE\" \/>\n<meta property=\"article:modified_time\" content=\"2025-07-07T08:33:39+00:00\" \/>\n<meta property=\"og:image\" content=\"https:\/\/web.umons.ac.be\/app\/uploads\/sites\/42\/2024\/10\/Sections-4-5-fond-gris-e1728046580298.png\" \/>\n\t<meta property=\"og:image:width\" content=\"1826\" \/>\n\t<meta property=\"og:image:height\" content=\"520\" \/>\n\t<meta property=\"og:image:type\" content=\"image\/png\" \/>\n<meta name=\"twitter:card\" content=\"summary_large_image\" \/>\n<meta name=\"twitter:label1\" content=\"Dur\u00e9e de lecture estim\u00e9e\" \/>\n\t<meta name=\"twitter:data1\" content=\"3 minutes\" \/>\n<script type=\"application\/ld+json\" class=\"yoast-schema-graph\">{\"@context\":\"https:\/\/schema.org\",\"@graph\":[{\"@type\":\"WebPage\",\"@id\":\"https:\/\/web.umons.ac.be\/efe\/fr\/en-secondaire-superieur\/\",\"url\":\"https:\/\/web.umons.ac.be\/efe\/fr\/en-secondaire-superieur\/\",\"name\":\"En secondaire sup\u00e9rieur - Ecole \/ EFE\",\"isPartOf\":{\"@id\":\"https:\/\/web.umons.ac.be\/efe\/#website\"},\"primaryImageOfPage\":{\"@id\":\"https:\/\/web.umons.ac.be\/efe\/fr\/en-secondaire-superieur\/#primaryimage\"},\"image\":{\"@id\":\"https:\/\/web.umons.ac.be\/efe\/fr\/en-secondaire-superieur\/#primaryimage\"},\"thumbnailUrl\":\"https:\/\/web.umons.ac.be\/app\/uploads\/sites\/42\/2024\/10\/Sections-4-5-fond-gris-e1728046580298-1024x292.png\",\"datePublished\":\"2021-09-10T14:25:26+00:00\",\"dateModified\":\"2025-07-07T08:33:39+00:00\",\"description\":\"A partir de 2024-2025, pour enseigner dans le secondaire sup\u00e9rieur, il faudra \u00eatre titulaire d'un Master en enseignement section 4 ou 5...\",\"breadcrumb\":{\"@id\":\"https:\/\/web.umons.ac.be\/efe\/fr\/en-secondaire-superieur\/#breadcrumb\"},\"inLanguage\":\"fr-FR\",\"potentialAction\":[{\"@type\":\"ReadAction\",\"target\":[\"https:\/\/web.umons.ac.be\/efe\/fr\/en-secondaire-superieur\/\"]}]},{\"@type\":\"ImageObject\",\"inLanguage\":\"fr-FR\",\"@id\":\"https:\/\/web.umons.ac.be\/efe\/fr\/en-secondaire-superieur\/#primaryimage\",\"url\":\"https:\/\/web.umons.ac.be\/app\/uploads\/sites\/42\/2024\/10\/Sections-4-5-fond-gris-e1728046580298-1024x292.png\",\"contentUrl\":\"https:\/\/web.umons.ac.be\/app\/uploads\/sites\/42\/2024\/10\/Sections-4-5-fond-gris-e1728046580298-1024x292.png\"},{\"@type\":\"BreadcrumbList\",\"@id\":\"https:\/\/web.umons.ac.be\/efe\/fr\/en-secondaire-superieur\/#breadcrumb\",\"itemListElement\":[{\"@type\":\"ListItem\",\"position\":1,\"name\":\"Accueil\",\"item\":\"https:\/\/web.umons.ac.be\/efe\/fr\/\"},{\"@type\":\"ListItem\",\"position\":2,\"name\":\"En secondaire sup\u00e9rieur\"}]},{\"@type\":\"WebSite\",\"@id\":\"https:\/\/web.umons.ac.be\/efe\/#website\",\"url\":\"https:\/\/web.umons.ac.be\/efe\/\",\"name\":\"Ecole \/ EFE\",\"description\":\"hgqdfjkghqdfjk\",\"potentialAction\":[{\"@type\":\"SearchAction\",\"target\":{\"@type\":\"EntryPoint\",\"urlTemplate\":\"https:\/\/web.umons.ac.be\/efe\/?s={search_term_string}\"},\"query-input\":{\"@type\":\"PropertyValueSpecification\",\"valueRequired\":true,\"valueName\":\"search_term_string\"}}],\"inLanguage\":\"fr-FR\"}]}<\/script>\n<!-- \/ Yoast SEO plugin. -->","yoast_head_json":{"title":"En secondaire sup\u00e9rieur - Ecole \/ EFE","description":"A partir de 2024-2025, pour enseigner dans le secondaire sup\u00e9rieur, il faudra \u00eatre titulaire d'un Master en enseignement section 4 ou 5...","robots":{"index":"index","follow":"follow","max-snippet":"max-snippet:-1","max-image-preview":"max-image-preview:large","max-video-preview":"max-video-preview:-1"},"canonical":"https:\/\/web.umons.ac.be\/efe\/fr\/en-secondaire-superieur\/","og_locale":"fr_FR","og_type":"article","og_title":"En secondaire sup\u00e9rieur - Ecole \/ EFE","og_description":"A partir de 2024-2025, pour enseigner dans le secondaire sup\u00e9rieur, il faudra \u00eatre titulaire d'un Master en enseignement section 4 ou 5...","og_url":"https:\/\/web.umons.ac.be\/efe\/fr\/en-secondaire-superieur\/","og_site_name":"Ecole \/ EFE","article_modified_time":"2025-07-07T08:33:39+00:00","og_image":[{"width":1826,"height":520,"url":"https:\/\/web.umons.ac.be\/app\/uploads\/sites\/42\/2024\/10\/Sections-4-5-fond-gris-e1728046580298.png","type":"image\/png"}],"twitter_card":"summary_large_image","twitter_misc":{"Dur\u00e9e de lecture estim\u00e9e":"3 minutes"},"schema":{"@context":"https:\/\/schema.org","@graph":[{"@type":"WebPage","@id":"https:\/\/web.umons.ac.be\/efe\/fr\/en-secondaire-superieur\/","url":"https:\/\/web.umons.ac.be\/efe\/fr\/en-secondaire-superieur\/","name":"En secondaire sup\u00e9rieur - Ecole \/ EFE","isPartOf":{"@id":"https:\/\/web.umons.ac.be\/efe\/#website"},"primaryImageOfPage":{"@id":"https:\/\/web.umons.ac.be\/efe\/fr\/en-secondaire-superieur\/#primaryimage"},"image":{"@id":"https:\/\/web.umons.ac.be\/efe\/fr\/en-secondaire-superieur\/#primaryimage"},"thumbnailUrl":"https:\/\/web.umons.ac.be\/app\/uploads\/sites\/42\/2024\/10\/Sections-4-5-fond-gris-e1728046580298-1024x292.png","datePublished":"2021-09-10T14:25:26+00:00","dateModified":"2025-07-07T08:33:39+00:00","description":"A partir de 2024-2025, pour enseigner dans le secondaire sup\u00e9rieur, il faudra \u00eatre titulaire d'un Master en enseignement section 4 ou 5...","breadcrumb":{"@id":"https:\/\/web.umons.ac.be\/efe\/fr\/en-secondaire-superieur\/#breadcrumb"},"inLanguage":"fr-FR","potentialAction":[{"@type":"ReadAction","target":["https:\/\/web.umons.ac.be\/efe\/fr\/en-secondaire-superieur\/"]}]},{"@type":"ImageObject","inLanguage":"fr-FR","@id":"https:\/\/web.umons.ac.be\/efe\/fr\/en-secondaire-superieur\/#primaryimage","url":"https:\/\/web.umons.ac.be\/app\/uploads\/sites\/42\/2024\/10\/Sections-4-5-fond-gris-e1728046580298-1024x292.png","contentUrl":"https:\/\/web.umons.ac.be\/app\/uploads\/sites\/42\/2024\/10\/Sections-4-5-fond-gris-e1728046580298-1024x292.png"},{"@type":"BreadcrumbList","@id":"https:\/\/web.umons.ac.be\/efe\/fr\/en-secondaire-superieur\/#breadcrumb","itemListElement":[{"@type":"ListItem","position":1,"name":"Accueil","item":"https:\/\/web.umons.ac.be\/efe\/fr\/"},{"@type":"ListItem","position":2,"name":"En secondaire sup\u00e9rieur"}]},{"@type":"WebSite","@id":"https:\/\/web.umons.ac.be\/efe\/#website","url":"https:\/\/web.umons.ac.be\/efe\/","name":"Ecole \/ EFE","description":"hgqdfjkghqdfjk","potentialAction":[{"@type":"SearchAction","target":{"@type":"EntryPoint","urlTemplate":"https:\/\/web.umons.ac.be\/efe\/?s={search_term_string}"},"query-input":{"@type":"PropertyValueSpecification","valueRequired":true,"valueName":"search_term_string"}}],"inLanguage":"fr-FR"}]}},"lang":"fr","translations":{"fr":272},"pll_sync_post":[],"_links":{"self":[{"href":"https:\/\/web.umons.ac.be\/efe\/wp-json\/wp\/v2\/pages\/272","targetHints":{"allow":["GET"]}}],"collection":[{"href":"https:\/\/web.umons.ac.be\/efe\/wp-json\/wp\/v2\/pages"}],"about":[{"href":"https:\/\/web.umons.ac.be\/efe\/wp-json\/wp\/v2\/types\/page"}],"author":[{"embeddable":true,"href":"https:\/\/web.umons.ac.be\/efe\/wp-json\/wp\/v2\/users\/2"}],"replies":[{"embeddable":true,"href":"https:\/\/web.umons.ac.be\/efe\/wp-json\/wp\/v2\/comments?post=272"}],"version-history":[{"count":4,"href":"https:\/\/web.umons.ac.be\/efe\/wp-json\/wp\/v2\/pages\/272\/revisions"}],"predecessor-version":[{"id":1238,"href":"https:\/\/web.umons.ac.be\/efe\/wp-json\/wp\/v2\/pages\/272\/revisions\/1238"}],"wp:attachment":[{"href":"https:\/\/web.umons.ac.be\/efe\/wp-json\/wp\/v2\/media?parent=272"}],"curies":[{"name":"wp","href":"https:\/\/api.w.org\/{rel}","templated":true}]}}