{"id":278,"date":"2021-09-10T16:51:43","date_gmt":"2021-09-10T14:51:43","guid":{"rendered":"https:\/\/web.umons.ac.be\/efe\/?page_id=278"},"modified":"2026-04-09T17:05:53","modified_gmt":"2026-04-09T15:05:53","slug":"capaes","status":"publish","type":"page","link":"https:\/\/web.umons.ac.be\/efe\/fr\/capaes\/","title":{"rendered":"CAPAES"},"content":{"rendered":"<h2>Devenir enseignant.e dans l\u2019enseignement sup\u00e9rieur<\/h2>\n<p>Le certificat d&rsquo;aptitude p\u00e9dagogique appropri\u00e9 \u00e0 l&rsquo;enseignement sup\u00e9rieur (CAPAES) est le titre p\u00e9dagogique exig\u00e9 pour les membres du personnel enseignant des Hautes \u00c9coles et des \u00c9tablissements Sup\u00e9rieurs de l\u2019Enseignement pour Adultes. L&rsquo;obtention de ce certificat permet aux enseignants en fonction d&rsquo;\u00eatre nomm\u00e9s et de b\u00e9n\u00e9ficier d&rsquo;une valorisation bar\u00e9mique.<\/p>\n<h4><strong>Conditions d&rsquo;admission<\/strong><\/h4>\n<p>La formation CAPAES est <span style=\"text-decoration: underline;\"><strong>accessible uniquement aux enseignantes et enseignants d\u00e9j\u00e0 en fonction<\/strong><\/span><strong> :<\/strong><\/p>\n<ul>\n<li>\u00a0en <strong>Haute \u00c9cole<\/strong>,<\/li>\n<li>en <strong>\u00c9tablissement d&rsquo;Enseignement pour Adultes<\/strong> organisant une section de niveau sup\u00e9rieur<\/li>\n<li>en <strong>\u00c9cole Sup\u00e9rieur des arts<\/strong><\/li>\n<li>\u00e0 l&rsquo;<strong>Universit\u00e9<\/strong> (personnel acad\u00e9mique ou scientifique charg\u00e9 d\u2019enseignement)<\/li>\n<\/ul>\n<p>Les candidats au CAPAES choisissent librement l\u2019\u00e9tablissement de formation dans lequel il souhaite s\u2019inscrire. Toutefois, les enseignants en fonction en Haute \u00c9cole et dans un \u00c9tablissement d\u2019Enseignement pour Adultes organisant une section de niveau sup\u00e9rieur ne sont pas autoris\u00e9s \u00e0 s\u2019inscrire \u00e0 la formation CAPAES organis\u00e9e par l\u2019\u00e9tablissement dans lequel ils sont en fonction.<\/p>\n<div class=\"highlighted-block\">\n<p><strong>R\u00e9forme de la formation initiale des enseignants<\/strong><\/p>\n<p>Le d\u00e9cret pr\u00e9voit un renforcement de la formation des formateurs d\u2019enseignants via la cr\u00e9ation d\u2019un\u00a0<strong>Master de sp\u00e9cialisation en formation d\u2019enseignants <\/strong>(MSFE), comprenant\u00a0<strong>60 cr\u00e9dits<\/strong>. Depuis la rentr\u00e9e acad\u00e9mique 2023, le titre requis pour exercer certaines fonctions en Hautes \u00c9coles ou en Institut de promotion sociale ne sera plus le CAPAES, mais le MSFE. Les personnes d\u00e9tenant d\u00e9j\u00e0 leur CAPAES ou ayant entam\u00e9 leur cursus avant la mise en route de ce programme ne sont pas concern\u00e9es.<\/p>\n<p>\u2014&gt;\u00a0<a href=\"https:\/\/web.umons.ac.be\/efe\/fr\/devenir-enseignant-dans-le-superieur\/\">Plus d\u2019infos<\/a><\/p>\n<\/div>\n<h4 style=\"font-style: normal; font-variant-ligatures: normal; font-variant-caps: normal;\"><span style=\"font-weight: bold; font-size: 20px;\">Formation<\/span><\/h4>\n<p style=\"font-style: normal; font-variant-ligatures: normal; font-variant-caps: normal; font-weight: 400; font-family: 'Helvetica Neue', Helvetica, Arial, sans-serif; font-size: 14px;\">La formation du CAPAES (diff\u00e9rente si la personne dispose d\u00e9j\u00e0 d\u2019un titre p\u00e9dagogique) comporte :<\/p>\n<ul style=\"font-style: normal; font-variant-ligatures: normal; font-variant-caps: normal; font-weight: 400; font-family: 'Helvetica Neue', Helvetica, Arial, sans-serif; font-size: 14px;\">\n<li style=\"font-size: 14px;\">Une <strong>formation th\u00e9orique<\/strong> de 15 cr\u00e9dits (ou 10 cr\u00e9dits pour les porteurs d\u2019un titre p\u00e9dagogique) :\n<ul style=\"font-size: 14px;\">\n<li style=\"font-size: 14px;\">axe socio-politique<\/li>\n<li style=\"font-size: 14px;\">axe psycho-relationnel<\/li>\n<li style=\"font-size: 14px;\">axe p\u00e9dagogique<\/li>\n<\/ul>\n<\/li>\n<li style=\"font-size: 14px;\">Une <strong>formation pratique<\/strong> de 10 cr\u00e9dits (ou 5 cr\u00e9dits pour les porteurs d\u2019un titre p\u00e9dagogique) :\n<ul style=\"font-size: 14px;\">\n<li style=\"font-size: 14px;\">Accompagnement de la pratique<\/li>\n<li style=\"font-size: 14px;\">Analyse des pratiques : favorise l\u2019acquisition de comp\u00e9tences p\u00e9dagogiques<\/li>\n<li style=\"font-size: 14px;\">D\u00e9veloppement professionnel : permet de rencontrer les sp\u00e9cificit\u00e9s des diff\u00e9rents domaines de l\u2019enseignement sup\u00e9rieur<\/li>\n<\/ul>\n<\/li>\n<li>L&rsquo;\u00e9laboration d&rsquo;un <strong>dossier r\u00e9flexif<\/strong> (5 cr\u00e9dits) qui correspond \u00e0 une production \u00e9crite personnelle dans laquelle le participant analyse son parcours professionnel au sein de l\u2019enseignement sup\u00e9rieur et fait la preuve d\u2019un exercice r\u00e9flexif dans son domaine d\u2019expertise et dans sa pratique de l\u2019enseignement.<\/li>\n<\/ul>\n<h4><strong>Inscription<\/strong><\/h4>\n<p>Retrouvez toutes les informations concernant les modalit\u00e9s d\u2019inscription au CAPAES en cliquant <a href=\"https:\/\/web.umons.ac.be\/fr\/enseignement\/sinscrire\/formations-pedagogiques\/\">ici<\/a>.<\/p>\n<p>Il est possible de r\u00e9partir la formation sur plusieurs ann\u00e9es acad\u00e9miques. Les droits d\u2019inscriptions ne sont \u00e0 payer qu\u2019une seule fois.<\/p>\n<h4><strong>Notre offre de formation<\/strong><\/h4>\n<start-cask-shortcode-wrapper><article class=\"shortcode-training training-small content-block scheme-efe\">\n\t<a href=\"https:\/\/web.umons.ac.be\/efe\/fr\/training\/cappor-capspe\/\" class=\"training-link scheme-border-hover\">\n\t\t<header class=\"training-small-header\">\n\t\t\t<div class=\"training-small-entity scheme-color\">\n\t\t\t\tEcole \/ EFE\t\t\t\t\t           \t<img decoding=\"async\" src=\"https:\/\/web.umons.ac.be\/app\/uploads\/sites\/42\/2019\/09\/efe.png\" class=\"training-small-entity-logo\" alt=\"Ic\u00f4ne de Ecole \/ EFE\">\n\t        \t\t\t\t<\/div>\n\t\t\t<div class=\"training-small-degree\">\n\t\t\t\tCertificat d'aptitude p\u00e9dagogique appropri\u00e9 \u00e0 l'enseignement sup\u00e9rieur (CAPAES) en\t\t\t<\/div>\n\n\t\t\t<h1 class=\"training-small-title\">CAPAES pour les \u00e9tudiants porteurs d'un titre p\u00e9dagogique<\/h1>\n\n\t\t\t\t\t<\/header>\n\t\t\t\t<div class=\"training-small-content\">\n\t\t\t<div class=\"training-small-location\">\n\t\t\t\t<span class=\"icon umons-icon-pin\" aria-hidden=\"true\"><\/span>\n\t\t\t\t<span class=\"location\">Mons<\/span>\n\t\t\t<\/div>\n\n\t\t\t\t\t\t<div class=\"training-small-side-info\">\n\t\t\t\t<ul class=\"training-small-side-info-list\">\n\t\t\t\t\t\t\t\t\t\t<li>\n\t\t\t\t\t\t<div class=\"training-single-schedule\">\n\t\t\t\t\t\t\t<div class=\"label\">Horaire<\/div>\n\t\t\t\t\t\t\t<div class=\"value\">Horaire d\u00e9cal\u00e9<\/div>\n\t\t\t\t\t\t<\/div>\n\t\t\t\t\t<\/li>\n\t\t\t\t\t\t\t\t\t\t\t\t\t\t\t\t\t\t\t\t<li>\n\t\t\t\t\t\t<div class=\"training-single-languages\">\n\t\t\t\t\t\t\t<div class=\"label\">Langue<\/div>\n\t\t\t\t\t\t\t<div class=\"value\">\n\t\t\t\t\t\t\t\t<span class=\"lang\">Fran\u00e7ais<\/span>\n\t\t\t\t\t\t\t<\/div>\n\t\t\t\t\t\t<\/div>\n\t\t\t\t\t<\/li>\n\t\t\t\t\t\t\t\t\t<\/ul>\n\t\t\t<\/div>\n\t\t\t\t\t<\/div>\n\t\t\t<\/a>\n<\/article>\n<end-cask-shortcode-wrapper>\n<start-cask-shortcode-wrapper><article class=\"shortcode-training training-small content-block scheme-efe\">\n\t<a href=\"https:\/\/web.umons.ac.be\/efe\/fr\/training\/capnpo-capspe\/\" class=\"training-link scheme-border-hover\">\n\t\t<header class=\"training-small-header\">\n\t\t\t<div class=\"training-small-entity scheme-color\">\n\t\t\t\tEcole \/ EFE\t\t\t\t\t           \t<img decoding=\"async\" src=\"https:\/\/web.umons.ac.be\/app\/uploads\/sites\/42\/2019\/09\/efe.png\" class=\"training-small-entity-logo\" alt=\"Ic\u00f4ne de Ecole \/ EFE\">\n\t        \t\t\t\t<\/div>\n\t\t\t<div class=\"training-small-degree\">\n\t\t\t\tCertificat d'aptitude p\u00e9dagogique appropri\u00e9 \u00e0 l'enseignement sup\u00e9rieur (CAPAES) en\t\t\t<\/div>\n\n\t\t\t<h1 class=\"training-small-title\">CAPAES pour les \u00e9tudiants non porteurs d'un titre p\u00e9dagogique<\/h1>\n\n\t\t\t\t\t<\/header>\n\t\t\t\t<div class=\"training-small-content\">\n\t\t\t<div class=\"training-small-location\">\n\t\t\t\t<span class=\"icon umons-icon-pin\" aria-hidden=\"true\"><\/span>\n\t\t\t\t<span class=\"location\">Mons<\/span>\n\t\t\t<\/div>\n\n\t\t\t\t\t\t<div class=\"training-small-side-info\">\n\t\t\t\t<ul class=\"training-small-side-info-list\">\n\t\t\t\t\t\t\t\t\t\t<li>\n\t\t\t\t\t\t<div class=\"training-single-schedule\">\n\t\t\t\t\t\t\t<div class=\"label\">Horaire<\/div>\n\t\t\t\t\t\t\t<div class=\"value\">Horaire d\u00e9cal\u00e9<\/div>\n\t\t\t\t\t\t<\/div>\n\t\t\t\t\t<\/li>\n\t\t\t\t\t\t\t\t\t\t\t\t\t\t\t\t\t\t\t\t<li>\n\t\t\t\t\t\t<div class=\"training-single-languages\">\n\t\t\t\t\t\t\t<div class=\"label\">Langue<\/div>\n\t\t\t\t\t\t\t<div class=\"value\">\n\t\t\t\t\t\t\t\t<span class=\"lang\">Fran\u00e7ais<\/span>\n\t\t\t\t\t\t\t<\/div>\n\t\t\t\t\t\t<\/div>\n\t\t\t\t\t<\/li>\n\t\t\t\t\t\t\t\t\t<\/ul>\n\t\t\t<\/div>\n\t\t\t\t\t<\/div>\n\t\t\t<\/a>\n<\/article>\n<end-cask-shortcode-wrapper>\n<h5><\/h5>\n<h5>Envie d&rsquo;en savoir plus sur le CAPAES ?<\/h5>\n<p>Pour toute question, nous vous invitons \u00e0 parcourir notre\u00a0<a href=\"https:\/\/web.umons.ac.be\/efe\/fr\/faq\/\">FAQ<\/a> ou \u00e0 nous envoyer un mail (info.efe@umons.ac.be).<\/p>\n","protected":false},"excerpt":{"rendered":"<p>Devenir enseignant.e dans l\u2019enseignement sup\u00e9rieur Le certificat d&rsquo;aptitude p\u00e9dagogique appropri\u00e9 \u00e0 l&rsquo;enseignement sup\u00e9rieur (CAPAES) est le titre p\u00e9dagogique exig\u00e9 pour les membres du personnel enseignant des Hautes \u00c9coles et des \u00c9tablissements Sup\u00e9rieurs de l\u2019Enseignement pour Adultes. L&rsquo;obtention de ce certificat permet aux enseignants en fonction d&rsquo;\u00eatre nomm\u00e9s et de b\u00e9n\u00e9ficier d&rsquo;une valorisation bar\u00e9mique. Conditions d&rsquo;admission [&hellip;]<\/p>\n","protected":false},"author":2,"featured_media":0,"parent":0,"menu_order":0,"comment_status":"closed","ping_status":"closed","template":"","meta":{"footnotes":""},"class_list":["post-278","page","type-page","status-publish","hentry"],"yoast_head":"<!-- This site is optimized with the Yoast SEO plugin v27.2 - https:\/\/yoast.com\/product\/yoast-seo-wordpress\/ -->\n<title>CAPAES - Ecole \/ EFE<\/title>\n<meta name=\"description\" content=\"Le CAPAES est obligatoire pour les enseignants et enseignantes engag\u00e9s dans un \u00e9tablissement d\u2019enseignement sup\u00e9rieur.\" \/>\n<meta name=\"robots\" content=\"index, follow, max-snippet:-1, max-image-preview:large, max-video-preview:-1\" \/>\n<link rel=\"canonical\" href=\"https:\/\/web.umons.ac.be\/efe\/fr\/capaes\/\" \/>\n<meta property=\"og:locale\" content=\"fr_FR\" \/>\n<meta property=\"og:type\" content=\"article\" \/>\n<meta property=\"og:title\" content=\"CAPAES - Ecole \/ EFE\" \/>\n<meta property=\"og:description\" content=\"Le CAPAES est obligatoire pour les enseignants et enseignantes engag\u00e9s dans un \u00e9tablissement d\u2019enseignement sup\u00e9rieur.\" \/>\n<meta property=\"og:url\" content=\"https:\/\/web.umons.ac.be\/efe\/fr\/capaes\/\" \/>\n<meta property=\"og:site_name\" content=\"Ecole \/ EFE\" \/>\n<meta property=\"article:modified_time\" content=\"2026-04-09T15:05:53+00:00\" \/>\n<meta name=\"twitter:card\" content=\"summary_large_image\" \/>\n<meta name=\"twitter:label1\" content=\"Dur\u00e9e de lecture estim\u00e9e\" \/>\n\t<meta name=\"twitter:data1\" content=\"3 minutes\" \/>\n<script type=\"application\/ld+json\" class=\"yoast-schema-graph\">{\"@context\":\"https:\/\/schema.org\",\"@graph\":[{\"@type\":\"WebPage\",\"@id\":\"https:\/\/web.umons.ac.be\/efe\/fr\/capaes\/\",\"url\":\"https:\/\/web.umons.ac.be\/efe\/fr\/capaes\/\",\"name\":\"CAPAES - Ecole \/ EFE\",\"isPartOf\":{\"@id\":\"https:\/\/web.umons.ac.be\/efe\/#website\"},\"datePublished\":\"2021-09-10T14:51:43+00:00\",\"dateModified\":\"2026-04-09T15:05:53+00:00\",\"description\":\"Le CAPAES est obligatoire pour les enseignants et enseignantes engag\u00e9s dans un \u00e9tablissement d\u2019enseignement sup\u00e9rieur.\",\"breadcrumb\":{\"@id\":\"https:\/\/web.umons.ac.be\/efe\/fr\/capaes\/#breadcrumb\"},\"inLanguage\":\"fr-FR\",\"potentialAction\":[{\"@type\":\"ReadAction\",\"target\":[\"https:\/\/web.umons.ac.be\/efe\/fr\/capaes\/\"]}]},{\"@type\":\"BreadcrumbList\",\"@id\":\"https:\/\/web.umons.ac.be\/efe\/fr\/capaes\/#breadcrumb\",\"itemListElement\":[{\"@type\":\"ListItem\",\"position\":1,\"name\":\"Accueil\",\"item\":\"https:\/\/web.umons.ac.be\/efe\/fr\/\"},{\"@type\":\"ListItem\",\"position\":2,\"name\":\"CAPAES\"}]},{\"@type\":\"WebSite\",\"@id\":\"https:\/\/web.umons.ac.be\/efe\/#website\",\"url\":\"https:\/\/web.umons.ac.be\/efe\/\",\"name\":\"Ecole \/ EFE\",\"description\":\"hgqdfjkghqdfjk\",\"potentialAction\":[{\"@type\":\"SearchAction\",\"target\":{\"@type\":\"EntryPoint\",\"urlTemplate\":\"https:\/\/web.umons.ac.be\/efe\/?s={search_term_string}\"},\"query-input\":{\"@type\":\"PropertyValueSpecification\",\"valueRequired\":true,\"valueName\":\"search_term_string\"}}],\"inLanguage\":\"fr-FR\"}]}<\/script>\n<!-- \/ Yoast SEO plugin. -->","yoast_head_json":{"title":"CAPAES - Ecole \/ EFE","description":"Le CAPAES est obligatoire pour les enseignants et enseignantes engag\u00e9s dans un \u00e9tablissement d\u2019enseignement sup\u00e9rieur.","robots":{"index":"index","follow":"follow","max-snippet":"max-snippet:-1","max-image-preview":"max-image-preview:large","max-video-preview":"max-video-preview:-1"},"canonical":"https:\/\/web.umons.ac.be\/efe\/fr\/capaes\/","og_locale":"fr_FR","og_type":"article","og_title":"CAPAES - Ecole \/ EFE","og_description":"Le CAPAES est obligatoire pour les enseignants et enseignantes engag\u00e9s dans un \u00e9tablissement d\u2019enseignement sup\u00e9rieur.","og_url":"https:\/\/web.umons.ac.be\/efe\/fr\/capaes\/","og_site_name":"Ecole \/ EFE","article_modified_time":"2026-04-09T15:05:53+00:00","twitter_card":"summary_large_image","twitter_misc":{"Dur\u00e9e de lecture estim\u00e9e":"3 minutes"},"schema":{"@context":"https:\/\/schema.org","@graph":[{"@type":"WebPage","@id":"https:\/\/web.umons.ac.be\/efe\/fr\/capaes\/","url":"https:\/\/web.umons.ac.be\/efe\/fr\/capaes\/","name":"CAPAES - Ecole \/ EFE","isPartOf":{"@id":"https:\/\/web.umons.ac.be\/efe\/#website"},"datePublished":"2021-09-10T14:51:43+00:00","dateModified":"2026-04-09T15:05:53+00:00","description":"Le CAPAES est obligatoire pour les enseignants et enseignantes engag\u00e9s dans un \u00e9tablissement d\u2019enseignement sup\u00e9rieur.","breadcrumb":{"@id":"https:\/\/web.umons.ac.be\/efe\/fr\/capaes\/#breadcrumb"},"inLanguage":"fr-FR","potentialAction":[{"@type":"ReadAction","target":["https:\/\/web.umons.ac.be\/efe\/fr\/capaes\/"]}]},{"@type":"BreadcrumbList","@id":"https:\/\/web.umons.ac.be\/efe\/fr\/capaes\/#breadcrumb","itemListElement":[{"@type":"ListItem","position":1,"name":"Accueil","item":"https:\/\/web.umons.ac.be\/efe\/fr\/"},{"@type":"ListItem","position":2,"name":"CAPAES"}]},{"@type":"WebSite","@id":"https:\/\/web.umons.ac.be\/efe\/#website","url":"https:\/\/web.umons.ac.be\/efe\/","name":"Ecole \/ EFE","description":"hgqdfjkghqdfjk","potentialAction":[{"@type":"SearchAction","target":{"@type":"EntryPoint","urlTemplate":"https:\/\/web.umons.ac.be\/efe\/?s={search_term_string}"},"query-input":{"@type":"PropertyValueSpecification","valueRequired":true,"valueName":"search_term_string"}}],"inLanguage":"fr-FR"}]}},"lang":"fr","translations":{"fr":278},"pll_sync_post":[],"_links":{"self":[{"href":"https:\/\/web.umons.ac.be\/efe\/wp-json\/wp\/v2\/pages\/278","targetHints":{"allow":["GET"]}}],"collection":[{"href":"https:\/\/web.umons.ac.be\/efe\/wp-json\/wp\/v2\/pages"}],"about":[{"href":"https:\/\/web.umons.ac.be\/efe\/wp-json\/wp\/v2\/types\/page"}],"author":[{"embeddable":true,"href":"https:\/\/web.umons.ac.be\/efe\/wp-json\/wp\/v2\/users\/2"}],"replies":[{"embeddable":true,"href":"https:\/\/web.umons.ac.be\/efe\/wp-json\/wp\/v2\/comments?post=278"}],"version-history":[{"count":4,"href":"https:\/\/web.umons.ac.be\/efe\/wp-json\/wp\/v2\/pages\/278\/revisions"}],"predecessor-version":[{"id":1803,"href":"https:\/\/web.umons.ac.be\/efe\/wp-json\/wp\/v2\/pages\/278\/revisions\/1803"}],"wp:attachment":[{"href":"https:\/\/web.umons.ac.be\/efe\/wp-json\/wp\/v2\/media?parent=278"}],"curies":[{"name":"wp","href":"https:\/\/api.w.org\/{rel}","templated":true}]}}