{"id":784,"date":"2022-03-17T11:26:48","date_gmt":"2022-03-17T10:26:48","guid":{"rendered":"https:\/\/web.umons.ac.be\/efe\/?page_id=784"},"modified":"2024-04-23T16:07:17","modified_gmt":"2024-04-23T14:07:17","slug":"services-denseignement-et-de-recherche","status":"publish","type":"page","link":"https:\/\/web.umons.ac.be\/efe\/fr\/services-denseignement-et-de-recherche\/","title":{"rendered":"Services d&rsquo;enseignement et de recherche"},"content":{"rendered":"<h1>Services d&rsquo;enseignement et de recherche<\/h1>\n<p>&nbsp;<\/p>\n<p>Les chercheurs dans l&rsquo;Ecole ne sont pas que des enseignants : ils sont impliqu\u00e9s dans des recherches de pointe et participent activement \u00e0 de tr\u00e8s nombreuses collaborations internationales avec des \u00e9quipes d\u2019universit\u00e9s \u00e9trang\u00e8res ou au sein de grands centres de recherche internationaux, mais \u00e9galement avec des entreprises. En navigant sur les sites des services, vous vous rendez compte de la diversit\u00e9 et de l\u2019ampleur des recherches men\u00e9es au sein de notre Ecole.<\/p>\n","protected":false},"excerpt":{"rendered":"<p>Services d&rsquo;enseignement et de recherche &nbsp; Les chercheurs dans l&rsquo;Ecole ne sont pas que des enseignants : ils sont impliqu\u00e9s dans des recherches de pointe et participent activement \u00e0 de tr\u00e8s nombreuses collaborations internationales avec des \u00e9quipes d\u2019universit\u00e9s \u00e9trang\u00e8res ou au sein de grands centres de recherche internationaux, mais \u00e9galement avec des entreprises. En navigant [&hellip;]<\/p>\n","protected":false},"author":2,"featured_media":0,"parent":0,"menu_order":0,"comment_status":"closed","ping_status":"closed","template":"page-templates\/archive-service.php","meta":{"footnotes":""},"class_list":["post-784","page","type-page","status-publish","hentry"],"yoast_head":"<!-- This site is optimized with the Yoast SEO plugin v27.2 - https:\/\/yoast.com\/product\/yoast-seo-wordpress\/ -->\n<title>Services d&#039;enseignement et de recherche - Ecole \/ EFE<\/title>\n<meta name=\"description\" content=\"Les chercheurs dans l&#039;Ecole ne sont pas que des enseignants. Consultez les services d&#039;enseignement et de recherche pour en savoir plus.\" \/>\n<meta name=\"robots\" content=\"index, follow, max-snippet:-1, max-image-preview:large, max-video-preview:-1\" \/>\n<link rel=\"canonical\" href=\"https:\/\/web.umons.ac.be\/efe\/fr\/services-denseignement-et-de-recherche\/\" \/>\n<meta property=\"og:locale\" content=\"fr_FR\" \/>\n<meta property=\"og:type\" content=\"article\" \/>\n<meta property=\"og:title\" content=\"Services d&#039;enseignement et de recherche - Ecole \/ EFE\" \/>\n<meta property=\"og:description\" content=\"Les chercheurs dans l&#039;Ecole ne sont pas que des enseignants. Consultez les services d&#039;enseignement et de recherche pour en savoir plus.\" \/>\n<meta property=\"og:url\" content=\"https:\/\/web.umons.ac.be\/efe\/fr\/services-denseignement-et-de-recherche\/\" \/>\n<meta property=\"og:site_name\" content=\"Ecole \/ EFE\" \/>\n<meta property=\"article:modified_time\" content=\"2024-04-23T14:07:17+00:00\" \/>\n<meta name=\"twitter:card\" content=\"summary_large_image\" \/>\n<meta name=\"twitter:label1\" content=\"Dur\u00e9e de lecture estim\u00e9e\" \/>\n\t<meta name=\"twitter:data1\" content=\"1 minute\" \/>\n<script type=\"application\/ld+json\" class=\"yoast-schema-graph\">{\"@context\":\"https:\/\/schema.org\",\"@graph\":[{\"@type\":\"WebPage\",\"@id\":\"https:\/\/web.umons.ac.be\/efe\/fr\/services-denseignement-et-de-recherche\/\",\"url\":\"https:\/\/web.umons.ac.be\/efe\/fr\/services-denseignement-et-de-recherche\/\",\"name\":\"Services d'enseignement et de recherche - Ecole \/ EFE\",\"isPartOf\":{\"@id\":\"https:\/\/web.umons.ac.be\/efe\/#website\"},\"datePublished\":\"2022-03-17T10:26:48+00:00\",\"dateModified\":\"2024-04-23T14:07:17+00:00\",\"description\":\"Les chercheurs dans l'Ecole ne sont pas que des enseignants. Consultez les services d'enseignement et de recherche pour en savoir plus.\",\"breadcrumb\":{\"@id\":\"https:\/\/web.umons.ac.be\/efe\/fr\/services-denseignement-et-de-recherche\/#breadcrumb\"},\"inLanguage\":\"fr-FR\",\"potentialAction\":[{\"@type\":\"ReadAction\",\"target\":[\"https:\/\/web.umons.ac.be\/efe\/fr\/services-denseignement-et-de-recherche\/\"]}]},{\"@type\":\"BreadcrumbList\",\"@id\":\"https:\/\/web.umons.ac.be\/efe\/fr\/services-denseignement-et-de-recherche\/#breadcrumb\",\"itemListElement\":[{\"@type\":\"ListItem\",\"position\":1,\"name\":\"Accueil\",\"item\":\"https:\/\/web.umons.ac.be\/efe\/fr\/\"},{\"@type\":\"ListItem\",\"position\":2,\"name\":\"Services d&rsquo;enseignement et de recherche\"}]},{\"@type\":\"WebSite\",\"@id\":\"https:\/\/web.umons.ac.be\/efe\/#website\",\"url\":\"https:\/\/web.umons.ac.be\/efe\/\",\"name\":\"Ecole \/ EFE\",\"description\":\"hgqdfjkghqdfjk\",\"potentialAction\":[{\"@type\":\"SearchAction\",\"target\":{\"@type\":\"EntryPoint\",\"urlTemplate\":\"https:\/\/web.umons.ac.be\/efe\/?s={search_term_string}\"},\"query-input\":{\"@type\":\"PropertyValueSpecification\",\"valueRequired\":true,\"valueName\":\"search_term_string\"}}],\"inLanguage\":\"fr-FR\"}]}<\/script>\n<!-- \/ Yoast SEO plugin. -->","yoast_head_json":{"title":"Services d'enseignement et de recherche - Ecole \/ EFE","description":"Les chercheurs dans l'Ecole ne sont pas que des enseignants. Consultez les services d'enseignement et de recherche pour en savoir plus.","robots":{"index":"index","follow":"follow","max-snippet":"max-snippet:-1","max-image-preview":"max-image-preview:large","max-video-preview":"max-video-preview:-1"},"canonical":"https:\/\/web.umons.ac.be\/efe\/fr\/services-denseignement-et-de-recherche\/","og_locale":"fr_FR","og_type":"article","og_title":"Services d'enseignement et de recherche - Ecole \/ EFE","og_description":"Les chercheurs dans l'Ecole ne sont pas que des enseignants. Consultez les services d'enseignement et de recherche pour en savoir plus.","og_url":"https:\/\/web.umons.ac.be\/efe\/fr\/services-denseignement-et-de-recherche\/","og_site_name":"Ecole \/ EFE","article_modified_time":"2024-04-23T14:07:17+00:00","twitter_card":"summary_large_image","twitter_misc":{"Dur\u00e9e de lecture estim\u00e9e":"1 minute"},"schema":{"@context":"https:\/\/schema.org","@graph":[{"@type":"WebPage","@id":"https:\/\/web.umons.ac.be\/efe\/fr\/services-denseignement-et-de-recherche\/","url":"https:\/\/web.umons.ac.be\/efe\/fr\/services-denseignement-et-de-recherche\/","name":"Services d'enseignement et de recherche - Ecole \/ EFE","isPartOf":{"@id":"https:\/\/web.umons.ac.be\/efe\/#website"},"datePublished":"2022-03-17T10:26:48+00:00","dateModified":"2024-04-23T14:07:17+00:00","description":"Les chercheurs dans l'Ecole ne sont pas que des enseignants. Consultez les services d'enseignement et de recherche pour en savoir plus.","breadcrumb":{"@id":"https:\/\/web.umons.ac.be\/efe\/fr\/services-denseignement-et-de-recherche\/#breadcrumb"},"inLanguage":"fr-FR","potentialAction":[{"@type":"ReadAction","target":["https:\/\/web.umons.ac.be\/efe\/fr\/services-denseignement-et-de-recherche\/"]}]},{"@type":"BreadcrumbList","@id":"https:\/\/web.umons.ac.be\/efe\/fr\/services-denseignement-et-de-recherche\/#breadcrumb","itemListElement":[{"@type":"ListItem","position":1,"name":"Accueil","item":"https:\/\/web.umons.ac.be\/efe\/fr\/"},{"@type":"ListItem","position":2,"name":"Services d&rsquo;enseignement et de recherche"}]},{"@type":"WebSite","@id":"https:\/\/web.umons.ac.be\/efe\/#website","url":"https:\/\/web.umons.ac.be\/efe\/","name":"Ecole \/ EFE","description":"hgqdfjkghqdfjk","potentialAction":[{"@type":"SearchAction","target":{"@type":"EntryPoint","urlTemplate":"https:\/\/web.umons.ac.be\/efe\/?s={search_term_string}"},"query-input":{"@type":"PropertyValueSpecification","valueRequired":true,"valueName":"search_term_string"}}],"inLanguage":"fr-FR"}]}},"lang":"fr","translations":{"fr":784,"en":786},"pll_sync_post":[],"_links":{"self":[{"href":"https:\/\/web.umons.ac.be\/efe\/wp-json\/wp\/v2\/pages\/784","targetHints":{"allow":["GET"]}}],"collection":[{"href":"https:\/\/web.umons.ac.be\/efe\/wp-json\/wp\/v2\/pages"}],"about":[{"href":"https:\/\/web.umons.ac.be\/efe\/wp-json\/wp\/v2\/types\/page"}],"author":[{"embeddable":true,"href":"https:\/\/web.umons.ac.be\/efe\/wp-json\/wp\/v2\/users\/2"}],"replies":[{"embeddable":true,"href":"https:\/\/web.umons.ac.be\/efe\/wp-json\/wp\/v2\/comments?post=784"}],"version-history":[{"count":2,"href":"https:\/\/web.umons.ac.be\/efe\/wp-json\/wp\/v2\/pages\/784\/revisions"}],"predecessor-version":[{"id":1566,"href":"https:\/\/web.umons.ac.be\/efe\/wp-json\/wp\/v2\/pages\/784\/revisions\/1566"}],"wp:attachment":[{"href":"https:\/\/web.umons.ac.be\/efe\/wp-json\/wp\/v2\/media?parent=784"}],"curies":[{"name":"wp","href":"https:\/\/api.w.org\/{rel}","templated":true}]}}