{"id":848,"date":"2022-09-01T09:54:30","date_gmt":"2022-09-01T07:54:30","guid":{"rendered":"https:\/\/web.umons.ac.be\/efe\/?page_id=848"},"modified":"2024-10-07T08:59:54","modified_gmt":"2024-10-07T06:59:54","slug":"codiplomation","status":"publish","type":"page","link":"https:\/\/web.umons.ac.be\/efe\/fr\/codiplomation\/","title":{"rendered":"Codipl\u00f4mation"},"content":{"rendered":"<p>Toutes les formations organis\u00e9es dans le cadre du D\u00e9cret s\u2019organisent en codipl\u00f4mation. Selon les cursus, la codipl\u00f4mation r\u00e9unit plusieurs types d\u2019op\u00e9rateurs de formation, parmi lesquels :<\/p>\n<ul>\n<li>une ou plusieurs universit\u00e9s<\/li>\n<li>une ou plusieurs hautes \u00e9coles<\/li>\n<li>le cas \u00e9ch\u00e9ant, un ou plusieurs \u00e9tablissements d\u2019enseignement sup\u00e9rieur artistique.<\/li>\n<\/ul>\n<p><span style=\"font-family: 'Helvetica Neue', Helvetica, Arial, sans-serif; font-size: 14px; font-style: normal; font-variant-ligatures: normal; font-variant-caps: normal; font-weight: 400;\">Chaque formation est g\u00e9r\u00e9e par un \u00e9tablissement r\u00e9f\u00e9rent d\u00e9sign\u00e9, charg\u00e9 de la gestion administrative et acad\u00e9mique du programme et des \u00e9tudiants.<\/span><\/p>\n<p>L\u2019\u00c9cole de Formation des Enseignants (EFE) est cr\u00e9\u00e9e fin 2018 par l\u2019UMONS afin de pr\u00e9parer la mise en \u0153uvre et le suivi de la r\u00e9forme. Depuis sa cr\u00e9ation, elle travaille en \u00e9troite collaboration avec ses partenaires \u00e0 l\u2019\u00e9laboration des nouveaux programmes de formation.<\/p>\n<h3>Nos partenaires<\/h3>\n<ul>\n<li><a href=\"https:\/\/www.ulb.be\/\">ULB<\/a><\/li>\n<li><a href=\"https:\/\/www.heaj.be\/fr\/\">HEAJ<\/a><\/li>\n<li><a href=\"https:\/\/www.heh.be\/\">HEH<\/a><\/li>\n<li><a href=\"https:\/\/www.condorcet.be\/\">HEPhC<\/a><\/li>\n<\/ul>\n<h3>La r\u00e9partition des cr\u00e9dits<\/h3>\n<p>Le D\u00e9cret pr\u00e9voit la r\u00e9partition des cr\u00e9dits \u00e0 assurer entre l\u2019\u00e9tablissement r\u00e9f\u00e9rent et les partenaires pour toutes les formations. Les partenaires dispensent des cr\u00e9dits <strong>d\u00e8s la premi\u00e8re ann\u00e9e de cours<\/strong>.<\/p>\n<p><img loading=\"lazy\" decoding=\"async\" class=\"aligncenter wp-image-1379 size-full\" src=\"https:\/\/web.umons.ac.be\/app\/uploads\/sites\/42\/2024\/10\/Codiplomation-fond-gris-1.png\" alt=\"c\u00f4diplomation - les cr\u00e9dits sont r\u00e9partis entre hautes \u00e9coles et universit\u00e9s\" width=\"1024\" height=\"768\" srcset=\"https:\/\/web.umons.ac.be\/app\/uploads\/sites\/42\/2024\/10\/Codiplomation-fond-gris-1.png 1024w, https:\/\/web.umons.ac.be\/app\/uploads\/sites\/42\/2024\/10\/Codiplomation-fond-gris-1-300x225.png 300w, https:\/\/web.umons.ac.be\/app\/uploads\/sites\/42\/2024\/10\/Codiplomation-fond-gris-1-768x576.png 768w, https:\/\/web.umons.ac.be\/app\/uploads\/sites\/42\/2024\/10\/Codiplomation-fond-gris-1-880x660.png 880w, https:\/\/web.umons.ac.be\/app\/uploads\/sites\/42\/2024\/10\/Codiplomation-fond-gris-1-30x23.png 30w, https:\/\/web.umons.ac.be\/app\/uploads\/sites\/42\/2024\/10\/Codiplomation-fond-gris-1-60x45.png 60w, https:\/\/web.umons.ac.be\/app\/uploads\/sites\/42\/2024\/10\/Codiplomation-fond-gris-1-360x270.png 360w\" sizes=\"auto, (max-width: 1024px) 100vw, 1024px\" \/><\/p>\n<h3>Le consortium GoProf !<\/h3>\n<p><span style=\"font-family: 'Helvetica Neue', Helvetica, Arial, sans-serif; font-size: 14px; font-style: normal; font-variant-ligatures: normal; font-variant-caps: normal; font-weight: bold;\">L\u2019UMONS <\/span><span style=\"font-family: 'Helvetica Neue', Helvetica, Arial, sans-serif; font-size: 14px; font-style: normal; font-variant-ligatures: normal; font-variant-caps: normal; font-weight: 400;\">s&rsquo;associe \u00e0 la <\/span><span style=\"font-family: 'Helvetica Neue', Helvetica, Arial, sans-serif; font-size: 14px; font-style: normal; font-variant-ligatures: normal; font-variant-caps: normal; font-weight: bold;\">HEAJ, la HEH, la HEPH Condorcet,<\/span><span style=\"font-family: 'Helvetica Neue', Helvetica, Arial, sans-serif; font-size: 14px; font-style: normal; font-variant-ligatures: normal; font-variant-caps: normal; font-weight: bold;\"> et \u00e0 l&rsquo;ULB<\/span><span style=\"font-family: 'Helvetica Neue', Helvetica, Arial, sans-serif; font-size: 14px; font-style: normal; font-variant-ligatures: normal; font-variant-caps: normal; font-weight: 400;\">\u00a0pour former le <\/span><a style=\"font-family: 'Helvetica Neue', Helvetica, Arial, sans-serif; font-size: 14px; font-style: normal; font-variant-ligatures: normal; font-variant-caps: normal;\" href=\"https:\/\/go-prof.be\/\"><span style=\"font-weight: bold; font-size: 14px;\">consortium GOProf!<\/span><\/a><\/p>\n<p>Notre partenariat repose sur des valeurs communes et sur notre engagement \u00e0 travailler ensemble pour offrir une formation de qualit\u00e9 aux enseignants de demain.<\/p>\n<p>En combinant nos comp\u00e9tences et expertises, nous garantissons une formation compl\u00e8te et approfondie en mati\u00e8re de p\u00e9dagogie, de ma\u00eetrise de la langue fran\u00e7aise, de communication\u2026 Nos objectifs : mieux pr\u00e9parer au m\u00e9tier, assurer un meilleur accompagnement des \u00e9l\u00e8ves, d\u00e9velopper la capacit\u00e9 \u00e0 travailler en \u00e9quipe, d\u00e9velopper l\u2019esprit critique.<\/p>\n<p><span style=\"font-family: 'Helvetica Neue', Helvetica, Arial, sans-serif; font-size: 14px; font-style: normal; font-variant-ligatures: normal; font-variant-caps: normal; font-weight: 400;\">L\u2019Universit\u00e9 de Mons forme, avec ses partenaires, des futurs enseignants de toutes les sections vis\u00e9es par la r\u00e9forme.<\/span><\/p>\n<h5><strong>Nos forces\u00a0:<\/strong><\/h5>\n<ul>\n<li>L\u2019Universit\u00e9 et les 3 Hautes Ecoles pr\u00e9parent ensemble les programmes de formation. Ceux-ci s&rsquo;adaptent aux r\u00e9alit\u00e9s de terrain et aux probl\u00e9matiques de notre \u00e9poque (d\u00e9veloppement durable, inclusion, diff\u00e9renciation et accompagnement personnalis\u00e9\u2026)<\/li>\n<li>Des enseignements sont partag\u00e9s entre les partenaires.<\/li>\n<li>L\u2019ensemble des cours est assur\u00e9 en pr\u00e9sentiel sur le site o\u00f9 l\u2019\u00e9tudiant est inscrit.<\/li>\n<\/ul>\n<p><img loading=\"lazy\" decoding=\"async\" class=\"size-full wp-image-1067 aligncenter\" style=\"font-style: normal; font-variant-ligatures: normal; font-variant-caps: normal; font-weight: 400; font-family: 'Helvetica Neue', Helvetica, Arial, sans-serif; font-size: 14px;\" src=\"https:\/\/web.umons.ac.be\/app\/uploads\/sites\/42\/2023\/06\/goprof.png\" alt=\"\" width=\"446\" height=\"136\" srcset=\"https:\/\/web.umons.ac.be\/app\/uploads\/sites\/42\/2023\/06\/goprof.png 446w, https:\/\/web.umons.ac.be\/app\/uploads\/sites\/42\/2023\/06\/goprof-300x91.png 300w, https:\/\/web.umons.ac.be\/app\/uploads\/sites\/42\/2023\/06\/goprof-30x9.png 30w, https:\/\/web.umons.ac.be\/app\/uploads\/sites\/42\/2023\/06\/goprof-60x18.png 60w, https:\/\/web.umons.ac.be\/app\/uploads\/sites\/42\/2023\/06\/goprof-360x110.png 360w\" sizes=\"auto, (max-width: 446px) 100vw, 446px\" \/><\/p>\n<p>&nbsp;<\/p>\n<p>D\u00e9couvrez l&rsquo;ensemble de nos cursus <a href=\"https:\/\/web.umons.ac.be\/efe\/fr\/loffre-de-formation\/\">ici<\/a>.<\/p>\n","protected":false},"excerpt":{"rendered":"<p>Toutes les formations organis\u00e9es dans le cadre du D\u00e9cret s\u2019organisent en codipl\u00f4mation. Selon les cursus, la codipl\u00f4mation r\u00e9unit plusieurs types d\u2019op\u00e9rateurs de formation, parmi lesquels : une ou plusieurs universit\u00e9s une ou plusieurs hautes \u00e9coles le cas \u00e9ch\u00e9ant, un ou plusieurs \u00e9tablissements d\u2019enseignement sup\u00e9rieur artistique. Chaque formation est g\u00e9r\u00e9e par un \u00e9tablissement r\u00e9f\u00e9rent d\u00e9sign\u00e9, charg\u00e9 [&hellip;]<\/p>\n","protected":false},"author":2,"featured_media":0,"parent":0,"menu_order":0,"comment_status":"closed","ping_status":"closed","template":"","meta":{"footnotes":""},"class_list":["post-848","page","type-page","status-publish","hentry"],"yoast_head":"<!-- This site is optimized with the Yoast SEO plugin v27.2 - https:\/\/yoast.com\/product\/yoast-seo-wordpress\/ -->\n<title>Codipl\u00f4mation - Ecole \/ EFE<\/title>\n<meta name=\"description\" content=\"Toutes les formations organis\u00e9es dans le cadre du D\u00e9cret s\u2019organisent en codipl\u00f4mation entre l&#039;universit\u00e9 et les Hautes Ecoles.\" \/>\n<meta name=\"robots\" content=\"index, follow, max-snippet:-1, max-image-preview:large, max-video-preview:-1\" \/>\n<link rel=\"canonical\" href=\"https:\/\/web.umons.ac.be\/efe\/fr\/codiplomation\/\" \/>\n<meta property=\"og:locale\" content=\"fr_FR\" \/>\n<meta property=\"og:type\" content=\"article\" \/>\n<meta property=\"og:title\" content=\"Codipl\u00f4mation - Ecole \/ EFE\" \/>\n<meta property=\"og:description\" content=\"Toutes les formations organis\u00e9es dans le cadre du D\u00e9cret s\u2019organisent en codipl\u00f4mation entre l&#039;universit\u00e9 et les Hautes Ecoles.\" \/>\n<meta property=\"og:url\" content=\"https:\/\/web.umons.ac.be\/efe\/fr\/codiplomation\/\" \/>\n<meta property=\"og:site_name\" content=\"Ecole \/ EFE\" \/>\n<meta property=\"article:modified_time\" content=\"2024-10-07T06:59:54+00:00\" \/>\n<meta property=\"og:image\" content=\"https:\/\/web.umons.ac.be\/app\/uploads\/sites\/42\/2024\/10\/Codiplomation-fond-gris-1.png\" \/>\n<meta name=\"twitter:card\" content=\"summary_large_image\" \/>\n<meta name=\"twitter:label1\" content=\"Dur\u00e9e de lecture estim\u00e9e\" \/>\n\t<meta name=\"twitter:data1\" content=\"3 minutes\" \/>\n<script type=\"application\/ld+json\" class=\"yoast-schema-graph\">{\"@context\":\"https:\/\/schema.org\",\"@graph\":[{\"@type\":\"WebPage\",\"@id\":\"https:\/\/web.umons.ac.be\/efe\/fr\/codiplomation\/\",\"url\":\"https:\/\/web.umons.ac.be\/efe\/fr\/codiplomation\/\",\"name\":\"Codipl\u00f4mation - Ecole \/ EFE\",\"isPartOf\":{\"@id\":\"https:\/\/web.umons.ac.be\/efe\/#website\"},\"primaryImageOfPage\":{\"@id\":\"https:\/\/web.umons.ac.be\/efe\/fr\/codiplomation\/#primaryimage\"},\"image\":{\"@id\":\"https:\/\/web.umons.ac.be\/efe\/fr\/codiplomation\/#primaryimage\"},\"thumbnailUrl\":\"https:\/\/web.umons.ac.be\/app\/uploads\/sites\/42\/2024\/10\/Codiplomation-fond-gris-1.png\",\"datePublished\":\"2022-09-01T07:54:30+00:00\",\"dateModified\":\"2024-10-07T06:59:54+00:00\",\"description\":\"Toutes les formations organis\u00e9es dans le cadre du D\u00e9cret s\u2019organisent en codipl\u00f4mation entre l'universit\u00e9 et les Hautes Ecoles.\",\"breadcrumb\":{\"@id\":\"https:\/\/web.umons.ac.be\/efe\/fr\/codiplomation\/#breadcrumb\"},\"inLanguage\":\"fr-FR\",\"potentialAction\":[{\"@type\":\"ReadAction\",\"target\":[\"https:\/\/web.umons.ac.be\/efe\/fr\/codiplomation\/\"]}]},{\"@type\":\"ImageObject\",\"inLanguage\":\"fr-FR\",\"@id\":\"https:\/\/web.umons.ac.be\/efe\/fr\/codiplomation\/#primaryimage\",\"url\":\"https:\/\/web.umons.ac.be\/app\/uploads\/sites\/42\/2024\/10\/Codiplomation-fond-gris-1.png\",\"contentUrl\":\"https:\/\/web.umons.ac.be\/app\/uploads\/sites\/42\/2024\/10\/Codiplomation-fond-gris-1.png\"},{\"@type\":\"BreadcrumbList\",\"@id\":\"https:\/\/web.umons.ac.be\/efe\/fr\/codiplomation\/#breadcrumb\",\"itemListElement\":[{\"@type\":\"ListItem\",\"position\":1,\"name\":\"Accueil\",\"item\":\"https:\/\/web.umons.ac.be\/efe\/fr\/\"},{\"@type\":\"ListItem\",\"position\":2,\"name\":\"Codipl\u00f4mation\"}]},{\"@type\":\"WebSite\",\"@id\":\"https:\/\/web.umons.ac.be\/efe\/#website\",\"url\":\"https:\/\/web.umons.ac.be\/efe\/\",\"name\":\"Ecole \/ EFE\",\"description\":\"hgqdfjkghqdfjk\",\"potentialAction\":[{\"@type\":\"SearchAction\",\"target\":{\"@type\":\"EntryPoint\",\"urlTemplate\":\"https:\/\/web.umons.ac.be\/efe\/?s={search_term_string}\"},\"query-input\":{\"@type\":\"PropertyValueSpecification\",\"valueRequired\":true,\"valueName\":\"search_term_string\"}}],\"inLanguage\":\"fr-FR\"}]}<\/script>\n<!-- \/ Yoast SEO plugin. -->","yoast_head_json":{"title":"Codipl\u00f4mation - Ecole \/ EFE","description":"Toutes les formations organis\u00e9es dans le cadre du D\u00e9cret s\u2019organisent en codipl\u00f4mation entre l'universit\u00e9 et les Hautes Ecoles.","robots":{"index":"index","follow":"follow","max-snippet":"max-snippet:-1","max-image-preview":"max-image-preview:large","max-video-preview":"max-video-preview:-1"},"canonical":"https:\/\/web.umons.ac.be\/efe\/fr\/codiplomation\/","og_locale":"fr_FR","og_type":"article","og_title":"Codipl\u00f4mation - Ecole \/ EFE","og_description":"Toutes les formations organis\u00e9es dans le cadre du D\u00e9cret s\u2019organisent en codipl\u00f4mation entre l'universit\u00e9 et les Hautes Ecoles.","og_url":"https:\/\/web.umons.ac.be\/efe\/fr\/codiplomation\/","og_site_name":"Ecole \/ EFE","article_modified_time":"2024-10-07T06:59:54+00:00","og_image":[{"url":"https:\/\/web.umons.ac.be\/app\/uploads\/sites\/42\/2024\/10\/Codiplomation-fond-gris-1.png","type":"","width":"","height":""}],"twitter_card":"summary_large_image","twitter_misc":{"Dur\u00e9e de lecture estim\u00e9e":"3 minutes"},"schema":{"@context":"https:\/\/schema.org","@graph":[{"@type":"WebPage","@id":"https:\/\/web.umons.ac.be\/efe\/fr\/codiplomation\/","url":"https:\/\/web.umons.ac.be\/efe\/fr\/codiplomation\/","name":"Codipl\u00f4mation - Ecole \/ EFE","isPartOf":{"@id":"https:\/\/web.umons.ac.be\/efe\/#website"},"primaryImageOfPage":{"@id":"https:\/\/web.umons.ac.be\/efe\/fr\/codiplomation\/#primaryimage"},"image":{"@id":"https:\/\/web.umons.ac.be\/efe\/fr\/codiplomation\/#primaryimage"},"thumbnailUrl":"https:\/\/web.umons.ac.be\/app\/uploads\/sites\/42\/2024\/10\/Codiplomation-fond-gris-1.png","datePublished":"2022-09-01T07:54:30+00:00","dateModified":"2024-10-07T06:59:54+00:00","description":"Toutes les formations organis\u00e9es dans le cadre du D\u00e9cret s\u2019organisent en codipl\u00f4mation entre l'universit\u00e9 et les Hautes Ecoles.","breadcrumb":{"@id":"https:\/\/web.umons.ac.be\/efe\/fr\/codiplomation\/#breadcrumb"},"inLanguage":"fr-FR","potentialAction":[{"@type":"ReadAction","target":["https:\/\/web.umons.ac.be\/efe\/fr\/codiplomation\/"]}]},{"@type":"ImageObject","inLanguage":"fr-FR","@id":"https:\/\/web.umons.ac.be\/efe\/fr\/codiplomation\/#primaryimage","url":"https:\/\/web.umons.ac.be\/app\/uploads\/sites\/42\/2024\/10\/Codiplomation-fond-gris-1.png","contentUrl":"https:\/\/web.umons.ac.be\/app\/uploads\/sites\/42\/2024\/10\/Codiplomation-fond-gris-1.png"},{"@type":"BreadcrumbList","@id":"https:\/\/web.umons.ac.be\/efe\/fr\/codiplomation\/#breadcrumb","itemListElement":[{"@type":"ListItem","position":1,"name":"Accueil","item":"https:\/\/web.umons.ac.be\/efe\/fr\/"},{"@type":"ListItem","position":2,"name":"Codipl\u00f4mation"}]},{"@type":"WebSite","@id":"https:\/\/web.umons.ac.be\/efe\/#website","url":"https:\/\/web.umons.ac.be\/efe\/","name":"Ecole \/ EFE","description":"hgqdfjkghqdfjk","potentialAction":[{"@type":"SearchAction","target":{"@type":"EntryPoint","urlTemplate":"https:\/\/web.umons.ac.be\/efe\/?s={search_term_string}"},"query-input":{"@type":"PropertyValueSpecification","valueRequired":true,"valueName":"search_term_string"}}],"inLanguage":"fr-FR"}]}},"lang":"fr","translations":{"fr":848},"pll_sync_post":[],"_links":{"self":[{"href":"https:\/\/web.umons.ac.be\/efe\/wp-json\/wp\/v2\/pages\/848","targetHints":{"allow":["GET"]}}],"collection":[{"href":"https:\/\/web.umons.ac.be\/efe\/wp-json\/wp\/v2\/pages"}],"about":[{"href":"https:\/\/web.umons.ac.be\/efe\/wp-json\/wp\/v2\/types\/page"}],"author":[{"embeddable":true,"href":"https:\/\/web.umons.ac.be\/efe\/wp-json\/wp\/v2\/users\/2"}],"replies":[{"embeddable":true,"href":"https:\/\/web.umons.ac.be\/efe\/wp-json\/wp\/v2\/comments?post=848"}],"version-history":[{"count":4,"href":"https:\/\/web.umons.ac.be\/efe\/wp-json\/wp\/v2\/pages\/848\/revisions"}],"predecessor-version":[{"id":1404,"href":"https:\/\/web.umons.ac.be\/efe\/wp-json\/wp\/v2\/pages\/848\/revisions\/1404"}],"wp:attachment":[{"href":"https:\/\/web.umons.ac.be\/efe\/wp-json\/wp\/v2\/media?parent=848"}],"curies":[{"name":"wp","href":"https:\/\/api.w.org\/{rel}","templated":true}]}}