{"id":850,"date":"2022-09-01T09:55:11","date_gmt":"2022-09-01T07:55:11","guid":{"rendered":"https:\/\/web.umons.ac.be\/efe\/?page_id=850"},"modified":"2024-08-08T11:31:32","modified_gmt":"2024-08-08T09:31:32","slug":"enseignement-maternel-primaire-secondaire","status":"publish","type":"page","link":"https:\/\/web.umons.ac.be\/efe\/fr\/enseignement-maternel-primaire-secondaire\/","title":{"rendered":"Enseignement maternel, primaire, secondaire"},"content":{"rendered":"<h3><strong>Les 5 sections <\/strong><\/h3>\n<p>Avec l&rsquo;introduction de la R\u00e9forme de la Formation Initiale des Enseignants, les cursus de bachelier instituteur pr\u00e9scolaire, d&rsquo;instituteur primaire et d&rsquo;agr\u00e9g\u00e9 de l&rsquo;enseignement secondaire inf\u00e9rieur (AESI), ainsi que l&rsquo;agr\u00e9gation de l&rsquo;enseignement secondaire sup\u00e9rieur (AESS) sont remplac\u00e9s par une nouvelle structure compos\u00e9e de <strong>5 sections<\/strong>. Chacune d\u2019elle permet d\u2019enseigner \u00e0 un certain niveau\u00a0:<\/p>\n<ul>\n<li><strong>Section 1<\/strong> : de la 1<sup>\u00e8re<\/sup> maternelle \u00e0 la 2<sup>\u00e8me<\/sup> primaire<\/li>\n<li><strong>Section 2<\/strong> : de la 3<sup>\u00e8me<\/sup> maternelle \u00e0 la 6<sup>\u00e8me<\/sup> primaire<\/li>\n<li><strong>Section 3<\/strong> : de la 5<sup>\u00e8me<\/sup> primaire \u00e0 la 3<sup>\u00e8me<\/sup> secondaire<\/li>\n<li><strong>Sections 4 et 5 <\/strong>: de la 4<sup>\u00e8me<\/sup> \u00e0 la 6<sup>\u00e8me<\/sup> secondaire<\/li>\n<\/ul>\n<p>Les Sections 1 \u00e0 4 sont des <strong>formations directes<\/strong> : elles associent la formation disciplinaire et la formation p\u00e9dagogique. La Section 5 est une <strong>formation diff\u00e9r\u00e9e<\/strong>.<\/p>\n<p>Toutes ces formations s&rsquo;organisent dans le cadre de <a href=\"https:\/\/go-prof.be\/\">codipl\u00f4mation<\/a>.<\/p>\n<h3><span style=\"color: #333333;\"><strong>Dur\u00e9e des formations<\/strong><\/span><\/h3>\n<p>Les \u00e9tudes pour les <a href=\"https:\/\/web.umons.ac.be\/efe\/fr\/en-maternelle-primaire-secondaire-inferieur\/\"><strong>sections 1 \u00e0 3 <\/strong><\/a>s\u2019\u00e9talent sur <strong>4 ans<\/strong> et comportent 2 cycles : trois ann\u00e9es en bachelier (180 cr\u00e9dits) suivies d&rsquo;une ann\u00e9e en master (60 cr\u00e9dits). La formation comprend donc de<strong> 240 cr\u00e9dits<\/strong>.<\/p>\n<p>La <a href=\"https:\/\/web.umons.ac.be\/efe\/fr\/en-secondaire-superieur\/\"><strong>section 4<\/strong><\/a> s\u2019\u00e9tale sur <strong>2 ans<\/strong>. Il s&rsquo;agit d\u2019un Master de <strong>120 cr\u00e9dits<\/strong> \u00e0 suivre \u00e0 l\u2019issue d\u2019un bachelier disciplinaire de 180 cr\u00e9dits. Elle remplacera le Master \u00e0 finalit\u00e9 didactique.<\/p>\n<p>La <a href=\"https:\/\/web.umons.ac.be\/efe\/fr\/en-secondaire-superieur\/\"><strong>section 5<\/strong><\/a> s\u2019\u00e9tale sur <strong>1 an<\/strong>. C\u2019est une formation de <strong>60 cr\u00e9dits<\/strong> ouverte aux titulaires d\u2019un Master disciplinaire. Elle remplacera l&rsquo;actuelle agr\u00e9gation de l&rsquo;enseignement secondaire sup\u00e9rieur (AESS).<\/p>\n<h3><strong>Grades acad\u00e9miques<\/strong><\/h3>\n<p>Ces \u00e9tudes sont sanctionn\u00e9es par un <strong>nouveau grade acad\u00e9mique<\/strong> : le master en enseignement + la section vis\u00e9e. Pour les sections 3, 4 et 5, le grade est compl\u00e9t\u00e9 par la discipline ou famille de disciplines suivie.<\/p>\n<p><span style=\"text-decoration: underline;\">Exemple<\/span> : Master en enseignement, section 3, sciences<\/p>\n<h3><strong>Master de sp\u00e9cialisation<\/strong><\/h3>\n<p>Il s\u2019agit d\u2019une <strong>cinqui\u00e8me ann\u00e9e facultative<\/strong>. Deux masters de sp\u00e9cialisation en enseignement sont organis\u00e9s :<\/p>\n<ul>\n<li>un pour les sections 1 et 2<\/li>\n<li>un pour les sections 3, 4 et 5.<\/li>\n<\/ul>\n<p>La formation dispens\u00e9e dans ce cadre totalisera 60 cr\u00e9dits. Elle permettra de poursuivre et approfondir le d\u00e9veloppement des comp\u00e9tences entam\u00e9 au cours de la formation initiale de l\u2019enseignant.<\/p>\n<p>Le Master de sp\u00e9cialisation en enseignement sections 3,4 et 5 pr\u00e9pare les enseignants titulaires d\u2019un Master en enseignement section 4 ou d\u2019un Master en enseignement section 5 \u00e0 enseigner une des disciplines d\u00e9finies dans le master obtenu, de la troisi\u00e8me \u00e0 la sixi\u00e8me ann\u00e9e de l\u2019enseignement secondaire.<\/p>\n<p>Ont acc\u00e8s au Master de sp\u00e9cialisation en enseignement sections 1 et 2, ou sections 3, 4 et 5 les candidats disposant d\u2019une anciennet\u00e9 de service de 5 ans au moins dans une \u00e9cole organis\u00e9e ou subventionn\u00e9e par la Communaut\u00e9 fran\u00e7aise, pour au moins la moiti\u00e9 du nombre de p\u00e9riodes requis pour la fonction \u00e0 prestations compl\u00e8tes.<\/p>\n<p>Ces formations ne seront pas organis\u00e9es avant la <strong>rentr\u00e9e acad\u00e9mique 2032-33<\/strong>.<\/p>\n<p><img loading=\"lazy\" decoding=\"async\" class=\"alignnone wp-image-1130\" src=\"https:\/\/web.umons.ac.be\/app\/uploads\/sites\/42\/2024\/03\/Capture-decran-2024-03-13-164757-300x162.png\" alt=\"Enseignement maternel, primaire, secondaire : les diff\u00e9rentes sections.\" width=\"814\" height=\"439\" srcset=\"https:\/\/web.umons.ac.be\/app\/uploads\/sites\/42\/2024\/03\/Capture-decran-2024-03-13-164757-300x162.png 300w, https:\/\/web.umons.ac.be\/app\/uploads\/sites\/42\/2024\/03\/Capture-decran-2024-03-13-164757-768x414.png 768w, https:\/\/web.umons.ac.be\/app\/uploads\/sites\/42\/2024\/03\/Capture-decran-2024-03-13-164757-30x16.png 30w, https:\/\/web.umons.ac.be\/app\/uploads\/sites\/42\/2024\/03\/Capture-decran-2024-03-13-164757-60x32.png 60w, https:\/\/web.umons.ac.be\/app\/uploads\/sites\/42\/2024\/03\/Capture-decran-2024-03-13-164757-360x194.png 360w, https:\/\/web.umons.ac.be\/app\/uploads\/sites\/42\/2024\/03\/Capture-decran-2024-03-13-164757.png 858w\" sizes=\"auto, (max-width: 814px) 100vw, 814px\" \/><\/p>\n<p>&nbsp;<\/p>\n<p>Retrouvez notre offre de formation pour l&rsquo;enseignement maternel, primaire, secondaire <a href=\"https:\/\/web.umons.ac.be\/efe\/fr\/loffre-de-formation\/\">ici<\/a>.<\/p>\n","protected":false},"excerpt":{"rendered":"<p>Les 5 sections Avec l&rsquo;introduction de la R\u00e9forme de la Formation Initiale des Enseignants, les cursus de bachelier instituteur pr\u00e9scolaire, d&rsquo;instituteur primaire et d&rsquo;agr\u00e9g\u00e9 de l&rsquo;enseignement secondaire inf\u00e9rieur (AESI), ainsi que l&rsquo;agr\u00e9gation de l&rsquo;enseignement secondaire sup\u00e9rieur (AESS) sont remplac\u00e9s par une nouvelle structure compos\u00e9e de 5 sections. Chacune d\u2019elle permet d\u2019enseigner \u00e0 un certain niveau\u00a0: [&hellip;]<\/p>\n","protected":false},"author":2,"featured_media":0,"parent":0,"menu_order":0,"comment_status":"closed","ping_status":"closed","template":"","meta":{"footnotes":""},"class_list":["post-850","page","type-page","status-publish","hentry"],"yoast_head":"<!-- This site is optimized with the Yoast SEO plugin v27.2 - https:\/\/yoast.com\/product\/yoast-seo-wordpress\/ -->\n<title>Enseignement maternel, primaire, secondaire - Ecole \/ EFE<\/title>\n<meta name=\"description\" content=\"Les \u00e9tudes \u00e0 l&#039;enseignement maternel, primaire, secondaire \u00e9voluent avec la R\u00e9forme de la Formation Initiale des Enseignants.\" \/>\n<meta name=\"robots\" content=\"index, follow, max-snippet:-1, max-image-preview:large, max-video-preview:-1\" \/>\n<link rel=\"canonical\" href=\"https:\/\/web.umons.ac.be\/efe\/fr\/enseignement-maternel-primaire-secondaire\/\" \/>\n<meta property=\"og:locale\" content=\"fr_FR\" \/>\n<meta property=\"og:type\" content=\"article\" \/>\n<meta property=\"og:title\" content=\"Enseignement maternel, primaire, secondaire - Ecole \/ EFE\" \/>\n<meta property=\"og:description\" content=\"Les \u00e9tudes \u00e0 l&#039;enseignement maternel, primaire, secondaire \u00e9voluent avec la R\u00e9forme de la Formation Initiale des Enseignants.\" \/>\n<meta property=\"og:url\" content=\"https:\/\/web.umons.ac.be\/efe\/fr\/enseignement-maternel-primaire-secondaire\/\" \/>\n<meta property=\"og:site_name\" content=\"Ecole \/ EFE\" \/>\n<meta property=\"article:modified_time\" content=\"2024-08-08T09:31:32+00:00\" \/>\n<meta property=\"og:image\" content=\"https:\/\/web.umons.ac.be\/app\/uploads\/sites\/42\/2024\/03\/Capture-decran-2024-03-13-164757-300x162.png\" \/>\n<meta name=\"twitter:card\" content=\"summary_large_image\" \/>\n<meta name=\"twitter:label1\" content=\"Dur\u00e9e de lecture estim\u00e9e\" \/>\n\t<meta name=\"twitter:data1\" content=\"3 minutes\" \/>\n<script type=\"application\/ld+json\" class=\"yoast-schema-graph\">{\"@context\":\"https:\/\/schema.org\",\"@graph\":[{\"@type\":\"WebPage\",\"@id\":\"https:\/\/web.umons.ac.be\/efe\/fr\/enseignement-maternel-primaire-secondaire\/\",\"url\":\"https:\/\/web.umons.ac.be\/efe\/fr\/enseignement-maternel-primaire-secondaire\/\",\"name\":\"Enseignement maternel, primaire, secondaire - Ecole \/ EFE\",\"isPartOf\":{\"@id\":\"https:\/\/web.umons.ac.be\/efe\/#website\"},\"primaryImageOfPage\":{\"@id\":\"https:\/\/web.umons.ac.be\/efe\/fr\/enseignement-maternel-primaire-secondaire\/#primaryimage\"},\"image\":{\"@id\":\"https:\/\/web.umons.ac.be\/efe\/fr\/enseignement-maternel-primaire-secondaire\/#primaryimage\"},\"thumbnailUrl\":\"https:\/\/web.umons.ac.be\/app\/uploads\/sites\/42\/2024\/03\/Capture-decran-2024-03-13-164757-300x162.png\",\"datePublished\":\"2022-09-01T07:55:11+00:00\",\"dateModified\":\"2024-08-08T09:31:32+00:00\",\"description\":\"Les \u00e9tudes \u00e0 l'enseignement maternel, primaire, secondaire \u00e9voluent avec la R\u00e9forme de la Formation Initiale des Enseignants.\",\"breadcrumb\":{\"@id\":\"https:\/\/web.umons.ac.be\/efe\/fr\/enseignement-maternel-primaire-secondaire\/#breadcrumb\"},\"inLanguage\":\"fr-FR\",\"potentialAction\":[{\"@type\":\"ReadAction\",\"target\":[\"https:\/\/web.umons.ac.be\/efe\/fr\/enseignement-maternel-primaire-secondaire\/\"]}]},{\"@type\":\"ImageObject\",\"inLanguage\":\"fr-FR\",\"@id\":\"https:\/\/web.umons.ac.be\/efe\/fr\/enseignement-maternel-primaire-secondaire\/#primaryimage\",\"url\":\"https:\/\/web.umons.ac.be\/app\/uploads\/sites\/42\/2024\/03\/Capture-decran-2024-03-13-164757-300x162.png\",\"contentUrl\":\"https:\/\/web.umons.ac.be\/app\/uploads\/sites\/42\/2024\/03\/Capture-decran-2024-03-13-164757-300x162.png\"},{\"@type\":\"BreadcrumbList\",\"@id\":\"https:\/\/web.umons.ac.be\/efe\/fr\/enseignement-maternel-primaire-secondaire\/#breadcrumb\",\"itemListElement\":[{\"@type\":\"ListItem\",\"position\":1,\"name\":\"Accueil\",\"item\":\"https:\/\/web.umons.ac.be\/efe\/fr\/\"},{\"@type\":\"ListItem\",\"position\":2,\"name\":\"Enseignement maternel, primaire, secondaire\"}]},{\"@type\":\"WebSite\",\"@id\":\"https:\/\/web.umons.ac.be\/efe\/#website\",\"url\":\"https:\/\/web.umons.ac.be\/efe\/\",\"name\":\"Ecole \/ EFE\",\"description\":\"hgqdfjkghqdfjk\",\"potentialAction\":[{\"@type\":\"SearchAction\",\"target\":{\"@type\":\"EntryPoint\",\"urlTemplate\":\"https:\/\/web.umons.ac.be\/efe\/?s={search_term_string}\"},\"query-input\":{\"@type\":\"PropertyValueSpecification\",\"valueRequired\":true,\"valueName\":\"search_term_string\"}}],\"inLanguage\":\"fr-FR\"}]}<\/script>\n<!-- \/ Yoast SEO plugin. -->","yoast_head_json":{"title":"Enseignement maternel, primaire, secondaire - Ecole \/ EFE","description":"Les \u00e9tudes \u00e0 l'enseignement maternel, primaire, secondaire \u00e9voluent avec la R\u00e9forme de la Formation Initiale des Enseignants.","robots":{"index":"index","follow":"follow","max-snippet":"max-snippet:-1","max-image-preview":"max-image-preview:large","max-video-preview":"max-video-preview:-1"},"canonical":"https:\/\/web.umons.ac.be\/efe\/fr\/enseignement-maternel-primaire-secondaire\/","og_locale":"fr_FR","og_type":"article","og_title":"Enseignement maternel, primaire, secondaire - Ecole \/ EFE","og_description":"Les \u00e9tudes \u00e0 l'enseignement maternel, primaire, secondaire \u00e9voluent avec la R\u00e9forme de la Formation Initiale des Enseignants.","og_url":"https:\/\/web.umons.ac.be\/efe\/fr\/enseignement-maternel-primaire-secondaire\/","og_site_name":"Ecole \/ EFE","article_modified_time":"2024-08-08T09:31:32+00:00","og_image":[{"url":"https:\/\/web.umons.ac.be\/app\/uploads\/sites\/42\/2024\/03\/Capture-decran-2024-03-13-164757-300x162.png","type":"","width":"","height":""}],"twitter_card":"summary_large_image","twitter_misc":{"Dur\u00e9e de lecture estim\u00e9e":"3 minutes"},"schema":{"@context":"https:\/\/schema.org","@graph":[{"@type":"WebPage","@id":"https:\/\/web.umons.ac.be\/efe\/fr\/enseignement-maternel-primaire-secondaire\/","url":"https:\/\/web.umons.ac.be\/efe\/fr\/enseignement-maternel-primaire-secondaire\/","name":"Enseignement maternel, primaire, secondaire - Ecole \/ EFE","isPartOf":{"@id":"https:\/\/web.umons.ac.be\/efe\/#website"},"primaryImageOfPage":{"@id":"https:\/\/web.umons.ac.be\/efe\/fr\/enseignement-maternel-primaire-secondaire\/#primaryimage"},"image":{"@id":"https:\/\/web.umons.ac.be\/efe\/fr\/enseignement-maternel-primaire-secondaire\/#primaryimage"},"thumbnailUrl":"https:\/\/web.umons.ac.be\/app\/uploads\/sites\/42\/2024\/03\/Capture-decran-2024-03-13-164757-300x162.png","datePublished":"2022-09-01T07:55:11+00:00","dateModified":"2024-08-08T09:31:32+00:00","description":"Les \u00e9tudes \u00e0 l'enseignement maternel, primaire, secondaire \u00e9voluent avec la R\u00e9forme de la Formation Initiale des Enseignants.","breadcrumb":{"@id":"https:\/\/web.umons.ac.be\/efe\/fr\/enseignement-maternel-primaire-secondaire\/#breadcrumb"},"inLanguage":"fr-FR","potentialAction":[{"@type":"ReadAction","target":["https:\/\/web.umons.ac.be\/efe\/fr\/enseignement-maternel-primaire-secondaire\/"]}]},{"@type":"ImageObject","inLanguage":"fr-FR","@id":"https:\/\/web.umons.ac.be\/efe\/fr\/enseignement-maternel-primaire-secondaire\/#primaryimage","url":"https:\/\/web.umons.ac.be\/app\/uploads\/sites\/42\/2024\/03\/Capture-decran-2024-03-13-164757-300x162.png","contentUrl":"https:\/\/web.umons.ac.be\/app\/uploads\/sites\/42\/2024\/03\/Capture-decran-2024-03-13-164757-300x162.png"},{"@type":"BreadcrumbList","@id":"https:\/\/web.umons.ac.be\/efe\/fr\/enseignement-maternel-primaire-secondaire\/#breadcrumb","itemListElement":[{"@type":"ListItem","position":1,"name":"Accueil","item":"https:\/\/web.umons.ac.be\/efe\/fr\/"},{"@type":"ListItem","position":2,"name":"Enseignement maternel, primaire, secondaire"}]},{"@type":"WebSite","@id":"https:\/\/web.umons.ac.be\/efe\/#website","url":"https:\/\/web.umons.ac.be\/efe\/","name":"Ecole \/ EFE","description":"hgqdfjkghqdfjk","potentialAction":[{"@type":"SearchAction","target":{"@type":"EntryPoint","urlTemplate":"https:\/\/web.umons.ac.be\/efe\/?s={search_term_string}"},"query-input":{"@type":"PropertyValueSpecification","valueRequired":true,"valueName":"search_term_string"}}],"inLanguage":"fr-FR"}]}},"lang":"fr","translations":{"fr":850},"pll_sync_post":[],"_links":{"self":[{"href":"https:\/\/web.umons.ac.be\/efe\/wp-json\/wp\/v2\/pages\/850","targetHints":{"allow":["GET"]}}],"collection":[{"href":"https:\/\/web.umons.ac.be\/efe\/wp-json\/wp\/v2\/pages"}],"about":[{"href":"https:\/\/web.umons.ac.be\/efe\/wp-json\/wp\/v2\/types\/page"}],"author":[{"embeddable":true,"href":"https:\/\/web.umons.ac.be\/efe\/wp-json\/wp\/v2\/users\/2"}],"replies":[{"embeddable":true,"href":"https:\/\/web.umons.ac.be\/efe\/wp-json\/wp\/v2\/comments?post=850"}],"version-history":[{"count":3,"href":"https:\/\/web.umons.ac.be\/efe\/wp-json\/wp\/v2\/pages\/850\/revisions"}],"predecessor-version":[{"id":1345,"href":"https:\/\/web.umons.ac.be\/efe\/wp-json\/wp\/v2\/pages\/850\/revisions\/1345"}],"wp:attachment":[{"href":"https:\/\/web.umons.ac.be\/efe\/wp-json\/wp\/v2\/media?parent=850"}],"curies":[{"name":"wp","href":"https:\/\/api.w.org\/{rel}","templated":true}]}}