{"id":852,"date":"2022-09-01T09:55:41","date_gmt":"2022-09-01T07:55:41","guid":{"rendered":"https:\/\/web.umons.ac.be\/efe\/?page_id=852"},"modified":"2024-07-09T13:27:18","modified_gmt":"2024-07-09T11:27:18","slug":"enseignement-superieur","status":"publish","type":"page","link":"https:\/\/web.umons.ac.be\/efe\/fr\/enseignement-superieur\/","title":{"rendered":"Enseignement sup\u00e9rieur"},"content":{"rendered":"<p>Le d\u00e9cret pr\u00e9voit un renforcement de la formation des formateurs d\u2019enseignants via la cr\u00e9ation d\u2019un <a href=\"https:\/\/web.umons.ac.be\/efe\/fr\/master-de-specialisation-en-formation-denseignants\/\"><strong>Master de sp\u00e9cialisation en formation d\u2019enseignants.<\/strong><\/a> Ce Master, comprenant <strong>60 cr\u00e9dits<\/strong>, permet d&rsquo;enseigner dans<strong> l&rsquo;enseignement sup\u00e9rieur<\/strong>.<\/p>\n<p>Ce Master est organis\u00e9 en <strong>codipl\u00f4mation\u00a0<\/strong>avec les partenaires du <a href=\"https:\/\/go-prof.be\/\">consortium GoProf !<\/a><\/p>\n<div class=\"highlighted-block\">\n<p>Cette formation remplace le Certificat d\u2019aptitude p\u00e9dagogique appropri\u00e9 \u00e0 l\u2019Enseignement sup\u00e9rieur (CAPAES) pour les professeurs des Hautes Ecoles (cat\u00e9gorie p\u00e9dagogique) qui enseignent les mati\u00e8res li\u00e9es \u00e0 la didactique, \u00e0 la p\u00e9dagogie et \u00e0 la formation \u00e0 et par la pratique. Le <strong>CAPAES reste en vigueur pour les enseignants des HE (autres cat\u00e9gories) et des HE (cat\u00e9gorie p\u00e9dagogique) qui n\u2019enseignent pas ces mati\u00e8res<\/strong>.<\/p>\n<\/div>\n<p>&nbsp;<\/p>\n<p>Le Master de sp\u00e9cialisation en formation d\u2019enseignants (MSFE) doit \u00eatre obtenu dans les <strong>six ans<\/strong> \u00e0 dater de la premi\u00e8re d\u00e9signation dans une fonction pour laquelle ce master est exig\u00e9. Au-del\u00e0 de cette p\u00e9riode, le membre du personnel ne peut plus \u00eatre d\u00e9sign\u00e9 dans cette m\u00eame fonction ou dans une fonction soumise aux m\u00eames exigences.<\/p>\n<p><span style=\"font-family: 'Helvetica Neue', Helvetica, Arial, sans-serif; font-size: 14px; font-style: normal; font-variant-ligatures: normal; font-variant-caps: normal; font-weight: 400;\">Le d\u00e9tenteur du MSFE est r\u00e9put\u00e9 titulaire du CAPAES en Hautes Ecoles et dans l\u2019Enseignement sup\u00e9rieur de Promotion sociale.<\/span><\/p>\n<h2>Condition d&rsquo;acc\u00e8s<\/h2>\n<p>Ont seuls acc\u00e8s, de plein droit, au master de sp\u00e9cialisation en formation d\u2019enseignants les \u00e9tudiants titulaires:<\/p>\n<ol>\n<li>d\u2019un <strong>master en sciences de l\u2019\u00e9ducation<\/strong> ;<\/li>\n<li>d\u2019un <strong>master en enseignement<\/strong> (Master en enseignement section 4 ou Master \u00e0 finalit\u00e9 didactique) ;<\/li>\n<li>d\u2019un master qui correspond \u00e0 un des titres requis correspondant \u00e0 un des cours \u00e0 conf\u00e9rer tel que d\u00e9finis \u00e0 l\u2019annexe 2 du d\u00e9cret du 8 f\u00e9vrier 1999 relatif aux fonctions et titres des membres du personnel enseignant des Hautes Ecoles organis\u00e9es ou subventionn\u00e9es par la Communaut\u00e9 fran\u00e7aise, ledit cours faisant partie du programme de la formation initiale directe ou diff\u00e9r\u00e9e \u00e0 l\u2019enseignement telle que d\u00e9finie dans le pr\u00e9sent d\u00e9cret. Ce master \u00e9tant compl\u00e9t\u00e9 par le grade acad\u00e9mique de <strong>master en enseignement section 5 ou AESS<\/strong><\/li>\n<li>pour les membres du personnel se destinant \u00e0 prendre en charge, dans les Ecoles sup\u00e9rieures des Arts, l\u2019enseignement de la didactique d\u2019un ou plusieurs cours artistiques, une reconnaissance d\u2019exp\u00e9rience utile et de notori\u00e9t\u00e9 selon les modalit\u00e9s d\u00e9finies \u00e0 l\u2019article 82, \u00a7 2, du d\u00e9cret du 20 d\u00e9cembre 2001 fixant les r\u00e8gles sp\u00e9cifiques \u00e0 l\u2019Enseignement sup\u00e9rieur artistique organis\u00e9 en Ecoles sup\u00e9rieures des Arts (organisation, financement, encadrement, statut des personnels, droits et devoirs des \u00e9tudiants).<\/li>\n<\/ol>\n<p>Le titulaire d\u2019un <strong>doctorat<\/strong> en sciences psychologiques et de l\u2019\u00e9ducation, d\u2019un doctorat dans le domaine \u00abEnseignement\u00bb ou d\u2019un doctorat \u00e0 vis\u00e9e didactique dans un autre domaine d\u2019\u00e9tudes est dispens\u00e9 du master de sp\u00e9cialisation en formation d\u2019enseignants et est r\u00e9put\u00e9 titulaire du CAPAES en Hautes Ecoles et dans l\u2019Enseignement sup\u00e9rieur de Promotion sociale (d\u00e9cret du 17 juillet 2002).<\/p>\n<p><strong>Contrairement au CAPAES, l\u2019acc\u00e8s au Master de sp\u00e9cialisation en Formation d&rsquo;Enseignants n\u2019est pas conditionn\u00e9 par une fonction exerc\u00e9e en Haute Ecole.<\/strong><\/p>\n<p>&nbsp;<\/p>\n<h5>Envie d&rsquo;en savoir plus ?<\/h5>\n<p>Une s\u00e9ance d\u2019information est organis\u00e9e le\u00a0<strong>samedi 31 ao\u00fbt de 9h \u00e0 12h<\/strong>\u00a0\u00e0\u00a0<strong>Warocqu\u00e9<\/strong>, Place Warocqu\u00e9, 17 \u00e0 Mons. Formateurs, formatrices et membres du personnel administratif seront pr\u00e9sents pour r\u00e9pondre \u00e0 vos questions.<\/p>\n","protected":false},"excerpt":{"rendered":"<p>Le d\u00e9cret pr\u00e9voit un renforcement de la formation des formateurs d\u2019enseignants via la cr\u00e9ation d\u2019un Master de sp\u00e9cialisation en formation d\u2019enseignants. Ce Master, comprenant 60 cr\u00e9dits, permet d&rsquo;enseigner dans l&rsquo;enseignement sup\u00e9rieur. Ce Master est organis\u00e9 en codipl\u00f4mation\u00a0avec les partenaires du consortium GoProf ! Cette formation remplace le Certificat d\u2019aptitude p\u00e9dagogique appropri\u00e9 \u00e0 l\u2019Enseignement sup\u00e9rieur (CAPAES) [&hellip;]<\/p>\n","protected":false},"author":2,"featured_media":0,"parent":0,"menu_order":0,"comment_status":"closed","ping_status":"closed","template":"","meta":{"footnotes":""},"class_list":["post-852","page","type-page","status-publish","hentry"],"yoast_head":"<!-- This site is optimized with the Yoast SEO plugin v27.2 - https:\/\/yoast.com\/product\/yoast-seo-wordpress\/ -->\n<title>Enseignement sup\u00e9rieur - Ecole \/ EFE<\/title>\n<meta name=\"description\" content=\"Le d\u00e9cret r\u00e9forme l&#039;enseignement sup\u00e9rieur en renfor\u00e7ant la formation des formateurs d&#039;enseignants avec la cr\u00e9ation d&#039;un nouveau Master.\" \/>\n<meta name=\"robots\" content=\"index, follow, max-snippet:-1, max-image-preview:large, max-video-preview:-1\" \/>\n<link rel=\"canonical\" href=\"https:\/\/web.umons.ac.be\/efe\/fr\/enseignement-superieur\/\" \/>\n<meta property=\"og:locale\" content=\"fr_FR\" \/>\n<meta property=\"og:type\" content=\"article\" \/>\n<meta property=\"og:title\" content=\"Enseignement sup\u00e9rieur - Ecole \/ EFE\" \/>\n<meta property=\"og:description\" content=\"Le d\u00e9cret r\u00e9forme l&#039;enseignement sup\u00e9rieur en renfor\u00e7ant la formation des formateurs d&#039;enseignants avec la cr\u00e9ation d&#039;un nouveau Master.\" \/>\n<meta property=\"og:url\" content=\"https:\/\/web.umons.ac.be\/efe\/fr\/enseignement-superieur\/\" \/>\n<meta property=\"og:site_name\" content=\"Ecole \/ EFE\" \/>\n<meta property=\"article:modified_time\" content=\"2024-07-09T11:27:18+00:00\" \/>\n<meta name=\"twitter:card\" content=\"summary_large_image\" \/>\n<meta name=\"twitter:label1\" content=\"Dur\u00e9e de lecture estim\u00e9e\" \/>\n\t<meta name=\"twitter:data1\" content=\"3 minutes\" \/>\n<script type=\"application\/ld+json\" class=\"yoast-schema-graph\">{\"@context\":\"https:\/\/schema.org\",\"@graph\":[{\"@type\":\"WebPage\",\"@id\":\"https:\/\/web.umons.ac.be\/efe\/fr\/enseignement-superieur\/\",\"url\":\"https:\/\/web.umons.ac.be\/efe\/fr\/enseignement-superieur\/\",\"name\":\"Enseignement sup\u00e9rieur - Ecole \/ EFE\",\"isPartOf\":{\"@id\":\"https:\/\/web.umons.ac.be\/efe\/#website\"},\"datePublished\":\"2022-09-01T07:55:41+00:00\",\"dateModified\":\"2024-07-09T11:27:18+00:00\",\"description\":\"Le d\u00e9cret r\u00e9forme l'enseignement sup\u00e9rieur en renfor\u00e7ant la formation des formateurs d'enseignants avec la cr\u00e9ation d'un nouveau Master.\",\"breadcrumb\":{\"@id\":\"https:\/\/web.umons.ac.be\/efe\/fr\/enseignement-superieur\/#breadcrumb\"},\"inLanguage\":\"fr-FR\",\"potentialAction\":[{\"@type\":\"ReadAction\",\"target\":[\"https:\/\/web.umons.ac.be\/efe\/fr\/enseignement-superieur\/\"]}]},{\"@type\":\"BreadcrumbList\",\"@id\":\"https:\/\/web.umons.ac.be\/efe\/fr\/enseignement-superieur\/#breadcrumb\",\"itemListElement\":[{\"@type\":\"ListItem\",\"position\":1,\"name\":\"Accueil\",\"item\":\"https:\/\/web.umons.ac.be\/efe\/fr\/\"},{\"@type\":\"ListItem\",\"position\":2,\"name\":\"Enseignement sup\u00e9rieur\"}]},{\"@type\":\"WebSite\",\"@id\":\"https:\/\/web.umons.ac.be\/efe\/#website\",\"url\":\"https:\/\/web.umons.ac.be\/efe\/\",\"name\":\"Ecole \/ EFE\",\"description\":\"hgqdfjkghqdfjk\",\"potentialAction\":[{\"@type\":\"SearchAction\",\"target\":{\"@type\":\"EntryPoint\",\"urlTemplate\":\"https:\/\/web.umons.ac.be\/efe\/?s={search_term_string}\"},\"query-input\":{\"@type\":\"PropertyValueSpecification\",\"valueRequired\":true,\"valueName\":\"search_term_string\"}}],\"inLanguage\":\"fr-FR\"}]}<\/script>\n<!-- \/ Yoast SEO plugin. -->","yoast_head_json":{"title":"Enseignement sup\u00e9rieur - Ecole \/ EFE","description":"Le d\u00e9cret r\u00e9forme l'enseignement sup\u00e9rieur en renfor\u00e7ant la formation des formateurs d'enseignants avec la cr\u00e9ation d'un nouveau Master.","robots":{"index":"index","follow":"follow","max-snippet":"max-snippet:-1","max-image-preview":"max-image-preview:large","max-video-preview":"max-video-preview:-1"},"canonical":"https:\/\/web.umons.ac.be\/efe\/fr\/enseignement-superieur\/","og_locale":"fr_FR","og_type":"article","og_title":"Enseignement sup\u00e9rieur - Ecole \/ EFE","og_description":"Le d\u00e9cret r\u00e9forme l'enseignement sup\u00e9rieur en renfor\u00e7ant la formation des formateurs d'enseignants avec la cr\u00e9ation d'un nouveau Master.","og_url":"https:\/\/web.umons.ac.be\/efe\/fr\/enseignement-superieur\/","og_site_name":"Ecole \/ EFE","article_modified_time":"2024-07-09T11:27:18+00:00","twitter_card":"summary_large_image","twitter_misc":{"Dur\u00e9e de lecture estim\u00e9e":"3 minutes"},"schema":{"@context":"https:\/\/schema.org","@graph":[{"@type":"WebPage","@id":"https:\/\/web.umons.ac.be\/efe\/fr\/enseignement-superieur\/","url":"https:\/\/web.umons.ac.be\/efe\/fr\/enseignement-superieur\/","name":"Enseignement sup\u00e9rieur - Ecole \/ EFE","isPartOf":{"@id":"https:\/\/web.umons.ac.be\/efe\/#website"},"datePublished":"2022-09-01T07:55:41+00:00","dateModified":"2024-07-09T11:27:18+00:00","description":"Le d\u00e9cret r\u00e9forme l'enseignement sup\u00e9rieur en renfor\u00e7ant la formation des formateurs d'enseignants avec la cr\u00e9ation d'un nouveau Master.","breadcrumb":{"@id":"https:\/\/web.umons.ac.be\/efe\/fr\/enseignement-superieur\/#breadcrumb"},"inLanguage":"fr-FR","potentialAction":[{"@type":"ReadAction","target":["https:\/\/web.umons.ac.be\/efe\/fr\/enseignement-superieur\/"]}]},{"@type":"BreadcrumbList","@id":"https:\/\/web.umons.ac.be\/efe\/fr\/enseignement-superieur\/#breadcrumb","itemListElement":[{"@type":"ListItem","position":1,"name":"Accueil","item":"https:\/\/web.umons.ac.be\/efe\/fr\/"},{"@type":"ListItem","position":2,"name":"Enseignement sup\u00e9rieur"}]},{"@type":"WebSite","@id":"https:\/\/web.umons.ac.be\/efe\/#website","url":"https:\/\/web.umons.ac.be\/efe\/","name":"Ecole \/ EFE","description":"hgqdfjkghqdfjk","potentialAction":[{"@type":"SearchAction","target":{"@type":"EntryPoint","urlTemplate":"https:\/\/web.umons.ac.be\/efe\/?s={search_term_string}"},"query-input":{"@type":"PropertyValueSpecification","valueRequired":true,"valueName":"search_term_string"}}],"inLanguage":"fr-FR"}]}},"lang":"fr","translations":{"fr":852},"pll_sync_post":[],"_links":{"self":[{"href":"https:\/\/web.umons.ac.be\/efe\/wp-json\/wp\/v2\/pages\/852","targetHints":{"allow":["GET"]}}],"collection":[{"href":"https:\/\/web.umons.ac.be\/efe\/wp-json\/wp\/v2\/pages"}],"about":[{"href":"https:\/\/web.umons.ac.be\/efe\/wp-json\/wp\/v2\/types\/page"}],"author":[{"embeddable":true,"href":"https:\/\/web.umons.ac.be\/efe\/wp-json\/wp\/v2\/users\/2"}],"replies":[{"embeddable":true,"href":"https:\/\/web.umons.ac.be\/efe\/wp-json\/wp\/v2\/comments?post=852"}],"version-history":[{"count":4,"href":"https:\/\/web.umons.ac.be\/efe\/wp-json\/wp\/v2\/pages\/852\/revisions"}],"predecessor-version":[{"id":1330,"href":"https:\/\/web.umons.ac.be\/efe\/wp-json\/wp\/v2\/pages\/852\/revisions\/1330"}],"wp:attachment":[{"href":"https:\/\/web.umons.ac.be\/efe\/wp-json\/wp\/v2\/media?parent=852"}],"curies":[{"name":"wp","href":"https:\/\/api.w.org\/{rel}","templated":true}]}}