{"id":854,"date":"2022-09-01T09:56:09","date_gmt":"2022-09-01T07:56:09","guid":{"rendered":"https:\/\/web.umons.ac.be\/efe\/?page_id=854"},"modified":"2025-09-26T15:19:26","modified_gmt":"2025-09-26T13:19:26","slug":"master-de-specialisation-en-formation-denseignants","status":"publish","type":"page","link":"https:\/\/web.umons.ac.be\/efe\/fr\/master-de-specialisation-en-formation-denseignants\/","title":{"rendered":"Master de sp\u00e9cialisation en formation d\u2019enseignants"},"content":{"rendered":"<h5><strong>Vous souhaitez former les futurs enseignants<\/strong><strong>\u202f<\/strong><strong>?\u00a0<\/strong><\/h5>\n<p>Notre <strong>Master de sp\u00e9cialisation en formation d\u2019enseignants<\/strong> en <strong>60 cr\u00e9dits<\/strong>\u00a0vous permet de d\u00e9velopper les comp\u00e9tences n\u00e9cessaires pour travailler <strong>dans les \u00e9tablissements sup\u00e9rieurs.<\/strong> Il est accessible tant aux professeurs en activit\u00e9 qu&rsquo;aux \u00e9tudiants qui aspirent \u00e0 poursuivre leurs \u00e9tudes.<\/p>\n<h3>Les points forts de notre formation :<\/h3>\n<ul>\n<li><strong>Expertise combin\u00e9e<\/strong> : B\u00e9n\u00e9ficiez de l\u2019expertise de l&rsquo;UMONS et de trois hautes \u00e9coles (<a href=\"https:\/\/www.condorcet.be\/\">Haute Ecole Condorcet<\/a>, <a href=\"https:\/\/www.heh.be\/\">Haute Ecole en Hainaut<\/a>, <a href=\"https:\/\/www.heaj.be\/fr\/\">Haute Ecole Albert Jacquard<\/a>) pour une formation compl\u00e8te et approfondie.<\/li>\n<li><strong>Adaptabilit\u00e9 et formation continue <\/strong>: Une ann\u00e9e d\u2019exp\u00e9rience nous a permis d\u2019apporter des changements significatifs pour am\u00e9liorer notre formation<\/li>\n<li style=\"margin-top: 0px; font-size: 14px;\"><span style=\"font-weight: bold; font-size: 14px;\">Approche individualis\u00e9e\u00a0<\/span>: Notre formation remodel\u00e9e suite aux retours des \u00e9tudiants t\u00e9moigne de notre engagement envers votre r\u00e9ussite. B\u00e9n\u00e9ficiez \u00e9galement d&rsquo;un suivi individualis\u00e9 pour maximiser votre exp\u00e9rience \u00e9ducative.<\/li>\n<\/ul>\n<h3>Le Master de sp\u00e9cialisation en formation d&rsquo;enseignants en pratique<\/h3>\n<p>Les cours du master sont organis\u00e9s en <strong>horaire d\u00e9cal\u00e9 \u00e0 Charleroi<\/strong> et sont donn\u00e9s en pr\u00e9sentiel et en ligne. Quatre grandes th\u00e9matiques\u202fstructurent notre formation :<\/p>\n<ul>\n<li>Formation et exercice de la profession de formateur d\u2019enseignants (en 2 parties)<\/li>\n<li>Professionnalisation des futurs enseignants<\/li>\n<li>Didactique (en 2 parties)<\/li>\n<li>Sp\u00e9cificit\u00e9 de la p\u00e9dagogie pour adultes<\/li>\n<\/ul>\n<start-cask-shortcode-wrapper><iframe ><\/iframe><end-cask-shortcode-wrapper>\n<p>Vous pouvez suivre la formation sur une ann\u00e9e ou opter pour un all\u00e8gement (les conditions d\u2019all\u00e8gement sont \u00e0 discuter avec le secr\u00e9tariat). Le programme d&rsquo;all\u00e8gement a \u00e9t\u00e9 pens\u00e9 par notre \u00e9quipe acad\u00e9mique pour vous permettre de suivre au mieux notre master.<\/p>\n<p><img loading=\"lazy\" decoding=\"async\" class=\"aligncenter wp-image-1194 size-large\" src=\"https:\/\/web.umons.ac.be\/app\/uploads\/sites\/42\/2024\/04\/allegement-2-e1728048364161-1024x544.png\" alt=\"Programme d'all\u00e8gement pour notre Master de sp\u00e9cialisation en formation d'enseignants\" width=\"1024\" height=\"544\" srcset=\"https:\/\/web.umons.ac.be\/app\/uploads\/sites\/42\/2024\/04\/allegement-2-e1728048364161-1024x544.png 1024w, https:\/\/web.umons.ac.be\/app\/uploads\/sites\/42\/2024\/04\/allegement-2-e1728048364161-300x159.png 300w, https:\/\/web.umons.ac.be\/app\/uploads\/sites\/42\/2024\/04\/allegement-2-e1728048364161-768x408.png 768w, https:\/\/web.umons.ac.be\/app\/uploads\/sites\/42\/2024\/04\/allegement-2-e1728048364161-1536x816.png 1536w, https:\/\/web.umons.ac.be\/app\/uploads\/sites\/42\/2024\/04\/allegement-2-e1728048364161-1243x660.png 1243w, https:\/\/web.umons.ac.be\/app\/uploads\/sites\/42\/2024\/04\/allegement-2-e1728048364161-30x16.png 30w, https:\/\/web.umons.ac.be\/app\/uploads\/sites\/42\/2024\/04\/allegement-2-e1728048364161-60x32.png 60w, https:\/\/web.umons.ac.be\/app\/uploads\/sites\/42\/2024\/04\/allegement-2-e1728048364161-360x191.png 360w, https:\/\/web.umons.ac.be\/app\/uploads\/sites\/42\/2024\/04\/allegement-2-e1728048364161.png 2000w\" sizes=\"auto, (max-width: 1024px) 100vw, 1024px\" \/><\/p>\n<p>En cas d&rsquo;all\u00e8gement, les frais d&rsquo;inscription sont calcul\u00e9s au prorata des cr\u00e9dits du PAE (Programme annuel de l&rsquo;\u00e9tudiant) pour la premi\u00e8re ann\u00e9e (environ la moiti\u00e9 des frais), mais sont dus en totalit\u00e9 la deuxi\u00e8me ann\u00e9e, soit 835\u20ac.<\/p>\n<h3>Conditions d&rsquo;acc\u00e8s<\/h3>\n<p>Cette formation s&rsquo;adresse aux (futurs) formateurs des hautes \u00e9coles, des \u00e9coles de promotion sociale et des \u00e9coles sup\u00e9rieures des arts, en charge des cours li\u00e9s \u00e0 la <strong>didactique<\/strong>, la <strong>p\u00e9dagogie<\/strong> et la <strong>formation \u00e0 et par la pratique<\/strong>.<\/p>\n<p>Les d\u00e9tenteurs de ce master de sp\u00e9cialisation seront automatiquement reconnus comme titulaires du CAPAES en hautes \u00e9coles et dans l\u2019enseignement sup\u00e9rieur de promotion sociale.<\/p>\n<p>L\u2019acc\u00e8s au Master de sp\u00e9cialisation en formation d\u2019enseignants n\u2019est pas r\u00e9serv\u00e9 aux personnes d\u00e9j\u00e0 en charge d\u2019enseignement en Haute \u00c9cole. Peuvent y acc\u00e9der de <span style=\"text-decoration: underline;\"><strong>plein droit<\/strong><\/span> (sans passer par une demande d&rsquo;admission) les titulaires des dipl\u00f4mes universitaires suivants :<\/p>\n<ul>\n<li>Master en sciences de l\u2019\u00e9ducation<\/li>\n<li>Master et Agr\u00e9gation pour l\u2019Enseignement Secondaire Sup\u00e9rieur (AESS)<\/li>\n<li>Master \u00e0 finalit\u00e9 didactique<\/li>\n<li>Masters en enseignement section 4 et section 5 (d\u00e8s qu\u2019ils seront organis\u00e9s)<\/li>\n<\/ul>\n<p>Les titulaires d&rsquo;un grade de Master autre que ceux cit\u00e9s ci-dessus peuvent introduire une <span style=\"text-decoration: underline;\"><strong>demande d\u2019admission<\/strong><\/span>.<\/p>\n<p>Ont \u00e9galement acc\u00e8s au master de sp\u00e9cialisation en formation d&rsquo;enseignants les personnes pouvant faire \u00e9tat d\u2019une exp\u00e9rience utile pour b\u00e9n\u00e9ficier d\u2019un acc\u00e8s via la <span style=\"text-decoration: underline;\"><strong>valorisation des acquis de l\u2019exp\u00e9rience<\/strong><\/span>.<\/p>\n<p><strong>Vous souhaitez savoir si vous pouvez acc\u00e9der \u00e0 cette formation ? Veuillez envoyer un mail au secr\u00e9tariat de l\u2019Ecole de Formation des Enseignants (<u>info.efe@umons.ac.be<\/u>).\u00a0<\/strong><\/p>\n<p>Vous devrez acqu\u00e9rir ce master dans un d\u00e9lai de <strong>6 ans<\/strong> \u00e0 dater de la premi\u00e8re d\u00e9signation dans un emploi vacant afin de poursuivre la carri\u00e8re entam\u00e9e et pr\u00e9tendre \u00e0 un engagement d\u00e9finitif.<\/p>\n<h3>Inscription<\/h3>\n<p>Retrouvez toutes les informations concernant les modalit\u00e9s d&rsquo;inscription au Master de sp\u00e9cialisation en formation d&rsquo;enseignant en cliquant <a href=\"https:\/\/web.umons.ac.be\/fr\/enseignement\/sinscrire\/master-de-specialisation-etudiant-belge-ou-ue-titulaire-dun-diplome-obtenu-en-belgique\/\">ici<\/a>.<\/p>\n<p>&nbsp;<\/p>\n<h5>Envie d&rsquo;en savoir plus sur le Master de sp\u00e9cialisation en formation d&rsquo;enseignants ?<\/h5>\n<p>Pour toute question, nous vous invitons \u00e0 parcourir notre\u00a0<a href=\"https:\/\/web.umons.ac.be\/efe\/fr\/faq\/\">FAQ<\/a> ou \u00e0 nous envoyer un mail (info.efe@umons.ac.be).<\/p>\n<p><span style=\"color: #ffffff;\">Retrouvez les horaires du Master de sp\u00e9cialisation en formation d&rsquo;enseignants sur l&rsquo;Hyperplanning.<\/span><\/p>\n","protected":false},"excerpt":{"rendered":"<p>Vous souhaitez former les futurs enseignants\u202f?\u00a0 Notre Master de sp\u00e9cialisation en formation d\u2019enseignants en 60 cr\u00e9dits\u00a0vous permet de d\u00e9velopper les comp\u00e9tences n\u00e9cessaires pour travailler dans les \u00e9tablissements sup\u00e9rieurs. Il est accessible tant aux professeurs en activit\u00e9 qu&rsquo;aux \u00e9tudiants qui aspirent \u00e0 poursuivre leurs \u00e9tudes. Les points forts de notre formation : Expertise combin\u00e9e : B\u00e9n\u00e9ficiez [&hellip;]<\/p>\n","protected":false},"author":2,"featured_media":0,"parent":0,"menu_order":0,"comment_status":"closed","ping_status":"closed","template":"","meta":{"footnotes":""},"class_list":["post-854","page","type-page","status-publish","hentry"],"yoast_head":"<!-- This site is optimized with the Yoast SEO plugin v27.2 - https:\/\/yoast.com\/product\/yoast-seo-wordpress\/ -->\n<title>Master de sp\u00e9cialisation en formation d\u2019enseignants - Ecole \/ EFE<\/title>\n<meta name=\"description\" content=\"Le Master de sp\u00e9cialisation en formation d\u2019enseignants organis\u00e9 par l&#039;EFE (60 cr\u00e9dits) permet d&#039;enseigner dans les \u00e9tablissements sup\u00e9rieurs.\" \/>\n<meta name=\"robots\" content=\"index, follow, max-snippet:-1, max-image-preview:large, max-video-preview:-1\" \/>\n<link rel=\"canonical\" href=\"https:\/\/web.umons.ac.be\/efe\/fr\/master-de-specialisation-en-formation-denseignants\/\" \/>\n<meta property=\"og:locale\" content=\"fr_FR\" \/>\n<meta property=\"og:type\" content=\"article\" \/>\n<meta property=\"og:title\" content=\"Master de sp\u00e9cialisation en formation d\u2019enseignants - Ecole \/ EFE\" \/>\n<meta property=\"og:description\" content=\"Le Master de sp\u00e9cialisation en formation d\u2019enseignants organis\u00e9 par l&#039;EFE (60 cr\u00e9dits) permet d&#039;enseigner dans les \u00e9tablissements sup\u00e9rieurs.\" \/>\n<meta property=\"og:url\" content=\"https:\/\/web.umons.ac.be\/efe\/fr\/master-de-specialisation-en-formation-denseignants\/\" \/>\n<meta property=\"og:site_name\" content=\"Ecole \/ EFE\" \/>\n<meta property=\"article:modified_time\" content=\"2025-09-26T13:19:26+00:00\" \/>\n<meta property=\"og:image\" content=\"https:\/\/web.umons.ac.be\/app\/uploads\/sites\/42\/2024\/04\/allegement-2-e1728048364161.png\" \/>\n\t<meta property=\"og:image:width\" content=\"2000\" \/>\n\t<meta property=\"og:image:height\" content=\"1062\" \/>\n\t<meta property=\"og:image:type\" content=\"image\/png\" \/>\n<meta name=\"twitter:card\" content=\"summary_large_image\" \/>\n<meta name=\"twitter:label1\" content=\"Dur\u00e9e de lecture estim\u00e9e\" \/>\n\t<meta name=\"twitter:data1\" content=\"4 minutes\" \/>\n<script type=\"application\/ld+json\" class=\"yoast-schema-graph\">{\"@context\":\"https:\/\/schema.org\",\"@graph\":[{\"@type\":\"WebPage\",\"@id\":\"https:\/\/web.umons.ac.be\/efe\/fr\/master-de-specialisation-en-formation-denseignants\/\",\"url\":\"https:\/\/web.umons.ac.be\/efe\/fr\/master-de-specialisation-en-formation-denseignants\/\",\"name\":\"Master de sp\u00e9cialisation en formation d\u2019enseignants - Ecole \/ EFE\",\"isPartOf\":{\"@id\":\"https:\/\/web.umons.ac.be\/efe\/#website\"},\"primaryImageOfPage\":{\"@id\":\"https:\/\/web.umons.ac.be\/efe\/fr\/master-de-specialisation-en-formation-denseignants\/#primaryimage\"},\"image\":{\"@id\":\"https:\/\/web.umons.ac.be\/efe\/fr\/master-de-specialisation-en-formation-denseignants\/#primaryimage\"},\"thumbnailUrl\":\"https:\/\/web.umons.ac.be\/app\/uploads\/sites\/42\/2024\/04\/allegement-2-e1728048364161-1024x544.png\",\"datePublished\":\"2022-09-01T07:56:09+00:00\",\"dateModified\":\"2025-09-26T13:19:26+00:00\",\"description\":\"Le Master de sp\u00e9cialisation en formation d\u2019enseignants organis\u00e9 par l'EFE (60 cr\u00e9dits) permet d'enseigner dans les \u00e9tablissements sup\u00e9rieurs.\",\"breadcrumb\":{\"@id\":\"https:\/\/web.umons.ac.be\/efe\/fr\/master-de-specialisation-en-formation-denseignants\/#breadcrumb\"},\"inLanguage\":\"fr-FR\",\"potentialAction\":[{\"@type\":\"ReadAction\",\"target\":[\"https:\/\/web.umons.ac.be\/efe\/fr\/master-de-specialisation-en-formation-denseignants\/\"]}]},{\"@type\":\"ImageObject\",\"inLanguage\":\"fr-FR\",\"@id\":\"https:\/\/web.umons.ac.be\/efe\/fr\/master-de-specialisation-en-formation-denseignants\/#primaryimage\",\"url\":\"https:\/\/web.umons.ac.be\/app\/uploads\/sites\/42\/2024\/04\/allegement-2-e1728048364161-1024x544.png\",\"contentUrl\":\"https:\/\/web.umons.ac.be\/app\/uploads\/sites\/42\/2024\/04\/allegement-2-e1728048364161-1024x544.png\"},{\"@type\":\"BreadcrumbList\",\"@id\":\"https:\/\/web.umons.ac.be\/efe\/fr\/master-de-specialisation-en-formation-denseignants\/#breadcrumb\",\"itemListElement\":[{\"@type\":\"ListItem\",\"position\":1,\"name\":\"Accueil\",\"item\":\"https:\/\/web.umons.ac.be\/efe\/fr\/\"},{\"@type\":\"ListItem\",\"position\":2,\"name\":\"Master de sp\u00e9cialisation en formation d\u2019enseignants\"}]},{\"@type\":\"WebSite\",\"@id\":\"https:\/\/web.umons.ac.be\/efe\/#website\",\"url\":\"https:\/\/web.umons.ac.be\/efe\/\",\"name\":\"Ecole \/ EFE\",\"description\":\"hgqdfjkghqdfjk\",\"potentialAction\":[{\"@type\":\"SearchAction\",\"target\":{\"@type\":\"EntryPoint\",\"urlTemplate\":\"https:\/\/web.umons.ac.be\/efe\/?s={search_term_string}\"},\"query-input\":{\"@type\":\"PropertyValueSpecification\",\"valueRequired\":true,\"valueName\":\"search_term_string\"}}],\"inLanguage\":\"fr-FR\"}]}<\/script>\n<!-- \/ Yoast SEO plugin. -->","yoast_head_json":{"title":"Master de sp\u00e9cialisation en formation d\u2019enseignants - Ecole \/ EFE","description":"Le Master de sp\u00e9cialisation en formation d\u2019enseignants organis\u00e9 par l'EFE (60 cr\u00e9dits) permet d'enseigner dans les \u00e9tablissements sup\u00e9rieurs.","robots":{"index":"index","follow":"follow","max-snippet":"max-snippet:-1","max-image-preview":"max-image-preview:large","max-video-preview":"max-video-preview:-1"},"canonical":"https:\/\/web.umons.ac.be\/efe\/fr\/master-de-specialisation-en-formation-denseignants\/","og_locale":"fr_FR","og_type":"article","og_title":"Master de sp\u00e9cialisation en formation d\u2019enseignants - Ecole \/ EFE","og_description":"Le Master de sp\u00e9cialisation en formation d\u2019enseignants organis\u00e9 par l'EFE (60 cr\u00e9dits) permet d'enseigner dans les \u00e9tablissements sup\u00e9rieurs.","og_url":"https:\/\/web.umons.ac.be\/efe\/fr\/master-de-specialisation-en-formation-denseignants\/","og_site_name":"Ecole \/ EFE","article_modified_time":"2025-09-26T13:19:26+00:00","og_image":[{"width":2000,"height":1062,"url":"https:\/\/web.umons.ac.be\/app\/uploads\/sites\/42\/2024\/04\/allegement-2-e1728048364161.png","type":"image\/png"}],"twitter_card":"summary_large_image","twitter_misc":{"Dur\u00e9e de lecture estim\u00e9e":"4 minutes"},"schema":{"@context":"https:\/\/schema.org","@graph":[{"@type":"WebPage","@id":"https:\/\/web.umons.ac.be\/efe\/fr\/master-de-specialisation-en-formation-denseignants\/","url":"https:\/\/web.umons.ac.be\/efe\/fr\/master-de-specialisation-en-formation-denseignants\/","name":"Master de sp\u00e9cialisation en formation d\u2019enseignants - Ecole \/ EFE","isPartOf":{"@id":"https:\/\/web.umons.ac.be\/efe\/#website"},"primaryImageOfPage":{"@id":"https:\/\/web.umons.ac.be\/efe\/fr\/master-de-specialisation-en-formation-denseignants\/#primaryimage"},"image":{"@id":"https:\/\/web.umons.ac.be\/efe\/fr\/master-de-specialisation-en-formation-denseignants\/#primaryimage"},"thumbnailUrl":"https:\/\/web.umons.ac.be\/app\/uploads\/sites\/42\/2024\/04\/allegement-2-e1728048364161-1024x544.png","datePublished":"2022-09-01T07:56:09+00:00","dateModified":"2025-09-26T13:19:26+00:00","description":"Le Master de sp\u00e9cialisation en formation d\u2019enseignants organis\u00e9 par l'EFE (60 cr\u00e9dits) permet d'enseigner dans les \u00e9tablissements sup\u00e9rieurs.","breadcrumb":{"@id":"https:\/\/web.umons.ac.be\/efe\/fr\/master-de-specialisation-en-formation-denseignants\/#breadcrumb"},"inLanguage":"fr-FR","potentialAction":[{"@type":"ReadAction","target":["https:\/\/web.umons.ac.be\/efe\/fr\/master-de-specialisation-en-formation-denseignants\/"]}]},{"@type":"ImageObject","inLanguage":"fr-FR","@id":"https:\/\/web.umons.ac.be\/efe\/fr\/master-de-specialisation-en-formation-denseignants\/#primaryimage","url":"https:\/\/web.umons.ac.be\/app\/uploads\/sites\/42\/2024\/04\/allegement-2-e1728048364161-1024x544.png","contentUrl":"https:\/\/web.umons.ac.be\/app\/uploads\/sites\/42\/2024\/04\/allegement-2-e1728048364161-1024x544.png"},{"@type":"BreadcrumbList","@id":"https:\/\/web.umons.ac.be\/efe\/fr\/master-de-specialisation-en-formation-denseignants\/#breadcrumb","itemListElement":[{"@type":"ListItem","position":1,"name":"Accueil","item":"https:\/\/web.umons.ac.be\/efe\/fr\/"},{"@type":"ListItem","position":2,"name":"Master de sp\u00e9cialisation en formation d\u2019enseignants"}]},{"@type":"WebSite","@id":"https:\/\/web.umons.ac.be\/efe\/#website","url":"https:\/\/web.umons.ac.be\/efe\/","name":"Ecole \/ EFE","description":"hgqdfjkghqdfjk","potentialAction":[{"@type":"SearchAction","target":{"@type":"EntryPoint","urlTemplate":"https:\/\/web.umons.ac.be\/efe\/?s={search_term_string}"},"query-input":{"@type":"PropertyValueSpecification","valueRequired":true,"valueName":"search_term_string"}}],"inLanguage":"fr-FR"}]}},"lang":"fr","translations":{"fr":854},"pll_sync_post":[],"_links":{"self":[{"href":"https:\/\/web.umons.ac.be\/efe\/wp-json\/wp\/v2\/pages\/854","targetHints":{"allow":["GET"]}}],"collection":[{"href":"https:\/\/web.umons.ac.be\/efe\/wp-json\/wp\/v2\/pages"}],"about":[{"href":"https:\/\/web.umons.ac.be\/efe\/wp-json\/wp\/v2\/types\/page"}],"author":[{"embeddable":true,"href":"https:\/\/web.umons.ac.be\/efe\/wp-json\/wp\/v2\/users\/2"}],"replies":[{"embeddable":true,"href":"https:\/\/web.umons.ac.be\/efe\/wp-json\/wp\/v2\/comments?post=854"}],"version-history":[{"count":4,"href":"https:\/\/web.umons.ac.be\/efe\/wp-json\/wp\/v2\/pages\/854\/revisions"}],"predecessor-version":[{"id":1689,"href":"https:\/\/web.umons.ac.be\/efe\/wp-json\/wp\/v2\/pages\/854\/revisions\/1689"}],"wp:attachment":[{"href":"https:\/\/web.umons.ac.be\/efe\/wp-json\/wp\/v2\/media?parent=854"}],"curies":[{"name":"wp","href":"https:\/\/api.w.org\/{rel}","templated":true}]}}