{"id":89,"date":"2019-11-22T15:35:42","date_gmt":"2019-11-22T14:35:42","guid":{"rendered":"https:\/\/web.umons.ac.be\/efe\/?page_id=89"},"modified":"2022-06-16T15:04:24","modified_gmt":"2022-06-16T13:04:24","slug":"a-propos-de-lecole","status":"publish","type":"page","link":"https:\/\/web.umons.ac.be\/efe\/fr\/a-propos-de-lecole\/","title":{"rendered":"A propos de l&rsquo;\u00e9cole"},"content":{"rendered":"<p>L\u2019Ecole de Formation des Enseignants a \u00e9t\u00e9 cr\u00e9\u00e9e par l\u2019UMONS fin 2018 afin de travailler \u00e0 la mise en application et au suivi du d\u00e9cret du 7 f\u00e9vrier 2019 portant sur la R\u00e9forme de la Formation Initiale des Enseignants.<\/p>\n<p><strong>Le Conseil de Direction de l\u2019Ecole est compos\u00e9 de\u00a0:<\/strong><\/p>\n<ul>\n<li>Le Vice-recteur ayant l\u2019enseignement dans ses attributions\u00a0;<\/li>\n<li>Les Pr\u00e9sident, Vice-Pr\u00e9sident et secr\u00e9taire de l\u2019Ecole de Formation des Enseignants ;<\/li>\n<li>Le Pr\u00e9sident de l\u2019Ecole des Sciences Humaines et Sociales\u00a0;<\/li>\n<li>Les charg\u00e9s de cours, professeurs et professeurs ordinaires temps plein de l\u2019UMONS dont la charge rel\u00e8ve de l\u2019Ecole, en ce compris les membres du personnel scientifique nomm\u00e9s ;<\/li>\n<li>Les enseignants et les scientifiques nomm\u00e9s \u00e0 titre d\u00e9finitif, responsables d\u2019au moins une UE (ou une AA) obligatoire dans un programme g\u00e9r\u00e9 par l\u2019EFE, dont la charge est fix\u00e9e \u00e0 au moins 50% d\u2019un temps plein (2 maximum) ;<\/li>\n<li>Les membres du personnel scientifique de l\u2019UMONS engag\u00e9s aupr\u00e8s de l\u2019Ecole (4 maximum) ;<\/li>\n<li>Les membres du personnel PATO de l\u2019UMONS affect\u00e9s \u00e0 l\u2019Ecole (1 maximum) ;<\/li>\n<li>Deux repr\u00e9sentants par Facult\u00e9 ou Ecole parmi :\n<ul>\n<li>les membres vis\u00e9s \u00e0 l\u2019article 2, \u00a71er, sous b) et c), les doyens de Facult\u00e9 et pr\u00e9sident d\u2019\u00e9cole pouvant \u00eatre un des 2 repr\u00e9sentants ;<\/li>\n<\/ul>\n<\/li>\n<li>et\/ou\n<ul>\n<li>les membres vis\u00e9s \u00e0 l\u2019article 2, \u00a71er, sous h), \u00e0 l\u2019exclusion des suppl\u00e9ants, ma\u00eetres de conf\u00e9rences, charg\u00e9s d\u2019enseignement.<\/li>\n<\/ul>\n<p>Ces deux repr\u00e9sentants seront d\u00e9sign\u00e9s par le Conseil de Facult\u00e9 ou le Conseil de Direction de l\u2019Ecole.<\/li>\n<li>25 % d\u2019\u00e9tudiants, inscrits \u00e0 un cursus dont l\u2019Ecole coordonne l\u2019organisation, d\u00e9sign\u00e9s pour deux ans, selon les modalit\u00e9s du d\u00e9cret du 21 septembre 2012 relatif \u00e0 la participation et la repr\u00e9sentation \u00e9tudiante dans l&rsquo;enseignement sup\u00e9rieur.<\/li>\n<\/ul>\n","protected":false},"excerpt":{"rendered":"<p>L\u2019Ecole de Formation des Enseignants a \u00e9t\u00e9 cr\u00e9\u00e9e par l\u2019UMONS fin 2018 afin de travailler \u00e0 la mise en application et au suivi du d\u00e9cret du 7 f\u00e9vrier 2019 portant sur la R\u00e9forme de la Formation Initiale des Enseignants. Le Conseil de Direction de l\u2019Ecole est compos\u00e9 de\u00a0: Le Vice-recteur ayant l\u2019enseignement dans ses attributions\u00a0; [&hellip;]<\/p>\n","protected":false},"author":2,"featured_media":0,"parent":0,"menu_order":0,"comment_status":"closed","ping_status":"closed","template":"","meta":{"footnotes":""},"class_list":["post-89","page","type-page","status-publish","hentry"],"yoast_head":"<!-- This site is optimized with the Yoast SEO plugin v27.2 - https:\/\/yoast.com\/product\/yoast-seo-wordpress\/ -->\n<title>A propos de l&#039;\u00e9cole - Ecole \/ EFE<\/title>\n<meta name=\"robots\" content=\"index, follow, max-snippet:-1, max-image-preview:large, max-video-preview:-1\" \/>\n<link rel=\"canonical\" href=\"https:\/\/web.umons.ac.be\/efe\/fr\/a-propos-de-lecole\/\" \/>\n<meta property=\"og:locale\" content=\"fr_FR\" \/>\n<meta property=\"og:type\" content=\"article\" \/>\n<meta property=\"og:title\" content=\"A propos de l&#039;\u00e9cole - Ecole \/ EFE\" \/>\n<meta property=\"og:description\" content=\"L\u2019Ecole de Formation des Enseignants a \u00e9t\u00e9 cr\u00e9\u00e9e par l\u2019UMONS fin 2018 afin de travailler \u00e0 la mise en application et au suivi du d\u00e9cret du 7 f\u00e9vrier 2019 portant sur la R\u00e9forme de la Formation Initiale des Enseignants. Le Conseil de Direction de l\u2019Ecole est compos\u00e9 de\u00a0: Le Vice-recteur ayant l\u2019enseignement dans ses attributions\u00a0; [&hellip;]\" \/>\n<meta property=\"og:url\" content=\"https:\/\/web.umons.ac.be\/efe\/fr\/a-propos-de-lecole\/\" \/>\n<meta property=\"og:site_name\" content=\"Ecole \/ EFE\" \/>\n<meta property=\"article:modified_time\" content=\"2022-06-16T13:04:24+00:00\" \/>\n<meta name=\"twitter:card\" content=\"summary_large_image\" \/>\n<meta name=\"twitter:label1\" content=\"Dur\u00e9e de lecture estim\u00e9e\" \/>\n\t<meta name=\"twitter:data1\" content=\"2 minutes\" \/>\n<script type=\"application\/ld+json\" class=\"yoast-schema-graph\">{\"@context\":\"https:\/\/schema.org\",\"@graph\":[{\"@type\":\"WebPage\",\"@id\":\"https:\/\/web.umons.ac.be\/efe\/fr\/a-propos-de-lecole\/\",\"url\":\"https:\/\/web.umons.ac.be\/efe\/fr\/a-propos-de-lecole\/\",\"name\":\"A propos de l'\u00e9cole - Ecole \/ EFE\",\"isPartOf\":{\"@id\":\"https:\/\/web.umons.ac.be\/efe\/#website\"},\"datePublished\":\"2019-11-22T14:35:42+00:00\",\"dateModified\":\"2022-06-16T13:04:24+00:00\",\"breadcrumb\":{\"@id\":\"https:\/\/web.umons.ac.be\/efe\/fr\/a-propos-de-lecole\/#breadcrumb\"},\"inLanguage\":\"fr-FR\",\"potentialAction\":[{\"@type\":\"ReadAction\",\"target\":[\"https:\/\/web.umons.ac.be\/efe\/fr\/a-propos-de-lecole\/\"]}]},{\"@type\":\"BreadcrumbList\",\"@id\":\"https:\/\/web.umons.ac.be\/efe\/fr\/a-propos-de-lecole\/#breadcrumb\",\"itemListElement\":[{\"@type\":\"ListItem\",\"position\":1,\"name\":\"Accueil\",\"item\":\"https:\/\/web.umons.ac.be\/efe\/fr\/\"},{\"@type\":\"ListItem\",\"position\":2,\"name\":\"A propos de l&rsquo;\u00e9cole\"}]},{\"@type\":\"WebSite\",\"@id\":\"https:\/\/web.umons.ac.be\/efe\/#website\",\"url\":\"https:\/\/web.umons.ac.be\/efe\/\",\"name\":\"Ecole \/ EFE\",\"description\":\"hgqdfjkghqdfjk\",\"potentialAction\":[{\"@type\":\"SearchAction\",\"target\":{\"@type\":\"EntryPoint\",\"urlTemplate\":\"https:\/\/web.umons.ac.be\/efe\/?s={search_term_string}\"},\"query-input\":{\"@type\":\"PropertyValueSpecification\",\"valueRequired\":true,\"valueName\":\"search_term_string\"}}],\"inLanguage\":\"fr-FR\"}]}<\/script>\n<!-- \/ Yoast SEO plugin. -->","yoast_head_json":{"title":"A propos de l'\u00e9cole - Ecole \/ EFE","robots":{"index":"index","follow":"follow","max-snippet":"max-snippet:-1","max-image-preview":"max-image-preview:large","max-video-preview":"max-video-preview:-1"},"canonical":"https:\/\/web.umons.ac.be\/efe\/fr\/a-propos-de-lecole\/","og_locale":"fr_FR","og_type":"article","og_title":"A propos de l'\u00e9cole - Ecole \/ EFE","og_description":"L\u2019Ecole de Formation des Enseignants a \u00e9t\u00e9 cr\u00e9\u00e9e par l\u2019UMONS fin 2018 afin de travailler \u00e0 la mise en application et au suivi du d\u00e9cret du 7 f\u00e9vrier 2019 portant sur la R\u00e9forme de la Formation Initiale des Enseignants. Le Conseil de Direction de l\u2019Ecole est compos\u00e9 de\u00a0: Le Vice-recteur ayant l\u2019enseignement dans ses attributions\u00a0; [&hellip;]","og_url":"https:\/\/web.umons.ac.be\/efe\/fr\/a-propos-de-lecole\/","og_site_name":"Ecole \/ EFE","article_modified_time":"2022-06-16T13:04:24+00:00","twitter_card":"summary_large_image","twitter_misc":{"Dur\u00e9e de lecture estim\u00e9e":"2 minutes"},"schema":{"@context":"https:\/\/schema.org","@graph":[{"@type":"WebPage","@id":"https:\/\/web.umons.ac.be\/efe\/fr\/a-propos-de-lecole\/","url":"https:\/\/web.umons.ac.be\/efe\/fr\/a-propos-de-lecole\/","name":"A propos de l'\u00e9cole - Ecole \/ EFE","isPartOf":{"@id":"https:\/\/web.umons.ac.be\/efe\/#website"},"datePublished":"2019-11-22T14:35:42+00:00","dateModified":"2022-06-16T13:04:24+00:00","breadcrumb":{"@id":"https:\/\/web.umons.ac.be\/efe\/fr\/a-propos-de-lecole\/#breadcrumb"},"inLanguage":"fr-FR","potentialAction":[{"@type":"ReadAction","target":["https:\/\/web.umons.ac.be\/efe\/fr\/a-propos-de-lecole\/"]}]},{"@type":"BreadcrumbList","@id":"https:\/\/web.umons.ac.be\/efe\/fr\/a-propos-de-lecole\/#breadcrumb","itemListElement":[{"@type":"ListItem","position":1,"name":"Accueil","item":"https:\/\/web.umons.ac.be\/efe\/fr\/"},{"@type":"ListItem","position":2,"name":"A propos de l&rsquo;\u00e9cole"}]},{"@type":"WebSite","@id":"https:\/\/web.umons.ac.be\/efe\/#website","url":"https:\/\/web.umons.ac.be\/efe\/","name":"Ecole \/ EFE","description":"hgqdfjkghqdfjk","potentialAction":[{"@type":"SearchAction","target":{"@type":"EntryPoint","urlTemplate":"https:\/\/web.umons.ac.be\/efe\/?s={search_term_string}"},"query-input":{"@type":"PropertyValueSpecification","valueRequired":true,"valueName":"search_term_string"}}],"inLanguage":"fr-FR"}]}},"lang":"fr","translations":{"fr":89},"pll_sync_post":[],"_links":{"self":[{"href":"https:\/\/web.umons.ac.be\/efe\/wp-json\/wp\/v2\/pages\/89","targetHints":{"allow":["GET"]}}],"collection":[{"href":"https:\/\/web.umons.ac.be\/efe\/wp-json\/wp\/v2\/pages"}],"about":[{"href":"https:\/\/web.umons.ac.be\/efe\/wp-json\/wp\/v2\/types\/page"}],"author":[{"embeddable":true,"href":"https:\/\/web.umons.ac.be\/efe\/wp-json\/wp\/v2\/users\/2"}],"replies":[{"embeddable":true,"href":"https:\/\/web.umons.ac.be\/efe\/wp-json\/wp\/v2\/comments?post=89"}],"version-history":[{"count":3,"href":"https:\/\/web.umons.ac.be\/efe\/wp-json\/wp\/v2\/pages\/89\/revisions"}],"predecessor-version":[{"id":834,"href":"https:\/\/web.umons.ac.be\/efe\/wp-json\/wp\/v2\/pages\/89\/revisions\/834"}],"wp:attachment":[{"href":"https:\/\/web.umons.ac.be\/efe\/wp-json\/wp\/v2\/media?parent=89"}],"curies":[{"name":"wp","href":"https:\/\/api.w.org\/{rel}","templated":true}]}}