{"id":910,"date":"2023-02-24T11:21:07","date_gmt":"2023-02-24T10:21:07","guid":{"rendered":"https:\/\/web.umons.ac.be\/efe\/?page_id=910"},"modified":"2026-03-23T13:05:52","modified_gmt":"2026-03-23T12:05:52","slug":"loffre-de-formation","status":"publish","type":"page","link":"https:\/\/web.umons.ac.be\/efe\/fr\/loffre-de-formation\/","title":{"rendered":"L\u2019offre de formation"},"content":{"rendered":"<h3>L&rsquo;\u00c9cole de Formation des Enseignants propose :<\/h3>\n<ul>\n<li>Bachelier \/ Master en Enseignement <a href=\"https:\/\/web.umons.ac.be\/efe\/fr\/loffre-de-formation\/2eme-cycle-master\/master-section-1\/\">Section 1<\/a> &#8211; Inscription en Haute Ecole<\/li>\n<li>Bachelier \/ Master en Enseignement <a href=\"https:\/\/web.umons.ac.be\/efe\/fr\/loffre-de-formation\/2eme-cycle-master\/master-section-2\/\">Section 2<\/a> &#8211; Inscription en Haute Ecole<\/li>\n<li>Bachelier \/ Master en Enseignement <a href=\"https:\/\/web.umons.ac.be\/efe\/fr\/loffre-de-formation\/2eme-cycle-master\/master-section-3\/\">Section 3<\/a> &#8211; Inscription en Haute Ecole<\/li>\n<li>Master en enseignement <a href=\"https:\/\/web.umons.ac.be\/efe\/fr\/loffre-de-formation\/2eme-cycle-master\/master-section-4\/\">Section 4<\/a> (sauf les masters en enseignement section 4 en langue qui sont organis\u00e9s par la <a href=\"https:\/\/web.umons.ac.be\/fti-eii\/fr\/loffre-de-formations\/2eme-cycle-master\/enseignement\/\">FTI<\/a>)<\/li>\n<li>Master en enseignement <a href=\"https:\/\/web.umons.ac.be\/efe\/fr\/loffre-de-formation\/2eme-cycle-master\/master-section-5\/\">Section 5<\/a> (sauf les masters en enseignement section 5 en langue qui sont organis\u00e9s par la <a href=\"https:\/\/web.umons.ac.be\/fti-eii\/fr\/loffre-de-formations\/2eme-cycle-master\/enseignement\/\">FTI<\/a>)<\/li>\n<li>Le Certificat en encadrement de stage pour les enseignants en formation <a href=\"https:\/\/web.umons.ac.be\/efe\/fr\/certificat-encadrement-des-stages\/\">(CESEF)<\/a><\/li>\n<li>Master de Sp\u00e9cialisation en Formation d\u2019Enseignants <a href=\"https:\/\/web.umons.ac.be\/efe\/fr\/master-de-specialisation-en-formation-denseignants\/\">(MSFE)<\/a><\/li>\n<li>Certificat d\u2019Aptitude P\u00e9dagogique Appropri\u00e9 \u00e0 l\u2019Enseignement Sup\u00e9rieur <a href=\"https:\/\/web.umons.ac.be\/efe\/fr\/capaes\/\">(CAPAES)<\/a><\/li>\n<li>Doctorat en sciences de l\u2019\u00e9ducation et enseignement<\/li>\n<\/ul>\n<p>&nbsp;<\/p>\n<div style=\"width: 100%;\">\n<div style=\"position: relative; padding-bottom: 73.94%; padding-top: 0; height: 0;\"><iframe loading=\"lazy\" style=\"position: absolute; top: 0; left: 0; width: 100%; height: 100%;\" title=\"EFE - offre de formations\" src=\"https:\/\/view.genial.ly\/63f8d087b358c30012e61764\" width=\"2000\" height=\"1220\" frameborder=\"0\" scrolling=\"yes\" allowfullscreen=\"allowfullscreen\"><span data-mce-type=\"bookmark\" style=\"display: inline-block; width: 0px; overflow: hidden; line-height: 0;\" class=\"mce_SELRES_start\">\ufeff<\/span><\/iframe><\/div>\n<\/div>\n","protected":false},"excerpt":{"rendered":"<p>L&rsquo;\u00c9cole de Formation des Enseignants propose : Bachelier \/ Master en Enseignement Section 1 &#8211; Inscription en Haute Ecole Bachelier \/ Master en Enseignement Section 2 &#8211; Inscription en Haute Ecole Bachelier \/ Master en Enseignement Section 3 &#8211; Inscription en Haute Ecole Master en enseignement Section 4 (sauf les masters en enseignement section 4 [&hellip;]<\/p>\n","protected":false},"author":2,"featured_media":0,"parent":0,"menu_order":0,"comment_status":"closed","ping_status":"closed","template":"","meta":{"footnotes":""},"class_list":["post-910","page","type-page","status-publish","hentry"],"yoast_head":"<!-- This site is optimized with the Yoast SEO plugin v27.2 - https:\/\/yoast.com\/product\/yoast-seo-wordpress\/ -->\n<title>L\u2019offre de formation - Ecole \/ EFE<\/title>\n<meta name=\"description\" content=\"Retrouvez l&#039;offre de formation de l&#039;EFE. Nos cursus vous permettent d&#039;enseigner dans l&#039;enseignement obligatoire et dans le sup\u00e9rieur.\" \/>\n<meta name=\"robots\" content=\"index, follow, max-snippet:-1, max-image-preview:large, max-video-preview:-1\" \/>\n<link rel=\"canonical\" href=\"https:\/\/web.umons.ac.be\/efe\/fr\/loffre-de-formation\/\" \/>\n<meta property=\"og:locale\" content=\"fr_FR\" \/>\n<meta property=\"og:type\" content=\"article\" \/>\n<meta property=\"og:title\" content=\"L\u2019offre de formation - Ecole \/ EFE\" \/>\n<meta property=\"og:description\" content=\"Retrouvez l&#039;offre de formation de l&#039;EFE. Nos cursus vous permettent d&#039;enseigner dans l&#039;enseignement obligatoire et dans le sup\u00e9rieur.\" \/>\n<meta property=\"og:url\" content=\"https:\/\/web.umons.ac.be\/efe\/fr\/loffre-de-formation\/\" \/>\n<meta property=\"og:site_name\" content=\"Ecole \/ EFE\" \/>\n<meta property=\"article:modified_time\" content=\"2026-03-23T12:05:52+00:00\" \/>\n<meta name=\"twitter:card\" content=\"summary_large_image\" \/>\n<meta name=\"twitter:label1\" content=\"Dur\u00e9e de lecture estim\u00e9e\" \/>\n\t<meta name=\"twitter:data1\" content=\"1 minute\" \/>\n<script type=\"application\/ld+json\" class=\"yoast-schema-graph\">{\"@context\":\"https:\/\/schema.org\",\"@graph\":[{\"@type\":\"WebPage\",\"@id\":\"https:\/\/web.umons.ac.be\/efe\/fr\/loffre-de-formation\/\",\"url\":\"https:\/\/web.umons.ac.be\/efe\/fr\/loffre-de-formation\/\",\"name\":\"L\u2019offre de formation - Ecole \/ EFE\",\"isPartOf\":{\"@id\":\"https:\/\/web.umons.ac.be\/efe\/#website\"},\"datePublished\":\"2023-02-24T10:21:07+00:00\",\"dateModified\":\"2026-03-23T12:05:52+00:00\",\"description\":\"Retrouvez l'offre de formation de l'EFE. Nos cursus vous permettent d'enseigner dans l'enseignement obligatoire et dans le sup\u00e9rieur.\",\"breadcrumb\":{\"@id\":\"https:\/\/web.umons.ac.be\/efe\/fr\/loffre-de-formation\/#breadcrumb\"},\"inLanguage\":\"fr-FR\",\"potentialAction\":[{\"@type\":\"ReadAction\",\"target\":[\"https:\/\/web.umons.ac.be\/efe\/fr\/loffre-de-formation\/\"]}]},{\"@type\":\"BreadcrumbList\",\"@id\":\"https:\/\/web.umons.ac.be\/efe\/fr\/loffre-de-formation\/#breadcrumb\",\"itemListElement\":[{\"@type\":\"ListItem\",\"position\":1,\"name\":\"Accueil\",\"item\":\"https:\/\/web.umons.ac.be\/efe\/fr\/\"},{\"@type\":\"ListItem\",\"position\":2,\"name\":\"L\u2019offre de formation\"}]},{\"@type\":\"WebSite\",\"@id\":\"https:\/\/web.umons.ac.be\/efe\/#website\",\"url\":\"https:\/\/web.umons.ac.be\/efe\/\",\"name\":\"Ecole \/ EFE\",\"description\":\"hgqdfjkghqdfjk\",\"potentialAction\":[{\"@type\":\"SearchAction\",\"target\":{\"@type\":\"EntryPoint\",\"urlTemplate\":\"https:\/\/web.umons.ac.be\/efe\/?s={search_term_string}\"},\"query-input\":{\"@type\":\"PropertyValueSpecification\",\"valueRequired\":true,\"valueName\":\"search_term_string\"}}],\"inLanguage\":\"fr-FR\"}]}<\/script>\n<!-- \/ Yoast SEO plugin. -->","yoast_head_json":{"title":"L\u2019offre de formation - Ecole \/ EFE","description":"Retrouvez l'offre de formation de l'EFE. Nos cursus vous permettent d'enseigner dans l'enseignement obligatoire et dans le sup\u00e9rieur.","robots":{"index":"index","follow":"follow","max-snippet":"max-snippet:-1","max-image-preview":"max-image-preview:large","max-video-preview":"max-video-preview:-1"},"canonical":"https:\/\/web.umons.ac.be\/efe\/fr\/loffre-de-formation\/","og_locale":"fr_FR","og_type":"article","og_title":"L\u2019offre de formation - Ecole \/ EFE","og_description":"Retrouvez l'offre de formation de l'EFE. Nos cursus vous permettent d'enseigner dans l'enseignement obligatoire et dans le sup\u00e9rieur.","og_url":"https:\/\/web.umons.ac.be\/efe\/fr\/loffre-de-formation\/","og_site_name":"Ecole \/ EFE","article_modified_time":"2026-03-23T12:05:52+00:00","twitter_card":"summary_large_image","twitter_misc":{"Dur\u00e9e de lecture estim\u00e9e":"1 minute"},"schema":{"@context":"https:\/\/schema.org","@graph":[{"@type":"WebPage","@id":"https:\/\/web.umons.ac.be\/efe\/fr\/loffre-de-formation\/","url":"https:\/\/web.umons.ac.be\/efe\/fr\/loffre-de-formation\/","name":"L\u2019offre de formation - Ecole \/ EFE","isPartOf":{"@id":"https:\/\/web.umons.ac.be\/efe\/#website"},"datePublished":"2023-02-24T10:21:07+00:00","dateModified":"2026-03-23T12:05:52+00:00","description":"Retrouvez l'offre de formation de l'EFE. Nos cursus vous permettent d'enseigner dans l'enseignement obligatoire et dans le sup\u00e9rieur.","breadcrumb":{"@id":"https:\/\/web.umons.ac.be\/efe\/fr\/loffre-de-formation\/#breadcrumb"},"inLanguage":"fr-FR","potentialAction":[{"@type":"ReadAction","target":["https:\/\/web.umons.ac.be\/efe\/fr\/loffre-de-formation\/"]}]},{"@type":"BreadcrumbList","@id":"https:\/\/web.umons.ac.be\/efe\/fr\/loffre-de-formation\/#breadcrumb","itemListElement":[{"@type":"ListItem","position":1,"name":"Accueil","item":"https:\/\/web.umons.ac.be\/efe\/fr\/"},{"@type":"ListItem","position":2,"name":"L\u2019offre de formation"}]},{"@type":"WebSite","@id":"https:\/\/web.umons.ac.be\/efe\/#website","url":"https:\/\/web.umons.ac.be\/efe\/","name":"Ecole \/ EFE","description":"hgqdfjkghqdfjk","potentialAction":[{"@type":"SearchAction","target":{"@type":"EntryPoint","urlTemplate":"https:\/\/web.umons.ac.be\/efe\/?s={search_term_string}"},"query-input":{"@type":"PropertyValueSpecification","valueRequired":true,"valueName":"search_term_string"}}],"inLanguage":"fr-FR"}]}},"lang":"fr","translations":{"fr":910,"en":912},"pll_sync_post":[],"_links":{"self":[{"href":"https:\/\/web.umons.ac.be\/efe\/wp-json\/wp\/v2\/pages\/910","targetHints":{"allow":["GET"]}}],"collection":[{"href":"https:\/\/web.umons.ac.be\/efe\/wp-json\/wp\/v2\/pages"}],"about":[{"href":"https:\/\/web.umons.ac.be\/efe\/wp-json\/wp\/v2\/types\/page"}],"author":[{"embeddable":true,"href":"https:\/\/web.umons.ac.be\/efe\/wp-json\/wp\/v2\/users\/2"}],"replies":[{"embeddable":true,"href":"https:\/\/web.umons.ac.be\/efe\/wp-json\/wp\/v2\/comments?post=910"}],"version-history":[{"count":3,"href":"https:\/\/web.umons.ac.be\/efe\/wp-json\/wp\/v2\/pages\/910\/revisions"}],"predecessor-version":[{"id":1796,"href":"https:\/\/web.umons.ac.be\/efe\/wp-json\/wp\/v2\/pages\/910\/revisions\/1796"}],"wp:attachment":[{"href":"https:\/\/web.umons.ac.be\/efe\/wp-json\/wp\/v2\/media?parent=910"}],"curies":[{"name":"wp","href":"https:\/\/api.w.org\/{rel}","templated":true}]}}