{"id":914,"date":"2023-02-24T11:25:29","date_gmt":"2023-02-24T10:25:29","guid":{"rendered":"https:\/\/web.umons.ac.be\/efe\/?page_id=914"},"modified":"2024-04-23T12:51:05","modified_gmt":"2024-04-23T10:51:05","slug":"1er-cycle-bachelier","status":"publish","type":"page","link":"https:\/\/web.umons.ac.be\/efe\/fr\/loffre-de-formation\/1er-cycle-bachelier\/","title":{"rendered":"1er Cycle : Bachelier"},"content":{"rendered":"<p>Depuis l&rsquo;introduction de la R\u00e9forme de la Formation Initiale des Enseignants en septembre 2023, la formation pour devenir instituteur ou institutrice pr\u00e9scolaire et primaire, ainsi que pour devenir agr\u00e9g\u00e9 de l&rsquo;enseignement secondaire inf\u00e9rieur (AESI), s&rsquo;\u00e9tale sur <strong>quatre ans<\/strong> : <strong>trois ann\u00e9es en bachelier<\/strong> (180 cr\u00e9dits) suivies d&rsquo;<strong>une ann\u00e9e en master<\/strong> (60 cr\u00e9dits). Les formations sont organis\u00e9es en <a href=\"https:\/\/go-prof.be\/\">codipl\u00f4mation<\/a> entre les Hautes Ecoles et les Universit\u00e9s.<\/p>\n<p>Il existe plusieurs sections, chacune permettant d&rsquo;enseigner \u00e0 un niveau sp\u00e9cifique :<\/p>\n<ul>\n<li><strong>Section 1<\/strong> : enseignement de la 1<sup>\u00e8re<\/sup> maternelle \u00e0 la 2<sup>\u00e8me<\/sup> primaire<\/li>\n<li><strong>Section 2<\/strong> : enseignement de la 3<sup>\u00e8me<\/sup> maternelle \u00e0 la 6<sup>\u00e8me<\/sup> primaire<\/li>\n<li><strong>Section 3<\/strong> : enseignement de la 5<sup>\u00e8me<\/sup> primaire \u00e0 la 3<sup>\u00e8me<\/sup> secondaire<\/li>\n<\/ul>\n<p>Plus d&rsquo;info sur <a href=\"https:\/\/web.umons.ac.be\/efe\/fr\/en-maternelle-primaire-secondaire-inferieur\/\">cette page<\/a><\/p>\n<div style=\"width: 100%;\">\n<div style=\"position: relative; padding-bottom: 73.94%; padding-top: 0; height: 0;\"><iframe loading=\"lazy\" style=\"position: absolute; top: 0; left: 0; width: 100%; height: 100%;\" title=\"EFE - Bachelier en enseignement\" src=\"https:\/\/view.genial.ly\/63f92ce813e3110010678821\" width=\"1650\" height=\"1220\" frameborder=\"0\" scrolling=\"yes\" allowfullscreen=\"allowfullscreen\"><\/iframe><\/div>\n<div><\/div>\n<\/div>\n","protected":false},"excerpt":{"rendered":"<p>Depuis l&rsquo;introduction de la R\u00e9forme de la Formation Initiale des Enseignants en septembre 2023, la formation pour devenir instituteur ou institutrice pr\u00e9scolaire et primaire, ainsi que pour devenir agr\u00e9g\u00e9 de l&rsquo;enseignement secondaire inf\u00e9rieur (AESI), s&rsquo;\u00e9tale sur quatre ans : trois ann\u00e9es en bachelier (180 cr\u00e9dits) suivies d&rsquo;une ann\u00e9e en master (60 cr\u00e9dits). Les formations sont [&hellip;]<\/p>\n","protected":false},"author":2,"featured_media":0,"parent":910,"menu_order":0,"comment_status":"closed","ping_status":"closed","template":"","meta":{"footnotes":""},"class_list":["post-914","page","type-page","status-publish","hentry"],"yoast_head":"<!-- This site is optimized with the Yoast SEO plugin v27.2 - https:\/\/yoast.com\/product\/yoast-seo-wordpress\/ -->\n<title>1er Cycle : Bachelier - Ecole \/ EFE<\/title>\n<meta name=\"description\" content=\"La formation pour devenir enseignant en maternelle, primaire ou secondaire dure 4 ans et comprend 3 ans de bachelier et 1 an de Master.\" \/>\n<meta name=\"robots\" content=\"index, follow, max-snippet:-1, max-image-preview:large, max-video-preview:-1\" \/>\n<link rel=\"canonical\" href=\"https:\/\/web.umons.ac.be\/efe\/fr\/loffre-de-formation\/1er-cycle-bachelier\/\" \/>\n<meta property=\"og:locale\" content=\"fr_FR\" \/>\n<meta property=\"og:type\" content=\"article\" \/>\n<meta property=\"og:title\" content=\"1er Cycle : Bachelier - Ecole \/ EFE\" \/>\n<meta property=\"og:description\" content=\"La formation pour devenir enseignant en maternelle, primaire ou secondaire dure 4 ans et comprend 3 ans de bachelier et 1 an de Master.\" \/>\n<meta property=\"og:url\" content=\"https:\/\/web.umons.ac.be\/efe\/fr\/loffre-de-formation\/1er-cycle-bachelier\/\" \/>\n<meta property=\"og:site_name\" content=\"Ecole \/ EFE\" \/>\n<meta property=\"article:modified_time\" content=\"2024-04-23T10:51:05+00:00\" \/>\n<meta name=\"twitter:card\" content=\"summary_large_image\" \/>\n<meta name=\"twitter:label1\" content=\"Dur\u00e9e de lecture estim\u00e9e\" \/>\n\t<meta name=\"twitter:data1\" content=\"1 minute\" \/>\n<script type=\"application\/ld+json\" class=\"yoast-schema-graph\">{\"@context\":\"https:\/\/schema.org\",\"@graph\":[{\"@type\":\"WebPage\",\"@id\":\"https:\/\/web.umons.ac.be\/efe\/fr\/loffre-de-formation\/1er-cycle-bachelier\/\",\"url\":\"https:\/\/web.umons.ac.be\/efe\/fr\/loffre-de-formation\/1er-cycle-bachelier\/\",\"name\":\"1er Cycle : Bachelier - Ecole \/ EFE\",\"isPartOf\":{\"@id\":\"https:\/\/web.umons.ac.be\/efe\/#website\"},\"datePublished\":\"2023-02-24T10:25:29+00:00\",\"dateModified\":\"2024-04-23T10:51:05+00:00\",\"description\":\"La formation pour devenir enseignant en maternelle, primaire ou secondaire dure 4 ans et comprend 3 ans de bachelier et 1 an de Master.\",\"breadcrumb\":{\"@id\":\"https:\/\/web.umons.ac.be\/efe\/fr\/loffre-de-formation\/1er-cycle-bachelier\/#breadcrumb\"},\"inLanguage\":\"fr-FR\",\"potentialAction\":[{\"@type\":\"ReadAction\",\"target\":[\"https:\/\/web.umons.ac.be\/efe\/fr\/loffre-de-formation\/1er-cycle-bachelier\/\"]}]},{\"@type\":\"BreadcrumbList\",\"@id\":\"https:\/\/web.umons.ac.be\/efe\/fr\/loffre-de-formation\/1er-cycle-bachelier\/#breadcrumb\",\"itemListElement\":[{\"@type\":\"ListItem\",\"position\":1,\"name\":\"Accueil\",\"item\":\"https:\/\/web.umons.ac.be\/efe\/fr\/\"},{\"@type\":\"ListItem\",\"position\":2,\"name\":\"L\u2019offre de formation\",\"item\":\"https:\/\/web.umons.ac.be\/efe\/fr\/loffre-de-formation\/\"},{\"@type\":\"ListItem\",\"position\":3,\"name\":\"1er Cycle : Bachelier\"}]},{\"@type\":\"WebSite\",\"@id\":\"https:\/\/web.umons.ac.be\/efe\/#website\",\"url\":\"https:\/\/web.umons.ac.be\/efe\/\",\"name\":\"Ecole \/ EFE\",\"description\":\"hgqdfjkghqdfjk\",\"potentialAction\":[{\"@type\":\"SearchAction\",\"target\":{\"@type\":\"EntryPoint\",\"urlTemplate\":\"https:\/\/web.umons.ac.be\/efe\/?s={search_term_string}\"},\"query-input\":{\"@type\":\"PropertyValueSpecification\",\"valueRequired\":true,\"valueName\":\"search_term_string\"}}],\"inLanguage\":\"fr-FR\"}]}<\/script>\n<!-- \/ Yoast SEO plugin. -->","yoast_head_json":{"title":"1er Cycle : Bachelier - Ecole \/ EFE","description":"La formation pour devenir enseignant en maternelle, primaire ou secondaire dure 4 ans et comprend 3 ans de bachelier et 1 an de Master.","robots":{"index":"index","follow":"follow","max-snippet":"max-snippet:-1","max-image-preview":"max-image-preview:large","max-video-preview":"max-video-preview:-1"},"canonical":"https:\/\/web.umons.ac.be\/efe\/fr\/loffre-de-formation\/1er-cycle-bachelier\/","og_locale":"fr_FR","og_type":"article","og_title":"1er Cycle : Bachelier - Ecole \/ EFE","og_description":"La formation pour devenir enseignant en maternelle, primaire ou secondaire dure 4 ans et comprend 3 ans de bachelier et 1 an de Master.","og_url":"https:\/\/web.umons.ac.be\/efe\/fr\/loffre-de-formation\/1er-cycle-bachelier\/","og_site_name":"Ecole \/ EFE","article_modified_time":"2024-04-23T10:51:05+00:00","twitter_card":"summary_large_image","twitter_misc":{"Dur\u00e9e de lecture estim\u00e9e":"1 minute"},"schema":{"@context":"https:\/\/schema.org","@graph":[{"@type":"WebPage","@id":"https:\/\/web.umons.ac.be\/efe\/fr\/loffre-de-formation\/1er-cycle-bachelier\/","url":"https:\/\/web.umons.ac.be\/efe\/fr\/loffre-de-formation\/1er-cycle-bachelier\/","name":"1er Cycle : Bachelier - Ecole \/ EFE","isPartOf":{"@id":"https:\/\/web.umons.ac.be\/efe\/#website"},"datePublished":"2023-02-24T10:25:29+00:00","dateModified":"2024-04-23T10:51:05+00:00","description":"La formation pour devenir enseignant en maternelle, primaire ou secondaire dure 4 ans et comprend 3 ans de bachelier et 1 an de Master.","breadcrumb":{"@id":"https:\/\/web.umons.ac.be\/efe\/fr\/loffre-de-formation\/1er-cycle-bachelier\/#breadcrumb"},"inLanguage":"fr-FR","potentialAction":[{"@type":"ReadAction","target":["https:\/\/web.umons.ac.be\/efe\/fr\/loffre-de-formation\/1er-cycle-bachelier\/"]}]},{"@type":"BreadcrumbList","@id":"https:\/\/web.umons.ac.be\/efe\/fr\/loffre-de-formation\/1er-cycle-bachelier\/#breadcrumb","itemListElement":[{"@type":"ListItem","position":1,"name":"Accueil","item":"https:\/\/web.umons.ac.be\/efe\/fr\/"},{"@type":"ListItem","position":2,"name":"L\u2019offre de formation","item":"https:\/\/web.umons.ac.be\/efe\/fr\/loffre-de-formation\/"},{"@type":"ListItem","position":3,"name":"1er Cycle : Bachelier"}]},{"@type":"WebSite","@id":"https:\/\/web.umons.ac.be\/efe\/#website","url":"https:\/\/web.umons.ac.be\/efe\/","name":"Ecole \/ EFE","description":"hgqdfjkghqdfjk","potentialAction":[{"@type":"SearchAction","target":{"@type":"EntryPoint","urlTemplate":"https:\/\/web.umons.ac.be\/efe\/?s={search_term_string}"},"query-input":{"@type":"PropertyValueSpecification","valueRequired":true,"valueName":"search_term_string"}}],"inLanguage":"fr-FR"}]}},"lang":"fr","translations":{"fr":914,"en":916},"pll_sync_post":[],"_links":{"self":[{"href":"https:\/\/web.umons.ac.be\/efe\/wp-json\/wp\/v2\/pages\/914","targetHints":{"allow":["GET"]}}],"collection":[{"href":"https:\/\/web.umons.ac.be\/efe\/wp-json\/wp\/v2\/pages"}],"about":[{"href":"https:\/\/web.umons.ac.be\/efe\/wp-json\/wp\/v2\/types\/page"}],"author":[{"embeddable":true,"href":"https:\/\/web.umons.ac.be\/efe\/wp-json\/wp\/v2\/users\/2"}],"replies":[{"embeddable":true,"href":"https:\/\/web.umons.ac.be\/efe\/wp-json\/wp\/v2\/comments?post=914"}],"version-history":[{"count":3,"href":"https:\/\/web.umons.ac.be\/efe\/wp-json\/wp\/v2\/pages\/914\/revisions"}],"predecessor-version":[{"id":1278,"href":"https:\/\/web.umons.ac.be\/efe\/wp-json\/wp\/v2\/pages\/914\/revisions\/1278"}],"up":[{"embeddable":true,"href":"https:\/\/web.umons.ac.be\/efe\/wp-json\/wp\/v2\/pages\/910"}],"wp:attachment":[{"href":"https:\/\/web.umons.ac.be\/efe\/wp-json\/wp\/v2\/media?parent=914"}],"curies":[{"name":"wp","href":"https:\/\/api.w.org\/{rel}","templated":true}]}}