{"id":919,"date":"2023-02-24T11:29:27","date_gmt":"2023-02-24T10:29:27","guid":{"rendered":"https:\/\/web.umons.ac.be\/efe\/?page_id=919"},"modified":"2026-01-28T14:43:40","modified_gmt":"2026-01-28T13:43:40","slug":"2eme-cycle-master","status":"publish","type":"page","link":"https:\/\/web.umons.ac.be\/efe\/fr\/loffre-de-formation\/2eme-cycle-master\/","title":{"rendered":"2\u00e8me Cycle : Master"},"content":{"rendered":"<p>Depuis l\u2019introduction de la R\u00e9forme de la Formation Initiale des Enseignants en septembre 2023, la formation pour devenir instituteur ou institutrice pr\u00e9scolaire et primaire, ainsi que pour devenir agr\u00e9g\u00e9 de l\u2019enseignement secondaire inf\u00e9rieur (AESI), s\u2019\u00e9tale sur\u00a0<strong>quatre ans<\/strong>\u00a0:\u00a0<strong>trois ann\u00e9es en bachelier<\/strong>\u00a0(180 cr\u00e9dits) suivies d\u2019<strong>une ann\u00e9e en master<\/strong>\u00a0(60 cr\u00e9dits).<\/p>\n<ul>\n<li><a href=\"https:\/\/web.umons.ac.be\/efe\/fr\/loffre-de-formation\/2eme-cycle-master\/master-section-1\/\">Master en Enseignement Section 1<\/a> : Enseignement de la 1\u00e8re maternelle \u00e0 la 2\u00e8me primaire &#8211; <em>Inscription en Haute Ecole<\/em><\/li>\n<li><a href=\"https:\/\/web.umons.ac.be\/efe\/fr\/loffre-de-formation\/2eme-cycle-master\/master-section-2\/\">Master en Enseignement Section 2<\/a> : Enseignement de la 3\u00e8me maternelle \u00e0 la 6\u00e8me primaire &#8211; <em>Inscription en Haute Ecole<\/em><\/li>\n<li><a href=\"https:\/\/web.umons.ac.be\/efe\/fr\/loffre-de-formation\/2eme-cycle-master\/master-section-3\/\">Master en Enseignement Section 3<\/a> : Enseignement de la 5\u00e8me primaire \u00e0 la 3\u00e8me secondaire- <em>Inscription en Haute Ecole<\/em><\/li>\n<\/ul>\n<p>&nbsp;<\/p>\n<p>Depuis l\u2019ann\u00e9e acad\u00e9mique 2025-2026, l\u2019UMONS propose de nouveaux Masters pour enseigner en secondaire sup\u00e9rieur (de la 4<sup>\u00e8me<\/sup> \u00e0 la 6<sup>\u00e8me<\/sup> secondaire)\u00a0:<\/p>\n<ul>\n<li><a href=\"https:\/\/web.umons.ac.be\/efe\/fr\/loffre-de-formation\/2eme-cycle-master\/master-section-4\/\"><strong>Master en enseignement Section 4<\/strong><\/a> (120 cr\u00e9dits) dans les disciplines suivantes :\n<ul>\n<li>Biologie<\/li>\n<li>Chimie<\/li>\n<li style=\"font-size: 14px;\">Langues modernes (organis\u00e9 par la Facult\u00e9 de Traduction et d&rsquo;Interpr\u00e9tation)<\/li>\n<li>Math\u00e9matiques<\/li>\n<li>Physique<\/li>\n<\/ul>\n<\/li>\n<li><a href=\"https:\/\/web.umons.ac.be\/efe\/fr\/loffre-de-formation\/2eme-cycle-master\/master-section-5\/\"><strong>Master en enseignement Section 5<\/strong><\/a> (60 cr\u00e9dits) dans les disciplines suivantes :\n<ul>\n<li>Architecture<\/li>\n<li>Biologie<\/li>\n<li>Chimie<\/li>\n<li>Langues modernes (organis\u00e9 par la Facult\u00e9 de Traduction et d&rsquo;Interpr\u00e9tation)<\/li>\n<li>Math\u00e9matiques<\/li>\n<li>Physique<\/li>\n<li style=\"font-size: 14px;\">Sciences biom\u00e9dicales<\/li>\n<li style=\"font-size: 14px;\">Sciences de l&rsquo;ing\u00e9nieur<\/li>\n<li>Sciences \u00e9conomiques<\/li>\n<li>Sciences informatiques<\/li>\n<li>Sciences pharmaceutiques<\/li>\n<li>Sciences psychologiques et de l&rsquo;\u00e9ducation<\/li>\n<li>Sciences sociales<\/li>\n<li>Urbanisme<\/li>\n<\/ul>\n<\/li>\n<\/ul>\n<p>Plus d&rsquo;informations sur ces formations <a href=\"https:\/\/web.umons.ac.be\/efe\/fr\/devenir-enseignant-dans-lobligatoire\/\">ici<\/a>.<\/p>\n","protected":false},"excerpt":{"rendered":"<p>Depuis l\u2019introduction de la R\u00e9forme de la Formation Initiale des Enseignants en septembre 2023, la formation pour devenir instituteur ou institutrice pr\u00e9scolaire et primaire, ainsi que pour devenir agr\u00e9g\u00e9 de l\u2019enseignement secondaire inf\u00e9rieur (AESI), s\u2019\u00e9tale sur\u00a0quatre ans\u00a0:\u00a0trois ann\u00e9es en bachelier\u00a0(180 cr\u00e9dits) suivies d\u2019une ann\u00e9e en master\u00a0(60 cr\u00e9dits). Master en Enseignement Section 1 : Enseignement de [&hellip;]<\/p>\n","protected":false},"author":2,"featured_media":0,"parent":910,"menu_order":0,"comment_status":"closed","ping_status":"closed","template":"","meta":{"footnotes":""},"class_list":["post-919","page","type-page","status-publish","hentry"],"yoast_head":"<!-- This site is optimized with the Yoast SEO plugin v27.2 - https:\/\/yoast.com\/product\/yoast-seo-wordpress\/ -->\n<title>2\u00e8me Cycle : Master - Ecole \/ EFE<\/title>\n<meta name=\"description\" content=\"L&#039;Ecole de Formation des Enseignants organisera, \u00e0 partir de l&#039;ann\u00e9e acad\u00e9mique 2025-2026, le Master en enseignement Section 4 et Section 5.\" \/>\n<meta name=\"robots\" content=\"index, follow, max-snippet:-1, max-image-preview:large, max-video-preview:-1\" \/>\n<link rel=\"canonical\" href=\"https:\/\/web.umons.ac.be\/efe\/fr\/loffre-de-formation\/2eme-cycle-master\/\" \/>\n<meta property=\"og:locale\" content=\"fr_FR\" \/>\n<meta property=\"og:type\" content=\"article\" \/>\n<meta property=\"og:title\" content=\"2\u00e8me Cycle : Master - Ecole \/ EFE\" \/>\n<meta property=\"og:description\" content=\"L&#039;Ecole de Formation des Enseignants organisera, \u00e0 partir de l&#039;ann\u00e9e acad\u00e9mique 2025-2026, le Master en enseignement Section 4 et Section 5.\" \/>\n<meta property=\"og:url\" content=\"https:\/\/web.umons.ac.be\/efe\/fr\/loffre-de-formation\/2eme-cycle-master\/\" \/>\n<meta property=\"og:site_name\" content=\"Ecole \/ EFE\" \/>\n<meta property=\"article:modified_time\" content=\"2026-01-28T13:43:40+00:00\" \/>\n<meta name=\"twitter:card\" content=\"summary_large_image\" \/>\n<meta name=\"twitter:label1\" content=\"Dur\u00e9e de lecture estim\u00e9e\" \/>\n\t<meta name=\"twitter:data1\" content=\"2 minutes\" \/>\n<script type=\"application\/ld+json\" class=\"yoast-schema-graph\">{\"@context\":\"https:\/\/schema.org\",\"@graph\":[{\"@type\":\"WebPage\",\"@id\":\"https:\/\/web.umons.ac.be\/efe\/fr\/loffre-de-formation\/2eme-cycle-master\/\",\"url\":\"https:\/\/web.umons.ac.be\/efe\/fr\/loffre-de-formation\/2eme-cycle-master\/\",\"name\":\"2\u00e8me Cycle : Master - Ecole \/ EFE\",\"isPartOf\":{\"@id\":\"https:\/\/web.umons.ac.be\/efe\/#website\"},\"datePublished\":\"2023-02-24T10:29:27+00:00\",\"dateModified\":\"2026-01-28T13:43:40+00:00\",\"description\":\"L'Ecole de Formation des Enseignants organisera, \u00e0 partir de l'ann\u00e9e acad\u00e9mique 2025-2026, le Master en enseignement Section 4 et Section 5.\",\"breadcrumb\":{\"@id\":\"https:\/\/web.umons.ac.be\/efe\/fr\/loffre-de-formation\/2eme-cycle-master\/#breadcrumb\"},\"inLanguage\":\"fr-FR\",\"potentialAction\":[{\"@type\":\"ReadAction\",\"target\":[\"https:\/\/web.umons.ac.be\/efe\/fr\/loffre-de-formation\/2eme-cycle-master\/\"]}]},{\"@type\":\"BreadcrumbList\",\"@id\":\"https:\/\/web.umons.ac.be\/efe\/fr\/loffre-de-formation\/2eme-cycle-master\/#breadcrumb\",\"itemListElement\":[{\"@type\":\"ListItem\",\"position\":1,\"name\":\"Accueil\",\"item\":\"https:\/\/web.umons.ac.be\/efe\/fr\/\"},{\"@type\":\"ListItem\",\"position\":2,\"name\":\"L\u2019offre de formation\",\"item\":\"https:\/\/web.umons.ac.be\/efe\/fr\/loffre-de-formation\/\"},{\"@type\":\"ListItem\",\"position\":3,\"name\":\"2\u00e8me Cycle : Master\"}]},{\"@type\":\"WebSite\",\"@id\":\"https:\/\/web.umons.ac.be\/efe\/#website\",\"url\":\"https:\/\/web.umons.ac.be\/efe\/\",\"name\":\"Ecole \/ EFE\",\"description\":\"hgqdfjkghqdfjk\",\"potentialAction\":[{\"@type\":\"SearchAction\",\"target\":{\"@type\":\"EntryPoint\",\"urlTemplate\":\"https:\/\/web.umons.ac.be\/efe\/?s={search_term_string}\"},\"query-input\":{\"@type\":\"PropertyValueSpecification\",\"valueRequired\":true,\"valueName\":\"search_term_string\"}}],\"inLanguage\":\"fr-FR\"}]}<\/script>\n<!-- \/ Yoast SEO plugin. -->","yoast_head_json":{"title":"2\u00e8me Cycle : Master - Ecole \/ EFE","description":"L'Ecole de Formation des Enseignants organisera, \u00e0 partir de l'ann\u00e9e acad\u00e9mique 2025-2026, le Master en enseignement Section 4 et Section 5.","robots":{"index":"index","follow":"follow","max-snippet":"max-snippet:-1","max-image-preview":"max-image-preview:large","max-video-preview":"max-video-preview:-1"},"canonical":"https:\/\/web.umons.ac.be\/efe\/fr\/loffre-de-formation\/2eme-cycle-master\/","og_locale":"fr_FR","og_type":"article","og_title":"2\u00e8me Cycle : Master - Ecole \/ EFE","og_description":"L'Ecole de Formation des Enseignants organisera, \u00e0 partir de l'ann\u00e9e acad\u00e9mique 2025-2026, le Master en enseignement Section 4 et Section 5.","og_url":"https:\/\/web.umons.ac.be\/efe\/fr\/loffre-de-formation\/2eme-cycle-master\/","og_site_name":"Ecole \/ EFE","article_modified_time":"2026-01-28T13:43:40+00:00","twitter_card":"summary_large_image","twitter_misc":{"Dur\u00e9e de lecture estim\u00e9e":"2 minutes"},"schema":{"@context":"https:\/\/schema.org","@graph":[{"@type":"WebPage","@id":"https:\/\/web.umons.ac.be\/efe\/fr\/loffre-de-formation\/2eme-cycle-master\/","url":"https:\/\/web.umons.ac.be\/efe\/fr\/loffre-de-formation\/2eme-cycle-master\/","name":"2\u00e8me Cycle : Master - Ecole \/ EFE","isPartOf":{"@id":"https:\/\/web.umons.ac.be\/efe\/#website"},"datePublished":"2023-02-24T10:29:27+00:00","dateModified":"2026-01-28T13:43:40+00:00","description":"L'Ecole de Formation des Enseignants organisera, \u00e0 partir de l'ann\u00e9e acad\u00e9mique 2025-2026, le Master en enseignement Section 4 et Section 5.","breadcrumb":{"@id":"https:\/\/web.umons.ac.be\/efe\/fr\/loffre-de-formation\/2eme-cycle-master\/#breadcrumb"},"inLanguage":"fr-FR","potentialAction":[{"@type":"ReadAction","target":["https:\/\/web.umons.ac.be\/efe\/fr\/loffre-de-formation\/2eme-cycle-master\/"]}]},{"@type":"BreadcrumbList","@id":"https:\/\/web.umons.ac.be\/efe\/fr\/loffre-de-formation\/2eme-cycle-master\/#breadcrumb","itemListElement":[{"@type":"ListItem","position":1,"name":"Accueil","item":"https:\/\/web.umons.ac.be\/efe\/fr\/"},{"@type":"ListItem","position":2,"name":"L\u2019offre de formation","item":"https:\/\/web.umons.ac.be\/efe\/fr\/loffre-de-formation\/"},{"@type":"ListItem","position":3,"name":"2\u00e8me Cycle : Master"}]},{"@type":"WebSite","@id":"https:\/\/web.umons.ac.be\/efe\/#website","url":"https:\/\/web.umons.ac.be\/efe\/","name":"Ecole \/ EFE","description":"hgqdfjkghqdfjk","potentialAction":[{"@type":"SearchAction","target":{"@type":"EntryPoint","urlTemplate":"https:\/\/web.umons.ac.be\/efe\/?s={search_term_string}"},"query-input":{"@type":"PropertyValueSpecification","valueRequired":true,"valueName":"search_term_string"}}],"inLanguage":"fr-FR"}]}},"lang":"fr","translations":{"fr":919,"en":921},"pll_sync_post":[],"_links":{"self":[{"href":"https:\/\/web.umons.ac.be\/efe\/wp-json\/wp\/v2\/pages\/919","targetHints":{"allow":["GET"]}}],"collection":[{"href":"https:\/\/web.umons.ac.be\/efe\/wp-json\/wp\/v2\/pages"}],"about":[{"href":"https:\/\/web.umons.ac.be\/efe\/wp-json\/wp\/v2\/types\/page"}],"author":[{"embeddable":true,"href":"https:\/\/web.umons.ac.be\/efe\/wp-json\/wp\/v2\/users\/2"}],"replies":[{"embeddable":true,"href":"https:\/\/web.umons.ac.be\/efe\/wp-json\/wp\/v2\/comments?post=919"}],"version-history":[{"count":3,"href":"https:\/\/web.umons.ac.be\/efe\/wp-json\/wp\/v2\/pages\/919\/revisions"}],"predecessor-version":[{"id":1547,"href":"https:\/\/web.umons.ac.be\/efe\/wp-json\/wp\/v2\/pages\/919\/revisions\/1547"}],"up":[{"embeddable":true,"href":"https:\/\/web.umons.ac.be\/efe\/wp-json\/wp\/v2\/pages\/910"}],"wp:attachment":[{"href":"https:\/\/web.umons.ac.be\/efe\/wp-json\/wp\/v2\/media?parent=919"}],"curies":[{"name":"wp","href":"https:\/\/api.w.org\/{rel}","templated":true}]}}