{"id":927,"date":"2023-02-24T11:57:02","date_gmt":"2023-02-24T10:57:02","guid":{"rendered":"https:\/\/web.umons.ac.be\/efe\/?page_id=927"},"modified":"2024-04-23T15:25:27","modified_gmt":"2024-04-23T13:25:27","slug":"reprise-detudes","status":"publish","type":"page","link":"https:\/\/web.umons.ac.be\/efe\/fr\/loffre-de-formation\/reprise-detudes\/","title":{"rendered":"Reprise d\u2019\u00e9tudes"},"content":{"rendered":"<p>La formation continue s\u2019adresse plus particuli\u00e8rement aux personnes qui souhaitent continuer \u00e0 <span class=\"ms-rteCustom-Gras\">se former tout au long de la vie<\/span>, notamment dans l\u2019objectif du d\u00e9veloppement de leur carri\u00e8re professionnelle.<\/p>\n<h6>L&rsquo;Ecole de Formation des Enseignants propose plusieurs types de formations continues, notamment:<\/h6>\n<ul>\n<li>Des programmes menant \u00e0 un dipl\u00f4me reconnu par la Communaut\u00e9 fran\u00e7aise de Belgique (<a href=\"https:\/\/web.umons.ac.be\/efe\/fr\/loffre-de-formation\/reprise-detudes\/master-de-specialisation\/\"><strong>Master de sp\u00e9cialisation<\/strong><\/a>),<\/li>\n<li>Des formations menant \u00e0 un titre p\u00e9dagogique (<a href=\"https:\/\/web.umons.ac.be\/efe\/fr\/loffre-de-formation\/reprise-detudes\/capaes\/\"><strong>CAPAES<\/strong><\/a>)<\/li>\n<\/ul>\n<p>Ces programmes sont am\u00e9nag\u00e9s afin de faciliter la conciliation entre la formation et la vie professionnelle et personnelle: <span class=\"ms-rteCustom-Gras\">horaire adapt\u00e9 <\/span>(regroupement de cours sur certains jours de la semaine), <span class=\"ms-rteCustom-Gras\">horaire d\u00e9cal\u00e9 <\/span>(cours dispens\u00e9s le soir et\/ou le week-end), possibilit\u00e9 d\u2019\u00e9talement d\u2019une ann\u00e9e acad\u00e9mique,\u2026<\/p>\n","protected":false},"excerpt":{"rendered":"<p>La formation continue s\u2019adresse plus particuli\u00e8rement aux personnes qui souhaitent continuer \u00e0 se former tout au long de la vie, notamment dans l\u2019objectif du d\u00e9veloppement de leur carri\u00e8re professionnelle. L&rsquo;Ecole de Formation des Enseignants propose plusieurs types de formations continues, notamment: Des programmes menant \u00e0 un dipl\u00f4me reconnu par la Communaut\u00e9 fran\u00e7aise de Belgique (Master [&hellip;]<\/p>\n","protected":false},"author":2,"featured_media":0,"parent":910,"menu_order":0,"comment_status":"closed","ping_status":"closed","template":"","meta":{"footnotes":""},"class_list":["post-927","page","type-page","status-publish","hentry"],"yoast_head":"<!-- This site is optimized with the Yoast SEO plugin v27.2 - https:\/\/yoast.com\/product\/yoast-seo-wordpress\/ -->\n<title>Reprise d\u2019\u00e9tudes - Ecole \/ EFE<\/title>\n<meta name=\"description\" content=\"La formation continue s\u2019adresse plus particuli\u00e8rement aux personnes qui souhaitent continuer \u00e0 se former tout au long de la vie\" \/>\n<meta name=\"robots\" content=\"index, follow, max-snippet:-1, max-image-preview:large, max-video-preview:-1\" \/>\n<link rel=\"canonical\" href=\"https:\/\/web.umons.ac.be\/efe\/fr\/loffre-de-formation\/reprise-detudes\/\" \/>\n<meta property=\"og:locale\" content=\"fr_FR\" \/>\n<meta property=\"og:type\" content=\"article\" \/>\n<meta property=\"og:title\" content=\"Reprise d\u2019\u00e9tudes - Ecole \/ EFE\" \/>\n<meta property=\"og:description\" content=\"La formation continue s\u2019adresse plus particuli\u00e8rement aux personnes qui souhaitent continuer \u00e0 se former tout au long de la vie\" \/>\n<meta property=\"og:url\" content=\"https:\/\/web.umons.ac.be\/efe\/fr\/loffre-de-formation\/reprise-detudes\/\" \/>\n<meta property=\"og:site_name\" content=\"Ecole \/ EFE\" \/>\n<meta property=\"article:modified_time\" content=\"2024-04-23T13:25:27+00:00\" \/>\n<meta name=\"twitter:card\" content=\"summary_large_image\" \/>\n<meta name=\"twitter:label1\" content=\"Dur\u00e9e de lecture estim\u00e9e\" \/>\n\t<meta name=\"twitter:data1\" content=\"1 minute\" \/>\n<script type=\"application\/ld+json\" class=\"yoast-schema-graph\">{\"@context\":\"https:\/\/schema.org\",\"@graph\":[{\"@type\":\"WebPage\",\"@id\":\"https:\/\/web.umons.ac.be\/efe\/fr\/loffre-de-formation\/reprise-detudes\/\",\"url\":\"https:\/\/web.umons.ac.be\/efe\/fr\/loffre-de-formation\/reprise-detudes\/\",\"name\":\"Reprise d\u2019\u00e9tudes - Ecole \/ EFE\",\"isPartOf\":{\"@id\":\"https:\/\/web.umons.ac.be\/efe\/#website\"},\"datePublished\":\"2023-02-24T10:57:02+00:00\",\"dateModified\":\"2024-04-23T13:25:27+00:00\",\"description\":\"La formation continue s\u2019adresse plus particuli\u00e8rement aux personnes qui souhaitent continuer \u00e0 se former tout au long de la vie\",\"breadcrumb\":{\"@id\":\"https:\/\/web.umons.ac.be\/efe\/fr\/loffre-de-formation\/reprise-detudes\/#breadcrumb\"},\"inLanguage\":\"fr-FR\",\"potentialAction\":[{\"@type\":\"ReadAction\",\"target\":[\"https:\/\/web.umons.ac.be\/efe\/fr\/loffre-de-formation\/reprise-detudes\/\"]}]},{\"@type\":\"BreadcrumbList\",\"@id\":\"https:\/\/web.umons.ac.be\/efe\/fr\/loffre-de-formation\/reprise-detudes\/#breadcrumb\",\"itemListElement\":[{\"@type\":\"ListItem\",\"position\":1,\"name\":\"Accueil\",\"item\":\"https:\/\/web.umons.ac.be\/efe\/fr\/\"},{\"@type\":\"ListItem\",\"position\":2,\"name\":\"L\u2019offre de formation\",\"item\":\"https:\/\/web.umons.ac.be\/efe\/fr\/loffre-de-formation\/\"},{\"@type\":\"ListItem\",\"position\":3,\"name\":\"Reprise d\u2019\u00e9tudes\"}]},{\"@type\":\"WebSite\",\"@id\":\"https:\/\/web.umons.ac.be\/efe\/#website\",\"url\":\"https:\/\/web.umons.ac.be\/efe\/\",\"name\":\"Ecole \/ EFE\",\"description\":\"hgqdfjkghqdfjk\",\"potentialAction\":[{\"@type\":\"SearchAction\",\"target\":{\"@type\":\"EntryPoint\",\"urlTemplate\":\"https:\/\/web.umons.ac.be\/efe\/?s={search_term_string}\"},\"query-input\":{\"@type\":\"PropertyValueSpecification\",\"valueRequired\":true,\"valueName\":\"search_term_string\"}}],\"inLanguage\":\"fr-FR\"}]}<\/script>\n<!-- \/ Yoast SEO plugin. -->","yoast_head_json":{"title":"Reprise d\u2019\u00e9tudes - Ecole \/ EFE","description":"La formation continue s\u2019adresse plus particuli\u00e8rement aux personnes qui souhaitent continuer \u00e0 se former tout au long de la vie","robots":{"index":"index","follow":"follow","max-snippet":"max-snippet:-1","max-image-preview":"max-image-preview:large","max-video-preview":"max-video-preview:-1"},"canonical":"https:\/\/web.umons.ac.be\/efe\/fr\/loffre-de-formation\/reprise-detudes\/","og_locale":"fr_FR","og_type":"article","og_title":"Reprise d\u2019\u00e9tudes - Ecole \/ EFE","og_description":"La formation continue s\u2019adresse plus particuli\u00e8rement aux personnes qui souhaitent continuer \u00e0 se former tout au long de la vie","og_url":"https:\/\/web.umons.ac.be\/efe\/fr\/loffre-de-formation\/reprise-detudes\/","og_site_name":"Ecole \/ EFE","article_modified_time":"2024-04-23T13:25:27+00:00","twitter_card":"summary_large_image","twitter_misc":{"Dur\u00e9e de lecture estim\u00e9e":"1 minute"},"schema":{"@context":"https:\/\/schema.org","@graph":[{"@type":"WebPage","@id":"https:\/\/web.umons.ac.be\/efe\/fr\/loffre-de-formation\/reprise-detudes\/","url":"https:\/\/web.umons.ac.be\/efe\/fr\/loffre-de-formation\/reprise-detudes\/","name":"Reprise d\u2019\u00e9tudes - Ecole \/ EFE","isPartOf":{"@id":"https:\/\/web.umons.ac.be\/efe\/#website"},"datePublished":"2023-02-24T10:57:02+00:00","dateModified":"2024-04-23T13:25:27+00:00","description":"La formation continue s\u2019adresse plus particuli\u00e8rement aux personnes qui souhaitent continuer \u00e0 se former tout au long de la vie","breadcrumb":{"@id":"https:\/\/web.umons.ac.be\/efe\/fr\/loffre-de-formation\/reprise-detudes\/#breadcrumb"},"inLanguage":"fr-FR","potentialAction":[{"@type":"ReadAction","target":["https:\/\/web.umons.ac.be\/efe\/fr\/loffre-de-formation\/reprise-detudes\/"]}]},{"@type":"BreadcrumbList","@id":"https:\/\/web.umons.ac.be\/efe\/fr\/loffre-de-formation\/reprise-detudes\/#breadcrumb","itemListElement":[{"@type":"ListItem","position":1,"name":"Accueil","item":"https:\/\/web.umons.ac.be\/efe\/fr\/"},{"@type":"ListItem","position":2,"name":"L\u2019offre de formation","item":"https:\/\/web.umons.ac.be\/efe\/fr\/loffre-de-formation\/"},{"@type":"ListItem","position":3,"name":"Reprise d\u2019\u00e9tudes"}]},{"@type":"WebSite","@id":"https:\/\/web.umons.ac.be\/efe\/#website","url":"https:\/\/web.umons.ac.be\/efe\/","name":"Ecole \/ EFE","description":"hgqdfjkghqdfjk","potentialAction":[{"@type":"SearchAction","target":{"@type":"EntryPoint","urlTemplate":"https:\/\/web.umons.ac.be\/efe\/?s={search_term_string}"},"query-input":{"@type":"PropertyValueSpecification","valueRequired":true,"valueName":"search_term_string"}}],"inLanguage":"fr-FR"}]}},"lang":"fr","translations":{"fr":927,"en":929},"pll_sync_post":[],"_links":{"self":[{"href":"https:\/\/web.umons.ac.be\/efe\/wp-json\/wp\/v2\/pages\/927","targetHints":{"allow":["GET"]}}],"collection":[{"href":"https:\/\/web.umons.ac.be\/efe\/wp-json\/wp\/v2\/pages"}],"about":[{"href":"https:\/\/web.umons.ac.be\/efe\/wp-json\/wp\/v2\/types\/page"}],"author":[{"embeddable":true,"href":"https:\/\/web.umons.ac.be\/efe\/wp-json\/wp\/v2\/users\/2"}],"replies":[{"embeddable":true,"href":"https:\/\/web.umons.ac.be\/efe\/wp-json\/wp\/v2\/comments?post=927"}],"version-history":[{"count":3,"href":"https:\/\/web.umons.ac.be\/efe\/wp-json\/wp\/v2\/pages\/927\/revisions"}],"predecessor-version":[{"id":1100,"href":"https:\/\/web.umons.ac.be\/efe\/wp-json\/wp\/v2\/pages\/927\/revisions\/1100"}],"up":[{"embeddable":true,"href":"https:\/\/web.umons.ac.be\/efe\/wp-json\/wp\/v2\/pages\/910"}],"wp:attachment":[{"href":"https:\/\/web.umons.ac.be\/efe\/wp-json\/wp\/v2\/media?parent=927"}],"curies":[{"name":"wp","href":"https:\/\/api.w.org\/{rel}","templated":true}]}}