{"id":163,"date":"2017-09-21T17:23:33","date_gmt":"2017-09-21T15:23:33","guid":{"rendered":"https:\/\/web.umons.ac.be\/energie\/?page_id=163"},"modified":"2018-01-15T01:43:31","modified_gmt":"2018-01-15T00:43:31","slug":"services-a-la-collectivite","status":"publish","type":"page","link":"https:\/\/web.umons.ac.be\/energie\/en\/services-a-la-collectivite\/","title":{"rendered":"Community Services"},"content":{"rendered":"<p>The Institute offers a wide variety of services: carrying out limited feasibility studies prior to the start of a project, resolving technical problems, instrumenting buildings or equipment to carry out energy audits, offering the skills of our researchers to resolve a limited size problem in a timely manner, etc.<\/p>\n<p>Examples of services: placement of temperature and humidity sensors in a zero energy building to monitor the behaviour of walls, execution of a simplified study of a storage system before installation, digital characterisation of chassis performance, etc.<\/p>\n<p>The Energy Institute also offers high-voltage laboratory tests: testing of overhead power lines for transport networks, lightning transformer testing, high-voltage and rain testing for electrical machines, and measurements of dielectric loss, capacitance and electrical resistivity.<\/p>\n","protected":false},"excerpt":{"rendered":"<p>The Institute offers a wide variety of services: carrying out limited feasibility studies prior to the start of a project, resolving technical problems, instrumenting buildings or equipment to carry out energy audits, offering the skills of our researchers to resolve a limited size problem in a timely manner, etc. Examples of services: placement of temperature [&hellip;]<\/p>\n","protected":false},"author":2,"featured_media":0,"parent":0,"menu_order":3,"comment_status":"closed","ping_status":"closed","template":"","meta":{"footnotes":""},"class_list":["post-163","page","type-page","status-publish","hentry"],"yoast_head":"<!-- This site is optimized with the Yoast SEO plugin v27.2 - https:\/\/yoast.com\/product\/yoast-seo-wordpress\/ -->\n<title>Community Services - Institut \/ \u00c9nergie<\/title>\n<meta name=\"robots\" content=\"index, follow, max-snippet:-1, max-image-preview:large, max-video-preview:-1\" \/>\n<link rel=\"canonical\" href=\"https:\/\/web.umons.ac.be\/energie\/en\/services-a-la-collectivite\/\" \/>\n<meta property=\"og:locale\" content=\"fr_FR\" \/>\n<meta property=\"og:type\" content=\"article\" \/>\n<meta property=\"og:title\" content=\"Community Services - Institut \/ \u00c9nergie\" \/>\n<meta property=\"og:description\" content=\"The Institute offers a wide variety of services: carrying out limited feasibility studies prior to the start of a project, resolving technical problems, instrumenting buildings or equipment to carry out energy audits, offering the skills of our researchers to resolve a limited size problem in a timely manner, etc. Examples of services: placement of temperature [&hellip;]\" \/>\n<meta property=\"og:url\" content=\"https:\/\/web.umons.ac.be\/energie\/en\/services-a-la-collectivite\/\" \/>\n<meta property=\"og:site_name\" content=\"Institut \/ \u00c9nergie\" \/>\n<meta property=\"article:modified_time\" content=\"2018-01-15T00:43:31+00:00\" \/>\n<meta name=\"twitter:card\" content=\"summary_large_image\" \/>\n<meta name=\"twitter:label1\" content=\"Dur\u00e9e de lecture estim\u00e9e\" \/>\n\t<meta name=\"twitter:data1\" content=\"1 minute\" \/>\n<script type=\"application\/ld+json\" class=\"yoast-schema-graph\">{\"@context\":\"https:\/\/schema.org\",\"@graph\":[{\"@type\":\"WebPage\",\"@id\":\"https:\/\/web.umons.ac.be\/energie\/en\/services-a-la-collectivite\/\",\"url\":\"https:\/\/web.umons.ac.be\/energie\/en\/services-a-la-collectivite\/\",\"name\":\"Community Services - Institut \/ \u00c9nergie\",\"isPartOf\":{\"@id\":\"https:\/\/web.umons.ac.be\/energie\/#website\"},\"datePublished\":\"2017-09-21T15:23:33+00:00\",\"dateModified\":\"2018-01-15T00:43:31+00:00\",\"breadcrumb\":{\"@id\":\"https:\/\/web.umons.ac.be\/energie\/en\/services-a-la-collectivite\/#breadcrumb\"},\"inLanguage\":\"fr-FR\",\"potentialAction\":[{\"@type\":\"ReadAction\",\"target\":[\"https:\/\/web.umons.ac.be\/energie\/en\/services-a-la-collectivite\/\"]}]},{\"@type\":\"BreadcrumbList\",\"@id\":\"https:\/\/web.umons.ac.be\/energie\/en\/services-a-la-collectivite\/#breadcrumb\",\"itemListElement\":[{\"@type\":\"ListItem\",\"position\":1,\"name\":\"Accueil\",\"item\":\"https:\/\/web.umons.ac.be\/energie\/fr\/\"},{\"@type\":\"ListItem\",\"position\":2,\"name\":\"Community Services\"}]},{\"@type\":\"WebSite\",\"@id\":\"https:\/\/web.umons.ac.be\/energie\/#website\",\"url\":\"https:\/\/web.umons.ac.be\/energie\/\",\"name\":\"Institut \/ \u00c9nergie\",\"description\":\"Un site utilisant Universit\u00e9 de Mons \u2013 UMONS\",\"potentialAction\":[{\"@type\":\"SearchAction\",\"target\":{\"@type\":\"EntryPoint\",\"urlTemplate\":\"https:\/\/web.umons.ac.be\/energie\/?s={search_term_string}\"},\"query-input\":{\"@type\":\"PropertyValueSpecification\",\"valueRequired\":true,\"valueName\":\"search_term_string\"}}],\"inLanguage\":\"fr-FR\"}]}<\/script>\n<!-- \/ Yoast SEO plugin. -->","yoast_head_json":{"title":"Community Services - Institut \/ \u00c9nergie","robots":{"index":"index","follow":"follow","max-snippet":"max-snippet:-1","max-image-preview":"max-image-preview:large","max-video-preview":"max-video-preview:-1"},"canonical":"https:\/\/web.umons.ac.be\/energie\/en\/services-a-la-collectivite\/","og_locale":"fr_FR","og_type":"article","og_title":"Community Services - Institut \/ \u00c9nergie","og_description":"The Institute offers a wide variety of services: carrying out limited feasibility studies prior to the start of a project, resolving technical problems, instrumenting buildings or equipment to carry out energy audits, offering the skills of our researchers to resolve a limited size problem in a timely manner, etc. Examples of services: placement of temperature [&hellip;]","og_url":"https:\/\/web.umons.ac.be\/energie\/en\/services-a-la-collectivite\/","og_site_name":"Institut \/ \u00c9nergie","article_modified_time":"2018-01-15T00:43:31+00:00","twitter_card":"summary_large_image","twitter_misc":{"Dur\u00e9e de lecture estim\u00e9e":"1 minute"},"schema":{"@context":"https:\/\/schema.org","@graph":[{"@type":"WebPage","@id":"https:\/\/web.umons.ac.be\/energie\/en\/services-a-la-collectivite\/","url":"https:\/\/web.umons.ac.be\/energie\/en\/services-a-la-collectivite\/","name":"Community Services - Institut \/ \u00c9nergie","isPartOf":{"@id":"https:\/\/web.umons.ac.be\/energie\/#website"},"datePublished":"2017-09-21T15:23:33+00:00","dateModified":"2018-01-15T00:43:31+00:00","breadcrumb":{"@id":"https:\/\/web.umons.ac.be\/energie\/en\/services-a-la-collectivite\/#breadcrumb"},"inLanguage":"fr-FR","potentialAction":[{"@type":"ReadAction","target":["https:\/\/web.umons.ac.be\/energie\/en\/services-a-la-collectivite\/"]}]},{"@type":"BreadcrumbList","@id":"https:\/\/web.umons.ac.be\/energie\/en\/services-a-la-collectivite\/#breadcrumb","itemListElement":[{"@type":"ListItem","position":1,"name":"Accueil","item":"https:\/\/web.umons.ac.be\/energie\/fr\/"},{"@type":"ListItem","position":2,"name":"Community Services"}]},{"@type":"WebSite","@id":"https:\/\/web.umons.ac.be\/energie\/#website","url":"https:\/\/web.umons.ac.be\/energie\/","name":"Institut \/ \u00c9nergie","description":"Un site utilisant Universit\u00e9 de Mons \u2013 UMONS","potentialAction":[{"@type":"SearchAction","target":{"@type":"EntryPoint","urlTemplate":"https:\/\/web.umons.ac.be\/energie\/?s={search_term_string}"},"query-input":{"@type":"PropertyValueSpecification","valueRequired":true,"valueName":"search_term_string"}}],"inLanguage":"fr-FR"}]}},"lang":"en","translations":{"en":163,"fr":62},"pll_sync_post":[],"_links":{"self":[{"href":"https:\/\/web.umons.ac.be\/energie\/wp-json\/wp\/v2\/pages\/163","targetHints":{"allow":["GET"]}}],"collection":[{"href":"https:\/\/web.umons.ac.be\/energie\/wp-json\/wp\/v2\/pages"}],"about":[{"href":"https:\/\/web.umons.ac.be\/energie\/wp-json\/wp\/v2\/types\/page"}],"author":[{"embeddable":true,"href":"https:\/\/web.umons.ac.be\/energie\/wp-json\/wp\/v2\/users\/2"}],"replies":[{"embeddable":true,"href":"https:\/\/web.umons.ac.be\/energie\/wp-json\/wp\/v2\/comments?post=163"}],"version-history":[{"count":2,"href":"https:\/\/web.umons.ac.be\/energie\/wp-json\/wp\/v2\/pages\/163\/revisions"}],"predecessor-version":[{"id":165,"href":"https:\/\/web.umons.ac.be\/energie\/wp-json\/wp\/v2\/pages\/163\/revisions\/165"}],"wp:attachment":[{"href":"https:\/\/web.umons.ac.be\/energie\/wp-json\/wp\/v2\/media?parent=163"}],"curies":[{"name":"wp","href":"https:\/\/api.w.org\/{rel}","templated":true}]}}