{"id":22,"date":"2017-07-17T17:21:17","date_gmt":"2017-07-17T15:21:17","guid":{"rendered":"https:\/\/web.umons.ac.be\/energie\/?page_id=22"},"modified":"2020-02-11T16:59:52","modified_gmt":"2020-02-11T15:59:52","slug":"expertises-et-thematiques","status":"publish","type":"page","link":"https:\/\/web.umons.ac.be\/energie\/fr\/expertises-et-thematiques\/","title":{"rendered":"Expertises et th\u00e9matiques"},"content":{"rendered":"<ul>\n<li>\n<h5><strong>Biocombustibles et Combustion<\/strong>.<\/h5>\n<p>Nouvelles techniques de combustion, combustion de gaz \u00e0 faible pouvoir calorifique, impact environnemental de la combustion, production de biocarburants \u00e0 partir de micro-algues.<\/li>\n<\/ul>\n<p><iframe loading=\"lazy\" title=\"Institut de Recherche en Energie - Umons\" width=\"500\" height=\"281\" src=\"https:\/\/www.youtube.com\/embed\/F8o-uCxAJNQ?list=PL5B5D3BF5B9BB1929\" frameborder=\"0\" allow=\"accelerometer; autoplay; clipboard-write; encrypted-media; gyroscope; picture-in-picture; web-share\" referrerpolicy=\"strict-origin-when-cross-origin\" allowfullscreen><\/iframe><\/p>\n<ul>\n<li>\n<h5><strong>Capture, s\u00e9questration et r\u00e9utilisation du CO<sub>2<\/sub><\/strong>.<\/h5>\n<p>Epuration et capture du CO<sub>2<\/sub> en postcombustion, stockage g\u00e9ologique du CO<sub>2<\/sub> en veine de charbon et en aquif\u00e8re carbonat\u00e9 profond, CO<sub>2<\/sub> to methanol.<\/li>\n<li>\n<h5><strong>Technologies photovolta\u00efques<\/strong>.<\/h5>\n<p>D\u00e9veloppement de nouvelles g\u00e9n\u00e9rations de cellules photovolta\u00efques (cellules de Gr\u00e4tzel et cellules polym\u00e8res).<\/li>\n<li>\n<h5><strong>Communaut\u00e9s \u00e9nerg\u00e9tiques<\/strong><span style=\"color: #d60044; font-family: 'Gotham SSm A', 'Gotham SSm B', Arial, Helvetica, sans-serif; font-size: 1.125rem; font-weight: bold;\">.<\/span><\/h5>\n<p>B\u00e2timents z\u00e9ro \u00e9nergie et \u00e0 \u00e9nergie positive, technologies alternatives de production de chaleur et de froid et leur int\u00e9gration dans le b\u00e2ti, optimisation et contr\u00f4le pr\u00e9dictif de syst\u00e8mes complexes, composants isolants pour les b\u00e2timents, \u00e9co-quartiers et syst\u00e8mes \u00e9nerg\u00e9tiques int\u00e9gr\u00e9s \u00e0 l\u2019\u00e9chelle d\u2019un district.<\/li>\n<li>\n<h5><strong>Stockage de l\u2019\u00e9nergie<\/strong>.<\/h5>\n<p>Stockage g\u00e9ologique de l\u2019\u00e9nergie solaire thermique, stockage inter-saisonnier de la chaleur par r\u00e9actions thermochimiques.<\/li>\n<\/ul>\n<p><iframe loading=\"lazy\" title=\"Institut de Recherche en Energie - UMONS\" width=\"500\" height=\"281\" src=\"https:\/\/www.youtube.com\/embed\/wNwG1m59UIc?list=PL5B5D3BF5B9BB1929\" frameborder=\"0\" allow=\"accelerometer; autoplay; clipboard-write; encrypted-media; gyroscope; picture-in-picture; web-share\" referrerpolicy=\"strict-origin-when-cross-origin\" allowfullscreen><\/iframe><\/p>\n<ul>\n<li>\n<h5><strong>Mat\u00e9riaux et proc\u00e9d\u00e9s pour applications \u00e9nerg\u00e9tiques<\/strong>.<\/h5>\n<p>Mat\u00e9riaux pour le transport de l\u2019\u00e9nergie \u00e9lectrique, \u00e9tude et optimisation des proc\u00e9d\u00e9s industriels, r\u00e9cup\u00e9ration de chaleur, conversion du CO<sub>2<\/sub> en m\u00e9thanol, mat\u00e9riaux pour le stockage de chaleur.<\/li>\n<li>\n<h5><strong>Energie \u00e9olienne<\/strong>.<\/h5>\n<p>Evaluation du potentiel \u00e9olien, optimisation du profil des pales d\u2019\u00e9oliennes, aspects acoustique et vibratoire.<\/li>\n<li>\n<h5><strong>R\u00e9seaux \u00e9lectriques intelligents<\/strong>.<\/h5>\n<p>Impact de la d\u00e9centralisation de la production d\u2019\u00e9lectricit\u00e9 sur les r\u00e9seaux de distribution, gestion de l\u2019offre et de la demande d\u2019\u00e9lectricit\u00e9, s\u00e9curit\u00e9 informatique du transfert de donn\u00e9es.<\/li>\n<\/ul>\n<p><iframe loading=\"lazy\" title=\"5 ann\u00e9es de Chaire ORES\" width=\"500\" height=\"281\" src=\"https:\/\/www.youtube.com\/embed\/5sI8RyDrUx0?list=PL5B5D3BF5B9BB1929\" frameborder=\"0\" allow=\"accelerometer; autoplay; clipboard-write; encrypted-media; gyroscope; picture-in-picture; web-share\" referrerpolicy=\"strict-origin-when-cross-origin\" allowfullscreen><\/iframe><\/p>\n<p><iframe loading=\"lazy\" title=\"Service d&#039;Electromagn\u00e9tisme et de T\u00e9l\u00e9communications - UMONS\" width=\"500\" height=\"281\" src=\"https:\/\/www.youtube.com\/embed\/XTzTKrqWPXI?list=PL5B5D3BF5B9BB1929\" frameborder=\"0\" allow=\"accelerometer; autoplay; clipboard-write; encrypted-media; gyroscope; picture-in-picture; web-share\" referrerpolicy=\"strict-origin-when-cross-origin\" allowfullscreen><\/iframe><\/p>\n<ul>\n<li>\n<h5><strong>G\u00e9othermie<\/strong>.<\/h5>\n<p>Caract\u00e9risation de la ressource g\u00e9othermique, r\u00e9seaux de chaleur.<\/li>\n<\/ul>\n<p>&nbsp;<\/p>\n","protected":false},"excerpt":{"rendered":"<p>Biocombustibles et Combustion. Nouvelles techniques de combustion, combustion de gaz \u00e0 faible pouvoir calorifique, impact environnemental de la combustion, production de biocarburants \u00e0 partir de micro-algues. Capture, s\u00e9questration et r\u00e9utilisation du CO2. Epuration et capture du CO2 en postcombustion, stockage g\u00e9ologique du CO2 en veine de charbon et en aquif\u00e8re carbonat\u00e9 profond, CO2 to methanol. [&hellip;]<\/p>\n","protected":false},"author":2,"featured_media":0,"parent":0,"menu_order":1,"comment_status":"closed","ping_status":"closed","template":"","meta":{"footnotes":""},"class_list":["post-22","page","type-page","status-publish","hentry"],"yoast_head":"<!-- This site is optimized with the Yoast SEO plugin v27.2 - https:\/\/yoast.com\/product\/yoast-seo-wordpress\/ -->\n<title>Expertises et th\u00e9matiques - Institut \/ \u00c9nergie<\/title>\n<meta name=\"robots\" content=\"index, follow, max-snippet:-1, max-image-preview:large, max-video-preview:-1\" \/>\n<link rel=\"canonical\" href=\"https:\/\/web.umons.ac.be\/energie\/fr\/expertises-et-thematiques\/\" \/>\n<meta property=\"og:locale\" content=\"fr_FR\" \/>\n<meta property=\"og:type\" content=\"article\" \/>\n<meta property=\"og:title\" content=\"Expertises et th\u00e9matiques - Institut \/ \u00c9nergie\" \/>\n<meta property=\"og:description\" content=\"Biocombustibles et Combustion. Nouvelles techniques de combustion, combustion de gaz \u00e0 faible pouvoir calorifique, impact environnemental de la combustion, production de biocarburants \u00e0 partir de micro-algues. Capture, s\u00e9questration et r\u00e9utilisation du CO2. Epuration et capture du CO2 en postcombustion, stockage g\u00e9ologique du CO2 en veine de charbon et en aquif\u00e8re carbonat\u00e9 profond, CO2 to methanol. [&hellip;]\" \/>\n<meta property=\"og:url\" content=\"https:\/\/web.umons.ac.be\/energie\/fr\/expertises-et-thematiques\/\" \/>\n<meta property=\"og:site_name\" content=\"Institut \/ \u00c9nergie\" \/>\n<meta property=\"article:modified_time\" content=\"2020-02-11T15:59:52+00:00\" \/>\n<meta name=\"twitter:card\" content=\"summary_large_image\" \/>\n<meta name=\"twitter:label1\" content=\"Dur\u00e9e de lecture estim\u00e9e\" \/>\n\t<meta name=\"twitter:data1\" content=\"2 minutes\" \/>\n<script type=\"application\/ld+json\" class=\"yoast-schema-graph\">{\"@context\":\"https:\/\/schema.org\",\"@graph\":[{\"@type\":\"WebPage\",\"@id\":\"https:\/\/web.umons.ac.be\/energie\/fr\/expertises-et-thematiques\/\",\"url\":\"https:\/\/web.umons.ac.be\/energie\/fr\/expertises-et-thematiques\/\",\"name\":\"Expertises et th\u00e9matiques - Institut \/ \u00c9nergie\",\"isPartOf\":{\"@id\":\"https:\/\/web.umons.ac.be\/energie\/#website\"},\"datePublished\":\"2017-07-17T15:21:17+00:00\",\"dateModified\":\"2020-02-11T15:59:52+00:00\",\"breadcrumb\":{\"@id\":\"https:\/\/web.umons.ac.be\/energie\/fr\/expertises-et-thematiques\/#breadcrumb\"},\"inLanguage\":\"fr-FR\",\"potentialAction\":[{\"@type\":\"ReadAction\",\"target\":[\"https:\/\/web.umons.ac.be\/energie\/fr\/expertises-et-thematiques\/\"]}]},{\"@type\":\"BreadcrumbList\",\"@id\":\"https:\/\/web.umons.ac.be\/energie\/fr\/expertises-et-thematiques\/#breadcrumb\",\"itemListElement\":[{\"@type\":\"ListItem\",\"position\":1,\"name\":\"Accueil\",\"item\":\"https:\/\/web.umons.ac.be\/energie\/fr\/\"},{\"@type\":\"ListItem\",\"position\":2,\"name\":\"Expertises et th\u00e9matiques\"}]},{\"@type\":\"WebSite\",\"@id\":\"https:\/\/web.umons.ac.be\/energie\/#website\",\"url\":\"https:\/\/web.umons.ac.be\/energie\/\",\"name\":\"Institut \/ \u00c9nergie\",\"description\":\"Un site utilisant Universit\u00e9 de Mons \u2013 UMONS\",\"potentialAction\":[{\"@type\":\"SearchAction\",\"target\":{\"@type\":\"EntryPoint\",\"urlTemplate\":\"https:\/\/web.umons.ac.be\/energie\/?s={search_term_string}\"},\"query-input\":{\"@type\":\"PropertyValueSpecification\",\"valueRequired\":true,\"valueName\":\"search_term_string\"}}],\"inLanguage\":\"fr-FR\"}]}<\/script>\n<!-- \/ Yoast SEO plugin. -->","yoast_head_json":{"title":"Expertises et th\u00e9matiques - Institut \/ \u00c9nergie","robots":{"index":"index","follow":"follow","max-snippet":"max-snippet:-1","max-image-preview":"max-image-preview:large","max-video-preview":"max-video-preview:-1"},"canonical":"https:\/\/web.umons.ac.be\/energie\/fr\/expertises-et-thematiques\/","og_locale":"fr_FR","og_type":"article","og_title":"Expertises et th\u00e9matiques - Institut \/ \u00c9nergie","og_description":"Biocombustibles et Combustion. Nouvelles techniques de combustion, combustion de gaz \u00e0 faible pouvoir calorifique, impact environnemental de la combustion, production de biocarburants \u00e0 partir de micro-algues. Capture, s\u00e9questration et r\u00e9utilisation du CO2. Epuration et capture du CO2 en postcombustion, stockage g\u00e9ologique du CO2 en veine de charbon et en aquif\u00e8re carbonat\u00e9 profond, CO2 to methanol. [&hellip;]","og_url":"https:\/\/web.umons.ac.be\/energie\/fr\/expertises-et-thematiques\/","og_site_name":"Institut \/ \u00c9nergie","article_modified_time":"2020-02-11T15:59:52+00:00","twitter_card":"summary_large_image","twitter_misc":{"Dur\u00e9e de lecture estim\u00e9e":"2 minutes"},"schema":{"@context":"https:\/\/schema.org","@graph":[{"@type":"WebPage","@id":"https:\/\/web.umons.ac.be\/energie\/fr\/expertises-et-thematiques\/","url":"https:\/\/web.umons.ac.be\/energie\/fr\/expertises-et-thematiques\/","name":"Expertises et th\u00e9matiques - Institut \/ \u00c9nergie","isPartOf":{"@id":"https:\/\/web.umons.ac.be\/energie\/#website"},"datePublished":"2017-07-17T15:21:17+00:00","dateModified":"2020-02-11T15:59:52+00:00","breadcrumb":{"@id":"https:\/\/web.umons.ac.be\/energie\/fr\/expertises-et-thematiques\/#breadcrumb"},"inLanguage":"fr-FR","potentialAction":[{"@type":"ReadAction","target":["https:\/\/web.umons.ac.be\/energie\/fr\/expertises-et-thematiques\/"]}]},{"@type":"BreadcrumbList","@id":"https:\/\/web.umons.ac.be\/energie\/fr\/expertises-et-thematiques\/#breadcrumb","itemListElement":[{"@type":"ListItem","position":1,"name":"Accueil","item":"https:\/\/web.umons.ac.be\/energie\/fr\/"},{"@type":"ListItem","position":2,"name":"Expertises et th\u00e9matiques"}]},{"@type":"WebSite","@id":"https:\/\/web.umons.ac.be\/energie\/#website","url":"https:\/\/web.umons.ac.be\/energie\/","name":"Institut \/ \u00c9nergie","description":"Un site utilisant Universit\u00e9 de Mons \u2013 UMONS","potentialAction":[{"@type":"SearchAction","target":{"@type":"EntryPoint","urlTemplate":"https:\/\/web.umons.ac.be\/energie\/?s={search_term_string}"},"query-input":{"@type":"PropertyValueSpecification","valueRequired":true,"valueName":"search_term_string"}}],"inLanguage":"fr-FR"}]}},"lang":"fr","translations":{"fr":22,"en":134},"pll_sync_post":[],"_links":{"self":[{"href":"https:\/\/web.umons.ac.be\/energie\/wp-json\/wp\/v2\/pages\/22","targetHints":{"allow":["GET"]}}],"collection":[{"href":"https:\/\/web.umons.ac.be\/energie\/wp-json\/wp\/v2\/pages"}],"about":[{"href":"https:\/\/web.umons.ac.be\/energie\/wp-json\/wp\/v2\/types\/page"}],"author":[{"embeddable":true,"href":"https:\/\/web.umons.ac.be\/energie\/wp-json\/wp\/v2\/users\/2"}],"replies":[{"embeddable":true,"href":"https:\/\/web.umons.ac.be\/energie\/wp-json\/wp\/v2\/comments?post=22"}],"version-history":[{"count":7,"href":"https:\/\/web.umons.ac.be\/energie\/wp-json\/wp\/v2\/pages\/22\/revisions"}],"predecessor-version":[{"id":376,"href":"https:\/\/web.umons.ac.be\/energie\/wp-json\/wp\/v2\/pages\/22\/revisions\/376"}],"wp:attachment":[{"href":"https:\/\/web.umons.ac.be\/energie\/wp-json\/wp\/v2\/media?parent=22"}],"curies":[{"name":"wp","href":"https:\/\/api.w.org\/{rel}","templated":true}]}}