{"id":59,"date":"2017-07-17T17:31:26","date_gmt":"2017-07-17T15:31:26","guid":{"rendered":"https:\/\/web.umons.ac.be\/energie\/?page_id=59"},"modified":"2017-10-27T14:40:35","modified_gmt":"2017-10-27T12:40:35","slug":"equipements-remarquables","status":"publish","type":"page","link":"https:\/\/web.umons.ac.be\/energie\/fr\/equipements-remarquables\/","title":{"rendered":"Equipements remarquables"},"content":{"rendered":"<ul>\n<li>Mesure dynamique gravim\u00e9trique de sorption de vapeur<\/li>\n<li>Analyseurs thermiques, Calorim\u00e8tres<\/li>\n<li>Mesure de surface sp\u00e9cifique et de taille de pore<\/li>\n<li>Balance \u00e0 suspension magn\u00e9tique<\/li>\n<li>Prototypes de stockage de chaleur thermochimique<\/li>\n<li>Simulateur solaire<\/li>\n<li>Photobior\u00e9acteurs (de 3l \u00e0 70l)<\/li>\n<li>Contacteurs gaz-liquide<\/li>\n<li>Colonne d\u2019adsorption<\/li>\n<li>Installations de combustion<\/li>\n<li>Equipements de tests haute tension<\/li>\n<li>Mesures de pertes di\u00e9lectriques et de capacitance, mesures de r\u00e9sistivit\u00e9<\/li>\n<li>Mesures de champs de force \u00e9lectrique et magn\u00e9tique<\/li>\n<\/ul>\n","protected":false},"excerpt":{"rendered":"<p>Mesure dynamique gravim\u00e9trique de sorption de vapeur Analyseurs thermiques, Calorim\u00e8tres Mesure de surface sp\u00e9cifique et de taille de pore Balance \u00e0 suspension magn\u00e9tique Prototypes de stockage de chaleur thermochimique Simulateur solaire Photobior\u00e9acteurs (de 3l \u00e0 70l) Contacteurs gaz-liquide Colonne d\u2019adsorption Installations de combustion Equipements de tests haute tension Mesures de pertes di\u00e9lectriques et de capacitance, [&hellip;]<\/p>\n","protected":false},"author":2,"featured_media":0,"parent":0,"menu_order":4,"comment_status":"closed","ping_status":"closed","template":"","meta":{"footnotes":""},"class_list":["post-59","page","type-page","status-publish","hentry"],"yoast_head":"<!-- This site is optimized with the Yoast SEO plugin v27.2 - https:\/\/yoast.com\/product\/yoast-seo-wordpress\/ -->\n<title>Equipements remarquables - Institut \/ \u00c9nergie<\/title>\n<meta name=\"robots\" content=\"index, follow, max-snippet:-1, max-image-preview:large, max-video-preview:-1\" \/>\n<link rel=\"canonical\" href=\"https:\/\/web.umons.ac.be\/energie\/fr\/equipements-remarquables\/\" \/>\n<meta property=\"og:locale\" content=\"fr_FR\" \/>\n<meta property=\"og:type\" content=\"article\" \/>\n<meta property=\"og:title\" content=\"Equipements remarquables - Institut \/ \u00c9nergie\" \/>\n<meta property=\"og:description\" content=\"Mesure dynamique gravim\u00e9trique de sorption de vapeur Analyseurs thermiques, Calorim\u00e8tres Mesure de surface sp\u00e9cifique et de taille de pore Balance \u00e0 suspension magn\u00e9tique Prototypes de stockage de chaleur thermochimique Simulateur solaire Photobior\u00e9acteurs (de 3l \u00e0 70l) Contacteurs gaz-liquide Colonne d\u2019adsorption Installations de combustion Equipements de tests haute tension Mesures de pertes di\u00e9lectriques et de capacitance, [&hellip;]\" \/>\n<meta property=\"og:url\" content=\"https:\/\/web.umons.ac.be\/energie\/fr\/equipements-remarquables\/\" \/>\n<meta property=\"og:site_name\" content=\"Institut \/ \u00c9nergie\" \/>\n<meta property=\"article:modified_time\" content=\"2017-10-27T12:40:35+00:00\" \/>\n<meta name=\"twitter:card\" content=\"summary_large_image\" \/>\n<script type=\"application\/ld+json\" class=\"yoast-schema-graph\">{\"@context\":\"https:\/\/schema.org\",\"@graph\":[{\"@type\":\"WebPage\",\"@id\":\"https:\/\/web.umons.ac.be\/energie\/fr\/equipements-remarquables\/\",\"url\":\"https:\/\/web.umons.ac.be\/energie\/fr\/equipements-remarquables\/\",\"name\":\"Equipements remarquables - Institut \/ \u00c9nergie\",\"isPartOf\":{\"@id\":\"https:\/\/web.umons.ac.be\/energie\/#website\"},\"datePublished\":\"2017-07-17T15:31:26+00:00\",\"dateModified\":\"2017-10-27T12:40:35+00:00\",\"breadcrumb\":{\"@id\":\"https:\/\/web.umons.ac.be\/energie\/fr\/equipements-remarquables\/#breadcrumb\"},\"inLanguage\":\"fr-FR\",\"potentialAction\":[{\"@type\":\"ReadAction\",\"target\":[\"https:\/\/web.umons.ac.be\/energie\/fr\/equipements-remarquables\/\"]}]},{\"@type\":\"BreadcrumbList\",\"@id\":\"https:\/\/web.umons.ac.be\/energie\/fr\/equipements-remarquables\/#breadcrumb\",\"itemListElement\":[{\"@type\":\"ListItem\",\"position\":1,\"name\":\"Accueil\",\"item\":\"https:\/\/web.umons.ac.be\/energie\/fr\/\"},{\"@type\":\"ListItem\",\"position\":2,\"name\":\"Equipements remarquables\"}]},{\"@type\":\"WebSite\",\"@id\":\"https:\/\/web.umons.ac.be\/energie\/#website\",\"url\":\"https:\/\/web.umons.ac.be\/energie\/\",\"name\":\"Institut \/ \u00c9nergie\",\"description\":\"Un site utilisant Universit\u00e9 de Mons \u2013 UMONS\",\"potentialAction\":[{\"@type\":\"SearchAction\",\"target\":{\"@type\":\"EntryPoint\",\"urlTemplate\":\"https:\/\/web.umons.ac.be\/energie\/?s={search_term_string}\"},\"query-input\":{\"@type\":\"PropertyValueSpecification\",\"valueRequired\":true,\"valueName\":\"search_term_string\"}}],\"inLanguage\":\"fr-FR\"}]}<\/script>\n<!-- \/ Yoast SEO plugin. -->","yoast_head_json":{"title":"Equipements remarquables - Institut \/ \u00c9nergie","robots":{"index":"index","follow":"follow","max-snippet":"max-snippet:-1","max-image-preview":"max-image-preview:large","max-video-preview":"max-video-preview:-1"},"canonical":"https:\/\/web.umons.ac.be\/energie\/fr\/equipements-remarquables\/","og_locale":"fr_FR","og_type":"article","og_title":"Equipements remarquables - Institut \/ \u00c9nergie","og_description":"Mesure dynamique gravim\u00e9trique de sorption de vapeur Analyseurs thermiques, Calorim\u00e8tres Mesure de surface sp\u00e9cifique et de taille de pore Balance \u00e0 suspension magn\u00e9tique Prototypes de stockage de chaleur thermochimique Simulateur solaire Photobior\u00e9acteurs (de 3l \u00e0 70l) Contacteurs gaz-liquide Colonne d\u2019adsorption Installations de combustion Equipements de tests haute tension Mesures de pertes di\u00e9lectriques et de capacitance, [&hellip;]","og_url":"https:\/\/web.umons.ac.be\/energie\/fr\/equipements-remarquables\/","og_site_name":"Institut \/ \u00c9nergie","article_modified_time":"2017-10-27T12:40:35+00:00","twitter_card":"summary_large_image","schema":{"@context":"https:\/\/schema.org","@graph":[{"@type":"WebPage","@id":"https:\/\/web.umons.ac.be\/energie\/fr\/equipements-remarquables\/","url":"https:\/\/web.umons.ac.be\/energie\/fr\/equipements-remarquables\/","name":"Equipements remarquables - Institut \/ \u00c9nergie","isPartOf":{"@id":"https:\/\/web.umons.ac.be\/energie\/#website"},"datePublished":"2017-07-17T15:31:26+00:00","dateModified":"2017-10-27T12:40:35+00:00","breadcrumb":{"@id":"https:\/\/web.umons.ac.be\/energie\/fr\/equipements-remarquables\/#breadcrumb"},"inLanguage":"fr-FR","potentialAction":[{"@type":"ReadAction","target":["https:\/\/web.umons.ac.be\/energie\/fr\/equipements-remarquables\/"]}]},{"@type":"BreadcrumbList","@id":"https:\/\/web.umons.ac.be\/energie\/fr\/equipements-remarquables\/#breadcrumb","itemListElement":[{"@type":"ListItem","position":1,"name":"Accueil","item":"https:\/\/web.umons.ac.be\/energie\/fr\/"},{"@type":"ListItem","position":2,"name":"Equipements remarquables"}]},{"@type":"WebSite","@id":"https:\/\/web.umons.ac.be\/energie\/#website","url":"https:\/\/web.umons.ac.be\/energie\/","name":"Institut \/ \u00c9nergie","description":"Un site utilisant Universit\u00e9 de Mons \u2013 UMONS","potentialAction":[{"@type":"SearchAction","target":{"@type":"EntryPoint","urlTemplate":"https:\/\/web.umons.ac.be\/energie\/?s={search_term_string}"},"query-input":{"@type":"PropertyValueSpecification","valueRequired":true,"valueName":"search_term_string"}}],"inLanguage":"fr-FR"}]}},"lang":"fr","translations":{"fr":59,"en":166},"pll_sync_post":[],"_links":{"self":[{"href":"https:\/\/web.umons.ac.be\/energie\/wp-json\/wp\/v2\/pages\/59","targetHints":{"allow":["GET"]}}],"collection":[{"href":"https:\/\/web.umons.ac.be\/energie\/wp-json\/wp\/v2\/pages"}],"about":[{"href":"https:\/\/web.umons.ac.be\/energie\/wp-json\/wp\/v2\/types\/page"}],"author":[{"embeddable":true,"href":"https:\/\/web.umons.ac.be\/energie\/wp-json\/wp\/v2\/users\/2"}],"replies":[{"embeddable":true,"href":"https:\/\/web.umons.ac.be\/energie\/wp-json\/wp\/v2\/comments?post=59"}],"version-history":[{"count":1,"href":"https:\/\/web.umons.ac.be\/energie\/wp-json\/wp\/v2\/pages\/59\/revisions"}],"predecessor-version":[{"id":206,"href":"https:\/\/web.umons.ac.be\/energie\/wp-json\/wp\/v2\/pages\/59\/revisions\/206"}],"wp:attachment":[{"href":"https:\/\/web.umons.ac.be\/energie\/wp-json\/wp\/v2\/media?parent=59"}],"curies":[{"name":"wp","href":"https:\/\/api.w.org\/{rel}","templated":true}]}}