{"id":62,"date":"2017-07-17T17:32:31","date_gmt":"2017-07-17T15:32:31","guid":{"rendered":"https:\/\/web.umons.ac.be\/energie\/?page_id=62"},"modified":"2017-11-07T11:52:17","modified_gmt":"2017-11-07T10:52:17","slug":"services-a-la-collectivites","status":"publish","type":"page","link":"https:\/\/web.umons.ac.be\/energie\/fr\/services-a-la-collectivites\/","title":{"rendered":"Services aux collectivit\u00e9s"},"content":{"rendered":"<p>L\u2019Institut propose ponctuellement des prestations de service, assez diverses: \u00e9tudes limit\u00e9es de faisabilit\u00e9 avant d\u00e9marrage d\u2019une collaboration dans le cadre d\u2019un projet, r\u00e9solution d\u2019un probl\u00e8me technologique particulier, instrumentation d\u2019un b\u00e2timent ou d\u2019un \u00e9quipement pour la r\u00e9alisation d\u2019audits \u00e9nerg\u00e9tiques, mise \u00e0 disposition des comp\u00e9tences d\u2019un chercheur pour la r\u00e9solution ponctuelle d\u2019un probl\u00e8me de taille limit\u00e9e, etc.<\/p>\n<p><strong>Exemples de prestations de service :<\/strong> placement de capteurs de temp\u00e9rature et d\u2019humidit\u00e9 dans un b\u00e2timent z\u00e9ro \u00e9nergie pour le suivi du comportement des parois, \u00e9tude simplifi\u00e9e d\u2019un syst\u00e8me de stockage avant r\u00e9alisation, caract\u00e9risation num\u00e9rique des performances de ch\u00e2ssis,\u2026<\/p>\n<p>L\u2019Institut Energie propose \u00e9galement la r\u00e9alisation de tests au <strong>laboratoire haute tension<\/strong> : essais de perches HT pour le r\u00e9seau de transport, essais au choc de foudre transformateurs, essais en haute tension et sous pluie de sections de machines \u00e9lectriques, ainsi que des mesures de pertes di\u00e9lectriques, de capacitance et de r\u00e9sistivit\u00e9 \u00e9lectrique.<\/p>\n","protected":false},"excerpt":{"rendered":"<p>L\u2019Institut propose ponctuellement des prestations de service, assez diverses: \u00e9tudes limit\u00e9es de faisabilit\u00e9 avant d\u00e9marrage d\u2019une collaboration dans le cadre d\u2019un projet, r\u00e9solution d\u2019un probl\u00e8me technologique particulier, instrumentation d\u2019un b\u00e2timent ou d\u2019un \u00e9quipement pour la r\u00e9alisation d\u2019audits \u00e9nerg\u00e9tiques, mise \u00e0 disposition des comp\u00e9tences d\u2019un chercheur pour la r\u00e9solution ponctuelle d\u2019un probl\u00e8me de taille limit\u00e9e, etc. [&hellip;]<\/p>\n","protected":false},"author":2,"featured_media":0,"parent":0,"menu_order":3,"comment_status":"closed","ping_status":"closed","template":"","meta":{"footnotes":""},"class_list":["post-62","page","type-page","status-publish","hentry"],"yoast_head":"<!-- This site is optimized with the Yoast SEO plugin v27.2 - https:\/\/yoast.com\/product\/yoast-seo-wordpress\/ -->\n<title>Services aux collectivit\u00e9s - Institut \/ \u00c9nergie<\/title>\n<meta name=\"robots\" content=\"index, follow, max-snippet:-1, max-image-preview:large, max-video-preview:-1\" \/>\n<link rel=\"canonical\" href=\"https:\/\/web.umons.ac.be\/energie\/fr\/services-a-la-collectivites\/\" \/>\n<meta property=\"og:locale\" content=\"fr_FR\" \/>\n<meta property=\"og:type\" content=\"article\" \/>\n<meta property=\"og:title\" content=\"Services aux collectivit\u00e9s - Institut \/ \u00c9nergie\" \/>\n<meta property=\"og:description\" content=\"L\u2019Institut propose ponctuellement des prestations de service, assez diverses: \u00e9tudes limit\u00e9es de faisabilit\u00e9 avant d\u00e9marrage d\u2019une collaboration dans le cadre d\u2019un projet, r\u00e9solution d\u2019un probl\u00e8me technologique particulier, instrumentation d\u2019un b\u00e2timent ou d\u2019un \u00e9quipement pour la r\u00e9alisation d\u2019audits \u00e9nerg\u00e9tiques, mise \u00e0 disposition des comp\u00e9tences d\u2019un chercheur pour la r\u00e9solution ponctuelle d\u2019un probl\u00e8me de taille limit\u00e9e, etc. [&hellip;]\" \/>\n<meta property=\"og:url\" content=\"https:\/\/web.umons.ac.be\/energie\/fr\/services-a-la-collectivites\/\" \/>\n<meta property=\"og:site_name\" content=\"Institut \/ \u00c9nergie\" \/>\n<meta property=\"article:modified_time\" content=\"2017-11-07T10:52:17+00:00\" \/>\n<meta name=\"twitter:card\" content=\"summary_large_image\" \/>\n<meta name=\"twitter:label1\" content=\"Dur\u00e9e de lecture estim\u00e9e\" \/>\n\t<meta name=\"twitter:data1\" content=\"1 minute\" \/>\n<script type=\"application\/ld+json\" class=\"yoast-schema-graph\">{\"@context\":\"https:\/\/schema.org\",\"@graph\":[{\"@type\":\"WebPage\",\"@id\":\"https:\/\/web.umons.ac.be\/energie\/fr\/services-a-la-collectivites\/\",\"url\":\"https:\/\/web.umons.ac.be\/energie\/fr\/services-a-la-collectivites\/\",\"name\":\"Services aux collectivit\u00e9s - Institut \/ \u00c9nergie\",\"isPartOf\":{\"@id\":\"https:\/\/web.umons.ac.be\/energie\/#website\"},\"datePublished\":\"2017-07-17T15:32:31+00:00\",\"dateModified\":\"2017-11-07T10:52:17+00:00\",\"breadcrumb\":{\"@id\":\"https:\/\/web.umons.ac.be\/energie\/fr\/services-a-la-collectivites\/#breadcrumb\"},\"inLanguage\":\"fr-FR\",\"potentialAction\":[{\"@type\":\"ReadAction\",\"target\":[\"https:\/\/web.umons.ac.be\/energie\/fr\/services-a-la-collectivites\/\"]}]},{\"@type\":\"BreadcrumbList\",\"@id\":\"https:\/\/web.umons.ac.be\/energie\/fr\/services-a-la-collectivites\/#breadcrumb\",\"itemListElement\":[{\"@type\":\"ListItem\",\"position\":1,\"name\":\"Accueil\",\"item\":\"https:\/\/web.umons.ac.be\/energie\/fr\/\"},{\"@type\":\"ListItem\",\"position\":2,\"name\":\"Services aux collectivit\u00e9s\"}]},{\"@type\":\"WebSite\",\"@id\":\"https:\/\/web.umons.ac.be\/energie\/#website\",\"url\":\"https:\/\/web.umons.ac.be\/energie\/\",\"name\":\"Institut \/ \u00c9nergie\",\"description\":\"Un site utilisant Universit\u00e9 de Mons \u2013 UMONS\",\"potentialAction\":[{\"@type\":\"SearchAction\",\"target\":{\"@type\":\"EntryPoint\",\"urlTemplate\":\"https:\/\/web.umons.ac.be\/energie\/?s={search_term_string}\"},\"query-input\":{\"@type\":\"PropertyValueSpecification\",\"valueRequired\":true,\"valueName\":\"search_term_string\"}}],\"inLanguage\":\"fr-FR\"}]}<\/script>\n<!-- \/ Yoast SEO plugin. -->","yoast_head_json":{"title":"Services aux collectivit\u00e9s - Institut \/ \u00c9nergie","robots":{"index":"index","follow":"follow","max-snippet":"max-snippet:-1","max-image-preview":"max-image-preview:large","max-video-preview":"max-video-preview:-1"},"canonical":"https:\/\/web.umons.ac.be\/energie\/fr\/services-a-la-collectivites\/","og_locale":"fr_FR","og_type":"article","og_title":"Services aux collectivit\u00e9s - Institut \/ \u00c9nergie","og_description":"L\u2019Institut propose ponctuellement des prestations de service, assez diverses: \u00e9tudes limit\u00e9es de faisabilit\u00e9 avant d\u00e9marrage d\u2019une collaboration dans le cadre d\u2019un projet, r\u00e9solution d\u2019un probl\u00e8me technologique particulier, instrumentation d\u2019un b\u00e2timent ou d\u2019un \u00e9quipement pour la r\u00e9alisation d\u2019audits \u00e9nerg\u00e9tiques, mise \u00e0 disposition des comp\u00e9tences d\u2019un chercheur pour la r\u00e9solution ponctuelle d\u2019un probl\u00e8me de taille limit\u00e9e, etc. [&hellip;]","og_url":"https:\/\/web.umons.ac.be\/energie\/fr\/services-a-la-collectivites\/","og_site_name":"Institut \/ \u00c9nergie","article_modified_time":"2017-11-07T10:52:17+00:00","twitter_card":"summary_large_image","twitter_misc":{"Dur\u00e9e de lecture estim\u00e9e":"1 minute"},"schema":{"@context":"https:\/\/schema.org","@graph":[{"@type":"WebPage","@id":"https:\/\/web.umons.ac.be\/energie\/fr\/services-a-la-collectivites\/","url":"https:\/\/web.umons.ac.be\/energie\/fr\/services-a-la-collectivites\/","name":"Services aux collectivit\u00e9s - Institut \/ \u00c9nergie","isPartOf":{"@id":"https:\/\/web.umons.ac.be\/energie\/#website"},"datePublished":"2017-07-17T15:32:31+00:00","dateModified":"2017-11-07T10:52:17+00:00","breadcrumb":{"@id":"https:\/\/web.umons.ac.be\/energie\/fr\/services-a-la-collectivites\/#breadcrumb"},"inLanguage":"fr-FR","potentialAction":[{"@type":"ReadAction","target":["https:\/\/web.umons.ac.be\/energie\/fr\/services-a-la-collectivites\/"]}]},{"@type":"BreadcrumbList","@id":"https:\/\/web.umons.ac.be\/energie\/fr\/services-a-la-collectivites\/#breadcrumb","itemListElement":[{"@type":"ListItem","position":1,"name":"Accueil","item":"https:\/\/web.umons.ac.be\/energie\/fr\/"},{"@type":"ListItem","position":2,"name":"Services aux collectivit\u00e9s"}]},{"@type":"WebSite","@id":"https:\/\/web.umons.ac.be\/energie\/#website","url":"https:\/\/web.umons.ac.be\/energie\/","name":"Institut \/ \u00c9nergie","description":"Un site utilisant Universit\u00e9 de Mons \u2013 UMONS","potentialAction":[{"@type":"SearchAction","target":{"@type":"EntryPoint","urlTemplate":"https:\/\/web.umons.ac.be\/energie\/?s={search_term_string}"},"query-input":{"@type":"PropertyValueSpecification","valueRequired":true,"valueName":"search_term_string"}}],"inLanguage":"fr-FR"}]}},"lang":"fr","translations":{"fr":62,"en":163},"pll_sync_post":[],"_links":{"self":[{"href":"https:\/\/web.umons.ac.be\/energie\/wp-json\/wp\/v2\/pages\/62","targetHints":{"allow":["GET"]}}],"collection":[{"href":"https:\/\/web.umons.ac.be\/energie\/wp-json\/wp\/v2\/pages"}],"about":[{"href":"https:\/\/web.umons.ac.be\/energie\/wp-json\/wp\/v2\/types\/page"}],"author":[{"embeddable":true,"href":"https:\/\/web.umons.ac.be\/energie\/wp-json\/wp\/v2\/users\/2"}],"replies":[{"embeddable":true,"href":"https:\/\/web.umons.ac.be\/energie\/wp-json\/wp\/v2\/comments?post=62"}],"version-history":[{"count":4,"href":"https:\/\/web.umons.ac.be\/energie\/wp-json\/wp\/v2\/pages\/62\/revisions"}],"predecessor-version":[{"id":220,"href":"https:\/\/web.umons.ac.be\/energie\/wp-json\/wp\/v2\/pages\/62\/revisions\/220"}],"wp:attachment":[{"href":"https:\/\/web.umons.ac.be\/energie\/wp-json\/wp\/v2\/media?parent=62"}],"curies":[{"name":"wp","href":"https:\/\/api.w.org\/{rel}","templated":true}]}}