{"id":65,"date":"2017-07-17T17:33:39","date_gmt":"2017-07-17T15:33:39","guid":{"rendered":"https:\/\/web.umons.ac.be\/energie\/?page_id=65"},"modified":"2023-08-21T13:36:23","modified_gmt":"2023-08-21T11:36:23","slug":"membres","status":"publish","type":"page","link":"https:\/\/web.umons.ac.be\/energie\/fr\/membres\/","title":{"rendered":"Membres"},"content":{"rendered":"<h6><span style=\"color: #00abcc;\"><strong>Pr\u00e9sident de l\u2019Institut \u2013<\/strong>\u00a0Prof. Marc Fr\u00e8re<\/span><\/h6>\n<h2>Services membres effectifs de l&rsquo;Institut de Recherche :<\/h2>\n<table style=\"width: 90.249662%; height: 6176px;\" width=\"579\">\n<tbody>\n<tr style=\"height: 692px;\">\n<td style=\"height: 692px;\" width=\"466\"><strong>G\u00e9nie des Proc\u00e9d\u00e9s chimiques et biochimiques<\/strong><\/p>\n<ul>\n<li style=\"font-weight: 400;\">BARATE Jean-Louis<\/li>\n<li style=\"font-weight: 400;\">BERNAERT Olivier<\/li>\n<li style=\"font-weight: 400;\">BROHEZ Sylvain<\/li>\n<li style=\"font-weight: 400;\">BRUNEAU Valentin<\/li>\n<li style=\"font-weight: 400;\">CHENOY Louise<\/li>\n<li style=\"font-weight: 400;\">CORNIL Nathael<\/li>\n<li style=\"font-weight: 400;\">DELAUNOIS Michel<\/li>\n<li style=\"font-weight: 400;\">DELVOSALLE Christian<\/li>\n<li style=\"font-weight: 400;\">DJETTENE Rania<\/li>\n<li style=\"font-weight: 400;\">DUBOIS Lionel<\/li>\n<li style=\"font-weight: 400;\">HANTSON Anne-Lise<\/li>\n<li style=\"font-weight: 400;\">LESTRADE Thierry<\/li>\n<li style=\"font-weight: 400;\">LEWILLION Estelle<\/li>\n<li style=\"font-weight: 400;\">LHEUREUX Christophe<\/li>\n<li style=\"font-weight: 400;\">MICHEL Paul-Charles<\/li>\n<li style=\"font-weight: 400;\">MUSY Valentin<\/li>\n<li style=\"font-weight: 400;\">NOUVELLE Nathalie<\/li>\n<li style=\"font-weight: 400;\">PRINCE Lo\u00efc<\/li>\n<li style=\"font-weight: 400;\">RAQUEZ Jean-Marie<\/li>\n<li style=\"font-weight: 400;\">THOMAS Diane<\/li>\n<li style=\"font-weight: 400;\">VERDONCK Damien<\/li>\n<li style=\"font-weight: 400;\">VINCENT Henri<\/li>\n<\/ul>\n<\/td>\n<td style=\"height: 692px;\" width=\"113\">FPMS<\/td>\n<\/tr>\n<tr style=\"height: 720px;\">\n<td style=\"height: 720px;\"><strong>G\u00e9nie Electrique<\/strong><\/p>\n<ul>\n<li style=\"font-weight: 400;\">ALLARD Julien<\/li>\n<li style=\"font-weight: 400;\">ARRIGO Adriano<\/li>\n<li style=\"font-weight: 400;\">BAKHSHIDEH ZAD Bashir<\/li>\n<li style=\"font-weight: 400;\">BOTTIEAU J\u00e9r\u00e9mie<\/li>\n<li style=\"font-weight: 400;\">BROCHE Christian<\/li>\n<li style=\"font-weight: 400;\">BURY Emmanu\u00ebl<\/li>\n<li style=\"font-weight: 400;\">DE GREVE Zacharie<\/li>\n<li style=\"font-weight: 400;\">DEBLECKER Olivier<\/li>\n<li style=\"font-weight: 400;\">DOLANYI Mihaly<\/li>\n<li style=\"font-weight: 400;\">FARAJI Jamal<\/li>\n<li style=\"font-weight: 400;\">FAVARO Pietro<\/li>\n<li style=\"font-weight: 400;\">GALVANIN Cl\u00e9lia<\/li>\n<li style=\"font-weight: 400;\">HOSSEINIQAREHTAPEH Seyyedahmad<\/li>\n<li style=\"font-weight: 400;\">KHALOIE Hooman<\/li>\n<li style=\"font-weight: 400;\">LAHAYE Thomas<\/li>\n<li style=\"font-weight: 400;\">LASO PEREZ Alberto<\/li>\n<li style=\"font-weight: 400;\">NGUYEN Thuy-Hai<\/li>\n<li style=\"font-weight: 400;\">ROSSEEL Arnaud<\/li>\n<li style=\"font-weight: 400;\">SCOHIER Martin<\/li>\n<li style=\"font-weight: 400;\">TOUBEAU Jean-Fran\u00e7ois<\/li>\n<li style=\"font-weight: 400;\">VALLEE Fran\u00e7ois<\/li>\n<li style=\"font-weight: 400;\">VATANDOUST Behzad<\/li>\n<li style=\"font-weight: 400;\">ZAMANIAN Zahra<\/li>\n<\/ul>\n<\/td>\n<td style=\"height: 720px;\">FPMs<\/td>\n<\/tr>\n<tr style=\"height: 832px;\">\n<td style=\"height: 832px;\"><strong>G\u00e9ologie fondamentale et appliqu\u00e9e<\/strong><\/p>\n<ul>\n<li style=\"font-weight: 400;\">BAELE Jean-Marc<\/li>\n<li style=\"font-weight: 400;\">CAMPEOL Quentin<\/li>\n<li style=\"font-weight: 400;\">CHRISTIAENS Louis<\/li>\n<li style=\"font-weight: 400;\">COBERT Corentin<\/li>\n<li style=\"font-weight: 400;\">CORON Joris<\/li>\n<li style=\"font-weight: 400;\">DEKENS Sim\u00e9on<\/li>\n<li style=\"font-weight: 400;\">DELABY Serge<\/li>\n<li style=\"font-weight: 400;\">DELETTER B\u00e9r\u00e9nice<\/li>\n<li style=\"font-weight: 400;\">DUPONT Nicolas<\/li>\n<li style=\"font-weight: 400;\">DUPUIS Christian<\/li>\n<li style=\"font-weight: 400;\">DURAND C\u00e9line<\/li>\n<li style=\"font-weight: 400;\">GODERNIAUX Pascal<\/li>\n<li style=\"font-weight: 400;\">HENNEBERT Michel<\/li>\n<li style=\"font-weight: 400;\">JOSEPH Kristiaan<\/li>\n<li style=\"font-weight: 400;\">KAUFMANN Olivier<\/li>\n<li style=\"font-weight: 400;\">MARTIN Thierry<\/li>\n<li style=\"font-weight: 400;\">MORTIER Thierry<\/li>\n<li style=\"font-weight: 400;\">N&rsquo;DEPO Yanick<\/li>\n<li style=\"font-weight: 400;\">PAPIER Severine<\/li>\n<li style=\"font-weight: 400;\">QUINIF Yves<\/li>\n<li style=\"font-weight: 400;\">ROBASZYNSKI Francis<\/li>\n<li style=\"font-weight: 400;\">RORIVE Alain<\/li>\n<li style=\"font-weight: 400;\">TALON Julien<\/li>\n<li style=\"font-weight: 400;\">THIEBAUT Elisa<\/li>\n<li style=\"font-weight: 400;\">TSAKIRMPALOGLOU Konstantinos<\/li>\n<li style=\"font-weight: 400;\">VANDELOIS Guillaume<\/li>\n<li style=\"font-weight: 400;\">WATLET Arnaud<\/li>\n<\/ul>\n<\/td>\n<td style=\"height: 832px;\">FPMs<\/td>\n<\/tr>\n<tr style=\"height: 216px;\">\n<td style=\"height: 216px;\"><strong>Physique des Nanomat\u00e9riaux et Energie<\/strong><\/p>\n<ul>\n<li style=\"font-weight: 400;\">BAYART Pierre<\/li>\n<li style=\"font-weight: 400;\">CONTI Giuseppina<\/li>\n<li style=\"font-weight: 400;\">LECLERE Philippe<\/li>\n<li style=\"font-weight: 400;\">NICKMILDER Pierre<\/li>\n<li style=\"font-weight: 400;\">TRAN Thi Quynh<\/li>\n<\/ul>\n<\/td>\n<td style=\"height: 216px;\">FS<\/td>\n<\/tr>\n<tr style=\"height: 216px;\">\n<td style=\"height: 216px;\"><strong>Physique G\u00e9n\u00e9rale<\/strong><\/p>\n<ul>\n<li style=\"font-weight: 400;\">BAVAY Benoit<\/li>\n<li style=\"font-weight: 400;\">COQUELET Fr\u00e9d\u00e9ric<\/li>\n<li style=\"font-weight: 400;\">LOBRY Jacques<\/li>\n<li style=\"font-weight: 400;\">MOINY Francis<\/li>\n<li style=\"font-weight: 400;\">ZOGNING Calvin<\/li>\n<\/ul>\n<\/td>\n<td style=\"height: 216px;\">FPMs<\/td>\n<\/tr>\n<tr style=\"height: 692px;\">\n<td style=\"height: 692px;\"><strong>Science des Mat\u00e9riaux <\/strong><\/p>\n<ul>\n<li style=\"font-weight: 400;\">AKBARZADEH Sajjad<\/li>\n<li style=\"font-weight: 400;\">BEFAYT Philippe<\/li>\n<li style=\"font-weight: 400;\">BERTOLUCCI COELHO Leonardo<\/li>\n<li style=\"font-weight: 400;\">BOUGARD Pascal<\/li>\n<li style=\"font-weight: 400;\">DEBLIQUY Marc<\/li>\n<li style=\"font-weight: 400;\">DECROLY Andr\u00e9<\/li>\n<li style=\"font-weight: 400;\">GONON Maurice Fran\u00e7ois<\/li>\n<li style=\"font-weight: 400;\">HOCQUET St\u00e9phane<\/li>\n<li style=\"font-weight: 400;\">KHALID Hafiza Ayesha<\/li>\n<li style=\"font-weight: 400;\">KLUMPP Rafael Emil<\/li>\n<li style=\"font-weight: 400;\">MALEKKHOUYAN Roya<\/li>\n<li style=\"font-weight: 400;\">MEGRET Alexandre<\/li>\n<li style=\"font-weight: 400;\">NGUYEN Thi Thao<\/li>\n<li style=\"font-weight: 400;\">OLIVIER Marjorie<\/li>\n<li style=\"font-weight: 400;\">PHAM Thu Thuy<\/li>\n<li style=\"font-weight: 400;\">PREUX Nicolas<\/li>\n<li style=\"font-weight: 400;\">PRINCE Lo\u00efc<\/li>\n<li style=\"font-weight: 400;\">RGUITI Mohamed<\/li>\n<li style=\"font-weight: 400;\">SATHA Soufyane<\/li>\n<li style=\"font-weight: 400;\">TOURNAY-DUFRENNE Isis<\/li>\n<li style=\"font-weight: 400;\">WU Kaidi<\/li>\n<li style=\"font-weight: 400;\">ZWEIN Oussama<\/li>\n<\/ul>\n<\/td>\n<td style=\"height: 692px;\">FPMs<\/td>\n<\/tr>\n<tr style=\"height: 692px;\">\n<td style=\"height: 692px;\"><strong>Thermique et Combustion <\/strong><\/p>\n<ul>\n<li style=\"font-weight: 400;\">BAGHERNEJAD Ali<\/li>\n<li style=\"font-weight: 400;\">BOMPAS J\u00e9r\u00e9my<\/li>\n<li style=\"font-weight: 400;\">CHARDOME Geoffroy<\/li>\n<li style=\"font-weight: 400;\">COETSIER Christophe<\/li>\n<li style=\"font-weight: 400;\">DE PAEPE Ward<\/li>\n<li style=\"font-weight: 400;\">DEMEYER Frederiek<\/li>\n<li style=\"font-weight: 400;\">DEVRIESE Cedric<\/li>\n<li style=\"font-weight: 400;\">DEWAERSEGGER Nicolas<\/li>\n<li style=\"font-weight: 400;\">FELDHEIM V\u00e9ronique<\/li>\n<li style=\"font-weight: 400;\">GAITANIS Angelos Evripidis<\/li>\n<li style=\"font-weight: 400;\">GAZDALLAH Moncef<\/li>\n<li style=\"font-weight: 400;\">LIEMANS Benoit<\/li>\n<li style=\"font-weight: 400;\">LYBAERT Paul<\/li>\n<li style=\"font-weight: 400;\">MENDOZA MORALES Maria Jose<\/li>\n<li style=\"font-weight: 400;\">PAPPA Alessio<\/li>\n<li style=\"font-weight: 400;\">PISCOPO Alessandro<\/li>\n<li style=\"font-weight: 400;\">QUINTEN Julien<\/li>\n<li style=\"font-weight: 400;\">SAVARESE Matteo<\/li>\n<li style=\"font-weight: 400;\">TENE HEDJE Patrick<\/li>\n<li style=\"font-weight: 400;\">THIELENS Vincent<\/li>\n<li style=\"font-weight: 400;\">VERHAEGHE Antoine<\/li>\n<li style=\"font-weight: 400;\">YOUSEFZAD FARROKHI Farshid<\/li>\n<\/ul>\n<\/td>\n<td style=\"height: 692px;\">FPMs<\/td>\n<\/tr>\n<tr style=\"height: 552px;\">\n<td style=\"height: 552px;\"><strong>Thermodynamique, Physique math\u00e9matiques<\/strong><\/p>\n<ul>\n<li style=\"font-weight: 400;\">BEECKMANS Michel<\/li>\n<li style=\"font-weight: 400;\">BOUGARD Jacques<\/li>\n<li style=\"font-weight: 400;\">BOVENS Eric<\/li>\n<li style=\"font-weight: 400;\">COSTA Alexis<\/li>\n<li style=\"font-weight: 400;\">COURBON Emilie<\/li>\n<li style=\"font-weight: 400;\">DE WEIRELD Guy<\/li>\n<li style=\"font-weight: 400;\">DUMONT Eric<\/li>\n<li style=\"font-weight: 400;\">DUPREZ Marie-Eve<\/li>\n<li style=\"font-weight: 400;\">FAUTREZ Matthieu<\/li>\n<li style=\"font-weight: 400;\">FRERE Marc<\/li>\n<li style=\"font-weight: 400;\">HENROTIN Arnaud<\/li>\n<li style=\"font-weight: 400;\">HEYMANS Nicolas<\/li>\n<li style=\"font-weight: 400;\">HOUZ\u00c9 Adrien<\/li>\n<li style=\"font-weight: 400;\">JUDEX Claudine<\/li>\n<li style=\"font-weight: 400;\">LAURENT Simon<\/li>\n<li style=\"font-weight: 400;\">SKRYLNYK Oleksandr<\/li>\n<li style=\"font-weight: 400;\">VIEIRA PINTO Flavia Rosana<\/li>\n<\/ul>\n<\/td>\n<td style=\"height: 552px;\">FPMs<\/td>\n<\/tr>\n<tr style=\"height: 104px;\">\n<td style=\"height: 104px;\"><strong>Economie et gestion environnementales et de la production<\/strong><\/p>\n<ul>\n<li>DE WOLF Daniel<\/li>\n<\/ul>\n<\/td>\n<td style=\"height: 104px;\">FWEG<\/td>\n<\/tr>\n<tr style=\"height: 440px;\">\n<td style=\"height: 440px;\"><strong>Fluides-Machines<\/strong><\/p>\n<ul>\n<li style=\"font-weight: 400;\">BLONDEAU Julien<\/li>\n<li style=\"font-weight: 400;\">BOURGEOIS Alban<\/li>\n<li style=\"font-weight: 400;\">BRICTEUX Laurent<\/li>\n<li style=\"font-weight: 400;\">CHODZYNSKI Kamil<\/li>\n<li style=\"font-weight: 400;\">COUSSEMENT Gr\u00e9gory<\/li>\n<li style=\"font-weight: 400;\">JIMENEZ FABIAN Ren\u00e9 Enrique<\/li>\n<li style=\"font-weight: 400;\">LEGA Adrien<\/li>\n<li style=\"font-weight: 400;\">STENDARDO Elisa<\/li>\n<li style=\"font-weight: 400;\">TESTAGUZZA Marco<\/li>\n<li style=\"font-weight: 400;\">TRIFFAUX Vincent<\/li>\n<li style=\"font-weight: 400;\">VIGNY Ulysse<\/li>\n<li style=\"font-weight: 400;\">ZAMPINI Luca<\/li>\n<li style=\"font-weight: 400;\">ZEOLI St\u00e9phanie<\/li>\n<\/ul>\n<\/td>\n<td style=\"height: 440px;\">FPMs<\/td>\n<\/tr>\n<tr style=\"height: 776px;\">\n<td style=\"height: 776px;\"><strong>Projets, Ville et Territoire <\/strong><\/p>\n<ul>\n<li style=\"font-weight: 400;\">BARBIER L\u00e9opold<\/li>\n<li style=\"font-weight: 400;\">BECUE Vincent<\/li>\n<li style=\"font-weight: 400;\">BLANCKAERT Simon<\/li>\n<li style=\"font-weight: 400;\">CAVION Aur\u00e9lie<\/li>\n<li style=\"font-weight: 400;\">CENCI Jeremy<\/li>\n<li style=\"font-weight: 400;\">CORNUT Pierre<\/li>\n<li style=\"font-weight: 400;\">COSZACH Emeline<\/li>\n<li style=\"font-weight: 400;\">DEPRETRE Adeline<\/li>\n<li style=\"font-weight: 400;\">DUPONT Nicolas<\/li>\n<li style=\"font-weight: 400;\">GILBART Alexis<\/li>\n<li style=\"font-weight: 400;\">HOLOFFE Etienne<\/li>\n<li style=\"font-weight: 400;\">HUBERT Yves<\/li>\n<li style=\"font-weight: 400;\">KOUTRA Sesil<\/li>\n<li style=\"font-weight: 400;\">LAGO No\u00e9mie<\/li>\n<li style=\"font-weight: 400;\">MAZY Kristel<\/li>\n<li style=\"font-weight: 400;\">PAIRON Marie<\/li>\n<li style=\"font-weight: 400;\">RANDOUR Lisa<\/li>\n<li style=\"font-weight: 400;\">ROMARIZ PEIXOTO Larissa<\/li>\n<li style=\"font-weight: 400;\">RUGGIERO Angela<\/li>\n<li style=\"font-weight: 400;\">SIMOENS Pascal<\/li>\n<li style=\"font-weight: 400;\">VERMEERSCH Marceline<\/li>\n<li style=\"font-weight: 400;\">VERRET Marie-Anne<\/li>\n<li style=\"font-weight: 400;\">WAROUX Thomas<\/li>\n<li style=\"font-weight: 400;\">YVIN Bruno<\/li>\n<li style=\"font-weight: 400;\">ZHANG Jiazhen<\/li>\n<\/ul>\n<\/td>\n<td style=\"height: 776px;\">FAU<\/td>\n<\/tr>\n<tr style=\"height: 244px;\">\n<td style=\"height: 244px;\"><strong>Sciences et Techniques de Construction<\/strong><\/p>\n<ul>\n<li style=\"font-weight: 400;\">ABRASSART Nathalie<\/li>\n<li style=\"font-weight: 400;\">CAPOCCIA Roberto<\/li>\n<li style=\"font-weight: 400;\">LAPLUME David<\/li>\n<li style=\"font-weight: 400;\">VANLUCHENE Fabian<\/li>\n<li style=\"font-weight: 400;\">VILAIN Lo\u00efc<\/li>\n<li style=\"font-weight: 400;\">VONA Salvatore<\/li>\n<\/ul>\n<\/td>\n<td style=\"height: 244px;\">FAU<\/td>\n<\/tr>\n<tr>\n<td><strong>Syst\u00e8mes, Estimation, Commande et Optimisation<\/strong><\/p>\n<ul>\n<li style=\"font-weight: 400;\">ARAUJO PIMENTEL Guilherme<\/li>\n<li style=\"font-weight: 400;\">BENAVIDES CASTRO Micaela<\/li>\n<li style=\"font-weight: 400;\">CAMARGO ROMANO NUNES Matheus<\/li>\n<li style=\"font-weight: 400;\">DELANSNAY Gilles<\/li>\n<li style=\"font-weight: 400;\">DEWASME Laurent<\/li>\n<li style=\"font-weight: 400;\">GARCIA TENORIO Camilo<\/li>\n<li style=\"font-weight: 400;\">MATON Maxime<\/li>\n<li style=\"font-weight: 400;\">MELENDEZ HERNANDEZ Perla Araceli<\/li>\n<li style=\"font-weight: 400;\">MOEYAERT Vincent<\/li>\n<li style=\"font-weight: 400;\">MONTEIRO PEREIRA F\u00e9lix<\/li>\n<li style=\"font-weight: 400;\">REMY Marcel<\/li>\n<li style=\"font-weight: 400;\">RENOTTE Christine<\/li>\n<li style=\"font-weight: 400;\">SANTOS NAVARRO Fernando Nobel<\/li>\n<li style=\"font-weight: 400;\">VANDE WOUWER Alain<\/li>\n<li style=\"font-weight: 400;\">ZAMANIAN Zahra<\/li>\n<li style=\"font-weight: 400;\">ZAMUDIO LARA Jesus Miguel<\/li>\n<\/ul>\n<\/td>\n<td>FPMs<\/td>\n<\/tr>\n<\/tbody>\n<\/table>\n<h5><span class=\"ms-rteCustom-TexteBleu\">M<span class=\"ms-rteCustom-Gras\">embres adh\u00e9rents \u00e0 titre personnel :<\/span><\/span><\/h5>\n<ul>\n<li style=\"font-weight: 400;\">BELJONNE David<\/li>\n<li style=\"font-weight: 400;\">CAUCHETEUR Christophe<\/li>\n<li style=\"font-weight: 400;\">CORNIL J\u00e9r\u00f4me<\/li>\n<li style=\"font-weight: 400;\">DE CONINCK Jo\u00ebl<\/li>\n<li style=\"font-weight: 400;\">DE SMET Isabelle<\/li>\n<li style=\"font-weight: 400;\">DECROLY Andr\u00e9<\/li>\n<li style=\"font-weight: 400;\">DOUHERET Olivier<\/li>\n<li style=\"font-weight: 400;\">DUALIBE Fortunato<\/li>\n<li style=\"font-weight: 400;\">DUBOIS Lionel<\/li>\n<li style=\"font-weight: 400;\">GALLAS Mohamed-Anis<\/li>\n<li style=\"font-weight: 400;\">GODART Marjorie<\/li>\n<li style=\"font-weight: 400;\">LAZZARONI Roberto<\/li>\n<li style=\"font-weight: 400;\">LEMAUR Vincent<\/li>\n<li style=\"font-weight: 400;\">MAES Bjorn<\/li>\n<li style=\"font-weight: 400;\">MEGRET Patrice<\/li>\n<li style=\"font-weight: 400;\">OLIVIER Yoann<\/li>\n<li style=\"font-weight: 400;\">POULEUR Jean-Alexandre<\/li>\n<li style=\"font-weight: 400;\">RAQUEZ Jean-Marie<\/li>\n<li style=\"font-weight: 400;\">SNYDERS Rony<\/li>\n<li style=\"font-weight: 400;\">TUYTTENS Daniel<\/li>\n<li style=\"font-weight: 400;\">VALDERRAMA SAKUYAMA Carlos Alberto<\/li>\n<li style=\"font-weight: 400;\">VAN DYCK Colin<\/li>\n<li style=\"font-weight: 400;\">WATTIER Marie-Laure<\/li>\n<li style=\"font-weight: 400;\">WATTIEZ Ruddy<\/li>\n<\/ul>\n","protected":false},"excerpt":{"rendered":"<p>Pr\u00e9sident de l\u2019Institut \u2013\u00a0Prof. Marc Fr\u00e8re Services membres effectifs de l&rsquo;Institut de Recherche : G\u00e9nie des Proc\u00e9d\u00e9s chimiques et biochimiques BARATE Jean-Louis BERNAERT Olivier BROHEZ Sylvain BRUNEAU Valentin CHENOY Louise CORNIL Nathael DELAUNOIS Michel DELVOSALLE Christian DJETTENE Rania DUBOIS Lionel HANTSON Anne-Lise LESTRADE Thierry LEWILLION Estelle LHEUREUX Christophe MICHEL Paul-Charles MUSY Valentin NOUVELLE Nathalie PRINCE [&hellip;]<\/p>\n","protected":false},"author":2,"featured_media":0,"parent":0,"menu_order":0,"comment_status":"closed","ping_status":"closed","template":"","meta":{"footnotes":""},"class_list":["post-65","page","type-page","status-publish","hentry"],"yoast_head":"<!-- This site is optimized with the Yoast SEO plugin v27.2 - https:\/\/yoast.com\/product\/yoast-seo-wordpress\/ -->\n<title>Membres - Institut \/ \u00c9nergie<\/title>\n<meta name=\"robots\" content=\"index, follow, max-snippet:-1, max-image-preview:large, max-video-preview:-1\" \/>\n<link rel=\"canonical\" href=\"https:\/\/web.umons.ac.be\/energie\/fr\/membres\/\" \/>\n<meta property=\"og:locale\" content=\"fr_FR\" \/>\n<meta property=\"og:type\" content=\"article\" \/>\n<meta property=\"og:title\" content=\"Membres - Institut \/ \u00c9nergie\" \/>\n<meta property=\"og:description\" content=\"Pr\u00e9sident de l\u2019Institut \u2013\u00a0Prof. Marc Fr\u00e8re Services membres effectifs de l&rsquo;Institut de Recherche : G\u00e9nie des Proc\u00e9d\u00e9s chimiques et biochimiques BARATE Jean-Louis BERNAERT Olivier BROHEZ Sylvain BRUNEAU Valentin CHENOY Louise CORNIL Nathael DELAUNOIS Michel DELVOSALLE Christian DJETTENE Rania DUBOIS Lionel HANTSON Anne-Lise LESTRADE Thierry LEWILLION Estelle LHEUREUX Christophe MICHEL Paul-Charles MUSY Valentin NOUVELLE Nathalie PRINCE [&hellip;]\" \/>\n<meta property=\"og:url\" content=\"https:\/\/web.umons.ac.be\/energie\/fr\/membres\/\" \/>\n<meta property=\"og:site_name\" content=\"Institut \/ \u00c9nergie\" \/>\n<meta property=\"article:modified_time\" content=\"2023-08-21T11:36:23+00:00\" \/>\n<meta name=\"twitter:card\" content=\"summary_large_image\" \/>\n<meta name=\"twitter:label1\" content=\"Dur\u00e9e de lecture estim\u00e9e\" \/>\n\t<meta name=\"twitter:data1\" content=\"3 minutes\" \/>\n<script type=\"application\/ld+json\" class=\"yoast-schema-graph\">{\"@context\":\"https:\/\/schema.org\",\"@graph\":[{\"@type\":\"WebPage\",\"@id\":\"https:\/\/web.umons.ac.be\/energie\/fr\/membres\/\",\"url\":\"https:\/\/web.umons.ac.be\/energie\/fr\/membres\/\",\"name\":\"Membres - Institut \/ \u00c9nergie\",\"isPartOf\":{\"@id\":\"https:\/\/web.umons.ac.be\/energie\/#website\"},\"datePublished\":\"2017-07-17T15:33:39+00:00\",\"dateModified\":\"2023-08-21T11:36:23+00:00\",\"breadcrumb\":{\"@id\":\"https:\/\/web.umons.ac.be\/energie\/fr\/membres\/#breadcrumb\"},\"inLanguage\":\"fr-FR\",\"potentialAction\":[{\"@type\":\"ReadAction\",\"target\":[\"https:\/\/web.umons.ac.be\/energie\/fr\/membres\/\"]}]},{\"@type\":\"BreadcrumbList\",\"@id\":\"https:\/\/web.umons.ac.be\/energie\/fr\/membres\/#breadcrumb\",\"itemListElement\":[{\"@type\":\"ListItem\",\"position\":1,\"name\":\"Accueil\",\"item\":\"https:\/\/web.umons.ac.be\/energie\/fr\/\"},{\"@type\":\"ListItem\",\"position\":2,\"name\":\"Membres\"}]},{\"@type\":\"WebSite\",\"@id\":\"https:\/\/web.umons.ac.be\/energie\/#website\",\"url\":\"https:\/\/web.umons.ac.be\/energie\/\",\"name\":\"Institut \/ \u00c9nergie\",\"description\":\"Un site utilisant Universit\u00e9 de Mons \u2013 UMONS\",\"potentialAction\":[{\"@type\":\"SearchAction\",\"target\":{\"@type\":\"EntryPoint\",\"urlTemplate\":\"https:\/\/web.umons.ac.be\/energie\/?s={search_term_string}\"},\"query-input\":{\"@type\":\"PropertyValueSpecification\",\"valueRequired\":true,\"valueName\":\"search_term_string\"}}],\"inLanguage\":\"fr-FR\"}]}<\/script>\n<!-- \/ Yoast SEO plugin. -->","yoast_head_json":{"title":"Membres - Institut \/ \u00c9nergie","robots":{"index":"index","follow":"follow","max-snippet":"max-snippet:-1","max-image-preview":"max-image-preview:large","max-video-preview":"max-video-preview:-1"},"canonical":"https:\/\/web.umons.ac.be\/energie\/fr\/membres\/","og_locale":"fr_FR","og_type":"article","og_title":"Membres - Institut \/ \u00c9nergie","og_description":"Pr\u00e9sident de l\u2019Institut \u2013\u00a0Prof. Marc Fr\u00e8re Services membres effectifs de l&rsquo;Institut de Recherche : G\u00e9nie des Proc\u00e9d\u00e9s chimiques et biochimiques BARATE Jean-Louis BERNAERT Olivier BROHEZ Sylvain BRUNEAU Valentin CHENOY Louise CORNIL Nathael DELAUNOIS Michel DELVOSALLE Christian DJETTENE Rania DUBOIS Lionel HANTSON Anne-Lise LESTRADE Thierry LEWILLION Estelle LHEUREUX Christophe MICHEL Paul-Charles MUSY Valentin NOUVELLE Nathalie PRINCE [&hellip;]","og_url":"https:\/\/web.umons.ac.be\/energie\/fr\/membres\/","og_site_name":"Institut \/ \u00c9nergie","article_modified_time":"2023-08-21T11:36:23+00:00","twitter_card":"summary_large_image","twitter_misc":{"Dur\u00e9e de lecture estim\u00e9e":"3 minutes"},"schema":{"@context":"https:\/\/schema.org","@graph":[{"@type":"WebPage","@id":"https:\/\/web.umons.ac.be\/energie\/fr\/membres\/","url":"https:\/\/web.umons.ac.be\/energie\/fr\/membres\/","name":"Membres - Institut \/ \u00c9nergie","isPartOf":{"@id":"https:\/\/web.umons.ac.be\/energie\/#website"},"datePublished":"2017-07-17T15:33:39+00:00","dateModified":"2023-08-21T11:36:23+00:00","breadcrumb":{"@id":"https:\/\/web.umons.ac.be\/energie\/fr\/membres\/#breadcrumb"},"inLanguage":"fr-FR","potentialAction":[{"@type":"ReadAction","target":["https:\/\/web.umons.ac.be\/energie\/fr\/membres\/"]}]},{"@type":"BreadcrumbList","@id":"https:\/\/web.umons.ac.be\/energie\/fr\/membres\/#breadcrumb","itemListElement":[{"@type":"ListItem","position":1,"name":"Accueil","item":"https:\/\/web.umons.ac.be\/energie\/fr\/"},{"@type":"ListItem","position":2,"name":"Membres"}]},{"@type":"WebSite","@id":"https:\/\/web.umons.ac.be\/energie\/#website","url":"https:\/\/web.umons.ac.be\/energie\/","name":"Institut \/ \u00c9nergie","description":"Un site utilisant Universit\u00e9 de Mons \u2013 UMONS","potentialAction":[{"@type":"SearchAction","target":{"@type":"EntryPoint","urlTemplate":"https:\/\/web.umons.ac.be\/energie\/?s={search_term_string}"},"query-input":{"@type":"PropertyValueSpecification","valueRequired":true,"valueName":"search_term_string"}}],"inLanguage":"fr-FR"}]}},"lang":"fr","translations":{"fr":65,"en":126},"pll_sync_post":[],"_links":{"self":[{"href":"https:\/\/web.umons.ac.be\/energie\/wp-json\/wp\/v2\/pages\/65","targetHints":{"allow":["GET"]}}],"collection":[{"href":"https:\/\/web.umons.ac.be\/energie\/wp-json\/wp\/v2\/pages"}],"about":[{"href":"https:\/\/web.umons.ac.be\/energie\/wp-json\/wp\/v2\/types\/page"}],"author":[{"embeddable":true,"href":"https:\/\/web.umons.ac.be\/energie\/wp-json\/wp\/v2\/users\/2"}],"replies":[{"embeddable":true,"href":"https:\/\/web.umons.ac.be\/energie\/wp-json\/wp\/v2\/comments?post=65"}],"version-history":[{"count":3,"href":"https:\/\/web.umons.ac.be\/energie\/wp-json\/wp\/v2\/pages\/65\/revisions"}],"predecessor-version":[{"id":620,"href":"https:\/\/web.umons.ac.be\/energie\/wp-json\/wp\/v2\/pages\/65\/revisions\/620"}],"wp:attachment":[{"href":"https:\/\/web.umons.ac.be\/energie\/wp-json\/wp\/v2\/media?parent=65"}],"curies":[{"name":"wp","href":"https:\/\/api.w.org\/{rel}","templated":true}]}}