{"id":168,"date":"2023-06-26T14:18:06","date_gmt":"2023-06-26T12:18:06","guid":{"rendered":"https:\/\/web.umons.ac.be\/esa\/?page_id=168"},"modified":"2023-11-04T12:41:08","modified_gmt":"2023-11-04T11:41:08","slug":"duroisin","status":"publish","type":"page","link":"https:\/\/web.umons.ac.be\/esa\/duroisin\/","title":{"rendered":"Prof. Dr. Natacha DUROISIN"},"content":{"rendered":"<h2><a href=\"https:\/\/web.umons.ac.be\/app\/uploads\/sites\/42\/2019\/11\/Natacha-Duroisin.png\"><img loading=\"lazy\" decoding=\"async\" class=\"alignleft size-thumbnail wp-image-97\" src=\"https:\/\/web.umons.ac.be\/app\/uploads\/sites\/42\/2019\/11\/Natacha-Duroisin-150x150.png\" alt=\"\" width=\"150\" height=\"150\" \/><\/a><span style=\"color: #029687;\"><span style=\"color: #78b4b2;\">Dr. Prof.<\/span> <\/span><span style=\"color: #78b4b2;\"><strong>Natacha DUROISIN<\/strong><\/span><\/h2>\n<p>Chef du service d&rsquo;Education et des Sciences de l&rsquo;Apprentissage (EDUSA) \u00e0 l&rsquo;Universit\u00e9 de Mons (UMONS)<\/p>\n<p>Charg\u00e9 de cours et Docteur en Sciences psychologiques et de l\u2019Education<br \/>\nT\u00e9l\u00e9phone: + 32 (0)65 37 32 71<br \/>\n<a href=\"mailto:Natacha.duroisin@umons.ac.be\">Natacha.duroisin@umons.ac.be<\/a><\/p>\n<p><a href=\"https:\/\/www.linkedin.com\/in\/natacha-duroisin-28178334\/?locale=en_US\" target=\"_blank\" rel=\"noopener noreferrer\"><img loading=\"lazy\" decoding=\"async\" class=\"alignleft wp-image-111 size-full\" title=\"Linkedin\" src=\"https:\/\/web.umons.ac.be\/app\/uploads\/sites\/42\/2020\/01\/linkedin-80x80.png\" alt=\"\" width=\"80\" height=\"80\" \/><\/a><a href=\"https:\/\/www.edusa.be\/\" target=\"_blank\" rel=\"noopener noreferrer\"><img loading=\"lazy\" decoding=\"async\" class=\"alignleft wp-image-113\" title=\"https:\/\/www.capte.be\/\" src=\"https:\/\/web.umons.ac.be\/app\/uploads\/sites\/42\/2020\/01\/icone-site-web-externe-150x150.png\" alt=\"\" width=\"80\" height=\"80\" \/><\/a><a href=\"http:\/\/staff.umons.ac.be\/natacha.duroisin\/pubsfr.html\" target=\"_blank\" rel=\"noopener noreferrer\"><img loading=\"lazy\" decoding=\"async\" class=\"alignleft wp-image-109 size-full\" title=\"Liste des publications de Natacha Duroisin (DI de l'UMONS)\" src=\"https:\/\/web.umons.ac.be\/app\/uploads\/sites\/42\/2020\/01\/publication-80x80.png\" alt=\"\" width=\"80\" height=\"80\" \/><\/a><a href=\"https:\/\/www.researchgate.net\/profile\/Natacha_Duroisin\" target=\"_blank\" rel=\"noopener noreferrer\"><img loading=\"lazy\" decoding=\"async\" class=\"alignleft wp-image-112\" title=\"Researchgate\" src=\"https:\/\/web.umons.ac.be\/app\/uploads\/sites\/42\/2020\/01\/researchgate-60x58.png\" alt=\"\" width=\"80\" height=\"77\" \/><\/a><a href=\"https:\/\/hal.archives-ouvertes.fr\/search\/index?qa%5Bauth_t%5D%5B%5D=duroisin&amp;qa%5Btext%5D%5B%5D=&amp;submit_advanced=Rechercher&amp;rows=30\" target=\"_blank\" rel=\"noopener noreferrer\"><img loading=\"lazy\" decoding=\"async\" class=\"alignleft wp-image-110\" title=\"Publications ins\u00e9r\u00e9es dans CNRS-HAL\" src=\"https:\/\/web.umons.ac.be\/app\/uploads\/sites\/42\/2020\/01\/hal-150x150.png\" alt=\"\" width=\"80\" height=\"80\" \/><\/a><\/p>\n<p>&nbsp;<\/p>\n<p>&nbsp;<\/p>\n<p>&nbsp;<\/p>\n<hr \/>\n<h2>En bref<\/h2>\n<p>Natacha Duroisin dirige le service d&rsquo;Education et des Sciences de l&rsquo;Apprentissage (<a href=\"http:\/\/www.EDUSA.be\">www.EDUSA.be<\/a>), est charg\u00e9e de cours \u00e0 l\u2019Universit\u00e9 de Mons (Ecole de Formation des Enseignants\/UMONS) et chercheure associ\u00e9e \u00e0 l\u2019Universit\u00e9 de Lille (PSITEC).<\/p>\n<p>Situ\u00e9s \u00e0 mi-chemin entre les sciences de l\u2019\u00e9ducation, les psychologies (neuro)cognitive\/d\u00e9veloppementale et les didactiques, ses travaux de recherche portent sur la <a href=\"https:\/\/sharepoint1.umons.ac.be\/fr\/universite\/facultes\/fpse\/serviceseetr\/methodo\/recherches\/recherches_en_cours\/pages\/etudedufonctionnementcognitif.aspx\" target=\"_blank\" rel=\"noopener noreferrer\">compr\u00e9hension du fonctionnement (neuro)cognitif des apprenants lorsque ceux-ci sont impliqu\u00e9s dans des apprentissages scolaires (notamment en math\u00e9matiques, g\u00e9ographie, sciences)<\/a>.<\/p>\n<p>Natacha coordonne \u00e9galement des recherches men\u00e9es dans le cadre des travaux du Pacte pour un enseignement d&rsquo;excellence (r\u00e9forme de l&rsquo;enseignement obligatoire en Belgique) et est impliqu\u00e9e dans la mise en oeuvre de la r\u00e9forme de la formation initiale des enseignants en F\u00e9d\u00e9ration Wallonie-Bruxelles avec les Haute-Ecoles partenaires (HEH Tournai\/Mons ; HEPH Condorcet Mons\/Marcinelle\/Morlanwelz ; HEAJ Namur).<\/p>\n<h2>Th\u00e9matiques de recherche\/Domaines de sp\u00e9cialisation<\/h2>\n<ul>\n<li>Psychologie des apprentissages scolaires<\/li>\n<li>Enseignement-apprentissage au maternel\/primaire\/secondaire<\/li>\n<li>Formation des enseignants<\/li>\n<li>\u00c9valuation des apprentissages<\/li>\n<li>Psychologie cognitivo-d\u00e9veloppementale<\/li>\n<li>Apprentissages spatiaux<\/li>\n<li>G\u00e9ographie\/Math\u00e9matiques\/Sciences\/Disciplines d\u2019\u00e9veil<\/li>\n<li>Bien-\u00eatre en enseignement<\/li>\n<\/ul>\n<h2>Son parcours<\/h2>\n<p>Titulaire d\u2019un Doctorat en Sciences psychologiques et de l&rsquo;Education, d\u2019un Master en Sciences de l\u2019\u00e9ducation et d&rsquo;un Bachelier en Sciences Humaines, elle a int\u00e9gr\u00e9 l\u2019Ecole de Formation des Enseignants depuis septembre 2019.<\/p>\n<p>Depuis octobre 2010, Natacha Duroisin \u00e9tait chercheure \u00e0 l\u2019Institut d\u2019Administration Scolaire (INAS) sous la direction du Professeur Marc Demeuse. En octobre 2011, elle avait d\u00e9but\u00e9 un mandat en tant qu\u2019Aspirante F.R.S. &#8211; FNRS (financement du Fonds National de la Recherche Scientifique belge). Soutenue le\u00a0 28 avril 2015 \u00e0 l\u2019Universit\u00e9 de Mons, sa th\u00e8se est intitul\u00e9e \u00ab\u00a0<a href=\"https:\/\/hal.archives-ouvertes.fr\/tel-01152392\" target=\"_blank\" rel=\"noopener noreferrer\">Quelle place pour les apprentissages spatiaux \u00e0 l&rsquo;\u00e9cole? Etude exp\u00e9rimentale du d\u00e9veloppement des comp\u00e9tences spatiales des \u00e9l\u00e8ves \u00e2g\u00e9s de 6 \u00e0 15 ans<\/a>\u00ab\u00a0. Un\u00a0<a href=\"http:\/\/didageo.blogspot.be\/2017\/08\/apprentissages-spatiaux-lecole.html\" target=\"_blank\" rel=\"noopener noreferrer\">r\u00e9sum\u00e9 de sa th\u00e8se\u00a0<\/a>a \u00e9t\u00e9 r\u00e9alis\u00e9 par Christine Vergnolle Mainar , Professeur des universit\u00e9s \u00e0 l\u2019Universit\u00e9 de Toulouse Jean Jaur\u00e8s.<\/p>\n<p>Suite \u00e0 la r\u00e9alisation de sa th\u00e8se, elle a effectu\u00e9 un stage post-doctoral \u00e0 la facult\u00e9 de m\u00e9decine \u00e0 McGill University (Canada, Montr\u00e9al) (Prof. Bohbot). Elle a ensuite r\u00e9alis\u00e9 deux autres stages postdoctoraux au Centre de Recherche Interuniversitaire sur la Formation et la Profession Enseignante (CRIFPE) \u00e0 l&rsquo;Universit\u00e9 de Montr\u00e9al (Canada) et dans le laboratoire PSITEC \u00e0 l\u2019Universit\u00e9 de Lille 3 (France) (Prof. Y. Courbois). Elle est ensuite devenue <a href=\"https:\/\/psitec.univ-lille3.fr\/presentation\/membres\/membres-associes\/duroisin-n\/\" target=\"_blank\" rel=\"noopener noreferrer\">chercheure associ\u00e9e\u00a0<\/a>dans ce laboratoire et charg\u00e9e de cours \u00e0 l\u2019UFR de Psychologie (elle donne des cours th\u00e9oriques dans les UE D\u00e9veloppement, des s\u00e9minaires de recherches et intervient notamment dans l\u2019UE \u00ab Option de sp\u00e9cialisation Interventions Educatives et Sociales \u00bb).<\/p>\n<p>\u00c0 l\u2019Universit\u00e9 de Mons, elle est responsable de l\u2019Unit\u00e9 d\u2019Enseignement \u00ab Approche de l&rsquo;adolescent en contexte \u00e9ducatif, vie scolaire et gestion de groupes \u00bb (Agr\u00e9gation de l&rsquo;enseignement secondaire sup\u00e9rieur en sciences psychologiques et de l&rsquo;\u00e9ducation, MSFE et CAPAES), donne les cours de \u00ab Approche du jeune adulte et de l\u2019adulte en contexte \u00e9ducatif \u00bb (CAPAES\/MSFE) et de \u00ab Didactique des sciences \u00bb (cours de Master). Elle dispense \u00e9galement des cours de \u00ab\u00a0Psychologie des apprentissages scolaires\u00a0\u00bb et de \u00ab\u00a0Neuro\u00e9ducation\u00a0\u00bb (troisi\u00e8me ann\u00e9e de bachelier en psychologie). Elle supervise des TFE\/M\u00e9moires entrepris par des \u00e9tudiants inscrits dans diff\u00e9rentes facult\u00e9s de l&rsquo;UMONS et encadre des stagiaires. Natacha Duroisin dirige \u00e9galement les th\u00e8ses de Romain Beauset (Aspirant FRS-FNRS), M\u00e9lanie Seha, Denis Bertieaux, Hel\u00e8ne Dagnelie et Val\u00e9rie Museur.<\/p>\n<p>Depuis 2016, Natacha Duroisin dirige plusieurs projets de recherches (financements nationaux et internationaux).<\/p>\n<ul style=\"list-style-type: square;\">\n<li>Coordination du Consortium \u00ab Math\u00e9matiques-Sciences-G\u00e9o physique \u00bb mis en oeuvre dans le cadre du Pacte pour un enseignement d\u2019excellence. Le r\u00f4le de ce Consortium est, d\u2019une part, d\u2019identifier et d\u2019analyser un certain nombre de dispositifs d\u2019enseignement-apprentissage en math\u00e9matiques, sciences et g\u00e9ographie et, d\u2019autre part, d\u2019\u00e9tudier la mise en \u0153uvre de certains de ces dispositifs dans les classes apr\u00e8s qu\u2019ils aient fait l\u2019objet d\u2019adaptations particuli\u00e8res.<\/li>\n<li>Projet \u00ab Diff\u00e9renciation et accompagnement personnalis\u00e9 \u00bb mis en place dans le cadre des travaux du Pacte pour un enseignement d\u2019excellence. Ce projet vise \u00e0 accompagner les enseignants pour mettre au point des pratiques de diff\u00e9renciation au premier degr\u00e9 de l\u2019enseignement secondaire. Deux axes sont travaill\u00e9s : le premier s\u2019int\u00e9resse aux pratiques de diff\u00e9renciation \u00e0 mettre en place en classe dans les cours de math\u00e9matiques et de sciences et le second s\u2019int\u00e9resse aux pratiques de diff\u00e9renciation \u00e0 mettre en place lors de p\u00e9riodes sp\u00e9cifiques appel\u00e9es \u00ab Accompagnement personnalis\u00e9 \u00bb. <a href=\"https:\/\/www.edusa.be\/projet-differenciation-et-accompagnement-personnalise\/\">Cliquez ici pour plus d&rsquo;infos<\/a>.<\/li>\n<li>Projet \u00ab\u00a0Diff\u00e9renciActions dans l&rsquo;enseignement qualifiant\u00a0\u00bb;<\/li>\n<li>Projet \u00ab\u00a0\u00c9tude du capital psychologique et de ses impacts sur l\u2019identit\u00e9 professionnelle d\u2019enseignants du Qu\u00e9bec et de la F\u00e9d\u00e9ration Wallonie-\u00adBruxelles pour favoriser leur bien\u00eatre en enseignement\u00a0\u00bb men\u00e9 en partenariat avec l&rsquo;Universit\u00e9 du Qu\u00e9bec \u00e0 Trois-Rivi\u00e8res et financ\u00e9 par le Gouvernement canadien. Cette recherche se focalise sur le bien-\u00eatre des \u00e9quipes \u00e9ducatives afin d\u2019offrir des \u00e9l\u00e9ments de r\u00e9ponse \u00e0 la probl\u00e9matique du changement pr\u00e9coce de carri\u00e8re des enseignants en F\u00e9d\u00e9ration Wallonie-Bruxelles et au Qu\u00e9bec. <a href=\"https:\/\/www.edusa.be\/recherches-sur-le-bien-etre-en-enseignement\/\">Cliquez ici pour plus d&rsquo;infos<\/a>.<\/li>\n<li>Projet UNICEF portant sur l\u2019\u00e9ducation aux droits de l\u2019enfant et \u00e0 la citoyennet\u00e9 mondiale et solidaire aupr\u00e8s et pour les jeunes enfants \u00e2g\u00e9s de 2,5 \u00e0 6 ans. Le service EDUSA et UNICEF Belgique ont travailler \u00e0 l\u2019\u00e9laboration d\u2019un outil de mesure de la connaissance des droits de l\u2019enfant et \u00e0 la conception d\u2019une base de r\u00e9f\u00e9rence de la connaissance des droits de l\u2019enfant chez les enfants entre 2,5 et 6 ans en Belgique francophone et n\u00e9erlandophone. <a href=\"https:\/\/www.edusa.be\/recherche-unicef-education-aux-droits-de-lenfant-petite-enfance\/\">Cliquez ici pour plus d&rsquo;infos<\/a>.<\/li>\n<li>D&rsquo;autres projets sont \u00e9galement en cours&#8230; <a href=\"https:\/\/www.edusa.be\/nouvel-onglet-recherche\/\">Cliquez ici pour plus d&rsquo;infos<\/a>.<\/li>\n<\/ul>\n<p>Natacha Duroisin est Vice-Pr\u00e9sidente de la <a href=\"http:\/\/www.fegepro.be\/\" target=\"_blank\" rel=\"noopener noreferrer\">FEGEPRO<\/a> (F\u00e9d\u00e9ration des Professeurs de G\u00e9ographie de Belgique francophone), membre du Conseil d&rsquo;Administration et du Conseil scientifique de <a href=\"https:\/\/kaleidi.be\/\">Kaleidi<\/a>, membre du Conseil d\u2019Administration de l\u2019ADMEE-Europe (D\u00e9l\u00e9gu\u00e9e nationale belge de l\u2019Association pour le D\u00e9veloppement de M\u00e9thodologie d\u2019Evaluation en Education), membre du comit\u00e9 \u00e9ditorial de la <a href=\"http:\/\/revues.uqac.ca\/index.php\/rhe\/about\/editorialTeam\" target=\"_blank\" rel=\"noopener noreferrer\">revue hybride de l\u2019\u00e9ducation<\/a> et membre du comit\u00e9 scientifique de plusieurs colloques internationaux. Elle est \u00e9galement \u00e9valuatrice pour plusieurs revues scientifiques et experte pour l&rsquo;approbation des r\u00e9f\u00e9rentiels et programmes d&rsquo;\u00e9tudes en Belgique (CDRP), pour plusieurs projets (i.e. <a href=\"https:\/\/les-savanturiers.cri-paris.org\/\" target=\"_blank\" rel=\"noopener noreferrer\">Les Savanturiers<\/a>) ou encore pour l\u2019Agence Nationale de la Recherche (ANR).<\/p>\n<p>Par ailleurs, depuis 2007, ses enseignements et recherches int\u00e8grent les technologies de l\u2019information et de la communication en \u00e9ducation (TICE). En 2009, sous la supervision du Professeur Karsenti, elle \u00e9tait assistante de recherche \u00e0 l\u2019Universit\u00e9 de Montr\u00e9al. Ses recherches portaient sur l\u2019int\u00e9gration de technologies dans les classes et leurs effets sur les apprentissages (utilisation du tableau blanc interactif pour les cours de math\u00e9matiques, utilisation du portfolio \u00e9lectronique pour l\u2019enseignement du fran\u00e7ais, vid\u00e9os de pratiques\u2026). Depuis 2011, Natacha Duroisin utilise \u00e9galement la r\u00e9alit\u00e9 virtuelle coupl\u00e9e aux dispositifs d\u2019eye tracking et aux possibilit\u00e9s offertes par des interfaces comportementales diff\u00e9rentes (d\u00e9placements simul\u00e9s par usage exclusif du casque virtuel, joystick\u2026).<\/p>\n<hr \/>\n<p>&nbsp;<\/p>\n","protected":false},"excerpt":{"rendered":"<p>Dr. Prof. Natacha DUROISIN Chef du service d&rsquo;Education et des Sciences de l&rsquo;Apprentissage (EDUSA) \u00e0 l&rsquo;Universit\u00e9 de Mons (UMONS) Charg\u00e9 de cours et Docteur en Sciences psychologiques et de l\u2019Education T\u00e9l\u00e9phone: + 32 (0)65 37 32 71 Natacha.duroisin@umons.ac.be &nbsp; &nbsp; &nbsp; En bref Natacha Duroisin dirige le service d&rsquo;Education et des Sciences de l&rsquo;Apprentissage (www.EDUSA.be), [&hellip;]<\/p>\n","protected":false},"author":4,"featured_media":0,"parent":0,"menu_order":0,"comment_status":"closed","ping_status":"closed","template":"","meta":{"footnotes":""},"class_list":["post-168","page","type-page","status-publish","hentry"],"yoast_head":"<!-- This site is optimized with the Yoast SEO plugin v27.2 - https:\/\/yoast.com\/product\/yoast-seo-wordpress\/ -->\n<title>Prof. Dr. Natacha DUROISIN - Service \/ EFE - Education et Sciences de l\u2019Apprentissage<\/title>\n<meta name=\"robots\" content=\"index, follow, max-snippet:-1, max-image-preview:large, max-video-preview:-1\" \/>\n<link rel=\"canonical\" href=\"https:\/\/web.umons.ac.be\/esa\/duroisin\/\" \/>\n<meta property=\"og:locale\" content=\"fr_FR\" \/>\n<meta property=\"og:type\" content=\"article\" \/>\n<meta property=\"og:title\" content=\"Prof. Dr. Natacha DUROISIN - Service \/ EFE - Education et Sciences de l\u2019Apprentissage\" \/>\n<meta property=\"og:description\" content=\"Dr. Prof. Natacha DUROISIN Chef du service d&rsquo;Education et des Sciences de l&rsquo;Apprentissage (EDUSA) \u00e0 l&rsquo;Universit\u00e9 de Mons (UMONS) Charg\u00e9 de cours et Docteur en Sciences psychologiques et de l\u2019Education T\u00e9l\u00e9phone: + 32 (0)65 37 32 71 Natacha.duroisin@umons.ac.be &nbsp; &nbsp; &nbsp; En bref Natacha Duroisin dirige le service d&rsquo;Education et des Sciences de l&rsquo;Apprentissage (www.EDUSA.be), [&hellip;]\" \/>\n<meta property=\"og:url\" content=\"https:\/\/web.umons.ac.be\/esa\/duroisin\/\" \/>\n<meta property=\"og:site_name\" content=\"Service \/ EFE - Education et Sciences de l\u2019Apprentissage\" \/>\n<meta property=\"article:modified_time\" content=\"2023-11-04T11:41:08+00:00\" \/>\n<meta name=\"twitter:card\" content=\"summary_large_image\" \/>\n<meta name=\"twitter:label1\" content=\"Dur\u00e9e de lecture estim\u00e9e\" \/>\n\t<meta name=\"twitter:data1\" content=\"7 minutes\" \/>\n<script type=\"application\/ld+json\" class=\"yoast-schema-graph\">{\"@context\":\"https:\/\/schema.org\",\"@graph\":[{\"@type\":\"WebPage\",\"@id\":\"https:\/\/web.umons.ac.be\/esa\/duroisin\/\",\"url\":\"https:\/\/web.umons.ac.be\/esa\/duroisin\/\",\"name\":\"Prof. Dr. Natacha DUROISIN - Service \/ EFE - Education et Sciences de l\u2019Apprentissage\",\"isPartOf\":{\"@id\":\"https:\/\/web.umons.ac.be\/esa\/#website\"},\"primaryImageOfPage\":{\"@id\":\"https:\/\/web.umons.ac.be\/esa\/duroisin\/#primaryimage\"},\"image\":{\"@id\":\"https:\/\/web.umons.ac.be\/esa\/duroisin\/#primaryimage\"},\"thumbnailUrl\":\"https:\/\/web.umons.ac.be\/app\/uploads\/sites\/42\/2019\/11\/Natacha-Duroisin-150x150.png\",\"datePublished\":\"2023-06-26T12:18:06+00:00\",\"dateModified\":\"2023-11-04T11:41:08+00:00\",\"breadcrumb\":{\"@id\":\"https:\/\/web.umons.ac.be\/esa\/duroisin\/#breadcrumb\"},\"inLanguage\":\"fr-FR\",\"potentialAction\":[{\"@type\":\"ReadAction\",\"target\":[\"https:\/\/web.umons.ac.be\/esa\/duroisin\/\"]}]},{\"@type\":\"ImageObject\",\"inLanguage\":\"fr-FR\",\"@id\":\"https:\/\/web.umons.ac.be\/esa\/duroisin\/#primaryimage\",\"url\":\"https:\/\/web.umons.ac.be\/app\/uploads\/sites\/42\/2019\/11\/Natacha-Duroisin-150x150.png\",\"contentUrl\":\"https:\/\/web.umons.ac.be\/app\/uploads\/sites\/42\/2019\/11\/Natacha-Duroisin-150x150.png\"},{\"@type\":\"BreadcrumbList\",\"@id\":\"https:\/\/web.umons.ac.be\/esa\/duroisin\/#breadcrumb\",\"itemListElement\":[{\"@type\":\"ListItem\",\"position\":1,\"name\":\"Home\",\"item\":\"https:\/\/web.umons.ac.be\/esa\/\"},{\"@type\":\"ListItem\",\"position\":2,\"name\":\"Prof. Dr. Natacha DUROISIN\"}]},{\"@type\":\"WebSite\",\"@id\":\"https:\/\/web.umons.ac.be\/esa\/#website\",\"url\":\"https:\/\/web.umons.ac.be\/esa\/\",\"name\":\"Service \/ EFE - Education et Sciences de l\u2019Apprentissage\",\"description\":\"\",\"potentialAction\":[{\"@type\":\"SearchAction\",\"target\":{\"@type\":\"EntryPoint\",\"urlTemplate\":\"https:\/\/web.umons.ac.be\/esa\/?s={search_term_string}\"},\"query-input\":{\"@type\":\"PropertyValueSpecification\",\"valueRequired\":true,\"valueName\":\"search_term_string\"}}],\"inLanguage\":\"fr-FR\"}]}<\/script>\n<!-- \/ Yoast SEO plugin. -->","yoast_head_json":{"title":"Prof. Dr. Natacha DUROISIN - Service \/ EFE - Education et Sciences de l\u2019Apprentissage","robots":{"index":"index","follow":"follow","max-snippet":"max-snippet:-1","max-image-preview":"max-image-preview:large","max-video-preview":"max-video-preview:-1"},"canonical":"https:\/\/web.umons.ac.be\/esa\/duroisin\/","og_locale":"fr_FR","og_type":"article","og_title":"Prof. Dr. Natacha DUROISIN - Service \/ EFE - Education et Sciences de l\u2019Apprentissage","og_description":"Dr. Prof. Natacha DUROISIN Chef du service d&rsquo;Education et des Sciences de l&rsquo;Apprentissage (EDUSA) \u00e0 l&rsquo;Universit\u00e9 de Mons (UMONS) Charg\u00e9 de cours et Docteur en Sciences psychologiques et de l\u2019Education T\u00e9l\u00e9phone: + 32 (0)65 37 32 71 Natacha.duroisin@umons.ac.be &nbsp; &nbsp; &nbsp; En bref Natacha Duroisin dirige le service d&rsquo;Education et des Sciences de l&rsquo;Apprentissage (www.EDUSA.be), [&hellip;]","og_url":"https:\/\/web.umons.ac.be\/esa\/duroisin\/","og_site_name":"Service \/ EFE - Education et Sciences de l\u2019Apprentissage","article_modified_time":"2023-11-04T11:41:08+00:00","twitter_card":"summary_large_image","twitter_misc":{"Dur\u00e9e de lecture estim\u00e9e":"7 minutes"},"schema":{"@context":"https:\/\/schema.org","@graph":[{"@type":"WebPage","@id":"https:\/\/web.umons.ac.be\/esa\/duroisin\/","url":"https:\/\/web.umons.ac.be\/esa\/duroisin\/","name":"Prof. Dr. Natacha DUROISIN - Service \/ EFE - Education et Sciences de l\u2019Apprentissage","isPartOf":{"@id":"https:\/\/web.umons.ac.be\/esa\/#website"},"primaryImageOfPage":{"@id":"https:\/\/web.umons.ac.be\/esa\/duroisin\/#primaryimage"},"image":{"@id":"https:\/\/web.umons.ac.be\/esa\/duroisin\/#primaryimage"},"thumbnailUrl":"https:\/\/web.umons.ac.be\/app\/uploads\/sites\/42\/2019\/11\/Natacha-Duroisin-150x150.png","datePublished":"2023-06-26T12:18:06+00:00","dateModified":"2023-11-04T11:41:08+00:00","breadcrumb":{"@id":"https:\/\/web.umons.ac.be\/esa\/duroisin\/#breadcrumb"},"inLanguage":"fr-FR","potentialAction":[{"@type":"ReadAction","target":["https:\/\/web.umons.ac.be\/esa\/duroisin\/"]}]},{"@type":"ImageObject","inLanguage":"fr-FR","@id":"https:\/\/web.umons.ac.be\/esa\/duroisin\/#primaryimage","url":"https:\/\/web.umons.ac.be\/app\/uploads\/sites\/42\/2019\/11\/Natacha-Duroisin-150x150.png","contentUrl":"https:\/\/web.umons.ac.be\/app\/uploads\/sites\/42\/2019\/11\/Natacha-Duroisin-150x150.png"},{"@type":"BreadcrumbList","@id":"https:\/\/web.umons.ac.be\/esa\/duroisin\/#breadcrumb","itemListElement":[{"@type":"ListItem","position":1,"name":"Home","item":"https:\/\/web.umons.ac.be\/esa\/"},{"@type":"ListItem","position":2,"name":"Prof. Dr. Natacha DUROISIN"}]},{"@type":"WebSite","@id":"https:\/\/web.umons.ac.be\/esa\/#website","url":"https:\/\/web.umons.ac.be\/esa\/","name":"Service \/ EFE - Education et Sciences de l\u2019Apprentissage","description":"","potentialAction":[{"@type":"SearchAction","target":{"@type":"EntryPoint","urlTemplate":"https:\/\/web.umons.ac.be\/esa\/?s={search_term_string}"},"query-input":{"@type":"PropertyValueSpecification","valueRequired":true,"valueName":"search_term_string"}}],"inLanguage":"fr-FR"}]}},"lang":"fr","translations":{"fr":168},"pll_sync_post":[],"_links":{"self":[{"href":"https:\/\/web.umons.ac.be\/esa\/wp-json\/wp\/v2\/pages\/168","targetHints":{"allow":["GET"]}}],"collection":[{"href":"https:\/\/web.umons.ac.be\/esa\/wp-json\/wp\/v2\/pages"}],"about":[{"href":"https:\/\/web.umons.ac.be\/esa\/wp-json\/wp\/v2\/types\/page"}],"author":[{"embeddable":true,"href":"https:\/\/web.umons.ac.be\/esa\/wp-json\/wp\/v2\/users\/4"}],"replies":[{"embeddable":true,"href":"https:\/\/web.umons.ac.be\/esa\/wp-json\/wp\/v2\/comments?post=168"}],"version-history":[{"count":3,"href":"https:\/\/web.umons.ac.be\/esa\/wp-json\/wp\/v2\/pages\/168\/revisions"}],"predecessor-version":[{"id":207,"href":"https:\/\/web.umons.ac.be\/esa\/wp-json\/wp\/v2\/pages\/168\/revisions\/207"}],"wp:attachment":[{"href":"https:\/\/web.umons.ac.be\/esa\/wp-json\/wp\/v2\/media?parent=168"}],"curies":[{"name":"wp","href":"https:\/\/api.w.org\/{rel}","templated":true}]}}