{"id":213,"date":"2023-11-06T10:14:48","date_gmt":"2023-11-06T09:14:48","guid":{"rendered":"https:\/\/web.umons.ac.be\/esa\/?page_id=213"},"modified":"2023-11-06T10:28:14","modified_gmt":"2023-11-06T09:28:14","slug":"romain-beauset","status":"publish","type":"page","link":"https:\/\/web.umons.ac.be\/esa\/romain-beauset\/","title":{"rendered":"Romain BEAUSET"},"content":{"rendered":"<h2><span style=\"color: #78b4b2;\"><strong><img loading=\"lazy\" decoding=\"async\" class=\" wp-image-219 alignleft\" src=\"https:\/\/web.umons.ac.be\/app\/uploads\/sites\/169\/2023\/11\/thumbnail_affiche_equipe_romain_v3-1-210x300.jpg\" alt=\"\" width=\"88\" height=\"126\" \/>Romain BEAUSET<\/strong><\/span><\/h2>\n<p><span class=\"TextRun Highlight SCXW135587941 BCX8\" lang=\"FR-BE\" xml:lang=\"FR-BE\" data-contrast=\"none\"><span class=\"NormalTextRun SCXW135587941 BCX8\">Aspirant FRS-FNRS (doctorant)<\/span><\/span> dans le service d&rsquo;Education et des Sciences de l&rsquo;Apprentissage (EDUSA) \u00e0 l&rsquo;Universit\u00e9 de Mons (UMONS)<\/p>\n<p><a class=\"Hyperlink SCXW201539159 BCX8\" href=\"mailto:romain.beauset@umons.ac.be\" target=\"_blank\" rel=\"noreferrer noopener\"><span class=\"TextRun Highlight Underlined SCXW201539159 BCX8\" lang=\"EN-GB\" xml:lang=\"EN-GB\" data-contrast=\"none\"><span class=\"NormalTextRun SCXW201539159 BCX8\" data-ccp-charstyle=\"Hyperlink\">romain.beauset@umons.ac.be<\/span><\/span><\/a><\/p>\n<p><a href=\"https:\/\/www.linkedin.com\/in\/romain-beauset-85066b1a4\" target=\"_blank\" rel=\"noopener noreferrer\"><img loading=\"lazy\" decoding=\"async\" class=\"alignleft wp-image-111 size-full\" title=\"Linkedin\" src=\"https:\/\/web.umons.ac.be\/app\/uploads\/sites\/42\/2020\/01\/linkedin-80x80.png\" alt=\"\" width=\"80\" height=\"80\" \/><\/a><a href=\"https:\/\/www.edusa.be\/\" target=\"_blank\" rel=\"noopener noreferrer\"><img loading=\"lazy\" decoding=\"async\" class=\"alignleft wp-image-113\" title=\"https:\/\/www.capte.be\/\" src=\"https:\/\/web.umons.ac.be\/app\/uploads\/sites\/42\/2020\/01\/icone-site-web-externe-150x150.png\" alt=\"\" width=\"80\" height=\"80\" \/><\/a><a href=\"https:\/\/staff.umons.ac.be\/Romain.BEAUSET\/pubsfr.html\" target=\"_blank\" rel=\"noopener noreferrer\"><img loading=\"lazy\" decoding=\"async\" class=\"alignleft wp-image-109 size-full\" title=\"Liste des publications de Natacha Duroisin (DI de l'UMONS)\" src=\"https:\/\/web.umons.ac.be\/app\/uploads\/sites\/42\/2020\/01\/publication-80x80.png\" alt=\"\" width=\"80\" height=\"80\" \/><\/a><a href=\"https:\/\/web.umons.ac.be\/esa\/wp-includes\/js\/tinymce\/Service \/ EFE - Service Education et Sciences de l\u2019Apprentissage\/www.researchgate.net\/profile\/Romain-Beauset-2\" target=\"_blank\" rel=\"noopener noreferrer\"><img loading=\"lazy\" decoding=\"async\" class=\"alignleft wp-image-112\" title=\"Researchgate\" src=\"https:\/\/web.umons.ac.be\/app\/uploads\/sites\/42\/2020\/01\/researchgate-60x58.png\" alt=\"\" width=\"80\" height=\"77\" \/><\/a><\/p>\n<p>&nbsp;<\/p>\n<p>&nbsp;<\/p>\n<p>&nbsp;<\/p>\n<hr \/>\n<h2>En bref<\/h2>\n<p><span data-contrast=\"none\">Beauset Romain est doctorant sous mandat Aspirant FNRS -dans le service d\u2019Education et des Sciences de l\u2019Apprentissage (EDUSA) \u00e0 l\u2019Ecole de Formation des Enseignants de l\u2019Universit\u00e9 de Mons. Depuis octobre 2020, il r\u00e9alise une th\u00e8se dans le domaine de la psychologie des apprentissages men\u00e9e dans une perspective cognitivo-d\u00e9veloppementale. Ce <\/span><a href=\"https:\/\/www.edusa.be\/voir-dans-lespace-en-geometrie-etude-experimentale-de-lacquisition-de-lhabilete-spatiale-relative-au-passage-de-la-2d-a-la-3d-aupres-des-enfants-et-adolescents-ages-de-6-a\/\"><span data-contrast=\"none\">travail de recherche<\/span><\/a><span data-contrast=\"none\"> porte sur l\u2019\u00e9tude des habilet\u00e9s spatiales de perception de la 3D et de visualisation spatiale chez les enfants et adolescents et investigue notamment l\u2019usage des environnements virtuels au travers d\u2019exp\u00e9rimentations \u00e0 large \u00e9chelle. Il prend appui sur le postulat selon lequel la compr\u00e9hension du fonctionnement cognitif des \u00e9l\u00e8ves peut permettre de guider les pratiques enseignantes, en l\u2019occurrence ici pour l\u2019enseignement-apprentissage de la g\u00e9om\u00e9trie tridimensionnelle.<\/span><span data-ccp-props=\"{&quot;134233117&quot;:false,&quot;134233118&quot;:false,&quot;201341983&quot;:0,&quot;335551550&quot;:6,&quot;335551620&quot;:6,&quot;335559738&quot;:0,&quot;335559739&quot;:0,&quot;335559740&quot;:240}\">\u00a0<\/span><\/p>\n<p><span data-contrast=\"none\">Romain participe \u00e9galement \u00e0 diff\u00e9rentes recherches men\u00e9es au sein du service EDUSA portant sur l\u2019observation des pratiques et conceptions des (futurs) enseignants. Ainsi, il a pu participer \u00e0 la r\u00e9alisation de diff\u00e9rentes enqu\u00eates \u00e0 large \u00e9chelle men\u00e9es sur diff\u00e9rentes th\u00e9matiques (pratiques et conceptions \u00e0 l\u2019\u00e9gard de l\u2019enseignement-apprentissage de la g\u00e9om\u00e9trie, pratiques en temps de pand\u00e9mie et post-pand\u00e9mie, pratiques de diff\u00e9renciation et d\u2019\u00e9valuation,\u2026)<\/span><span data-ccp-props=\"{&quot;134233117&quot;:false,&quot;134233118&quot;:false,&quot;201341983&quot;:0,&quot;335551550&quot;:6,&quot;335551620&quot;:6,&quot;335559738&quot;:0,&quot;335559739&quot;:0,&quot;335559740&quot;:240}\">\u00a0<\/span><\/p>\n<p><span data-contrast=\"none\">Il intervient ponctuellement dans le cadre de certains cours (psychologie des apprentissages scolaires, didactique des disciplines scolaires) et participe \u00e9galement \u00e0 l\u2019encadrement de stage et de travaux de fin d\u2019\u00e9tude notamment dans le cadre du Master en Sciences de l\u2019Education et dans le cadre de la formation d\u2019enseignants ou de formateurs d\u2019enseignants.<\/span><\/p>\n<h2>Th\u00e9matiques de recherche\/Domaines de sp\u00e9cialisation<\/h2>\n<ul>\n<li data-leveltext=\"\uf0b7\" data-font=\"Symbol\" data-listid=\"1\" data-list-defn-props=\"{&quot;335552541&quot;:1,&quot;335559684&quot;:-2,&quot;335559685&quot;:720,&quot;335559991&quot;:360,&quot;469769226&quot;:&quot;Symbol&quot;,&quot;469769242&quot;:[8226],&quot;469777803&quot;:&quot;left&quot;,&quot;469777804&quot;:&quot;\uf0b7&quot;,&quot;469777815&quot;:&quot;multilevel&quot;}\" aria-setsize=\"-1\" data-aria-posinset=\"1\" data-aria-level=\"1\"><span data-contrast=\"none\">Psychologie des apprentissages scolaires<\/span><span data-ccp-props=\"{&quot;201341983&quot;:0,&quot;335559685&quot;:960,&quot;335559739&quot;:0,&quot;335559740&quot;:240}\">\u00a0<\/span><\/li>\n<li data-leveltext=\"\uf0b7\" data-font=\"Symbol\" data-listid=\"1\" data-list-defn-props=\"{&quot;335552541&quot;:1,&quot;335559684&quot;:-2,&quot;335559685&quot;:720,&quot;335559991&quot;:360,&quot;469769226&quot;:&quot;Symbol&quot;,&quot;469769242&quot;:[8226],&quot;469777803&quot;:&quot;left&quot;,&quot;469777804&quot;:&quot;\uf0b7&quot;,&quot;469777815&quot;:&quot;multilevel&quot;}\" aria-setsize=\"-1\" data-aria-posinset=\"2\" data-aria-level=\"1\"><span data-contrast=\"none\">Psychologie cognitivo-d\u00e9veloppementale<\/span><span data-ccp-props=\"{&quot;201341983&quot;:0,&quot;335559685&quot;:960,&quot;335559738&quot;:75,&quot;335559739&quot;:0,&quot;335559740&quot;:240}\">\u00a0<\/span><\/li>\n<li data-leveltext=\"\uf0b7\" data-font=\"Symbol\" data-listid=\"1\" data-list-defn-props=\"{&quot;335552541&quot;:1,&quot;335559684&quot;:-2,&quot;335559685&quot;:720,&quot;335559991&quot;:360,&quot;469769226&quot;:&quot;Symbol&quot;,&quot;469769242&quot;:[8226],&quot;469777803&quot;:&quot;left&quot;,&quot;469777804&quot;:&quot;\uf0b7&quot;,&quot;469777815&quot;:&quot;multilevel&quot;}\" aria-setsize=\"-1\" data-aria-posinset=\"3\" data-aria-level=\"1\"><span data-contrast=\"none\">Apprentissages spatiaux<\/span><span data-ccp-props=\"{&quot;201341983&quot;:0,&quot;335559685&quot;:960,&quot;335559738&quot;:75,&quot;335559739&quot;:0,&quot;335559740&quot;:240}\">\u00a0<\/span><\/li>\n<li data-leveltext=\"\uf0b7\" data-font=\"Symbol\" data-listid=\"1\" data-list-defn-props=\"{&quot;335552541&quot;:1,&quot;335559684&quot;:-2,&quot;335559685&quot;:720,&quot;335559991&quot;:360,&quot;469769226&quot;:&quot;Symbol&quot;,&quot;469769242&quot;:[8226],&quot;469777803&quot;:&quot;left&quot;,&quot;469777804&quot;:&quot;\uf0b7&quot;,&quot;469777815&quot;:&quot;multilevel&quot;}\" aria-setsize=\"-1\" data-aria-posinset=\"4\" data-aria-level=\"1\"><span data-contrast=\"none\">Enseignement-apprentissage des math\u00e9matiques et de la g\u00e9om\u00e9trie\u00a0<\/span><span data-ccp-props=\"{&quot;201341983&quot;:0,&quot;335559685&quot;:960,&quot;335559738&quot;:75,&quot;335559739&quot;:0,&quot;335559740&quot;:240}\">\u00a0<\/span><\/li>\n<li data-leveltext=\"\uf0b7\" data-font=\"Symbol\" data-listid=\"1\" data-list-defn-props=\"{&quot;335552541&quot;:1,&quot;335559684&quot;:-2,&quot;335559685&quot;:720,&quot;335559991&quot;:360,&quot;469769226&quot;:&quot;Symbol&quot;,&quot;469769242&quot;:[8226],&quot;469777803&quot;:&quot;left&quot;,&quot;469777804&quot;:&quot;\uf0b7&quot;,&quot;469777815&quot;:&quot;multilevel&quot;}\" aria-setsize=\"-1\" data-aria-posinset=\"5\" data-aria-level=\"1\"><span data-contrast=\"none\">\u00c9valuation des apprentissages<\/span><span data-ccp-props=\"{&quot;201341983&quot;:0,&quot;335559685&quot;:960,&quot;335559738&quot;:75,&quot;335559739&quot;:0,&quot;335559740&quot;:240}\">\u00a0<\/span><\/li>\n<li data-leveltext=\"\uf0b7\" data-font=\"Symbol\" data-listid=\"1\" data-list-defn-props=\"{&quot;335552541&quot;:1,&quot;335559684&quot;:-2,&quot;335559685&quot;:720,&quot;335559991&quot;:360,&quot;469769226&quot;:&quot;Symbol&quot;,&quot;469769242&quot;:[8226],&quot;469777803&quot;:&quot;left&quot;,&quot;469777804&quot;:&quot;\uf0b7&quot;,&quot;469777815&quot;:&quot;multilevel&quot;}\" aria-setsize=\"-1\" data-aria-posinset=\"6\" data-aria-level=\"1\"><span data-contrast=\"none\">Diff\u00e9renciation des apprentissages<\/span><\/li>\n<\/ul>\n<h2>Son parcours<\/h2>\n<p><span data-contrast=\"none\">Titulaire d\u2019un bachelier AESI math\u00e9matiques (2016) et d\u2019un Master en Sciences de l\u2019Education \u00e0 finalit\u00e9 enseignement et apprentissages scolaires (2019). Son travail de m\u00e9moire, r\u00e9alis\u00e9 \u00e9galement sous l\u2019encadrement de Natacha Duroisin, consistait \u00e0 la mise en place d\u2019une recherche collaborative dont l\u2019ambition \u00e9tait l\u2019\u00e9laboration et la validation d\u2019un dispositif \u00e0 destination de la fin de l\u2019enseignement primaire d\u00e9veloppant la visualisation en g\u00e9om\u00e9trie plane.<\/span><span data-ccp-props=\"{&quot;201341983&quot;:0,&quot;335559739&quot;:0,&quot;335559740&quot;:240}\">\u00a0<\/span><\/p>\n<p><span data-contrast=\"none\">Il a int\u00e9gr\u00e9 l\u2019Institut d\u2019Administration scolaire en mars 2018 pour poursuivre des travaux initi\u00e9s dans le cadre de son stage de Master I, consacr\u00e9s \u00e0 l\u2019identification et \u00e0 la validation de dispositifs et d\u2019outils d\u2019enseignement-apprentissage en g\u00e9ographie, math\u00e9matiques et sciences.\u00a0<\/span><span data-ccp-props=\"{&quot;201341983&quot;:0,&quot;335559739&quot;:0,&quot;335559740&quot;:240}\">\u00a0<\/span><\/p>\n<p><span data-contrast=\"none\">En 2019-2020, il a poursuivi cette recherche. Il a \u00e9galement particip\u00e9, en tant qu\u2019assistant de recherche, \u00e0 l\u2019exp\u00e9rience pilote \u00ab\u202fDiff\u00e9renciation et accompagnement personnalis\u00e9\u202f\u00bb dont l\u2019objectif \u00e9tait l\u2019accompagnement d\u2019\u00e9quipes enseignantes de math\u00e9matiques du premier degr\u00e9 secondaire dans la mise en \u0153uvre de pratiques de diff\u00e9renciation permettant de d\u00e9construire des obstacles d\u2019apprentissage.<\/span><span data-ccp-props=\"{&quot;201341983&quot;:0,&quot;335559739&quot;:0,&quot;335559740&quot;:240}\">\u00a0<\/span><\/p>\n<p><span data-contrast=\"none\">En octobre 2020, il a entam\u00e9 son travail de th\u00e8se sous la direction de Natacha Duroisin et de Marc Demeuse gr\u00e2ce \u00e0 un financement Aspirant FRS-FNRS.<\/span><\/p>\n<div class=\"css-517\">\n<div class=\"css-516\">\n<div class=\"css-520\">\n<div class=\"ms-TooltipHost root-550\" role=\"none\"><\/div>\n<\/div>\n<div class=\"css-520\">\n<div class=\"ms-TooltipHost root-550\" role=\"none\"><\/div>\n<\/div>\n<\/div>\n<\/div>\n<div class=\"css-498\">\n<div class=\"css-499\">\n<div id=\"renderableItemList_4_1152926226\" class=\"css-506\" role=\"group\">\n<div id=\"postRoot_4_1152926226\" class=\"css-574\" tabindex=\"0\" role=\"comment\" aria-label=\"Commentaire de Romain BEAUSET le 5 novembre 2023 \u00e0 10:22\" aria-describedby=\"postEditor_4_1152926226\" aria-selected=\"false\" aria-level=\"2\">\n<div class=\"css-573\">\n<div class=\"css-577\">\n<div id=\"editorRoot_postEditor_4_1152926226\" class=\"css-583\">\n<div id=\"editorFocusContainer_postEditor_4_1152926226\" class=\"css-120\">\n<div id=\"postEditor_4_1152926226\" class=\"ql-editor\" contenteditable=\"false\" data-gramm=\"false\"><\/div>\n<\/div>\n<\/div>\n<\/div>\n<\/div>\n<\/div>\n<\/div>\n<\/div>\n<\/div>\n","protected":false},"excerpt":{"rendered":"<p>Romain BEAUSET Aspirant FRS-FNRS (doctorant) dans le service d&rsquo;Education et des Sciences de l&rsquo;Apprentissage (EDUSA) \u00e0 l&rsquo;Universit\u00e9 de Mons (UMONS) romain.beauset@umons.ac.be &nbsp; &nbsp; &nbsp; En bref Beauset Romain est doctorant sous mandat Aspirant FNRS -dans le service d\u2019Education et des Sciences de l\u2019Apprentissage (EDUSA) \u00e0 l\u2019Ecole de Formation des Enseignants de l\u2019Universit\u00e9 de Mons. Depuis [&hellip;]<\/p>\n","protected":false},"author":206,"featured_media":0,"parent":0,"menu_order":0,"comment_status":"closed","ping_status":"closed","template":"","meta":{"footnotes":""},"class_list":["post-213","page","type-page","status-publish","hentry"],"yoast_head":"<!-- This site is optimized with the Yoast SEO plugin v27.2 - https:\/\/yoast.com\/product\/yoast-seo-wordpress\/ -->\n<title>Romain BEAUSET - Service \/ EFE - Education et Sciences de l\u2019Apprentissage<\/title>\n<meta name=\"robots\" content=\"index, follow, max-snippet:-1, max-image-preview:large, max-video-preview:-1\" \/>\n<link rel=\"canonical\" href=\"https:\/\/web.umons.ac.be\/esa\/romain-beauset\/\" \/>\n<meta property=\"og:locale\" content=\"fr_FR\" \/>\n<meta property=\"og:type\" content=\"article\" \/>\n<meta property=\"og:title\" content=\"Romain BEAUSET - Service \/ EFE - Education et Sciences de l\u2019Apprentissage\" \/>\n<meta property=\"og:description\" content=\"Romain BEAUSET Aspirant FRS-FNRS (doctorant) dans le service d&rsquo;Education et des Sciences de l&rsquo;Apprentissage (EDUSA) \u00e0 l&rsquo;Universit\u00e9 de Mons (UMONS) romain.beauset@umons.ac.be &nbsp; &nbsp; &nbsp; En bref Beauset Romain est doctorant sous mandat Aspirant FNRS -dans le service d\u2019Education et des Sciences de l\u2019Apprentissage (EDUSA) \u00e0 l\u2019Ecole de Formation des Enseignants de l\u2019Universit\u00e9 de Mons. Depuis [&hellip;]\" \/>\n<meta property=\"og:url\" content=\"https:\/\/web.umons.ac.be\/esa\/romain-beauset\/\" \/>\n<meta property=\"og:site_name\" content=\"Service \/ EFE - Education et Sciences de l\u2019Apprentissage\" \/>\n<meta property=\"article:modified_time\" content=\"2023-11-06T09:28:14+00:00\" \/>\n<meta name=\"twitter:card\" content=\"summary_large_image\" \/>\n<meta name=\"twitter:label1\" content=\"Dur\u00e9e de lecture estim\u00e9e\" \/>\n\t<meta name=\"twitter:data1\" content=\"3 minutes\" \/>\n<script type=\"application\/ld+json\" class=\"yoast-schema-graph\">{\"@context\":\"https:\/\/schema.org\",\"@graph\":[{\"@type\":\"WebPage\",\"@id\":\"https:\/\/web.umons.ac.be\/esa\/romain-beauset\/\",\"url\":\"https:\/\/web.umons.ac.be\/esa\/romain-beauset\/\",\"name\":\"Romain BEAUSET - Service \/ EFE - Education et Sciences de l\u2019Apprentissage\",\"isPartOf\":{\"@id\":\"https:\/\/web.umons.ac.be\/esa\/#website\"},\"primaryImageOfPage\":{\"@id\":\"https:\/\/web.umons.ac.be\/esa\/romain-beauset\/#primaryimage\"},\"image\":{\"@id\":\"https:\/\/web.umons.ac.be\/esa\/romain-beauset\/#primaryimage\"},\"thumbnailUrl\":\"https:\/\/web.umons.ac.be\/app\/uploads\/sites\/169\/2023\/11\/thumbnail_affiche_equipe_romain_v3-1-210x300.jpg\",\"datePublished\":\"2023-11-06T09:14:48+00:00\",\"dateModified\":\"2023-11-06T09:28:14+00:00\",\"breadcrumb\":{\"@id\":\"https:\/\/web.umons.ac.be\/esa\/romain-beauset\/#breadcrumb\"},\"inLanguage\":\"fr-FR\",\"potentialAction\":[{\"@type\":\"ReadAction\",\"target\":[\"https:\/\/web.umons.ac.be\/esa\/romain-beauset\/\"]}]},{\"@type\":\"ImageObject\",\"inLanguage\":\"fr-FR\",\"@id\":\"https:\/\/web.umons.ac.be\/esa\/romain-beauset\/#primaryimage\",\"url\":\"https:\/\/web.umons.ac.be\/app\/uploads\/sites\/169\/2023\/11\/thumbnail_affiche_equipe_romain_v3-1-210x300.jpg\",\"contentUrl\":\"https:\/\/web.umons.ac.be\/app\/uploads\/sites\/169\/2023\/11\/thumbnail_affiche_equipe_romain_v3-1-210x300.jpg\"},{\"@type\":\"BreadcrumbList\",\"@id\":\"https:\/\/web.umons.ac.be\/esa\/romain-beauset\/#breadcrumb\",\"itemListElement\":[{\"@type\":\"ListItem\",\"position\":1,\"name\":\"Home\",\"item\":\"https:\/\/web.umons.ac.be\/esa\/\"},{\"@type\":\"ListItem\",\"position\":2,\"name\":\"Romain BEAUSET\"}]},{\"@type\":\"WebSite\",\"@id\":\"https:\/\/web.umons.ac.be\/esa\/#website\",\"url\":\"https:\/\/web.umons.ac.be\/esa\/\",\"name\":\"Service \/ EFE - Education et Sciences de l\u2019Apprentissage\",\"description\":\"\",\"potentialAction\":[{\"@type\":\"SearchAction\",\"target\":{\"@type\":\"EntryPoint\",\"urlTemplate\":\"https:\/\/web.umons.ac.be\/esa\/?s={search_term_string}\"},\"query-input\":{\"@type\":\"PropertyValueSpecification\",\"valueRequired\":true,\"valueName\":\"search_term_string\"}}],\"inLanguage\":\"fr-FR\"}]}<\/script>\n<!-- \/ Yoast SEO plugin. -->","yoast_head_json":{"title":"Romain BEAUSET - Service \/ EFE - Education et Sciences de l\u2019Apprentissage","robots":{"index":"index","follow":"follow","max-snippet":"max-snippet:-1","max-image-preview":"max-image-preview:large","max-video-preview":"max-video-preview:-1"},"canonical":"https:\/\/web.umons.ac.be\/esa\/romain-beauset\/","og_locale":"fr_FR","og_type":"article","og_title":"Romain BEAUSET - Service \/ EFE - Education et Sciences de l\u2019Apprentissage","og_description":"Romain BEAUSET Aspirant FRS-FNRS (doctorant) dans le service d&rsquo;Education et des Sciences de l&rsquo;Apprentissage (EDUSA) \u00e0 l&rsquo;Universit\u00e9 de Mons (UMONS) romain.beauset@umons.ac.be &nbsp; &nbsp; &nbsp; En bref Beauset Romain est doctorant sous mandat Aspirant FNRS -dans le service d\u2019Education et des Sciences de l\u2019Apprentissage (EDUSA) \u00e0 l\u2019Ecole de Formation des Enseignants de l\u2019Universit\u00e9 de Mons. Depuis [&hellip;]","og_url":"https:\/\/web.umons.ac.be\/esa\/romain-beauset\/","og_site_name":"Service \/ EFE - Education et Sciences de l\u2019Apprentissage","article_modified_time":"2023-11-06T09:28:14+00:00","twitter_card":"summary_large_image","twitter_misc":{"Dur\u00e9e de lecture estim\u00e9e":"3 minutes"},"schema":{"@context":"https:\/\/schema.org","@graph":[{"@type":"WebPage","@id":"https:\/\/web.umons.ac.be\/esa\/romain-beauset\/","url":"https:\/\/web.umons.ac.be\/esa\/romain-beauset\/","name":"Romain BEAUSET - Service \/ EFE - Education et Sciences de l\u2019Apprentissage","isPartOf":{"@id":"https:\/\/web.umons.ac.be\/esa\/#website"},"primaryImageOfPage":{"@id":"https:\/\/web.umons.ac.be\/esa\/romain-beauset\/#primaryimage"},"image":{"@id":"https:\/\/web.umons.ac.be\/esa\/romain-beauset\/#primaryimage"},"thumbnailUrl":"https:\/\/web.umons.ac.be\/app\/uploads\/sites\/169\/2023\/11\/thumbnail_affiche_equipe_romain_v3-1-210x300.jpg","datePublished":"2023-11-06T09:14:48+00:00","dateModified":"2023-11-06T09:28:14+00:00","breadcrumb":{"@id":"https:\/\/web.umons.ac.be\/esa\/romain-beauset\/#breadcrumb"},"inLanguage":"fr-FR","potentialAction":[{"@type":"ReadAction","target":["https:\/\/web.umons.ac.be\/esa\/romain-beauset\/"]}]},{"@type":"ImageObject","inLanguage":"fr-FR","@id":"https:\/\/web.umons.ac.be\/esa\/romain-beauset\/#primaryimage","url":"https:\/\/web.umons.ac.be\/app\/uploads\/sites\/169\/2023\/11\/thumbnail_affiche_equipe_romain_v3-1-210x300.jpg","contentUrl":"https:\/\/web.umons.ac.be\/app\/uploads\/sites\/169\/2023\/11\/thumbnail_affiche_equipe_romain_v3-1-210x300.jpg"},{"@type":"BreadcrumbList","@id":"https:\/\/web.umons.ac.be\/esa\/romain-beauset\/#breadcrumb","itemListElement":[{"@type":"ListItem","position":1,"name":"Home","item":"https:\/\/web.umons.ac.be\/esa\/"},{"@type":"ListItem","position":2,"name":"Romain BEAUSET"}]},{"@type":"WebSite","@id":"https:\/\/web.umons.ac.be\/esa\/#website","url":"https:\/\/web.umons.ac.be\/esa\/","name":"Service \/ EFE - Education et Sciences de l\u2019Apprentissage","description":"","potentialAction":[{"@type":"SearchAction","target":{"@type":"EntryPoint","urlTemplate":"https:\/\/web.umons.ac.be\/esa\/?s={search_term_string}"},"query-input":{"@type":"PropertyValueSpecification","valueRequired":true,"valueName":"search_term_string"}}],"inLanguage":"fr-FR"}]}},"lang":"fr","translations":{"fr":213},"pll_sync_post":[],"_links":{"self":[{"href":"https:\/\/web.umons.ac.be\/esa\/wp-json\/wp\/v2\/pages\/213","targetHints":{"allow":["GET"]}}],"collection":[{"href":"https:\/\/web.umons.ac.be\/esa\/wp-json\/wp\/v2\/pages"}],"about":[{"href":"https:\/\/web.umons.ac.be\/esa\/wp-json\/wp\/v2\/types\/page"}],"author":[{"embeddable":true,"href":"https:\/\/web.umons.ac.be\/esa\/wp-json\/wp\/v2\/users\/206"}],"replies":[{"embeddable":true,"href":"https:\/\/web.umons.ac.be\/esa\/wp-json\/wp\/v2\/comments?post=213"}],"version-history":[{"count":3,"href":"https:\/\/web.umons.ac.be\/esa\/wp-json\/wp\/v2\/pages\/213\/revisions"}],"predecessor-version":[{"id":221,"href":"https:\/\/web.umons.ac.be\/esa\/wp-json\/wp\/v2\/pages\/213\/revisions\/221"}],"wp:attachment":[{"href":"https:\/\/web.umons.ac.be\/esa\/wp-json\/wp\/v2\/media?parent=213"}],"curies":[{"name":"wp","href":"https:\/\/api.w.org\/{rel}","templated":true}]}}