{"id":1130,"date":"2023-03-16T12:37:25","date_gmt":"2023-03-16T11:37:25","guid":{"rendered":"https:\/\/web.umons.ac.be\/eshs\/?page_id=1130"},"modified":"2025-11-20T13:43:09","modified_gmt":"2025-11-20T12:43:09","slug":"3eme-cycle-doctorat","status":"publish","type":"page","link":"https:\/\/web.umons.ac.be\/eshs\/fr\/offre-de-formations\/3eme-cycle-doctorat\/","title":{"rendered":"Doctorat"},"content":{"rendered":"<h3 data-start=\"90\" data-end=\"137\">Doctorat en Sciences politiques et sociales<\/h3>\n<p data-start=\"139\" data-end=\"369\">Le <a href=\"https:\/\/web.umons.ac.be\/eshs\/fr\/formations\/do-scposo\/\" target=\"_blank\" rel=\"noopener\"><strong data-start=\"142\" data-end=\"196\">cursus doctoral en Sciences politiques et sociales<\/strong><\/a> propos\u00e9 par l\u2019\u00c9cole des Sciences Humaines et Sociales (ESHS) est une <strong data-start=\"266\" data-end=\"306\">formation de 3\u1d49 cycle de 180 cr\u00e9dits<\/strong> conduisant \u00e0 l\u2019obtention du <strong data-start=\"335\" data-end=\"368\">grade acad\u00e9mique de docteur\u00b7e<\/strong>.<\/p>\n<p data-start=\"371\" data-end=\"393\">Ce parcours comprend :<\/p>\n<ul data-start=\"394\" data-end=\"664\">\n<li data-start=\"394\" data-end=\"424\">\n<p data-start=\"396\" data-end=\"424\">une <strong data-start=\"400\" data-end=\"423\">formation doctorale<\/strong>,<\/p>\n<\/li>\n<li data-start=\"425\" data-end=\"664\">\n<p data-start=\"427\" data-end=\"532\">des <strong data-start=\"431\" data-end=\"465\">travaux de recherche originaux<\/strong> menant \u00e0 la r\u00e9daction d\u2019une <strong data-start=\"494\" data-end=\"503\">th\u00e8se<\/strong>, qui peut prendre la forme :<\/p>\n<ul data-start=\"535\" data-end=\"664\">\n<li data-start=\"535\" data-end=\"575\">\n<p data-start=\"537\" data-end=\"575\">d\u2019une <strong data-start=\"543\" data-end=\"569\">dissertation originale<\/strong>, ou<\/p>\n<\/li>\n<li data-start=\"578\" data-end=\"664\">\n<p data-start=\"580\" data-end=\"664\">d\u2019une <strong data-start=\"586\" data-end=\"608\">th\u00e8se sur articles<\/strong> (ensemble coh\u00e9rent d\u2019articles scientifiques publi\u00e9s).<\/p>\n<\/li>\n<\/ul>\n<\/li>\n<\/ul>\n<p data-start=\"666\" data-end=\"800\">La formation s\u2019ach\u00e8ve par la <strong data-start=\"695\" data-end=\"730\">soutenance publique de la th\u00e8se<\/strong>, au terme de laquelle le\/la candidat\u00b7e obtient le titre de docteur\u00b7e.<\/p>\n<h3 data-start=\"807\" data-end=\"829\">Conditions d\u2019acc\u00e8s<\/h3>\n<p data-start=\"831\" data-end=\"918\">Pour entreprendre une th\u00e8se en Sciences politiques et sociales, le\/la candidat\u00b7e doit :<\/p>\n<ul data-start=\"919\" data-end=\"1155\">\n<li data-start=\"919\" data-end=\"990\">\n<p data-start=\"921\" data-end=\"990\">avoir obtenu <strong data-start=\"934\" data-end=\"988\">une formation universitaire d\u2019au moins 300 cr\u00e9dits<\/strong> ;<\/p>\n<\/li>\n<li data-start=\"991\" data-end=\"1155\">\n<p data-start=\"993\" data-end=\"1009\">\u00eatre titulaire :<\/p>\n<ul data-start=\"1012\" data-end=\"1155\">\n<li data-start=\"1012\" data-end=\"1081\">\n<p data-start=\"1014\" data-end=\"1081\">d\u2019un <strong data-start=\"1019\" data-end=\"1041\">Master 120 cr\u00e9dits<\/strong> dans une discipline li\u00e9e au domaine, ou<\/p>\n<\/li>\n<li data-start=\"1084\" data-end=\"1155\">\n<p data-start=\"1086\" data-end=\"1155\">d\u2019une <strong data-start=\"1092\" data-end=\"1124\">ancienne Licence et d\u2019un DEA<\/strong> (avant la r\u00e9forme de Bologne).<\/p>\n<\/li>\n<\/ul>\n<\/li>\n<\/ul>\n<p data-start=\"1157\" data-end=\"1258\">Les dipl\u00f4m\u00e9\u00b7e\u00b7s d\u2019\u00e9tablissements universitaires hors Union europ\u00e9enne sont \u00e9galement admissibles si :<\/p>\n<ul data-start=\"1259\" data-end=\"1422\">\n<li data-start=\"1259\" data-end=\"1321\">\n<p data-start=\"1261\" data-end=\"1321\">leur dipl\u00f4me donne acc\u00e8s au doctorat dans le pays concern\u00e9 ;<\/p>\n<\/li>\n<li data-start=\"1322\" data-end=\"1422\">\n<p data-start=\"1324\" data-end=\"1422\">ils\/elles ont obtenu <strong data-start=\"1345\" data-end=\"1394\">au minimum une mention de Distinction (14\/20)<\/strong> ou une mention \u00e9quivalente.<\/p>\n<\/li>\n<\/ul>\n<p data-start=\"1424\" data-end=\"1603\">Si la formation ant\u00e9rieure est jug\u00e9e insuffisante (discipline non couverte ou cr\u00e9dits manquants), <strong data-start=\"1522\" data-end=\"1574\">des compl\u00e9ments de formation peuvent \u00eatre exig\u00e9s<\/strong> par la Commission doctorale.<\/p>\n<p data-start=\"1605\" data-end=\"1805\">Chaque candidat\u00b7e est invit\u00e9\u00b7e \u00e0 <strong data-start=\"1638\" data-end=\"1696\">prendre contact avec la Commission doctorale de l\u2019ESHS<\/strong> afin de v\u00e9rifier son admissibilit\u00e9. Des informations suppl\u00e9mentaires sont disponibles dans le <strong data-start=\"1791\" data-end=\"1804\">Vademecum<\/strong>.<\/p>\n<h3 data-start=\"1812\" data-end=\"1838\">Informations pratiques<\/h3>\n<p data-start=\"1840\" data-end=\"1938\"><strong data-start=\"1840\" data-end=\"1890\">\u00c9cole des Sciences Humaines et Sociales (ESHS)<\/strong><br data-start=\"1890\" data-end=\"1893\" \/>Doctorat en Sciences politiques et sociales<\/p>\n<ul data-start=\"1939\" data-end=\"2034\">\n<li data-start=\"1939\" data-end=\"1958\">\n<p data-start=\"1941\" data-end=\"1958\"><strong data-start=\"1941\" data-end=\"1951\">Lieu :<\/strong> Mons<\/p>\n<\/li>\n<li data-start=\"1959\" data-end=\"1981\">\n<p data-start=\"1961\" data-end=\"1981\"><strong data-start=\"1961\" data-end=\"1974\">Horaire :<\/strong> Jour<\/p>\n<\/li>\n<li data-start=\"1982\" data-end=\"2008\">\n<p data-start=\"1984\" data-end=\"2008\"><strong data-start=\"1984\" data-end=\"1997\">Cr\u00e9dits :<\/strong> 180 ECTS<\/p>\n<\/li>\n<li data-start=\"2009\" data-end=\"2034\">\n<p data-start=\"2011\" data-end=\"2034\"><strong data-start=\"2011\" data-end=\"2023\">Langue :<\/strong> Fran\u00e7ais<\/p>\n<\/li>\n<\/ul>\n<article class=\"shortcode-training training-small content-block scheme-eshs\">\n<header class=\"training-small-header\"><\/header>\n<\/article>\n<start-cask-shortcode-wrapper><article class=\"shortcode-training training-small content-block scheme-eshs\">\n\t<a href=\"https:\/\/web.umons.ac.be\/eshs\/fr\/formations\/do-scposo\/\" class=\"training-link scheme-border-hover\">\n\t\t<header class=\"training-small-header\">\n\t\t\t<div class=\"training-small-entity scheme-color\">\n\t\t\t\tEcole \/ ESHS\t\t\t\t\t           \t<img decoding=\"async\" src=\"https:\/\/web.umons.ac.be\/app\/uploads\/sites\/8\/2017\/05\/ESHS.png\" class=\"training-small-entity-logo\" alt=\"Ic\u00f4ne de Ecole \/ ESHS\">\n\t        \t\t\t\t<\/div>\n\t\t\t<div class=\"training-small-degree\">\n\t\t\t\tDoctorat en\t\t\t<\/div>\n\n\t\t\t<h1 class=\"training-small-title\">Sciences politiques et sociales<\/h1>\n\n\t\t\t\t\t<\/header>\n\t\t\t\t<div class=\"training-small-content\">\n\t\t\t<div class=\"training-small-location\">\n\t\t\t\t<span class=\"icon umons-icon-pin\" aria-hidden=\"true\"><\/span>\n\t\t\t\t<span class=\"location\">Mons<\/span>\n\t\t\t<\/div>\n\n\t\t\t\t\t\t<div class=\"training-small-side-info\">\n\t\t\t\t<ul class=\"training-small-side-info-list\">\n\t\t\t\t\t\t\t\t\t\t<li>\n\t\t\t\t\t\t<div class=\"training-single-schedule\">\n\t\t\t\t\t\t\t<div class=\"label\">Horaire<\/div>\n\t\t\t\t\t\t\t<div class=\"value\">Horaire de jour<\/div>\n\t\t\t\t\t\t<\/div>\n\t\t\t\t\t<\/li>\n\t\t\t\t\t\t\t\t\t\t\t\t\t\t\t<li>\n\t\t\t\t\t\t<div class=\"training-single-credits\">\n\t\t\t\t\t\t\t<div class=\"label\">Cr\u00e9dits ECTS<\/div>\n\t\t\t\t\t\t\t<div class=\"value\">180<\/div>\n\t\t\t\t\t\t<\/div>\n\t\t\t\t\t<\/li>\n\t\t\t\t\t\t\t\t\t\t\t\t\t\t\t<li>\n\t\t\t\t\t\t<div class=\"training-single-languages\">\n\t\t\t\t\t\t\t<div class=\"label\">Langue<\/div>\n\t\t\t\t\t\t\t<div class=\"value\">\n\t\t\t\t\t\t\t\t<span class=\"lang\">Fran\u00e7ais<\/span>\n\t\t\t\t\t\t\t<\/div>\n\t\t\t\t\t\t<\/div>\n\t\t\t\t\t<\/li>\n\t\t\t\t\t\t\t\t\t<\/ul>\n\t\t\t<\/div>\n\t\t\t\t\t<\/div>\n\t\t\t<\/a>\n<\/article>\n<end-cask-shortcode-wrapper>\n<p>&nbsp;<\/p>\n<div class=\"primary editor-front\">\n<h3 data-start=\"2041\" data-end=\"2060\">Besoin d\u2019aide ?<\/h3>\n<p data-start=\"2062\" data-end=\"2244\">Au sein de l\u2019UMONS, l\u2019<a href=\"https:\/\/web.umons.ac.be\/fr\/recherche\/avre\/\" target=\"_blank\" rel=\"noopener\"><strong data-start=\"2084\" data-end=\"2151\">AVRE (Direction Administration et Valorisation de la Recherche)<\/strong><\/a> accompagne les activit\u00e9s de recherche et soutient les doctorant\u00b7e\u00b7s. Elle assure notamment :<\/p>\n<ul data-start=\"2245\" data-end=\"2390\">\n<li data-start=\"2245\" data-end=\"2290\">\n<p data-start=\"2247\" data-end=\"2290\">l\u2019orientation et le conseil administratifs,<\/p>\n<\/li>\n<li data-start=\"2291\" data-end=\"2335\">\n<p data-start=\"2293\" data-end=\"2335\">la valorisation et le soutien au doctorat,<\/p>\n<\/li>\n<li data-start=\"2336\" data-end=\"2390\">\n<p data-start=\"2338\" data-end=\"2390\">l\u2019aide \u00e0 l\u2019exploitation des r\u00e9sultats scientifiques.<\/p>\n<\/li>\n<\/ul>\n<p data-start=\"2392\" data-end=\"2494\">Pour plus d\u2019informations sur le doctorat \u00e0 l\u2019UMONS, consultez : <a href=\"https:\/\/web.umons.ac.be\/fr\/recherche\/le-doctorat\/\" target=\"_blank\" rel=\"noopener\"><strong data-start=\"2458\" data-end=\"2494\">Le Doctorat \u2013 Universit\u00e9 de Mons<\/strong><\/a><\/p>\n<\/div>\n","protected":false},"excerpt":{"rendered":"<p>Doctorat en Sciences politiques et sociales Le cursus doctoral en Sciences politiques et sociales propos\u00e9 par l\u2019\u00c9cole des Sciences Humaines et Sociales (ESHS) est une formation de 3\u1d49 cycle de 180 cr\u00e9dits conduisant \u00e0 l\u2019obtention du grade acad\u00e9mique de docteur\u00b7e. Ce parcours comprend : une formation doctorale, des travaux de recherche originaux menant \u00e0 la [&hellip;]<\/p>\n","protected":false},"author":43,"featured_media":0,"parent":316,"menu_order":0,"comment_status":"closed","ping_status":"closed","template":"","meta":{"footnotes":""},"class_list":["post-1130","page","type-page","status-publish","hentry"],"yoast_head":"<!-- This site is optimized with the Yoast SEO plugin v27.2 - https:\/\/yoast.com\/product\/yoast-seo-wordpress\/ -->\n<title>Doctorat - Ecole \/ ESHS<\/title>\n<meta name=\"description\" content=\"Doctorat en Sciences politiques et sociales \u00e0 l&#039;\u00c9cole des Sciences humaines et sociales (UMONS). Programme. Conditions d&#039;acc\u00e8s.\" \/>\n<meta name=\"robots\" content=\"index, follow, max-snippet:-1, max-image-preview:large, max-video-preview:-1\" \/>\n<link rel=\"canonical\" href=\"https:\/\/web.umons.ac.be\/eshs\/fr\/offre-de-formations\/3eme-cycle-doctorat\/\" \/>\n<meta property=\"og:locale\" content=\"fr_FR\" \/>\n<meta property=\"og:type\" content=\"article\" \/>\n<meta property=\"og:title\" content=\"Doctorat - Ecole \/ ESHS\" \/>\n<meta property=\"og:description\" content=\"Doctorat en Sciences politiques et sociales \u00e0 l&#039;\u00c9cole des Sciences humaines et sociales (UMONS). Programme. Conditions d&#039;acc\u00e8s.\" \/>\n<meta property=\"og:url\" content=\"https:\/\/web.umons.ac.be\/eshs\/fr\/offre-de-formations\/3eme-cycle-doctorat\/\" \/>\n<meta property=\"og:site_name\" content=\"Ecole \/ ESHS\" \/>\n<meta property=\"article:modified_time\" content=\"2025-11-20T12:43:09+00:00\" \/>\n<meta name=\"twitter:card\" content=\"summary_large_image\" \/>\n<meta name=\"twitter:label1\" content=\"Dur\u00e9e de lecture estim\u00e9e\" \/>\n\t<meta name=\"twitter:data1\" content=\"2 minutes\" \/>\n<script type=\"application\/ld+json\" class=\"yoast-schema-graph\">{\"@context\":\"https:\/\/schema.org\",\"@graph\":[{\"@type\":\"WebPage\",\"@id\":\"https:\/\/web.umons.ac.be\/eshs\/fr\/offre-de-formations\/3eme-cycle-doctorat\/\",\"url\":\"https:\/\/web.umons.ac.be\/eshs\/fr\/offre-de-formations\/3eme-cycle-doctorat\/\",\"name\":\"Doctorat - Ecole \/ ESHS\",\"isPartOf\":{\"@id\":\"https:\/\/web.umons.ac.be\/eshs\/#website\"},\"datePublished\":\"2023-03-16T11:37:25+00:00\",\"dateModified\":\"2025-11-20T12:43:09+00:00\",\"description\":\"Doctorat en Sciences politiques et sociales \u00e0 l'\u00c9cole des Sciences humaines et sociales (UMONS). Programme. Conditions d'acc\u00e8s.\",\"breadcrumb\":{\"@id\":\"https:\/\/web.umons.ac.be\/eshs\/fr\/offre-de-formations\/3eme-cycle-doctorat\/#breadcrumb\"},\"inLanguage\":\"fr-FR\",\"potentialAction\":[{\"@type\":\"ReadAction\",\"target\":[\"https:\/\/web.umons.ac.be\/eshs\/fr\/offre-de-formations\/3eme-cycle-doctorat\/\"]}]},{\"@type\":\"BreadcrumbList\",\"@id\":\"https:\/\/web.umons.ac.be\/eshs\/fr\/offre-de-formations\/3eme-cycle-doctorat\/#breadcrumb\",\"itemListElement\":[{\"@type\":\"ListItem\",\"position\":1,\"name\":\"Accueil\",\"item\":\"https:\/\/web.umons.ac.be\/eshs\/fr\/\"},{\"@type\":\"ListItem\",\"position\":2,\"name\":\"Offre de formations\",\"item\":\"https:\/\/web.umons.ac.be\/eshs\/fr\/offre-de-formations\/\"},{\"@type\":\"ListItem\",\"position\":3,\"name\":\"Doctorat\"}]},{\"@type\":\"WebSite\",\"@id\":\"https:\/\/web.umons.ac.be\/eshs\/#website\",\"url\":\"https:\/\/web.umons.ac.be\/eshs\/\",\"name\":\"Ecole \/ ESHS\",\"description\":\"\",\"potentialAction\":[{\"@type\":\"SearchAction\",\"target\":{\"@type\":\"EntryPoint\",\"urlTemplate\":\"https:\/\/web.umons.ac.be\/eshs\/?s={search_term_string}\"},\"query-input\":{\"@type\":\"PropertyValueSpecification\",\"valueRequired\":true,\"valueName\":\"search_term_string\"}}],\"inLanguage\":\"fr-FR\"}]}<\/script>\n<!-- \/ Yoast SEO plugin. -->","yoast_head_json":{"title":"Doctorat - Ecole \/ ESHS","description":"Doctorat en Sciences politiques et sociales \u00e0 l'\u00c9cole des Sciences humaines et sociales (UMONS). Programme. Conditions d'acc\u00e8s.","robots":{"index":"index","follow":"follow","max-snippet":"max-snippet:-1","max-image-preview":"max-image-preview:large","max-video-preview":"max-video-preview:-1"},"canonical":"https:\/\/web.umons.ac.be\/eshs\/fr\/offre-de-formations\/3eme-cycle-doctorat\/","og_locale":"fr_FR","og_type":"article","og_title":"Doctorat - Ecole \/ ESHS","og_description":"Doctorat en Sciences politiques et sociales \u00e0 l'\u00c9cole des Sciences humaines et sociales (UMONS). Programme. Conditions d'acc\u00e8s.","og_url":"https:\/\/web.umons.ac.be\/eshs\/fr\/offre-de-formations\/3eme-cycle-doctorat\/","og_site_name":"Ecole \/ ESHS","article_modified_time":"2025-11-20T12:43:09+00:00","twitter_card":"summary_large_image","twitter_misc":{"Dur\u00e9e de lecture estim\u00e9e":"2 minutes"},"schema":{"@context":"https:\/\/schema.org","@graph":[{"@type":"WebPage","@id":"https:\/\/web.umons.ac.be\/eshs\/fr\/offre-de-formations\/3eme-cycle-doctorat\/","url":"https:\/\/web.umons.ac.be\/eshs\/fr\/offre-de-formations\/3eme-cycle-doctorat\/","name":"Doctorat - Ecole \/ ESHS","isPartOf":{"@id":"https:\/\/web.umons.ac.be\/eshs\/#website"},"datePublished":"2023-03-16T11:37:25+00:00","dateModified":"2025-11-20T12:43:09+00:00","description":"Doctorat en Sciences politiques et sociales \u00e0 l'\u00c9cole des Sciences humaines et sociales (UMONS). Programme. Conditions d'acc\u00e8s.","breadcrumb":{"@id":"https:\/\/web.umons.ac.be\/eshs\/fr\/offre-de-formations\/3eme-cycle-doctorat\/#breadcrumb"},"inLanguage":"fr-FR","potentialAction":[{"@type":"ReadAction","target":["https:\/\/web.umons.ac.be\/eshs\/fr\/offre-de-formations\/3eme-cycle-doctorat\/"]}]},{"@type":"BreadcrumbList","@id":"https:\/\/web.umons.ac.be\/eshs\/fr\/offre-de-formations\/3eme-cycle-doctorat\/#breadcrumb","itemListElement":[{"@type":"ListItem","position":1,"name":"Accueil","item":"https:\/\/web.umons.ac.be\/eshs\/fr\/"},{"@type":"ListItem","position":2,"name":"Offre de formations","item":"https:\/\/web.umons.ac.be\/eshs\/fr\/offre-de-formations\/"},{"@type":"ListItem","position":3,"name":"Doctorat"}]},{"@type":"WebSite","@id":"https:\/\/web.umons.ac.be\/eshs\/#website","url":"https:\/\/web.umons.ac.be\/eshs\/","name":"Ecole \/ ESHS","description":"","potentialAction":[{"@type":"SearchAction","target":{"@type":"EntryPoint","urlTemplate":"https:\/\/web.umons.ac.be\/eshs\/?s={search_term_string}"},"query-input":{"@type":"PropertyValueSpecification","valueRequired":true,"valueName":"search_term_string"}}],"inLanguage":"fr-FR"}]}},"lang":"fr","translations":{"fr":1130,"en":1144},"pll_sync_post":[],"_links":{"self":[{"href":"https:\/\/web.umons.ac.be\/eshs\/wp-json\/wp\/v2\/pages\/1130","targetHints":{"allow":["GET"]}}],"collection":[{"href":"https:\/\/web.umons.ac.be\/eshs\/wp-json\/wp\/v2\/pages"}],"about":[{"href":"https:\/\/web.umons.ac.be\/eshs\/wp-json\/wp\/v2\/types\/page"}],"author":[{"embeddable":true,"href":"https:\/\/web.umons.ac.be\/eshs\/wp-json\/wp\/v2\/users\/43"}],"replies":[{"embeddable":true,"href":"https:\/\/web.umons.ac.be\/eshs\/wp-json\/wp\/v2\/comments?post=1130"}],"version-history":[{"count":4,"href":"https:\/\/web.umons.ac.be\/eshs\/wp-json\/wp\/v2\/pages\/1130\/revisions"}],"predecessor-version":[{"id":2048,"href":"https:\/\/web.umons.ac.be\/eshs\/wp-json\/wp\/v2\/pages\/1130\/revisions\/2048"}],"up":[{"embeddable":true,"href":"https:\/\/web.umons.ac.be\/eshs\/wp-json\/wp\/v2\/pages\/316"}],"wp:attachment":[{"href":"https:\/\/web.umons.ac.be\/eshs\/wp-json\/wp\/v2\/media?parent=1130"}],"curies":[{"name":"wp","href":"https:\/\/api.w.org\/{rel}","templated":true}]}}