{"id":1144,"date":"2023-03-16T18:31:37","date_gmt":"2023-03-16T17:31:37","guid":{"rendered":"https:\/\/web.umons.ac.be\/eshs\/?page_id=1144"},"modified":"2023-03-16T18:31:37","modified_gmt":"2023-03-16T17:31:37","slug":"3rd-cycle-phd","status":"publish","type":"page","link":"https:\/\/web.umons.ac.be\/eshs\/en\/offre-de-formations\/3rd-cycle-phd\/","title":{"rendered":"3rd Cycle: PhD"},"content":{"rendered":"<start-cask-shortcode-wrapper><article class=\"shortcode-training training-small content-block scheme-eshs\">\n\t<a href=\"https:\/\/web.umons.ac.be\/eshs\/en\/training-offer\/do-scposo\/\" class=\"training-link scheme-border-hover\">\n\t\t<header class=\"training-small-header\">\n\t\t\t<div class=\"training-small-entity scheme-color\">\n\t\t\t\tEcole \/ ESHS\t\t\t\t\t           \t<img decoding=\"async\" src=\"https:\/\/web.umons.ac.be\/app\/uploads\/sites\/8\/2017\/05\/ESHS.png\" class=\"training-small-entity-logo\" alt=\"Ic\u00f4ne de Ecole \/ ESHS\">\n\t        \t\t\t\t<\/div>\n\t\t\t<div class=\"training-small-degree\">\n\t\t\t\tDoctorat en\t\t\t<\/div>\n\n\t\t\t<h1 class=\"training-small-title\">Political and Social Sciences<\/h1>\n\n\t\t\t\t\t<\/header>\n\t\t\t\t<div class=\"training-small-content\">\n\t\t\t<div class=\"training-small-location\">\n\t\t\t\t<span class=\"icon umons-icon-pin\" aria-hidden=\"true\"><\/span>\n\t\t\t\t<span class=\"location\">Mons<\/span>\n\t\t\t<\/div>\n\n\t\t\t\t\t\t<div class=\"training-small-side-info\">\n\t\t\t\t<ul class=\"training-small-side-info-list\">\n\t\t\t\t\t\t\t\t\t\t<li>\n\t\t\t\t\t\t<div class=\"training-single-schedule\">\n\t\t\t\t\t\t\t<div class=\"label\">Horaire<\/div>\n\t\t\t\t\t\t\t<div class=\"value\">Horaire de jour<\/div>\n\t\t\t\t\t\t<\/div>\n\t\t\t\t\t<\/li>\n\t\t\t\t\t\t\t\t\t\t\t\t\t\t\t<li>\n\t\t\t\t\t\t<div class=\"training-single-credits\">\n\t\t\t\t\t\t\t<div class=\"label\">Cr\u00e9dits ECTS<\/div>\n\t\t\t\t\t\t\t<div class=\"value\">180<\/div>\n\t\t\t\t\t\t<\/div>\n\t\t\t\t\t<\/li>\n\t\t\t\t\t\t\t\t\t\t\t\t\t\t\t<li>\n\t\t\t\t\t\t<div class=\"training-single-languages\">\n\t\t\t\t\t\t\t<div class=\"label\">Langue<\/div>\n\t\t\t\t\t\t\t<div class=\"value\">\n\t\t\t\t\t\t\t\t<span class=\"lang\">Fran\u00e7ais<\/span>\n\t\t\t\t\t\t\t<\/div>\n\t\t\t\t\t\t<\/div>\n\t\t\t\t\t<\/li>\n\t\t\t\t\t\t\t\t\t<\/ul>\n\t\t\t<\/div>\n\t\t\t\t\t<\/div>\n\t\t\t<\/a>\n<\/article>\n<end-cask-shortcode-wrapper>\n","protected":false},"excerpt":{"rendered":"","protected":false},"author":2,"featured_media":707,"parent":418,"menu_order":0,"comment_status":"closed","ping_status":"closed","template":"","meta":{"footnotes":""},"class_list":["post-1144","page","type-page","status-publish","has-post-thumbnail","hentry"],"yoast_head":"<!-- This site is optimized with the Yoast SEO plugin v27.2 - https:\/\/yoast.com\/product\/yoast-seo-wordpress\/ -->\n<title>3rd Cycle: PhD - Ecole \/ ESHS<\/title>\n<meta name=\"description\" content=\"Doctorat en Sciences politiques et sociales \u00e0 l&#039;\u00c9cole des Sciences humaines et sociales (UMONS). Programme. Conditions d&#039;acc\u00e8s.\" \/>\n<meta name=\"robots\" content=\"index, follow, max-snippet:-1, max-image-preview:large, max-video-preview:-1\" \/>\n<link rel=\"canonical\" href=\"https:\/\/web.umons.ac.be\/eshs\/en\/offre-de-formations\/3rd-cycle-phd\/\" \/>\n<meta property=\"og:locale\" content=\"fr_FR\" \/>\n<meta property=\"og:type\" content=\"article\" \/>\n<meta property=\"og:title\" content=\"3rd Cycle: PhD - Ecole \/ ESHS\" \/>\n<meta property=\"og:description\" content=\"Doctorat en Sciences politiques et sociales \u00e0 l&#039;\u00c9cole des Sciences humaines et sociales (UMONS). Programme. Conditions d&#039;acc\u00e8s.\" \/>\n<meta property=\"og:url\" content=\"https:\/\/web.umons.ac.be\/eshs\/en\/offre-de-formations\/3rd-cycle-phd\/\" \/>\n<meta property=\"og:site_name\" content=\"Ecole \/ ESHS\" \/>\n<meta property=\"og:image\" content=\"https:\/\/web.umons.ac.be\/app\/uploads\/sites\/8\/2020\/03\/DSC_3638-1024x682.jpg\" \/>\n\t<meta property=\"og:image:width\" content=\"1024\" \/>\n\t<meta property=\"og:image:height\" content=\"682\" \/>\n\t<meta property=\"og:image:type\" content=\"image\/jpeg\" \/>\n<meta name=\"twitter:card\" content=\"summary_large_image\" \/>\n<meta name=\"twitter:label1\" content=\"Dur\u00e9e de lecture estim\u00e9e\" \/>\n\t<meta name=\"twitter:data1\" content=\"1 minute\" \/>\n<script type=\"application\/ld+json\" class=\"yoast-schema-graph\">{\"@context\":\"https:\/\/schema.org\",\"@graph\":[{\"@type\":\"WebPage\",\"@id\":\"https:\/\/web.umons.ac.be\/eshs\/en\/offre-de-formations\/3rd-cycle-phd\/\",\"url\":\"https:\/\/web.umons.ac.be\/eshs\/en\/offre-de-formations\/3rd-cycle-phd\/\",\"name\":\"3rd Cycle: PhD - Ecole \/ ESHS\",\"isPartOf\":{\"@id\":\"https:\/\/web.umons.ac.be\/eshs\/#website\"},\"primaryImageOfPage\":{\"@id\":\"https:\/\/web.umons.ac.be\/eshs\/en\/offre-de-formations\/3rd-cycle-phd\/#primaryimage\"},\"image\":{\"@id\":\"https:\/\/web.umons.ac.be\/eshs\/en\/offre-de-formations\/3rd-cycle-phd\/#primaryimage\"},\"thumbnailUrl\":\"https:\/\/web.umons.ac.be\/app\/uploads\/sites\/8\/2020\/03\/DSC_3638.jpg\",\"datePublished\":\"2023-03-16T17:31:37+00:00\",\"description\":\"Doctorat en Sciences politiques et sociales \u00e0 l'\u00c9cole des Sciences humaines et sociales (UMONS). Programme. Conditions d'acc\u00e8s.\",\"breadcrumb\":{\"@id\":\"https:\/\/web.umons.ac.be\/eshs\/en\/offre-de-formations\/3rd-cycle-phd\/#breadcrumb\"},\"inLanguage\":\"fr-FR\",\"potentialAction\":[{\"@type\":\"ReadAction\",\"target\":[\"https:\/\/web.umons.ac.be\/eshs\/en\/offre-de-formations\/3rd-cycle-phd\/\"]}]},{\"@type\":\"ImageObject\",\"inLanguage\":\"fr-FR\",\"@id\":\"https:\/\/web.umons.ac.be\/eshs\/en\/offre-de-formations\/3rd-cycle-phd\/#primaryimage\",\"url\":\"https:\/\/web.umons.ac.be\/app\/uploads\/sites\/8\/2020\/03\/DSC_3638.jpg\",\"contentUrl\":\"https:\/\/web.umons.ac.be\/app\/uploads\/sites\/8\/2020\/03\/DSC_3638.jpg\",\"width\":4928,\"height\":3280},{\"@type\":\"BreadcrumbList\",\"@id\":\"https:\/\/web.umons.ac.be\/eshs\/en\/offre-de-formations\/3rd-cycle-phd\/#breadcrumb\",\"itemListElement\":[{\"@type\":\"ListItem\",\"position\":1,\"name\":\"Accueil\",\"item\":\"https:\/\/web.umons.ac.be\/eshs\/fr\/\"},{\"@type\":\"ListItem\",\"position\":2,\"name\":\"Training offer\",\"item\":\"https:\/\/web.umons.ac.be\/eshs\/en\/offre-de-formations\/\"},{\"@type\":\"ListItem\",\"position\":3,\"name\":\"3rd Cycle: PhD\"}]},{\"@type\":\"WebSite\",\"@id\":\"https:\/\/web.umons.ac.be\/eshs\/#website\",\"url\":\"https:\/\/web.umons.ac.be\/eshs\/\",\"name\":\"Ecole \/ ESHS\",\"description\":\"\",\"potentialAction\":[{\"@type\":\"SearchAction\",\"target\":{\"@type\":\"EntryPoint\",\"urlTemplate\":\"https:\/\/web.umons.ac.be\/eshs\/?s={search_term_string}\"},\"query-input\":{\"@type\":\"PropertyValueSpecification\",\"valueRequired\":true,\"valueName\":\"search_term_string\"}}],\"inLanguage\":\"fr-FR\"}]}<\/script>\n<!-- \/ Yoast SEO plugin. -->","yoast_head_json":{"title":"3rd Cycle: PhD - Ecole \/ ESHS","description":"Doctorat en Sciences politiques et sociales \u00e0 l'\u00c9cole des Sciences humaines et sociales (UMONS). Programme. Conditions d'acc\u00e8s.","robots":{"index":"index","follow":"follow","max-snippet":"max-snippet:-1","max-image-preview":"max-image-preview:large","max-video-preview":"max-video-preview:-1"},"canonical":"https:\/\/web.umons.ac.be\/eshs\/en\/offre-de-formations\/3rd-cycle-phd\/","og_locale":"fr_FR","og_type":"article","og_title":"3rd Cycle: PhD - Ecole \/ ESHS","og_description":"Doctorat en Sciences politiques et sociales \u00e0 l'\u00c9cole des Sciences humaines et sociales (UMONS). Programme. Conditions d'acc\u00e8s.","og_url":"https:\/\/web.umons.ac.be\/eshs\/en\/offre-de-formations\/3rd-cycle-phd\/","og_site_name":"Ecole \/ ESHS","og_image":[{"width":1024,"height":682,"url":"https:\/\/web.umons.ac.be\/app\/uploads\/sites\/8\/2020\/03\/DSC_3638-1024x682.jpg","type":"image\/jpeg"}],"twitter_card":"summary_large_image","twitter_misc":{"Dur\u00e9e de lecture estim\u00e9e":"1 minute"},"schema":{"@context":"https:\/\/schema.org","@graph":[{"@type":"WebPage","@id":"https:\/\/web.umons.ac.be\/eshs\/en\/offre-de-formations\/3rd-cycle-phd\/","url":"https:\/\/web.umons.ac.be\/eshs\/en\/offre-de-formations\/3rd-cycle-phd\/","name":"3rd Cycle: PhD - Ecole \/ ESHS","isPartOf":{"@id":"https:\/\/web.umons.ac.be\/eshs\/#website"},"primaryImageOfPage":{"@id":"https:\/\/web.umons.ac.be\/eshs\/en\/offre-de-formations\/3rd-cycle-phd\/#primaryimage"},"image":{"@id":"https:\/\/web.umons.ac.be\/eshs\/en\/offre-de-formations\/3rd-cycle-phd\/#primaryimage"},"thumbnailUrl":"https:\/\/web.umons.ac.be\/app\/uploads\/sites\/8\/2020\/03\/DSC_3638.jpg","datePublished":"2023-03-16T17:31:37+00:00","description":"Doctorat en Sciences politiques et sociales \u00e0 l'\u00c9cole des Sciences humaines et sociales (UMONS). Programme. Conditions d'acc\u00e8s.","breadcrumb":{"@id":"https:\/\/web.umons.ac.be\/eshs\/en\/offre-de-formations\/3rd-cycle-phd\/#breadcrumb"},"inLanguage":"fr-FR","potentialAction":[{"@type":"ReadAction","target":["https:\/\/web.umons.ac.be\/eshs\/en\/offre-de-formations\/3rd-cycle-phd\/"]}]},{"@type":"ImageObject","inLanguage":"fr-FR","@id":"https:\/\/web.umons.ac.be\/eshs\/en\/offre-de-formations\/3rd-cycle-phd\/#primaryimage","url":"https:\/\/web.umons.ac.be\/app\/uploads\/sites\/8\/2020\/03\/DSC_3638.jpg","contentUrl":"https:\/\/web.umons.ac.be\/app\/uploads\/sites\/8\/2020\/03\/DSC_3638.jpg","width":4928,"height":3280},{"@type":"BreadcrumbList","@id":"https:\/\/web.umons.ac.be\/eshs\/en\/offre-de-formations\/3rd-cycle-phd\/#breadcrumb","itemListElement":[{"@type":"ListItem","position":1,"name":"Accueil","item":"https:\/\/web.umons.ac.be\/eshs\/fr\/"},{"@type":"ListItem","position":2,"name":"Training offer","item":"https:\/\/web.umons.ac.be\/eshs\/en\/offre-de-formations\/"},{"@type":"ListItem","position":3,"name":"3rd Cycle: PhD"}]},{"@type":"WebSite","@id":"https:\/\/web.umons.ac.be\/eshs\/#website","url":"https:\/\/web.umons.ac.be\/eshs\/","name":"Ecole \/ ESHS","description":"","potentialAction":[{"@type":"SearchAction","target":{"@type":"EntryPoint","urlTemplate":"https:\/\/web.umons.ac.be\/eshs\/?s={search_term_string}"},"query-input":{"@type":"PropertyValueSpecification","valueRequired":true,"valueName":"search_term_string"}}],"inLanguage":"fr-FR"}]}},"lang":"en","translations":{"en":1144,"fr":1130},"pll_sync_post":[],"_links":{"self":[{"href":"https:\/\/web.umons.ac.be\/eshs\/wp-json\/wp\/v2\/pages\/1144","targetHints":{"allow":["GET"]}}],"collection":[{"href":"https:\/\/web.umons.ac.be\/eshs\/wp-json\/wp\/v2\/pages"}],"about":[{"href":"https:\/\/web.umons.ac.be\/eshs\/wp-json\/wp\/v2\/types\/page"}],"author":[{"embeddable":true,"href":"https:\/\/web.umons.ac.be\/eshs\/wp-json\/wp\/v2\/users\/2"}],"replies":[{"embeddable":true,"href":"https:\/\/web.umons.ac.be\/eshs\/wp-json\/wp\/v2\/comments?post=1144"}],"version-history":[{"count":1,"href":"https:\/\/web.umons.ac.be\/eshs\/wp-json\/wp\/v2\/pages\/1144\/revisions"}],"predecessor-version":[{"id":1145,"href":"https:\/\/web.umons.ac.be\/eshs\/wp-json\/wp\/v2\/pages\/1144\/revisions\/1145"}],"up":[{"embeddable":true,"href":"https:\/\/web.umons.ac.be\/eshs\/wp-json\/wp\/v2\/pages\/418"}],"wp:featuredmedia":[{"embeddable":true,"href":"https:\/\/web.umons.ac.be\/eshs\/wp-json\/wp\/v2\/media\/707"}],"wp:attachment":[{"href":"https:\/\/web.umons.ac.be\/eshs\/wp-json\/wp\/v2\/media?parent=1144"}],"curies":[{"name":"wp","href":"https:\/\/api.w.org\/{rel}","templated":true}]}}