{"id":1149,"date":"2023-03-30T10:42:35","date_gmt":"2023-03-30T08:42:35","guid":{"rendered":"https:\/\/web.umons.ac.be\/eshs\/?page_id=1149"},"modified":"2023-06-15T12:07:24","modified_gmt":"2023-06-15T10:07:24","slug":"journee-des-sciences-humaines-et-sociales","status":"publish","type":"page","link":"https:\/\/web.umons.ac.be\/eshs\/fr\/ecole-dynamique\/journee-des-sciences-humaines-et-sociales\/","title":{"rendered":"Journ\u00e9e des Sciences humaines et sociales"},"content":{"rendered":"<div class=\"editor-front\">\n<h1 class=\"news-single-excerpt\">Journ\u00e9e des Sciences humaines et sociales<\/h1>\n<p class=\"cxmmr5t8 oygrvhab hcukyx3x c1et5uql o9v6fnle ii04i59q\">Chaque ann\u00e9e, l&rsquo;\u00c9cole des Sciences humaines et sociales de l&rsquo;UMONS vous convie \u00e0 sa Journ\u00e9e des Sciences humaines et sociales.<\/p>\n<p class=\"cxmmr5t8 oygrvhab hcukyx3x c1et5uql o9v6fnle ii04i59q\"><span style=\"font-size: 14px;\">Cette journ\u00e9e est destin\u00e9e aux enseignant\u2022es et \u00e9l\u00e8ves de 6\u00e8me ann\u00e9e secondaire. Elle constitue l\u2019occasion id\u00e9ale pour vos \u00e9l\u00e8ves de collaborer, de d\u00e9velopper des comp\u00e9tences sociales, de r\u00e9soudre des probl\u00e8mes, de mettre en pratique de nouvelles connaissances. Elle leur permettra \u00e9galement d\u2019alimenter une v\u00e9ritable passion pour les sciences politiques, la sociologie, l&rsquo;anthropologie, la communication et la gestion des ressources humaines.<\/span><\/p>\n<div class=\"cxmmr5t8 oygrvhab hcukyx3x c1et5uql o9v6fnle ii04i59q\">\n<div class=\"editor-front\">\n<h2 dir=\"auto\">Programme<\/h2>\n<p class=\"cxmmr5t8 oygrvhab hcukyx3x c1et5uql o9v6fnle ii04i59q\">Gestion des ressources humaines, anthropologie, sociologie, sciences politiques, information et communication : nos professeur\u2022e\u2022s et charg\u00e9\u2022e\u2022s de cours aborderont la th\u00e9matique de l&rsquo;ann\u00e9e sous l\u2019angle de leur domaine de recherche dans 4 mini-conf\u00e9rences.<\/p>\n<p><span style=\"font-size: 14px;\">Apr\u00e8s le lunch, offert par l&rsquo;\u00c9cole des Sciences Humaines et Sociales, les \u00e9l\u00e8ves participeront \u00e0 un escape game sur le campus Rosa Parks. Celui-ci leur permettra de d\u00e9couvrir nos auditoires, le secr\u00e9tariat et d&rsquo;autres lieux important de leur future vie d\u2019\u00e9tudiants.<\/span><\/p>\n<h2>Inscription<\/h2>\n<p>Cet \u00e9v\u00e8nement est bien entendu gratuit. Pour vous inscrire, veuillez envoyer un e-mail \u00e0 Monsieur Renaud Bouchez, adjoint p\u00e9dagogique, \u00e0 l&rsquo;adresse <a href=\"https:\/\/web.umons.ac.be\/eshs\/wp-includes\/js\/tinymce\/Ecole \/ ESHS\/renaud.bouchez@umons.ac.be\">renaud.bouchez@umons.ac.be<\/a> en mentionnant :<\/p>\n<ul>\n<li>Vos nom et pr\u00e9nom ;<\/li>\n<li>L&rsquo;\u00e9tablissement scolaire dont vous faites partie ;<\/li>\n<li>Le nombre d&rsquo;\u00e9l\u00e8ves qui vous accompagneront ainsi que leur ann\u00e9e d&rsquo;\u00e9tude.<\/li>\n<\/ul>\n<p><span style=\"font-size: 14px;\">Attention, les inscriptions seront limit\u00e9es pour des raisons de mise \u00e0 disposition du mat\u00e9riel p\u00e9dagogique.\u00a0<\/span><\/p>\n<\/div>\n<\/div>\n<\/div>\n<p>&nbsp;<\/p>\n<h3>\u00c9ditions pr\u00e9d\u00e9centes de la Journ\u00e9e des Sciences Humaines et Sociales<\/h3>\n<ul>\n<li><a href=\"https:\/\/web.umons.ac.be\/eshs\/fr\/journee-des-sciences-humaines-et-sociales-le-mardi-7-mars-2023\/\">Mardi 7 mars 2023 : La discrimination<\/a><\/li>\n<li><a href=\"https:\/\/web.umons.ac.be\/eshs\/fr\/journee-decouverte-de-leshs-le-jeudi-10-mars-2022\/\">Jeudi 10 mars 2022 : Les questions de genre : enjeux et d\u00e9bats<\/a><\/li>\n<\/ul>\n","protected":false},"excerpt":{"rendered":"<p>Journ\u00e9e des Sciences humaines et sociales Chaque ann\u00e9e, l&rsquo;\u00c9cole des Sciences humaines et sociales de l&rsquo;UMONS vous convie \u00e0 sa Journ\u00e9e des Sciences humaines et sociales. Cette journ\u00e9e est destin\u00e9e aux enseignant\u2022es et \u00e9l\u00e8ves de 6\u00e8me ann\u00e9e secondaire. Elle constitue l\u2019occasion id\u00e9ale pour vos \u00e9l\u00e8ves de collaborer, de d\u00e9velopper des comp\u00e9tences sociales, de r\u00e9soudre des [&hellip;]<\/p>\n","protected":false},"author":43,"featured_media":1152,"parent":36,"menu_order":0,"comment_status":"closed","ping_status":"closed","template":"","meta":{"footnotes":""},"class_list":["post-1149","page","type-page","status-publish","has-post-thumbnail","hentry"],"yoast_head":"<!-- This site is optimized with the Yoast SEO plugin v27.2 - https:\/\/yoast.com\/product\/yoast-seo-wordpress\/ -->\n<title>Journ\u00e9e des Sciences humaines et sociales - Ecole \/ ESHS<\/title>\n<meta name=\"description\" content=\"Vous \u00eates enseignant.e ? Vous \u00eates \u00e9l\u00e8ve en 6\u00e8me ann\u00e9e secondaire ? Participez \u00e0 la Journ\u00e9e des Sciences humaines et sociales de l&#039;UMONS.\" \/>\n<meta name=\"robots\" content=\"index, follow, max-snippet:-1, max-image-preview:large, max-video-preview:-1\" \/>\n<link rel=\"canonical\" href=\"https:\/\/web.umons.ac.be\/eshs\/fr\/ecole-dynamique\/journee-des-sciences-humaines-et-sociales\/\" \/>\n<meta property=\"og:locale\" content=\"fr_FR\" \/>\n<meta property=\"og:type\" content=\"article\" \/>\n<meta property=\"og:title\" content=\"Journ\u00e9e des Sciences humaines et sociales \u00e0 l&#039;UMONS\" \/>\n<meta property=\"og:description\" content=\"L&#039;\u00c9cole des Sciences Humaines et Sociales de l&#039;UMONS vous propose, chaque ann\u00e9e, une Journ\u00e9e des Sciences humaines et sociales.\" \/>\n<meta property=\"og:url\" content=\"https:\/\/web.umons.ac.be\/eshs\/fr\/ecole-dynamique\/journee-des-sciences-humaines-et-sociales\/\" \/>\n<meta property=\"og:site_name\" content=\"Ecole \/ ESHS\" \/>\n<meta property=\"article:modified_time\" content=\"2023-06-15T10:07:24+00:00\" \/>\n<meta property=\"og:image\" content=\"https:\/\/web.umons.ac.be\/app\/uploads\/sites\/8\/2023\/03\/IMG_2833-scaled.jpeg\" \/>\n\t<meta property=\"og:image:width\" content=\"2560\" \/>\n\t<meta property=\"og:image:height\" content=\"1920\" \/>\n\t<meta property=\"og:image:type\" content=\"image\/jpeg\" \/>\n<meta name=\"twitter:card\" content=\"summary_large_image\" \/>\n<meta name=\"twitter:title\" content=\"Journ\u00e9e des Sciences humaines et sociales \u00e0 l&#039;UMONS\" \/>\n<meta name=\"twitter:description\" content=\"L&#039;\u00c9cole des Sciences Humaines et Sociales de l&#039;UMONS vous propose, chaque ann\u00e9e, une Journ\u00e9e des Sciences humaines et sociales.\" \/>\n<meta name=\"twitter:image\" content=\"https:\/\/web.umons.ac.be\/app\/uploads\/sites\/8\/2023\/03\/IMG_2833-scaled.jpeg\" \/>\n<meta name=\"twitter:label1\" content=\"Dur\u00e9e de lecture estim\u00e9e\" \/>\n\t<meta name=\"twitter:data1\" content=\"2 minutes\" \/>\n<script type=\"application\/ld+json\" class=\"yoast-schema-graph\">{\"@context\":\"https:\/\/schema.org\",\"@graph\":[{\"@type\":\"WebPage\",\"@id\":\"https:\/\/web.umons.ac.be\/eshs\/fr\/ecole-dynamique\/journee-des-sciences-humaines-et-sociales\/\",\"url\":\"https:\/\/web.umons.ac.be\/eshs\/fr\/ecole-dynamique\/journee-des-sciences-humaines-et-sociales\/\",\"name\":\"Journ\u00e9e des Sciences humaines et sociales - Ecole \/ ESHS\",\"isPartOf\":{\"@id\":\"https:\/\/web.umons.ac.be\/eshs\/#website\"},\"primaryImageOfPage\":{\"@id\":\"https:\/\/web.umons.ac.be\/eshs\/fr\/ecole-dynamique\/journee-des-sciences-humaines-et-sociales\/#primaryimage\"},\"image\":{\"@id\":\"https:\/\/web.umons.ac.be\/eshs\/fr\/ecole-dynamique\/journee-des-sciences-humaines-et-sociales\/#primaryimage\"},\"thumbnailUrl\":\"https:\/\/web.umons.ac.be\/app\/uploads\/sites\/8\/2023\/03\/IMG_2833-scaled.jpeg\",\"datePublished\":\"2023-03-30T08:42:35+00:00\",\"dateModified\":\"2023-06-15T10:07:24+00:00\",\"description\":\"Vous \u00eates enseignant.e ? Vous \u00eates \u00e9l\u00e8ve en 6\u00e8me ann\u00e9e secondaire ? Participez \u00e0 la Journ\u00e9e des Sciences humaines et sociales de l'UMONS.\",\"breadcrumb\":{\"@id\":\"https:\/\/web.umons.ac.be\/eshs\/fr\/ecole-dynamique\/journee-des-sciences-humaines-et-sociales\/#breadcrumb\"},\"inLanguage\":\"fr-FR\",\"potentialAction\":[{\"@type\":\"ReadAction\",\"target\":[\"https:\/\/web.umons.ac.be\/eshs\/fr\/ecole-dynamique\/journee-des-sciences-humaines-et-sociales\/\"]}]},{\"@type\":\"ImageObject\",\"inLanguage\":\"fr-FR\",\"@id\":\"https:\/\/web.umons.ac.be\/eshs\/fr\/ecole-dynamique\/journee-des-sciences-humaines-et-sociales\/#primaryimage\",\"url\":\"https:\/\/web.umons.ac.be\/app\/uploads\/sites\/8\/2023\/03\/IMG_2833-scaled.jpeg\",\"contentUrl\":\"https:\/\/web.umons.ac.be\/app\/uploads\/sites\/8\/2023\/03\/IMG_2833-scaled.jpeg\",\"width\":2560,\"height\":1920},{\"@type\":\"BreadcrumbList\",\"@id\":\"https:\/\/web.umons.ac.be\/eshs\/fr\/ecole-dynamique\/journee-des-sciences-humaines-et-sociales\/#breadcrumb\",\"itemListElement\":[{\"@type\":\"ListItem\",\"position\":1,\"name\":\"Accueil\",\"item\":\"https:\/\/web.umons.ac.be\/eshs\/fr\/\"},{\"@type\":\"ListItem\",\"position\":2,\"name\":\"Une \u00c9cole dynamique\",\"item\":\"https:\/\/web.umons.ac.be\/eshs\/fr\/ecole-dynamique\/\"},{\"@type\":\"ListItem\",\"position\":3,\"name\":\"Journ\u00e9e des Sciences humaines et sociales\"}]},{\"@type\":\"WebSite\",\"@id\":\"https:\/\/web.umons.ac.be\/eshs\/#website\",\"url\":\"https:\/\/web.umons.ac.be\/eshs\/\",\"name\":\"Ecole \/ ESHS\",\"description\":\"\",\"potentialAction\":[{\"@type\":\"SearchAction\",\"target\":{\"@type\":\"EntryPoint\",\"urlTemplate\":\"https:\/\/web.umons.ac.be\/eshs\/?s={search_term_string}\"},\"query-input\":{\"@type\":\"PropertyValueSpecification\",\"valueRequired\":true,\"valueName\":\"search_term_string\"}}],\"inLanguage\":\"fr-FR\"}]}<\/script>\n<!-- \/ Yoast SEO plugin. -->","yoast_head_json":{"title":"Journ\u00e9e des Sciences humaines et sociales - Ecole \/ ESHS","description":"Vous \u00eates enseignant.e ? Vous \u00eates \u00e9l\u00e8ve en 6\u00e8me ann\u00e9e secondaire ? Participez \u00e0 la Journ\u00e9e des Sciences humaines et sociales de l'UMONS.","robots":{"index":"index","follow":"follow","max-snippet":"max-snippet:-1","max-image-preview":"max-image-preview:large","max-video-preview":"max-video-preview:-1"},"canonical":"https:\/\/web.umons.ac.be\/eshs\/fr\/ecole-dynamique\/journee-des-sciences-humaines-et-sociales\/","og_locale":"fr_FR","og_type":"article","og_title":"Journ\u00e9e des Sciences humaines et sociales \u00e0 l'UMONS","og_description":"L'\u00c9cole des Sciences Humaines et Sociales de l'UMONS vous propose, chaque ann\u00e9e, une Journ\u00e9e des Sciences humaines et sociales.","og_url":"https:\/\/web.umons.ac.be\/eshs\/fr\/ecole-dynamique\/journee-des-sciences-humaines-et-sociales\/","og_site_name":"Ecole \/ ESHS","article_modified_time":"2023-06-15T10:07:24+00:00","og_image":[{"width":2560,"height":1920,"url":"https:\/\/web.umons.ac.be\/app\/uploads\/sites\/8\/2023\/03\/IMG_2833-scaled.jpeg","type":"image\/jpeg"}],"twitter_card":"summary_large_image","twitter_title":"Journ\u00e9e des Sciences humaines et sociales \u00e0 l'UMONS","twitter_description":"L'\u00c9cole des Sciences Humaines et Sociales de l'UMONS vous propose, chaque ann\u00e9e, une Journ\u00e9e des Sciences humaines et sociales.","twitter_image":"https:\/\/web.umons.ac.be\/app\/uploads\/sites\/8\/2023\/03\/IMG_2833-scaled.jpeg","twitter_misc":{"Dur\u00e9e de lecture estim\u00e9e":"2 minutes"},"schema":{"@context":"https:\/\/schema.org","@graph":[{"@type":"WebPage","@id":"https:\/\/web.umons.ac.be\/eshs\/fr\/ecole-dynamique\/journee-des-sciences-humaines-et-sociales\/","url":"https:\/\/web.umons.ac.be\/eshs\/fr\/ecole-dynamique\/journee-des-sciences-humaines-et-sociales\/","name":"Journ\u00e9e des Sciences humaines et sociales - Ecole \/ ESHS","isPartOf":{"@id":"https:\/\/web.umons.ac.be\/eshs\/#website"},"primaryImageOfPage":{"@id":"https:\/\/web.umons.ac.be\/eshs\/fr\/ecole-dynamique\/journee-des-sciences-humaines-et-sociales\/#primaryimage"},"image":{"@id":"https:\/\/web.umons.ac.be\/eshs\/fr\/ecole-dynamique\/journee-des-sciences-humaines-et-sociales\/#primaryimage"},"thumbnailUrl":"https:\/\/web.umons.ac.be\/app\/uploads\/sites\/8\/2023\/03\/IMG_2833-scaled.jpeg","datePublished":"2023-03-30T08:42:35+00:00","dateModified":"2023-06-15T10:07:24+00:00","description":"Vous \u00eates enseignant.e ? Vous \u00eates \u00e9l\u00e8ve en 6\u00e8me ann\u00e9e secondaire ? Participez \u00e0 la Journ\u00e9e des Sciences humaines et sociales de l'UMONS.","breadcrumb":{"@id":"https:\/\/web.umons.ac.be\/eshs\/fr\/ecole-dynamique\/journee-des-sciences-humaines-et-sociales\/#breadcrumb"},"inLanguage":"fr-FR","potentialAction":[{"@type":"ReadAction","target":["https:\/\/web.umons.ac.be\/eshs\/fr\/ecole-dynamique\/journee-des-sciences-humaines-et-sociales\/"]}]},{"@type":"ImageObject","inLanguage":"fr-FR","@id":"https:\/\/web.umons.ac.be\/eshs\/fr\/ecole-dynamique\/journee-des-sciences-humaines-et-sociales\/#primaryimage","url":"https:\/\/web.umons.ac.be\/app\/uploads\/sites\/8\/2023\/03\/IMG_2833-scaled.jpeg","contentUrl":"https:\/\/web.umons.ac.be\/app\/uploads\/sites\/8\/2023\/03\/IMG_2833-scaled.jpeg","width":2560,"height":1920},{"@type":"BreadcrumbList","@id":"https:\/\/web.umons.ac.be\/eshs\/fr\/ecole-dynamique\/journee-des-sciences-humaines-et-sociales\/#breadcrumb","itemListElement":[{"@type":"ListItem","position":1,"name":"Accueil","item":"https:\/\/web.umons.ac.be\/eshs\/fr\/"},{"@type":"ListItem","position":2,"name":"Une \u00c9cole dynamique","item":"https:\/\/web.umons.ac.be\/eshs\/fr\/ecole-dynamique\/"},{"@type":"ListItem","position":3,"name":"Journ\u00e9e des Sciences humaines et sociales"}]},{"@type":"WebSite","@id":"https:\/\/web.umons.ac.be\/eshs\/#website","url":"https:\/\/web.umons.ac.be\/eshs\/","name":"Ecole \/ ESHS","description":"","potentialAction":[{"@type":"SearchAction","target":{"@type":"EntryPoint","urlTemplate":"https:\/\/web.umons.ac.be\/eshs\/?s={search_term_string}"},"query-input":{"@type":"PropertyValueSpecification","valueRequired":true,"valueName":"search_term_string"}}],"inLanguage":"fr-FR"}]}},"lang":"fr","translations":{"fr":1149},"pll_sync_post":[],"_links":{"self":[{"href":"https:\/\/web.umons.ac.be\/eshs\/wp-json\/wp\/v2\/pages\/1149","targetHints":{"allow":["GET"]}}],"collection":[{"href":"https:\/\/web.umons.ac.be\/eshs\/wp-json\/wp\/v2\/pages"}],"about":[{"href":"https:\/\/web.umons.ac.be\/eshs\/wp-json\/wp\/v2\/types\/page"}],"author":[{"embeddable":true,"href":"https:\/\/web.umons.ac.be\/eshs\/wp-json\/wp\/v2\/users\/43"}],"replies":[{"embeddable":true,"href":"https:\/\/web.umons.ac.be\/eshs\/wp-json\/wp\/v2\/comments?post=1149"}],"version-history":[{"count":3,"href":"https:\/\/web.umons.ac.be\/eshs\/wp-json\/wp\/v2\/pages\/1149\/revisions"}],"predecessor-version":[{"id":1203,"href":"https:\/\/web.umons.ac.be\/eshs\/wp-json\/wp\/v2\/pages\/1149\/revisions\/1203"}],"up":[{"embeddable":true,"href":"https:\/\/web.umons.ac.be\/eshs\/wp-json\/wp\/v2\/pages\/36"}],"wp:featuredmedia":[{"embeddable":true,"href":"https:\/\/web.umons.ac.be\/eshs\/wp-json\/wp\/v2\/media\/1152"}],"wp:attachment":[{"href":"https:\/\/web.umons.ac.be\/eshs\/wp-json\/wp\/v2\/media?parent=1149"}],"curies":[{"name":"wp","href":"https:\/\/api.w.org\/{rel}","templated":true}]}}