{"id":1171,"date":"2023-03-30T12:16:15","date_gmt":"2023-03-30T10:16:15","guid":{"rendered":"https:\/\/web.umons.ac.be\/eshs\/?page_id=1171"},"modified":"2025-11-20T15:33:56","modified_gmt":"2025-11-20T14:33:56","slug":"des-exposes-scientifiques-dans-les-ecoles-secondaires","status":"publish","type":"page","link":"https:\/\/web.umons.ac.be\/eshs\/fr\/ecole-dynamique\/des-exposes-scientifiques-dans-les-ecoles-secondaires\/","title":{"rendered":"Des expos\u00e9s scientifiques dans les \u00e9coles secondaires"},"content":{"rendered":"<p data-start=\"190\" data-end=\"390\">Vous souhaitez ouvrir votre classe au monde universitaire ? Invitez un\u00b7e scientifique de l\u2019\u00c9cole des Sciences Humaines et Sociales pour <strong data-start=\"328\" data-end=\"363\">pr\u00e9senter un sujet de recherche<\/strong> directement \u00e0 vos \u00e9l\u00e8ves !<\/p>\n<p data-start=\"392\" data-end=\"609\">Gr\u00e2ce au programme d\u2019expos\u00e9s scientifiques propos\u00e9 par l\u2019UMONS et le MUMONS, <strong data-start=\"469\" data-end=\"517\">de nombreux th\u00e8mes accessibles et captivants<\/strong> peuvent \u00eatre abord\u00e9s en classe. Pour vous inspirer, voici quelques sujets issus de l\u2019ESHS :<\/p>\n<ul data-start=\"611\" data-end=\"838\">\n<li data-start=\"611\" data-end=\"666\">\n<p data-start=\"613\" data-end=\"666\"><a href=\"https:\/\/mumons.be\/museum\/activites\/expose-n012-la-question-royale-en-belgique\/\" target=\"_blank\" rel=\"noopener\"><strong data-start=\"613\" data-end=\"647\">La question royale en Belgique<\/strong><\/a> &#8211; Serge Deruette<\/p>\n<\/li>\n<li data-start=\"667\" data-end=\"737\">\n<p data-start=\"669\" data-end=\"737\"><a href=\"https:\/\/mumons.be\/museum\/activites\/expose-n013-evolution-du-suffrage-universel-en-belgique\/\" target=\"_blank\" rel=\"noopener\"><strong data-start=\"669\" data-end=\"718\">L\u2019\u00e9volution du suffrage universel en Belgique<\/strong><\/a> &#8211; Serge Deruette<\/p>\n<\/li>\n<li data-start=\"738\" data-end=\"838\">\n<p data-start=\"740\" data-end=\"838\"><a href=\"https:\/\/mumons.be\/museum\/activites\/expose-n042-le-cure-meslier\/\" target=\"_blank\" rel=\"noopener\"><strong data-start=\"740\" data-end=\"819\">Le cur\u00e9 Meslier (1664-1729), fondateur de la premi\u00e8re th\u00e9orie de l\u2019ath\u00e9isme<\/strong><\/a> &#8211; Serge Deruette<\/p>\n<\/li>\n<\/ul>\n<h3 data-start=\"845\" data-end=\"902\">Pourquoi inviter un\u00b7e chercheur\u00b7e dans votre classe ?<\/h3>\n<p data-start=\"904\" data-end=\"965\">Un expos\u00e9 scientifique, c\u2019est l\u2019occasion pour vos \u00e9l\u00e8ves de :<\/p>\n<ul data-start=\"966\" data-end=\"1212\">\n<li data-start=\"966\" data-end=\"1016\">\n<p data-start=\"968\" data-end=\"1016\"><strong data-start=\"968\" data-end=\"1013\">illustrer concr\u00e8tement la mati\u00e8re \u00e9tudi\u00e9e<\/strong>,<\/p>\n<\/li>\n<li data-start=\"1017\" data-end=\"1062\">\n<p data-start=\"1019\" data-end=\"1062\"><strong data-start=\"1019\" data-end=\"1059\">comprendre son impact sur la soci\u00e9t\u00e9<\/strong>,<\/p>\n<\/li>\n<li data-start=\"1063\" data-end=\"1106\">\n<p data-start=\"1065\" data-end=\"1106\"><strong data-start=\"1065\" data-end=\"1103\">d\u00e9couvrir le monde de la recherche<\/strong>,<\/p>\n<\/li>\n<li data-start=\"1107\" data-end=\"1147\">\n<p data-start=\"1109\" data-end=\"1147\"><strong data-start=\"1109\" data-end=\"1144\">d\u00e9velopper leur esprit critique<\/strong>,<\/p>\n<\/li>\n<li data-start=\"1148\" data-end=\"1212\">\n<p data-start=\"1150\" data-end=\"1212\"><strong data-start=\"1150\" data-end=\"1178\">d\u00e9mystifier l\u2019universit\u00e9<\/strong> et envisager de futures \u00e9tudes.<\/p>\n<\/li>\n<\/ul>\n<p data-start=\"1214\" data-end=\"1308\">Bref : un moment stimulant, interactif et enrichissant, sous le signe du partage des savoirs !<\/p>\n<h3 data-start=\"1315\" data-end=\"1340\">Comment \u00e7a se passe ?<\/h3>\n<ol data-start=\"1342\" data-end=\"1652\">\n<li data-start=\"1342\" data-end=\"1423\">\n<p data-start=\"1345\" data-end=\"1423\"><a href=\"https:\/\/mumons.be\/museum\/activites\/catalogue-des-exposes-scientifiques-intemporel\/\" target=\"_blank\" rel=\"noopener\"><strong data-start=\"1345\" data-end=\"1397\">Consultez le catalogue des expos\u00e9s scientifiques<\/strong><\/a> et choisissez un sujet.<\/p>\n<\/li>\n<li data-start=\"1424\" data-end=\"1481\">\n<p data-start=\"1427\" data-end=\"1481\"><strong data-start=\"1427\" data-end=\"1479\"><a href=\"https:\/\/forms.office.com\/pages\/responsepage.aspx?id=ne2LSKfW1Ui6H-vsOCOzV1VEI0pNV1NFnQGXlrIGIERUQTdLM1NVVkJJQkxRNURXVExBUVFZT1o5Ui4u\" target=\"_blank\" rel=\"noopener\">Compl\u00e9tez le formulaire de r\u00e9servation en ligne<\/a>.<\/strong><\/p>\n<\/li>\n<li data-start=\"1482\" data-end=\"1577\">\n<p data-start=\"1485\" data-end=\"1577\">Votre demande est transmise \u00e0 l\u2019intervenant\u00b7e, qui vous contacte pour organiser la s\u00e9ance.<\/p>\n<\/li>\n<li data-start=\"1578\" data-end=\"1652\">\n<p data-start=\"1581\" data-end=\"1652\"><strong data-start=\"1581\" data-end=\"1652\">Le jour convenu, l\u2019expos\u00e9 est donn\u00e9 gratuitement dans votre classe.<\/strong><\/p>\n<\/li>\n<\/ol>\n<p data-start=\"1654\" data-end=\"1705\">Vous n\u2019avez plus qu\u2019\u00e0 en profiter avec vos \u00e9l\u00e8ves !<\/p>\n<h3 data-start=\"1712\" data-end=\"1728\">Bon \u00e0 savoir<\/h3>\n<ul data-start=\"1730\" data-end=\"2265\">\n<li data-start=\"1730\" data-end=\"1814\">\n<p data-start=\"1732\" data-end=\"1814\">La r\u00e9servation doit \u00eatre introduite <strong data-start=\"1768\" data-end=\"1811\">au moins 1 mois avant la date souhait\u00e9e<\/strong>.<\/p>\n<\/li>\n<li data-start=\"1815\" data-end=\"1885\">\n<p data-start=\"1817\" data-end=\"1885\">Les expos\u00e9s en pr\u00e9sentiel sont r\u00e9serv\u00e9s <strong data-start=\"1857\" data-end=\"1882\">aux \u00e9coles du Hainaut<\/strong>.<\/p>\n<\/li>\n<li data-start=\"1886\" data-end=\"2006\">\n<p data-start=\"1888\" data-end=\"2006\">Les conf\u00e9rences peuvent \u00e9galement \u00eatre donn\u00e9es <strong data-start=\"1935\" data-end=\"1947\">en ligne<\/strong>, sans restriction g\u00e9ographique (hors Belgique except\u00e9e).<\/p>\n<\/li>\n<li data-start=\"2007\" data-end=\"2171\">\n<p data-start=\"2009\" data-end=\"2171\">Pour des demandes particuli\u00e8res (ex. : <strong data-start=\"2048\" data-end=\"2093\">journ\u00e9e de conf\u00e9rences pour toute l\u2019\u00e9cole<\/strong>), contactez : <a href=\"mailto:exposes.mumons@umons.ac.be\"><strong data-start=\"2115\" data-end=\"2145\">exposes.mumons@umons.ac.be<\/strong><\/a>\u00a0<strong data-start=\"2153\" data-end=\"2169\">&#8211; 065 37 20 67<\/strong><\/p>\n<\/li>\n<li data-start=\"2172\" data-end=\"2265\">\n<p data-start=\"2174\" data-end=\"2265\">Plusieurs expos\u00e9s sont \u00e9galement disponibles <a href=\"https:\/\/www.youtube.com\/@MUMONS\/playlists\" target=\"_blank\" rel=\"noopener\"><strong data-start=\"2219\" data-end=\"2264\">en replay sur la cha\u00eene YouTube du MUMONS<\/strong><\/a>.<\/p>\n<\/li>\n<\/ul>\n<p><a href=\"https:\/\/mumons.be\/museum\/activites\/catalogue-des-exposes-scientifiques-intemporel\/\" target=\"_blank\" rel=\"noopener\"><img loading=\"lazy\" decoding=\"async\" class=\"aligncenter wp-image-2075 size-full\" src=\"https:\/\/web.umons.ac.be\/app\/uploads\/sites\/8\/2025\/11\/0BandeauCatalogueExposeScient-1024x366-1.jpg\" alt=\"\" width=\"1024\" height=\"366\" srcset=\"https:\/\/web.umons.ac.be\/app\/uploads\/sites\/8\/2025\/11\/0BandeauCatalogueExposeScient-1024x366-1.jpg 1024w, https:\/\/web.umons.ac.be\/app\/uploads\/sites\/8\/2025\/11\/0BandeauCatalogueExposeScient-1024x366-1-300x107.jpg 300w, https:\/\/web.umons.ac.be\/app\/uploads\/sites\/8\/2025\/11\/0BandeauCatalogueExposeScient-1024x366-1-768x275.jpg 768w, https:\/\/web.umons.ac.be\/app\/uploads\/sites\/8\/2025\/11\/0BandeauCatalogueExposeScient-1024x366-1-30x11.jpg 30w, https:\/\/web.umons.ac.be\/app\/uploads\/sites\/8\/2025\/11\/0BandeauCatalogueExposeScient-1024x366-1-60x21.jpg 60w, https:\/\/web.umons.ac.be\/app\/uploads\/sites\/8\/2025\/11\/0BandeauCatalogueExposeScient-1024x366-1-360x129.jpg 360w\" sizes=\"auto, (max-width: 1024px) 100vw, 1024px\" \/><\/a><\/p>\n","protected":false},"excerpt":{"rendered":"<p>Vous souhaitez ouvrir votre classe au monde universitaire ? Invitez un\u00b7e scientifique de l\u2019\u00c9cole des Sciences Humaines et Sociales pour pr\u00e9senter un sujet de recherche directement \u00e0 vos \u00e9l\u00e8ves ! Gr\u00e2ce au programme d\u2019expos\u00e9s scientifiques propos\u00e9 par l\u2019UMONS et le MUMONS, de nombreux th\u00e8mes accessibles et captivants peuvent \u00eatre abord\u00e9s en classe. Pour vous inspirer, [&hellip;]<\/p>\n","protected":false},"author":43,"featured_media":0,"parent":36,"menu_order":0,"comment_status":"closed","ping_status":"closed","template":"","meta":{"footnotes":""},"class_list":["post-1171","page","type-page","status-publish","hentry"],"yoast_head":"<!-- This site is optimized with the Yoast SEO plugin v27.2 - https:\/\/yoast.com\/product\/yoast-seo-wordpress\/ -->\n<title>Des expos\u00e9s scientifiques dans les \u00e9coles secondaires - Ecole \/ ESHS<\/title>\n<meta name=\"description\" content=\"Catalogue des expos\u00e9s scientifiques de l&#039;\u00c9cole des Sciences humaines et sociales. Gratuit pour les \u00e9coles secondaires. Comment r\u00e9server ?\" \/>\n<meta name=\"robots\" content=\"index, follow, max-snippet:-1, max-image-preview:large, max-video-preview:-1\" \/>\n<link rel=\"canonical\" href=\"https:\/\/web.umons.ac.be\/eshs\/fr\/ecole-dynamique\/des-exposes-scientifiques-dans-les-ecoles-secondaires\/\" \/>\n<meta property=\"og:locale\" content=\"fr_FR\" \/>\n<meta property=\"og:type\" content=\"article\" \/>\n<meta property=\"og:title\" content=\"Des expos\u00e9s scientifiques dans les \u00e9coles secondaires - Ecole \/ ESHS\" \/>\n<meta property=\"og:description\" content=\"Catalogue des expos\u00e9s scientifiques de l&#039;\u00c9cole des Sciences humaines et sociales. Gratuit pour les \u00e9coles secondaires. Comment r\u00e9server ?\" \/>\n<meta property=\"og:url\" content=\"https:\/\/web.umons.ac.be\/eshs\/fr\/ecole-dynamique\/des-exposes-scientifiques-dans-les-ecoles-secondaires\/\" \/>\n<meta property=\"og:site_name\" content=\"Ecole \/ ESHS\" \/>\n<meta property=\"article:modified_time\" content=\"2025-11-20T14:33:56+00:00\" \/>\n<meta property=\"og:image\" content=\"https:\/\/web.umons.ac.be\/app\/uploads\/sites\/8\/2025\/11\/0BandeauCatalogueExposeScient-1024x366-1.jpg\" \/>\n\t<meta property=\"og:image:width\" content=\"1024\" \/>\n\t<meta property=\"og:image:height\" content=\"366\" \/>\n\t<meta property=\"og:image:type\" content=\"image\/jpeg\" \/>\n<meta name=\"twitter:card\" content=\"summary_large_image\" \/>\n<meta name=\"twitter:label1\" content=\"Dur\u00e9e de lecture estim\u00e9e\" \/>\n\t<meta name=\"twitter:data1\" content=\"2 minutes\" \/>\n<script type=\"application\/ld+json\" class=\"yoast-schema-graph\">{\"@context\":\"https:\/\/schema.org\",\"@graph\":[{\"@type\":\"WebPage\",\"@id\":\"https:\/\/web.umons.ac.be\/eshs\/fr\/ecole-dynamique\/des-exposes-scientifiques-dans-les-ecoles-secondaires\/\",\"url\":\"https:\/\/web.umons.ac.be\/eshs\/fr\/ecole-dynamique\/des-exposes-scientifiques-dans-les-ecoles-secondaires\/\",\"name\":\"Des expos\u00e9s scientifiques dans les \u00e9coles secondaires - Ecole \/ ESHS\",\"isPartOf\":{\"@id\":\"https:\/\/web.umons.ac.be\/eshs\/#website\"},\"primaryImageOfPage\":{\"@id\":\"https:\/\/web.umons.ac.be\/eshs\/fr\/ecole-dynamique\/des-exposes-scientifiques-dans-les-ecoles-secondaires\/#primaryimage\"},\"image\":{\"@id\":\"https:\/\/web.umons.ac.be\/eshs\/fr\/ecole-dynamique\/des-exposes-scientifiques-dans-les-ecoles-secondaires\/#primaryimage\"},\"thumbnailUrl\":\"https:\/\/web.umons.ac.be\/app\/uploads\/sites\/8\/2025\/11\/0BandeauCatalogueExposeScient-1024x366-1.jpg\",\"datePublished\":\"2023-03-30T10:16:15+00:00\",\"dateModified\":\"2025-11-20T14:33:56+00:00\",\"description\":\"Catalogue des expos\u00e9s scientifiques de l'\u00c9cole des Sciences humaines et sociales. Gratuit pour les \u00e9coles secondaires. Comment r\u00e9server ?\",\"breadcrumb\":{\"@id\":\"https:\/\/web.umons.ac.be\/eshs\/fr\/ecole-dynamique\/des-exposes-scientifiques-dans-les-ecoles-secondaires\/#breadcrumb\"},\"inLanguage\":\"fr-FR\",\"potentialAction\":[{\"@type\":\"ReadAction\",\"target\":[\"https:\/\/web.umons.ac.be\/eshs\/fr\/ecole-dynamique\/des-exposes-scientifiques-dans-les-ecoles-secondaires\/\"]}]},{\"@type\":\"ImageObject\",\"inLanguage\":\"fr-FR\",\"@id\":\"https:\/\/web.umons.ac.be\/eshs\/fr\/ecole-dynamique\/des-exposes-scientifiques-dans-les-ecoles-secondaires\/#primaryimage\",\"url\":\"https:\/\/web.umons.ac.be\/app\/uploads\/sites\/8\/2025\/11\/0BandeauCatalogueExposeScient-1024x366-1.jpg\",\"contentUrl\":\"https:\/\/web.umons.ac.be\/app\/uploads\/sites\/8\/2025\/11\/0BandeauCatalogueExposeScient-1024x366-1.jpg\"},{\"@type\":\"BreadcrumbList\",\"@id\":\"https:\/\/web.umons.ac.be\/eshs\/fr\/ecole-dynamique\/des-exposes-scientifiques-dans-les-ecoles-secondaires\/#breadcrumb\",\"itemListElement\":[{\"@type\":\"ListItem\",\"position\":1,\"name\":\"Accueil\",\"item\":\"https:\/\/web.umons.ac.be\/eshs\/fr\/\"},{\"@type\":\"ListItem\",\"position\":2,\"name\":\"Une \u00c9cole dynamique\",\"item\":\"https:\/\/web.umons.ac.be\/eshs\/fr\/ecole-dynamique\/\"},{\"@type\":\"ListItem\",\"position\":3,\"name\":\"Des expos\u00e9s scientifiques dans les \u00e9coles secondaires\"}]},{\"@type\":\"WebSite\",\"@id\":\"https:\/\/web.umons.ac.be\/eshs\/#website\",\"url\":\"https:\/\/web.umons.ac.be\/eshs\/\",\"name\":\"Ecole \/ ESHS\",\"description\":\"\",\"potentialAction\":[{\"@type\":\"SearchAction\",\"target\":{\"@type\":\"EntryPoint\",\"urlTemplate\":\"https:\/\/web.umons.ac.be\/eshs\/?s={search_term_string}\"},\"query-input\":{\"@type\":\"PropertyValueSpecification\",\"valueRequired\":true,\"valueName\":\"search_term_string\"}}],\"inLanguage\":\"fr-FR\"}]}<\/script>\n<!-- \/ Yoast SEO plugin. -->","yoast_head_json":{"title":"Des expos\u00e9s scientifiques dans les \u00e9coles secondaires - Ecole \/ ESHS","description":"Catalogue des expos\u00e9s scientifiques de l'\u00c9cole des Sciences humaines et sociales. Gratuit pour les \u00e9coles secondaires. Comment r\u00e9server ?","robots":{"index":"index","follow":"follow","max-snippet":"max-snippet:-1","max-image-preview":"max-image-preview:large","max-video-preview":"max-video-preview:-1"},"canonical":"https:\/\/web.umons.ac.be\/eshs\/fr\/ecole-dynamique\/des-exposes-scientifiques-dans-les-ecoles-secondaires\/","og_locale":"fr_FR","og_type":"article","og_title":"Des expos\u00e9s scientifiques dans les \u00e9coles secondaires - Ecole \/ ESHS","og_description":"Catalogue des expos\u00e9s scientifiques de l'\u00c9cole des Sciences humaines et sociales. Gratuit pour les \u00e9coles secondaires. Comment r\u00e9server ?","og_url":"https:\/\/web.umons.ac.be\/eshs\/fr\/ecole-dynamique\/des-exposes-scientifiques-dans-les-ecoles-secondaires\/","og_site_name":"Ecole \/ ESHS","article_modified_time":"2025-11-20T14:33:56+00:00","og_image":[{"width":1024,"height":366,"url":"https:\/\/web.umons.ac.be\/app\/uploads\/sites\/8\/2025\/11\/0BandeauCatalogueExposeScient-1024x366-1.jpg","type":"image\/jpeg"}],"twitter_card":"summary_large_image","twitter_misc":{"Dur\u00e9e de lecture estim\u00e9e":"2 minutes"},"schema":{"@context":"https:\/\/schema.org","@graph":[{"@type":"WebPage","@id":"https:\/\/web.umons.ac.be\/eshs\/fr\/ecole-dynamique\/des-exposes-scientifiques-dans-les-ecoles-secondaires\/","url":"https:\/\/web.umons.ac.be\/eshs\/fr\/ecole-dynamique\/des-exposes-scientifiques-dans-les-ecoles-secondaires\/","name":"Des expos\u00e9s scientifiques dans les \u00e9coles secondaires - Ecole \/ ESHS","isPartOf":{"@id":"https:\/\/web.umons.ac.be\/eshs\/#website"},"primaryImageOfPage":{"@id":"https:\/\/web.umons.ac.be\/eshs\/fr\/ecole-dynamique\/des-exposes-scientifiques-dans-les-ecoles-secondaires\/#primaryimage"},"image":{"@id":"https:\/\/web.umons.ac.be\/eshs\/fr\/ecole-dynamique\/des-exposes-scientifiques-dans-les-ecoles-secondaires\/#primaryimage"},"thumbnailUrl":"https:\/\/web.umons.ac.be\/app\/uploads\/sites\/8\/2025\/11\/0BandeauCatalogueExposeScient-1024x366-1.jpg","datePublished":"2023-03-30T10:16:15+00:00","dateModified":"2025-11-20T14:33:56+00:00","description":"Catalogue des expos\u00e9s scientifiques de l'\u00c9cole des Sciences humaines et sociales. Gratuit pour les \u00e9coles secondaires. Comment r\u00e9server ?","breadcrumb":{"@id":"https:\/\/web.umons.ac.be\/eshs\/fr\/ecole-dynamique\/des-exposes-scientifiques-dans-les-ecoles-secondaires\/#breadcrumb"},"inLanguage":"fr-FR","potentialAction":[{"@type":"ReadAction","target":["https:\/\/web.umons.ac.be\/eshs\/fr\/ecole-dynamique\/des-exposes-scientifiques-dans-les-ecoles-secondaires\/"]}]},{"@type":"ImageObject","inLanguage":"fr-FR","@id":"https:\/\/web.umons.ac.be\/eshs\/fr\/ecole-dynamique\/des-exposes-scientifiques-dans-les-ecoles-secondaires\/#primaryimage","url":"https:\/\/web.umons.ac.be\/app\/uploads\/sites\/8\/2025\/11\/0BandeauCatalogueExposeScient-1024x366-1.jpg","contentUrl":"https:\/\/web.umons.ac.be\/app\/uploads\/sites\/8\/2025\/11\/0BandeauCatalogueExposeScient-1024x366-1.jpg"},{"@type":"BreadcrumbList","@id":"https:\/\/web.umons.ac.be\/eshs\/fr\/ecole-dynamique\/des-exposes-scientifiques-dans-les-ecoles-secondaires\/#breadcrumb","itemListElement":[{"@type":"ListItem","position":1,"name":"Accueil","item":"https:\/\/web.umons.ac.be\/eshs\/fr\/"},{"@type":"ListItem","position":2,"name":"Une \u00c9cole dynamique","item":"https:\/\/web.umons.ac.be\/eshs\/fr\/ecole-dynamique\/"},{"@type":"ListItem","position":3,"name":"Des expos\u00e9s scientifiques dans les \u00e9coles secondaires"}]},{"@type":"WebSite","@id":"https:\/\/web.umons.ac.be\/eshs\/#website","url":"https:\/\/web.umons.ac.be\/eshs\/","name":"Ecole \/ ESHS","description":"","potentialAction":[{"@type":"SearchAction","target":{"@type":"EntryPoint","urlTemplate":"https:\/\/web.umons.ac.be\/eshs\/?s={search_term_string}"},"query-input":{"@type":"PropertyValueSpecification","valueRequired":true,"valueName":"search_term_string"}}],"inLanguage":"fr-FR"}]}},"lang":"fr","translations":{"fr":1171},"pll_sync_post":[],"_links":{"self":[{"href":"https:\/\/web.umons.ac.be\/eshs\/wp-json\/wp\/v2\/pages\/1171","targetHints":{"allow":["GET"]}}],"collection":[{"href":"https:\/\/web.umons.ac.be\/eshs\/wp-json\/wp\/v2\/pages"}],"about":[{"href":"https:\/\/web.umons.ac.be\/eshs\/wp-json\/wp\/v2\/types\/page"}],"author":[{"embeddable":true,"href":"https:\/\/web.umons.ac.be\/eshs\/wp-json\/wp\/v2\/users\/43"}],"replies":[{"embeddable":true,"href":"https:\/\/web.umons.ac.be\/eshs\/wp-json\/wp\/v2\/comments?post=1171"}],"version-history":[{"count":3,"href":"https:\/\/web.umons.ac.be\/eshs\/wp-json\/wp\/v2\/pages\/1171\/revisions"}],"predecessor-version":[{"id":2081,"href":"https:\/\/web.umons.ac.be\/eshs\/wp-json\/wp\/v2\/pages\/1171\/revisions\/2081"}],"up":[{"embeddable":true,"href":"https:\/\/web.umons.ac.be\/eshs\/wp-json\/wp\/v2\/pages\/36"}],"wp:attachment":[{"href":"https:\/\/web.umons.ac.be\/eshs\/wp-json\/wp\/v2\/media?parent=1171"}],"curies":[{"name":"wp","href":"https:\/\/api.w.org\/{rel}","templated":true}]}}