{"id":198,"date":"2017-07-03T15:33:20","date_gmt":"2017-07-03T13:33:20","guid":{"rendered":"https:\/\/web.umons.ac.be\/eshs\/?page_id=198"},"modified":"2025-11-20T13:18:20","modified_gmt":"2025-11-20T12:18:20","slug":"bachelier","status":"publish","type":"page","link":"https:\/\/web.umons.ac.be\/eshs\/fr\/bachelier\/","title":{"rendered":"Bachelier"},"content":{"rendered":"<p data-start=\"64\" data-end=\"424\">L\u2019\u00c9cole des Sciences Humaines et Sociales (ESHS) vous propose le Bachelier en Sciences Humaines et Sociales (BSHS) : une formation riche, polyvalente et pluridisciplinaire, organis\u00e9e en 3 ans. Son objectif ? Vous faire d\u00e9couvrir les multiples domaines des sciences humaines et sociales, tout en vous pr\u00e9parant au Master qui correspond \u00e0 votre projet.<\/p>\n<p data-start=\"426\" data-end=\"678\">La force du BSHS r\u00e9side dans son large acc\u00e8s \u00e0 de nombreux masters : sciences politiques, politique \u00e9conomique et sociale, information-communication, sociologie, anthropologie, gestion des ressources humaines et bien d\u2019autres encore.<\/p>\n<h4 data-start=\"680\" data-end=\"788\">Vous avez d\u00e9j\u00e0 une id\u00e9e pr\u00e9cise ?<\/h4>\n<p data-start=\"680\" data-end=\"788\">Le BSHS est la voie id\u00e9ale pour acc\u00e9der au Master que vous visez.<\/p>\n<h4 data-start=\"790\" data-end=\"944\">Vous h\u00e9sitez encore ?<\/h4>\n<p data-start=\"790\" data-end=\"944\">Le BSHS vous permet d\u2019explorer plusieurs disciplines afin de construire progressivement votre projet et faire le bon choix.<\/p>\n<p>&nbsp;<\/p>\n<hr \/>\n<h5>A Mons :<\/h5>\n<start-cask-shortcode-wrapper><article class=\"shortcode-training training-small content-block scheme-eshs\">\n\t<a href=\"https:\/\/web.umons.ac.be\/eshs\/fr\/formations\/ba-schums\/\" class=\"training-link scheme-border-hover\">\n\t\t<header class=\"training-small-header\">\n\t\t\t<div class=\"training-small-entity scheme-color\">\n\t\t\t\tEcole \/ ESHS\t\t\t\t\t           \t<img decoding=\"async\" src=\"https:\/\/web.umons.ac.be\/app\/uploads\/sites\/8\/2017\/05\/ESHS.png\" class=\"training-small-entity-logo\" alt=\"Ic\u00f4ne de Ecole \/ ESHS\">\n\t        \t\t\t\t<\/div>\n\t\t\t<div class=\"training-small-degree\">\n\t\t\t\tBachelier en\t\t\t<\/div>\n\n\t\t\t<h1 class=\"training-small-title\">Sciences Humaines et Sociales<\/h1>\n\n\t\t\t\t\t<\/header>\n\t\t\t\t<div class=\"training-small-content\">\n\t\t\t<div class=\"training-small-location\">\n\t\t\t\t<span class=\"icon umons-icon-pin\" aria-hidden=\"true\"><\/span>\n\t\t\t\t<span class=\"location\">Mons<\/span>\n\t\t\t<\/div>\n\n\t\t\t\t\t\t<div class=\"training-small-side-info\">\n\t\t\t\t<ul class=\"training-small-side-info-list\">\n\t\t\t\t\t\t\t\t\t\t<li>\n\t\t\t\t\t\t<div class=\"training-single-schedule\">\n\t\t\t\t\t\t\t<div class=\"label\">Horaire<\/div>\n\t\t\t\t\t\t\t<div class=\"value\">Horaire de jour<\/div>\n\t\t\t\t\t\t<\/div>\n\t\t\t\t\t<\/li>\n\t\t\t\t\t\t\t\t\t\t\t\t\t\t\t<li>\n\t\t\t\t\t\t<div class=\"training-single-credits\">\n\t\t\t\t\t\t\t<div class=\"label\">Cr\u00e9dits ECTS<\/div>\n\t\t\t\t\t\t\t<div class=\"value\">180<\/div>\n\t\t\t\t\t\t<\/div>\n\t\t\t\t\t<\/li>\n\t\t\t\t\t\t\t\t\t\t\t\t\t\t\t<li>\n\t\t\t\t\t\t<div class=\"training-single-languages\">\n\t\t\t\t\t\t\t<div class=\"label\">Langue<\/div>\n\t\t\t\t\t\t\t<div class=\"value\">\n\t\t\t\t\t\t\t\t<span class=\"lang\">Fran\u00e7ais<\/span>\n\t\t\t\t\t\t\t<\/div>\n\t\t\t\t\t\t<\/div>\n\t\t\t\t\t<\/li>\n\t\t\t\t\t\t\t\t\t<\/ul>\n\t\t\t<\/div>\n\t\t\t\t\t<\/div>\n\t\t\t<\/a>\n<\/article>\n<end-cask-shortcode-wrapper>\n<h5>A Charleroi :<\/h5>\n<start-cask-shortcode-wrapper><article class=\"shortcode-training training-small content-block scheme-eshs\">\n\t<a href=\"https:\/\/web.umons.ac.be\/eshs\/fr\/formations\/ba-schums-c\/\" class=\"training-link scheme-border-hover\">\n\t\t<header class=\"training-small-header\">\n\t\t\t<div class=\"training-small-entity scheme-color\">\n\t\t\t\tEcole \/ ESHS\t\t\t\t\t           \t<img decoding=\"async\" src=\"https:\/\/web.umons.ac.be\/app\/uploads\/sites\/8\/2017\/05\/ESHS.png\" class=\"training-small-entity-logo\" alt=\"Ic\u00f4ne de Ecole \/ ESHS\">\n\t        \t\t\t\t<\/div>\n\t\t\t<div class=\"training-small-degree\">\n\t\t\t\tBachelier en\t\t\t<\/div>\n\n\t\t\t<h1 class=\"training-small-title\">Sciences Humaines et Sociales<\/h1>\n\n\t\t\t\t\t<\/header>\n\t\t\t\t<div class=\"training-small-content\">\n\t\t\t<div class=\"training-small-location\">\n\t\t\t\t<span class=\"icon umons-icon-pin\" aria-hidden=\"true\"><\/span>\n\t\t\t\t<span class=\"location\">Charleroi<\/span>\n\t\t\t<\/div>\n\n\t\t\t\t\t\t<div class=\"training-small-side-info\">\n\t\t\t\t<ul class=\"training-small-side-info-list\">\n\t\t\t\t\t\t\t\t\t\t<li>\n\t\t\t\t\t\t<div class=\"training-single-schedule\">\n\t\t\t\t\t\t\t<div class=\"label\">Horaire<\/div>\n\t\t\t\t\t\t\t<div class=\"value\">Horaire de jour<\/div>\n\t\t\t\t\t\t<\/div>\n\t\t\t\t\t<\/li>\n\t\t\t\t\t\t\t\t\t\t\t\t\t\t\t<li>\n\t\t\t\t\t\t<div class=\"training-single-credits\">\n\t\t\t\t\t\t\t<div class=\"label\">Cr\u00e9dits ECTS<\/div>\n\t\t\t\t\t\t\t<div class=\"value\">180<\/div>\n\t\t\t\t\t\t<\/div>\n\t\t\t\t\t<\/li>\n\t\t\t\t\t\t\t\t\t\t\t\t\t\t\t<li>\n\t\t\t\t\t\t<div class=\"training-single-languages\">\n\t\t\t\t\t\t\t<div class=\"label\">Langue<\/div>\n\t\t\t\t\t\t\t<div class=\"value\">\n\t\t\t\t\t\t\t\t<span class=\"lang\">Fran\u00e7ais<\/span>\n\t\t\t\t\t\t\t<\/div>\n\t\t\t\t\t\t<\/div>\n\t\t\t\t\t<\/li>\n\t\t\t\t\t\t\t\t\t<\/ul>\n\t\t\t<\/div>\n\t\t\t\t\t<\/div>\n\t\t\t<\/a>\n<\/article>\n<end-cask-shortcode-wrapper>\n","protected":false},"excerpt":{"rendered":"<p>L\u2019\u00c9cole des Sciences Humaines et Sociales (ESHS) vous propose le Bachelier en Sciences Humaines et Sociales (BSHS) : une formation riche, polyvalente et pluridisciplinaire, organis\u00e9e en 3 ans. Son objectif ? Vous faire d\u00e9couvrir les multiples domaines des sciences humaines et sociales, tout en vous pr\u00e9parant au Master qui correspond \u00e0 votre projet. La force [&hellip;]<\/p>\n","protected":false},"author":2,"featured_media":0,"parent":0,"menu_order":1,"comment_status":"closed","ping_status":"closed","template":"","meta":{"footnotes":""},"class_list":["post-198","page","type-page","status-publish","hentry"],"yoast_head":"<!-- This site is optimized with the Yoast SEO plugin v27.2 - https:\/\/yoast.com\/product\/yoast-seo-wordpress\/ -->\n<title>Bachelier - Ecole \/ ESHS<\/title>\n<meta name=\"robots\" content=\"index, follow, max-snippet:-1, max-image-preview:large, max-video-preview:-1\" \/>\n<link rel=\"canonical\" href=\"https:\/\/web.umons.ac.be\/eshs\/fr\/bachelier\/\" \/>\n<meta property=\"og:locale\" content=\"fr_FR\" \/>\n<meta property=\"og:type\" content=\"article\" \/>\n<meta property=\"og:title\" content=\"Bachelier - Ecole \/ ESHS\" \/>\n<meta property=\"og:description\" content=\"L\u2019\u00c9cole des Sciences Humaines et Sociales (ESHS) vous propose le Bachelier en Sciences Humaines et Sociales (BSHS) : une formation riche, polyvalente et pluridisciplinaire, organis\u00e9e en 3 ans. Son objectif ? Vous faire d\u00e9couvrir les multiples domaines des sciences humaines et sociales, tout en vous pr\u00e9parant au Master qui correspond \u00e0 votre projet. La force [&hellip;]\" \/>\n<meta property=\"og:url\" content=\"https:\/\/web.umons.ac.be\/eshs\/fr\/bachelier\/\" \/>\n<meta property=\"og:site_name\" content=\"Ecole \/ ESHS\" \/>\n<meta property=\"article:modified_time\" content=\"2025-11-20T12:18:20+00:00\" \/>\n<meta name=\"twitter:card\" content=\"summary_large_image\" \/>\n<meta name=\"twitter:label1\" content=\"Dur\u00e9e de lecture estim\u00e9e\" \/>\n\t<meta name=\"twitter:data1\" content=\"1 minute\" \/>\n<script type=\"application\/ld+json\" class=\"yoast-schema-graph\">{\"@context\":\"https:\/\/schema.org\",\"@graph\":[{\"@type\":\"WebPage\",\"@id\":\"https:\/\/web.umons.ac.be\/eshs\/fr\/bachelier\/\",\"url\":\"https:\/\/web.umons.ac.be\/eshs\/fr\/bachelier\/\",\"name\":\"Bachelier - Ecole \/ ESHS\",\"isPartOf\":{\"@id\":\"https:\/\/web.umons.ac.be\/eshs\/#website\"},\"datePublished\":\"2017-07-03T13:33:20+00:00\",\"dateModified\":\"2025-11-20T12:18:20+00:00\",\"breadcrumb\":{\"@id\":\"https:\/\/web.umons.ac.be\/eshs\/fr\/bachelier\/#breadcrumb\"},\"inLanguage\":\"fr-FR\",\"potentialAction\":[{\"@type\":\"ReadAction\",\"target\":[\"https:\/\/web.umons.ac.be\/eshs\/fr\/bachelier\/\"]}]},{\"@type\":\"BreadcrumbList\",\"@id\":\"https:\/\/web.umons.ac.be\/eshs\/fr\/bachelier\/#breadcrumb\",\"itemListElement\":[{\"@type\":\"ListItem\",\"position\":1,\"name\":\"Accueil\",\"item\":\"https:\/\/web.umons.ac.be\/eshs\/fr\/\"},{\"@type\":\"ListItem\",\"position\":2,\"name\":\"Bachelier\"}]},{\"@type\":\"WebSite\",\"@id\":\"https:\/\/web.umons.ac.be\/eshs\/#website\",\"url\":\"https:\/\/web.umons.ac.be\/eshs\/\",\"name\":\"Ecole \/ ESHS\",\"description\":\"\",\"potentialAction\":[{\"@type\":\"SearchAction\",\"target\":{\"@type\":\"EntryPoint\",\"urlTemplate\":\"https:\/\/web.umons.ac.be\/eshs\/?s={search_term_string}\"},\"query-input\":{\"@type\":\"PropertyValueSpecification\",\"valueRequired\":true,\"valueName\":\"search_term_string\"}}],\"inLanguage\":\"fr-FR\"}]}<\/script>\n<!-- \/ Yoast SEO plugin. -->","yoast_head_json":{"title":"Bachelier - Ecole \/ ESHS","robots":{"index":"index","follow":"follow","max-snippet":"max-snippet:-1","max-image-preview":"max-image-preview:large","max-video-preview":"max-video-preview:-1"},"canonical":"https:\/\/web.umons.ac.be\/eshs\/fr\/bachelier\/","og_locale":"fr_FR","og_type":"article","og_title":"Bachelier - Ecole \/ ESHS","og_description":"L\u2019\u00c9cole des Sciences Humaines et Sociales (ESHS) vous propose le Bachelier en Sciences Humaines et Sociales (BSHS) : une formation riche, polyvalente et pluridisciplinaire, organis\u00e9e en 3 ans. Son objectif ? Vous faire d\u00e9couvrir les multiples domaines des sciences humaines et sociales, tout en vous pr\u00e9parant au Master qui correspond \u00e0 votre projet. La force [&hellip;]","og_url":"https:\/\/web.umons.ac.be\/eshs\/fr\/bachelier\/","og_site_name":"Ecole \/ ESHS","article_modified_time":"2025-11-20T12:18:20+00:00","twitter_card":"summary_large_image","twitter_misc":{"Dur\u00e9e de lecture estim\u00e9e":"1 minute"},"schema":{"@context":"https:\/\/schema.org","@graph":[{"@type":"WebPage","@id":"https:\/\/web.umons.ac.be\/eshs\/fr\/bachelier\/","url":"https:\/\/web.umons.ac.be\/eshs\/fr\/bachelier\/","name":"Bachelier - Ecole \/ ESHS","isPartOf":{"@id":"https:\/\/web.umons.ac.be\/eshs\/#website"},"datePublished":"2017-07-03T13:33:20+00:00","dateModified":"2025-11-20T12:18:20+00:00","breadcrumb":{"@id":"https:\/\/web.umons.ac.be\/eshs\/fr\/bachelier\/#breadcrumb"},"inLanguage":"fr-FR","potentialAction":[{"@type":"ReadAction","target":["https:\/\/web.umons.ac.be\/eshs\/fr\/bachelier\/"]}]},{"@type":"BreadcrumbList","@id":"https:\/\/web.umons.ac.be\/eshs\/fr\/bachelier\/#breadcrumb","itemListElement":[{"@type":"ListItem","position":1,"name":"Accueil","item":"https:\/\/web.umons.ac.be\/eshs\/fr\/"},{"@type":"ListItem","position":2,"name":"Bachelier"}]},{"@type":"WebSite","@id":"https:\/\/web.umons.ac.be\/eshs\/#website","url":"https:\/\/web.umons.ac.be\/eshs\/","name":"Ecole \/ ESHS","description":"","potentialAction":[{"@type":"SearchAction","target":{"@type":"EntryPoint","urlTemplate":"https:\/\/web.umons.ac.be\/eshs\/?s={search_term_string}"},"query-input":{"@type":"PropertyValueSpecification","valueRequired":true,"valueName":"search_term_string"}}],"inLanguage":"fr-FR"}]}},"lang":"fr","translations":{"fr":198,"en":358},"pll_sync_post":[],"_links":{"self":[{"href":"https:\/\/web.umons.ac.be\/eshs\/wp-json\/wp\/v2\/pages\/198","targetHints":{"allow":["GET"]}}],"collection":[{"href":"https:\/\/web.umons.ac.be\/eshs\/wp-json\/wp\/v2\/pages"}],"about":[{"href":"https:\/\/web.umons.ac.be\/eshs\/wp-json\/wp\/v2\/types\/page"}],"author":[{"embeddable":true,"href":"https:\/\/web.umons.ac.be\/eshs\/wp-json\/wp\/v2\/users\/2"}],"replies":[{"embeddable":true,"href":"https:\/\/web.umons.ac.be\/eshs\/wp-json\/wp\/v2\/comments?post=198"}],"version-history":[{"count":3,"href":"https:\/\/web.umons.ac.be\/eshs\/wp-json\/wp\/v2\/pages\/198\/revisions"}],"predecessor-version":[{"id":2001,"href":"https:\/\/web.umons.ac.be\/eshs\/wp-json\/wp\/v2\/pages\/198\/revisions\/2001"}],"wp:attachment":[{"href":"https:\/\/web.umons.ac.be\/eshs\/wp-json\/wp\/v2\/media?parent=198"}],"curies":[{"name":"wp","href":"https:\/\/api.w.org\/{rel}","templated":true}]}}