{"id":2236,"date":"2026-03-18T13:22:49","date_gmt":"2026-03-18T12:22:49","guid":{"rendered":"https:\/\/web.umons.ac.be\/eshs\/?page_id=2236"},"modified":"2026-04-09T10:18:45","modified_gmt":"2026-04-09T08:18:45","slug":"service-de-sociologie-et-anthropologie","status":"publish","type":"page","link":"https:\/\/web.umons.ac.be\/eshs\/fr\/activites-de-recherche\/services-denseignement-et-de-recherche\/service-de-sociologie-et-anthropologie\/","title":{"rendered":"Service de Sociologie et Anthropologie"},"content":{"rendered":"<p data-start=\"91\" data-end=\"280\">Le Service de Sociologie et Anthropologie d\u00e9veloppe des activit\u00e9s d\u2019enseignement et de recherche centr\u00e9es sur l\u2019analyse des transformations sociales, culturelles et environnementales.<\/p>\n<p data-start=\"282\" data-end=\"496\">Ses membres interviennent dans plusieurs programmes de l\u2019\u00c9cole des Sciences Humaines et Sociales, notamment le Bachelier en Sciences Humaines et Sociales et le Master en Transitions et Innovations Sociales (METIS).<\/p>\n<h3 data-section-id=\"1h0bqri\" data-start=\"503\" data-end=\"532\">Programmes d\u2019enseignement<\/h3>\n<p data-start=\"534\" data-end=\"674\"><strong data-start=\"534\" data-end=\"580\">Bachelier en Sciences Humaines et Sociales<\/strong><br data-start=\"580\" data-end=\"583\" \/>Introduction aux approches sociologiques et anthropologiques et \u00e0 leurs m\u00e9thodes d\u2019analyse.<\/p>\n<start-cask-shortcode-wrapper><article class=\"shortcode-training training-small content-block scheme-eshs\">\n\t<a href=\"https:\/\/web.umons.ac.be\/eshs\/fr\/formations\/ba-schums\/\" class=\"training-link scheme-border-hover\">\n\t\t<header class=\"training-small-header\">\n\t\t\t<div class=\"training-small-entity scheme-color\">\n\t\t\t\tEcole \/ ESHS\t\t\t\t\t           \t<img decoding=\"async\" src=\"https:\/\/web.umons.ac.be\/app\/uploads\/sites\/8\/2017\/05\/ESHS.png\" class=\"training-small-entity-logo\" alt=\"Ic\u00f4ne de Ecole \/ ESHS\">\n\t        \t\t\t\t<\/div>\n\t\t\t<div class=\"training-small-degree\">\n\t\t\t\tBachelier en\t\t\t<\/div>\n\n\t\t\t<h1 class=\"training-small-title\">Sciences Humaines et Sociales<\/h1>\n\n\t\t\t\t\t<\/header>\n\t\t\t\t<div class=\"training-small-content\">\n\t\t\t<div class=\"training-small-location\">\n\t\t\t\t<span class=\"icon umons-icon-pin\" aria-hidden=\"true\"><\/span>\n\t\t\t\t<span class=\"location\">Mons<\/span>\n\t\t\t<\/div>\n\n\t\t\t\t\t\t<div class=\"training-small-side-info\">\n\t\t\t\t<ul class=\"training-small-side-info-list\">\n\t\t\t\t\t\t\t\t\t\t<li>\n\t\t\t\t\t\t<div class=\"training-single-schedule\">\n\t\t\t\t\t\t\t<div class=\"label\">Horaire<\/div>\n\t\t\t\t\t\t\t<div class=\"value\">Horaire de jour<\/div>\n\t\t\t\t\t\t<\/div>\n\t\t\t\t\t<\/li>\n\t\t\t\t\t\t\t\t\t\t\t\t\t\t\t<li>\n\t\t\t\t\t\t<div class=\"training-single-credits\">\n\t\t\t\t\t\t\t<div class=\"label\">Cr\u00e9dits ECTS<\/div>\n\t\t\t\t\t\t\t<div class=\"value\">180<\/div>\n\t\t\t\t\t\t<\/div>\n\t\t\t\t\t<\/li>\n\t\t\t\t\t\t\t\t\t\t\t\t\t\t\t<li>\n\t\t\t\t\t\t<div class=\"training-single-languages\">\n\t\t\t\t\t\t\t<div class=\"label\">Langue<\/div>\n\t\t\t\t\t\t\t<div class=\"value\">\n\t\t\t\t\t\t\t\t<span class=\"lang\">Fran\u00e7ais<\/span>\n\t\t\t\t\t\t\t<\/div>\n\t\t\t\t\t\t<\/div>\n\t\t\t\t\t<\/li>\n\t\t\t\t\t\t\t\t\t<\/ul>\n\t\t\t<\/div>\n\t\t\t\t\t<\/div>\n\t\t\t<\/a>\n<\/article>\n<end-cask-shortcode-wrapper>\n<p data-start=\"676\" data-end=\"836\"><strong data-start=\"676\" data-end=\"733\">Master en Transitions et Innovations Sociales (METIS)<\/strong><br data-start=\"733\" data-end=\"736\" \/>Approche interdisciplinaire des transformations sociales, \u00e9cologiques et \u00e9conomiques contemporaines.<\/p>\n<start-cask-shortcode-wrapper><article class=\"shortcode-training training-small content-block scheme-eshs\">\n\t<a href=\"https:\/\/web.umons.ac.be\/eshs\/fr\/formations\/m2-metiss\/\" class=\"training-link scheme-border-hover\">\n\t\t<header class=\"training-small-header\">\n\t\t\t<div class=\"training-small-entity scheme-color\">\n\t\t\t\tEcole \/ ESHS\t\t\t\t\t           \t<img decoding=\"async\" src=\"https:\/\/web.umons.ac.be\/app\/uploads\/sites\/8\/2017\/05\/ESHS.png\" class=\"training-small-entity-logo\" alt=\"Ic\u00f4ne de Ecole \/ ESHS\">\n\t        \t\t\t\t<\/div>\n\t\t\t<div class=\"training-small-degree\">\n\t\t\t\tMaster en\t\t\t<\/div>\n\n\t\t\t<h1 class=\"training-small-title\">Transitions et innovations sociales (METIS)<\/h1>\n\n\t\t\t\t\t<\/header>\n\t\t\t\t<div class=\"training-small-content\">\n\t\t\t<div class=\"training-small-location\">\n\t\t\t\t<span class=\"icon umons-icon-pin\" aria-hidden=\"true\"><\/span>\n\t\t\t\t<span class=\"location\">Mons<\/span>\n\t\t\t<\/div>\n\n\t\t\t\t\t\t<div class=\"training-small-side-info\">\n\t\t\t\t<ul class=\"training-small-side-info-list\">\n\t\t\t\t\t\t\t\t\t\t<li>\n\t\t\t\t\t\t<div class=\"training-single-schedule\">\n\t\t\t\t\t\t\t<div class=\"label\">Horaire<\/div>\n\t\t\t\t\t\t\t<div class=\"value\">Horaire de jour<\/div>\n\t\t\t\t\t\t<\/div>\n\t\t\t\t\t<\/li>\n\t\t\t\t\t\t\t\t\t\t\t\t\t\t\t<li>\n\t\t\t\t\t\t<div class=\"training-single-credits\">\n\t\t\t\t\t\t\t<div class=\"label\">Cr\u00e9dits ECTS<\/div>\n\t\t\t\t\t\t\t<div class=\"value\">120<\/div>\n\t\t\t\t\t\t<\/div>\n\t\t\t\t\t<\/li>\n\t\t\t\t\t\t\t\t\t\t\t\t\t\t\t<li>\n\t\t\t\t\t\t<div class=\"training-single-languages\">\n\t\t\t\t\t\t\t<div class=\"label\">Langue<\/div>\n\t\t\t\t\t\t\t<div class=\"value\">\n\t\t\t\t\t\t\t\t<span class=\"lang\">Fran\u00e7ais<\/span>\n\t\t\t\t\t\t\t<\/div>\n\t\t\t\t\t\t<\/div>\n\t\t\t\t\t<\/li>\n\t\t\t\t\t\t\t\t\t<\/ul>\n\t\t\t<\/div>\n\t\t\t\t\t<\/div>\n\t\t\t<\/a>\n<\/article>\n<end-cask-shortcode-wrapper>\n<h3 data-section-id=\"92tl3x\" data-start=\"843\" data-end=\"871\">Exemples d\u2019enseignements<\/h3>\n<p data-start=\"873\" data-end=\"890\"><strong data-start=\"873\" data-end=\"890\">Anthropologie<\/strong><\/p>\n<ul data-start=\"891\" data-end=\"1053\">\n<li data-section-id=\"15ptrov\" data-start=\"891\" data-end=\"916\">\n<p data-start=\"893\" data-end=\"916\">Anthropologie sociale<\/p>\n<\/li>\n<li data-section-id=\"1dcimv8\" data-start=\"917\" data-end=\"947\">\n<p data-start=\"919\" data-end=\"947\">Anthropologie de la nature<\/p>\n<\/li>\n<li data-section-id=\"1cswhbw\" data-start=\"948\" data-end=\"977\">\n<p data-start=\"950\" data-end=\"977\">Anthropologie d\u00e9coloniale<\/p>\n<\/li>\n<li data-section-id=\"88t6ww\" data-start=\"978\" data-end=\"1017\">\n<p data-start=\"980\" data-end=\"1017\">\u00c9l\u00e9ments d\u2019anthropologie \u00e9conomique<\/p>\n<\/li>\n<li data-section-id=\"y4rslt\" data-start=\"1018\" data-end=\"1053\">\n<p data-start=\"1020\" data-end=\"1053\">M\u00e9thodologie de l\u2019anthropologie<\/p>\n<\/li>\n<\/ul>\n<p data-start=\"1055\" data-end=\"1069\"><strong data-start=\"1055\" data-end=\"1069\">Sociologie<\/strong><\/p>\n<ul data-start=\"1070\" data-end=\"1169\">\n<li data-section-id=\"1gmaide\" data-start=\"1070\" data-end=\"1108\">\n<p data-start=\"1072\" data-end=\"1108\">Histoire de la pens\u00e9e sociologique<\/p>\n<\/li>\n<li data-section-id=\"1bb31xh\" data-start=\"1109\" data-end=\"1136\">\n<p data-start=\"1111\" data-end=\"1136\">Questions de sociologie<\/p>\n<\/li>\n<li data-section-id=\"pn20yr\" data-start=\"1137\" data-end=\"1169\">\n<p data-start=\"1139\" data-end=\"1169\">Sociologie et mondialisation<\/p>\n<\/li>\n<\/ul>\n<p data-start=\"1171\" data-end=\"1201\"><strong data-start=\"1171\" data-end=\"1201\">Th\u00e9matiques contemporaines<\/strong><\/p>\n<ul data-start=\"1202\" data-end=\"1423\">\n<li data-section-id=\"mj1n4n\" data-start=\"1202\" data-end=\"1216\">\n<p data-start=\"1204\" data-end=\"1216\">Migrations<\/p>\n<\/li>\n<li data-section-id=\"1a7f44w\" data-start=\"1217\" data-end=\"1248\">\n<p data-start=\"1219\" data-end=\"1248\">Transformations \u00e9cologiques<\/p>\n<\/li>\n<li data-section-id=\"1ivamtf\" data-start=\"1249\" data-end=\"1287\">\n<p data-start=\"1251\" data-end=\"1287\">Sciences, technologies et soci\u00e9t\u00e9s<\/p>\n<\/li>\n<li data-section-id=\"92e465\" data-start=\"1288\" data-end=\"1325\">\n<p data-start=\"1290\" data-end=\"1325\">\u00c9cologie sociale et biens communs<\/p>\n<\/li>\n<li data-section-id=\"65icfb\" data-start=\"1326\" data-end=\"1348\">\n<p data-start=\"1328\" data-end=\"1348\">Mutations sociales<\/p>\n<\/li>\n<li data-section-id=\"9u9sbj\" data-start=\"1349\" data-end=\"1383\">\n<p data-start=\"1351\" data-end=\"1383\">Socio-\u00e9cologie des transitions<\/p>\n<\/li>\n<li data-section-id=\"9qkdnd\" data-start=\"1384\" data-end=\"1423\">\n<p data-start=\"1386\" data-end=\"1423\">S\u00e9minaire de recherche participante<\/p>\n<\/li>\n<\/ul>\n<h3 data-section-id=\"ataw5x\" data-start=\"1430\" data-end=\"1483\">Une approche ancr\u00e9e dans les enjeux contemporains<\/h3>\n<p data-start=\"1485\" data-end=\"1669\">Les enseignements d\u00e9veloppent une compr\u00e9hension critique des dynamiques sociales, culturelles, politiques et environnementales, en articulant apports th\u00e9oriques et analyses de terrain.<\/p>\n<h3 data-section-id=\"c6541j\" data-start=\"481\" data-end=\"491\">\u00c9quipe<\/h3>\n<p data-start=\"493\" data-end=\"713\">Le service r\u00e9unit des professeur\u00b7es, charg\u00e9\u00b7es de cours, chercheur\u00b7es, assistant\u00b7es et doctorant\u00b7es engag\u00e9\u00b7es dans des recherches portant sur les transformations sociales, culturelles et environnementales contemporaines.<\/p>\n<p data-start=\"715\" data-end=\"733\"><a href=\"https:\/\/web.umons.ac.be\/eshs\/fr\/activites-de-recherche\/services-denseignement-et-de-recherche\/service-de-sociologie-et-anthropologie\/equipe-du-service-de-sociologie-et-anthropologie\/\">D\u00e9couvrir l\u2019\u00e9quipe<\/a><\/p>\n<h3 data-start=\"715\" data-end=\"733\">Publications<\/h3>\n<start-cask-shortcode-wrapper><style>\n\t.publications-collection {\n\t\tmargin: 1em 0;\n\t\tpadding: 1em 3em;\n\t\tbackground-color: #f9f9f9;\n\t\tborder: 1px solid #e5e5e5;\n\t}\n\t.collection-link {\n\t\tmargin-top: 1em !important;\n\t\tmargin-bottom: 0 !important;\n\t}\n\t.orbi-introduction {\n\t\tpadding: 15px 0;\n\t\tdisplay: flex;\n\t\tflex-direction: column;\n\t\talign-items: center;\n\t\tgap: 20px;\n\t}\n\t.orbi-introduction img {\n\t\tmax-height: 60px;\n\t}\n\t@media print, screen and (min-width: 48.75em) {\n\t\t.orbi-introduction {\n\t\t\tflex-direction: row;\n\t\t\tjustify-content: space-between;\n\t\t\tgap: 3rem;\n\t\t\talign-items: center;\n\t\t}\n\t}\n<\/style>\n<div class=\"publications-collection content-blockeshs\">\n\t\t<div class=\"orbi-introduction\">\n\t\t<img decoding=\"async\" src=\"\/app\/themes\/umons\/assets\/img\/layout\/orbi.png\" alt=\"ORBI\">\n\t\t<p>\n\t\t\tL\u2019UMONS dispose d\u2019un <strong>d\u00e9p\u00f4t<\/strong> institutionnel, <strong>ORBI<\/strong>, qui comprend de tr\u00e8s nombreuses r\u00e9f\u00e9rences et textes int\u00e9graux de publications, dont une bonne part en Open access.\t\t\t<a href=\"https:\/\/orbi.umons.ac.be\/simple-search?query=&sort_by=issued_dt&order=desc&filter=researchunit%3A%3Aauthority%3A%3AORG_1150\" class=\"button button-primary-alt scheme-background scheme-background-hover collection-link\" target=\"_blank\" rel=\"nofollow\">\n\t\t\t\tConsulter la liste des publications du service dans ORBI\t\t\t\t<span class=\"icon umons-icon-book\" aria-hidden=\"true\"><\/span>\n\t\t\t<\/a>\n\t\t<\/p>\n\t<\/div>\n\t<\/div><end-cask-shortcode-wrapper>\n","protected":false},"excerpt":{"rendered":"<p>Le Service de Sociologie et Anthropologie d\u00e9veloppe des activit\u00e9s d\u2019enseignement et de recherche centr\u00e9es sur l\u2019analyse des transformations sociales, culturelles et environnementales. Ses membres interviennent dans plusieurs programmes de l\u2019\u00c9cole des Sciences Humaines et Sociales, notamment le Bachelier en Sciences Humaines et Sociales et le Master en Transitions et Innovations Sociales (METIS). Programmes d\u2019enseignement Bachelier [&hellip;]<\/p>\n","protected":false},"author":305,"featured_media":0,"parent":186,"menu_order":0,"comment_status":"closed","ping_status":"closed","template":"","meta":{"footnotes":""},"class_list":["post-2236","page","type-page","status-publish","hentry"],"yoast_head":"<!-- This site is optimized with the Yoast SEO plugin v27.2 - https:\/\/yoast.com\/product\/yoast-seo-wordpress\/ -->\n<title>Service de Sociologie et Anthropologie - Ecole \/ ESHS<\/title>\n<meta name=\"robots\" content=\"index, follow, max-snippet:-1, max-image-preview:large, max-video-preview:-1\" \/>\n<link rel=\"canonical\" href=\"https:\/\/web.umons.ac.be\/eshs\/fr\/activites-de-recherche\/services-denseignement-et-de-recherche\/service-de-sociologie-et-anthropologie\/\" \/>\n<meta property=\"og:locale\" content=\"fr_FR\" \/>\n<meta property=\"og:type\" content=\"article\" \/>\n<meta property=\"og:title\" content=\"Service de Sociologie et Anthropologie - Ecole \/ ESHS\" \/>\n<meta property=\"og:description\" content=\"Le Service de Sociologie et Anthropologie d\u00e9veloppe des activit\u00e9s d\u2019enseignement et de recherche centr\u00e9es sur l\u2019analyse des transformations sociales, culturelles et environnementales. Ses membres interviennent dans plusieurs programmes de l\u2019\u00c9cole des Sciences Humaines et Sociales, notamment le Bachelier en Sciences Humaines et Sociales et le Master en Transitions et Innovations Sociales (METIS). Programmes d\u2019enseignement Bachelier [&hellip;]\" \/>\n<meta property=\"og:url\" content=\"https:\/\/web.umons.ac.be\/eshs\/fr\/activites-de-recherche\/services-denseignement-et-de-recherche\/service-de-sociologie-et-anthropologie\/\" \/>\n<meta property=\"og:site_name\" content=\"Ecole \/ ESHS\" \/>\n<meta property=\"article:modified_time\" content=\"2026-04-09T08:18:45+00:00\" \/>\n<meta name=\"twitter:card\" content=\"summary_large_image\" \/>\n<meta name=\"twitter:label1\" content=\"Dur\u00e9e de lecture estim\u00e9e\" \/>\n\t<meta name=\"twitter:data1\" content=\"2 minutes\" \/>\n<script type=\"application\/ld+json\" class=\"yoast-schema-graph\">{\"@context\":\"https:\/\/schema.org\",\"@graph\":[{\"@type\":\"WebPage\",\"@id\":\"https:\/\/web.umons.ac.be\/eshs\/fr\/activites-de-recherche\/services-denseignement-et-de-recherche\/service-de-sociologie-et-anthropologie\/\",\"url\":\"https:\/\/web.umons.ac.be\/eshs\/fr\/activites-de-recherche\/services-denseignement-et-de-recherche\/service-de-sociologie-et-anthropologie\/\",\"name\":\"Service de Sociologie et Anthropologie - Ecole \/ ESHS\",\"isPartOf\":{\"@id\":\"https:\/\/web.umons.ac.be\/eshs\/#website\"},\"datePublished\":\"2026-03-18T12:22:49+00:00\",\"dateModified\":\"2026-04-09T08:18:45+00:00\",\"breadcrumb\":{\"@id\":\"https:\/\/web.umons.ac.be\/eshs\/fr\/activites-de-recherche\/services-denseignement-et-de-recherche\/service-de-sociologie-et-anthropologie\/#breadcrumb\"},\"inLanguage\":\"fr-FR\",\"potentialAction\":[{\"@type\":\"ReadAction\",\"target\":[\"https:\/\/web.umons.ac.be\/eshs\/fr\/activites-de-recherche\/services-denseignement-et-de-recherche\/service-de-sociologie-et-anthropologie\/\"]}]},{\"@type\":\"BreadcrumbList\",\"@id\":\"https:\/\/web.umons.ac.be\/eshs\/fr\/activites-de-recherche\/services-denseignement-et-de-recherche\/service-de-sociologie-et-anthropologie\/#breadcrumb\",\"itemListElement\":[{\"@type\":\"ListItem\",\"position\":1,\"name\":\"Accueil\",\"item\":\"https:\/\/web.umons.ac.be\/eshs\/fr\/\"},{\"@type\":\"ListItem\",\"position\":2,\"name\":\"Activit\u00e9s de recherche\",\"item\":\"https:\/\/web.umons.ac.be\/eshs\/fr\/activites-de-recherche\/\"},{\"@type\":\"ListItem\",\"position\":3,\"name\":\"Services d\u2019enseignement et de recherche\",\"item\":\"https:\/\/web.umons.ac.be\/eshs\/fr\/activites-de-recherche\/services-denseignement-et-de-recherche\/\"},{\"@type\":\"ListItem\",\"position\":4,\"name\":\"Service de Sociologie et Anthropologie\"}]},{\"@type\":\"WebSite\",\"@id\":\"https:\/\/web.umons.ac.be\/eshs\/#website\",\"url\":\"https:\/\/web.umons.ac.be\/eshs\/\",\"name\":\"Ecole \/ ESHS\",\"description\":\"\",\"potentialAction\":[{\"@type\":\"SearchAction\",\"target\":{\"@type\":\"EntryPoint\",\"urlTemplate\":\"https:\/\/web.umons.ac.be\/eshs\/?s={search_term_string}\"},\"query-input\":{\"@type\":\"PropertyValueSpecification\",\"valueRequired\":true,\"valueName\":\"search_term_string\"}}],\"inLanguage\":\"fr-FR\"}]}<\/script>\n<!-- \/ Yoast SEO plugin. -->","yoast_head_json":{"title":"Service de Sociologie et Anthropologie - Ecole \/ ESHS","robots":{"index":"index","follow":"follow","max-snippet":"max-snippet:-1","max-image-preview":"max-image-preview:large","max-video-preview":"max-video-preview:-1"},"canonical":"https:\/\/web.umons.ac.be\/eshs\/fr\/activites-de-recherche\/services-denseignement-et-de-recherche\/service-de-sociologie-et-anthropologie\/","og_locale":"fr_FR","og_type":"article","og_title":"Service de Sociologie et Anthropologie - Ecole \/ ESHS","og_description":"Le Service de Sociologie et Anthropologie d\u00e9veloppe des activit\u00e9s d\u2019enseignement et de recherche centr\u00e9es sur l\u2019analyse des transformations sociales, culturelles et environnementales. Ses membres interviennent dans plusieurs programmes de l\u2019\u00c9cole des Sciences Humaines et Sociales, notamment le Bachelier en Sciences Humaines et Sociales et le Master en Transitions et Innovations Sociales (METIS). Programmes d\u2019enseignement Bachelier [&hellip;]","og_url":"https:\/\/web.umons.ac.be\/eshs\/fr\/activites-de-recherche\/services-denseignement-et-de-recherche\/service-de-sociologie-et-anthropologie\/","og_site_name":"Ecole \/ ESHS","article_modified_time":"2026-04-09T08:18:45+00:00","twitter_card":"summary_large_image","twitter_misc":{"Dur\u00e9e de lecture estim\u00e9e":"2 minutes"},"schema":{"@context":"https:\/\/schema.org","@graph":[{"@type":"WebPage","@id":"https:\/\/web.umons.ac.be\/eshs\/fr\/activites-de-recherche\/services-denseignement-et-de-recherche\/service-de-sociologie-et-anthropologie\/","url":"https:\/\/web.umons.ac.be\/eshs\/fr\/activites-de-recherche\/services-denseignement-et-de-recherche\/service-de-sociologie-et-anthropologie\/","name":"Service de Sociologie et Anthropologie - Ecole \/ ESHS","isPartOf":{"@id":"https:\/\/web.umons.ac.be\/eshs\/#website"},"datePublished":"2026-03-18T12:22:49+00:00","dateModified":"2026-04-09T08:18:45+00:00","breadcrumb":{"@id":"https:\/\/web.umons.ac.be\/eshs\/fr\/activites-de-recherche\/services-denseignement-et-de-recherche\/service-de-sociologie-et-anthropologie\/#breadcrumb"},"inLanguage":"fr-FR","potentialAction":[{"@type":"ReadAction","target":["https:\/\/web.umons.ac.be\/eshs\/fr\/activites-de-recherche\/services-denseignement-et-de-recherche\/service-de-sociologie-et-anthropologie\/"]}]},{"@type":"BreadcrumbList","@id":"https:\/\/web.umons.ac.be\/eshs\/fr\/activites-de-recherche\/services-denseignement-et-de-recherche\/service-de-sociologie-et-anthropologie\/#breadcrumb","itemListElement":[{"@type":"ListItem","position":1,"name":"Accueil","item":"https:\/\/web.umons.ac.be\/eshs\/fr\/"},{"@type":"ListItem","position":2,"name":"Activit\u00e9s de recherche","item":"https:\/\/web.umons.ac.be\/eshs\/fr\/activites-de-recherche\/"},{"@type":"ListItem","position":3,"name":"Services d\u2019enseignement et de recherche","item":"https:\/\/web.umons.ac.be\/eshs\/fr\/activites-de-recherche\/services-denseignement-et-de-recherche\/"},{"@type":"ListItem","position":4,"name":"Service de Sociologie et Anthropologie"}]},{"@type":"WebSite","@id":"https:\/\/web.umons.ac.be\/eshs\/#website","url":"https:\/\/web.umons.ac.be\/eshs\/","name":"Ecole \/ ESHS","description":"","potentialAction":[{"@type":"SearchAction","target":{"@type":"EntryPoint","urlTemplate":"https:\/\/web.umons.ac.be\/eshs\/?s={search_term_string}"},"query-input":{"@type":"PropertyValueSpecification","valueRequired":true,"valueName":"search_term_string"}}],"inLanguage":"fr-FR"}]}},"lang":"fr","translations":{"fr":2236},"pll_sync_post":[],"_links":{"self":[{"href":"https:\/\/web.umons.ac.be\/eshs\/wp-json\/wp\/v2\/pages\/2236","targetHints":{"allow":["GET"]}}],"collection":[{"href":"https:\/\/web.umons.ac.be\/eshs\/wp-json\/wp\/v2\/pages"}],"about":[{"href":"https:\/\/web.umons.ac.be\/eshs\/wp-json\/wp\/v2\/types\/page"}],"author":[{"embeddable":true,"href":"https:\/\/web.umons.ac.be\/eshs\/wp-json\/wp\/v2\/users\/305"}],"replies":[{"embeddable":true,"href":"https:\/\/web.umons.ac.be\/eshs\/wp-json\/wp\/v2\/comments?post=2236"}],"version-history":[{"count":3,"href":"https:\/\/web.umons.ac.be\/eshs\/wp-json\/wp\/v2\/pages\/2236\/revisions"}],"predecessor-version":[{"id":2326,"href":"https:\/\/web.umons.ac.be\/eshs\/wp-json\/wp\/v2\/pages\/2236\/revisions\/2326"}],"up":[{"embeddable":true,"href":"https:\/\/web.umons.ac.be\/eshs\/wp-json\/wp\/v2\/pages\/186"}],"wp:attachment":[{"href":"https:\/\/web.umons.ac.be\/eshs\/wp-json\/wp\/v2\/media?parent=2236"}],"curies":[{"name":"wp","href":"https:\/\/api.w.org\/{rel}","templated":true}]}}