{"id":2241,"date":"2026-03-18T13:30:54","date_gmt":"2026-03-18T12:30:54","guid":{"rendered":"https:\/\/web.umons.ac.be\/eshs\/?page_id=2241"},"modified":"2026-03-31T14:41:46","modified_gmt":"2026-03-31T12:41:46","slug":"service-de-sciences-politiques","status":"publish","type":"page","link":"https:\/\/web.umons.ac.be\/eshs\/fr\/activites-de-recherche\/services-denseignement-et-de-recherche\/service-de-sciences-politiques\/","title":{"rendered":"Service de Sciences politiques"},"content":{"rendered":"<p data-start=\"119\" data-end=\"330\">Le Service de Sciences politiques d\u00e9veloppe des activit\u00e9s d\u2019enseignement et de recherche centr\u00e9es sur l\u2019analyse des institutions, des dynamiques de pouvoir et des transformations politiques contemporaines.<\/p>\n<p data-start=\"332\" data-end=\"546\">Ses membres interviennent dans plusieurs programmes de l\u2019\u00c9cole des Sciences Humaines et Sociales, notamment le Bachelier en Sciences Humaines et Sociales et le Master en Transitions et Innovations Sociales (METIS).<\/p>\n<h3 data-section-id=\"1h0bqri\" data-start=\"553\" data-end=\"582\">Programmes d\u2019enseignement<\/h3>\n<p data-start=\"584\" data-end=\"722\"><strong data-start=\"584\" data-end=\"630\">Bachelier en Sciences Humaines et Sociales<\/strong><br data-start=\"630\" data-end=\"633\" \/>Introduction aux concepts, th\u00e9ories et m\u00e9thodes d\u2019analyse propres \u00e0 la science politique.<\/p>\n<p data-start=\"724\" data-end=\"893\"><strong data-start=\"724\" data-end=\"781\">Master en Transitions et Innovations Sociales (METIS)<\/strong><br data-start=\"781\" data-end=\"784\" \/>Analyse des transformations politiques, des politiques publiques et des formes de gouvernance contemporaines.<\/p>\n<h3 data-section-id=\"92tl3x\" data-start=\"900\" data-end=\"928\">Exemples d\u2019enseignements<\/h3>\n<p data-start=\"930\" data-end=\"968\"><strong data-start=\"930\" data-end=\"968\">Fondements de la science politique<\/strong><\/p>\n<ul data-start=\"969\" data-end=\"1059\">\n<li data-section-id=\"1ez42c7\" data-start=\"969\" data-end=\"1008\">\n<p data-start=\"971\" data-end=\"1008\">Introduction \u00e0 la science politique<\/p>\n<\/li>\n<li data-section-id=\"1eocny7\" data-start=\"1009\" data-end=\"1033\">\n<p data-start=\"1011\" data-end=\"1033\">Sociologie politique<\/p>\n<\/li>\n<li data-section-id=\"fzmtlk\" data-start=\"1034\" data-end=\"1059\">\n<p data-start=\"1036\" data-end=\"1059\">Sciences et politique<\/p>\n<\/li>\n<\/ul>\n<p data-start=\"1061\" data-end=\"1097\"><strong data-start=\"1061\" data-end=\"1097\">Pens\u00e9e politique et institutions<\/strong><\/p>\n<ul data-start=\"1098\" data-end=\"1248\">\n<li data-section-id=\"oce2vl\" data-start=\"1098\" data-end=\"1133\">\n<p data-start=\"1100\" data-end=\"1133\">Histoire de la pens\u00e9e politique<\/p>\n<\/li>\n<li data-section-id=\"1ydttjt\" data-start=\"1134\" data-end=\"1181\">\n<p data-start=\"1136\" data-end=\"1181\">Exercices d\u2019histoire de la pens\u00e9e politique<\/p>\n<\/li>\n<li data-section-id=\"14v17el\" data-start=\"1182\" data-end=\"1217\">\n<p data-start=\"1184\" data-end=\"1217\">Doctrines et r\u00e9gimes politiques<\/p>\n<\/li>\n<li data-section-id=\"vu0deb\" data-start=\"1218\" data-end=\"1248\">\n<p data-start=\"1220\" data-end=\"1248\">Partis et id\u00e9es politiques<\/p>\n<\/li>\n<\/ul>\n<p data-start=\"1250\" data-end=\"1288\"><strong data-start=\"1250\" data-end=\"1288\">Relations internationales et droit<\/strong><\/p>\n<ul data-start=\"1289\" data-end=\"1389\">\n<li data-section-id=\"anmtgd\" data-start=\"1289\" data-end=\"1340\">\n<p data-start=\"1291\" data-end=\"1340\">Droit des gens et organisations internationales<\/p>\n<\/li>\n<li data-section-id=\"mt14lo\" data-start=\"1341\" data-end=\"1389\">\n<p data-start=\"1343\" data-end=\"1389\">Th\u00e9ories et questions de droit international<\/p>\n<\/li>\n<\/ul>\n<p data-start=\"1391\" data-end=\"1416\"><strong data-start=\"1391\" data-end=\"1416\">M\u00e9thodes et approches<\/strong><\/p>\n<ul data-start=\"1417\" data-end=\"1489\">\n<li data-section-id=\"1y0tb74\" data-start=\"1417\" data-end=\"1465\">\n<p data-start=\"1419\" data-end=\"1465\">M\u00e9thodes de recherche en sciences politiques<\/p>\n<\/li>\n<li data-section-id=\"1nodoxr\" data-start=\"1466\" data-end=\"1489\">\n<p data-start=\"1468\" data-end=\"1489\">Critique historique<\/p>\n<\/li>\n<\/ul>\n<h3 data-section-id=\"ataw5x\" data-start=\"1496\" data-end=\"1549\">Une approche ancr\u00e9e dans les enjeux contemporains<\/h3>\n<p data-start=\"1551\" data-end=\"1879\">Les enseignements offrent des outils pour analyser les institutions, les id\u00e9ologies et les relations internationales, tout en d\u00e9veloppant une compr\u00e9hension critique des enjeux d\u00e9mocratiques et des transformations de l\u2019action publique face aux d\u00e9fis contemporains, tels que les in\u00e9galit\u00e9s sociales ou les changements climatiques.<\/p>\n<h3 data-section-id=\"c6541j\" data-start=\"1886\" data-end=\"1896\">\u00c9quipe<\/h3>\n<p data-start=\"1898\" data-end=\"2087\">Le service r\u00e9unit des professeur\u00b7es, charg\u00e9\u00b7es de cours, chercheur\u00b7es, assistant\u00b7es et doctorant\u00b7es engag\u00e9\u00b7es dans l\u2019analyse des ph\u00e9nom\u00e8nes politiques et des transformations contemporaines.<\/p>\n<p data-start=\"2089\" data-end=\"2107\"><a href=\"https:\/\/web.umons.ac.be\/eshs\/fr\/activites-de-recherche\/services-denseignement-et-de-recherche\/service-de-sciences-politiques\/equipe-du-service-de-sciences-politiques\/\">D\u00e9couvrir l\u2019\u00e9quipe<\/a><\/p>\n","protected":false},"excerpt":{"rendered":"<p>Le Service de Sciences politiques d\u00e9veloppe des activit\u00e9s d\u2019enseignement et de recherche centr\u00e9es sur l\u2019analyse des institutions, des dynamiques de pouvoir et des transformations politiques contemporaines. Ses membres interviennent dans plusieurs programmes de l\u2019\u00c9cole des Sciences Humaines et Sociales, notamment le Bachelier en Sciences Humaines et Sociales et le Master en Transitions et Innovations Sociales [&hellip;]<\/p>\n","protected":false},"author":305,"featured_media":0,"parent":186,"menu_order":0,"comment_status":"closed","ping_status":"closed","template":"","meta":{"footnotes":""},"class_list":["post-2241","page","type-page","status-publish","hentry"],"yoast_head":"<!-- This site is optimized with the Yoast SEO plugin v27.2 - https:\/\/yoast.com\/product\/yoast-seo-wordpress\/ -->\n<title>Service de Sciences politiques - Ecole \/ ESHS<\/title>\n<meta name=\"robots\" content=\"index, follow, max-snippet:-1, max-image-preview:large, max-video-preview:-1\" \/>\n<link rel=\"canonical\" href=\"https:\/\/web.umons.ac.be\/eshs\/fr\/activites-de-recherche\/services-denseignement-et-de-recherche\/service-de-sciences-politiques\/\" \/>\n<meta property=\"og:locale\" content=\"fr_FR\" \/>\n<meta property=\"og:type\" content=\"article\" \/>\n<meta property=\"og:title\" content=\"Service de Sciences politiques - Ecole \/ ESHS\" \/>\n<meta property=\"og:description\" content=\"Le Service de Sciences politiques d\u00e9veloppe des activit\u00e9s d\u2019enseignement et de recherche centr\u00e9es sur l\u2019analyse des institutions, des dynamiques de pouvoir et des transformations politiques contemporaines. Ses membres interviennent dans plusieurs programmes de l\u2019\u00c9cole des Sciences Humaines et Sociales, notamment le Bachelier en Sciences Humaines et Sociales et le Master en Transitions et Innovations Sociales [&hellip;]\" \/>\n<meta property=\"og:url\" content=\"https:\/\/web.umons.ac.be\/eshs\/fr\/activites-de-recherche\/services-denseignement-et-de-recherche\/service-de-sciences-politiques\/\" \/>\n<meta property=\"og:site_name\" content=\"Ecole \/ ESHS\" \/>\n<meta property=\"article:modified_time\" content=\"2026-03-31T12:41:46+00:00\" \/>\n<meta name=\"twitter:card\" content=\"summary_large_image\" \/>\n<meta name=\"twitter:label1\" content=\"Dur\u00e9e de lecture estim\u00e9e\" \/>\n\t<meta name=\"twitter:data1\" content=\"2 minutes\" \/>\n<script type=\"application\/ld+json\" class=\"yoast-schema-graph\">{\"@context\":\"https:\/\/schema.org\",\"@graph\":[{\"@type\":\"WebPage\",\"@id\":\"https:\/\/web.umons.ac.be\/eshs\/fr\/activites-de-recherche\/services-denseignement-et-de-recherche\/service-de-sciences-politiques\/\",\"url\":\"https:\/\/web.umons.ac.be\/eshs\/fr\/activites-de-recherche\/services-denseignement-et-de-recherche\/service-de-sciences-politiques\/\",\"name\":\"Service de Sciences politiques - Ecole \/ ESHS\",\"isPartOf\":{\"@id\":\"https:\/\/web.umons.ac.be\/eshs\/#website\"},\"datePublished\":\"2026-03-18T12:30:54+00:00\",\"dateModified\":\"2026-03-31T12:41:46+00:00\",\"breadcrumb\":{\"@id\":\"https:\/\/web.umons.ac.be\/eshs\/fr\/activites-de-recherche\/services-denseignement-et-de-recherche\/service-de-sciences-politiques\/#breadcrumb\"},\"inLanguage\":\"fr-FR\",\"potentialAction\":[{\"@type\":\"ReadAction\",\"target\":[\"https:\/\/web.umons.ac.be\/eshs\/fr\/activites-de-recherche\/services-denseignement-et-de-recherche\/service-de-sciences-politiques\/\"]}]},{\"@type\":\"BreadcrumbList\",\"@id\":\"https:\/\/web.umons.ac.be\/eshs\/fr\/activites-de-recherche\/services-denseignement-et-de-recherche\/service-de-sciences-politiques\/#breadcrumb\",\"itemListElement\":[{\"@type\":\"ListItem\",\"position\":1,\"name\":\"Accueil\",\"item\":\"https:\/\/web.umons.ac.be\/eshs\/fr\/\"},{\"@type\":\"ListItem\",\"position\":2,\"name\":\"Activit\u00e9s de recherche\",\"item\":\"https:\/\/web.umons.ac.be\/eshs\/fr\/activites-de-recherche\/\"},{\"@type\":\"ListItem\",\"position\":3,\"name\":\"Services d\u2019enseignement et de recherche\",\"item\":\"https:\/\/web.umons.ac.be\/eshs\/fr\/activites-de-recherche\/services-denseignement-et-de-recherche\/\"},{\"@type\":\"ListItem\",\"position\":4,\"name\":\"Service de Sciences politiques\"}]},{\"@type\":\"WebSite\",\"@id\":\"https:\/\/web.umons.ac.be\/eshs\/#website\",\"url\":\"https:\/\/web.umons.ac.be\/eshs\/\",\"name\":\"Ecole \/ ESHS\",\"description\":\"\",\"potentialAction\":[{\"@type\":\"SearchAction\",\"target\":{\"@type\":\"EntryPoint\",\"urlTemplate\":\"https:\/\/web.umons.ac.be\/eshs\/?s={search_term_string}\"},\"query-input\":{\"@type\":\"PropertyValueSpecification\",\"valueRequired\":true,\"valueName\":\"search_term_string\"}}],\"inLanguage\":\"fr-FR\"}]}<\/script>\n<!-- \/ Yoast SEO plugin. -->","yoast_head_json":{"title":"Service de Sciences politiques - Ecole \/ ESHS","robots":{"index":"index","follow":"follow","max-snippet":"max-snippet:-1","max-image-preview":"max-image-preview:large","max-video-preview":"max-video-preview:-1"},"canonical":"https:\/\/web.umons.ac.be\/eshs\/fr\/activites-de-recherche\/services-denseignement-et-de-recherche\/service-de-sciences-politiques\/","og_locale":"fr_FR","og_type":"article","og_title":"Service de Sciences politiques - Ecole \/ ESHS","og_description":"Le Service de Sciences politiques d\u00e9veloppe des activit\u00e9s d\u2019enseignement et de recherche centr\u00e9es sur l\u2019analyse des institutions, des dynamiques de pouvoir et des transformations politiques contemporaines. Ses membres interviennent dans plusieurs programmes de l\u2019\u00c9cole des Sciences Humaines et Sociales, notamment le Bachelier en Sciences Humaines et Sociales et le Master en Transitions et Innovations Sociales [&hellip;]","og_url":"https:\/\/web.umons.ac.be\/eshs\/fr\/activites-de-recherche\/services-denseignement-et-de-recherche\/service-de-sciences-politiques\/","og_site_name":"Ecole \/ ESHS","article_modified_time":"2026-03-31T12:41:46+00:00","twitter_card":"summary_large_image","twitter_misc":{"Dur\u00e9e de lecture estim\u00e9e":"2 minutes"},"schema":{"@context":"https:\/\/schema.org","@graph":[{"@type":"WebPage","@id":"https:\/\/web.umons.ac.be\/eshs\/fr\/activites-de-recherche\/services-denseignement-et-de-recherche\/service-de-sciences-politiques\/","url":"https:\/\/web.umons.ac.be\/eshs\/fr\/activites-de-recherche\/services-denseignement-et-de-recherche\/service-de-sciences-politiques\/","name":"Service de Sciences politiques - Ecole \/ ESHS","isPartOf":{"@id":"https:\/\/web.umons.ac.be\/eshs\/#website"},"datePublished":"2026-03-18T12:30:54+00:00","dateModified":"2026-03-31T12:41:46+00:00","breadcrumb":{"@id":"https:\/\/web.umons.ac.be\/eshs\/fr\/activites-de-recherche\/services-denseignement-et-de-recherche\/service-de-sciences-politiques\/#breadcrumb"},"inLanguage":"fr-FR","potentialAction":[{"@type":"ReadAction","target":["https:\/\/web.umons.ac.be\/eshs\/fr\/activites-de-recherche\/services-denseignement-et-de-recherche\/service-de-sciences-politiques\/"]}]},{"@type":"BreadcrumbList","@id":"https:\/\/web.umons.ac.be\/eshs\/fr\/activites-de-recherche\/services-denseignement-et-de-recherche\/service-de-sciences-politiques\/#breadcrumb","itemListElement":[{"@type":"ListItem","position":1,"name":"Accueil","item":"https:\/\/web.umons.ac.be\/eshs\/fr\/"},{"@type":"ListItem","position":2,"name":"Activit\u00e9s de recherche","item":"https:\/\/web.umons.ac.be\/eshs\/fr\/activites-de-recherche\/"},{"@type":"ListItem","position":3,"name":"Services d\u2019enseignement et de recherche","item":"https:\/\/web.umons.ac.be\/eshs\/fr\/activites-de-recherche\/services-denseignement-et-de-recherche\/"},{"@type":"ListItem","position":4,"name":"Service de Sciences politiques"}]},{"@type":"WebSite","@id":"https:\/\/web.umons.ac.be\/eshs\/#website","url":"https:\/\/web.umons.ac.be\/eshs\/","name":"Ecole \/ ESHS","description":"","potentialAction":[{"@type":"SearchAction","target":{"@type":"EntryPoint","urlTemplate":"https:\/\/web.umons.ac.be\/eshs\/?s={search_term_string}"},"query-input":{"@type":"PropertyValueSpecification","valueRequired":true,"valueName":"search_term_string"}}],"inLanguage":"fr-FR"}]}},"lang":"fr","translations":{"fr":2241},"pll_sync_post":[],"_links":{"self":[{"href":"https:\/\/web.umons.ac.be\/eshs\/wp-json\/wp\/v2\/pages\/2241","targetHints":{"allow":["GET"]}}],"collection":[{"href":"https:\/\/web.umons.ac.be\/eshs\/wp-json\/wp\/v2\/pages"}],"about":[{"href":"https:\/\/web.umons.ac.be\/eshs\/wp-json\/wp\/v2\/types\/page"}],"author":[{"embeddable":true,"href":"https:\/\/web.umons.ac.be\/eshs\/wp-json\/wp\/v2\/users\/305"}],"replies":[{"embeddable":true,"href":"https:\/\/web.umons.ac.be\/eshs\/wp-json\/wp\/v2\/comments?post=2241"}],"version-history":[{"count":2,"href":"https:\/\/web.umons.ac.be\/eshs\/wp-json\/wp\/v2\/pages\/2241\/revisions"}],"predecessor-version":[{"id":2263,"href":"https:\/\/web.umons.ac.be\/eshs\/wp-json\/wp\/v2\/pages\/2241\/revisions\/2263"}],"up":[{"embeddable":true,"href":"https:\/\/web.umons.ac.be\/eshs\/wp-json\/wp\/v2\/pages\/186"}],"wp:attachment":[{"href":"https:\/\/web.umons.ac.be\/eshs\/wp-json\/wp\/v2\/media?parent=2241"}],"curies":[{"name":"wp","href":"https:\/\/api.w.org\/{rel}","templated":true}]}}