{"id":229,"date":"2017-07-05T17:42:37","date_gmt":"2017-07-05T15:42:37","guid":{"rendered":"https:\/\/web.umons.ac.be\/eshs\/?page_id=229"},"modified":"2025-11-20T14:46:05","modified_gmt":"2025-11-20T13:46:05","slug":"mobilite-etudiante","status":"publish","type":"page","link":"https:\/\/web.umons.ac.be\/eshs\/fr\/mobilite-etudiante\/","title":{"rendered":"S\u00e9jours d&rsquo;\u00e9tudes \u00e0 l&rsquo;\u00e9tranger"},"content":{"rendered":"<p data-start=\"187\" data-end=\"427\">L\u2019UMONS et l\u2019\u00c9cole des Sciences Humaines et Sociales ont conclu de nombreuses conventions avec des universit\u00e9s en Belgique, en Europe et dans le monde. Gr\u00e2ce \u00e0 ces partenariats, les \u00e9tudiant\u00b7e\u00b7s peuvent effectuer une partie de leur cursus :<\/p>\n<ul data-start=\"429\" data-end=\"475\">\n<li data-start=\"429\" data-end=\"457\">\n<p data-start=\"431\" data-end=\"457\">en <strong data-start=\"434\" data-end=\"457\">Bloc 3 du Bachelier<\/strong><\/p>\n<\/li>\n<li data-start=\"458\" data-end=\"475\">\n<p data-start=\"460\" data-end=\"475\">en <strong data-start=\"463\" data-end=\"475\">Master 2<\/strong><\/p>\n<\/li>\n<\/ul>\n<p data-start=\"477\" data-end=\"529\">tout en restant officiellement inscrit\u00b7e\u00b7s \u00e0 l\u2019ESHS.<\/p>\n<p data-start=\"531\" data-end=\"594\">Selon le projet de l\u2019\u00e9tudiant\u00b7e, la mobilit\u00e9 peut se d\u00e9rouler :<\/p>\n<ul data-start=\"596\" data-end=\"678\">\n<li data-start=\"596\" data-end=\"622\">\n<p data-start=\"598\" data-end=\"622\">au premier quadrimestre,<\/p>\n<\/li>\n<li data-start=\"623\" data-end=\"648\">\n<p data-start=\"625\" data-end=\"648\">au second quadrimestre,<\/p>\n<\/li>\n<li data-start=\"649\" data-end=\"678\">\n<p data-start=\"651\" data-end=\"678\">ou durant l\u2019ann\u00e9e compl\u00e8te.<\/p>\n<\/li>\n<\/ul>\n<p><strong data-start=\"634\" data-end=\"737\">Le <a href=\"https:\/\/web.umons.ac.be\/fr\/nos-missions\/international\/\" target=\"_blank\" rel=\"noopener\">Service des Relations Internationales<\/a> de l\u2019UMONS accompagne chaque \u00e9tudiant\u00b7e dans ces d\u00e9marches<\/strong> : choix de destination, dossier administratif, suivi financier, contacts avec l\u2019universit\u00e9 d\u2019accueil.<\/p>\n<h3 data-start=\"685\" data-end=\"719\">Quels programmes de mobilit\u00e9 ?<\/h3>\n<p data-start=\"721\" data-end=\"766\">Trois grands types d\u2019\u00e9changes sont propos\u00e9s :<\/p>\n<ul data-start=\"768\" data-end=\"987\">\n<li data-start=\"768\" data-end=\"837\">\n<p data-start=\"770\" data-end=\"837\"><strong data-start=\"770\" data-end=\"782\">Erasmus+<\/strong> : mobilit\u00e9s vers les universit\u00e9s de l\u2019Union europ\u00e9enne<\/p>\n<\/li>\n<li data-start=\"838\" data-end=\"915\">\n<p data-start=\"840\" data-end=\"915\"><strong data-start=\"840\" data-end=\"859\">Erasmus Belgica<\/strong> : mobilit\u00e9s vers les universit\u00e9s belges n\u00e9erlandophones<\/p>\n<\/li>\n<li data-start=\"916\" data-end=\"987\">\n<p data-start=\"918\" data-end=\"987\"><strong data-start=\"918\" data-end=\"952\">Accords bilat\u00e9raux hors Europe<\/strong> : mobilit\u00e9s vers le reste du monde<\/p>\n<\/li>\n<\/ul>\n<p><a href=\"https:\/\/web.umons.ac.be\/fr\/international\/programmes-de-mobilite\/\" target=\"_blank\" rel=\"noopener\">En savoir plus \u00e0 propos des programmes de mobilit\u00e9 de l&rsquo;UMONS<\/a><\/p>\n<h3 data-start=\"994\" data-end=\"1029\">Quelques destinations possibles<\/h3>\n<p data-start=\"1031\" data-end=\"1175\">L\u2019ESHS permet de partir vers de nombreux pays : <strong data-start=\"1079\" data-end=\"1175\">Espagne, France, Italie, Hongrie, Maroc, Japon, Australie, Canada, \u00c9tats-Unis, Cor\u00e9e du Sud\u2026<\/strong><\/p>\n<p data-start=\"1177\" data-end=\"1212\">Parmi les universit\u00e9s partenaires :<\/p>\n<ul data-start=\"1214\" data-end=\"1569\">\n<li data-start=\"1214\" data-end=\"1244\">\n<p data-start=\"1216\" data-end=\"1244\">Universiteit Gent (Belgique)<\/p>\n<\/li>\n<li data-start=\"1245\" data-end=\"1290\">\n<p data-start=\"1247\" data-end=\"1290\">Universidad Complutense de Madrid (Espagne)<\/p>\n<\/li>\n<li data-start=\"1291\" data-end=\"1334\">\n<p data-start=\"1293\" data-end=\"1334\">Universit\u00e0 degli Studi di Torino (Italie)<\/p>\n<\/li>\n<li data-start=\"1335\" data-end=\"1419\">\n<p data-start=\"1337\" data-end=\"1419\">Universit\u00e9 Mohammed VI Polytechnique et Universit\u00e9 Internationale de Rabat (Maroc)<\/p>\n<\/li>\n<li data-start=\"1420\" data-end=\"1452\">\n<p data-start=\"1422\" data-end=\"1452\">Universit\u00e9 de Nagasaki (Japon)<\/p>\n<\/li>\n<li data-start=\"1453\" data-end=\"1489\">\n<p data-start=\"1455\" data-end=\"1489\">Universit\u00e9 de Tasmanie (Australie)<\/p>\n<\/li>\n<li data-start=\"1490\" data-end=\"1528\">\n<p data-start=\"1492\" data-end=\"1528\">Universidad del Salvador (Argentine)<\/p>\n<\/li>\n<li data-start=\"1529\" data-end=\"1569\">\n<p data-start=\"1531\" data-end=\"1569\">Institut Catholique de Vend\u00e9e (France)<\/p>\n<\/li>\n<\/ul>\n<h3 data-start=\"1576\" data-end=\"1608\">Des bourses pour la mobilit\u00e9<\/h3>\n<p data-start=\"1610\" data-end=\"1763\">Les \u00e9tudiant\u00b7e\u00b7s peuvent b\u00e9n\u00e9ficier de bourses <strong data-start=\"1657\" data-end=\"1687\">Erasmus+, Belgica ou FAMES<\/strong>, cumulables avec une \u00e9ventuelle bourse de la F\u00e9d\u00e9ration Wallonie-Bruxelles.<\/p>\n<p data-start=\"1765\" data-end=\"1957\">Ces aides couvrent les frais de scolarit\u00e9 et une partie des d\u00e9penses li\u00e9es au s\u00e9jour (h\u00e9bergement, transport, vie quotidienne). Leur montant varie en fonction de la destination et de la dur\u00e9e.<\/p>\n<h3 data-start=\"1964\" data-end=\"1985\">Pourquoi partir ?<\/h3>\n<p data-start=\"1987\" data-end=\"2018\">Un s\u00e9jour \u00e0 l\u2019\u00e9tranger, c\u2019est :<\/p>\n<ul data-start=\"2020\" data-end=\"2326\">\n<li data-start=\"2020\" data-end=\"2081\">\n<p data-start=\"2022\" data-end=\"2081\">d\u00e9velopper des comp\u00e9tences recherch\u00e9es par les employeurs ;<\/p>\n<\/li>\n<li data-start=\"2082\" data-end=\"2161\">\n<p data-start=\"2084\" data-end=\"2161\">am\u00e9liorer ses connaissances linguistiques et ses capacit\u00e9s interculturelles ;<\/p>\n<\/li>\n<li data-start=\"2162\" data-end=\"2249\">\n<p data-start=\"2164\" data-end=\"2249\">vivre une immersion culturelle unique et d\u00e9couvrir d\u2019autres m\u00e9thodes d\u2019enseignement ;<\/p>\n<\/li>\n<li data-start=\"2250\" data-end=\"2326\">\n<p data-start=\"2252\" data-end=\"2326\">se d\u00e9marquer sur le march\u00e9 de l\u2019emploi gr\u00e2ce \u00e0 une exp\u00e9rience valorisante.<\/p>\n<\/li>\n<\/ul>\n<p data-start=\"2328\" data-end=\"2480\">Aller \u00e9tudier ailleurs, c\u2019est \u00e9largir ses perspectives, gagner en autonomie et vivre une aventure formatrice, tant sur le plan acad\u00e9mique que personnel.<\/p>\n<h3 data-start=\"2487\" data-end=\"2541\">Elles l\u2019ont fait : leur exp\u00e9rience en Cor\u00e9e du Sud<\/h3>\n<p data-start=\"2543\" data-end=\"2684\">Deux \u00e9tudiantes de l\u2019ESHS, <strong data-start=\"2570\" data-end=\"2589\"><a href=\"https:\/\/web.umons.ac.be\/eshs\/fr\/erasmus-en-coree-du-sud-lexperience-unique-de-louise-etudiante-a-leshs\/\" target=\"_blank\" rel=\"noopener\">Louise<\/a> et <a href=\"https:\/\/web.umons.ac.be\/eshs\/fr\/de-mons-a-seoul-lerasmus-dimane-une-aventure-hors-du-commun\/\" target=\"_blank\" rel=\"noopener\">Imane<\/a><\/strong>, ont choisi d\u2019effectuer un quadrimestre en <strong data-start=\"2633\" data-end=\"2649\">Cor\u00e9e du Sud<\/strong>, dans des universit\u00e9s partenaires.<\/p>\n<p data-start=\"2686\" data-end=\"2839\">Leur parcours illustre l\u2019esprit de la mobilit\u00e9 \u00e0 l\u2019ESHS : oser explorer, apprendre dans un autre syst\u00e8me, d\u00e9couvrir une culture, et \u00e9largir ses horizons.<\/p>\n<div class=\"xdj266r x11i5rnm xat24cr x1mh8g0r x1vvkbs x126k92a\">\n<div id='gallery-1' class='gallery galleryid-229 gallery-columns-4 gallery-size-medium'><figure class='gallery-item'>\n\t\t\t<div class='gallery-icon landscape'>\n\t\t\t\t<a href='https:\/\/web.umons.ac.be\/app\/uploads\/sites\/8\/2025\/11\/1000020892.jpg'><img loading=\"lazy\" decoding=\"async\" width=\"300\" height=\"225\" src=\"https:\/\/web.umons.ac.be\/app\/uploads\/sites\/8\/2025\/11\/1000020892-300x225.jpg\" class=\"attachment-medium size-medium\" alt=\"\" srcset=\"https:\/\/web.umons.ac.be\/app\/uploads\/sites\/8\/2025\/11\/1000020892-300x225.jpg 300w, https:\/\/web.umons.ac.be\/app\/uploads\/sites\/8\/2025\/11\/1000020892-1024x768.jpg 1024w, https:\/\/web.umons.ac.be\/app\/uploads\/sites\/8\/2025\/11\/1000020892-768x576.jpg 768w, https:\/\/web.umons.ac.be\/app\/uploads\/sites\/8\/2025\/11\/1000020892-1536x1152.jpg 1536w, https:\/\/web.umons.ac.be\/app\/uploads\/sites\/8\/2025\/11\/1000020892-880x660.jpg 880w, https:\/\/web.umons.ac.be\/app\/uploads\/sites\/8\/2025\/11\/1000020892-30x23.jpg 30w, https:\/\/web.umons.ac.be\/app\/uploads\/sites\/8\/2025\/11\/1000020892-60x45.jpg 60w, https:\/\/web.umons.ac.be\/app\/uploads\/sites\/8\/2025\/11\/1000020892-360x270.jpg 360w, https:\/\/web.umons.ac.be\/app\/uploads\/sites\/8\/2025\/11\/1000020892.jpg 2000w\" sizes=\"auto, (max-width: 300px) 100vw, 300px\" \/><\/a>\n\t\t\t<\/div><\/figure><figure class='gallery-item'>\n\t\t\t<div class='gallery-icon portrait'>\n\t\t\t\t<a href='https:\/\/web.umons.ac.be\/app\/uploads\/sites\/8\/2025\/11\/photo-12-1-scaled.jpeg'><img loading=\"lazy\" decoding=\"async\" width=\"225\" height=\"300\" src=\"https:\/\/web.umons.ac.be\/app\/uploads\/sites\/8\/2025\/11\/photo-12-1-225x300.jpeg\" class=\"attachment-medium size-medium\" alt=\"\" srcset=\"https:\/\/web.umons.ac.be\/app\/uploads\/sites\/8\/2025\/11\/photo-12-1-225x300.jpeg 225w, https:\/\/web.umons.ac.be\/app\/uploads\/sites\/8\/2025\/11\/photo-12-1-768x1024.jpeg 768w, https:\/\/web.umons.ac.be\/app\/uploads\/sites\/8\/2025\/11\/photo-12-1-1152x1536.jpeg 1152w, https:\/\/web.umons.ac.be\/app\/uploads\/sites\/8\/2025\/11\/photo-12-1-1536x2048.jpeg 1536w, https:\/\/web.umons.ac.be\/app\/uploads\/sites\/8\/2025\/11\/photo-12-1-495x660.jpeg 495w, https:\/\/web.umons.ac.be\/app\/uploads\/sites\/8\/2025\/11\/photo-12-1-30x40.jpeg 30w, https:\/\/web.umons.ac.be\/app\/uploads\/sites\/8\/2025\/11\/photo-12-1-45x60.jpeg 45w, https:\/\/web.umons.ac.be\/app\/uploads\/sites\/8\/2025\/11\/photo-12-1-360x480.jpeg 360w, https:\/\/web.umons.ac.be\/app\/uploads\/sites\/8\/2025\/11\/photo-12-1-scaled.jpeg 1920w\" sizes=\"auto, (max-width: 225px) 100vw, 225px\" \/><\/a>\n\t\t\t<\/div><\/figure><figure class='gallery-item'>\n\t\t\t<div class='gallery-icon portrait'>\n\t\t\t\t<a href='https:\/\/web.umons.ac.be\/app\/uploads\/sites\/8\/2025\/11\/photo-9-1-scaled.jpeg'><img loading=\"lazy\" decoding=\"async\" width=\"225\" height=\"300\" src=\"https:\/\/web.umons.ac.be\/app\/uploads\/sites\/8\/2025\/11\/photo-9-1-225x300.jpeg\" class=\"attachment-medium size-medium\" alt=\"\" srcset=\"https:\/\/web.umons.ac.be\/app\/uploads\/sites\/8\/2025\/11\/photo-9-1-225x300.jpeg 225w, https:\/\/web.umons.ac.be\/app\/uploads\/sites\/8\/2025\/11\/photo-9-1-768x1024.jpeg 768w, https:\/\/web.umons.ac.be\/app\/uploads\/sites\/8\/2025\/11\/photo-9-1-1152x1536.jpeg 1152w, https:\/\/web.umons.ac.be\/app\/uploads\/sites\/8\/2025\/11\/photo-9-1-1536x2048.jpeg 1536w, https:\/\/web.umons.ac.be\/app\/uploads\/sites\/8\/2025\/11\/photo-9-1-495x660.jpeg 495w, https:\/\/web.umons.ac.be\/app\/uploads\/sites\/8\/2025\/11\/photo-9-1-30x40.jpeg 30w, https:\/\/web.umons.ac.be\/app\/uploads\/sites\/8\/2025\/11\/photo-9-1-45x60.jpeg 45w, https:\/\/web.umons.ac.be\/app\/uploads\/sites\/8\/2025\/11\/photo-9-1-360x480.jpeg 360w, https:\/\/web.umons.ac.be\/app\/uploads\/sites\/8\/2025\/11\/photo-9-1-scaled.jpeg 1920w\" sizes=\"auto, (max-width: 225px) 100vw, 225px\" \/><\/a>\n\t\t\t<\/div><\/figure><figure class='gallery-item'>\n\t\t\t<div class='gallery-icon portrait'>\n\t\t\t\t<a href='https:\/\/web.umons.ac.be\/app\/uploads\/sites\/8\/2025\/11\/photo-4-1-scaled.jpeg'><img loading=\"lazy\" decoding=\"async\" width=\"225\" height=\"300\" src=\"https:\/\/web.umons.ac.be\/app\/uploads\/sites\/8\/2025\/11\/photo-4-1-225x300.jpeg\" class=\"attachment-medium size-medium\" alt=\"\" srcset=\"https:\/\/web.umons.ac.be\/app\/uploads\/sites\/8\/2025\/11\/photo-4-1-225x300.jpeg 225w, https:\/\/web.umons.ac.be\/app\/uploads\/sites\/8\/2025\/11\/photo-4-1-768x1024.jpeg 768w, https:\/\/web.umons.ac.be\/app\/uploads\/sites\/8\/2025\/11\/photo-4-1-1152x1536.jpeg 1152w, https:\/\/web.umons.ac.be\/app\/uploads\/sites\/8\/2025\/11\/photo-4-1-1536x2048.jpeg 1536w, https:\/\/web.umons.ac.be\/app\/uploads\/sites\/8\/2025\/11\/photo-4-1-495x660.jpeg 495w, https:\/\/web.umons.ac.be\/app\/uploads\/sites\/8\/2025\/11\/photo-4-1-30x40.jpeg 30w, https:\/\/web.umons.ac.be\/app\/uploads\/sites\/8\/2025\/11\/photo-4-1-45x60.jpeg 45w, https:\/\/web.umons.ac.be\/app\/uploads\/sites\/8\/2025\/11\/photo-4-1-360x480.jpeg 360w, https:\/\/web.umons.ac.be\/app\/uploads\/sites\/8\/2025\/11\/photo-4-1-scaled.jpeg 1920w\" sizes=\"auto, (max-width: 225px) 100vw, 225px\" \/><\/a>\n\t\t\t<\/div><\/figure><figure class='gallery-item'>\n\t\t\t<div class='gallery-icon portrait'>\n\t\t\t\t<a href='https:\/\/web.umons.ac.be\/app\/uploads\/sites\/8\/2025\/11\/1000024304-scaled.jpg'><img loading=\"lazy\" decoding=\"async\" width=\"225\" height=\"300\" src=\"https:\/\/web.umons.ac.be\/app\/uploads\/sites\/8\/2025\/11\/1000024304-225x300.jpg\" class=\"attachment-medium size-medium\" alt=\"\" srcset=\"https:\/\/web.umons.ac.be\/app\/uploads\/sites\/8\/2025\/11\/1000024304-225x300.jpg 225w, https:\/\/web.umons.ac.be\/app\/uploads\/sites\/8\/2025\/11\/1000024304-768x1024.jpg 768w, https:\/\/web.umons.ac.be\/app\/uploads\/sites\/8\/2025\/11\/1000024304-1152x1536.jpg 1152w, https:\/\/web.umons.ac.be\/app\/uploads\/sites\/8\/2025\/11\/1000024304-1536x2048.jpg 1536w, https:\/\/web.umons.ac.be\/app\/uploads\/sites\/8\/2025\/11\/1000024304-495x660.jpg 495w, https:\/\/web.umons.ac.be\/app\/uploads\/sites\/8\/2025\/11\/1000024304-30x40.jpg 30w, https:\/\/web.umons.ac.be\/app\/uploads\/sites\/8\/2025\/11\/1000024304-45x60.jpg 45w, https:\/\/web.umons.ac.be\/app\/uploads\/sites\/8\/2025\/11\/1000024304-360x480.jpg 360w, https:\/\/web.umons.ac.be\/app\/uploads\/sites\/8\/2025\/11\/1000024304-scaled.jpg 1920w\" sizes=\"auto, (max-width: 225px) 100vw, 225px\" \/><\/a>\n\t\t\t<\/div><\/figure><figure class='gallery-item'>\n\t\t\t<div class='gallery-icon portrait'>\n\t\t\t\t<a href='https:\/\/web.umons.ac.be\/app\/uploads\/sites\/8\/2025\/11\/1000025166-scaled.jpg'><img loading=\"lazy\" decoding=\"async\" width=\"225\" height=\"300\" src=\"https:\/\/web.umons.ac.be\/app\/uploads\/sites\/8\/2025\/11\/1000025166-225x300.jpg\" class=\"attachment-medium size-medium\" alt=\"\" srcset=\"https:\/\/web.umons.ac.be\/app\/uploads\/sites\/8\/2025\/11\/1000025166-225x300.jpg 225w, https:\/\/web.umons.ac.be\/app\/uploads\/sites\/8\/2025\/11\/1000025166-768x1024.jpg 768w, https:\/\/web.umons.ac.be\/app\/uploads\/sites\/8\/2025\/11\/1000025166-1152x1536.jpg 1152w, https:\/\/web.umons.ac.be\/app\/uploads\/sites\/8\/2025\/11\/1000025166-1536x2048.jpg 1536w, https:\/\/web.umons.ac.be\/app\/uploads\/sites\/8\/2025\/11\/1000025166-495x660.jpg 495w, https:\/\/web.umons.ac.be\/app\/uploads\/sites\/8\/2025\/11\/1000025166-30x40.jpg 30w, https:\/\/web.umons.ac.be\/app\/uploads\/sites\/8\/2025\/11\/1000025166-45x60.jpg 45w, https:\/\/web.umons.ac.be\/app\/uploads\/sites\/8\/2025\/11\/1000025166-360x480.jpg 360w, https:\/\/web.umons.ac.be\/app\/uploads\/sites\/8\/2025\/11\/1000025166-scaled.jpg 1920w\" sizes=\"auto, (max-width: 225px) 100vw, 225px\" \/><\/a>\n\t\t\t<\/div><\/figure><figure class='gallery-item'>\n\t\t\t<div class='gallery-icon portrait'>\n\t\t\t\t<a href='https:\/\/web.umons.ac.be\/app\/uploads\/sites\/8\/2025\/11\/photo-7-1-scaled.jpeg'><img loading=\"lazy\" decoding=\"async\" width=\"225\" height=\"300\" src=\"https:\/\/web.umons.ac.be\/app\/uploads\/sites\/8\/2025\/11\/photo-7-1-225x300.jpeg\" class=\"attachment-medium size-medium\" alt=\"\" srcset=\"https:\/\/web.umons.ac.be\/app\/uploads\/sites\/8\/2025\/11\/photo-7-1-225x300.jpeg 225w, https:\/\/web.umons.ac.be\/app\/uploads\/sites\/8\/2025\/11\/photo-7-1-768x1024.jpeg 768w, https:\/\/web.umons.ac.be\/app\/uploads\/sites\/8\/2025\/11\/photo-7-1-1152x1536.jpeg 1152w, https:\/\/web.umons.ac.be\/app\/uploads\/sites\/8\/2025\/11\/photo-7-1-1536x2048.jpeg 1536w, https:\/\/web.umons.ac.be\/app\/uploads\/sites\/8\/2025\/11\/photo-7-1-495x660.jpeg 495w, https:\/\/web.umons.ac.be\/app\/uploads\/sites\/8\/2025\/11\/photo-7-1-30x40.jpeg 30w, https:\/\/web.umons.ac.be\/app\/uploads\/sites\/8\/2025\/11\/photo-7-1-45x60.jpeg 45w, https:\/\/web.umons.ac.be\/app\/uploads\/sites\/8\/2025\/11\/photo-7-1-360x480.jpeg 360w, https:\/\/web.umons.ac.be\/app\/uploads\/sites\/8\/2025\/11\/photo-7-1-scaled.jpeg 1920w\" sizes=\"auto, (max-width: 225px) 100vw, 225px\" \/><\/a>\n\t\t\t<\/div><\/figure><figure class='gallery-item'>\n\t\t\t<div class='gallery-icon landscape'>\n\t\t\t\t<a href='https:\/\/web.umons.ac.be\/app\/uploads\/sites\/8\/2025\/11\/photo-6-1-scaled.jpeg'><img loading=\"lazy\" decoding=\"async\" width=\"300\" height=\"225\" src=\"https:\/\/web.umons.ac.be\/app\/uploads\/sites\/8\/2025\/11\/photo-6-1-300x225.jpeg\" class=\"attachment-medium size-medium\" alt=\"\" srcset=\"https:\/\/web.umons.ac.be\/app\/uploads\/sites\/8\/2025\/11\/photo-6-1-300x225.jpeg 300w, https:\/\/web.umons.ac.be\/app\/uploads\/sites\/8\/2025\/11\/photo-6-1-1024x768.jpeg 1024w, https:\/\/web.umons.ac.be\/app\/uploads\/sites\/8\/2025\/11\/photo-6-1-768x576.jpeg 768w, https:\/\/web.umons.ac.be\/app\/uploads\/sites\/8\/2025\/11\/photo-6-1-1536x1152.jpeg 1536w, https:\/\/web.umons.ac.be\/app\/uploads\/sites\/8\/2025\/11\/photo-6-1-2048x1536.jpeg 2048w, https:\/\/web.umons.ac.be\/app\/uploads\/sites\/8\/2025\/11\/photo-6-1-880x660.jpeg 880w, https:\/\/web.umons.ac.be\/app\/uploads\/sites\/8\/2025\/11\/photo-6-1-30x23.jpeg 30w, https:\/\/web.umons.ac.be\/app\/uploads\/sites\/8\/2025\/11\/photo-6-1-60x45.jpeg 60w, https:\/\/web.umons.ac.be\/app\/uploads\/sites\/8\/2025\/11\/photo-6-1-360x270.jpeg 360w\" sizes=\"auto, (max-width: 300px) 100vw, 300px\" \/><\/a>\n\t\t\t<\/div><\/figure>\n\t\t<\/div>\n\n<\/div>\n<p>&nbsp;<\/p>\n","protected":false},"excerpt":{"rendered":"<p>L\u2019UMONS et l\u2019\u00c9cole des Sciences Humaines et Sociales ont conclu de nombreuses conventions avec des universit\u00e9s en Belgique, en Europe et dans le monde. Gr\u00e2ce \u00e0 ces partenariats, les \u00e9tudiant\u00b7e\u00b7s peuvent effectuer une partie de leur cursus : en Bloc 3 du Bachelier en Master 2 tout en restant officiellement inscrit\u00b7e\u00b7s \u00e0 l\u2019ESHS. Selon le [&hellip;]<\/p>\n","protected":false},"author":2,"featured_media":0,"parent":0,"menu_order":0,"comment_status":"closed","ping_status":"closed","template":"","meta":{"footnotes":""},"class_list":["post-229","page","type-page","status-publish","hentry"],"yoast_head":"<!-- This site is optimized with the Yoast SEO plugin v27.2 - https:\/\/yoast.com\/product\/yoast-seo-wordpress\/ -->\n<title>S\u00e9jours d&#039;\u00e9tudes \u00e0 l&#039;\u00e9tranger - Ecole \/ ESHS<\/title>\n<meta name=\"description\" content=\"Programmes d&#039;\u00e9change en Sciences humaines et sociales. Erasmus. S\u00e9jour \u00e0 l&#039;\u00e9tranger. Mobilit\u00e9 europ\u00e9enne et hors Europe.\" \/>\n<meta name=\"robots\" content=\"index, follow, max-snippet:-1, max-image-preview:large, max-video-preview:-1\" \/>\n<link rel=\"canonical\" href=\"https:\/\/web.umons.ac.be\/eshs\/fr\/mobilite-etudiante\/\" \/>\n<meta property=\"og:locale\" content=\"fr_FR\" \/>\n<meta property=\"og:type\" content=\"article\" \/>\n<meta property=\"og:title\" content=\"S\u00e9jours d&#039;\u00e9tudes \u00e0 l&#039;\u00e9tranger - Ecole \/ ESHS\" \/>\n<meta property=\"og:description\" content=\"Programmes d&#039;\u00e9change en Sciences humaines et sociales. Erasmus. S\u00e9jour \u00e0 l&#039;\u00e9tranger. Mobilit\u00e9 europ\u00e9enne et hors Europe.\" \/>\n<meta property=\"og:url\" content=\"https:\/\/web.umons.ac.be\/eshs\/fr\/mobilite-etudiante\/\" \/>\n<meta property=\"og:site_name\" content=\"Ecole \/ ESHS\" \/>\n<meta property=\"article:modified_time\" content=\"2025-11-20T13:46:05+00:00\" \/>\n<meta property=\"og:image\" content=\"https:\/\/web.umons.ac.be\/app\/uploads\/sites\/8\/2025\/11\/1000020892-300x225.jpg\" \/>\n<meta name=\"twitter:card\" content=\"summary_large_image\" \/>\n<meta name=\"twitter:label1\" content=\"Dur\u00e9e de lecture estim\u00e9e\" \/>\n\t<meta name=\"twitter:data1\" content=\"2 minutes\" \/>\n<script type=\"application\/ld+json\" class=\"yoast-schema-graph\">{\"@context\":\"https:\/\/schema.org\",\"@graph\":[{\"@type\":\"WebPage\",\"@id\":\"https:\/\/web.umons.ac.be\/eshs\/fr\/mobilite-etudiante\/\",\"url\":\"https:\/\/web.umons.ac.be\/eshs\/fr\/mobilite-etudiante\/\",\"name\":\"S\u00e9jours d'\u00e9tudes \u00e0 l'\u00e9tranger - Ecole \/ ESHS\",\"isPartOf\":{\"@id\":\"https:\/\/web.umons.ac.be\/eshs\/#website\"},\"datePublished\":\"2017-07-05T15:42:37+00:00\",\"dateModified\":\"2025-11-20T13:46:05+00:00\",\"description\":\"Programmes d'\u00e9change en Sciences humaines et sociales. Erasmus. S\u00e9jour \u00e0 l'\u00e9tranger. Mobilit\u00e9 europ\u00e9enne et hors Europe.\",\"breadcrumb\":{\"@id\":\"https:\/\/web.umons.ac.be\/eshs\/fr\/mobilite-etudiante\/#breadcrumb\"},\"inLanguage\":\"fr-FR\",\"potentialAction\":[{\"@type\":\"ReadAction\",\"target\":[\"https:\/\/web.umons.ac.be\/eshs\/fr\/mobilite-etudiante\/\"]}]},{\"@type\":\"BreadcrumbList\",\"@id\":\"https:\/\/web.umons.ac.be\/eshs\/fr\/mobilite-etudiante\/#breadcrumb\",\"itemListElement\":[{\"@type\":\"ListItem\",\"position\":1,\"name\":\"Accueil\",\"item\":\"https:\/\/web.umons.ac.be\/eshs\/fr\/\"},{\"@type\":\"ListItem\",\"position\":2,\"name\":\"S\u00e9jours d&rsquo;\u00e9tudes \u00e0 l&rsquo;\u00e9tranger\"}]},{\"@type\":\"WebSite\",\"@id\":\"https:\/\/web.umons.ac.be\/eshs\/#website\",\"url\":\"https:\/\/web.umons.ac.be\/eshs\/\",\"name\":\"Ecole \/ ESHS\",\"description\":\"\",\"potentialAction\":[{\"@type\":\"SearchAction\",\"target\":{\"@type\":\"EntryPoint\",\"urlTemplate\":\"https:\/\/web.umons.ac.be\/eshs\/?s={search_term_string}\"},\"query-input\":{\"@type\":\"PropertyValueSpecification\",\"valueRequired\":true,\"valueName\":\"search_term_string\"}}],\"inLanguage\":\"fr-FR\"}]}<\/script>\n<!-- \/ Yoast SEO plugin. -->","yoast_head_json":{"title":"S\u00e9jours d'\u00e9tudes \u00e0 l'\u00e9tranger - Ecole \/ ESHS","description":"Programmes d'\u00e9change en Sciences humaines et sociales. Erasmus. S\u00e9jour \u00e0 l'\u00e9tranger. Mobilit\u00e9 europ\u00e9enne et hors Europe.","robots":{"index":"index","follow":"follow","max-snippet":"max-snippet:-1","max-image-preview":"max-image-preview:large","max-video-preview":"max-video-preview:-1"},"canonical":"https:\/\/web.umons.ac.be\/eshs\/fr\/mobilite-etudiante\/","og_locale":"fr_FR","og_type":"article","og_title":"S\u00e9jours d'\u00e9tudes \u00e0 l'\u00e9tranger - Ecole \/ ESHS","og_description":"Programmes d'\u00e9change en Sciences humaines et sociales. Erasmus. S\u00e9jour \u00e0 l'\u00e9tranger. Mobilit\u00e9 europ\u00e9enne et hors Europe.","og_url":"https:\/\/web.umons.ac.be\/eshs\/fr\/mobilite-etudiante\/","og_site_name":"Ecole \/ ESHS","article_modified_time":"2025-11-20T13:46:05+00:00","og_image":[{"url":"https:\/\/web.umons.ac.be\/app\/uploads\/sites\/8\/2025\/11\/1000020892-300x225.jpg","type":"","width":"","height":""}],"twitter_card":"summary_large_image","twitter_misc":{"Dur\u00e9e de lecture estim\u00e9e":"2 minutes"},"schema":{"@context":"https:\/\/schema.org","@graph":[{"@type":"WebPage","@id":"https:\/\/web.umons.ac.be\/eshs\/fr\/mobilite-etudiante\/","url":"https:\/\/web.umons.ac.be\/eshs\/fr\/mobilite-etudiante\/","name":"S\u00e9jours d'\u00e9tudes \u00e0 l'\u00e9tranger - Ecole \/ ESHS","isPartOf":{"@id":"https:\/\/web.umons.ac.be\/eshs\/#website"},"datePublished":"2017-07-05T15:42:37+00:00","dateModified":"2025-11-20T13:46:05+00:00","description":"Programmes d'\u00e9change en Sciences humaines et sociales. Erasmus. S\u00e9jour \u00e0 l'\u00e9tranger. Mobilit\u00e9 europ\u00e9enne et hors Europe.","breadcrumb":{"@id":"https:\/\/web.umons.ac.be\/eshs\/fr\/mobilite-etudiante\/#breadcrumb"},"inLanguage":"fr-FR","potentialAction":[{"@type":"ReadAction","target":["https:\/\/web.umons.ac.be\/eshs\/fr\/mobilite-etudiante\/"]}]},{"@type":"BreadcrumbList","@id":"https:\/\/web.umons.ac.be\/eshs\/fr\/mobilite-etudiante\/#breadcrumb","itemListElement":[{"@type":"ListItem","position":1,"name":"Accueil","item":"https:\/\/web.umons.ac.be\/eshs\/fr\/"},{"@type":"ListItem","position":2,"name":"S\u00e9jours d&rsquo;\u00e9tudes \u00e0 l&rsquo;\u00e9tranger"}]},{"@type":"WebSite","@id":"https:\/\/web.umons.ac.be\/eshs\/#website","url":"https:\/\/web.umons.ac.be\/eshs\/","name":"Ecole \/ ESHS","description":"","potentialAction":[{"@type":"SearchAction","target":{"@type":"EntryPoint","urlTemplate":"https:\/\/web.umons.ac.be\/eshs\/?s={search_term_string}"},"query-input":{"@type":"PropertyValueSpecification","valueRequired":true,"valueName":"search_term_string"}}],"inLanguage":"fr-FR"}]}},"lang":"fr","translations":{"fr":229,"en":428},"pll_sync_post":[],"_links":{"self":[{"href":"https:\/\/web.umons.ac.be\/eshs\/wp-json\/wp\/v2\/pages\/229","targetHints":{"allow":["GET"]}}],"collection":[{"href":"https:\/\/web.umons.ac.be\/eshs\/wp-json\/wp\/v2\/pages"}],"about":[{"href":"https:\/\/web.umons.ac.be\/eshs\/wp-json\/wp\/v2\/types\/page"}],"author":[{"embeddable":true,"href":"https:\/\/web.umons.ac.be\/eshs\/wp-json\/wp\/v2\/users\/2"}],"replies":[{"embeddable":true,"href":"https:\/\/web.umons.ac.be\/eshs\/wp-json\/wp\/v2\/comments?post=229"}],"version-history":[{"count":4,"href":"https:\/\/web.umons.ac.be\/eshs\/wp-json\/wp\/v2\/pages\/229\/revisions"}],"predecessor-version":[{"id":2042,"href":"https:\/\/web.umons.ac.be\/eshs\/wp-json\/wp\/v2\/pages\/229\/revisions\/2042"}],"wp:attachment":[{"href":"https:\/\/web.umons.ac.be\/eshs\/wp-json\/wp\/v2\/media?parent=229"}],"curies":[{"name":"wp","href":"https:\/\/api.w.org\/{rel}","templated":true}]}}