{"id":336,"date":"2017-10-10T11:27:17","date_gmt":"2017-10-10T09:27:17","guid":{"rendered":"https:\/\/web.umons.ac.be\/eshs\/?page_id=336"},"modified":"2018-12-14T10:43:49","modified_gmt":"2018-12-14T09:43:49","slug":"2eme-cycle-master","status":"publish","type":"page","link":"https:\/\/web.umons.ac.be\/eshs\/en\/2eme-cycle-master\/","title":{"rendered":"Second cycle : Master&rsquo;s degree"},"content":{"rendered":"<h2>And then&#8230; the Master of your choice!<\/h2>\n<p>What makes the BA in Human and Social Sciences unique and original is undoubtedly the direct access it provides to the many Master programmes.<br \/>\nThe diagram below shows the access routes on offer:<\/p>\n<p><img loading=\"lazy\" decoding=\"async\" class=\"alignnone wp-image-588 size-large\" src=\"https:\/\/web.umons.ac.be\/app\/uploads\/sites\/8\/2018\/12\/ESHS2-1-1024x997.jpg\" alt=\"\" width=\"1024\" height=\"997\" srcset=\"https:\/\/web.umons.ac.be\/app\/uploads\/sites\/8\/2018\/12\/ESHS2-1.jpg 1024w, https:\/\/web.umons.ac.be\/app\/uploads\/sites\/8\/2018\/12\/ESHS2-1-300x292.jpg 300w, https:\/\/web.umons.ac.be\/app\/uploads\/sites\/8\/2018\/12\/ESHS2-1-768x748.jpg 768w, https:\/\/web.umons.ac.be\/app\/uploads\/sites\/8\/2018\/12\/ESHS2-1-678x660.jpg 678w, https:\/\/web.umons.ac.be\/app\/uploads\/sites\/8\/2018\/12\/ESHS2-1-30x29.jpg 30w, https:\/\/web.umons.ac.be\/app\/uploads\/sites\/8\/2018\/12\/ESHS2-1-60x58.jpg 60w, https:\/\/web.umons.ac.be\/app\/uploads\/sites\/8\/2018\/12\/ESHS2-1-360x351.jpg 360w\" sizes=\"auto, (max-width: 1024px) 100vw, 1024px\" \/><\/p>\n<p>&nbsp;<\/p>\n<h2>Where are these Master courses on offer?<\/h2>\n<ul>\n<li><start-cask-shortcode-wrapper><article class=\"shortcode-training training-small content-block scheme-eshs\">\n\t<a href=\"https:\/\/web.umons.ac.be\/eshs\/fr\/formations\/m2-metiss\/\" class=\"training-link scheme-border-hover\">\n\t\t<header class=\"training-small-header\">\n\t\t\t<div class=\"training-small-entity scheme-color\">\n\t\t\t\tEcole \/ ESHS\t\t\t\t\t           \t<img decoding=\"async\" src=\"https:\/\/web.umons.ac.be\/app\/uploads\/sites\/8\/2017\/05\/ESHS.png\" class=\"training-small-entity-logo\" alt=\"Ic\u00f4ne de Ecole \/ ESHS\">\n\t        \t\t\t\t<\/div>\n\t\t\t<div class=\"training-small-degree\">\n\t\t\t\tMaster en\t\t\t<\/div>\n\n\t\t\t<h1 class=\"training-small-title\">Transitions et innovations sociales (METIS)<\/h1>\n\n\t\t\t\t\t<\/header>\n\t\t\t\t<div class=\"training-small-content\">\n\t\t\t<div class=\"training-small-location\">\n\t\t\t\t<span class=\"icon umons-icon-pin\" aria-hidden=\"true\"><\/span>\n\t\t\t\t<span class=\"location\">Mons<\/span>\n\t\t\t<\/div>\n\n\t\t\t\t\t\t<div class=\"training-small-side-info\">\n\t\t\t\t<ul class=\"training-small-side-info-list\">\n\t\t\t\t\t\t\t\t\t\t<li>\n\t\t\t\t\t\t<div class=\"training-single-schedule\">\n\t\t\t\t\t\t\t<div class=\"label\">Horaire<\/div>\n\t\t\t\t\t\t\t<div class=\"value\">Horaire de jour<\/div>\n\t\t\t\t\t\t<\/div>\n\t\t\t\t\t<\/li>\n\t\t\t\t\t\t\t\t\t\t\t\t\t\t\t<li>\n\t\t\t\t\t\t<div class=\"training-single-credits\">\n\t\t\t\t\t\t\t<div class=\"label\">Cr\u00e9dits ECTS<\/div>\n\t\t\t\t\t\t\t<div class=\"value\">120<\/div>\n\t\t\t\t\t\t<\/div>\n\t\t\t\t\t<\/li>\n\t\t\t\t\t\t\t\t\t\t\t\t\t\t\t<li>\n\t\t\t\t\t\t<div class=\"training-single-languages\">\n\t\t\t\t\t\t\t<div class=\"label\">Langue<\/div>\n\t\t\t\t\t\t\t<div class=\"value\">\n\t\t\t\t\t\t\t\t<span class=\"lang\">Fran\u00e7ais<\/span>\n\t\t\t\t\t\t\t<\/div>\n\t\t\t\t\t\t<\/div>\n\t\t\t\t\t<\/li>\n\t\t\t\t\t\t\t\t\t<\/ul>\n\t\t\t<\/div>\n\t\t\t\t\t<\/div>\n\t\t\t<\/a>\n<\/article>\n<end-cask-shortcode-wrapper><\/li>\n<li>\u00c0 l\u2019UMONS, la Facult\u00e9 Warocqu\u00e9 d\u2019Economie et de Gestion vous donne acc\u00e8s :\n<ul>\n<li>au Master en Politique \u00c9conomique et Sociale &#8211; 120 cr\u00e9dits (acc\u00eas direct)<br \/>\n<start-cask-shortcode-wrapper><article class=\"shortcode-training training-small content-block scheme-fweg\">\n\t<a href=\"https:\/\/web.umons.ac.be\/fweg\/fr\/formations\/m2-pogpes\/\" class=\"training-link scheme-border-hover\">\n\t\t<header class=\"training-small-header\">\n\t\t\t<div class=\"training-small-entity scheme-color\">\n\t\t\t\tFacult\u00e9 \/ FWEG\t\t\t\t\t           \t<img decoding=\"async\" src=\"https:\/\/web.umons.ac.be\/app\/uploads\/sites\/9\/2017\/05\/FWEG.png\" class=\"training-small-entity-logo\" alt=\"Ic\u00f4ne de Facult\u00e9 \/ FWEG\">\n\t        \t\t\t\t<\/div>\n\t\t\t<div class=\"training-small-degree\">\n\t\t\t\tMaster en\t\t\t<\/div>\n\n\t\t\t<h1 class=\"training-small-title\">Politique \u00e9conomique et sociale<\/h1>\n\n\t\t\t\t\t\t<div class=\"training-small-subtitle\">\n\t\t\t\t<strong>Finalit\u00e9 sp\u00e9cialis\u00e9e en gestion des politiques \u00e9conomiques et sociales<\/strong>\n\t\t\t<\/div>\n\t\t\t\t\t<\/header>\n\t\t\t\t<div class=\"training-small-content\">\n\t\t\t<div class=\"training-small-location\">\n\t\t\t\t<span class=\"icon umons-icon-pin\" aria-hidden=\"true\"><\/span>\n\t\t\t\t<span class=\"location\">Mons<\/span>\n\t\t\t<\/div>\n\n\t\t\t\t\t\t<div class=\"training-small-side-info\">\n\t\t\t\t<ul class=\"training-small-side-info-list\">\n\t\t\t\t\t\t\t\t\t\t<li>\n\t\t\t\t\t\t<div class=\"training-single-schedule\">\n\t\t\t\t\t\t\t<div class=\"label\">Horaire<\/div>\n\t\t\t\t\t\t\t<div class=\"value\">Horaire de jour<\/div>\n\t\t\t\t\t\t<\/div>\n\t\t\t\t\t<\/li>\n\t\t\t\t\t\t\t\t\t\t\t\t\t\t\t<li>\n\t\t\t\t\t\t<div class=\"training-single-credits\">\n\t\t\t\t\t\t\t<div class=\"label\">Cr\u00e9dits ECTS<\/div>\n\t\t\t\t\t\t\t<div class=\"value\">120<\/div>\n\t\t\t\t\t\t<\/div>\n\t\t\t\t\t<\/li>\n\t\t\t\t\t\t\t\t\t\t\t\t\t\t\t<li>\n\t\t\t\t\t\t<div class=\"training-single-languages\">\n\t\t\t\t\t\t\t<div class=\"label\">Langue<\/div>\n\t\t\t\t\t\t\t<div class=\"value\">\n\t\t\t\t\t\t\t\t<span class=\"lang\">Fran\u00e7ais<\/span>\n\t\t\t\t\t\t\t<\/div>\n\t\t\t\t\t\t<\/div>\n\t\t\t\t\t<\/li>\n\t\t\t\t\t\t\t\t\t<\/ul>\n\t\t\t<\/div>\n\t\t\t\t\t<\/div>\n\t\t\t<\/a>\n<\/article>\n<end-cask-shortcode-wrapper><\/li>\n<li>au Master en Sciences de Gestion &#8211; 120 cr\u00e9dits (avec un programme compl\u00e9mentaire : le nombre de cr\u00e9dits est fonction de la trajectoire choisie)<br \/>\n<start-cask-shortcode-wrapper><article class=\"shortcode-training training-small content-block scheme-fweg\">\n\t<a href=\"https:\/\/web.umons.ac.be\/fweg\/fr\/formations\/m2-scgess\/\" class=\"training-link scheme-border-hover\">\n\t\t<header class=\"training-small-header\">\n\t\t\t<div class=\"training-small-entity scheme-color\">\n\t\t\t\tFacult\u00e9 \/ FWEG\t\t\t\t\t           \t<img decoding=\"async\" src=\"https:\/\/web.umons.ac.be\/app\/uploads\/sites\/9\/2017\/05\/FWEG.png\" class=\"training-small-entity-logo\" alt=\"Ic\u00f4ne de Facult\u00e9 \/ FWEG\">\n\t        \t\t\t\t<\/div>\n\t\t\t<div class=\"training-small-degree\">\n\t\t\t\tMaster en\t\t\t<\/div>\n\n\t\t\t<h1 class=\"training-small-title\">Sciences de gestion<\/h1>\n\n\t\t\t\t\t\t<div class=\"training-small-subtitle\">\n\t\t\t\t<strong>Finalit\u00e9 sp\u00e9cialis\u00e9e<\/strong>\n\t\t\t<\/div>\n\t\t\t\t\t<\/header>\n\t\t\t\t<div class=\"training-small-content\">\n\t\t\t<div class=\"training-small-location\">\n\t\t\t\t<span class=\"icon umons-icon-pin\" aria-hidden=\"true\"><\/span>\n\t\t\t\t<span class=\"location\">Mons<\/span>\n\t\t\t<\/div>\n\n\t\t\t\t\t\t<div class=\"training-small-side-info\">\n\t\t\t\t<ul class=\"training-small-side-info-list\">\n\t\t\t\t\t\t\t\t\t\t<li>\n\t\t\t\t\t\t<div class=\"training-single-schedule\">\n\t\t\t\t\t\t\t<div class=\"label\">Horaire<\/div>\n\t\t\t\t\t\t\t<div class=\"value\">Horaire de jour<\/div>\n\t\t\t\t\t\t<\/div>\n\t\t\t\t\t<\/li>\n\t\t\t\t\t\t\t\t\t\t\t\t\t\t\t<li>\n\t\t\t\t\t\t<div class=\"training-single-credits\">\n\t\t\t\t\t\t\t<div class=\"label\">Cr\u00e9dits ECTS<\/div>\n\t\t\t\t\t\t\t<div class=\"value\">120<\/div>\n\t\t\t\t\t\t<\/div>\n\t\t\t\t\t<\/li>\n\t\t\t\t\t\t\t\t\t\t\t\t\t\t\t<li>\n\t\t\t\t\t\t<div class=\"training-single-languages\">\n\t\t\t\t\t\t\t<div class=\"label\">Langue<\/div>\n\t\t\t\t\t\t\t<div class=\"value\">\n\t\t\t\t\t\t\t\t<span class=\"lang\">Fran\u00e7ais<\/span>\n\t\t\t\t\t\t\t<\/div>\n\t\t\t\t\t\t<\/div>\n\t\t\t\t\t<\/li>\n\t\t\t\t\t\t\t\t\t<\/ul>\n\t\t\t<\/div>\n\t\t\t\t\t<\/div>\n\t\t\t<\/a>\n<\/article>\n<end-cask-shortcode-wrapper><\/li>\n<li>au Master en Sciences de Gestion &#8211; 60 cr\u00e9dits (avec un programme compl\u00e9mentaire)<br \/>\n<start-cask-shortcode-wrapper><article class=\"shortcode-training training-small content-block scheme-fweg\">\n\t<a href=\"https:\/\/web.umons.ac.be\/fweg\/fr\/formations\/m1-sciges\/\" class=\"training-link scheme-border-hover\">\n\t\t<header class=\"training-small-header\">\n\t\t\t<div class=\"training-small-entity scheme-color\">\n\t\t\t\tFacult\u00e9 \/ FWEG\t\t\t\t\t           \t<img decoding=\"async\" src=\"https:\/\/web.umons.ac.be\/app\/uploads\/sites\/9\/2017\/05\/FWEG.png\" class=\"training-small-entity-logo\" alt=\"Ic\u00f4ne de Facult\u00e9 \/ FWEG\">\n\t        \t\t\t\t<\/div>\n\t\t\t<div class=\"training-small-degree\">\n\t\t\t\tMaster en\t\t\t<\/div>\n\n\t\t\t<h1 class=\"training-small-title\">Sciences de gestion (60)<\/h1>\n\n\t\t\t\t\t<\/header>\n\t\t\t\t<div class=\"training-small-content\">\n\t\t\t<div class=\"training-small-location\">\n\t\t\t\t<span class=\"icon umons-icon-pin\" aria-hidden=\"true\"><\/span>\n\t\t\t\t<span class=\"location\">Mons<\/span>\n\t\t\t<\/div>\n\n\t\t\t\t\t\t<div class=\"training-small-side-info\">\n\t\t\t\t<ul class=\"training-small-side-info-list\">\n\t\t\t\t\t\t\t\t\t\t<li>\n\t\t\t\t\t\t<div class=\"training-single-schedule\">\n\t\t\t\t\t\t\t<div class=\"label\">Horaire<\/div>\n\t\t\t\t\t\t\t<div class=\"value\">Horaire de jour<\/div>\n\t\t\t\t\t\t<\/div>\n\t\t\t\t\t<\/li>\n\t\t\t\t\t\t\t\t\t\t\t\t\t\t\t<li>\n\t\t\t\t\t\t<div class=\"training-single-credits\">\n\t\t\t\t\t\t\t<div class=\"label\">Cr\u00e9dits ECTS<\/div>\n\t\t\t\t\t\t\t<div class=\"value\">60<\/div>\n\t\t\t\t\t\t<\/div>\n\t\t\t\t\t<\/li>\n\t\t\t\t\t\t\t\t\t\t\t\t\t\t\t<li>\n\t\t\t\t\t\t<div class=\"training-single-languages\">\n\t\t\t\t\t\t\t<div class=\"label\">Langue<\/div>\n\t\t\t\t\t\t\t<div class=\"value\">\n\t\t\t\t\t\t\t\t<span class=\"lang\">Fran\u00e7ais<\/span>\n\t\t\t\t\t\t\t<\/div>\n\t\t\t\t\t\t<\/div>\n\t\t\t\t\t<\/li>\n\t\t\t\t\t\t\t\t\t<\/ul>\n\t\t\t<\/div>\n\t\t\t\t\t<\/div>\n\t\t\t<\/a>\n<\/article>\n<end-cask-shortcode-wrapper><\/li>\n<\/ul>\n<\/li>\n<li><strong>At<\/strong> <strong>UMONS<\/strong>, for the Master&rsquo;s in Economic and Social Policy and the Master\u2019s in Management (HR management option)<br \/>\nThe Master\u2019s in Economic and Social Policy has a specific specialist option for the continuity of the BSHS.<br \/>\nThe Master\u2019s in Management (HR management option) can be accessed directly upon a successful application.<\/li>\n<li><strong>At ULB<\/strong>, for all other Master courses.<\/li>\n<li><strong>At other universities in Belgium<\/strong>, Europe and worldwide, following a successful application.<\/li>\n<\/ul>\n<p>To best prepare students for the transition to another university, a <strong>visit to ULB<\/strong> is organised each year in collaboration with the ULB\u2019s Faculty of Political and Social Sciences.<\/p>\n","protected":false},"excerpt":{"rendered":"<p>And then&#8230; the Master of your choice! What makes the BA in Human and Social Sciences unique and original is undoubtedly the direct access it provides to the many Master programmes. The diagram below shows the access routes on offer: &nbsp; Where are these Master courses on offer? \u00c0 l\u2019UMONS, la Facult\u00e9 Warocqu\u00e9 d\u2019Economie et [&hellip;]<\/p>\n","protected":false},"author":2,"featured_media":0,"parent":0,"menu_order":2,"comment_status":"closed","ping_status":"closed","template":"","meta":{"footnotes":""},"class_list":["post-336","page","type-page","status-publish","hentry"],"yoast_head":"<!-- This site is optimized with the Yoast SEO plugin v27.2 - https:\/\/yoast.com\/product\/yoast-seo-wordpress\/ -->\n<title>Second cycle : Master\\&#039;s degree - Ecole \/ ESHS<\/title>\n<meta name=\"robots\" content=\"index, follow, max-snippet:-1, max-image-preview:large, max-video-preview:-1\" \/>\n<link rel=\"canonical\" href=\"https:\/\/web.umons.ac.be\/eshs\/en\/2eme-cycle-master\/\" \/>\n<meta property=\"og:locale\" content=\"fr_FR\" \/>\n<meta property=\"og:type\" content=\"article\" \/>\n<meta property=\"og:title\" content=\"Second cycle : Master\\&#039;s degree - Ecole \/ ESHS\" \/>\n<meta property=\"og:description\" content=\"And then&#8230; the Master of your choice! What makes the BA in Human and Social Sciences unique and original is undoubtedly the direct access it provides to the many Master programmes. The diagram below shows the access routes on offer: &nbsp; Where are these Master courses on offer? \u00c0 l\u2019UMONS, la Facult\u00e9 Warocqu\u00e9 d\u2019Economie et [&hellip;]\" \/>\n<meta property=\"og:url\" content=\"https:\/\/web.umons.ac.be\/eshs\/en\/2eme-cycle-master\/\" \/>\n<meta property=\"og:site_name\" content=\"Ecole \/ ESHS\" \/>\n<meta property=\"article:modified_time\" content=\"2018-12-14T09:43:49+00:00\" \/>\n<meta property=\"og:image\" content=\"https:\/\/web.umons.ac.be\/app\/uploads\/sites\/8\/2018\/12\/ESHS2-1-1024x997.jpg\" \/>\n<meta name=\"twitter:card\" content=\"summary_large_image\" \/>\n<meta name=\"twitter:label1\" content=\"Dur\u00e9e de lecture estim\u00e9e\" \/>\n\t<meta name=\"twitter:data1\" content=\"1 minute\" \/>\n<script type=\"application\/ld+json\" class=\"yoast-schema-graph\">{\"@context\":\"https:\/\/schema.org\",\"@graph\":[{\"@type\":\"WebPage\",\"@id\":\"https:\/\/web.umons.ac.be\/eshs\/en\/2eme-cycle-master\/\",\"url\":\"https:\/\/web.umons.ac.be\/eshs\/en\/2eme-cycle-master\/\",\"name\":\"Second cycle : Master\\\\'s degree - Ecole \/ ESHS\",\"isPartOf\":{\"@id\":\"https:\/\/web.umons.ac.be\/eshs\/#website\"},\"primaryImageOfPage\":{\"@id\":\"https:\/\/web.umons.ac.be\/eshs\/en\/2eme-cycle-master\/#primaryimage\"},\"image\":{\"@id\":\"https:\/\/web.umons.ac.be\/eshs\/en\/2eme-cycle-master\/#primaryimage\"},\"thumbnailUrl\":\"https:\/\/web.umons.ac.be\/app\/uploads\/sites\/8\/2018\/12\/ESHS2-1-1024x997.jpg\",\"datePublished\":\"2017-10-10T09:27:17+00:00\",\"dateModified\":\"2018-12-14T09:43:49+00:00\",\"breadcrumb\":{\"@id\":\"https:\/\/web.umons.ac.be\/eshs\/en\/2eme-cycle-master\/#breadcrumb\"},\"inLanguage\":\"fr-FR\",\"potentialAction\":[{\"@type\":\"ReadAction\",\"target\":[\"https:\/\/web.umons.ac.be\/eshs\/en\/2eme-cycle-master\/\"]}]},{\"@type\":\"ImageObject\",\"inLanguage\":\"fr-FR\",\"@id\":\"https:\/\/web.umons.ac.be\/eshs\/en\/2eme-cycle-master\/#primaryimage\",\"url\":\"https:\/\/web.umons.ac.be\/app\/uploads\/sites\/8\/2018\/12\/ESHS2-1-1024x997.jpg\",\"contentUrl\":\"https:\/\/web.umons.ac.be\/app\/uploads\/sites\/8\/2018\/12\/ESHS2-1-1024x997.jpg\"},{\"@type\":\"BreadcrumbList\",\"@id\":\"https:\/\/web.umons.ac.be\/eshs\/en\/2eme-cycle-master\/#breadcrumb\",\"itemListElement\":[{\"@type\":\"ListItem\",\"position\":1,\"name\":\"Accueil\",\"item\":\"https:\/\/web.umons.ac.be\/eshs\/fr\/\"},{\"@type\":\"ListItem\",\"position\":2,\"name\":\"Second cycle : Master&#8217;s degree\"}]},{\"@type\":\"WebSite\",\"@id\":\"https:\/\/web.umons.ac.be\/eshs\/#website\",\"url\":\"https:\/\/web.umons.ac.be\/eshs\/\",\"name\":\"Ecole \/ ESHS\",\"description\":\"\",\"potentialAction\":[{\"@type\":\"SearchAction\",\"target\":{\"@type\":\"EntryPoint\",\"urlTemplate\":\"https:\/\/web.umons.ac.be\/eshs\/?s={search_term_string}\"},\"query-input\":{\"@type\":\"PropertyValueSpecification\",\"valueRequired\":true,\"valueName\":\"search_term_string\"}}],\"inLanguage\":\"fr-FR\"}]}<\/script>\n<!-- \/ Yoast SEO plugin. -->","yoast_head_json":{"title":"Second cycle : Master\\'s degree - Ecole \/ ESHS","robots":{"index":"index","follow":"follow","max-snippet":"max-snippet:-1","max-image-preview":"max-image-preview:large","max-video-preview":"max-video-preview:-1"},"canonical":"https:\/\/web.umons.ac.be\/eshs\/en\/2eme-cycle-master\/","og_locale":"fr_FR","og_type":"article","og_title":"Second cycle : Master\\'s degree - Ecole \/ ESHS","og_description":"And then&#8230; the Master of your choice! What makes the BA in Human and Social Sciences unique and original is undoubtedly the direct access it provides to the many Master programmes. The diagram below shows the access routes on offer: &nbsp; Where are these Master courses on offer? \u00c0 l\u2019UMONS, la Facult\u00e9 Warocqu\u00e9 d\u2019Economie et [&hellip;]","og_url":"https:\/\/web.umons.ac.be\/eshs\/en\/2eme-cycle-master\/","og_site_name":"Ecole \/ ESHS","article_modified_time":"2018-12-14T09:43:49+00:00","og_image":[{"url":"https:\/\/web.umons.ac.be\/app\/uploads\/sites\/8\/2018\/12\/ESHS2-1-1024x997.jpg","type":"","width":"","height":""}],"twitter_card":"summary_large_image","twitter_misc":{"Dur\u00e9e de lecture estim\u00e9e":"1 minute"},"schema":{"@context":"https:\/\/schema.org","@graph":[{"@type":"WebPage","@id":"https:\/\/web.umons.ac.be\/eshs\/en\/2eme-cycle-master\/","url":"https:\/\/web.umons.ac.be\/eshs\/en\/2eme-cycle-master\/","name":"Second cycle : Master\\'s degree - Ecole \/ ESHS","isPartOf":{"@id":"https:\/\/web.umons.ac.be\/eshs\/#website"},"primaryImageOfPage":{"@id":"https:\/\/web.umons.ac.be\/eshs\/en\/2eme-cycle-master\/#primaryimage"},"image":{"@id":"https:\/\/web.umons.ac.be\/eshs\/en\/2eme-cycle-master\/#primaryimage"},"thumbnailUrl":"https:\/\/web.umons.ac.be\/app\/uploads\/sites\/8\/2018\/12\/ESHS2-1-1024x997.jpg","datePublished":"2017-10-10T09:27:17+00:00","dateModified":"2018-12-14T09:43:49+00:00","breadcrumb":{"@id":"https:\/\/web.umons.ac.be\/eshs\/en\/2eme-cycle-master\/#breadcrumb"},"inLanguage":"fr-FR","potentialAction":[{"@type":"ReadAction","target":["https:\/\/web.umons.ac.be\/eshs\/en\/2eme-cycle-master\/"]}]},{"@type":"ImageObject","inLanguage":"fr-FR","@id":"https:\/\/web.umons.ac.be\/eshs\/en\/2eme-cycle-master\/#primaryimage","url":"https:\/\/web.umons.ac.be\/app\/uploads\/sites\/8\/2018\/12\/ESHS2-1-1024x997.jpg","contentUrl":"https:\/\/web.umons.ac.be\/app\/uploads\/sites\/8\/2018\/12\/ESHS2-1-1024x997.jpg"},{"@type":"BreadcrumbList","@id":"https:\/\/web.umons.ac.be\/eshs\/en\/2eme-cycle-master\/#breadcrumb","itemListElement":[{"@type":"ListItem","position":1,"name":"Accueil","item":"https:\/\/web.umons.ac.be\/eshs\/fr\/"},{"@type":"ListItem","position":2,"name":"Second cycle : Master&#8217;s degree"}]},{"@type":"WebSite","@id":"https:\/\/web.umons.ac.be\/eshs\/#website","url":"https:\/\/web.umons.ac.be\/eshs\/","name":"Ecole \/ ESHS","description":"","potentialAction":[{"@type":"SearchAction","target":{"@type":"EntryPoint","urlTemplate":"https:\/\/web.umons.ac.be\/eshs\/?s={search_term_string}"},"query-input":{"@type":"PropertyValueSpecification","valueRequired":true,"valueName":"search_term_string"}}],"inLanguage":"fr-FR"}]}},"lang":"en","translations":{"en":336,"fr":44},"pll_sync_post":[],"_links":{"self":[{"href":"https:\/\/web.umons.ac.be\/eshs\/wp-json\/wp\/v2\/pages\/336","targetHints":{"allow":["GET"]}}],"collection":[{"href":"https:\/\/web.umons.ac.be\/eshs\/wp-json\/wp\/v2\/pages"}],"about":[{"href":"https:\/\/web.umons.ac.be\/eshs\/wp-json\/wp\/v2\/types\/page"}],"author":[{"embeddable":true,"href":"https:\/\/web.umons.ac.be\/eshs\/wp-json\/wp\/v2\/users\/2"}],"replies":[{"embeddable":true,"href":"https:\/\/web.umons.ac.be\/eshs\/wp-json\/wp\/v2\/comments?post=336"}],"version-history":[{"count":6,"href":"https:\/\/web.umons.ac.be\/eshs\/wp-json\/wp\/v2\/pages\/336\/revisions"}],"predecessor-version":[{"id":589,"href":"https:\/\/web.umons.ac.be\/eshs\/wp-json\/wp\/v2\/pages\/336\/revisions\/589"}],"wp:attachment":[{"href":"https:\/\/web.umons.ac.be\/eshs\/wp-json\/wp\/v2\/media?parent=336"}],"curies":[{"name":"wp","href":"https:\/\/api.w.org\/{rel}","templated":true}]}}