{"id":36,"date":"2017-05-12T16:19:16","date_gmt":"2017-05-12T14:19:16","guid":{"rendered":"https:\/\/web.umons.ac.be\/faculte\/eshs\/?page_id=36"},"modified":"2025-11-20T15:27:39","modified_gmt":"2025-11-20T14:27:39","slug":"ecole-dynamique","status":"publish","type":"page","link":"https:\/\/web.umons.ac.be\/eshs\/fr\/ecole-dynamique\/","title":{"rendered":"Une \u00c9cole dynamique"},"content":{"rendered":"<h3 data-start=\"225\" data-end=\"287\">20 ans d\u2019ouverture, d\u2019engagement et de pluridisciplinarit\u00e9<\/h3>\n<p data-start=\"289\" data-end=\"724\">Depuis sa cr\u00e9ation en 2004, l\u2019\u00c9cole des Sciences Humaines et Sociales (ESHS) n\u2019a cess\u00e9 de grandir, d\u2019innover et de d\u00e9fendre une vision singuli\u00e8re de l\u2019universit\u00e9 : <strong data-start=\"453\" data-end=\"509\">humaine, critique, inclusive et ouverte sur le monde<\/strong>. N\u00e9e de la collaboration entre plusieurs facult\u00e9s, l\u2019\u00c9cole s\u2019est structur\u00e9e au fil du temps autour d\u2019une offre de formation compl\u00e8te, d\u2019unit\u00e9s de recherche engag\u00e9es et d\u2019une vie \u00e9tudiante particuli\u00e8rement active.<\/p>\n<p data-start=\"726\" data-end=\"753\">Aujourd\u2019hui, l\u2019ESHS c\u2019est :<\/p>\n<ul data-start=\"754\" data-end=\"1170\">\n<li data-start=\"754\" data-end=\"828\">\n<p data-start=\"756\" data-end=\"828\">un <a href=\"https:\/\/web.umons.ac.be\/eshs\/fr\/formations\/ba-schums\/\" target=\"_blank\" rel=\"noopener\"><strong data-start=\"759\" data-end=\"804\">Bachelier pluridisciplinaire de r\u00e9f\u00e9rence<\/strong><\/a> \u00e0 Mons et \u00e0 Charleroi ;<\/p>\n<\/li>\n<li data-start=\"829\" data-end=\"939\">\n<p data-start=\"831\" data-end=\"939\">un <a href=\"https:\/\/web.umons.ac.be\/eshs\/fr\/formations\/m2-metiss\/\" target=\"_blank\" rel=\"noopener\"><strong data-start=\"834\" data-end=\"890\">Master interinstitutionnel unique en Hainaut (METIS)<\/strong><\/a>, d\u00e9di\u00e9 aux transitions et innovations sociales ;<\/p>\n<\/li>\n<li data-start=\"940\" data-end=\"1044\">\n<p data-start=\"942\" data-end=\"1044\">un <a href=\"https:\/\/web.umons.ac.be\/eshs\/fr\/formations\/ms-genres\/\" target=\"_blank\" rel=\"noopener\"><strong data-start=\"945\" data-end=\"992\">Master de sp\u00e9cialisation en \u00e9tudes de genre<\/strong><\/a>, organis\u00e9 avec plusieurs universit\u00e9s francophones ;<\/p>\n<\/li>\n<li data-start=\"1045\" data-end=\"1170\">\n<p data-start=\"1047\" data-end=\"1170\">des <a href=\"https:\/\/web.umons.ac.be\/eshs\/fr\/activites-de-recherche\/services-denseignement-et-de-recherche\/\" target=\"_blank\" rel=\"noopener\"><strong data-start=\"1051\" data-end=\"1088\">services de recherche sp\u00e9cialis\u00e9s<\/strong><\/a> (Sciences politiques, Sociologie et Anthropologie, Information et Communication).<\/p>\n<\/li>\n<\/ul>\n<h3 data-start=\"1177\" data-end=\"1225\">Un esprit : proximit\u00e9, ouverture, engagement<\/h3>\n<p data-start=\"1227\" data-end=\"1406\">Plus qu\u2019une formation, l\u2019ESHS est un <strong data-start=\"1264\" data-end=\"1274\">esprit<\/strong> : celui d\u2019une \u00e9cole o\u00f9 l\u2019on apprend \u00e0 penser la soci\u00e9t\u00e9, \u00e0 la questionner et \u00e0 agir pour la transformer.<br data-start=\"1379\" data-end=\"1382\" \/>En son c\u0153ur, on trouve :<\/p>\n<ul data-start=\"1407\" data-end=\"1553\">\n<li data-start=\"1407\" data-end=\"1456\">\n<p data-start=\"1409\" data-end=\"1456\">des enseignant\u00b7es disponibles et passionn\u00e9\u00b7es ;<\/p>\n<\/li>\n<li data-start=\"1457\" data-end=\"1482\">\n<p data-start=\"1459\" data-end=\"1482\">une \u00e9quipe \u00e0 l\u2019\u00e9coute ;<\/p>\n<\/li>\n<li data-start=\"1483\" data-end=\"1553\">\n<p data-start=\"1485\" data-end=\"1553\">des \u00e9tudiant\u00b7es curieux\u00b7ses, solidaires, cr\u00e9atif\u00b7ves et impliqu\u00e9\u00b7es.<\/p>\n<\/li>\n<\/ul>\n<blockquote data-start=\"1555\" data-end=\"1693\">\n<p data-start=\"1557\" data-end=\"1693\">\u00ab D\u00e8s ses d\u00e9buts, l\u2019ESHS \u00e9tait bien plus qu\u2019une \u00c9cole : c\u2019\u00e9tait un esprit, une famille, une maison. \u00bb<br data-start=\"1658\" data-end=\"1661\" \/><em data-start=\"1663\" data-end=\"1693\">T\u00e9moignage d\u2019une enseignante<\/em><\/p>\n<\/blockquote>\n<h3 data-start=\"1700\" data-end=\"1730\">Une vie \u00e9tudiante vibrante<\/h3>\n<p data-start=\"1732\" data-end=\"1824\">L\u2019ESHS est connue pour son dynamisme \u00e9tudiant.<br data-start=\"1778\" data-end=\"1781\" \/>Quelques figures fortes de cet engagement :<\/p>\n<ul data-start=\"1825\" data-end=\"2294\">\n<li data-start=\"1825\" data-end=\"1944\">\n<p data-start=\"1827\" data-end=\"1944\"><strong data-start=\"1827\" data-end=\"1841\">l\u2019AGE ESHS<\/strong>, qui anime la vie culturelle, sportive, associative et festive du campus ;<\/p>\n<\/li>\n<li data-start=\"1945\" data-end=\"2058\">\n<p data-start=\"1947\" data-end=\"2058\"><strong data-start=\"1947\" data-end=\"1957\">le CRE<\/strong>, mod\u00e8le in\u00e9dit de repr\u00e9sentation \u00e9tudiante n\u00e9 \u00e0 l\u2019ESHS et d\u00e9sormais repris dans toute l\u2019universit\u00e9 ;<\/p>\n<\/li>\n<li data-start=\"2059\" data-end=\"2138\">\n<p data-start=\"2061\" data-end=\"2138\"><strong data-start=\"2061\" data-end=\"2071\">l\u2019ASHS<\/strong>, le r\u00e9seau des alumni, qui renforce les liens au-del\u00e0 des \u00e9tudes ;<\/p>\n<\/li>\n<li data-start=\"2139\" data-end=\"2294\">\n<p data-start=\"2141\" data-end=\"2294\">des initiatives citoyennes issues d\u2019\u00e9tudiant\u00b7es, comme des cours gratuits de langue des signes ou l\u2019h\u00e9bergement de personnes en exil via le Kot (H)Umain.<\/p>\n<\/li>\n<\/ul>\n<p data-start=\"2296\" data-end=\"2379\">Une \u00e9cole o\u00f9 l\u2019on \u00e9tudie, mais aussi o\u00f9 l\u2019on cr\u00e9e, o\u00f9 l\u2019on milite, o\u00f9 l\u2019on partage.<\/p>\n<h3 data-start=\"2386\" data-end=\"2449\">Former, chercher, s\u2019engager : trois missions indissociables<\/h3>\n<p data-start=\"2451\" data-end=\"2765\">\u00c0 l\u2019ESHS, <strong data-start=\"2461\" data-end=\"2527\">enseignement, recherche et engagement social avancent ensemble<\/strong>. Nos travaux portent sur des enjeux contemporains essentiels : migrations, in\u00e9galit\u00e9s, \u00e9cologie, questions de genre, m\u00e9moire coloniale, discriminations, m\u00e9dias, mouvements sociaux, d\u00e9mocratie, violences, territoires, pr\u00e9carit\u00e9s, etc.<\/p>\n<p data-start=\"2767\" data-end=\"2844\">Ces recherches sont men\u00e9es <strong data-start=\"2794\" data-end=\"2821\">avec et pour la soci\u00e9t\u00e9<\/strong>, en partenariat avec :<\/p>\n<ul data-start=\"2845\" data-end=\"3019\">\n<li data-start=\"2845\" data-end=\"2918\">\n<p data-start=\"2847\" data-end=\"2918\">des institutions publiques (Ville de Mons, mus\u00e9es, centres culturels\u2026),<\/p>\n<\/li>\n<li data-start=\"2919\" data-end=\"2972\">\n<p data-start=\"2921\" data-end=\"2972\">des associations, des ONG, des collectifs citoyens,<\/p>\n<\/li>\n<li data-start=\"2973\" data-end=\"3019\">\n<p data-start=\"2975\" data-end=\"3019\">des instances nationales et internationales.<\/p>\n<\/li>\n<\/ul>\n<p data-start=\"3021\" data-end=\"3170\">L\u2019objectif ? <strong data-start=\"3034\" data-end=\"3078\">Comprendre, rendre visible, transformer. <\/strong>Relayer des voix invisibilis\u00e9es, \u00e9clairer le d\u00e9bat public, alimenter l\u2019action collective.<\/p>\n<h3 data-start=\"79\" data-end=\"123\">Une \u00e9cole r\u00e9solument tourn\u00e9e vers demain<\/h3>\n<p data-start=\"125\" data-end=\"392\">En 2022, l\u2019ESHS s\u2019installe dans le b\u00e2timent Rosa Parks : <strong data-start=\"182\" data-end=\"227\">un lieu symbolique pour une \u00e9cole engag\u00e9e<\/strong>.<\/p>\n<p data-start=\"125\" data-end=\"392\">En 2024, elle <strong data-start=\"245\" data-end=\"266\">a f\u00eat\u00e9 ses 20 ans<\/strong>, c\u00e9l\u00e9br\u00e9s avec des \u00e9tudiant\u00b7e\u00b7s, des alumni, des partenaires et des enseignant\u00b7e\u00b7s qui ont contribu\u00e9 \u00e0 fa\u00e7onner son histoire.<\/p>\n<p data-start=\"394\" data-end=\"598\">En 2025 et au-del\u00e0, l\u2019\u00c9cole poursuit le m\u00eame projet : former des citoyen\u00b7nes critique\u00b7s, des analystes attentif\u00b7ves et des professionnel\u00b7les capables de transformer les organisations et les territoires.<\/p>\n<p data-start=\"600\" data-end=\"689\">L\u2019ESHS est et restera <strong data-start=\"622\" data-end=\"689\">une \u00e9cole vivante, cr\u00e9ative, citoyenne et profond\u00e9ment humaine.<\/strong><\/p>\n<p data-start=\"600\" data-end=\"689\"><a href=\"https:\/\/web.umons.ac.be\/app\/uploads\/sites\/8\/2025\/11\/SHS-37-bis-scaled.jpg\"><img loading=\"lazy\" decoding=\"async\" class=\"aligncenter wp-image-2033 size-medium\" src=\"https:\/\/web.umons.ac.be\/app\/uploads\/sites\/8\/2025\/11\/SHS-37-bis-300x200.jpg\" alt=\"\" width=\"300\" height=\"200\" srcset=\"https:\/\/web.umons.ac.be\/app\/uploads\/sites\/8\/2025\/11\/SHS-37-bis-300x200.jpg 300w, https:\/\/web.umons.ac.be\/app\/uploads\/sites\/8\/2025\/11\/SHS-37-bis-1024x683.jpg 1024w, https:\/\/web.umons.ac.be\/app\/uploads\/sites\/8\/2025\/11\/SHS-37-bis-768x512.jpg 768w, https:\/\/web.umons.ac.be\/app\/uploads\/sites\/8\/2025\/11\/SHS-37-bis-1536x1024.jpg 1536w, https:\/\/web.umons.ac.be\/app\/uploads\/sites\/8\/2025\/11\/SHS-37-bis-2048x1365.jpg 2048w, https:\/\/web.umons.ac.be\/app\/uploads\/sites\/8\/2025\/11\/SHS-37-bis-990x660.jpg 990w, https:\/\/web.umons.ac.be\/app\/uploads\/sites\/8\/2025\/11\/SHS-37-bis-30x20.jpg 30w, https:\/\/web.umons.ac.be\/app\/uploads\/sites\/8\/2025\/11\/SHS-37-bis-60x40.jpg 60w, https:\/\/web.umons.ac.be\/app\/uploads\/sites\/8\/2025\/11\/SHS-37-bis-360x240.jpg 360w\" sizes=\"auto, (max-width: 300px) 100vw, 300px\" \/><\/a><\/p>\n","protected":false},"excerpt":{"rendered":"<p>20 ans d\u2019ouverture, d\u2019engagement et de pluridisciplinarit\u00e9 Depuis sa cr\u00e9ation en 2004, l\u2019\u00c9cole des Sciences Humaines et Sociales (ESHS) n\u2019a cess\u00e9 de grandir, d\u2019innover et de d\u00e9fendre une vision singuli\u00e8re de l\u2019universit\u00e9 : humaine, critique, inclusive et ouverte sur le monde. N\u00e9e de la collaboration entre plusieurs facult\u00e9s, l\u2019\u00c9cole s\u2019est structur\u00e9e au fil du temps [&hellip;]<\/p>\n","protected":false},"author":2,"featured_media":0,"parent":0,"menu_order":6,"comment_status":"closed","ping_status":"closed","template":"","meta":{"footnotes":""},"class_list":["post-36","page","type-page","status-publish","hentry"],"yoast_head":"<!-- This site is optimized with the Yoast SEO plugin v27.2 - https:\/\/yoast.com\/product\/yoast-seo-wordpress\/ -->\n<title>Une \u00c9cole dynamique - Ecole \/ ESHS<\/title>\n<meta name=\"robots\" content=\"index, follow, max-snippet:-1, max-image-preview:large, max-video-preview:-1\" \/>\n<link rel=\"canonical\" href=\"https:\/\/web.umons.ac.be\/eshs\/fr\/ecole-dynamique\/\" \/>\n<meta property=\"og:locale\" content=\"fr_FR\" \/>\n<meta property=\"og:type\" content=\"article\" \/>\n<meta property=\"og:title\" content=\"Une \u00c9cole dynamique - Ecole \/ ESHS\" \/>\n<meta property=\"og:description\" content=\"20 ans d\u2019ouverture, d\u2019engagement et de pluridisciplinarit\u00e9 Depuis sa cr\u00e9ation en 2004, l\u2019\u00c9cole des Sciences Humaines et Sociales (ESHS) n\u2019a cess\u00e9 de grandir, d\u2019innover et de d\u00e9fendre une vision singuli\u00e8re de l\u2019universit\u00e9 : humaine, critique, inclusive et ouverte sur le monde. N\u00e9e de la collaboration entre plusieurs facult\u00e9s, l\u2019\u00c9cole s\u2019est structur\u00e9e au fil du temps [&hellip;]\" \/>\n<meta property=\"og:url\" content=\"https:\/\/web.umons.ac.be\/eshs\/fr\/ecole-dynamique\/\" \/>\n<meta property=\"og:site_name\" content=\"Ecole \/ ESHS\" \/>\n<meta property=\"article:modified_time\" content=\"2025-11-20T14:27:39+00:00\" \/>\n<meta property=\"og:image\" content=\"https:\/\/web.umons.ac.be\/app\/uploads\/sites\/8\/2025\/11\/SHS-37-bis-scaled.jpg\" \/>\n\t<meta property=\"og:image:width\" content=\"2560\" \/>\n\t<meta property=\"og:image:height\" content=\"1707\" \/>\n\t<meta property=\"og:image:type\" content=\"image\/jpeg\" \/>\n<meta name=\"twitter:card\" content=\"summary_large_image\" \/>\n<meta name=\"twitter:label1\" content=\"Dur\u00e9e de lecture estim\u00e9e\" \/>\n\t<meta name=\"twitter:data1\" content=\"3 minutes\" \/>\n<script type=\"application\/ld+json\" class=\"yoast-schema-graph\">{\"@context\":\"https:\/\/schema.org\",\"@graph\":[{\"@type\":\"WebPage\",\"@id\":\"https:\/\/web.umons.ac.be\/eshs\/fr\/ecole-dynamique\/\",\"url\":\"https:\/\/web.umons.ac.be\/eshs\/fr\/ecole-dynamique\/\",\"name\":\"Une \u00c9cole dynamique - Ecole \/ ESHS\",\"isPartOf\":{\"@id\":\"https:\/\/web.umons.ac.be\/eshs\/#website\"},\"primaryImageOfPage\":{\"@id\":\"https:\/\/web.umons.ac.be\/eshs\/fr\/ecole-dynamique\/#primaryimage\"},\"image\":{\"@id\":\"https:\/\/web.umons.ac.be\/eshs\/fr\/ecole-dynamique\/#primaryimage\"},\"thumbnailUrl\":\"https:\/\/web.umons.ac.be\/app\/uploads\/sites\/8\/2025\/11\/SHS-37-bis-300x200.jpg\",\"datePublished\":\"2017-05-12T14:19:16+00:00\",\"dateModified\":\"2025-11-20T14:27:39+00:00\",\"breadcrumb\":{\"@id\":\"https:\/\/web.umons.ac.be\/eshs\/fr\/ecole-dynamique\/#breadcrumb\"},\"inLanguage\":\"fr-FR\",\"potentialAction\":[{\"@type\":\"ReadAction\",\"target\":[\"https:\/\/web.umons.ac.be\/eshs\/fr\/ecole-dynamique\/\"]}]},{\"@type\":\"ImageObject\",\"inLanguage\":\"fr-FR\",\"@id\":\"https:\/\/web.umons.ac.be\/eshs\/fr\/ecole-dynamique\/#primaryimage\",\"url\":\"https:\/\/web.umons.ac.be\/app\/uploads\/sites\/8\/2025\/11\/SHS-37-bis-300x200.jpg\",\"contentUrl\":\"https:\/\/web.umons.ac.be\/app\/uploads\/sites\/8\/2025\/11\/SHS-37-bis-300x200.jpg\"},{\"@type\":\"BreadcrumbList\",\"@id\":\"https:\/\/web.umons.ac.be\/eshs\/fr\/ecole-dynamique\/#breadcrumb\",\"itemListElement\":[{\"@type\":\"ListItem\",\"position\":1,\"name\":\"Accueil\",\"item\":\"https:\/\/web.umons.ac.be\/eshs\/fr\/\"},{\"@type\":\"ListItem\",\"position\":2,\"name\":\"Une \u00c9cole dynamique\"}]},{\"@type\":\"WebSite\",\"@id\":\"https:\/\/web.umons.ac.be\/eshs\/#website\",\"url\":\"https:\/\/web.umons.ac.be\/eshs\/\",\"name\":\"Ecole \/ ESHS\",\"description\":\"\",\"potentialAction\":[{\"@type\":\"SearchAction\",\"target\":{\"@type\":\"EntryPoint\",\"urlTemplate\":\"https:\/\/web.umons.ac.be\/eshs\/?s={search_term_string}\"},\"query-input\":{\"@type\":\"PropertyValueSpecification\",\"valueRequired\":true,\"valueName\":\"search_term_string\"}}],\"inLanguage\":\"fr-FR\"}]}<\/script>\n<!-- \/ Yoast SEO plugin. -->","yoast_head_json":{"title":"Une \u00c9cole dynamique - Ecole \/ ESHS","robots":{"index":"index","follow":"follow","max-snippet":"max-snippet:-1","max-image-preview":"max-image-preview:large","max-video-preview":"max-video-preview:-1"},"canonical":"https:\/\/web.umons.ac.be\/eshs\/fr\/ecole-dynamique\/","og_locale":"fr_FR","og_type":"article","og_title":"Une \u00c9cole dynamique - Ecole \/ ESHS","og_description":"20 ans d\u2019ouverture, d\u2019engagement et de pluridisciplinarit\u00e9 Depuis sa cr\u00e9ation en 2004, l\u2019\u00c9cole des Sciences Humaines et Sociales (ESHS) n\u2019a cess\u00e9 de grandir, d\u2019innover et de d\u00e9fendre une vision singuli\u00e8re de l\u2019universit\u00e9 : humaine, critique, inclusive et ouverte sur le monde. N\u00e9e de la collaboration entre plusieurs facult\u00e9s, l\u2019\u00c9cole s\u2019est structur\u00e9e au fil du temps [&hellip;]","og_url":"https:\/\/web.umons.ac.be\/eshs\/fr\/ecole-dynamique\/","og_site_name":"Ecole \/ ESHS","article_modified_time":"2025-11-20T14:27:39+00:00","og_image":[{"width":2560,"height":1707,"url":"https:\/\/web.umons.ac.be\/app\/uploads\/sites\/8\/2025\/11\/SHS-37-bis-scaled.jpg","type":"image\/jpeg"}],"twitter_card":"summary_large_image","twitter_misc":{"Dur\u00e9e de lecture estim\u00e9e":"3 minutes"},"schema":{"@context":"https:\/\/schema.org","@graph":[{"@type":"WebPage","@id":"https:\/\/web.umons.ac.be\/eshs\/fr\/ecole-dynamique\/","url":"https:\/\/web.umons.ac.be\/eshs\/fr\/ecole-dynamique\/","name":"Une \u00c9cole dynamique - Ecole \/ ESHS","isPartOf":{"@id":"https:\/\/web.umons.ac.be\/eshs\/#website"},"primaryImageOfPage":{"@id":"https:\/\/web.umons.ac.be\/eshs\/fr\/ecole-dynamique\/#primaryimage"},"image":{"@id":"https:\/\/web.umons.ac.be\/eshs\/fr\/ecole-dynamique\/#primaryimage"},"thumbnailUrl":"https:\/\/web.umons.ac.be\/app\/uploads\/sites\/8\/2025\/11\/SHS-37-bis-300x200.jpg","datePublished":"2017-05-12T14:19:16+00:00","dateModified":"2025-11-20T14:27:39+00:00","breadcrumb":{"@id":"https:\/\/web.umons.ac.be\/eshs\/fr\/ecole-dynamique\/#breadcrumb"},"inLanguage":"fr-FR","potentialAction":[{"@type":"ReadAction","target":["https:\/\/web.umons.ac.be\/eshs\/fr\/ecole-dynamique\/"]}]},{"@type":"ImageObject","inLanguage":"fr-FR","@id":"https:\/\/web.umons.ac.be\/eshs\/fr\/ecole-dynamique\/#primaryimage","url":"https:\/\/web.umons.ac.be\/app\/uploads\/sites\/8\/2025\/11\/SHS-37-bis-300x200.jpg","contentUrl":"https:\/\/web.umons.ac.be\/app\/uploads\/sites\/8\/2025\/11\/SHS-37-bis-300x200.jpg"},{"@type":"BreadcrumbList","@id":"https:\/\/web.umons.ac.be\/eshs\/fr\/ecole-dynamique\/#breadcrumb","itemListElement":[{"@type":"ListItem","position":1,"name":"Accueil","item":"https:\/\/web.umons.ac.be\/eshs\/fr\/"},{"@type":"ListItem","position":2,"name":"Une \u00c9cole dynamique"}]},{"@type":"WebSite","@id":"https:\/\/web.umons.ac.be\/eshs\/#website","url":"https:\/\/web.umons.ac.be\/eshs\/","name":"Ecole \/ ESHS","description":"","potentialAction":[{"@type":"SearchAction","target":{"@type":"EntryPoint","urlTemplate":"https:\/\/web.umons.ac.be\/eshs\/?s={search_term_string}"},"query-input":{"@type":"PropertyValueSpecification","valueRequired":true,"valueName":"search_term_string"}}],"inLanguage":"fr-FR"}]}},"lang":"fr","translations":{"fr":36,"en":368},"pll_sync_post":[],"_links":{"self":[{"href":"https:\/\/web.umons.ac.be\/eshs\/wp-json\/wp\/v2\/pages\/36","targetHints":{"allow":["GET"]}}],"collection":[{"href":"https:\/\/web.umons.ac.be\/eshs\/wp-json\/wp\/v2\/pages"}],"about":[{"href":"https:\/\/web.umons.ac.be\/eshs\/wp-json\/wp\/v2\/types\/page"}],"author":[{"embeddable":true,"href":"https:\/\/web.umons.ac.be\/eshs\/wp-json\/wp\/v2\/users\/2"}],"replies":[{"embeddable":true,"href":"https:\/\/web.umons.ac.be\/eshs\/wp-json\/wp\/v2\/comments?post=36"}],"version-history":[{"count":4,"href":"https:\/\/web.umons.ac.be\/eshs\/wp-json\/wp\/v2\/pages\/36\/revisions"}],"predecessor-version":[{"id":2074,"href":"https:\/\/web.umons.ac.be\/eshs\/wp-json\/wp\/v2\/pages\/36\/revisions\/2074"}],"wp:attachment":[{"href":"https:\/\/web.umons.ac.be\/eshs\/wp-json\/wp\/v2\/media?parent=36"}],"curies":[{"name":"wp","href":"https:\/\/api.w.org\/{rel}","templated":true}]}}