{"id":40,"date":"2017-05-12T16:37:54","date_gmt":"2017-05-12T14:37:54","guid":{"rendered":"https:\/\/web.umons.ac.be\/faculte\/eshs\/?page_id=40"},"modified":"2025-11-20T14:22:29","modified_gmt":"2025-11-20T13:22:29","slug":"aides-a-reussite","status":"publish","type":"page","link":"https:\/\/web.umons.ac.be\/eshs\/fr\/etudes\/aides-a-reussite\/","title":{"rendered":"Aides \u00e0 la r\u00e9ussite"},"content":{"rendered":"<p data-start=\"213\" data-end=\"470\">Entrer \u00e0 l\u2019universit\u00e9 demande de nouvelles comp\u00e9tences : apprendre une grande quantit\u00e9 de mati\u00e8res, g\u00e9rer son temps, prendre des notes efficacement, lire et \u00e9crire dans un langage scientifique, s\u2019exprimer \u00e0 l\u2019oral\u2026 Bonne nouvelle : <strong data-start=\"445\" data-end=\"470\">tout cela s\u2019apprend !<\/strong><\/p>\n<p data-start=\"472\" data-end=\"851\">Pour faciliter votre transition du secondaire vers l\u2019enseignement sup\u00e9rieur, l\u2019\u00c9cole des Sciences Humaines et Sociales (ESHS) met en place, d\u00e8s le <strong data-start=\"619\" data-end=\"629\">Bloc 1<\/strong>, un ensemble de dispositifs qui vous soutiennent <strong data-start=\"679\" data-end=\"744\">dans l\u2019apprentissage, l\u2019organisation et l\u2019int\u00e9gration sociale<\/strong>. Votre motivation reste le premier facteur de r\u00e9ussite, mais <strong data-start=\"806\" data-end=\"851\">vous ne serez pas seul\u00b7e pour y parvenir.<\/strong><\/p>\n<h3 data-start=\"858\" data-end=\"907\">Bien d\u00e9marrer : accueil et cours introductifs<\/h3>\n<p data-start=\"909\" data-end=\"965\">En septembre, des <strong data-start=\"927\" data-end=\"949\">cours introductifs<\/strong> permettent de :<\/p>\n<ul data-start=\"966\" data-end=\"1185\">\n<li data-start=\"966\" data-end=\"1037\">\n<p data-start=\"968\" data-end=\"1037\">d\u00e9couvrir diff\u00e9rentes disciplines des sciences humaines et sociales ;<\/p>\n<\/li>\n<li data-start=\"1038\" data-end=\"1114\">\n<p data-start=\"1040\" data-end=\"1114\">rencontrer les enseignant\u00b7e\u00b7s, assistant\u00b7e\u00b7s et \u00e9quipes d\u2019accompagnement ;<\/p>\n<\/li>\n<li data-start=\"1115\" data-end=\"1185\">\n<p data-start=\"1117\" data-end=\"1185\">comprendre l\u2019organisation des \u00e9tudes et les attentes universitaires.<\/p>\n<\/li>\n<\/ul>\n<p data-start=\"1187\" data-end=\"1315\">Ces premiers rep\u00e8res facilitent l\u2019adaptation au fonctionnement universitaire et posent des bases solides pour commencer l\u2019ann\u00e9e.<\/p>\n<h3 data-start=\"1322\" data-end=\"1387\">Apprendre \u00e0 apprendre : tutorat, m\u00e9thodologie et rem\u00e9diations<\/h3>\n<p data-start=\"1389\" data-end=\"1569\">Le programme de premi\u00e8re ann\u00e9e comprend le <strong data-start=\"1432\" data-end=\"1473\">cours d\u2019Apprentissage de la formation<\/strong>, encadr\u00e9 par des \u00e9tudiant\u00b7e\u00b7s-tuteur\u00b7rice\u00b7s de Bloc 3. En petits groupes, vous y apprendrez \u00e0 :<\/p>\n<ul data-start=\"1570\" data-end=\"1727\">\n<li data-start=\"1570\" data-end=\"1606\">\n<p data-start=\"1572\" data-end=\"1606\">r\u00e9diger un travail universitaire ;<\/p>\n<\/li>\n<li data-start=\"1607\" data-end=\"1643\">\n<p data-start=\"1609\" data-end=\"1643\">pr\u00e9parer un expos\u00e9 et argumenter ;<\/p>\n<\/li>\n<li data-start=\"1644\" data-end=\"1687\">\n<p data-start=\"1646\" data-end=\"1687\">adopter une m\u00e9thode de travail efficace ;<\/p>\n<\/li>\n<li data-start=\"1688\" data-end=\"1727\">\n<p data-start=\"1690\" data-end=\"1727\">comprendre les codes de l\u2019universit\u00e9.<\/p>\n<\/li>\n<\/ul>\n<p data-start=\"1729\" data-end=\"1784\">De nombreux dispositifs compl\u00e8tent cet accompagnement :<\/p>\n<ul data-start=\"1785\" data-end=\"2081\">\n<li data-start=\"1785\" data-end=\"1843\">\n<p data-start=\"1787\" data-end=\"1843\"><strong data-start=\"1787\" data-end=\"1827\">S\u00e9ances de rem\u00e9diation par les pairs<\/strong> (Blocs 2 et 3) ;<\/p>\n<\/li>\n<li data-start=\"1844\" data-end=\"1958\">\n<p data-start=\"1846\" data-end=\"1958\"><strong data-start=\"1846\" data-end=\"1874\">Ateliers de m\u00e9thodologie<\/strong> (prise de notes, r\u00e9daction, lutte contre le plagiat, pr\u00e9paration du blocus, etc.) ;<\/p>\n<\/li>\n<li data-start=\"1959\" data-end=\"2011\">\n<p data-start=\"1961\" data-end=\"2011\"><strong data-start=\"1961\" data-end=\"2009\">Simulations d\u2019examens et interrogations-test<\/strong> ;<\/p>\n<\/li>\n<li data-start=\"2012\" data-end=\"2081\">\n<p data-start=\"2014\" data-end=\"2081\"><strong data-start=\"2014\" data-end=\"2047\">S\u00e9ances de questions-r\u00e9ponses<\/strong> apr\u00e8s les \u00e9valuations de janvier.<\/p>\n<\/li>\n<\/ul>\n<h4 data-start=\"2083\" data-end=\"2140\"><a href=\"https:\/\/web.umons.ac.be\/app\/uploads\/sites\/8\/2025\/11\/SHS-51-scaled.jpg\"><img loading=\"lazy\" decoding=\"async\" class=\"alignleft wp-image-2037 size-medium\" src=\"https:\/\/web.umons.ac.be\/app\/uploads\/sites\/8\/2025\/11\/SHS-51-300x200.jpg\" alt=\"\" width=\"300\" height=\"200\" srcset=\"https:\/\/web.umons.ac.be\/app\/uploads\/sites\/8\/2025\/11\/SHS-51-300x200.jpg 300w, https:\/\/web.umons.ac.be\/app\/uploads\/sites\/8\/2025\/11\/SHS-51-1024x683.jpg 1024w, https:\/\/web.umons.ac.be\/app\/uploads\/sites\/8\/2025\/11\/SHS-51-768x512.jpg 768w, https:\/\/web.umons.ac.be\/app\/uploads\/sites\/8\/2025\/11\/SHS-51-1536x1024.jpg 1536w, https:\/\/web.umons.ac.be\/app\/uploads\/sites\/8\/2025\/11\/SHS-51-2048x1365.jpg 2048w, https:\/\/web.umons.ac.be\/app\/uploads\/sites\/8\/2025\/11\/SHS-51-990x660.jpg 990w, https:\/\/web.umons.ac.be\/app\/uploads\/sites\/8\/2025\/11\/SHS-51-30x20.jpg 30w, https:\/\/web.umons.ac.be\/app\/uploads\/sites\/8\/2025\/11\/SHS-51-60x40.jpg 60w, https:\/\/web.umons.ac.be\/app\/uploads\/sites\/8\/2025\/11\/SHS-51-360x240.jpg 360w\" sizes=\"auto, (max-width: 300px) 100vw, 300px\" \/><\/a>Ma\u00eetrise de la langue fran\u00e7aise universitaire (MLFU)<\/h4>\n<ul data-start=\"2141\" data-end=\"2273\">\n<li data-start=\"2141\" data-end=\"2179\">\n<p data-start=\"2143\" data-end=\"2179\">Test diagnostique en d\u00e9but d\u2019ann\u00e9e<\/p>\n<\/li>\n<li data-start=\"2180\" data-end=\"2226\">\n<p data-start=\"2182\" data-end=\"2226\">Exercices de rem\u00e9diation en ligne<\/p>\n<\/li>\n<li data-start=\"2227\" data-end=\"2273\">\n<p data-start=\"2229\" data-end=\"2273\">S\u00e9ances de suivi cibl\u00e9es selon vos besoins<\/p>\n<\/li>\n<\/ul>\n<h3 data-start=\"2280\" data-end=\"2322\">S\u2019int\u00e9grer : un monitorat personnalis\u00e9<\/h3>\n<p data-start=\"2324\" data-end=\"2453\">Chaque \u00e9tudiant\u00b7e de Bloc 1 b\u00e9n\u00e9ficie d\u2019un <strong data-start=\"2367\" data-end=\"2430\">suivi individuel assur\u00e9 par un\u00b7e enseignant\u00b7e-moniteur\u00b7rice<\/strong>. Ce monitorat vise \u00e0 :<\/p>\n<ul data-start=\"2454\" data-end=\"2594\">\n<li data-start=\"2454\" data-end=\"2509\">\n<p data-start=\"2456\" data-end=\"2509\">accompagner l\u2019int\u00e9gration dans la vie universitaire ;<\/p>\n<\/li>\n<li data-start=\"2510\" data-end=\"2558\">\n<p data-start=\"2512\" data-end=\"2558\">analyser les r\u00e9sultats et guider les progr\u00e8s ;<\/p>\n<\/li>\n<li data-start=\"2559\" data-end=\"2594\">\n<p data-start=\"2561\" data-end=\"2594\">proposer un soutien personnalis\u00e9.<\/p>\n<\/li>\n<\/ul>\n<p data-start=\"2596\" data-end=\"2761\">Des <strong data-start=\"2600\" data-end=\"2643\">rencontres individuelles et collectives<\/strong> (dont des moments conviviaux) permettent d\u2019\u00e9changer sur les difficult\u00e9s, les r\u00e9ussites et les objectifs \u00e0 poursuivre.<\/p>\n<h3 data-start=\"2768\" data-end=\"2806\">S\u2019orienter : construire son projet<\/h3>\n<p data-start=\"2808\" data-end=\"2848\">Parce que r\u00e9ussir, c\u2019est aussi choisir :<\/p>\n<ul data-start=\"2849\" data-end=\"3038\">\n<li data-start=\"2849\" data-end=\"2911\">\n<p data-start=\"2851\" data-end=\"2911\"><strong data-start=\"2851\" data-end=\"2901\">S\u00e9ance d\u2019information sur les options du Bloc 2<\/strong>\u00a0;<\/p>\n<\/li>\n<li data-start=\"2912\" data-end=\"2981\">\n<p data-start=\"2914\" data-end=\"2981\"><strong data-start=\"2914\" data-end=\"2937\">Journ\u00e9e Orientation<\/strong> avec rencontres d\u2019ancien\u00b7ne\u00b7s dipl\u00f4m\u00e9\u00b7e\u00b7s ;<\/p>\n<\/li>\n<li data-start=\"2982\" data-end=\"3038\">\n<p data-start=\"2984\" data-end=\"3038\">Informations sur les d\u00e9bouch\u00e9s et masters accessibles.<\/p>\n<\/li>\n<\/ul>\n<h3 data-start=\"3045\" data-end=\"3090\">Vous accompagner, tout au long de l\u2019ann\u00e9e<a href=\"https:\/\/web.umons.ac.be\/app\/uploads\/sites\/8\/2025\/11\/SHS-25-scaled.jpg\"><img loading=\"lazy\" decoding=\"async\" class=\"alignright wp-image-2029 size-medium\" src=\"https:\/\/web.umons.ac.be\/app\/uploads\/sites\/8\/2025\/11\/SHS-25-300x200.jpg\" alt=\"\" width=\"300\" height=\"200\" srcset=\"https:\/\/web.umons.ac.be\/app\/uploads\/sites\/8\/2025\/11\/SHS-25-300x200.jpg 300w, https:\/\/web.umons.ac.be\/app\/uploads\/sites\/8\/2025\/11\/SHS-25-1024x683.jpg 1024w, https:\/\/web.umons.ac.be\/app\/uploads\/sites\/8\/2025\/11\/SHS-25-768x512.jpg 768w, https:\/\/web.umons.ac.be\/app\/uploads\/sites\/8\/2025\/11\/SHS-25-1536x1024.jpg 1536w, https:\/\/web.umons.ac.be\/app\/uploads\/sites\/8\/2025\/11\/SHS-25-2048x1365.jpg 2048w, https:\/\/web.umons.ac.be\/app\/uploads\/sites\/8\/2025\/11\/SHS-25-990x660.jpg 990w, https:\/\/web.umons.ac.be\/app\/uploads\/sites\/8\/2025\/11\/SHS-25-30x20.jpg 30w, https:\/\/web.umons.ac.be\/app\/uploads\/sites\/8\/2025\/11\/SHS-25-60x40.jpg 60w, https:\/\/web.umons.ac.be\/app\/uploads\/sites\/8\/2025\/11\/SHS-25-360x240.jpg 360w\" sizes=\"auto, (max-width: 300px) 100vw, 300px\" \/><\/a><\/h3>\n<p data-start=\"3092\" data-end=\"3273\">Au-del\u00e0 des dispositifs pr\u00e9sent\u00e9s, l\u2019ESHS travaille avec le <strong data-start=\"3152\" data-end=\"3189\">Service d\u2019Appui P\u00e9dagogique (SAP)<\/strong> et le <a href=\"https:\/\/web.umons.ac.be\/fr\/nos-missions\/aoe\/\" target=\"_blank\" rel=\"noopener\"><strong data-start=\"3196\" data-end=\"3254\">Service Accompagnement et Orientation \u00c9tudiants (SAOE)<\/strong><\/a> afin de proposer :<\/p>\n<ul data-start=\"3275\" data-end=\"3394\">\n<li data-start=\"3275\" data-end=\"3305\">\n<p data-start=\"3277\" data-end=\"3305\">des conseils personnalis\u00e9s ;<\/p>\n<\/li>\n<li data-start=\"3306\" data-end=\"3335\">\n<p data-start=\"3308\" data-end=\"3335\">un soutien m\u00e9thodologique ;<\/p>\n<\/li>\n<li data-start=\"3336\" data-end=\"3394\">\n<p data-start=\"3338\" data-end=\"3394\">un accompagnement dans le choix d\u2019\u00e9tudes et de carri\u00e8re.<\/p>\n<\/li>\n<\/ul>\n","protected":false},"excerpt":{"rendered":"<p>Entrer \u00e0 l\u2019universit\u00e9 demande de nouvelles comp\u00e9tences : apprendre une grande quantit\u00e9 de mati\u00e8res, g\u00e9rer son temps, prendre des notes efficacement, lire et \u00e9crire dans un langage scientifique, s\u2019exprimer \u00e0 l\u2019oral\u2026 Bonne nouvelle : tout cela s\u2019apprend ! Pour faciliter votre transition du secondaire vers l\u2019enseignement sup\u00e9rieur, l\u2019\u00c9cole des Sciences Humaines et Sociales (ESHS) met [&hellip;]<\/p>\n","protected":false},"author":2,"featured_media":0,"parent":24,"menu_order":1,"comment_status":"closed","ping_status":"closed","template":"","meta":{"footnotes":""},"class_list":["post-40","page","type-page","status-publish","hentry"],"yoast_head":"<!-- This site is optimized with the Yoast SEO plugin v27.2 - https:\/\/yoast.com\/product\/yoast-seo-wordpress\/ -->\n<title>Aides \u00e0 la r\u00e9ussite - Ecole \/ ESHS<\/title>\n<meta name=\"robots\" content=\"index, follow, max-snippet:-1, max-image-preview:large, max-video-preview:-1\" \/>\n<link rel=\"canonical\" href=\"https:\/\/web.umons.ac.be\/eshs\/fr\/etudes\/aides-a-reussite\/\" \/>\n<meta property=\"og:locale\" content=\"fr_FR\" \/>\n<meta property=\"og:type\" content=\"article\" \/>\n<meta property=\"og:title\" content=\"Aides \u00e0 la r\u00e9ussite - Ecole \/ ESHS\" \/>\n<meta property=\"og:description\" content=\"Entrer \u00e0 l\u2019universit\u00e9 demande de nouvelles comp\u00e9tences : apprendre une grande quantit\u00e9 de mati\u00e8res, g\u00e9rer son temps, prendre des notes efficacement, lire et \u00e9crire dans un langage scientifique, s\u2019exprimer \u00e0 l\u2019oral\u2026 Bonne nouvelle : tout cela s\u2019apprend ! Pour faciliter votre transition du secondaire vers l\u2019enseignement sup\u00e9rieur, l\u2019\u00c9cole des Sciences Humaines et Sociales (ESHS) met [&hellip;]\" \/>\n<meta property=\"og:url\" content=\"https:\/\/web.umons.ac.be\/eshs\/fr\/etudes\/aides-a-reussite\/\" \/>\n<meta property=\"og:site_name\" content=\"Ecole \/ ESHS\" \/>\n<meta property=\"article:modified_time\" content=\"2025-11-20T13:22:29+00:00\" \/>\n<meta property=\"og:image\" content=\"https:\/\/web.umons.ac.be\/app\/uploads\/sites\/8\/2025\/11\/SHS-51-scaled.jpg\" \/>\n\t<meta property=\"og:image:width\" content=\"2560\" \/>\n\t<meta property=\"og:image:height\" content=\"1707\" \/>\n\t<meta property=\"og:image:type\" content=\"image\/jpeg\" \/>\n<meta name=\"twitter:card\" content=\"summary_large_image\" \/>\n<meta name=\"twitter:label1\" content=\"Dur\u00e9e de lecture estim\u00e9e\" \/>\n\t<meta name=\"twitter:data1\" content=\"3 minutes\" \/>\n<script type=\"application\/ld+json\" class=\"yoast-schema-graph\">{\"@context\":\"https:\/\/schema.org\",\"@graph\":[{\"@type\":\"WebPage\",\"@id\":\"https:\/\/web.umons.ac.be\/eshs\/fr\/etudes\/aides-a-reussite\/\",\"url\":\"https:\/\/web.umons.ac.be\/eshs\/fr\/etudes\/aides-a-reussite\/\",\"name\":\"Aides \u00e0 la r\u00e9ussite - Ecole \/ ESHS\",\"isPartOf\":{\"@id\":\"https:\/\/web.umons.ac.be\/eshs\/#website\"},\"primaryImageOfPage\":{\"@id\":\"https:\/\/web.umons.ac.be\/eshs\/fr\/etudes\/aides-a-reussite\/#primaryimage\"},\"image\":{\"@id\":\"https:\/\/web.umons.ac.be\/eshs\/fr\/etudes\/aides-a-reussite\/#primaryimage\"},\"thumbnailUrl\":\"https:\/\/web.umons.ac.be\/app\/uploads\/sites\/8\/2025\/11\/SHS-51-300x200.jpg\",\"datePublished\":\"2017-05-12T14:37:54+00:00\",\"dateModified\":\"2025-11-20T13:22:29+00:00\",\"breadcrumb\":{\"@id\":\"https:\/\/web.umons.ac.be\/eshs\/fr\/etudes\/aides-a-reussite\/#breadcrumb\"},\"inLanguage\":\"fr-FR\",\"potentialAction\":[{\"@type\":\"ReadAction\",\"target\":[\"https:\/\/web.umons.ac.be\/eshs\/fr\/etudes\/aides-a-reussite\/\"]}]},{\"@type\":\"ImageObject\",\"inLanguage\":\"fr-FR\",\"@id\":\"https:\/\/web.umons.ac.be\/eshs\/fr\/etudes\/aides-a-reussite\/#primaryimage\",\"url\":\"https:\/\/web.umons.ac.be\/app\/uploads\/sites\/8\/2025\/11\/SHS-51-300x200.jpg\",\"contentUrl\":\"https:\/\/web.umons.ac.be\/app\/uploads\/sites\/8\/2025\/11\/SHS-51-300x200.jpg\"},{\"@type\":\"BreadcrumbList\",\"@id\":\"https:\/\/web.umons.ac.be\/eshs\/fr\/etudes\/aides-a-reussite\/#breadcrumb\",\"itemListElement\":[{\"@type\":\"ListItem\",\"position\":1,\"name\":\"Accueil\",\"item\":\"https:\/\/web.umons.ac.be\/eshs\/fr\/\"},{\"@type\":\"ListItem\",\"position\":2,\"name\":\"Etudes\",\"item\":\"https:\/\/web.umons.ac.be\/eshs\/fr\/etudes\/\"},{\"@type\":\"ListItem\",\"position\":3,\"name\":\"Aides \u00e0 la r\u00e9ussite\"}]},{\"@type\":\"WebSite\",\"@id\":\"https:\/\/web.umons.ac.be\/eshs\/#website\",\"url\":\"https:\/\/web.umons.ac.be\/eshs\/\",\"name\":\"Ecole \/ ESHS\",\"description\":\"\",\"potentialAction\":[{\"@type\":\"SearchAction\",\"target\":{\"@type\":\"EntryPoint\",\"urlTemplate\":\"https:\/\/web.umons.ac.be\/eshs\/?s={search_term_string}\"},\"query-input\":{\"@type\":\"PropertyValueSpecification\",\"valueRequired\":true,\"valueName\":\"search_term_string\"}}],\"inLanguage\":\"fr-FR\"}]}<\/script>\n<!-- \/ Yoast SEO plugin. -->","yoast_head_json":{"title":"Aides \u00e0 la r\u00e9ussite - Ecole \/ ESHS","robots":{"index":"index","follow":"follow","max-snippet":"max-snippet:-1","max-image-preview":"max-image-preview:large","max-video-preview":"max-video-preview:-1"},"canonical":"https:\/\/web.umons.ac.be\/eshs\/fr\/etudes\/aides-a-reussite\/","og_locale":"fr_FR","og_type":"article","og_title":"Aides \u00e0 la r\u00e9ussite - Ecole \/ ESHS","og_description":"Entrer \u00e0 l\u2019universit\u00e9 demande de nouvelles comp\u00e9tences : apprendre une grande quantit\u00e9 de mati\u00e8res, g\u00e9rer son temps, prendre des notes efficacement, lire et \u00e9crire dans un langage scientifique, s\u2019exprimer \u00e0 l\u2019oral\u2026 Bonne nouvelle : tout cela s\u2019apprend ! Pour faciliter votre transition du secondaire vers l\u2019enseignement sup\u00e9rieur, l\u2019\u00c9cole des Sciences Humaines et Sociales (ESHS) met [&hellip;]","og_url":"https:\/\/web.umons.ac.be\/eshs\/fr\/etudes\/aides-a-reussite\/","og_site_name":"Ecole \/ ESHS","article_modified_time":"2025-11-20T13:22:29+00:00","og_image":[{"width":2560,"height":1707,"url":"https:\/\/web.umons.ac.be\/app\/uploads\/sites\/8\/2025\/11\/SHS-51-scaled.jpg","type":"image\/jpeg"}],"twitter_card":"summary_large_image","twitter_misc":{"Dur\u00e9e de lecture estim\u00e9e":"3 minutes"},"schema":{"@context":"https:\/\/schema.org","@graph":[{"@type":"WebPage","@id":"https:\/\/web.umons.ac.be\/eshs\/fr\/etudes\/aides-a-reussite\/","url":"https:\/\/web.umons.ac.be\/eshs\/fr\/etudes\/aides-a-reussite\/","name":"Aides \u00e0 la r\u00e9ussite - Ecole \/ ESHS","isPartOf":{"@id":"https:\/\/web.umons.ac.be\/eshs\/#website"},"primaryImageOfPage":{"@id":"https:\/\/web.umons.ac.be\/eshs\/fr\/etudes\/aides-a-reussite\/#primaryimage"},"image":{"@id":"https:\/\/web.umons.ac.be\/eshs\/fr\/etudes\/aides-a-reussite\/#primaryimage"},"thumbnailUrl":"https:\/\/web.umons.ac.be\/app\/uploads\/sites\/8\/2025\/11\/SHS-51-300x200.jpg","datePublished":"2017-05-12T14:37:54+00:00","dateModified":"2025-11-20T13:22:29+00:00","breadcrumb":{"@id":"https:\/\/web.umons.ac.be\/eshs\/fr\/etudes\/aides-a-reussite\/#breadcrumb"},"inLanguage":"fr-FR","potentialAction":[{"@type":"ReadAction","target":["https:\/\/web.umons.ac.be\/eshs\/fr\/etudes\/aides-a-reussite\/"]}]},{"@type":"ImageObject","inLanguage":"fr-FR","@id":"https:\/\/web.umons.ac.be\/eshs\/fr\/etudes\/aides-a-reussite\/#primaryimage","url":"https:\/\/web.umons.ac.be\/app\/uploads\/sites\/8\/2025\/11\/SHS-51-300x200.jpg","contentUrl":"https:\/\/web.umons.ac.be\/app\/uploads\/sites\/8\/2025\/11\/SHS-51-300x200.jpg"},{"@type":"BreadcrumbList","@id":"https:\/\/web.umons.ac.be\/eshs\/fr\/etudes\/aides-a-reussite\/#breadcrumb","itemListElement":[{"@type":"ListItem","position":1,"name":"Accueil","item":"https:\/\/web.umons.ac.be\/eshs\/fr\/"},{"@type":"ListItem","position":2,"name":"Etudes","item":"https:\/\/web.umons.ac.be\/eshs\/fr\/etudes\/"},{"@type":"ListItem","position":3,"name":"Aides \u00e0 la r\u00e9ussite"}]},{"@type":"WebSite","@id":"https:\/\/web.umons.ac.be\/eshs\/#website","url":"https:\/\/web.umons.ac.be\/eshs\/","name":"Ecole \/ ESHS","description":"","potentialAction":[{"@type":"SearchAction","target":{"@type":"EntryPoint","urlTemplate":"https:\/\/web.umons.ac.be\/eshs\/?s={search_term_string}"},"query-input":{"@type":"PropertyValueSpecification","valueRequired":true,"valueName":"search_term_string"}}],"inLanguage":"fr-FR"}]}},"lang":"fr","translations":{"fr":40,"en":365},"pll_sync_post":[],"_links":{"self":[{"href":"https:\/\/web.umons.ac.be\/eshs\/wp-json\/wp\/v2\/pages\/40","targetHints":{"allow":["GET"]}}],"collection":[{"href":"https:\/\/web.umons.ac.be\/eshs\/wp-json\/wp\/v2\/pages"}],"about":[{"href":"https:\/\/web.umons.ac.be\/eshs\/wp-json\/wp\/v2\/types\/page"}],"author":[{"embeddable":true,"href":"https:\/\/web.umons.ac.be\/eshs\/wp-json\/wp\/v2\/users\/2"}],"replies":[{"embeddable":true,"href":"https:\/\/web.umons.ac.be\/eshs\/wp-json\/wp\/v2\/comments?post=40"}],"version-history":[{"count":3,"href":"https:\/\/web.umons.ac.be\/eshs\/wp-json\/wp\/v2\/pages\/40\/revisions"}],"predecessor-version":[{"id":2057,"href":"https:\/\/web.umons.ac.be\/eshs\/wp-json\/wp\/v2\/pages\/40\/revisions\/2057"}],"up":[{"embeddable":true,"href":"https:\/\/web.umons.ac.be\/eshs\/wp-json\/wp\/v2\/pages\/24"}],"wp:attachment":[{"href":"https:\/\/web.umons.ac.be\/eshs\/wp-json\/wp\/v2\/media?parent=40"}],"curies":[{"name":"wp","href":"https:\/\/api.w.org\/{rel}","templated":true}]}}