{"id":47,"date":"2017-05-12T16:53:53","date_gmt":"2017-05-12T14:53:53","guid":{"rendered":"https:\/\/web.umons.ac.be\/faculte\/eshs\/?page_id=47"},"modified":"2025-11-20T14:29:00","modified_gmt":"2025-11-20T13:29:00","slug":"debouches","status":"publish","type":"page","link":"https:\/\/web.umons.ac.be\/eshs\/fr\/debouches\/","title":{"rendered":"Quels sont les d\u00e9bouch\u00e9s ?"},"content":{"rendered":"<p data-start=\"133\" data-end=\"745\">Gr\u00e2ce \u00e0 sa formation pluridisciplinaire et \u00e0 sa connaissance globale des enjeux sociaux contemporains, le Bachelier en Sciences Humaines et Sociales offre <strong data-start=\"288\" data-end=\"347\">une tr\u00e8s large palette de perspectives professionnelles<\/strong>. Il permet d\u2019acc\u00e9der \u00e0 de nombreux Masters, qui conduisent ensuite \u00e0 <strong data-start=\"417\" data-end=\"510\">des m\u00e9tiers vari\u00e9s dans les secteurs public, priv\u00e9, culturel, associatif ou international<\/strong>. Ce bachelier constitue ainsi un v\u00e9ritable <strong data-start=\"554\" data-end=\"608\">tremplin vers des carri\u00e8res riches et diversifi\u00e9es<\/strong>, o\u00f9 l\u2019analyse, la communication, l\u2019innovation sociale, la gestion de projets et l\u2019action sur le terrain deviennent des comp\u00e9tences cl\u00e9s.<\/p>\n<h4 data-start=\"626\" data-end=\"663\"><strong data-start=\"631\" data-end=\"663\">Information et Communication<\/strong><\/h4>\n<ul data-start=\"664\" data-end=\"989\">\n<li data-start=\"664\" data-end=\"711\">\n<p data-start=\"666\" data-end=\"711\">Journalisme (presse \u00e9crite, radio, TV, web)<\/p>\n<\/li>\n<li data-start=\"712\" data-end=\"808\">\n<p data-start=\"714\" data-end=\"808\">Attach\u00e9\u00b7e de presse (institutions publiques, cabinets politiques, personnalit\u00e9s m\u00e9diatiques)<a href=\"https:\/\/web.umons.ac.be\/app\/uploads\/sites\/8\/2025\/11\/AdobeStock_224685816-scaled.jpeg\"><img loading=\"lazy\" decoding=\"async\" class=\"alignright wp-image-2059 size-medium\" src=\"https:\/\/web.umons.ac.be\/app\/uploads\/sites\/8\/2025\/11\/AdobeStock_224685816-300x200.jpeg\" alt=\"\" width=\"300\" height=\"200\" srcset=\"https:\/\/web.umons.ac.be\/app\/uploads\/sites\/8\/2025\/11\/AdobeStock_224685816-300x200.jpeg 300w, https:\/\/web.umons.ac.be\/app\/uploads\/sites\/8\/2025\/11\/AdobeStock_224685816-1024x683.jpeg 1024w, https:\/\/web.umons.ac.be\/app\/uploads\/sites\/8\/2025\/11\/AdobeStock_224685816-768x512.jpeg 768w, https:\/\/web.umons.ac.be\/app\/uploads\/sites\/8\/2025\/11\/AdobeStock_224685816-1536x1024.jpeg 1536w, https:\/\/web.umons.ac.be\/app\/uploads\/sites\/8\/2025\/11\/AdobeStock_224685816-2048x1365.jpeg 2048w, https:\/\/web.umons.ac.be\/app\/uploads\/sites\/8\/2025\/11\/AdobeStock_224685816-990x660.jpeg 990w, https:\/\/web.umons.ac.be\/app\/uploads\/sites\/8\/2025\/11\/AdobeStock_224685816-30x20.jpeg 30w, https:\/\/web.umons.ac.be\/app\/uploads\/sites\/8\/2025\/11\/AdobeStock_224685816-60x40.jpeg 60w, https:\/\/web.umons.ac.be\/app\/uploads\/sites\/8\/2025\/11\/AdobeStock_224685816-360x240.jpeg 360w\" sizes=\"auto, (max-width: 300px) 100vw, 300px\" \/><\/a><\/p>\n<\/li>\n<li data-start=\"809\" data-end=\"860\">\n<p data-start=\"811\" data-end=\"860\">Charg\u00e9\u00b7e de communication \/ relations publiques<\/p>\n<\/li>\n<li data-start=\"861\" data-end=\"943\">\n<p data-start=\"863\" data-end=\"943\">M\u00e9tiers de l\u2019\u00e9dition, publicit\u00e9, marketing, \u00e9v\u00e9nementiel, community management<\/p>\n<\/li>\n<li data-start=\"944\" data-end=\"989\">\n<p data-start=\"946\" data-end=\"989\">Documentation, m\u00e9diation de l\u2019information<\/p>\n<\/li>\n<\/ul>\n<h4 data-start=\"991\" data-end=\"1027\"><strong data-start=\"996\" data-end=\"1027\">Sociologie et Anthropologie<\/strong><\/h4>\n<ul data-start=\"1028\" data-end=\"1321\">\n<li data-start=\"1028\" data-end=\"1095\">\n<p data-start=\"1030\" data-end=\"1095\">Gestion de projets sociaux au niveau local, r\u00e9gional ou f\u00e9d\u00e9ral<\/p>\n<\/li>\n<li data-start=\"1096\" data-end=\"1182\">\n<p data-start=\"1098\" data-end=\"1182\">Interventions dans les organismes publics (communes, CPAS, Forem, administrations)<\/p>\n<\/li>\n<li data-start=\"1183\" data-end=\"1263\">\n<p data-start=\"1185\" data-end=\"1263\">Coop\u00e9ration internationale et ONG (Croix-Rouge, Amnesty International, etc.)<\/p>\n<\/li>\n<li data-start=\"1264\" data-end=\"1321\">\n<p data-start=\"1266\" data-end=\"1321\">Recherche, analyse sociale, universit\u00e9s, associations<\/p>\n<\/li>\n<\/ul>\n<h4 data-start=\"1323\" data-end=\"1363\"><strong data-start=\"1328\" data-end=\"1363\">Politique \u00c9conomique et Sociale<\/strong><\/h4>\n<ul data-start=\"1364\" data-end=\"1597\">\n<li data-start=\"1364\" data-end=\"1427\">\n<p data-start=\"1366\" data-end=\"1427\">Responsable de services au sein d\u2019administrations publiques<\/p>\n<\/li>\n<li data-start=\"1428\" data-end=\"1510\">\n<p data-start=\"1430\" data-end=\"1510\">Fonctionnaire d\u2019encadrement (communes, provinces, intercommunales, minist\u00e8res)<\/p>\n<\/li>\n<li data-start=\"1511\" data-end=\"1597\">\n<p data-start=\"1513\" data-end=\"1597\">Expertise en politiques sociales, lutte contre les in\u00e9galit\u00e9s, d\u00e9veloppement local<\/p>\n<\/li>\n<\/ul>\n<h4 data-start=\"1599\" data-end=\"1627\"><strong data-start=\"1604\" data-end=\"1627\"><a href=\"https:\/\/web.umons.ac.be\/app\/uploads\/sites\/8\/2025\/11\/AdobeStock_330826767-scaled.jpeg\"><img loading=\"lazy\" decoding=\"async\" class=\"wp-image-2060 size-medium alignright\" src=\"https:\/\/web.umons.ac.be\/app\/uploads\/sites\/8\/2025\/11\/AdobeStock_330826767-300x169.jpeg\" alt=\"\" width=\"300\" height=\"169\" srcset=\"https:\/\/web.umons.ac.be\/app\/uploads\/sites\/8\/2025\/11\/AdobeStock_330826767-300x169.jpeg 300w, https:\/\/web.umons.ac.be\/app\/uploads\/sites\/8\/2025\/11\/AdobeStock_330826767-1024x576.jpeg 1024w, https:\/\/web.umons.ac.be\/app\/uploads\/sites\/8\/2025\/11\/AdobeStock_330826767-768x432.jpeg 768w, https:\/\/web.umons.ac.be\/app\/uploads\/sites\/8\/2025\/11\/AdobeStock_330826767-1536x864.jpeg 1536w, https:\/\/web.umons.ac.be\/app\/uploads\/sites\/8\/2025\/11\/AdobeStock_330826767-2048x1152.jpeg 2048w, https:\/\/web.umons.ac.be\/app\/uploads\/sites\/8\/2025\/11\/AdobeStock_330826767-1173x660.jpeg 1173w, https:\/\/web.umons.ac.be\/app\/uploads\/sites\/8\/2025\/11\/AdobeStock_330826767-30x17.jpeg 30w, https:\/\/web.umons.ac.be\/app\/uploads\/sites\/8\/2025\/11\/AdobeStock_330826767-60x34.jpeg 60w, https:\/\/web.umons.ac.be\/app\/uploads\/sites\/8\/2025\/11\/AdobeStock_330826767-360x203.jpeg 360w\" sizes=\"auto, (max-width: 300px) 100vw, 300px\" \/><\/a>Sciences Politiques<\/strong><\/h4>\n<ul data-start=\"1628\" data-end=\"1943\">\n<li data-start=\"1628\" data-end=\"1700\">\n<p data-start=\"1630\" data-end=\"1700\">Collaborateur\u00b7rice parlementaire, conseiller\u00b7\u00e8re politique, analyste<\/p>\n<\/li>\n<li data-start=\"1701\" data-end=\"1794\">\n<p data-start=\"1703\" data-end=\"1794\">Carri\u00e8res li\u00e9es \u00e0 la vie publique (partis, syndicats, organisations patronales, cabinets)<\/p>\n<\/li>\n<li data-start=\"1795\" data-end=\"1857\">\n<p data-start=\"1797\" data-end=\"1857\">Diplomatie, ONG internationales, organisations europ\u00e9ennes<\/p>\n<\/li>\n<li data-start=\"1858\" data-end=\"1943\">\n<p data-start=\"1860\" data-end=\"1943\">Gestion de dossiers socio-politiques dans les services publics et administrations<\/p>\n<\/li>\n<\/ul>\n<h4 data-start=\"1945\" data-end=\"1985\"><strong data-start=\"1950\" data-end=\"1985\">Gestion des Ressources Humaines<\/strong><\/h4>\n<ul data-start=\"1986\" data-end=\"2179\">\n<li data-start=\"1986\" data-end=\"2038\">\n<p data-start=\"1988\" data-end=\"2038\">Responsable ou gestionnaire RH (public ou priv\u00e9)<\/p>\n<\/li>\n<li data-start=\"2039\" data-end=\"2108\">\n<p data-start=\"2041\" data-end=\"2108\">Consultant\u00b7e en recrutement, formation, qualit\u00e9 de vie au travail<\/p>\n<\/li>\n<li data-start=\"2109\" data-end=\"2179\">\n<p data-start=\"2111\" data-end=\"2179\">Gestion des carri\u00e8res, mobilit\u00e9, bien-\u00eatre, pr\u00e9vention des risques<\/p>\n<\/li>\n<\/ul>\n<h4 data-start=\"2181\" data-end=\"2235\"><strong data-start=\"2186\" data-end=\"2235\">Sciences de la population et du d\u00e9veloppement<\/strong><\/h4>\n<ul data-start=\"2236\" data-end=\"2390\">\n<li data-start=\"2236\" data-end=\"2390\">\n<p data-start=\"2238\" data-end=\"2390\">Gestion de projets d\u2019aide au d\u00e9veloppement ou de coop\u00e9ration internationale<br data-start=\"2313\" data-end=\"2316\" \/>(Commission europ\u00e9enne, Banque mondiale, ONG, institutions publiques\u2026)<\/p>\n<\/li>\n<\/ul>\n<h4 data-start=\"2392\" data-end=\"2440\"><strong data-start=\"2397\" data-end=\"2440\">Gestion culturelle et Arts du spectacle<\/strong><\/h4>\n<ul data-start=\"2441\" data-end=\"2687\">\n<li data-start=\"2441\" data-end=\"2537\">\n<p data-start=\"2443\" data-end=\"2537\">Responsable ou gestionnaire d\u2019institutions culturelles (mus\u00e9e, th\u00e9\u00e2tre, salles de spectacle)<\/p>\n<\/li>\n<li data-start=\"2538\" data-end=\"2614\">\n<p data-start=\"2540\" data-end=\"2614\">Organisation d\u2019\u00e9v\u00e9nements culturels (festivals, expositions, spectacles)<\/p>\n<\/li>\n<li data-start=\"2615\" data-end=\"2687\">\n<p data-start=\"2617\" data-end=\"2687\">Production artistique, programmation, critique, m\u00e9diation culturelle<\/p>\n<\/li>\n<\/ul>\n<h4 data-start=\"2689\" data-end=\"2741\"><strong data-start=\"2694\" data-end=\"2741\">Transitions et innovations sociales (METIS)<\/strong><\/h4>\n<ul data-start=\"2742\" data-end=\"3043\">\n<li data-start=\"2742\" data-end=\"2843\">\n<p data-start=\"2744\" data-end=\"2843\">Conception et pilotage de projets innovants pour faire face aux d\u00e9fis sociaux et environnementaux<\/p>\n<\/li>\n<li data-start=\"2844\" data-end=\"2946\">\n<p data-start=\"2846\" data-end=\"2946\">Emplois dans le secteur public (local, r\u00e9gional, f\u00e9d\u00e9ral, europ\u00e9en), associatif, non-marchand, ONG<\/p>\n<\/li>\n<li data-start=\"2947\" data-end=\"3043\">\n<p data-start=\"2949\" data-end=\"3043\">Fonctions li\u00e9es au d\u00e9veloppement territorial, \u00e0 l\u2019\u00e9conomie sociale, \u00e0 l\u2019innovation soci\u00e9tale<\/p>\n<\/li>\n<\/ul>\n<h3 data-start=\"3050\" data-end=\"3089\">Des parcours concrets et inspirants<\/h3>\n<p data-start=\"3091\" data-end=\"3176\">Les dipl\u00f4m\u00e9\u00b7e\u00b7s du BSHS travaillent aujourd\u2019hui en Belgique et \u00e0 l\u2019\u00e9tranger comme :<a href=\"https:\/\/web.umons.ac.be\/app\/uploads\/sites\/8\/2025\/10\/DSC_6621-scaled.jpg\"><img loading=\"lazy\" decoding=\"async\" class=\"alignright wp-image-1745 size-medium\" src=\"https:\/\/web.umons.ac.be\/app\/uploads\/sites\/8\/2025\/10\/DSC_6621-300x200.jpg\" alt=\"\" width=\"300\" height=\"200\" srcset=\"https:\/\/web.umons.ac.be\/app\/uploads\/sites\/8\/2025\/10\/DSC_6621-300x200.jpg 300w, https:\/\/web.umons.ac.be\/app\/uploads\/sites\/8\/2025\/10\/DSC_6621-1024x683.jpg 1024w, https:\/\/web.umons.ac.be\/app\/uploads\/sites\/8\/2025\/10\/DSC_6621-768x512.jpg 768w, https:\/\/web.umons.ac.be\/app\/uploads\/sites\/8\/2025\/10\/DSC_6621-1536x1024.jpg 1536w, https:\/\/web.umons.ac.be\/app\/uploads\/sites\/8\/2025\/10\/DSC_6621-2048x1365.jpg 2048w, https:\/\/web.umons.ac.be\/app\/uploads\/sites\/8\/2025\/10\/DSC_6621-990x660.jpg 990w, https:\/\/web.umons.ac.be\/app\/uploads\/sites\/8\/2025\/10\/DSC_6621-30x20.jpg 30w, https:\/\/web.umons.ac.be\/app\/uploads\/sites\/8\/2025\/10\/DSC_6621-60x40.jpg 60w, https:\/\/web.umons.ac.be\/app\/uploads\/sites\/8\/2025\/10\/DSC_6621-360x240.jpg 360w\" sizes=\"auto, (max-width: 300px) 100vw, 300px\" \/><\/a><\/p>\n<ul data-start=\"3177\" data-end=\"3623\">\n<li data-start=\"3177\" data-end=\"3238\">\n<p data-start=\"3179\" data-end=\"3238\">responsables RH dans des ONG, h\u00f4pitaux, multinationales ;<\/p>\n<\/li>\n<li data-start=\"3239\" data-end=\"3320\">\n<p data-start=\"3241\" data-end=\"3320\">charg\u00e9\u00b7es de communication dans des universit\u00e9s, administrations ou agences ;<\/p>\n<\/li>\n<li data-start=\"3321\" data-end=\"3414\">\n<p data-start=\"3323\" data-end=\"3414\">collaborateur\u00b7rices parlementaires et analystes dans des minist\u00e8res et services publics ;<\/p>\n<\/li>\n<li data-start=\"3415\" data-end=\"3471\">\n<p data-start=\"3417\" data-end=\"3471\">consultant\u00b7es en recrutement ou transition durable ;<\/p>\n<\/li>\n<li data-start=\"3472\" data-end=\"3546\">\n<p data-start=\"3474\" data-end=\"3546\">gestionnaires de projets humanitaires, culturels ou environnementaux ;<\/p>\n<\/li>\n<li data-start=\"3547\" data-end=\"3623\">\n<p data-start=\"3549\" data-end=\"3623\">enseignant\u00b7es, chercheur\u00b7euses, journalistes, sc\u00e9naristes, auteur\u00b7rices\u2026<\/p>\n<\/li>\n<\/ul>\n<p data-start=\"3625\" data-end=\"3798\">Leurs carri\u00e8res t\u00e9moignent de la <strong data-start=\"3658\" data-end=\"3699\">polyvalence et de la richesse du BSHS<\/strong>, et de la <strong data-start=\"3710\" data-end=\"3771\">valeur des comp\u00e9tences sociales, analytiques et critiques<\/strong> sur le march\u00e9 de l\u2019emploi.<\/p>\n","protected":false},"excerpt":{"rendered":"<p>Gr\u00e2ce \u00e0 sa formation pluridisciplinaire et \u00e0 sa connaissance globale des enjeux sociaux contemporains, le Bachelier en Sciences Humaines et Sociales offre une tr\u00e8s large palette de perspectives professionnelles. Il permet d\u2019acc\u00e9der \u00e0 de nombreux Masters, qui conduisent ensuite \u00e0 des m\u00e9tiers vari\u00e9s dans les secteurs public, priv\u00e9, culturel, associatif ou international. Ce bachelier constitue [&hellip;]<\/p>\n","protected":false},"author":2,"featured_media":0,"parent":0,"menu_order":0,"comment_status":"closed","ping_status":"closed","template":"","meta":{"footnotes":""},"class_list":["post-47","page","type-page","status-publish","hentry"],"yoast_head":"<!-- This site is optimized with the Yoast SEO plugin v27.2 - https:\/\/yoast.com\/product\/yoast-seo-wordpress\/ -->\n<title>Quels sont les d\u00e9bouch\u00e9s ? - Ecole \/ ESHS<\/title>\n<meta name=\"robots\" content=\"index, follow, max-snippet:-1, max-image-preview:large, max-video-preview:-1\" \/>\n<link rel=\"canonical\" href=\"https:\/\/web.umons.ac.be\/eshs\/fr\/debouches\/\" \/>\n<meta property=\"og:locale\" content=\"fr_FR\" \/>\n<meta property=\"og:type\" content=\"article\" \/>\n<meta property=\"og:title\" content=\"Quels sont les d\u00e9bouch\u00e9s ? - Ecole \/ ESHS\" \/>\n<meta property=\"og:description\" content=\"Gr\u00e2ce \u00e0 sa formation pluridisciplinaire et \u00e0 sa connaissance globale des enjeux sociaux contemporains, le Bachelier en Sciences Humaines et Sociales offre une tr\u00e8s large palette de perspectives professionnelles. Il permet d\u2019acc\u00e9der \u00e0 de nombreux Masters, qui conduisent ensuite \u00e0 des m\u00e9tiers vari\u00e9s dans les secteurs public, priv\u00e9, culturel, associatif ou international. Ce bachelier constitue [&hellip;]\" \/>\n<meta property=\"og:url\" content=\"https:\/\/web.umons.ac.be\/eshs\/fr\/debouches\/\" \/>\n<meta property=\"og:site_name\" content=\"Ecole \/ ESHS\" \/>\n<meta property=\"article:modified_time\" content=\"2025-11-20T13:29:00+00:00\" \/>\n<meta property=\"og:image\" content=\"https:\/\/web.umons.ac.be\/app\/uploads\/sites\/8\/2025\/11\/AdobeStock_224685816-scaled.jpeg\" \/>\n\t<meta property=\"og:image:width\" content=\"2560\" \/>\n\t<meta property=\"og:image:height\" content=\"1707\" \/>\n\t<meta property=\"og:image:type\" content=\"image\/jpeg\" \/>\n<meta name=\"twitter:card\" content=\"summary_large_image\" \/>\n<meta name=\"twitter:label1\" content=\"Dur\u00e9e de lecture estim\u00e9e\" \/>\n\t<meta name=\"twitter:data1\" content=\"3 minutes\" \/>\n<script type=\"application\/ld+json\" class=\"yoast-schema-graph\">{\"@context\":\"https:\/\/schema.org\",\"@graph\":[{\"@type\":\"WebPage\",\"@id\":\"https:\/\/web.umons.ac.be\/eshs\/fr\/debouches\/\",\"url\":\"https:\/\/web.umons.ac.be\/eshs\/fr\/debouches\/\",\"name\":\"Quels sont les d\u00e9bouch\u00e9s ? - Ecole \/ ESHS\",\"isPartOf\":{\"@id\":\"https:\/\/web.umons.ac.be\/eshs\/#website\"},\"primaryImageOfPage\":{\"@id\":\"https:\/\/web.umons.ac.be\/eshs\/fr\/debouches\/#primaryimage\"},\"image\":{\"@id\":\"https:\/\/web.umons.ac.be\/eshs\/fr\/debouches\/#primaryimage\"},\"thumbnailUrl\":\"https:\/\/web.umons.ac.be\/app\/uploads\/sites\/8\/2025\/11\/AdobeStock_224685816-300x200.jpeg\",\"datePublished\":\"2017-05-12T14:53:53+00:00\",\"dateModified\":\"2025-11-20T13:29:00+00:00\",\"breadcrumb\":{\"@id\":\"https:\/\/web.umons.ac.be\/eshs\/fr\/debouches\/#breadcrumb\"},\"inLanguage\":\"fr-FR\",\"potentialAction\":[{\"@type\":\"ReadAction\",\"target\":[\"https:\/\/web.umons.ac.be\/eshs\/fr\/debouches\/\"]}]},{\"@type\":\"ImageObject\",\"inLanguage\":\"fr-FR\",\"@id\":\"https:\/\/web.umons.ac.be\/eshs\/fr\/debouches\/#primaryimage\",\"url\":\"https:\/\/web.umons.ac.be\/app\/uploads\/sites\/8\/2025\/11\/AdobeStock_224685816-300x200.jpeg\",\"contentUrl\":\"https:\/\/web.umons.ac.be\/app\/uploads\/sites\/8\/2025\/11\/AdobeStock_224685816-300x200.jpeg\"},{\"@type\":\"BreadcrumbList\",\"@id\":\"https:\/\/web.umons.ac.be\/eshs\/fr\/debouches\/#breadcrumb\",\"itemListElement\":[{\"@type\":\"ListItem\",\"position\":1,\"name\":\"Accueil\",\"item\":\"https:\/\/web.umons.ac.be\/eshs\/fr\/\"},{\"@type\":\"ListItem\",\"position\":2,\"name\":\"Quels sont les d\u00e9bouch\u00e9s ?\"}]},{\"@type\":\"WebSite\",\"@id\":\"https:\/\/web.umons.ac.be\/eshs\/#website\",\"url\":\"https:\/\/web.umons.ac.be\/eshs\/\",\"name\":\"Ecole \/ ESHS\",\"description\":\"\",\"potentialAction\":[{\"@type\":\"SearchAction\",\"target\":{\"@type\":\"EntryPoint\",\"urlTemplate\":\"https:\/\/web.umons.ac.be\/eshs\/?s={search_term_string}\"},\"query-input\":{\"@type\":\"PropertyValueSpecification\",\"valueRequired\":true,\"valueName\":\"search_term_string\"}}],\"inLanguage\":\"fr-FR\"}]}<\/script>\n<!-- \/ Yoast SEO plugin. -->","yoast_head_json":{"title":"Quels sont les d\u00e9bouch\u00e9s ? - Ecole \/ ESHS","robots":{"index":"index","follow":"follow","max-snippet":"max-snippet:-1","max-image-preview":"max-image-preview:large","max-video-preview":"max-video-preview:-1"},"canonical":"https:\/\/web.umons.ac.be\/eshs\/fr\/debouches\/","og_locale":"fr_FR","og_type":"article","og_title":"Quels sont les d\u00e9bouch\u00e9s ? - Ecole \/ ESHS","og_description":"Gr\u00e2ce \u00e0 sa formation pluridisciplinaire et \u00e0 sa connaissance globale des enjeux sociaux contemporains, le Bachelier en Sciences Humaines et Sociales offre une tr\u00e8s large palette de perspectives professionnelles. Il permet d\u2019acc\u00e9der \u00e0 de nombreux Masters, qui conduisent ensuite \u00e0 des m\u00e9tiers vari\u00e9s dans les secteurs public, priv\u00e9, culturel, associatif ou international. Ce bachelier constitue [&hellip;]","og_url":"https:\/\/web.umons.ac.be\/eshs\/fr\/debouches\/","og_site_name":"Ecole \/ ESHS","article_modified_time":"2025-11-20T13:29:00+00:00","og_image":[{"width":2560,"height":1707,"url":"https:\/\/web.umons.ac.be\/app\/uploads\/sites\/8\/2025\/11\/AdobeStock_224685816-scaled.jpeg","type":"image\/jpeg"}],"twitter_card":"summary_large_image","twitter_misc":{"Dur\u00e9e de lecture estim\u00e9e":"3 minutes"},"schema":{"@context":"https:\/\/schema.org","@graph":[{"@type":"WebPage","@id":"https:\/\/web.umons.ac.be\/eshs\/fr\/debouches\/","url":"https:\/\/web.umons.ac.be\/eshs\/fr\/debouches\/","name":"Quels sont les d\u00e9bouch\u00e9s ? - Ecole \/ ESHS","isPartOf":{"@id":"https:\/\/web.umons.ac.be\/eshs\/#website"},"primaryImageOfPage":{"@id":"https:\/\/web.umons.ac.be\/eshs\/fr\/debouches\/#primaryimage"},"image":{"@id":"https:\/\/web.umons.ac.be\/eshs\/fr\/debouches\/#primaryimage"},"thumbnailUrl":"https:\/\/web.umons.ac.be\/app\/uploads\/sites\/8\/2025\/11\/AdobeStock_224685816-300x200.jpeg","datePublished":"2017-05-12T14:53:53+00:00","dateModified":"2025-11-20T13:29:00+00:00","breadcrumb":{"@id":"https:\/\/web.umons.ac.be\/eshs\/fr\/debouches\/#breadcrumb"},"inLanguage":"fr-FR","potentialAction":[{"@type":"ReadAction","target":["https:\/\/web.umons.ac.be\/eshs\/fr\/debouches\/"]}]},{"@type":"ImageObject","inLanguage":"fr-FR","@id":"https:\/\/web.umons.ac.be\/eshs\/fr\/debouches\/#primaryimage","url":"https:\/\/web.umons.ac.be\/app\/uploads\/sites\/8\/2025\/11\/AdobeStock_224685816-300x200.jpeg","contentUrl":"https:\/\/web.umons.ac.be\/app\/uploads\/sites\/8\/2025\/11\/AdobeStock_224685816-300x200.jpeg"},{"@type":"BreadcrumbList","@id":"https:\/\/web.umons.ac.be\/eshs\/fr\/debouches\/#breadcrumb","itemListElement":[{"@type":"ListItem","position":1,"name":"Accueil","item":"https:\/\/web.umons.ac.be\/eshs\/fr\/"},{"@type":"ListItem","position":2,"name":"Quels sont les d\u00e9bouch\u00e9s ?"}]},{"@type":"WebSite","@id":"https:\/\/web.umons.ac.be\/eshs\/#website","url":"https:\/\/web.umons.ac.be\/eshs\/","name":"Ecole \/ ESHS","description":"","potentialAction":[{"@type":"SearchAction","target":{"@type":"EntryPoint","urlTemplate":"https:\/\/web.umons.ac.be\/eshs\/?s={search_term_string}"},"query-input":{"@type":"PropertyValueSpecification","valueRequired":true,"valueName":"search_term_string"}}],"inLanguage":"fr-FR"}]}},"lang":"fr","translations":{"fr":47,"en":379},"pll_sync_post":[],"_links":{"self":[{"href":"https:\/\/web.umons.ac.be\/eshs\/wp-json\/wp\/v2\/pages\/47","targetHints":{"allow":["GET"]}}],"collection":[{"href":"https:\/\/web.umons.ac.be\/eshs\/wp-json\/wp\/v2\/pages"}],"about":[{"href":"https:\/\/web.umons.ac.be\/eshs\/wp-json\/wp\/v2\/types\/page"}],"author":[{"embeddable":true,"href":"https:\/\/web.umons.ac.be\/eshs\/wp-json\/wp\/v2\/users\/2"}],"replies":[{"embeddable":true,"href":"https:\/\/web.umons.ac.be\/eshs\/wp-json\/wp\/v2\/comments?post=47"}],"version-history":[{"count":3,"href":"https:\/\/web.umons.ac.be\/eshs\/wp-json\/wp\/v2\/pages\/47\/revisions"}],"predecessor-version":[{"id":2062,"href":"https:\/\/web.umons.ac.be\/eshs\/wp-json\/wp\/v2\/pages\/47\/revisions\/2062"}],"wp:attachment":[{"href":"https:\/\/web.umons.ac.be\/eshs\/wp-json\/wp\/v2\/media?parent=47"}],"curies":[{"name":"wp","href":"https:\/\/api.w.org\/{rel}","templated":true}]}}