{"id":51,"date":"2017-05-12T16:57:48","date_gmt":"2017-05-12T14:57:48","guid":{"rendered":"https:\/\/web.umons.ac.be\/faculte\/eshs\/?page_id=51"},"modified":"2025-11-20T14:36:46","modified_gmt":"2025-11-20T13:36:46","slug":"51-2","status":"publish","type":"page","link":"https:\/\/web.umons.ac.be\/eshs\/fr\/51-2\/","title":{"rendered":"Pour le METIS"},"content":{"rendered":"<p data-start=\"132\" data-end=\"529\">Le <a href=\"https:\/\/web.umons.ac.be\/eshs\/fr\/formations\/m2-metiss\/\" target=\"_blank\" rel=\"noopener\">METIS (Master en Transitions et Innovations Sociales)<\/a> forme des professionnel\u00b7le\u00b7s capables de comprendre et d\u2019accompagner les <strong data-start=\"214\" data-end=\"304\">transformations sociales, territoriales, \u00e9conomiques, culturelles et environnementales<\/strong>. Les dipl\u00f4m\u00e9\u00b7e\u00b7s \u0153uvrent l\u00e0 o\u00f9 s\u2019inventent de nouvelles r\u00e9ponses face aux d\u00e9fis contemporains : <strong data-start=\"401\" data-end=\"523\">innovation sociale, d\u00e9veloppement durable, participation citoyenne, inclusion, coop\u00e9rations locales ou internationales<\/strong>, etc.<\/p>\n<p data-start=\"531\" data-end=\"594\">Ils et elles interviennent dans un large \u00e9ventail de secteurs :<\/p>\n<ul data-start=\"596\" data-end=\"1098\">\n<li data-start=\"596\" data-end=\"721\">\n<p data-start=\"598\" data-end=\"721\"><strong data-start=\"598\" data-end=\"653\">Secteur public local, r\u00e9gional, f\u00e9d\u00e9ral ou europ\u00e9en<\/strong> (communes, administrations, minist\u00e8res, institutions europ\u00e9ennes)<\/p>\n<\/li>\n<li data-start=\"722\" data-end=\"782\">\n<p data-start=\"724\" data-end=\"782\"><strong data-start=\"724\" data-end=\"780\">Organismes parastataux et services publics autonomes<\/strong><\/p>\n<\/li>\n<li data-start=\"783\" data-end=\"923\">\n<p data-start=\"785\" data-end=\"923\"><strong data-start=\"785\" data-end=\"839\">Associations, ONG et organisations du non-marchand<\/strong> (aide sociale, droits humains, coop\u00e9ration internationale, sant\u00e9, environnement\u2026)<\/p>\n<\/li>\n<li data-start=\"924\" data-end=\"1098\">\n<p data-start=\"926\" data-end=\"1098\"><strong data-start=\"926\" data-end=\"990\">Entreprises et structures engag\u00e9es dans l\u2019innovation sociale<\/strong>, l\u2019\u00e9conomie sociale et solidaire, la transition \u00e9cologique ou de nouvelles formes d\u2019organisation du travail<\/p>\n<\/li>\n<\/ul>\n<p data-start=\"1105\" data-end=\"1149\"><a href=\"https:\/\/web.umons.ac.be\/app\/uploads\/sites\/8\/2025\/11\/AdobeStock_836042105-scaled.jpeg\"><img loading=\"lazy\" decoding=\"async\" class=\"alignright wp-image-2064 size-medium\" src=\"https:\/\/web.umons.ac.be\/app\/uploads\/sites\/8\/2025\/11\/AdobeStock_836042105-300x158.jpeg\" alt=\"\" width=\"300\" height=\"158\" srcset=\"https:\/\/web.umons.ac.be\/app\/uploads\/sites\/8\/2025\/11\/AdobeStock_836042105-300x158.jpeg 300w, https:\/\/web.umons.ac.be\/app\/uploads\/sites\/8\/2025\/11\/AdobeStock_836042105-1024x540.jpeg 1024w, https:\/\/web.umons.ac.be\/app\/uploads\/sites\/8\/2025\/11\/AdobeStock_836042105-768x405.jpeg 768w, https:\/\/web.umons.ac.be\/app\/uploads\/sites\/8\/2025\/11\/AdobeStock_836042105-1536x810.jpeg 1536w, https:\/\/web.umons.ac.be\/app\/uploads\/sites\/8\/2025\/11\/AdobeStock_836042105-2048x1080.jpeg 2048w, https:\/\/web.umons.ac.be\/app\/uploads\/sites\/8\/2025\/11\/AdobeStock_836042105-1252x660.jpeg 1252w, https:\/\/web.umons.ac.be\/app\/uploads\/sites\/8\/2025\/11\/AdobeStock_836042105-30x16.jpeg 30w, https:\/\/web.umons.ac.be\/app\/uploads\/sites\/8\/2025\/11\/AdobeStock_836042105-60x32.jpeg 60w, https:\/\/web.umons.ac.be\/app\/uploads\/sites\/8\/2025\/11\/AdobeStock_836042105-360x190.jpeg 360w, https:\/\/web.umons.ac.be\/app\/uploads\/sites\/8\/2025\/11\/AdobeStock_836042105-1200x630.jpeg 1200w\" sizes=\"auto, (max-width: 300px) 100vw, 300px\" \/><\/a>En pratique, les dipl\u00f4m\u00e9\u00b7e\u00b7s METIS peuvent :<\/p>\n<ul data-start=\"1151\" data-end=\"1467\">\n<li data-start=\"1151\" data-end=\"1225\">\n<p data-start=\"1153\" data-end=\"1225\">concevoir et piloter des projets de transition et d\u2019innovation sociale ;<\/p>\n<\/li>\n<li data-start=\"1226\" data-end=\"1295\">\n<p data-start=\"1228\" data-end=\"1295\">accompagner l\u2019\u00e9laboration et l\u2019\u00e9valuation de politiques publiques ;<\/p>\n<\/li>\n<li data-start=\"1296\" data-end=\"1374\">\n<p data-start=\"1298\" data-end=\"1374\">d\u00e9velopper des actions sociales, culturelles, \u00e9cologiques ou territoriales ;<\/p>\n<\/li>\n<li data-start=\"1375\" data-end=\"1467\">\n<p data-start=\"1377\" data-end=\"1467\">contribuer \u00e0 de nouvelles formes d\u2019\u00e9conomie, de gouvernance et de participation citoyenne.<\/p>\n<\/li>\n<\/ul>\n<p data-start=\"1469\" data-end=\"1614\">Autrement dit, le METIS pr\u00e9pare \u00e0 <strong data-start=\"1503\" data-end=\"1546\">des m\u00e9tiers qui transforment la soci\u00e9t\u00e9<\/strong>, en croisant analyse scientifique, cr\u00e9ativit\u00e9 et action collective.<\/p>\n","protected":false},"excerpt":{"rendered":"<p>Le METIS (Master en Transitions et Innovations Sociales) forme des professionnel\u00b7le\u00b7s capables de comprendre et d\u2019accompagner les transformations sociales, territoriales, \u00e9conomiques, culturelles et environnementales. Les dipl\u00f4m\u00e9\u00b7e\u00b7s \u0153uvrent l\u00e0 o\u00f9 s\u2019inventent de nouvelles r\u00e9ponses face aux d\u00e9fis contemporains : innovation sociale, d\u00e9veloppement durable, participation citoyenne, inclusion, coop\u00e9rations locales ou internationales, etc. Ils et elles interviennent dans [&hellip;]<\/p>\n","protected":false},"author":2,"featured_media":0,"parent":0,"menu_order":0,"comment_status":"closed","ping_status":"closed","template":"","meta":{"footnotes":""},"class_list":["post-51","page","type-page","status-publish","hentry"],"yoast_head":"<!-- This site is optimized with the Yoast SEO plugin v27.2 - https:\/\/yoast.com\/product\/yoast-seo-wordpress\/ -->\n<title>Pour le METIS - Ecole \/ ESHS<\/title>\n<meta name=\"robots\" content=\"index, follow, max-snippet:-1, max-image-preview:large, max-video-preview:-1\" \/>\n<link rel=\"canonical\" href=\"https:\/\/web.umons.ac.be\/eshs\/fr\/51-2\/\" \/>\n<meta property=\"og:locale\" content=\"fr_FR\" \/>\n<meta property=\"og:type\" content=\"article\" \/>\n<meta property=\"og:title\" content=\"Pour le METIS - Ecole \/ ESHS\" \/>\n<meta property=\"og:description\" content=\"Le METIS (Master en Transitions et Innovations Sociales) forme des professionnel\u00b7le\u00b7s capables de comprendre et d\u2019accompagner les transformations sociales, territoriales, \u00e9conomiques, culturelles et environnementales. Les dipl\u00f4m\u00e9\u00b7e\u00b7s \u0153uvrent l\u00e0 o\u00f9 s\u2019inventent de nouvelles r\u00e9ponses face aux d\u00e9fis contemporains : innovation sociale, d\u00e9veloppement durable, participation citoyenne, inclusion, coop\u00e9rations locales ou internationales, etc. Ils et elles interviennent dans [&hellip;]\" \/>\n<meta property=\"og:url\" content=\"https:\/\/web.umons.ac.be\/eshs\/fr\/51-2\/\" \/>\n<meta property=\"og:site_name\" content=\"Ecole \/ ESHS\" \/>\n<meta property=\"article:modified_time\" content=\"2025-11-20T13:36:46+00:00\" \/>\n<meta property=\"og:image\" content=\"https:\/\/web.umons.ac.be\/app\/uploads\/sites\/8\/2025\/11\/AdobeStock_836042105-scaled.jpeg\" \/>\n\t<meta property=\"og:image:width\" content=\"2560\" \/>\n\t<meta property=\"og:image:height\" content=\"1350\" \/>\n\t<meta property=\"og:image:type\" content=\"image\/jpeg\" \/>\n<meta name=\"twitter:card\" content=\"summary_large_image\" \/>\n<meta name=\"twitter:label1\" content=\"Dur\u00e9e de lecture estim\u00e9e\" \/>\n\t<meta name=\"twitter:data1\" content=\"2 minutes\" \/>\n<script type=\"application\/ld+json\" class=\"yoast-schema-graph\">{\"@context\":\"https:\/\/schema.org\",\"@graph\":[{\"@type\":\"WebPage\",\"@id\":\"https:\/\/web.umons.ac.be\/eshs\/fr\/51-2\/\",\"url\":\"https:\/\/web.umons.ac.be\/eshs\/fr\/51-2\/\",\"name\":\"Pour le METIS - Ecole \/ ESHS\",\"isPartOf\":{\"@id\":\"https:\/\/web.umons.ac.be\/eshs\/#website\"},\"primaryImageOfPage\":{\"@id\":\"https:\/\/web.umons.ac.be\/eshs\/fr\/51-2\/#primaryimage\"},\"image\":{\"@id\":\"https:\/\/web.umons.ac.be\/eshs\/fr\/51-2\/#primaryimage\"},\"thumbnailUrl\":\"https:\/\/web.umons.ac.be\/app\/uploads\/sites\/8\/2025\/11\/AdobeStock_836042105-300x158.jpeg\",\"datePublished\":\"2017-05-12T14:57:48+00:00\",\"dateModified\":\"2025-11-20T13:36:46+00:00\",\"breadcrumb\":{\"@id\":\"https:\/\/web.umons.ac.be\/eshs\/fr\/51-2\/#breadcrumb\"},\"inLanguage\":\"fr-FR\",\"potentialAction\":[{\"@type\":\"ReadAction\",\"target\":[\"https:\/\/web.umons.ac.be\/eshs\/fr\/51-2\/\"]}]},{\"@type\":\"ImageObject\",\"inLanguage\":\"fr-FR\",\"@id\":\"https:\/\/web.umons.ac.be\/eshs\/fr\/51-2\/#primaryimage\",\"url\":\"https:\/\/web.umons.ac.be\/app\/uploads\/sites\/8\/2025\/11\/AdobeStock_836042105-300x158.jpeg\",\"contentUrl\":\"https:\/\/web.umons.ac.be\/app\/uploads\/sites\/8\/2025\/11\/AdobeStock_836042105-300x158.jpeg\"},{\"@type\":\"BreadcrumbList\",\"@id\":\"https:\/\/web.umons.ac.be\/eshs\/fr\/51-2\/#breadcrumb\",\"itemListElement\":[{\"@type\":\"ListItem\",\"position\":1,\"name\":\"Accueil\",\"item\":\"https:\/\/web.umons.ac.be\/eshs\/fr\/\"},{\"@type\":\"ListItem\",\"position\":2,\"name\":\"Pour le METIS\"}]},{\"@type\":\"WebSite\",\"@id\":\"https:\/\/web.umons.ac.be\/eshs\/#website\",\"url\":\"https:\/\/web.umons.ac.be\/eshs\/\",\"name\":\"Ecole \/ ESHS\",\"description\":\"\",\"potentialAction\":[{\"@type\":\"SearchAction\",\"target\":{\"@type\":\"EntryPoint\",\"urlTemplate\":\"https:\/\/web.umons.ac.be\/eshs\/?s={search_term_string}\"},\"query-input\":{\"@type\":\"PropertyValueSpecification\",\"valueRequired\":true,\"valueName\":\"search_term_string\"}}],\"inLanguage\":\"fr-FR\"}]}<\/script>\n<!-- \/ Yoast SEO plugin. -->","yoast_head_json":{"title":"Pour le METIS - Ecole \/ ESHS","robots":{"index":"index","follow":"follow","max-snippet":"max-snippet:-1","max-image-preview":"max-image-preview:large","max-video-preview":"max-video-preview:-1"},"canonical":"https:\/\/web.umons.ac.be\/eshs\/fr\/51-2\/","og_locale":"fr_FR","og_type":"article","og_title":"Pour le METIS - Ecole \/ ESHS","og_description":"Le METIS (Master en Transitions et Innovations Sociales) forme des professionnel\u00b7le\u00b7s capables de comprendre et d\u2019accompagner les transformations sociales, territoriales, \u00e9conomiques, culturelles et environnementales. Les dipl\u00f4m\u00e9\u00b7e\u00b7s \u0153uvrent l\u00e0 o\u00f9 s\u2019inventent de nouvelles r\u00e9ponses face aux d\u00e9fis contemporains : innovation sociale, d\u00e9veloppement durable, participation citoyenne, inclusion, coop\u00e9rations locales ou internationales, etc. Ils et elles interviennent dans [&hellip;]","og_url":"https:\/\/web.umons.ac.be\/eshs\/fr\/51-2\/","og_site_name":"Ecole \/ ESHS","article_modified_time":"2025-11-20T13:36:46+00:00","og_image":[{"width":2560,"height":1350,"url":"https:\/\/web.umons.ac.be\/app\/uploads\/sites\/8\/2025\/11\/AdobeStock_836042105-scaled.jpeg","type":"image\/jpeg"}],"twitter_card":"summary_large_image","twitter_misc":{"Dur\u00e9e de lecture estim\u00e9e":"2 minutes"},"schema":{"@context":"https:\/\/schema.org","@graph":[{"@type":"WebPage","@id":"https:\/\/web.umons.ac.be\/eshs\/fr\/51-2\/","url":"https:\/\/web.umons.ac.be\/eshs\/fr\/51-2\/","name":"Pour le METIS - Ecole \/ ESHS","isPartOf":{"@id":"https:\/\/web.umons.ac.be\/eshs\/#website"},"primaryImageOfPage":{"@id":"https:\/\/web.umons.ac.be\/eshs\/fr\/51-2\/#primaryimage"},"image":{"@id":"https:\/\/web.umons.ac.be\/eshs\/fr\/51-2\/#primaryimage"},"thumbnailUrl":"https:\/\/web.umons.ac.be\/app\/uploads\/sites\/8\/2025\/11\/AdobeStock_836042105-300x158.jpeg","datePublished":"2017-05-12T14:57:48+00:00","dateModified":"2025-11-20T13:36:46+00:00","breadcrumb":{"@id":"https:\/\/web.umons.ac.be\/eshs\/fr\/51-2\/#breadcrumb"},"inLanguage":"fr-FR","potentialAction":[{"@type":"ReadAction","target":["https:\/\/web.umons.ac.be\/eshs\/fr\/51-2\/"]}]},{"@type":"ImageObject","inLanguage":"fr-FR","@id":"https:\/\/web.umons.ac.be\/eshs\/fr\/51-2\/#primaryimage","url":"https:\/\/web.umons.ac.be\/app\/uploads\/sites\/8\/2025\/11\/AdobeStock_836042105-300x158.jpeg","contentUrl":"https:\/\/web.umons.ac.be\/app\/uploads\/sites\/8\/2025\/11\/AdobeStock_836042105-300x158.jpeg"},{"@type":"BreadcrumbList","@id":"https:\/\/web.umons.ac.be\/eshs\/fr\/51-2\/#breadcrumb","itemListElement":[{"@type":"ListItem","position":1,"name":"Accueil","item":"https:\/\/web.umons.ac.be\/eshs\/fr\/"},{"@type":"ListItem","position":2,"name":"Pour le METIS"}]},{"@type":"WebSite","@id":"https:\/\/web.umons.ac.be\/eshs\/#website","url":"https:\/\/web.umons.ac.be\/eshs\/","name":"Ecole \/ ESHS","description":"","potentialAction":[{"@type":"SearchAction","target":{"@type":"EntryPoint","urlTemplate":"https:\/\/web.umons.ac.be\/eshs\/?s={search_term_string}"},"query-input":{"@type":"PropertyValueSpecification","valueRequired":true,"valueName":"search_term_string"}}],"inLanguage":"fr-FR"}]}},"lang":"fr","translations":{"fr":51,"en":355},"pll_sync_post":[],"_links":{"self":[{"href":"https:\/\/web.umons.ac.be\/eshs\/wp-json\/wp\/v2\/pages\/51","targetHints":{"allow":["GET"]}}],"collection":[{"href":"https:\/\/web.umons.ac.be\/eshs\/wp-json\/wp\/v2\/pages"}],"about":[{"href":"https:\/\/web.umons.ac.be\/eshs\/wp-json\/wp\/v2\/types\/page"}],"author":[{"embeddable":true,"href":"https:\/\/web.umons.ac.be\/eshs\/wp-json\/wp\/v2\/users\/2"}],"replies":[{"embeddable":true,"href":"https:\/\/web.umons.ac.be\/eshs\/wp-json\/wp\/v2\/comments?post=51"}],"version-history":[{"count":4,"href":"https:\/\/web.umons.ac.be\/eshs\/wp-json\/wp\/v2\/pages\/51\/revisions"}],"predecessor-version":[{"id":2066,"href":"https:\/\/web.umons.ac.be\/eshs\/wp-json\/wp\/v2\/pages\/51\/revisions\/2066"}],"wp:attachment":[{"href":"https:\/\/web.umons.ac.be\/eshs\/wp-json\/wp\/v2\/media?parent=51"}],"curies":[{"name":"wp","href":"https:\/\/api.w.org\/{rel}","templated":true}]}}