{"id":1722,"date":"2023-06-20T15:16:34","date_gmt":"2023-06-20T13:16:34","guid":{"rendered":"https:\/\/web.umons.ac.be\/fau\/?page_id=1722"},"modified":"2025-05-08T13:35:21","modified_gmt":"2025-05-08T11:35:21","slug":"publications-et-ressources-utiles","status":"publish","type":"page","link":"https:\/\/web.umons.ac.be\/fau\/fr\/etudes\/publications-et-ressources-utiles\/","title":{"rendered":"Publications et Ressources utiles"},"content":{"rendered":"<p><a style=\"margin-top: 0px; font-style: normal; font-variant-ligatures: normal; font-variant-caps: normal; font-family: 'Helvetica Neue', Helvetica, Arial, sans-serif; font-size: 14px; color: #de3369;\" href=\"https:\/\/web.umons.ac.be\/app\/uploads\/sites\/5\/2024\/05\/Faculte-Atelier.png\"><img loading=\"lazy\" decoding=\"async\" class=\"wp-image-3106 size-medium alignright\" style=\"font-size: 14px;\" src=\"https:\/\/web.umons.ac.be\/app\/uploads\/sites\/5\/2024\/05\/Faculte-Atelier-300x300.png\" alt=\"Les publications et ressources utiles sont \u00e9galement accessibles \u00e0 la Biblioth\u00e8que de la FA+U situ\u00e9e au 88, de la rue d'Havr\u00e9.\" width=\"300\" height=\"300\" srcset=\"https:\/\/web.umons.ac.be\/app\/uploads\/sites\/5\/2024\/05\/Faculte-Atelier-300x300.png 300w, https:\/\/web.umons.ac.be\/app\/uploads\/sites\/5\/2024\/05\/Faculte-Atelier-1024x1024.png 1024w, https:\/\/web.umons.ac.be\/app\/uploads\/sites\/5\/2024\/05\/Faculte-Atelier-150x150.png 150w, https:\/\/web.umons.ac.be\/app\/uploads\/sites\/5\/2024\/05\/Faculte-Atelier-768x768.png 768w, https:\/\/web.umons.ac.be\/app\/uploads\/sites\/5\/2024\/05\/Faculte-Atelier-1536x1536.png 1536w, https:\/\/web.umons.ac.be\/app\/uploads\/sites\/5\/2024\/05\/Faculte-Atelier-660x660.png 660w, https:\/\/web.umons.ac.be\/app\/uploads\/sites\/5\/2024\/05\/Faculte-Atelier-30x30.png 30w, https:\/\/web.umons.ac.be\/app\/uploads\/sites\/5\/2024\/05\/Faculte-Atelier-80x80.png 80w, https:\/\/web.umons.ac.be\/app\/uploads\/sites\/5\/2024\/05\/Faculte-Atelier-60x60.png 60w, https:\/\/web.umons.ac.be\/app\/uploads\/sites\/5\/2024\/05\/Faculte-Atelier-360x360.png 360w, https:\/\/web.umons.ac.be\/app\/uploads\/sites\/5\/2024\/05\/Faculte-Atelier-400x400.png 400w, https:\/\/web.umons.ac.be\/app\/uploads\/sites\/5\/2024\/05\/Faculte-Atelier-200x200.png 200w, https:\/\/web.umons.ac.be\/app\/uploads\/sites\/5\/2024\/05\/Faculte-Atelier.png 2000w\" sizes=\"auto, (max-width: 300px) 100vw, 300px\" \/><\/a><\/p>\n<p><span style=\"font-family: 'Helvetica Neue', Helvetica, Arial, sans-serif; font-size: 14px; font-style: normal; font-variant-ligatures: normal; font-variant-caps: normal; font-weight: 400;\">Les\u00a0<\/span><a style=\"font-family: 'Helvetica Neue', Helvetica, Arial, sans-serif; font-size: 14px; font-style: normal; font-variant-ligatures: normal; font-variant-caps: normal;\" href=\"https:\/\/web.umons.ac.be\/bibliotheques\/\">Biblioth\u00e8ques de l&rsquo;UMONS<\/a><span style=\"font-family: 'Helvetica Neue', Helvetica, Arial, sans-serif; font-size: 14px; font-style: normal; font-variant-ligatures: normal; font-variant-caps: normal; font-weight: 400;\">, s&rsquo;adressent en priorit\u00e9 \u00e0 la communaut\u00e9 universitaire montoise, mais sont accessibles \u00e0 tous, \u00e9tudiants, chercheurs et\u00a0<\/span><span style=\"font-family: 'Helvetica Neue', Helvetica, Arial, sans-serif; font-size: 14px; font-style: normal; font-variant-ligatures: normal; font-variant-caps: normal; font-weight: 400;\">\u00a0curieux.\u00a0<\/span><\/p>\n<p>Vous trouverez sur cette page les acc\u00e8s \u00e0 un ensemble d\u2019informations disponibles en consultation et\/ou t\u00e9l\u00e9chargement. Les onglets, ci-dessous, vous renvoient directement vers les publications et ressources utiles telles que les travaux de fin d\u2019\u00e9tudes et th\u00e8ses r\u00e9pertori\u00e9es \u00e0 la Biblioth\u00e8que de la Facult\u00e9 d\u2019Architecture et d\u2019Urbanisme.<\/p>\n<p>Sont \u00e9galement consultables, les articles et publications scientifiques du domaine de l\u2019architecture repris dans le <a href=\"https:\/\/orbi.umons.ac.be\/\">D\u00e9p\u00f4t institutionnel<\/a>.<\/p>\n<p>Enfin, vous trouverez, des ouvrages de synth\u00e8se valorisant les travaux des \u00e9tudiants ainsi que d&rsquo;autres publications repr\u00e9sentatives de ce qui s\u2019\u00e9tudie dans notre facult\u00e9.<\/p>\n<p><span style=\"color: #a2c301;\"><em>R\u00e9f\u00e9rence Image : Atelier VISMO &#8211; Architectural Visualization Studio<\/em><\/span><\/p>\n<start-cask-shortcode-wrapper>    <div class=\"accordion content-block scheme-fau\">\n                <div class=\"accordion-inner\">\n            <div class=\"accordion-bellow\">\n                <button class=\"accordion-bellow-toggle scheme-background-hover\" data-target=\"#accordion-content-681c96e673457\">\n                    <span class=\"icon umons-icon-chevron-down\" aria-hidden=\"true\"><\/span> Travaux de Fin d\u2019Etudes                <\/button>\n            <\/div>\n            <div id=\"accordion-content-681c96e673457\" class=\"accordion-content\">\n            \t<div class=\"inner editor-front\">\n            \t\t<p>Le Travail de Fin d\u2019Etudes cl\u00f4ture les \u00e9tudes de Master en Architecture Art de B\u00e2tir ou Urbanisme. Ce travail, sur un sujet en rapport direct avec l&rsquo;architecture, \u00e9crit et personnel de l&rsquo;\u00e9tudiant, consiste \u00e0 d\u00e9velopper et illustrer ses capacit\u00e9s de prospection, d&rsquo;analyse et de synth\u00e8se. Des rencontres r\u00e9guli\u00e8res avec le(s) promoteur(s) permettent d&rsquo;\u00e9valuer l&rsquo;avanc\u00e9e du travail. Ce TFE s\u2019ach\u00e8ve par une pr\u00e9sentation d\u2019une vingtaine de minutes du sujet \u00e9tudi\u00e9 suivie d&rsquo;une s\u00e9ance de questions\/r\u00e9ponses organis\u00e9e devant jury.<\/p>\n<p>Depuis 1951 la Biblioth\u00e8que de la Facult\u00e9 d\u2019Architecture et d\u2019Urbanisme a r\u00e9pertori\u00e9 plus de 1400 m\u00e9moires d\u2019\u00e9tudiants. Le descriptif et les modalit\u00e9s de consultation des travaux de fin d\u2019\u00e9tudes des \u00e9tudiants sont disponibles via le <a href=\"https:\/\/web.umons.ac.be\/bibliotheques\/ressources\/\">Catalogue des biblioth\u00e8ques<\/a>.<\/p>\n            \t<\/div>\n            <\/div>\n        <\/div>\n                <div class=\"accordion-inner\">\n            <div class=\"accordion-bellow\">\n                <button class=\"accordion-bellow-toggle scheme-background-hover\" data-target=\"#accordion-content-681c96e67c7bf\">\n                    <span class=\"icon umons-icon-chevron-down\" aria-hidden=\"true\"><\/span> Th\u00e8ses                <\/button>\n            <\/div>\n            <div id=\"accordion-content-681c96e67c7bf\" class=\"accordion-content\">\n            \t<div class=\"inner editor-front\">\n            \t\t<p>Le m\u00e9tier de doctorant consiste en une combinaison de travaux de recherche (interventions en colloques, conf\u00e9rences, publications, s\u00e9jours de recherche \u00e0 l\u2019\u00e9tranger e.a.) et de formations personnalis\u00e9es (s\u00e9minaires th\u00e9matiques et m\u00e9thodologiques e.a.) permettant d\u2019acqu\u00e9rir des connaissances scientifiques pointues dans son domaine ainsi qu\u2019un large \u00e9ventail de comp\u00e9tences transversales. Le titre de Docteur est conf\u00e9r\u00e9 par la Facult\u00e9 d\u2019Architecture et d\u2019Urbanisme \u00e0 la suite de la pr\u00e9sentation d\u2019une th\u00e8se de doctorat.<\/p>\n<p>Le descriptif et les modalit\u00e9s de consultation des th\u00e8ses des doctorants sont disponibles via le <a href=\"https:\/\/biblio.umons.ac.be\/airwebopac\/www.main.cls\">Catalogue des biblioth\u00e8ques<\/a>.<\/p>\n            \t<\/div>\n            <\/div>\n        <\/div>\n                <div class=\"accordion-inner\">\n            <div class=\"accordion-bellow\">\n                <button class=\"accordion-bellow-toggle scheme-background-hover\" data-target=\"#accordion-content-681c96e67c918\">\n                    <span class=\"icon umons-icon-chevron-down\" aria-hidden=\"true\"><\/span> Publications de Recherche                <\/button>\n            <\/div>\n            <div id=\"accordion-content-681c96e67c918\" class=\"accordion-content\">\n            \t<div class=\"inner editor-front\">\n            \t\t<p>Le <a href=\"https:\/\/orbi.umons.ac.be\/\">D\u00e9p\u00f4t institutionnel<\/a> a pour objectif de r\u00e9unir l\u2019ensemble des publications de la communaut\u00e9 scientifique de l\u2019universit\u00e9. Depuis sa cr\u00e9ation en 2011, l\u2019UMONS d\u00e9veloppe une politique active en mati\u00e8re de libre acc\u00e8s. Ainsi, les chercheurs d\u00e9posent leur article dans le d\u00e9p\u00f4t institutionnel et sans avis contraire de l\u2019\u00e9diteur, sont invit\u00e9s \u00e0 le publier en Open Access. Le \u00ab libre acc\u00e8s \u00bb (en anglais : Open Access), est la mise \u00e0 disposition gratuite, sur l\u2019Internet public, de publications scientifiques. Il permet \u00e0 tout un chacun de lire, t\u00e9l\u00e9charger, copier, imprimer et transmettre les contenus de ces \u0153uvres num\u00e9riques.<\/p>\n            \t<\/div>\n            <\/div>\n        <\/div>\n                <div class=\"accordion-inner\">\n            <div class=\"accordion-bellow\">\n                <button class=\"accordion-bellow-toggle scheme-background-hover\" data-target=\"#accordion-content-681c96e67ca4f\">\n                    <span class=\"icon umons-icon-chevron-down\" aria-hidden=\"true\"><\/span> Ressources \u00e9lectroniques                <\/button>\n            <\/div>\n            <div id=\"accordion-content-681c96e67ca4f\" class=\"accordion-content\">\n            \t<div class=\"inner editor-front\">\n            \t\t<p>La Biblioth\u00e8que num\u00e9rique de l&rsquo;UMONS, <a href=\"https:\/\/biblio.umons.ac.be\/public\/bv\/index.php\">PHENIX<\/a>, offre un acc\u00e8s gratuit au patrimoine documentaire de l\u2019Universit\u00e9 de Mons.<\/p>\n<p>Vous pouvez consulter \u00e9galement la liste des <a href=\"https:\/\/web.umons.ac.be\/bibliotheques\/ressources\/\">bases de donn\u00e9es<\/a> par ordre alphab\u00e9tique pour le domaine de l\u2019Architecture et de la Construction. Vous pouvez \u00e9galement d\u00e9couvrir l\u2019ensemble des p\u00e9riodiques \u00e9lectroniques dans la discipline de l\u2019Architecture accessibles \u00e0 partir de <a href=\"https:\/\/publications.ebsco.com\/\">Full Text Finder<\/a>.<\/p>\n            \t<\/div>\n            <\/div>\n        <\/div>\n            <\/div>\n<end-cask-shortcode-wrapper>\n<h2>Nos publications<\/h2>\n<p><iframe loading=\"lazy\" src=\"\/\/v.calameo.com\/library\/?type=subscription&amp;id=5844509&amp;rows=1&amp;sortBy=latestPublished&amp;theme=wood&amp;bgColor=&amp;thumbSize=large&amp;showTitle=true&amp;showShadow=true&amp;showGloss=true&amp;showInfo=account&amp;linkTo=embed\" width=\"100%\" height=\"240\" frameborder=\"0\" allowfullscreen=\"allowfullscreen\"><\/iframe><\/p>\n<h2>Autres publications<\/h2>\n<table style=\"border-collapse: collapse; width: 100%;\">\n<tbody>\n<tr>\n<td style=\"width: 275.763px;\"><a href=\"https:\/\/web.umons.ac.be\/fau\/fr\/publications-et-ressources-utiles\/conception-parametrique-avec-rhino-et-grasshoper\/\" rel=\"attachment wp-att-1742\"><img loading=\"lazy\" decoding=\"async\" class=\"alignnone size-medium wp-image-1742\" src=\"https:\/\/web.umons.ac.be\/app\/uploads\/sites\/5\/2021\/04\/Conception-Parametrique-avec-Rhino-et-Grasshoper-245x300.jpg\" alt=\"\" width=\"245\" height=\"300\" srcset=\"https:\/\/web.umons.ac.be\/app\/uploads\/sites\/5\/2021\/04\/Conception-Parametrique-avec-Rhino-et-Grasshoper-245x300.jpg 245w, https:\/\/web.umons.ac.be\/app\/uploads\/sites\/5\/2021\/04\/Conception-Parametrique-avec-Rhino-et-Grasshoper-837x1024.jpg 837w, https:\/\/web.umons.ac.be\/app\/uploads\/sites\/5\/2021\/04\/Conception-Parametrique-avec-Rhino-et-Grasshoper-768x939.jpg 768w, https:\/\/web.umons.ac.be\/app\/uploads\/sites\/5\/2021\/04\/Conception-Parametrique-avec-Rhino-et-Grasshoper-1256x1536.jpg 1256w, https:\/\/web.umons.ac.be\/app\/uploads\/sites\/5\/2021\/04\/Conception-Parametrique-avec-Rhino-et-Grasshoper-1675x2048.jpg 1675w, https:\/\/web.umons.ac.be\/app\/uploads\/sites\/5\/2021\/04\/Conception-Parametrique-avec-Rhino-et-Grasshoper-540x660.jpg 540w, https:\/\/web.umons.ac.be\/app\/uploads\/sites\/5\/2021\/04\/Conception-Parametrique-avec-Rhino-et-Grasshoper-30x37.jpg 30w, https:\/\/web.umons.ac.be\/app\/uploads\/sites\/5\/2021\/04\/Conception-Parametrique-avec-Rhino-et-Grasshoper-49x60.jpg 49w, https:\/\/web.umons.ac.be\/app\/uploads\/sites\/5\/2021\/04\/Conception-Parametrique-avec-Rhino-et-Grasshoper-360x440.jpg 360w\" sizes=\"auto, (max-width: 245px) 100vw, 245px\" \/><\/a><\/td>\n<td style=\"width: 681.438px;\">\n<h5>Conception Param\u00e9trique avec Rhino et Grasshopper<\/h5>\n<p><a href=\"https:\/\/www.eyrolles.com\/Audiovisuel\/Livre\/conception-parametrique-avec-rhino-et-grasshopper-9782212678277\/\">Parution le 25\/02\/2021 &#8211; Editions Eyrolles &#8211; ISBN 978-2-212-67827-7<\/a><\/p>\n<p>Apr\u00e8s une pr\u00e9sentation des fondements de la conception param\u00e9trique, l&rsquo;ouvrage se tourne vers la mise en pratique du logiciel de CAO Rhino et son plug-in int\u00e9gr\u00e9 Grasshopper, en s\u2019appuyant sur diff\u00e9rents outils (mod\u00e9lisation g\u00e9om\u00e9trique, traitement des surfaces, simulation de ph\u00e9nom\u00e8nes physiques, optimisation des donn\u00e9es urbaines\u2026).<\/p>\n<p><em><strong>Mohamed-Anis Gallas<\/strong> est architecte et docteur en sciences de l\u2019architecture. Il est charg\u00e9 de cours responsable des enseignements et de la recherche dans le domaine de l\u2019architecture param\u00e9trique \u00e0 la <a href=\"https:\/\/web.umons.ac.be\/fau\/fr\/\">Facult\u00e9 d\u2019Architecture et d\u2019Urbanisme de l&rsquo;Universit\u00e9 de Mons<\/a>. Il est co-auteur de cet ouvrage avec <strong>Jean-Pierre Couwenbergh<\/strong>, ing\u00e9nieur civil architecte et docteur en sciences de l\u2019information et de la communication, enseignant\u00a0 \u00e0 la <a href=\"https:\/\/uclouvain.be\/fr\/facultes\/loci\">Facult\u00e9 d\u2019architecture, d\u2019ing\u00e9nierie architecturale, d\u2019urbanisme de l\u2019UCLouvain<\/a>.<\/em><\/td>\n<\/tr>\n<\/tbody>\n<\/table>\n<table style=\"border-collapse: collapse; width: 100%;\">\n<tbody>\n<tr>\n<td style=\"width: 28.9144%;\"><a href=\"https:\/\/web.umons.ac.be\/app\/uploads\/sites\/5\/2024\/02\/Guide-Architecture-moderne-et-contemporaine.jpg\"><img loading=\"lazy\" decoding=\"async\" class=\"alignnone size-medium wp-image-2795\" src=\"https:\/\/web.umons.ac.be\/app\/uploads\/sites\/5\/2024\/02\/Guide-Architecture-moderne-et-contemporaine-219x300.jpg\" alt=\"Guide Architecture moderne et contemporaine 1885-2015\" width=\"219\" height=\"300\" srcset=\"https:\/\/web.umons.ac.be\/app\/uploads\/sites\/5\/2024\/02\/Guide-Architecture-moderne-et-contemporaine-219x300.jpg 219w, https:\/\/web.umons.ac.be\/app\/uploads\/sites\/5\/2024\/02\/Guide-Architecture-moderne-et-contemporaine-482x660.jpg 482w, https:\/\/web.umons.ac.be\/app\/uploads\/sites\/5\/2024\/02\/Guide-Architecture-moderne-et-contemporaine-30x41.jpg 30w, https:\/\/web.umons.ac.be\/app\/uploads\/sites\/5\/2024\/02\/Guide-Architecture-moderne-et-contemporaine-44x60.jpg 44w, https:\/\/web.umons.ac.be\/app\/uploads\/sites\/5\/2024\/02\/Guide-Architecture-moderne-et-contemporaine-360x493.jpg 360w, https:\/\/web.umons.ac.be\/app\/uploads\/sites\/5\/2024\/02\/Guide-Architecture-moderne-et-contemporaine.jpg 546w\" sizes=\"auto, (max-width: 219px) 100vw, 219px\" \/><\/a><\/td>\n<td style=\"width: 71.0856%;\">\n<h5>Guide architecture moderne et contemporaine 1885-2015 Mons &amp; C\u0153ur du Hainaut<\/h5>\n<p><a href=\"https:\/\/wbarchitectures.be\/fr\/publications\/Guide-d-architecture-moderne-et-contemporaine-Mons-et-Coeur-du-Hainaut\/398\/\">Parution 2015 &#8211; Editions Mardaga &#8211; ISBN 978-2-8047-0242-7<\/a><\/p>\n<p>Ce Guide d\u2019architecture moderne et contemporaine consacr\u00e9 \u00e0 Mons &amp; C\u0153ur du Hainaut invite \u00e0 regarder l\u2019architecture autrement au travers de plus de 250 projets, illustr\u00e9s de plans et situ\u00e9s sur cartes, comment\u00e9s par plus de 40 auteurs et photographi\u00e9s par Olivier Cornil. Ces projets sont le fruit de la modernit\u00e9 revisit\u00e9e \u00e0 chaque \u00e9poque par les architectes, de l\u2019Art nouveau \u00e0 aujourd\u2019hui : programmes modestes ou r\u00e9alisations d\u2019envergure, commandes priv\u00e9es et b\u00e2timents publics.\u00a0Il a \u00e9t\u00e9 r\u00e9alis\u00e9 en partenariat avec la Facult\u00e9 d&rsquo;Architecture et d&rsquo;Urbanisme de l&rsquo;Universit\u00e9 de Mons sous la direction de Lamya Ben Djaffar et d&rsquo;Isabelle De Smet.<\/p>\n<p><em><strong>Lamya Ben Djaffar<\/strong>, est historienne, charg\u00e9e de la politique d\u2019int\u00e9gration d\u2019\u0153uvres d\u2019art et de la diffusion et promotion culturelles \u00e0 la <a href=\"https:\/\/cellule.archi\/\">Cellule architecture de la F\u00e9d\u00e9ration Wallonie-Bruxelles<\/a>.\u00a0<\/em><em><strong>Isabelle De Smet<\/strong> est\u00a0 Architecte et porteur d&rsquo;un Doctorat en Art de B\u00e2tir et Urbanisme \u00e0 la <a href=\"https:\/\/web.umons.ac.be\/fau\/fr\/\">Facult\u00e9 d\u2019Architecture et d\u2019Urbanisme de l\u2019Universit\u00e9 de Mons<\/a>.<\/em><\/td>\n<\/tr>\n<\/tbody>\n<\/table>\n","protected":false},"excerpt":{"rendered":"<p>Les\u00a0Biblioth\u00e8ques de l&rsquo;UMONS, s&rsquo;adressent en priorit\u00e9 \u00e0 la communaut\u00e9 universitaire montoise, mais sont accessibles \u00e0 tous, \u00e9tudiants, chercheurs et\u00a0\u00a0curieux.\u00a0 Vous trouverez sur cette page les acc\u00e8s \u00e0 un ensemble d\u2019informations disponibles en consultation et\/ou t\u00e9l\u00e9chargement. Les onglets, ci-dessous, vous renvoient directement vers les publications et ressources utiles telles que les travaux de fin d\u2019\u00e9tudes et [&hellip;]<\/p>\n","protected":false},"author":3,"featured_media":0,"parent":183,"menu_order":7,"comment_status":"closed","ping_status":"closed","template":"","meta":{"footnotes":""},"class_list":["post-1722","page","type-page","status-publish","hentry"],"yoast_head":"<!-- This site is optimized with the Yoast SEO plugin v27.2 - https:\/\/yoast.com\/product\/yoast-seo-wordpress\/ -->\n<title>Publications et Ressources utiles<\/title>\n<meta name=\"description\" content=\"Les publications et ressources utiles sont \u00e9galement accessibles \u00e0 la Biblioth\u00e8que de la FA+U situ\u00e9e au 88, de la rue d&#039;Havr\u00e9.\" \/>\n<meta name=\"robots\" content=\"index, follow, max-snippet:-1, max-image-preview:large, max-video-preview:-1\" \/>\n<link rel=\"canonical\" href=\"https:\/\/web.umons.ac.be\/fau\/fr\/etudes\/publications-et-ressources-utiles\/\" \/>\n<meta property=\"og:locale\" content=\"fr_FR\" \/>\n<meta property=\"og:type\" content=\"article\" \/>\n<meta property=\"og:title\" content=\"Publications et Ressources utiles\" \/>\n<meta property=\"og:description\" content=\"Les publications et ressources utiles sont \u00e9galement accessibles \u00e0 la Biblioth\u00e8que de la FA+U situ\u00e9e au 88, de la rue d&#039;Havr\u00e9.\" \/>\n<meta property=\"og:url\" content=\"https:\/\/web.umons.ac.be\/fau\/fr\/etudes\/publications-et-ressources-utiles\/\" \/>\n<meta property=\"og:site_name\" content=\"Facult\u00e9 \/ FAU\" \/>\n<meta property=\"article:modified_time\" content=\"2025-05-08T11:35:21+00:00\" \/>\n<meta property=\"og:image\" content=\"https:\/\/web.umons.ac.be\/app\/uploads\/sites\/5\/2024\/05\/Faculte-Atelier.png\" \/>\n\t<meta property=\"og:image:width\" content=\"2000\" \/>\n\t<meta property=\"og:image:height\" content=\"2000\" \/>\n\t<meta property=\"og:image:type\" content=\"image\/png\" \/>\n<meta name=\"twitter:card\" content=\"summary_large_image\" \/>\n<meta name=\"twitter:label1\" content=\"Dur\u00e9e de lecture estim\u00e9e\" \/>\n\t<meta name=\"twitter:data1\" content=\"3 minutes\" \/>\n<script type=\"application\/ld+json\" class=\"yoast-schema-graph\">{\"@context\":\"https:\/\/schema.org\",\"@graph\":[{\"@type\":\"WebPage\",\"@id\":\"https:\/\/web.umons.ac.be\/fau\/fr\/etudes\/publications-et-ressources-utiles\/\",\"url\":\"https:\/\/web.umons.ac.be\/fau\/fr\/etudes\/publications-et-ressources-utiles\/\",\"name\":\"Publications et Ressources utiles\",\"isPartOf\":{\"@id\":\"https:\/\/web.umons.ac.be\/fau\/#website\"},\"primaryImageOfPage\":{\"@id\":\"https:\/\/web.umons.ac.be\/fau\/fr\/etudes\/publications-et-ressources-utiles\/#primaryimage\"},\"image\":{\"@id\":\"https:\/\/web.umons.ac.be\/fau\/fr\/etudes\/publications-et-ressources-utiles\/#primaryimage\"},\"thumbnailUrl\":\"https:\/\/web.umons.ac.be\/app\/uploads\/sites\/5\/2024\/05\/Faculte-Atelier-300x300.png\",\"datePublished\":\"2023-06-20T13:16:34+00:00\",\"dateModified\":\"2025-05-08T11:35:21+00:00\",\"description\":\"Les publications et ressources utiles sont \u00e9galement accessibles \u00e0 la Biblioth\u00e8que de la FA+U situ\u00e9e au 88, de la rue d'Havr\u00e9.\",\"breadcrumb\":{\"@id\":\"https:\/\/web.umons.ac.be\/fau\/fr\/etudes\/publications-et-ressources-utiles\/#breadcrumb\"},\"inLanguage\":\"fr-FR\",\"potentialAction\":[{\"@type\":\"ReadAction\",\"target\":[\"https:\/\/web.umons.ac.be\/fau\/fr\/etudes\/publications-et-ressources-utiles\/\"]}]},{\"@type\":\"ImageObject\",\"inLanguage\":\"fr-FR\",\"@id\":\"https:\/\/web.umons.ac.be\/fau\/fr\/etudes\/publications-et-ressources-utiles\/#primaryimage\",\"url\":\"https:\/\/web.umons.ac.be\/app\/uploads\/sites\/5\/2024\/05\/Faculte-Atelier-300x300.png\",\"contentUrl\":\"https:\/\/web.umons.ac.be\/app\/uploads\/sites\/5\/2024\/05\/Faculte-Atelier-300x300.png\"},{\"@type\":\"BreadcrumbList\",\"@id\":\"https:\/\/web.umons.ac.be\/fau\/fr\/etudes\/publications-et-ressources-utiles\/#breadcrumb\",\"itemListElement\":[{\"@type\":\"ListItem\",\"position\":1,\"name\":\"Accueil\",\"item\":\"https:\/\/web.umons.ac.be\/fau\/fr\/\"},{\"@type\":\"ListItem\",\"position\":2,\"name\":\"Etudes\",\"item\":\"https:\/\/web.umons.ac.be\/fau\/fr\/etudes\/\"},{\"@type\":\"ListItem\",\"position\":3,\"name\":\"Publications et Ressources utiles\"}]},{\"@type\":\"WebSite\",\"@id\":\"https:\/\/web.umons.ac.be\/fau\/#website\",\"url\":\"https:\/\/web.umons.ac.be\/fau\/\",\"name\":\"Facult\u00e9 \/ FAU\",\"description\":\"\",\"potentialAction\":[{\"@type\":\"SearchAction\",\"target\":{\"@type\":\"EntryPoint\",\"urlTemplate\":\"https:\/\/web.umons.ac.be\/fau\/?s={search_term_string}\"},\"query-input\":{\"@type\":\"PropertyValueSpecification\",\"valueRequired\":true,\"valueName\":\"search_term_string\"}}],\"inLanguage\":\"fr-FR\"}]}<\/script>\n<!-- \/ Yoast SEO plugin. -->","yoast_head_json":{"title":"Publications et Ressources utiles","description":"Les publications et ressources utiles sont \u00e9galement accessibles \u00e0 la Biblioth\u00e8que de la FA+U situ\u00e9e au 88, de la rue d'Havr\u00e9.","robots":{"index":"index","follow":"follow","max-snippet":"max-snippet:-1","max-image-preview":"max-image-preview:large","max-video-preview":"max-video-preview:-1"},"canonical":"https:\/\/web.umons.ac.be\/fau\/fr\/etudes\/publications-et-ressources-utiles\/","og_locale":"fr_FR","og_type":"article","og_title":"Publications et Ressources utiles","og_description":"Les publications et ressources utiles sont \u00e9galement accessibles \u00e0 la Biblioth\u00e8que de la FA+U situ\u00e9e au 88, de la rue d'Havr\u00e9.","og_url":"https:\/\/web.umons.ac.be\/fau\/fr\/etudes\/publications-et-ressources-utiles\/","og_site_name":"Facult\u00e9 \/ FAU","article_modified_time":"2025-05-08T11:35:21+00:00","og_image":[{"width":2000,"height":2000,"url":"https:\/\/web.umons.ac.be\/app\/uploads\/sites\/5\/2024\/05\/Faculte-Atelier.png","type":"image\/png"}],"twitter_card":"summary_large_image","twitter_misc":{"Dur\u00e9e de lecture estim\u00e9e":"3 minutes"},"schema":{"@context":"https:\/\/schema.org","@graph":[{"@type":"WebPage","@id":"https:\/\/web.umons.ac.be\/fau\/fr\/etudes\/publications-et-ressources-utiles\/","url":"https:\/\/web.umons.ac.be\/fau\/fr\/etudes\/publications-et-ressources-utiles\/","name":"Publications et Ressources utiles","isPartOf":{"@id":"https:\/\/web.umons.ac.be\/fau\/#website"},"primaryImageOfPage":{"@id":"https:\/\/web.umons.ac.be\/fau\/fr\/etudes\/publications-et-ressources-utiles\/#primaryimage"},"image":{"@id":"https:\/\/web.umons.ac.be\/fau\/fr\/etudes\/publications-et-ressources-utiles\/#primaryimage"},"thumbnailUrl":"https:\/\/web.umons.ac.be\/app\/uploads\/sites\/5\/2024\/05\/Faculte-Atelier-300x300.png","datePublished":"2023-06-20T13:16:34+00:00","dateModified":"2025-05-08T11:35:21+00:00","description":"Les publications et ressources utiles sont \u00e9galement accessibles \u00e0 la Biblioth\u00e8que de la FA+U situ\u00e9e au 88, de la rue d'Havr\u00e9.","breadcrumb":{"@id":"https:\/\/web.umons.ac.be\/fau\/fr\/etudes\/publications-et-ressources-utiles\/#breadcrumb"},"inLanguage":"fr-FR","potentialAction":[{"@type":"ReadAction","target":["https:\/\/web.umons.ac.be\/fau\/fr\/etudes\/publications-et-ressources-utiles\/"]}]},{"@type":"ImageObject","inLanguage":"fr-FR","@id":"https:\/\/web.umons.ac.be\/fau\/fr\/etudes\/publications-et-ressources-utiles\/#primaryimage","url":"https:\/\/web.umons.ac.be\/app\/uploads\/sites\/5\/2024\/05\/Faculte-Atelier-300x300.png","contentUrl":"https:\/\/web.umons.ac.be\/app\/uploads\/sites\/5\/2024\/05\/Faculte-Atelier-300x300.png"},{"@type":"BreadcrumbList","@id":"https:\/\/web.umons.ac.be\/fau\/fr\/etudes\/publications-et-ressources-utiles\/#breadcrumb","itemListElement":[{"@type":"ListItem","position":1,"name":"Accueil","item":"https:\/\/web.umons.ac.be\/fau\/fr\/"},{"@type":"ListItem","position":2,"name":"Etudes","item":"https:\/\/web.umons.ac.be\/fau\/fr\/etudes\/"},{"@type":"ListItem","position":3,"name":"Publications et Ressources utiles"}]},{"@type":"WebSite","@id":"https:\/\/web.umons.ac.be\/fau\/#website","url":"https:\/\/web.umons.ac.be\/fau\/","name":"Facult\u00e9 \/ FAU","description":"","potentialAction":[{"@type":"SearchAction","target":{"@type":"EntryPoint","urlTemplate":"https:\/\/web.umons.ac.be\/fau\/?s={search_term_string}"},"query-input":{"@type":"PropertyValueSpecification","valueRequired":true,"valueName":"search_term_string"}}],"inLanguage":"fr-FR"}]}},"lang":"fr","translations":{"fr":1722,"en":2990},"pll_sync_post":[],"_links":{"self":[{"href":"https:\/\/web.umons.ac.be\/fau\/wp-json\/wp\/v2\/pages\/1722","targetHints":{"allow":["GET"]}}],"collection":[{"href":"https:\/\/web.umons.ac.be\/fau\/wp-json\/wp\/v2\/pages"}],"about":[{"href":"https:\/\/web.umons.ac.be\/fau\/wp-json\/wp\/v2\/types\/page"}],"author":[{"embeddable":true,"href":"https:\/\/web.umons.ac.be\/fau\/wp-json\/wp\/v2\/users\/3"}],"replies":[{"embeddable":true,"href":"https:\/\/web.umons.ac.be\/fau\/wp-json\/wp\/v2\/comments?post=1722"}],"version-history":[{"count":5,"href":"https:\/\/web.umons.ac.be\/fau\/wp-json\/wp\/v2\/pages\/1722\/revisions"}],"predecessor-version":[{"id":3463,"href":"https:\/\/web.umons.ac.be\/fau\/wp-json\/wp\/v2\/pages\/1722\/revisions\/3463"}],"up":[{"embeddable":true,"href":"https:\/\/web.umons.ac.be\/fau\/wp-json\/wp\/v2\/pages\/183"}],"wp:attachment":[{"href":"https:\/\/web.umons.ac.be\/fau\/wp-json\/wp\/v2\/media?parent=1722"}],"curies":[{"name":"wp","href":"https:\/\/api.w.org\/{rel}","templated":true}]}}