{"id":183,"date":"2017-06-26T17:28:43","date_gmt":"2017-06-26T15:28:43","guid":{"rendered":"https:\/\/web.umons.ac.be\/fau\/?page_id=183"},"modified":"2026-02-26T10:39:16","modified_gmt":"2026-02-26T09:39:16","slug":"etudes","status":"publish","type":"page","link":"https:\/\/web.umons.ac.be\/fau\/fr\/etudes\/","title":{"rendered":"Etudes"},"content":{"rendered":"<h2>Programme en cours de r\u00e9forme<a href=\"https:\/\/web.umons.ac.be\/app\/uploads\/sites\/5\/2024\/05\/Faculte-Rue-Brisselot.png\"><img loading=\"lazy\" decoding=\"async\" class=\"wp-image-3109 size-medium alignright\" src=\"https:\/\/web.umons.ac.be\/app\/uploads\/sites\/5\/2024\/05\/Faculte-Rue-Brisselot-300x300.png\" alt=\"Notre enseignement s\u2019inscrit dans une pratique p\u00e9dagogique sp\u00e9cifique articul\u00e9e autour de la conception architecturale et urbanistique.\" width=\"300\" height=\"300\" srcset=\"https:\/\/web.umons.ac.be\/app\/uploads\/sites\/5\/2024\/05\/Faculte-Rue-Brisselot-300x300.png 300w, https:\/\/web.umons.ac.be\/app\/uploads\/sites\/5\/2024\/05\/Faculte-Rue-Brisselot-1024x1024.png 1024w, https:\/\/web.umons.ac.be\/app\/uploads\/sites\/5\/2024\/05\/Faculte-Rue-Brisselot-150x150.png 150w, https:\/\/web.umons.ac.be\/app\/uploads\/sites\/5\/2024\/05\/Faculte-Rue-Brisselot-768x768.png 768w, https:\/\/web.umons.ac.be\/app\/uploads\/sites\/5\/2024\/05\/Faculte-Rue-Brisselot-1536x1536.png 1536w, https:\/\/web.umons.ac.be\/app\/uploads\/sites\/5\/2024\/05\/Faculte-Rue-Brisselot-660x660.png 660w, https:\/\/web.umons.ac.be\/app\/uploads\/sites\/5\/2024\/05\/Faculte-Rue-Brisselot-30x30.png 30w, https:\/\/web.umons.ac.be\/app\/uploads\/sites\/5\/2024\/05\/Faculte-Rue-Brisselot-80x80.png 80w, https:\/\/web.umons.ac.be\/app\/uploads\/sites\/5\/2024\/05\/Faculte-Rue-Brisselot-60x60.png 60w, https:\/\/web.umons.ac.be\/app\/uploads\/sites\/5\/2024\/05\/Faculte-Rue-Brisselot-360x360.png 360w, https:\/\/web.umons.ac.be\/app\/uploads\/sites\/5\/2024\/05\/Faculte-Rue-Brisselot-400x400.png 400w, https:\/\/web.umons.ac.be\/app\/uploads\/sites\/5\/2024\/05\/Faculte-Rue-Brisselot-200x200.png 200w, https:\/\/web.umons.ac.be\/app\/uploads\/sites\/5\/2024\/05\/Faculte-Rue-Brisselot.png 2000w\" sizes=\"auto, (max-width: 300px) 100vw, 300px\" \/><\/a><\/h2>\n<p>Le monde change. Les m\u00e9tiers de l\u2019architecture \u00e9voluent.<\/p>\n<p>Les d\u00e9bouch\u00e9s s\u2019ouvrent vers de nombreux domaines. La Facult\u00e9 d&rsquo;Architecture et d&rsquo;Urbanisme fait \u00e9voluer son programme pour former des architectes ancr\u00e9s dans leur \u00e9poque : cr\u00e9atifs, ouverts, techniquement solides et capables de comprendre les enjeux de la soci\u00e9t\u00e9 actuelle.<\/p>\n<p>La refonte du programme offre plus de choix, plus de transversalit\u00e9 et une formation mieux connect\u00e9e \u00e0 la pratique des m\u00e9tiers, sous toutes leurs formes. Le nouveau programme d\u00e9marre en 2026\u20132027 avec le bachelier, et se d\u00e9ploiera progressivement sur l\u2019ensemble du cursus.<\/p>\n","protected":false},"excerpt":{"rendered":"<p>Programme en cours de r\u00e9forme Le monde change. Les m\u00e9tiers de l\u2019architecture \u00e9voluent. Les d\u00e9bouch\u00e9s s\u2019ouvrent vers de nombreux domaines. La Facult\u00e9 d&rsquo;Architecture et d&rsquo;Urbanisme fait \u00e9voluer son programme pour former des architectes ancr\u00e9s dans leur \u00e9poque : cr\u00e9atifs, ouverts, techniquement solides et capables de comprendre les enjeux de la soci\u00e9t\u00e9 actuelle. La refonte du [&hellip;]<\/p>\n","protected":false},"author":2,"featured_media":0,"parent":0,"menu_order":4,"comment_status":"closed","ping_status":"closed","template":"","meta":{"footnotes":""},"class_list":["post-183","page","type-page","status-publish","hentry"],"yoast_head":"<!-- This site is optimized with the Yoast SEO plugin v27.2 - https:\/\/yoast.com\/product\/yoast-seo-wordpress\/ -->\n<title>Etudes<\/title>\n<meta name=\"description\" content=\"Le monde change. Les m\u00e9tiers de l\u2019architecture \u00e9voluent. Notre programme d&#039;\u00e9tudes est en cours de r\u00e9forme.\" \/>\n<meta name=\"robots\" content=\"index, follow, max-snippet:-1, max-image-preview:large, max-video-preview:-1\" \/>\n<link rel=\"canonical\" href=\"https:\/\/web.umons.ac.be\/fau\/fr\/etudes\/\" \/>\n<meta property=\"og:locale\" content=\"fr_FR\" \/>\n<meta property=\"og:type\" content=\"article\" \/>\n<meta property=\"og:title\" content=\"Etudes\" \/>\n<meta property=\"og:description\" content=\"Le monde change. Les m\u00e9tiers de l\u2019architecture \u00e9voluent. Notre programme d&#039;\u00e9tudes est en cours de r\u00e9forme.\" \/>\n<meta property=\"og:url\" content=\"https:\/\/web.umons.ac.be\/fau\/fr\/etudes\/\" \/>\n<meta property=\"og:site_name\" content=\"Facult\u00e9 \/ FAU\" \/>\n<meta property=\"article:modified_time\" content=\"2026-02-26T09:39:16+00:00\" \/>\n<meta property=\"og:image\" content=\"https:\/\/web.umons.ac.be\/app\/uploads\/sites\/5\/2024\/05\/Faculte-Rue-Brisselot.png\" \/>\n\t<meta property=\"og:image:width\" content=\"2000\" \/>\n\t<meta property=\"og:image:height\" content=\"2000\" \/>\n\t<meta property=\"og:image:type\" content=\"image\/png\" \/>\n<meta name=\"twitter:card\" content=\"summary_large_image\" \/>\n<meta name=\"twitter:label1\" content=\"Dur\u00e9e de lecture estim\u00e9e\" \/>\n\t<meta name=\"twitter:data1\" content=\"1 minute\" \/>\n<script type=\"application\/ld+json\" class=\"yoast-schema-graph\">{\"@context\":\"https:\/\/schema.org\",\"@graph\":[{\"@type\":\"WebPage\",\"@id\":\"https:\/\/web.umons.ac.be\/fau\/fr\/etudes\/\",\"url\":\"https:\/\/web.umons.ac.be\/fau\/fr\/etudes\/\",\"name\":\"Etudes\",\"isPartOf\":{\"@id\":\"https:\/\/web.umons.ac.be\/fau\/#website\"},\"primaryImageOfPage\":{\"@id\":\"https:\/\/web.umons.ac.be\/fau\/fr\/etudes\/#primaryimage\"},\"image\":{\"@id\":\"https:\/\/web.umons.ac.be\/fau\/fr\/etudes\/#primaryimage\"},\"thumbnailUrl\":\"https:\/\/web.umons.ac.be\/app\/uploads\/sites\/5\/2024\/05\/Faculte-Rue-Brisselot-300x300.png\",\"datePublished\":\"2017-06-26T15:28:43+00:00\",\"dateModified\":\"2026-02-26T09:39:16+00:00\",\"description\":\"Le monde change. Les m\u00e9tiers de l\u2019architecture \u00e9voluent. Notre programme d'\u00e9tudes est en cours de r\u00e9forme.\",\"breadcrumb\":{\"@id\":\"https:\/\/web.umons.ac.be\/fau\/fr\/etudes\/#breadcrumb\"},\"inLanguage\":\"fr-FR\",\"potentialAction\":[{\"@type\":\"ReadAction\",\"target\":[\"https:\/\/web.umons.ac.be\/fau\/fr\/etudes\/\"]}]},{\"@type\":\"ImageObject\",\"inLanguage\":\"fr-FR\",\"@id\":\"https:\/\/web.umons.ac.be\/fau\/fr\/etudes\/#primaryimage\",\"url\":\"https:\/\/web.umons.ac.be\/app\/uploads\/sites\/5\/2024\/05\/Faculte-Rue-Brisselot-300x300.png\",\"contentUrl\":\"https:\/\/web.umons.ac.be\/app\/uploads\/sites\/5\/2024\/05\/Faculte-Rue-Brisselot-300x300.png\"},{\"@type\":\"BreadcrumbList\",\"@id\":\"https:\/\/web.umons.ac.be\/fau\/fr\/etudes\/#breadcrumb\",\"itemListElement\":[{\"@type\":\"ListItem\",\"position\":1,\"name\":\"Accueil\",\"item\":\"https:\/\/web.umons.ac.be\/fau\/fr\/\"},{\"@type\":\"ListItem\",\"position\":2,\"name\":\"Etudes\"}]},{\"@type\":\"WebSite\",\"@id\":\"https:\/\/web.umons.ac.be\/fau\/#website\",\"url\":\"https:\/\/web.umons.ac.be\/fau\/\",\"name\":\"Facult\u00e9 \/ FAU\",\"description\":\"\",\"potentialAction\":[{\"@type\":\"SearchAction\",\"target\":{\"@type\":\"EntryPoint\",\"urlTemplate\":\"https:\/\/web.umons.ac.be\/fau\/?s={search_term_string}\"},\"query-input\":{\"@type\":\"PropertyValueSpecification\",\"valueRequired\":true,\"valueName\":\"search_term_string\"}}],\"inLanguage\":\"fr-FR\"}]}<\/script>\n<!-- \/ Yoast SEO plugin. -->","yoast_head_json":{"title":"Etudes","description":"Le monde change. Les m\u00e9tiers de l\u2019architecture \u00e9voluent. Notre programme d'\u00e9tudes est en cours de r\u00e9forme.","robots":{"index":"index","follow":"follow","max-snippet":"max-snippet:-1","max-image-preview":"max-image-preview:large","max-video-preview":"max-video-preview:-1"},"canonical":"https:\/\/web.umons.ac.be\/fau\/fr\/etudes\/","og_locale":"fr_FR","og_type":"article","og_title":"Etudes","og_description":"Le monde change. Les m\u00e9tiers de l\u2019architecture \u00e9voluent. Notre programme d'\u00e9tudes est en cours de r\u00e9forme.","og_url":"https:\/\/web.umons.ac.be\/fau\/fr\/etudes\/","og_site_name":"Facult\u00e9 \/ FAU","article_modified_time":"2026-02-26T09:39:16+00:00","og_image":[{"width":2000,"height":2000,"url":"https:\/\/web.umons.ac.be\/app\/uploads\/sites\/5\/2024\/05\/Faculte-Rue-Brisselot.png","type":"image\/png"}],"twitter_card":"summary_large_image","twitter_misc":{"Dur\u00e9e de lecture estim\u00e9e":"1 minute"},"schema":{"@context":"https:\/\/schema.org","@graph":[{"@type":"WebPage","@id":"https:\/\/web.umons.ac.be\/fau\/fr\/etudes\/","url":"https:\/\/web.umons.ac.be\/fau\/fr\/etudes\/","name":"Etudes","isPartOf":{"@id":"https:\/\/web.umons.ac.be\/fau\/#website"},"primaryImageOfPage":{"@id":"https:\/\/web.umons.ac.be\/fau\/fr\/etudes\/#primaryimage"},"image":{"@id":"https:\/\/web.umons.ac.be\/fau\/fr\/etudes\/#primaryimage"},"thumbnailUrl":"https:\/\/web.umons.ac.be\/app\/uploads\/sites\/5\/2024\/05\/Faculte-Rue-Brisselot-300x300.png","datePublished":"2017-06-26T15:28:43+00:00","dateModified":"2026-02-26T09:39:16+00:00","description":"Le monde change. Les m\u00e9tiers de l\u2019architecture \u00e9voluent. Notre programme d'\u00e9tudes est en cours de r\u00e9forme.","breadcrumb":{"@id":"https:\/\/web.umons.ac.be\/fau\/fr\/etudes\/#breadcrumb"},"inLanguage":"fr-FR","potentialAction":[{"@type":"ReadAction","target":["https:\/\/web.umons.ac.be\/fau\/fr\/etudes\/"]}]},{"@type":"ImageObject","inLanguage":"fr-FR","@id":"https:\/\/web.umons.ac.be\/fau\/fr\/etudes\/#primaryimage","url":"https:\/\/web.umons.ac.be\/app\/uploads\/sites\/5\/2024\/05\/Faculte-Rue-Brisselot-300x300.png","contentUrl":"https:\/\/web.umons.ac.be\/app\/uploads\/sites\/5\/2024\/05\/Faculte-Rue-Brisselot-300x300.png"},{"@type":"BreadcrumbList","@id":"https:\/\/web.umons.ac.be\/fau\/fr\/etudes\/#breadcrumb","itemListElement":[{"@type":"ListItem","position":1,"name":"Accueil","item":"https:\/\/web.umons.ac.be\/fau\/fr\/"},{"@type":"ListItem","position":2,"name":"Etudes"}]},{"@type":"WebSite","@id":"https:\/\/web.umons.ac.be\/fau\/#website","url":"https:\/\/web.umons.ac.be\/fau\/","name":"Facult\u00e9 \/ FAU","description":"","potentialAction":[{"@type":"SearchAction","target":{"@type":"EntryPoint","urlTemplate":"https:\/\/web.umons.ac.be\/fau\/?s={search_term_string}"},"query-input":{"@type":"PropertyValueSpecification","valueRequired":true,"valueName":"search_term_string"}}],"inLanguage":"fr-FR"}]}},"lang":"fr","translations":{"fr":183,"en":611},"pll_sync_post":[],"_links":{"self":[{"href":"https:\/\/web.umons.ac.be\/fau\/wp-json\/wp\/v2\/pages\/183","targetHints":{"allow":["GET"]}}],"collection":[{"href":"https:\/\/web.umons.ac.be\/fau\/wp-json\/wp\/v2\/pages"}],"about":[{"href":"https:\/\/web.umons.ac.be\/fau\/wp-json\/wp\/v2\/types\/page"}],"author":[{"embeddable":true,"href":"https:\/\/web.umons.ac.be\/fau\/wp-json\/wp\/v2\/users\/2"}],"replies":[{"embeddable":true,"href":"https:\/\/web.umons.ac.be\/fau\/wp-json\/wp\/v2\/comments?post=183"}],"version-history":[{"count":4,"href":"https:\/\/web.umons.ac.be\/fau\/wp-json\/wp\/v2\/pages\/183\/revisions"}],"predecessor-version":[{"id":3637,"href":"https:\/\/web.umons.ac.be\/fau\/wp-json\/wp\/v2\/pages\/183\/revisions\/3637"}],"wp:attachment":[{"href":"https:\/\/web.umons.ac.be\/fau\/wp-json\/wp\/v2\/media?parent=183"}],"curies":[{"name":"wp","href":"https:\/\/api.w.org\/{rel}","templated":true}]}}