{"id":191,"date":"2017-06-26T17:34:44","date_gmt":"2017-06-26T15:34:44","guid":{"rendered":"https:\/\/web.umons.ac.be\/fau\/?page_id=191"},"modified":"2026-03-02T14:41:26","modified_gmt":"2026-03-02T13:41:26","slug":"debouches","status":"publish","type":"page","link":"https:\/\/web.umons.ac.be\/fau\/fr\/etudes\/debouches\/","title":{"rendered":"D\u00e9bouch\u00e9s"},"content":{"rendered":"<h2>Le dipl\u00f4me de Master en architecture donne acc\u00e8s \u00e0 de nombreux m\u00e9tiers<\/h2>\n<p>Le dipl\u00f4me de Master en Architecture d\u00e9bouche sur la profession :<a href=\"https:\/\/web.umons.ac.be\/app\/uploads\/sites\/5\/2024\/05\/Faculte-Forum.png\"><img loading=\"lazy\" decoding=\"async\" class=\"alignright wp-image-3107 size-medium\" src=\"https:\/\/web.umons.ac.be\/app\/uploads\/sites\/5\/2024\/05\/Faculte-Forum-300x300.png\" alt=\"Le dipl\u00f4me de Master en Architecture d\u00e9bouche sur la profession d'architecte ind\u00e9pendant. Architecte employ\u00e9 dans une entreprise priv\u00e9e ou publique.\" width=\"300\" height=\"300\" srcset=\"https:\/\/web.umons.ac.be\/app\/uploads\/sites\/5\/2024\/05\/Faculte-Forum-300x300.png 300w, https:\/\/web.umons.ac.be\/app\/uploads\/sites\/5\/2024\/05\/Faculte-Forum-1024x1024.png 1024w, https:\/\/web.umons.ac.be\/app\/uploads\/sites\/5\/2024\/05\/Faculte-Forum-150x150.png 150w, https:\/\/web.umons.ac.be\/app\/uploads\/sites\/5\/2024\/05\/Faculte-Forum-768x768.png 768w, https:\/\/web.umons.ac.be\/app\/uploads\/sites\/5\/2024\/05\/Faculte-Forum-1536x1536.png 1536w, https:\/\/web.umons.ac.be\/app\/uploads\/sites\/5\/2024\/05\/Faculte-Forum-660x660.png 660w, https:\/\/web.umons.ac.be\/app\/uploads\/sites\/5\/2024\/05\/Faculte-Forum-30x30.png 30w, https:\/\/web.umons.ac.be\/app\/uploads\/sites\/5\/2024\/05\/Faculte-Forum-80x80.png 80w, https:\/\/web.umons.ac.be\/app\/uploads\/sites\/5\/2024\/05\/Faculte-Forum-60x60.png 60w, https:\/\/web.umons.ac.be\/app\/uploads\/sites\/5\/2024\/05\/Faculte-Forum-360x360.png 360w, https:\/\/web.umons.ac.be\/app\/uploads\/sites\/5\/2024\/05\/Faculte-Forum-400x400.png 400w, https:\/\/web.umons.ac.be\/app\/uploads\/sites\/5\/2024\/05\/Faculte-Forum-200x200.png 200w, https:\/\/web.umons.ac.be\/app\/uploads\/sites\/5\/2024\/05\/Faculte-Forum.png 2000w\" sizes=\"auto, (max-width: 300px) 100vw, 300px\" \/><\/a><\/p>\n<ul>\n<li><strong><span style=\"color: #a2c301;\">Architecte ind\u00e9pendant<\/span><\/strong><\/li>\n<\/ul>\n<p>Pour ce faire, le jeune dipl\u00f4m\u00e9 devra travailler pendant deux ans comme stagiaire. Il sera sous la responsabilit\u00e9 d\u2019un architecte ma\u00eetre de stage ayant une exp\u00e9rience suffisante du m\u00e9tier et sous le contr\u00f4le de l\u2019<a href=\"https:\/\/ordredesarchitectes.be\/\">Ordre des Architectes<\/a>.<\/p>\n<p>La formation couronn\u00e9e par un dipl\u00f4me europ\u00e9en donne \u00e9galement acc\u00e8s \u00e0 la profession en Union Europ\u00e9enne et l\u2019habilitation \u00e0 la ma\u00eetrise d\u2019\u0153uvre en son nom propre &#8211; HMONP en France. Il s\u2019agit d\u2019une formation d\u2019un an qui permet aux candidats de s\u2019orienter vers un parcours professionnel les menant \u00e0 assumer les responsabilit\u00e9s de l\u2019architecte en tant qu\u2019auteur de son projet architectural.<\/p>\n<ul>\n<li><strong><span style=\"color: #a2c301;\">Architecte employ\u00e9 dans une entreprise priv\u00e9e ou publique<\/span><\/strong><\/li>\n<\/ul>\n<p>La complexit\u00e9 croissante des processus d\u2019\u00e9dification, des t\u00e2ches li\u00e9es \u00e0 la construction et des nouveaux enjeux urbanistiques et environnementaux offrent aux jeunes dipl\u00f4m\u00e9s en architecture un large \u00e9ventail de m\u00e9tiers.<\/p>\n<p>Loin d\u2019ouvrir uniquement sur la construction d\u2019\u00e9difices urbains et suburbains, la formation d\u00e9bouche par exemple sur les m\u00e9tiers de l\u2019urbanisme, de l\u2019am\u00e9nagement du territoire, de la restauration du patrimoine ou de l\u2019\u00e9nergie.<\/p>\n<p>Ces d\u00e9bouch\u00e9s concernent autant la construction neuve, l\u2019urbanisme que le march\u00e9 en pleine expansion de la r\u00e9novation, r\u00e9affectation ou reconversion.<\/p>\n<p>Plusieurs de nos anciens dipl\u00f4m\u00e9s se sont engag\u00e9s avec succ\u00e8s dans ces diff\u00e9rentes orientations professionnelles.<\/p>\n<p>Le jeune dipl\u00f4m\u00e9 peut \u00e9galement entamer une th\u00e8se de Doctorat au sein d\u2019une universit\u00e9. Les axes de recherche en \u00e9quipes pluridisciplinaires constituent un cadre favorable pour la r\u00e9alisation de ce travail.<\/p>\n<h2>Le dipl\u00f4me de Master en Urbanisme et D\u00e9veloppement territorial<\/h2>\n<p>Les r\u00f4les et responsabilit\u00e9s que seront amen\u00e9s \u00e0 jouer les dipl\u00f4m\u00e9s de ce Master, en tant qu\u2019acteur et actrice majeure de la transition de nos soci\u00e9t\u00e9s et de leurs territoires, s\u2019inscriront dans les d\u00e9veloppements professionnels de la conception, la planification et la gestion des territoires. Ceux-ci ouvrent aux secteurs public et priv\u00e9, tant aux m\u00e9tiers de la ma\u00eetrise d\u2019ouvrage, du c\u00f4t\u00e9 des commanditaires, g\u00e9n\u00e9ralement publics, des missions d\u2019urbanisme et de d\u00e9veloppement territorial, qu\u2019\u00e0 ceux de la ma\u00eetrise d\u2019\u0153uvre, du c\u00f4t\u00e9 des prestataires de services qui offrent leurs comp\u00e9tences en r\u00e9ponse aux ma\u00eetres d\u2019ouvrage.<\/p>\n<p>&nbsp;<\/p>\n","protected":false},"excerpt":{"rendered":"<p>Le dipl\u00f4me de Master en architecture donne acc\u00e8s \u00e0 de nombreux m\u00e9tiers Le dipl\u00f4me de Master en Architecture d\u00e9bouche sur la profession : Architecte ind\u00e9pendant Pour ce faire, le jeune dipl\u00f4m\u00e9 devra travailler pendant deux ans comme stagiaire. Il sera sous la responsabilit\u00e9 d\u2019un architecte ma\u00eetre de stage ayant une exp\u00e9rience suffisante du m\u00e9tier et [&hellip;]<\/p>\n","protected":false},"author":2,"featured_media":0,"parent":183,"menu_order":6,"comment_status":"closed","ping_status":"closed","template":"","meta":{"footnotes":""},"class_list":["post-191","page","type-page","status-publish","hentry"],"yoast_head":"<!-- This site is optimized with the Yoast SEO plugin v27.2 - https:\/\/yoast.com\/product\/yoast-seo-wordpress\/ -->\n<title>D\u00e9bouch\u00e9s<\/title>\n<meta name=\"description\" content=\"D\u00e9bouch\u00e9s : Le dipl\u00f4me de Master en Architecture d\u00e9bouche sur la profession d&#039;Architecte ind\u00e9pendant ou employ\u00e9 dans une entreprise priv\u00e9e ou publique\" \/>\n<meta name=\"robots\" content=\"index, follow, max-snippet:-1, max-image-preview:large, max-video-preview:-1\" \/>\n<link rel=\"canonical\" href=\"https:\/\/web.umons.ac.be\/fau\/fr\/etudes\/debouches\/\" \/>\n<meta property=\"og:locale\" content=\"fr_FR\" \/>\n<meta property=\"og:type\" content=\"article\" \/>\n<meta property=\"og:title\" content=\"D\u00e9bouch\u00e9s\" \/>\n<meta property=\"og:description\" content=\"D\u00e9bouch\u00e9s : Le dipl\u00f4me de Master en Architecture d\u00e9bouche sur la profession d&#039;Architecte ind\u00e9pendant ou employ\u00e9 dans une entreprise priv\u00e9e ou publique\" \/>\n<meta property=\"og:url\" content=\"https:\/\/web.umons.ac.be\/fau\/fr\/etudes\/debouches\/\" \/>\n<meta property=\"og:site_name\" content=\"Facult\u00e9 \/ FAU\" \/>\n<meta property=\"article:modified_time\" content=\"2026-03-02T13:41:26+00:00\" \/>\n<meta property=\"og:image\" content=\"https:\/\/web.umons.ac.be\/app\/uploads\/sites\/5\/2024\/05\/Faculte-Forum.png\" \/>\n\t<meta property=\"og:image:width\" content=\"2000\" \/>\n\t<meta property=\"og:image:height\" content=\"2000\" \/>\n\t<meta property=\"og:image:type\" content=\"image\/png\" \/>\n<meta name=\"twitter:card\" content=\"summary_large_image\" \/>\n<meta name=\"twitter:label1\" content=\"Dur\u00e9e de lecture estim\u00e9e\" \/>\n\t<meta name=\"twitter:data1\" content=\"3 minutes\" \/>\n<script type=\"application\/ld+json\" class=\"yoast-schema-graph\">{\"@context\":\"https:\/\/schema.org\",\"@graph\":[{\"@type\":\"WebPage\",\"@id\":\"https:\/\/web.umons.ac.be\/fau\/fr\/etudes\/debouches\/\",\"url\":\"https:\/\/web.umons.ac.be\/fau\/fr\/etudes\/debouches\/\",\"name\":\"D\u00e9bouch\u00e9s\",\"isPartOf\":{\"@id\":\"https:\/\/web.umons.ac.be\/fau\/#website\"},\"primaryImageOfPage\":{\"@id\":\"https:\/\/web.umons.ac.be\/fau\/fr\/etudes\/debouches\/#primaryimage\"},\"image\":{\"@id\":\"https:\/\/web.umons.ac.be\/fau\/fr\/etudes\/debouches\/#primaryimage\"},\"thumbnailUrl\":\"https:\/\/web.umons.ac.be\/app\/uploads\/sites\/5\/2024\/05\/Faculte-Forum-300x300.png\",\"datePublished\":\"2017-06-26T15:34:44+00:00\",\"dateModified\":\"2026-03-02T13:41:26+00:00\",\"description\":\"D\u00e9bouch\u00e9s : Le dipl\u00f4me de Master en Architecture d\u00e9bouche sur la profession d'Architecte ind\u00e9pendant ou employ\u00e9 dans une entreprise priv\u00e9e ou publique\",\"breadcrumb\":{\"@id\":\"https:\/\/web.umons.ac.be\/fau\/fr\/etudes\/debouches\/#breadcrumb\"},\"inLanguage\":\"fr-FR\",\"potentialAction\":[{\"@type\":\"ReadAction\",\"target\":[\"https:\/\/web.umons.ac.be\/fau\/fr\/etudes\/debouches\/\"]}]},{\"@type\":\"ImageObject\",\"inLanguage\":\"fr-FR\",\"@id\":\"https:\/\/web.umons.ac.be\/fau\/fr\/etudes\/debouches\/#primaryimage\",\"url\":\"https:\/\/web.umons.ac.be\/app\/uploads\/sites\/5\/2024\/05\/Faculte-Forum-300x300.png\",\"contentUrl\":\"https:\/\/web.umons.ac.be\/app\/uploads\/sites\/5\/2024\/05\/Faculte-Forum-300x300.png\"},{\"@type\":\"BreadcrumbList\",\"@id\":\"https:\/\/web.umons.ac.be\/fau\/fr\/etudes\/debouches\/#breadcrumb\",\"itemListElement\":[{\"@type\":\"ListItem\",\"position\":1,\"name\":\"Accueil\",\"item\":\"https:\/\/web.umons.ac.be\/fau\/fr\/\"},{\"@type\":\"ListItem\",\"position\":2,\"name\":\"Etudes\",\"item\":\"https:\/\/web.umons.ac.be\/fau\/fr\/etudes\/\"},{\"@type\":\"ListItem\",\"position\":3,\"name\":\"D\u00e9bouch\u00e9s\"}]},{\"@type\":\"WebSite\",\"@id\":\"https:\/\/web.umons.ac.be\/fau\/#website\",\"url\":\"https:\/\/web.umons.ac.be\/fau\/\",\"name\":\"Facult\u00e9 \/ FAU\",\"description\":\"\",\"potentialAction\":[{\"@type\":\"SearchAction\",\"target\":{\"@type\":\"EntryPoint\",\"urlTemplate\":\"https:\/\/web.umons.ac.be\/fau\/?s={search_term_string}\"},\"query-input\":{\"@type\":\"PropertyValueSpecification\",\"valueRequired\":true,\"valueName\":\"search_term_string\"}}],\"inLanguage\":\"fr-FR\"}]}<\/script>\n<!-- \/ Yoast SEO plugin. -->","yoast_head_json":{"title":"D\u00e9bouch\u00e9s","description":"D\u00e9bouch\u00e9s : Le dipl\u00f4me de Master en Architecture d\u00e9bouche sur la profession d'Architecte ind\u00e9pendant ou employ\u00e9 dans une entreprise priv\u00e9e ou publique","robots":{"index":"index","follow":"follow","max-snippet":"max-snippet:-1","max-image-preview":"max-image-preview:large","max-video-preview":"max-video-preview:-1"},"canonical":"https:\/\/web.umons.ac.be\/fau\/fr\/etudes\/debouches\/","og_locale":"fr_FR","og_type":"article","og_title":"D\u00e9bouch\u00e9s","og_description":"D\u00e9bouch\u00e9s : Le dipl\u00f4me de Master en Architecture d\u00e9bouche sur la profession d'Architecte ind\u00e9pendant ou employ\u00e9 dans une entreprise priv\u00e9e ou publique","og_url":"https:\/\/web.umons.ac.be\/fau\/fr\/etudes\/debouches\/","og_site_name":"Facult\u00e9 \/ FAU","article_modified_time":"2026-03-02T13:41:26+00:00","og_image":[{"width":2000,"height":2000,"url":"https:\/\/web.umons.ac.be\/app\/uploads\/sites\/5\/2024\/05\/Faculte-Forum.png","type":"image\/png"}],"twitter_card":"summary_large_image","twitter_misc":{"Dur\u00e9e de lecture estim\u00e9e":"3 minutes"},"schema":{"@context":"https:\/\/schema.org","@graph":[{"@type":"WebPage","@id":"https:\/\/web.umons.ac.be\/fau\/fr\/etudes\/debouches\/","url":"https:\/\/web.umons.ac.be\/fau\/fr\/etudes\/debouches\/","name":"D\u00e9bouch\u00e9s","isPartOf":{"@id":"https:\/\/web.umons.ac.be\/fau\/#website"},"primaryImageOfPage":{"@id":"https:\/\/web.umons.ac.be\/fau\/fr\/etudes\/debouches\/#primaryimage"},"image":{"@id":"https:\/\/web.umons.ac.be\/fau\/fr\/etudes\/debouches\/#primaryimage"},"thumbnailUrl":"https:\/\/web.umons.ac.be\/app\/uploads\/sites\/5\/2024\/05\/Faculte-Forum-300x300.png","datePublished":"2017-06-26T15:34:44+00:00","dateModified":"2026-03-02T13:41:26+00:00","description":"D\u00e9bouch\u00e9s : Le dipl\u00f4me de Master en Architecture d\u00e9bouche sur la profession d'Architecte ind\u00e9pendant ou employ\u00e9 dans une entreprise priv\u00e9e ou publique","breadcrumb":{"@id":"https:\/\/web.umons.ac.be\/fau\/fr\/etudes\/debouches\/#breadcrumb"},"inLanguage":"fr-FR","potentialAction":[{"@type":"ReadAction","target":["https:\/\/web.umons.ac.be\/fau\/fr\/etudes\/debouches\/"]}]},{"@type":"ImageObject","inLanguage":"fr-FR","@id":"https:\/\/web.umons.ac.be\/fau\/fr\/etudes\/debouches\/#primaryimage","url":"https:\/\/web.umons.ac.be\/app\/uploads\/sites\/5\/2024\/05\/Faculte-Forum-300x300.png","contentUrl":"https:\/\/web.umons.ac.be\/app\/uploads\/sites\/5\/2024\/05\/Faculte-Forum-300x300.png"},{"@type":"BreadcrumbList","@id":"https:\/\/web.umons.ac.be\/fau\/fr\/etudes\/debouches\/#breadcrumb","itemListElement":[{"@type":"ListItem","position":1,"name":"Accueil","item":"https:\/\/web.umons.ac.be\/fau\/fr\/"},{"@type":"ListItem","position":2,"name":"Etudes","item":"https:\/\/web.umons.ac.be\/fau\/fr\/etudes\/"},{"@type":"ListItem","position":3,"name":"D\u00e9bouch\u00e9s"}]},{"@type":"WebSite","@id":"https:\/\/web.umons.ac.be\/fau\/#website","url":"https:\/\/web.umons.ac.be\/fau\/","name":"Facult\u00e9 \/ FAU","description":"","potentialAction":[{"@type":"SearchAction","target":{"@type":"EntryPoint","urlTemplate":"https:\/\/web.umons.ac.be\/fau\/?s={search_term_string}"},"query-input":{"@type":"PropertyValueSpecification","valueRequired":true,"valueName":"search_term_string"}}],"inLanguage":"fr-FR"}]}},"lang":"fr","translations":{"fr":191,"en":519},"pll_sync_post":[],"_links":{"self":[{"href":"https:\/\/web.umons.ac.be\/fau\/wp-json\/wp\/v2\/pages\/191","targetHints":{"allow":["GET"]}}],"collection":[{"href":"https:\/\/web.umons.ac.be\/fau\/wp-json\/wp\/v2\/pages"}],"about":[{"href":"https:\/\/web.umons.ac.be\/fau\/wp-json\/wp\/v2\/types\/page"}],"author":[{"embeddable":true,"href":"https:\/\/web.umons.ac.be\/fau\/wp-json\/wp\/v2\/users\/2"}],"replies":[{"embeddable":true,"href":"https:\/\/web.umons.ac.be\/fau\/wp-json\/wp\/v2\/comments?post=191"}],"version-history":[{"count":4,"href":"https:\/\/web.umons.ac.be\/fau\/wp-json\/wp\/v2\/pages\/191\/revisions"}],"predecessor-version":[{"id":3722,"href":"https:\/\/web.umons.ac.be\/fau\/wp-json\/wp\/v2\/pages\/191\/revisions\/3722"}],"up":[{"embeddable":true,"href":"https:\/\/web.umons.ac.be\/fau\/wp-json\/wp\/v2\/pages\/183"}],"wp:attachment":[{"href":"https:\/\/web.umons.ac.be\/fau\/wp-json\/wp\/v2\/media?parent=191"}],"curies":[{"name":"wp","href":"https:\/\/api.w.org\/{rel}","templated":true}]}}