{"id":2009,"date":"2022-01-12T11:32:03","date_gmt":"2022-01-12T10:32:03","guid":{"rendered":"https:\/\/web.umons.ac.be\/fau\/?page_id=2009"},"modified":"2025-03-03T10:13:14","modified_gmt":"2025-03-03T09:13:14","slug":"masterclass-interuniversitaire","status":"publish","type":"page","link":"https:\/\/web.umons.ac.be\/fau\/fr\/loffre-de-formation\/masterclass-interuniversitaire\/","title":{"rendered":"MasterClass Interuniversitaire en \u00ab pratique professionnelle et gestion de projets d\u2019architecture \u00bb"},"content":{"rendered":"<p>Le <a href=\"https:\/\/ordredesarchitectes.be\/architectes\/post-formation-stagiaires\">MasterClass Interuniversitaire en \u00ab pratique professionnelle et gestion de projets d\u2019architecture \u00bb<\/a> a pour objectif de pr\u00e9parer les architectes ou ing\u00e9nieurs-architectes d\u00e9butants \u00e0 l\u2019exercice quotidien de la profession sp\u00e9cifique d\u2019architecte praticien au sens o\u00f9 elle est r\u00e9gie par l\u2019Ordre des Architectes, que ce soit sur le plan \u00e9thique, d\u00e9ontologique, \u00e9conomique, l\u00e9gal, administratif ou technique, voire culturel ou social et conform\u00e9ment \u00e0 la Loi du 26 juin 1963 portant sur la cr\u00e9ation de l\u2019Ordre des Architectes.<\/p>\n<p>Les <a href=\"https:\/\/ordredesarchitectes.be\/architectes\/post-formation-stagiaires\/objectifs\">objectifs<\/a> d\u2019apprentissage sont :<\/p>\n<ul>\n<li>La gestion pratique d\u2019un projet en vue d\u2019assumer la responsabilit\u00e9 d\u2019architecte dans toutes ses pr\u00e9rogatives<\/li>\n<li>La ma\u00eetrise des diff\u00e9rentes contingences li\u00e9es \u00e0 l\u2019exercice de la profession de fa\u00e7on autonome et en toute ind\u00e9pendance<\/li>\n<li>La professionnalisation des stagiaires architectes et ing\u00e9nieurs-architectes.<\/li>\n<\/ul>\n<p>Cette formation est compos\u00e9e de 6 modules de cours.<\/p>\n<ul>\n<li><a href=\"https:\/\/ordredesarchitectes.be\/architectes\/post-formation-stagiaires\/module-3-et-4\">Module 1 : L\u2019architecte r\u00e9dige de fa\u00e7on l\u00e9gale<\/a><\/li>\n<li><a href=\"https:\/\/ordredesarchitectes.be\/architectes\/post-formation-stagiaires\/module-3-et-4\">Module 2 : Les relations avec les pouvoirs publics<\/a><\/li>\n<li><a href=\"https:\/\/ordredesarchitectes.be\/architectes\/post-formation-stagiaires\/module-3-et-4-2\">Module 3 : Les dessins et desseins d\u2019un projet<\/a><\/li>\n<li><a href=\"https:\/\/ordredesarchitectes.be\/architectes\/post-formation-stagiaires\/module-3-et-4-2-2\">Module 4 : L\u2019architecte quantifie et chiffre<\/a><\/li>\n<li><a href=\"https:\/\/ordredesarchitectes.be\/architectes\/post-formation-stagiaires\/module-3-et-4-2-2-2\">Module 5 : Les relations avec le voisinage<\/a><\/li>\n<li><a href=\"https:\/\/ordredesarchitectes.be\/architectes\/post-formation-stagiaires\/module-3-et-4-2-2-2-2\">Module 6 : Les relations avec les autres intervenants du projet<\/a><\/li>\n<\/ul>\n<p>\ud83d\udc49 <a href=\"https:\/\/ordredesarchitectes.be\/architectes\/post-formation-stagiaires\/inscriptions\">S\u2019inscrire \u00e0 la formation<\/a><\/p>\n<h4>Partenaires<\/h4>\n<p><a href=\"https:\/\/web.umons.ac.be\/fau\/fr\/masterclass-interuniversitaire-en-pratique-professionnelle-et-gestion-de-projets-darchitecture\/bandeau-logos\/\" rel=\"attachment wp-att-2028\"><img loading=\"lazy\" decoding=\"async\" class=\"alignnone size-large wp-image-2028\" src=\"https:\/\/web.umons.ac.be\/app\/uploads\/sites\/5\/2021\/12\/Bandeau-Logos-1024x192.png\" alt=\"\" width=\"1024\" height=\"192\" srcset=\"https:\/\/web.umons.ac.be\/app\/uploads\/sites\/5\/2021\/12\/Bandeau-Logos-1024x192.png 1024w, https:\/\/web.umons.ac.be\/app\/uploads\/sites\/5\/2021\/12\/Bandeau-Logos-300x56.png 300w, https:\/\/web.umons.ac.be\/app\/uploads\/sites\/5\/2021\/12\/Bandeau-Logos-768x144.png 768w, https:\/\/web.umons.ac.be\/app\/uploads\/sites\/5\/2021\/12\/Bandeau-Logos-1536x288.png 1536w, https:\/\/web.umons.ac.be\/app\/uploads\/sites\/5\/2021\/12\/Bandeau-Logos-2048x384.png 2048w, https:\/\/web.umons.ac.be\/app\/uploads\/sites\/5\/2021\/12\/Bandeau-Logos-1600x300.png 1600w, https:\/\/web.umons.ac.be\/app\/uploads\/sites\/5\/2021\/12\/Bandeau-Logos-30x6.png 30w, https:\/\/web.umons.ac.be\/app\/uploads\/sites\/5\/2021\/12\/Bandeau-Logos-60x11.png 60w, https:\/\/web.umons.ac.be\/app\/uploads\/sites\/5\/2021\/12\/Bandeau-Logos-360x68.png 360w\" sizes=\"auto, (max-width: 1024px) 100vw, 1024px\" \/><\/a><\/p>\n<p>&nbsp;<\/p>\n","protected":false},"excerpt":{"rendered":"<p>Le MasterClass Interuniversitaire en \u00ab pratique professionnelle et gestion de projets d\u2019architecture \u00bb a pour objectif de pr\u00e9parer les architectes ou ing\u00e9nieurs-architectes d\u00e9butants \u00e0 l\u2019exercice quotidien de la profession sp\u00e9cifique d\u2019architecte praticien au sens o\u00f9 elle est r\u00e9gie par l\u2019Ordre des Architectes, que ce soit sur le plan \u00e9thique, d\u00e9ontologique, \u00e9conomique, l\u00e9gal, administratif ou technique, [&hellip;]<\/p>\n","protected":false},"author":3,"featured_media":0,"parent":435,"menu_order":0,"comment_status":"closed","ping_status":"closed","template":"","meta":{"footnotes":""},"class_list":["post-2009","page","type-page","status-publish","hentry"],"yoast_head":"<!-- This site is optimized with the Yoast SEO plugin v27.2 - https:\/\/yoast.com\/product\/yoast-seo-wordpress\/ -->\n<title>MasterClass Interuniversitaire<\/title>\n<meta name=\"description\" content=\"En \u00ab pratique professionnelle et gestion de projets d\u2019architecture \u00bb pr\u00e9pare les architectes \u00e0 l&#039;exercice de leur profession.\" \/>\n<meta name=\"robots\" content=\"index, follow, max-snippet:-1, max-image-preview:large, max-video-preview:-1\" \/>\n<link rel=\"canonical\" href=\"https:\/\/web.umons.ac.be\/fau\/fr\/loffre-de-formation\/masterclass-interuniversitaire\/\" \/>\n<meta property=\"og:locale\" content=\"fr_FR\" \/>\n<meta property=\"og:type\" content=\"article\" \/>\n<meta property=\"og:title\" content=\"MasterClass Interuniversitaire\" \/>\n<meta property=\"og:description\" content=\"En \u00ab pratique professionnelle et gestion de projets d\u2019architecture \u00bb pr\u00e9pare les architectes \u00e0 l&#039;exercice de leur profession.\" \/>\n<meta property=\"og:url\" content=\"https:\/\/web.umons.ac.be\/fau\/fr\/loffre-de-formation\/masterclass-interuniversitaire\/\" \/>\n<meta property=\"og:site_name\" content=\"Facult\u00e9 \/ FAU\" \/>\n<meta property=\"article:modified_time\" content=\"2025-03-03T09:13:14+00:00\" \/>\n<meta property=\"og:image\" content=\"https:\/\/web.umons.ac.be\/app\/uploads\/sites\/5\/2021\/12\/Bandeau-Logos.png\" \/>\n\t<meta property=\"og:image:width\" content=\"2202\" \/>\n\t<meta property=\"og:image:height\" content=\"413\" \/>\n\t<meta property=\"og:image:type\" content=\"image\/png\" \/>\n<meta name=\"twitter:card\" content=\"summary_large_image\" \/>\n<meta name=\"twitter:label1\" content=\"Dur\u00e9e de lecture estim\u00e9e\" \/>\n\t<meta name=\"twitter:data1\" content=\"2 minutes\" \/>\n<script type=\"application\/ld+json\" class=\"yoast-schema-graph\">{\"@context\":\"https:\/\/schema.org\",\"@graph\":[{\"@type\":\"WebPage\",\"@id\":\"https:\/\/web.umons.ac.be\/fau\/fr\/loffre-de-formation\/masterclass-interuniversitaire\/\",\"url\":\"https:\/\/web.umons.ac.be\/fau\/fr\/loffre-de-formation\/masterclass-interuniversitaire\/\",\"name\":\"MasterClass Interuniversitaire\",\"isPartOf\":{\"@id\":\"https:\/\/web.umons.ac.be\/fau\/#website\"},\"primaryImageOfPage\":{\"@id\":\"https:\/\/web.umons.ac.be\/fau\/fr\/loffre-de-formation\/masterclass-interuniversitaire\/#primaryimage\"},\"image\":{\"@id\":\"https:\/\/web.umons.ac.be\/fau\/fr\/loffre-de-formation\/masterclass-interuniversitaire\/#primaryimage\"},\"thumbnailUrl\":\"https:\/\/web.umons.ac.be\/app\/uploads\/sites\/5\/2021\/12\/Bandeau-Logos-1024x192.png\",\"datePublished\":\"2022-01-12T10:32:03+00:00\",\"dateModified\":\"2025-03-03T09:13:14+00:00\",\"description\":\"En \u00ab pratique professionnelle et gestion de projets d\u2019architecture \u00bb pr\u00e9pare les architectes \u00e0 l'exercice de leur profession.\",\"breadcrumb\":{\"@id\":\"https:\/\/web.umons.ac.be\/fau\/fr\/loffre-de-formation\/masterclass-interuniversitaire\/#breadcrumb\"},\"inLanguage\":\"fr-FR\",\"potentialAction\":[{\"@type\":\"ReadAction\",\"target\":[\"https:\/\/web.umons.ac.be\/fau\/fr\/loffre-de-formation\/masterclass-interuniversitaire\/\"]}]},{\"@type\":\"ImageObject\",\"inLanguage\":\"fr-FR\",\"@id\":\"https:\/\/web.umons.ac.be\/fau\/fr\/loffre-de-formation\/masterclass-interuniversitaire\/#primaryimage\",\"url\":\"https:\/\/web.umons.ac.be\/app\/uploads\/sites\/5\/2021\/12\/Bandeau-Logos-1024x192.png\",\"contentUrl\":\"https:\/\/web.umons.ac.be\/app\/uploads\/sites\/5\/2021\/12\/Bandeau-Logos-1024x192.png\"},{\"@type\":\"BreadcrumbList\",\"@id\":\"https:\/\/web.umons.ac.be\/fau\/fr\/loffre-de-formation\/masterclass-interuniversitaire\/#breadcrumb\",\"itemListElement\":[{\"@type\":\"ListItem\",\"position\":1,\"name\":\"Accueil\",\"item\":\"https:\/\/web.umons.ac.be\/fau\/fr\/\"},{\"@type\":\"ListItem\",\"position\":2,\"name\":\"L&rsquo;offre de formation\",\"item\":\"https:\/\/web.umons.ac.be\/fau\/fr\/loffre-de-formation\/\"},{\"@type\":\"ListItem\",\"position\":3,\"name\":\"MasterClass Interuniversitaire en \u00ab pratique professionnelle et gestion de projets d\u2019architecture \u00bb\"}]},{\"@type\":\"WebSite\",\"@id\":\"https:\/\/web.umons.ac.be\/fau\/#website\",\"url\":\"https:\/\/web.umons.ac.be\/fau\/\",\"name\":\"Facult\u00e9 \/ FAU\",\"description\":\"\",\"potentialAction\":[{\"@type\":\"SearchAction\",\"target\":{\"@type\":\"EntryPoint\",\"urlTemplate\":\"https:\/\/web.umons.ac.be\/fau\/?s={search_term_string}\"},\"query-input\":{\"@type\":\"PropertyValueSpecification\",\"valueRequired\":true,\"valueName\":\"search_term_string\"}}],\"inLanguage\":\"fr-FR\"}]}<\/script>\n<!-- \/ Yoast SEO plugin. -->","yoast_head_json":{"title":"MasterClass Interuniversitaire","description":"En \u00ab pratique professionnelle et gestion de projets d\u2019architecture \u00bb pr\u00e9pare les architectes \u00e0 l'exercice de leur profession.","robots":{"index":"index","follow":"follow","max-snippet":"max-snippet:-1","max-image-preview":"max-image-preview:large","max-video-preview":"max-video-preview:-1"},"canonical":"https:\/\/web.umons.ac.be\/fau\/fr\/loffre-de-formation\/masterclass-interuniversitaire\/","og_locale":"fr_FR","og_type":"article","og_title":"MasterClass Interuniversitaire","og_description":"En \u00ab pratique professionnelle et gestion de projets d\u2019architecture \u00bb pr\u00e9pare les architectes \u00e0 l'exercice de leur profession.","og_url":"https:\/\/web.umons.ac.be\/fau\/fr\/loffre-de-formation\/masterclass-interuniversitaire\/","og_site_name":"Facult\u00e9 \/ FAU","article_modified_time":"2025-03-03T09:13:14+00:00","og_image":[{"width":2202,"height":413,"url":"https:\/\/web.umons.ac.be\/app\/uploads\/sites\/5\/2021\/12\/Bandeau-Logos.png","type":"image\/png"}],"twitter_card":"summary_large_image","twitter_misc":{"Dur\u00e9e de lecture estim\u00e9e":"2 minutes"},"schema":{"@context":"https:\/\/schema.org","@graph":[{"@type":"WebPage","@id":"https:\/\/web.umons.ac.be\/fau\/fr\/loffre-de-formation\/masterclass-interuniversitaire\/","url":"https:\/\/web.umons.ac.be\/fau\/fr\/loffre-de-formation\/masterclass-interuniversitaire\/","name":"MasterClass Interuniversitaire","isPartOf":{"@id":"https:\/\/web.umons.ac.be\/fau\/#website"},"primaryImageOfPage":{"@id":"https:\/\/web.umons.ac.be\/fau\/fr\/loffre-de-formation\/masterclass-interuniversitaire\/#primaryimage"},"image":{"@id":"https:\/\/web.umons.ac.be\/fau\/fr\/loffre-de-formation\/masterclass-interuniversitaire\/#primaryimage"},"thumbnailUrl":"https:\/\/web.umons.ac.be\/app\/uploads\/sites\/5\/2021\/12\/Bandeau-Logos-1024x192.png","datePublished":"2022-01-12T10:32:03+00:00","dateModified":"2025-03-03T09:13:14+00:00","description":"En \u00ab pratique professionnelle et gestion de projets d\u2019architecture \u00bb pr\u00e9pare les architectes \u00e0 l'exercice de leur profession.","breadcrumb":{"@id":"https:\/\/web.umons.ac.be\/fau\/fr\/loffre-de-formation\/masterclass-interuniversitaire\/#breadcrumb"},"inLanguage":"fr-FR","potentialAction":[{"@type":"ReadAction","target":["https:\/\/web.umons.ac.be\/fau\/fr\/loffre-de-formation\/masterclass-interuniversitaire\/"]}]},{"@type":"ImageObject","inLanguage":"fr-FR","@id":"https:\/\/web.umons.ac.be\/fau\/fr\/loffre-de-formation\/masterclass-interuniversitaire\/#primaryimage","url":"https:\/\/web.umons.ac.be\/app\/uploads\/sites\/5\/2021\/12\/Bandeau-Logos-1024x192.png","contentUrl":"https:\/\/web.umons.ac.be\/app\/uploads\/sites\/5\/2021\/12\/Bandeau-Logos-1024x192.png"},{"@type":"BreadcrumbList","@id":"https:\/\/web.umons.ac.be\/fau\/fr\/loffre-de-formation\/masterclass-interuniversitaire\/#breadcrumb","itemListElement":[{"@type":"ListItem","position":1,"name":"Accueil","item":"https:\/\/web.umons.ac.be\/fau\/fr\/"},{"@type":"ListItem","position":2,"name":"L&rsquo;offre de formation","item":"https:\/\/web.umons.ac.be\/fau\/fr\/loffre-de-formation\/"},{"@type":"ListItem","position":3,"name":"MasterClass Interuniversitaire en \u00ab pratique professionnelle et gestion de projets d\u2019architecture \u00bb"}]},{"@type":"WebSite","@id":"https:\/\/web.umons.ac.be\/fau\/#website","url":"https:\/\/web.umons.ac.be\/fau\/","name":"Facult\u00e9 \/ FAU","description":"","potentialAction":[{"@type":"SearchAction","target":{"@type":"EntryPoint","urlTemplate":"https:\/\/web.umons.ac.be\/fau\/?s={search_term_string}"},"query-input":{"@type":"PropertyValueSpecification","valueRequired":true,"valueName":"search_term_string"}}],"inLanguage":"fr-FR"}]}},"lang":"fr","translations":{"fr":2009},"pll_sync_post":[],"_links":{"self":[{"href":"https:\/\/web.umons.ac.be\/fau\/wp-json\/wp\/v2\/pages\/2009","targetHints":{"allow":["GET"]}}],"collection":[{"href":"https:\/\/web.umons.ac.be\/fau\/wp-json\/wp\/v2\/pages"}],"about":[{"href":"https:\/\/web.umons.ac.be\/fau\/wp-json\/wp\/v2\/types\/page"}],"author":[{"embeddable":true,"href":"https:\/\/web.umons.ac.be\/fau\/wp-json\/wp\/v2\/users\/3"}],"replies":[{"embeddable":true,"href":"https:\/\/web.umons.ac.be\/fau\/wp-json\/wp\/v2\/comments?post=2009"}],"version-history":[{"count":4,"href":"https:\/\/web.umons.ac.be\/fau\/wp-json\/wp\/v2\/pages\/2009\/revisions"}],"predecessor-version":[{"id":3442,"href":"https:\/\/web.umons.ac.be\/fau\/wp-json\/wp\/v2\/pages\/2009\/revisions\/3442"}],"up":[{"embeddable":true,"href":"https:\/\/web.umons.ac.be\/fau\/wp-json\/wp\/v2\/pages\/435"}],"wp:attachment":[{"href":"https:\/\/web.umons.ac.be\/fau\/wp-json\/wp\/v2\/media?parent=2009"}],"curies":[{"name":"wp","href":"https:\/\/api.w.org\/{rel}","templated":true}]}}