{"id":205,"date":"2017-06-26T17:53:06","date_gmt":"2017-06-26T15:53:06","guid":{"rendered":"https:\/\/web.umons.ac.be\/fau\/?page_id=205"},"modified":"2025-10-24T14:21:16","modified_gmt":"2025-10-24T12:21:16","slug":"le-schema-du-cursus","status":"publish","type":"page","link":"https:\/\/web.umons.ac.be\/fau\/fr\/etudes\/le-schema-du-cursus\/","title":{"rendered":"Structure des \u00e9tudes"},"content":{"rendered":"<p>Notre formation initiale universitaire est organis\u00e9e en deux temps :<\/p>\n<ul>\n<li>un 1er cycle de <a href=\"https:\/\/web.umons.ac.be\/fau\/fr\/formations\/ba-archit\/\">Bachelier<\/a> de transition en architecture (180 cr\u00e9dits). Ce 1er cycle est con\u00e7u comme une formation de base permettant l\u2019acc\u00e8s au Master. Il ne constitue pas, \u00e0 l\u2019inverse du Bachelier professionnalisant de type court, un dipl\u00f4me donnant un acc\u00e8s direct au march\u00e9 de l\u2019emploi.<\/li>\n<li>un 2e cycle professionnalisant de <a href=\"https:\/\/web.umons.ac.be\/fau\/fr\/formations\/m2-finadb\/\">Master en Architecture<\/a> ou de <a href=\"https:\/\/web.umons.ac.be\/fau\/fr\/formations\/m2-urbadt\/\">Master en Urbanisme et D\u00e9veloppement territoriale<\/a> (120 cr\u00e9dits). La pratique du m\u00e9tier d\u2019Architecte <strong><span style=\"color: #a2c301;\">ind\u00e9pendant<\/span><\/strong> est soumise \u00e0 une inscription au Tableau de l\u2019<a href=\"https:\/\/ordredesarchitectes.be\/\">Ordre des Architectes<\/a> qui impose deux ann\u00e9es de stage.<\/li>\n<\/ul>\n<p>A l\u2019issue de cette formation initiale, l\u2019\u00e9tudiant a la possibilit\u00e9 de compl\u00e9ter ou de poursuivre sa formation de Master par :<\/p>\n<ul>\n<li><span style=\"font-size: 14px;\">un 2e cycle de <a href=\"https:\/\/web.umons.ac.be\/fpms\/fr\/formations\/ms-patr\/\">Master de Sp\u00e9cialisation en Conservation et Restauration du Patrimoine culturel immobilier<\/a><\/span><\/li>\n<li><span style=\"font-size: 14px;\">un 3e cycle de <a href=\"https:\/\/web.umons.ac.be\/fau\/fr\/formations\/do-archit\/\">Doctorat en Art de B\u00e2tir et Urbanisme<\/a> compos\u00e9 de 180 cr\u00e9dits comprenant une formation doctorale (menant \u00e0 la d\u00e9livrance d\u2019un certificat de formation \u00e0 la recherche) et les travaux relatifs \u00e0 la pr\u00e9paration d\u2019une th\u00e8se de doctorat.<\/span><\/li>\n<\/ul>\n<p>L&rsquo;\u00e9tudiant peut \u00e9galement acc\u00e9der \u00e0 diverses formations continues, organis\u00e9es sous la forme de <a href=\"https:\/\/web.umons.ac.be\/fau\/fr\/loffre-de-formation\/reprise-detudes\/certificats\/\">Certificat d\u2019Universit\u00e9<\/a>.<\/p>\n<p>A l\u2019UMONS, la coordination et l\u2019organisation des formations menant \u00e0 un titre p\u00e9dagogique (<a href=\"https:\/\/web.umons.ac.be\/efe\/fr\/enseignement-maternel-primaire-secondaire\/\">Master en Enseignement Section 5<\/a>,\u00a0<a href=\"https:\/\/web.umons.ac.be\/efe\/fr\/capaes\/\">CAPAES<\/a>)\u00a0ont \u00e9t\u00e9 confi\u00e9s \u00e0 l\u2019<a href=\"https:\/\/web.umons.ac.be\/efe\/fr\/\">Ecole de Formation des Enseignants (EFE)<\/a>.<\/p>\n<p><a href=\"https:\/\/web.umons.ac.be\/app\/uploads\/sites\/5\/2025\/10\/Struture-des-Etudes.png\"><img loading=\"lazy\" decoding=\"async\" class=\"wp-image-3575 size-large aligncenter\" src=\"https:\/\/web.umons.ac.be\/app\/uploads\/sites\/5\/2025\/10\/Struture-des-Etudes-819x1024.png\" alt=\"\" width=\"819\" height=\"1024\" srcset=\"https:\/\/web.umons.ac.be\/app\/uploads\/sites\/5\/2025\/10\/Struture-des-Etudes-819x1024.png 819w, https:\/\/web.umons.ac.be\/app\/uploads\/sites\/5\/2025\/10\/Struture-des-Etudes-240x300.png 240w, https:\/\/web.umons.ac.be\/app\/uploads\/sites\/5\/2025\/10\/Struture-des-Etudes-768x960.png 768w, https:\/\/web.umons.ac.be\/app\/uploads\/sites\/5\/2025\/10\/Struture-des-Etudes-528x660.png 528w, https:\/\/web.umons.ac.be\/app\/uploads\/sites\/5\/2025\/10\/Struture-des-Etudes-30x38.png 30w, https:\/\/web.umons.ac.be\/app\/uploads\/sites\/5\/2025\/10\/Struture-des-Etudes-48x60.png 48w, https:\/\/web.umons.ac.be\/app\/uploads\/sites\/5\/2025\/10\/Struture-des-Etudes-360x450.png 360w, https:\/\/web.umons.ac.be\/app\/uploads\/sites\/5\/2025\/10\/Struture-des-Etudes.png 1080w\" sizes=\"auto, (max-width: 819px) 100vw, 819px\" \/><\/a><\/p>\n<p>&nbsp;<\/p>\n<p>&nbsp;<\/p>\n<p>&nbsp;<\/p>\n<p>&nbsp;<\/p>\n","protected":false},"excerpt":{"rendered":"<p>Notre formation initiale universitaire est organis\u00e9e en deux temps : un 1er cycle de Bachelier de transition en architecture (180 cr\u00e9dits). Ce 1er cycle est con\u00e7u comme une formation de base permettant l\u2019acc\u00e8s au Master. Il ne constitue pas, \u00e0 l\u2019inverse du Bachelier professionnalisant de type court, un dipl\u00f4me donnant un acc\u00e8s direct au march\u00e9 [&hellip;]<\/p>\n","protected":false},"author":2,"featured_media":0,"parent":183,"menu_order":1,"comment_status":"closed","ping_status":"closed","template":"","meta":{"footnotes":""},"class_list":["post-205","page","type-page","status-publish","hentry"],"yoast_head":"<!-- This site is optimized with the Yoast SEO plugin v27.2 - https:\/\/yoast.com\/product\/yoast-seo-wordpress\/ -->\n<title>Structure des Etudes<\/title>\n<meta name=\"description\" content=\"Notre formation initiale est organis\u00e9e en deux temps : un 1er cycle de Bachelier de transition en architecture et un 2e cycle professionnalisant de Master en Architecture ou de Master en Urbanisme et D\u00e9veloppement territoriale.\" \/>\n<meta name=\"robots\" content=\"index, follow, max-snippet:-1, max-image-preview:large, max-video-preview:-1\" \/>\n<link rel=\"canonical\" href=\"https:\/\/web.umons.ac.be\/fau\/fr\/etudes\/le-schema-du-cursus\/\" \/>\n<meta property=\"og:locale\" content=\"fr_FR\" \/>\n<meta property=\"og:type\" content=\"article\" \/>\n<meta property=\"og:title\" content=\"Structure des Etudes\" \/>\n<meta property=\"og:description\" content=\"Notre formation initiale est organis\u00e9e en deux temps : un 1er cycle de Bachelier de transition en architecture et un 2e cycle professionnalisant de Master en Architecture ou de Master en Urbanisme et D\u00e9veloppement territoriale.\" \/>\n<meta property=\"og:url\" content=\"https:\/\/web.umons.ac.be\/fau\/fr\/etudes\/le-schema-du-cursus\/\" \/>\n<meta property=\"og:site_name\" content=\"Facult\u00e9 \/ FAU\" \/>\n<meta property=\"article:modified_time\" content=\"2025-10-24T12:21:16+00:00\" \/>\n<meta property=\"og:image\" content=\"https:\/\/web.umons.ac.be\/app\/uploads\/sites\/5\/2025\/10\/Struture-des-Etudes.png\" \/>\n\t<meta property=\"og:image:width\" content=\"1080\" \/>\n\t<meta property=\"og:image:height\" content=\"1350\" \/>\n\t<meta property=\"og:image:type\" content=\"image\/png\" \/>\n<meta name=\"twitter:card\" content=\"summary_large_image\" \/>\n<meta name=\"twitter:label1\" content=\"Dur\u00e9e de lecture estim\u00e9e\" \/>\n\t<meta name=\"twitter:data1\" content=\"2 minutes\" \/>\n<script type=\"application\/ld+json\" class=\"yoast-schema-graph\">{\"@context\":\"https:\/\/schema.org\",\"@graph\":[{\"@type\":\"WebPage\",\"@id\":\"https:\/\/web.umons.ac.be\/fau\/fr\/etudes\/le-schema-du-cursus\/\",\"url\":\"https:\/\/web.umons.ac.be\/fau\/fr\/etudes\/le-schema-du-cursus\/\",\"name\":\"Structure des Etudes\",\"isPartOf\":{\"@id\":\"https:\/\/web.umons.ac.be\/fau\/#website\"},\"primaryImageOfPage\":{\"@id\":\"https:\/\/web.umons.ac.be\/fau\/fr\/etudes\/le-schema-du-cursus\/#primaryimage\"},\"image\":{\"@id\":\"https:\/\/web.umons.ac.be\/fau\/fr\/etudes\/le-schema-du-cursus\/#primaryimage\"},\"thumbnailUrl\":\"https:\/\/web.umons.ac.be\/app\/uploads\/sites\/5\/2025\/10\/Struture-des-Etudes-819x1024.png\",\"datePublished\":\"2017-06-26T15:53:06+00:00\",\"dateModified\":\"2025-10-24T12:21:16+00:00\",\"description\":\"Notre formation initiale est organis\u00e9e en deux temps : un 1er cycle de Bachelier de transition en architecture et un 2e cycle professionnalisant de Master en Architecture ou de Master en Urbanisme et D\u00e9veloppement territoriale.\",\"breadcrumb\":{\"@id\":\"https:\/\/web.umons.ac.be\/fau\/fr\/etudes\/le-schema-du-cursus\/#breadcrumb\"},\"inLanguage\":\"fr-FR\",\"potentialAction\":[{\"@type\":\"ReadAction\",\"target\":[\"https:\/\/web.umons.ac.be\/fau\/fr\/etudes\/le-schema-du-cursus\/\"]}]},{\"@type\":\"ImageObject\",\"inLanguage\":\"fr-FR\",\"@id\":\"https:\/\/web.umons.ac.be\/fau\/fr\/etudes\/le-schema-du-cursus\/#primaryimage\",\"url\":\"https:\/\/web.umons.ac.be\/app\/uploads\/sites\/5\/2025\/10\/Struture-des-Etudes-819x1024.png\",\"contentUrl\":\"https:\/\/web.umons.ac.be\/app\/uploads\/sites\/5\/2025\/10\/Struture-des-Etudes-819x1024.png\"},{\"@type\":\"BreadcrumbList\",\"@id\":\"https:\/\/web.umons.ac.be\/fau\/fr\/etudes\/le-schema-du-cursus\/#breadcrumb\",\"itemListElement\":[{\"@type\":\"ListItem\",\"position\":1,\"name\":\"Accueil\",\"item\":\"https:\/\/web.umons.ac.be\/fau\/fr\/\"},{\"@type\":\"ListItem\",\"position\":2,\"name\":\"Etudes\",\"item\":\"https:\/\/web.umons.ac.be\/fau\/fr\/etudes\/\"},{\"@type\":\"ListItem\",\"position\":3,\"name\":\"Structure des \u00e9tudes\"}]},{\"@type\":\"WebSite\",\"@id\":\"https:\/\/web.umons.ac.be\/fau\/#website\",\"url\":\"https:\/\/web.umons.ac.be\/fau\/\",\"name\":\"Facult\u00e9 \/ FAU\",\"description\":\"\",\"potentialAction\":[{\"@type\":\"SearchAction\",\"target\":{\"@type\":\"EntryPoint\",\"urlTemplate\":\"https:\/\/web.umons.ac.be\/fau\/?s={search_term_string}\"},\"query-input\":{\"@type\":\"PropertyValueSpecification\",\"valueRequired\":true,\"valueName\":\"search_term_string\"}}],\"inLanguage\":\"fr-FR\"}]}<\/script>\n<!-- \/ Yoast SEO plugin. -->","yoast_head_json":{"title":"Structure des Etudes","description":"Notre formation initiale est organis\u00e9e en deux temps : un 1er cycle de Bachelier de transition en architecture et un 2e cycle professionnalisant de Master en Architecture ou de Master en Urbanisme et D\u00e9veloppement territoriale.","robots":{"index":"index","follow":"follow","max-snippet":"max-snippet:-1","max-image-preview":"max-image-preview:large","max-video-preview":"max-video-preview:-1"},"canonical":"https:\/\/web.umons.ac.be\/fau\/fr\/etudes\/le-schema-du-cursus\/","og_locale":"fr_FR","og_type":"article","og_title":"Structure des Etudes","og_description":"Notre formation initiale est organis\u00e9e en deux temps : un 1er cycle de Bachelier de transition en architecture et un 2e cycle professionnalisant de Master en Architecture ou de Master en Urbanisme et D\u00e9veloppement territoriale.","og_url":"https:\/\/web.umons.ac.be\/fau\/fr\/etudes\/le-schema-du-cursus\/","og_site_name":"Facult\u00e9 \/ FAU","article_modified_time":"2025-10-24T12:21:16+00:00","og_image":[{"width":1080,"height":1350,"url":"https:\/\/web.umons.ac.be\/app\/uploads\/sites\/5\/2025\/10\/Struture-des-Etudes.png","type":"image\/png"}],"twitter_card":"summary_large_image","twitter_misc":{"Dur\u00e9e de lecture estim\u00e9e":"2 minutes"},"schema":{"@context":"https:\/\/schema.org","@graph":[{"@type":"WebPage","@id":"https:\/\/web.umons.ac.be\/fau\/fr\/etudes\/le-schema-du-cursus\/","url":"https:\/\/web.umons.ac.be\/fau\/fr\/etudes\/le-schema-du-cursus\/","name":"Structure des Etudes","isPartOf":{"@id":"https:\/\/web.umons.ac.be\/fau\/#website"},"primaryImageOfPage":{"@id":"https:\/\/web.umons.ac.be\/fau\/fr\/etudes\/le-schema-du-cursus\/#primaryimage"},"image":{"@id":"https:\/\/web.umons.ac.be\/fau\/fr\/etudes\/le-schema-du-cursus\/#primaryimage"},"thumbnailUrl":"https:\/\/web.umons.ac.be\/app\/uploads\/sites\/5\/2025\/10\/Struture-des-Etudes-819x1024.png","datePublished":"2017-06-26T15:53:06+00:00","dateModified":"2025-10-24T12:21:16+00:00","description":"Notre formation initiale est organis\u00e9e en deux temps : un 1er cycle de Bachelier de transition en architecture et un 2e cycle professionnalisant de Master en Architecture ou de Master en Urbanisme et D\u00e9veloppement territoriale.","breadcrumb":{"@id":"https:\/\/web.umons.ac.be\/fau\/fr\/etudes\/le-schema-du-cursus\/#breadcrumb"},"inLanguage":"fr-FR","potentialAction":[{"@type":"ReadAction","target":["https:\/\/web.umons.ac.be\/fau\/fr\/etudes\/le-schema-du-cursus\/"]}]},{"@type":"ImageObject","inLanguage":"fr-FR","@id":"https:\/\/web.umons.ac.be\/fau\/fr\/etudes\/le-schema-du-cursus\/#primaryimage","url":"https:\/\/web.umons.ac.be\/app\/uploads\/sites\/5\/2025\/10\/Struture-des-Etudes-819x1024.png","contentUrl":"https:\/\/web.umons.ac.be\/app\/uploads\/sites\/5\/2025\/10\/Struture-des-Etudes-819x1024.png"},{"@type":"BreadcrumbList","@id":"https:\/\/web.umons.ac.be\/fau\/fr\/etudes\/le-schema-du-cursus\/#breadcrumb","itemListElement":[{"@type":"ListItem","position":1,"name":"Accueil","item":"https:\/\/web.umons.ac.be\/fau\/fr\/"},{"@type":"ListItem","position":2,"name":"Etudes","item":"https:\/\/web.umons.ac.be\/fau\/fr\/etudes\/"},{"@type":"ListItem","position":3,"name":"Structure des \u00e9tudes"}]},{"@type":"WebSite","@id":"https:\/\/web.umons.ac.be\/fau\/#website","url":"https:\/\/web.umons.ac.be\/fau\/","name":"Facult\u00e9 \/ FAU","description":"","potentialAction":[{"@type":"SearchAction","target":{"@type":"EntryPoint","urlTemplate":"https:\/\/web.umons.ac.be\/fau\/?s={search_term_string}"},"query-input":{"@type":"PropertyValueSpecification","valueRequired":true,"valueName":"search_term_string"}}],"inLanguage":"fr-FR"}]}},"lang":"fr","translations":{"fr":205,"en":676},"pll_sync_post":[],"_links":{"self":[{"href":"https:\/\/web.umons.ac.be\/fau\/wp-json\/wp\/v2\/pages\/205","targetHints":{"allow":["GET"]}}],"collection":[{"href":"https:\/\/web.umons.ac.be\/fau\/wp-json\/wp\/v2\/pages"}],"about":[{"href":"https:\/\/web.umons.ac.be\/fau\/wp-json\/wp\/v2\/types\/page"}],"author":[{"embeddable":true,"href":"https:\/\/web.umons.ac.be\/fau\/wp-json\/wp\/v2\/users\/2"}],"replies":[{"embeddable":true,"href":"https:\/\/web.umons.ac.be\/fau\/wp-json\/wp\/v2\/comments?post=205"}],"version-history":[{"count":5,"href":"https:\/\/web.umons.ac.be\/fau\/wp-json\/wp\/v2\/pages\/205\/revisions"}],"predecessor-version":[{"id":3576,"href":"https:\/\/web.umons.ac.be\/fau\/wp-json\/wp\/v2\/pages\/205\/revisions\/3576"}],"up":[{"embeddable":true,"href":"https:\/\/web.umons.ac.be\/fau\/wp-json\/wp\/v2\/pages\/183"}],"wp:attachment":[{"href":"https:\/\/web.umons.ac.be\/fau\/wp-json\/wp\/v2\/media?parent=205"}],"curies":[{"name":"wp","href":"https:\/\/api.w.org\/{rel}","templated":true}]}}